{"id":1828,"date":"2024-01-18T11:08:21","date_gmt":"2024-01-18T10:08:21","guid":{"rendered":"https:\/\/wp.kristdemokraterna.se\/koping\/?page_id=1828"},"modified":"2024-01-19T12:06:06","modified_gmt":"2024-01-19T11:06:06","slug":"sociala-insatser","status":"publish","type":"page","link":"https:\/\/wp.kristdemokraterna.se\/koping\/swisha-var-valfond\/sociala-insatser\/","title":{"rendered":"Sociala insatser"},"content":{"rendered":"<p><strong><em>Omt\u00e4nksamhet och k\u00e4rlek \u00e4r m\u00e4nskliga behov som inspirerar till solidaritet.\u00a0 Den sociala omsorgen ska utg\u00e5 fr\u00e5n m\u00e4nniskans behov av sm\u00e5, naturliga\u00a0gemenskaper, fr\u00e4mst familjen. Socialpolitiken ska st\u00f6dja n\u00e4r det brister och stimulera de\u00a0goda krafterna i sm\u00e5 gemenskaper.\u00a0<\/em><\/strong><\/p>\n<p>Kristdemokraterna vill att alla ska kunna v\u00e4xa upp och leva utan risk att skadas p\u00e5\u00a0grund av eget eller andras bruk av alkohol, narkotika, doping och tobak eller spel om pengar\u00a0(ANDTS). F\u00f6r Kristdemokraterna \u00e4r det d\u00e4rf\u00f6r viktigt att st\u00e5 upp f\u00f6r en solidarisk och\u00a0restriktiv drogpolitik, kombinerat med en god missbruks- och beroendev\u00e5rd.<\/p>\n<p>Risken fo\u0308r diskriminering och negativ sa\u0308rbehandling a\u0308r na\u030agot som ma\u030aste uppm\u00e4rksammas. Idag lever ma\u030anga i utsatthet. Sa\u0308rskilt sa\u030arbara a\u0308r barn i otrygga hem. Ma\u030anga barn lever i fo\u0308rha\u030allanden da\u0308r ba\u030ada eller na\u030agon fo\u0308ra\u0308lder har ett riskbruk eller missbruk av alkohol.<\/p>\n<p><strong>V\u00c5RA F\u00d6RSLAG 2022-2026<\/strong><\/p>\n<ul>\n<li>Det sociala arbetet ska f\u00f6rebygga och hj\u00e4lpa personer att inte hamna i\u00a0ett beroende av f\u00f6rs\u00f6rjningsst\u00f6d.<\/li>\n<li>Samverkan med f\u00f6rs\u00e4kringskassa och arbetsf\u00f6rmedling ska forts\u00e4tta utvecklas f\u00f6r att minska\u00a0antalet personer med ekonomiskt f\u00f6rs\u00f6rjningsst\u00f6d.<\/li>\n<li>&#8221;Bostad f\u00f6rst&#8221;-modellen ska inf\u00f6ras i kommunens arbete mot heml\u00f6shet. Likas\u00e5 ska\u00a0en &#8221;Tak \u00f6ver huvudet-garanti&#8221; finnas.<\/li>\n<li>Kommunen ska ha ett aktivt arbete i samverkan med bostadsf\u00f6retagen f\u00f6r att kunna f\u00f6rebygga vr\u00e4kning, s\u00e4rskilt d\u00e4r barn finns med i bilden.<\/li>\n<li>Allm\u00e4nnyttan ska tillhandah\u00e5lla ett tillr\u00e4ckligt antal bostadssociala kontrakt.<\/li>\n<li>Kommunen ska h\u00f6ja ambitionen f\u00f6r att motverka missbruk och\u00a0beroendeproblematik vad g\u00e4ller ANDTS (alkohol, narkotika, doping, tobak och spel).\u00a0 S\u00e4rskilt fokus ska l\u00e4ggas p\u00e5 barn och unga.<\/li>\n<li>Myndigheter m\u00e5ste b\u00e4ttre samverka utifr\u00e5n barnets b\u00e4sta och inte utifr\u00e5n myndigheternas\u00a0organisation. Barn och deras f\u00f6r\u00e4ldrar i behov av hj\u00e4lp m\u00e5ste f\u00e5 st\u00f6d i tid.<\/li>\n<li>Kommunen ska bli b\u00e4ttre p\u00e5 att uppt\u00e4cka och f\u00f6rebygga v\u00e5ld i n\u00e4ra\u00a0relationer liksom hedersrelaterat v\u00e5ld och f\u00f6rtryck.<\/li>\n<li>Det ska finnas tillg\u00e5ng till jourer som st\u00f6ttar kvinnor och m\u00e4n som uts\u00e4tts f\u00f6r v\u00e5ld i\u00a0n\u00e4ra relationer.<\/li>\n<li>F\u00e4rre barn ska beh\u00f6va uppleva v\u00e5ld i n\u00e4ra relationer.<\/li>\n<\/ul>\n","protected":false},"excerpt":{"rendered":"<p>Omt\u00e4nksamhet och k\u00e4rlek \u00e4r m\u00e4nskliga behov som inspirerar till solidaritet.\u00a0 Den sociala omsorgen ska utg\u00e5 fr\u00e5n m\u00e4nniskans behov av sm\u00e5, naturliga\u00a0gemenskaper, fr\u00e4mst familjen. Socialpolitiken ska st\u00f6dja n\u00e4r det brister och stimulera de\u00a0goda krafterna i sm\u00e5 gemenskaper.\u00a0 Kristdemokraterna vill att alla ska kunna v\u00e4xa upp och leva utan risk att skadas p\u00e5\u00a0grund av eget eller andras <a class=\"read-more-link\" href=\"https:\/\/wp.kristdemokraterna.se\/koping\/swisha-var-valfond\/sociala-insatser\/\">Read More<\/a><\/p>\n","protected":false},"author":444,"featured_media":0,"parent":391,"menu_order":0,"comment_status":"closed","ping_status":"closed","template":"page.php","meta":{"_acf_changed":false,"footnotes":""},"class_list":["post-1828","page","type-page","status-publish","hentry"],"acf":[],"yoast_head":"<!-- This site is optimized with the Yoast SEO plugin v27.3 - https:\/\/yoast.com\/product\/yoast-seo-wordpress\/ -->\n<title>Sociala insatser - Kristdemokraterna | K\u00f6ping<\/title>\n<meta name=\"robots\" content=\"index, follow, max-snippet:-1, max-image-preview:large, max-video-preview:-1\" \/>\n<link rel=\"canonical\" href=\"https:\/\/wp.kristdemokraterna.se\/koping\/swisha-var-valfond\/sociala-insatser\/\" \/>\n<meta property=\"og:locale\" content=\"sv_SE\" \/>\n<meta property=\"og:type\" content=\"article\" \/>\n<meta property=\"og:title\" content=\"Sociala insatser - Kristdemokraterna | K\u00f6ping\" \/>\n<meta property=\"og:description\" content=\"Omt\u00e4nksamhet och k\u00e4rlek \u00e4r m\u00e4nskliga behov som inspirerar till solidaritet.\u00a0 Den sociala omsorgen ska utg\u00e5 fr\u00e5n m\u00e4nniskans behov av sm\u00e5, naturliga\u00a0gemenskaper, fr\u00e4mst familjen. Socialpolitiken ska st\u00f6dja n\u00e4r det brister och stimulera de\u00a0goda krafterna i sm\u00e5 gemenskaper.\u00a0 Kristdemokraterna vill att alla ska kunna v\u00e4xa upp och leva utan risk att skadas p\u00e5\u00a0grund av eget eller andras Read More\" \/>\n<meta property=\"og:url\" content=\"https:\/\/wp.kristdemokraterna.se\/koping\/swisha-var-valfond\/sociala-insatser\/\" \/>\n<meta property=\"og:site_name\" content=\"Kristdemokraterna | K\u00f6ping\" \/>\n<meta property=\"article:modified_time\" content=\"2024-01-19T11:06:06+00:00\" \/>\n<meta name=\"twitter:card\" content=\"summary_large_image\" \/>\n<meta name=\"twitter:label1\" content=\"Ber\u00e4knad l\u00e4stid\" \/>\n\t<meta name=\"twitter:data1\" content=\"2 minuter\" \/>\n<script type=\"application\/ld+json\" class=\"yoast-schema-graph\">{\"@context\":\"https:\\\/\\\/schema.org\",\"@graph\":[{\"@type\":\"WebPage\",\"@id\":\"https:\\\/\\\/wp.kristdemokraterna.se\\\/koping\\\/swisha-var-valfond\\\/sociala-insatser\\\/\",\"url\":\"https:\\\/\\\/wp.kristdemokraterna.se\\\/koping\\\/swisha-var-valfond\\\/sociala-insatser\\\/\",\"name\":\"Sociala insatser - Kristdemokraterna | K\u00f6ping\",\"isPartOf\":{\"@id\":\"https:\\\/\\\/wp.kristdemokraterna.se\\\/koping\\\/#website\"},\"datePublished\":\"2024-01-18T10:08:21+00:00\",\"dateModified\":\"2024-01-19T11:06:06+00:00\",\"breadcrumb\":{\"@id\":\"https:\\\/\\\/wp.kristdemokraterna.se\\\/koping\\\/swisha-var-valfond\\\/sociala-insatser\\\/#breadcrumb\"},\"inLanguage\":\"sv-SE\",\"potentialAction\":[{\"@type\":\"ReadAction\",\"target\":[\"https:\\\/\\\/wp.kristdemokraterna.se\\\/koping\\\/swisha-var-valfond\\\/sociala-insatser\\\/\"]}]},{\"@type\":\"BreadcrumbList\",\"@id\":\"https:\\\/\\\/wp.kristdemokraterna.se\\\/koping\\\/swisha-var-valfond\\\/sociala-insatser\\\/#breadcrumb\",\"itemListElement\":[{\"@type\":\"ListItem\",\"position\":1,\"name\":\"Hem\",\"item\":\"https:\\\/\\\/wp.kristdemokraterna.se\\\/koping\\\/\"},{\"@type\":\"ListItem\",\"position\":2,\"name\":\"V\u00e5r kommunpolitik\",\"item\":\"https:\\\/\\\/wp.kristdemokraterna.se\\\/koping\\\/swisha-var-valfond\\\/\"},{\"@type\":\"ListItem\",\"position\":3,\"name\":\"Sociala insatser\"}]},{\"@type\":\"WebSite\",\"@id\":\"https:\\\/\\\/wp.kristdemokraterna.se\\\/koping\\\/#website\",\"url\":\"https:\\\/\\\/wp.kristdemokraterna.se\\\/koping\\\/\",\"name\":\"Kristdemokraterna | K\u00f6ping\",\"description\":\"K\u00f6ping beh\u00f6ver ett nytt styre - men inga bilar p\u00e5 Stora gatan\",\"inLanguage\":\"sv-SE\"}]}<\/script>\n<!-- \/ Yoast SEO plugin. -->","yoast_head_json":{"title":"Sociala insatser - Kristdemokraterna | K\u00f6ping","robots":{"index":"index","follow":"follow","max-snippet":"max-snippet:-1","max-image-preview":"max-image-preview:large","max-video-preview":"max-video-preview:-1"},"canonical":"https:\/\/wp.kristdemokraterna.se\/koping\/swisha-var-valfond\/sociala-insatser\/","og_locale":"sv_SE","og_type":"article","og_title":"Sociala insatser - Kristdemokraterna | K\u00f6ping","og_description":"Omt\u00e4nksamhet och k\u00e4rlek \u00e4r m\u00e4nskliga behov som inspirerar till solidaritet.\u00a0 Den sociala omsorgen ska utg\u00e5 fr\u00e5n m\u00e4nniskans behov av sm\u00e5, naturliga\u00a0gemenskaper, fr\u00e4mst familjen. Socialpolitiken ska st\u00f6dja n\u00e4r det brister och stimulera de\u00a0goda krafterna i sm\u00e5 gemenskaper.\u00a0 Kristdemokraterna vill att alla ska kunna v\u00e4xa upp och leva utan risk att skadas p\u00e5\u00a0grund av eget eller andras Read More","og_url":"https:\/\/wp.kristdemokraterna.se\/koping\/swisha-var-valfond\/sociala-insatser\/","og_site_name":"Kristdemokraterna | K\u00f6ping","article_modified_time":"2024-01-19T11:06:06+00:00","twitter_card":"summary_large_image","twitter_misc":{"Ber\u00e4knad l\u00e4stid":"2 minuter"},"schema":{"@context":"https:\/\/schema.org","@graph":[{"@type":"WebPage","@id":"https:\/\/wp.kristdemokraterna.se\/koping\/swisha-var-valfond\/sociala-insatser\/","url":"https:\/\/wp.kristdemokraterna.se\/koping\/swisha-var-valfond\/sociala-insatser\/","name":"Sociala insatser - Kristdemokraterna | K\u00f6ping","isPartOf":{"@id":"https:\/\/wp.kristdemokraterna.se\/koping\/#website"},"datePublished":"2024-01-18T10:08:21+00:00","dateModified":"2024-01-19T11:06:06+00:00","breadcrumb":{"@id":"https:\/\/wp.kristdemokraterna.se\/koping\/swisha-var-valfond\/sociala-insatser\/#breadcrumb"},"inLanguage":"sv-SE","potentialAction":[{"@type":"ReadAction","target":["https:\/\/wp.kristdemokraterna.se\/koping\/swisha-var-valfond\/sociala-insatser\/"]}]},{"@type":"BreadcrumbList","@id":"https:\/\/wp.kristdemokraterna.se\/koping\/swisha-var-valfond\/sociala-insatser\/#breadcrumb","itemListElement":[{"@type":"ListItem","position":1,"name":"Hem","item":"https:\/\/wp.kristdemokraterna.se\/koping\/"},{"@type":"ListItem","position":2,"name":"V\u00e5r kommunpolitik","item":"https:\/\/wp.kristdemokraterna.se\/koping\/swisha-var-valfond\/"},{"@type":"ListItem","position":3,"name":"Sociala insatser"}]},{"@type":"WebSite","@id":"https:\/\/wp.kristdemokraterna.se\/koping\/#website","url":"https:\/\/wp.kristdemokraterna.se\/koping\/","name":"Kristdemokraterna | K\u00f6ping","description":"K\u00f6ping beh\u00f6ver ett nytt styre - men inga bilar p\u00e5 Stora gatan","inLanguage":"sv-SE"}]}},"_links":{"self":[{"href":"https:\/\/wp.kristdemokraterna.se\/koping\/wp-json\/wp\/v2\/pages\/1828","targetHints":{"allow":["GET"]}}],"collection":[{"href":"https:\/\/wp.kristdemokraterna.se\/koping\/wp-json\/wp\/v2\/pages"}],"about":[{"href":"https:\/\/wp.kristdemokraterna.se\/koping\/wp-json\/wp\/v2\/types\/page"}],"author":[{"embeddable":true,"href":"https:\/\/wp.kristdemokraterna.se\/koping\/wp-json\/wp\/v2\/users\/444"}],"replies":[{"embeddable":true,"href":"https:\/\/wp.kristdemokraterna.se\/koping\/wp-json\/wp\/v2\/comments?post=1828"}],"version-history":[{"count":3,"href":"https:\/\/wp.kristdemokraterna.se\/koping\/wp-json\/wp\/v2\/pages\/1828\/revisions"}],"predecessor-version":[{"id":1998,"href":"https:\/\/wp.kristdemokraterna.se\/koping\/wp-json\/wp\/v2\/pages\/1828\/revisions\/1998"}],"up":[{"embeddable":true,"href":"https:\/\/wp.kristdemokraterna.se\/koping\/wp-json\/wp\/v2\/pages\/391"}],"wp:attachment":[{"href":"https:\/\/wp.kristdemokraterna.se\/koping\/wp-json\/wp\/v2\/media?parent=1828"}],"curies":[{"name":"wp","href":"https:\/\/api.w.org\/{rel}","templated":true}]}}