{"id":1832,"date":"2024-01-18T11:10:29","date_gmt":"2024-01-18T10:10:29","guid":{"rendered":"https:\/\/wp.kristdemokraterna.se\/koping\/?page_id=1832"},"modified":"2024-01-19T12:06:55","modified_gmt":"2024-01-19T11:06:55","slug":"integration-och-samhallsgemenskap","status":"publish","type":"page","link":"https:\/\/wp.kristdemokraterna.se\/koping\/swisha-var-valfond\/integration-och-samhallsgemenskap\/","title":{"rendered":"Integration och samh\u00e4llsgemenskap"},"content":{"rendered":"<p><strong><em>Det svenska kulturarvet bygger p\u00e5 kristen etik och v\u00e4sterl\u00e4ndsk humanism.\u00a0 Det har bidragit till skapandet av v\u00e5rt lands lagstiftning och r\u00e4ttstradition. Denna etiska grund utg\u00f6r ett sammanh\u00e5llande kitt f\u00f6r ett m\u00e5ngkulturellt\u00a0samh\u00e4lle, som inneb\u00e4r att m\u00e5nga kulturer, religioner, livsstilar, spr\u00e5k och erfarenheter lever\u00a0sida vid sida och berikar varandra.\u00a0<\/em><\/strong><\/p>\n<p>De tre viktigaste faktorerna f\u00f6r en god integration \u00e4r svenska spr\u00e5ket, egen f\u00f6rs\u00f6rjning och egen bostad. Genom heldagsaktiviteter redan under asyltiden minskar utanf\u00f6rskapet och integrationen\u00a0underl\u00e4ttas. Kommunen m\u00e5ste p\u00e5 samma s\u00e4tt fr\u00e5n dag ett arbeta f\u00f6r att nyanl\u00e4nda ska hitta\u00a0ett l\u00e5ngsiktigt h\u00e5llbart boende.<\/p>\n<p>Delaktighet, tillit och ansvarstagande \u00e4r avg\u00f6rande f\u00f6r en\u00a0god samh\u00e4llsgemenskap.<\/p>\n<p>En misslyckad integration och en v\u00e4xande segregation hotar sammanh\u00e5llningen i samh\u00e4llet. Samh\u00e4llsgemenskapen minskar\u00a0risken f\u00f6r att parallellsamh\u00e4llen uppst\u00e5r.\u00a0Denna v\u00e4rdegrund skapar\u00a0f\u00f6ruts\u00e4ttningar f\u00f6r att nyanl\u00e4nda ska bli en del av sitt nya land.<\/p>\n<p><strong>V\u00c5RA F\u00d6RSLAG 2022-2026<\/strong><\/p>\n<ul>\n<li>Lokala integrationsteam ska finnas med fokus p\u00e5 att kartl\u00e4gga fysiska och psykiska behov hos nyanl\u00e4nda, samt ge viktig samh\u00e4llsinformation.<\/li>\n<li>Kommunen ska st\u00e4lla tydliga krav p\u00e5 Arbetsf\u00f6rmedlingen att, i enlighet med sitt\u00a0uppdrag, bedriva en fungerande arbetsmarknadspolitisk verksamhet med lokal fysisk\u00a0n\u00e4rvaro i kommunen.<\/li>\n<li>Den utbildning som nyanl\u00e4nda erbjuds som SFI och samh\u00e4llsorientering, ska\u00a0tidigarel\u00e4ggas s\u00e5 att den p\u00e5b\u00f6rjas redan under asyltiden och inte f\u00f6rst n\u00e4r den\u00a0asyls\u00f6kande f\u00e5tt uppeh\u00e5llstillst\u00e5nd.<\/li>\n<li>Kommunen ska ha v\u00e4l utarbetade planer f\u00f6r hur ensamkommande flyktingbarn\u00a0snabbt ska kunna komma in i skolan, l\u00e4ra sig spr\u00e5ket och f\u00e5 grundl\u00e4ggande kunskaper\u00a0om det svenska samh\u00e4llet.<\/li>\n<li>Kommunen ska uppmuntra och st\u00f6dja f\u00f6reningar som arbetar aktivt med att f\u00e5 med\u00a0nyanl\u00e4nda i sina verksamheter.<\/li>\n<li>Personalen inom f\u00f6rskola, skola och socialtj\u00e4nst ska fortbildas f\u00f6r att kunna uppt\u00e4cka\u00a0och bem\u00f6ta hedersproblematik.<\/li>\n<li>Det lokala n\u00e4ringslivet ska uppmuntras att delta i mentorskapsprogram f\u00f6r\u00a0nysvenskar som vill starta eget.<\/li>\n<li>Bostadsfr\u00e5gan \u00e4r central f\u00f6r att kunna skapa en fungerande integration och m\u00e5ste ges h\u00f6g prioritet.<\/li>\n<li>Religionen spelar en viktig roll fo\u0308r ma\u030anga nya svenskar. Ha\u0308r har trossamfunden en viktig roll att spela genom att i sin verksamhet bidra till sto\u0308rre fo\u0308rsta\u030aelse, kunskap och respekt fo\u0308r olika trosuppfattningar i va\u030art land. I ma\u030anga kristna fo\u0308rsamlingar bedrivs spra\u030akkafe\u0301er da\u0308r nyanla\u0308nda fa\u030ar la\u0308ra sig det svenska spra\u030aket.<\/li>\n<\/ul>\n<p>En nyckel fo\u0308r att skapa en ba\u0308ttre fungerande integration a\u0308r att fra\u0308mja deltagande i fo\u0308reningslivet. Det viktiga a\u0308r att pa\u030a olika sa\u0308tt uppmuntra ett fo\u0308reningsdeltagande. Vid sidan av \u201dfika\u201d a\u0308r fo\u0308reningsliv en del av den svenska kulturen som nya svenskar ma\u030aste bjudas in till.<\/p>\n","protected":false},"excerpt":{"rendered":"<p>Det svenska kulturarvet bygger p\u00e5 kristen etik och v\u00e4sterl\u00e4ndsk humanism.\u00a0 Det har bidragit till skapandet av v\u00e5rt lands lagstiftning och r\u00e4ttstradition. Denna etiska grund utg\u00f6r ett sammanh\u00e5llande kitt f\u00f6r ett m\u00e5ngkulturellt\u00a0samh\u00e4lle, som inneb\u00e4r att m\u00e5nga kulturer, religioner, livsstilar, spr\u00e5k och erfarenheter lever\u00a0sida vid sida och berikar varandra.\u00a0 De tre viktigaste faktorerna f\u00f6r en god integration <a class=\"read-more-link\" href=\"https:\/\/wp.kristdemokraterna.se\/koping\/swisha-var-valfond\/integration-och-samhallsgemenskap\/\">Read More<\/a><\/p>\n","protected":false},"author":444,"featured_media":0,"parent":391,"menu_order":0,"comment_status":"closed","ping_status":"closed","template":"page.php","meta":{"_acf_changed":false,"footnotes":""},"class_list":["post-1832","page","type-page","status-publish","hentry"],"acf":[],"yoast_head":"<!-- This site is optimized with the Yoast SEO plugin v27.4 - https:\/\/yoast.com\/product\/yoast-seo-wordpress\/ -->\n<title>Integration och samh\u00e4llsgemenskap - Kristdemokraterna | K\u00f6ping<\/title>\n<meta name=\"robots\" content=\"index, follow, max-snippet:-1, max-image-preview:large, max-video-preview:-1\" \/>\n<link rel=\"canonical\" href=\"https:\/\/wp.kristdemokraterna.se\/koping\/swisha-var-valfond\/integration-och-samhallsgemenskap\/\" \/>\n<meta property=\"og:locale\" content=\"sv_SE\" \/>\n<meta property=\"og:type\" content=\"article\" \/>\n<meta property=\"og:title\" content=\"Integration och samh\u00e4llsgemenskap - Kristdemokraterna | K\u00f6ping\" \/>\n<meta property=\"og:description\" content=\"Det svenska kulturarvet bygger p\u00e5 kristen etik och v\u00e4sterl\u00e4ndsk humanism.\u00a0 Det har bidragit till skapandet av v\u00e5rt lands lagstiftning och r\u00e4ttstradition. Denna etiska grund utg\u00f6r ett sammanh\u00e5llande kitt f\u00f6r ett m\u00e5ngkulturellt\u00a0samh\u00e4lle, som inneb\u00e4r att m\u00e5nga kulturer, religioner, livsstilar, spr\u00e5k och erfarenheter lever\u00a0sida vid sida och berikar varandra.\u00a0 De tre viktigaste faktorerna f\u00f6r en god integration Read More\" \/>\n<meta property=\"og:url\" content=\"https:\/\/wp.kristdemokraterna.se\/koping\/swisha-var-valfond\/integration-och-samhallsgemenskap\/\" \/>\n<meta property=\"og:site_name\" content=\"Kristdemokraterna | K\u00f6ping\" \/>\n<meta property=\"article:modified_time\" content=\"2024-01-19T11:06:55+00:00\" \/>\n<meta name=\"twitter:card\" content=\"summary_large_image\" \/>\n<meta name=\"twitter:label1\" content=\"Ber\u00e4knad l\u00e4stid\" \/>\n\t<meta name=\"twitter:data1\" content=\"2 minuter\" \/>\n<script type=\"application\/ld+json\" class=\"yoast-schema-graph\">{\"@context\":\"https:\\\/\\\/schema.org\",\"@graph\":[{\"@type\":\"WebPage\",\"@id\":\"https:\\\/\\\/wp.kristdemokraterna.se\\\/koping\\\/swisha-var-valfond\\\/integration-och-samhallsgemenskap\\\/\",\"url\":\"https:\\\/\\\/wp.kristdemokraterna.se\\\/koping\\\/swisha-var-valfond\\\/integration-och-samhallsgemenskap\\\/\",\"name\":\"Integration och samh\u00e4llsgemenskap - Kristdemokraterna | K\u00f6ping\",\"isPartOf\":{\"@id\":\"https:\\\/\\\/wp.kristdemokraterna.se\\\/koping\\\/#website\"},\"datePublished\":\"2024-01-18T10:10:29+00:00\",\"dateModified\":\"2024-01-19T11:06:55+00:00\",\"breadcrumb\":{\"@id\":\"https:\\\/\\\/wp.kristdemokraterna.se\\\/koping\\\/swisha-var-valfond\\\/integration-och-samhallsgemenskap\\\/#breadcrumb\"},\"inLanguage\":\"sv-SE\",\"potentialAction\":[{\"@type\":\"ReadAction\",\"target\":[\"https:\\\/\\\/wp.kristdemokraterna.se\\\/koping\\\/swisha-var-valfond\\\/integration-och-samhallsgemenskap\\\/\"]}]},{\"@type\":\"BreadcrumbList\",\"@id\":\"https:\\\/\\\/wp.kristdemokraterna.se\\\/koping\\\/swisha-var-valfond\\\/integration-och-samhallsgemenskap\\\/#breadcrumb\",\"itemListElement\":[{\"@type\":\"ListItem\",\"position\":1,\"name\":\"Hem\",\"item\":\"https:\\\/\\\/wp.kristdemokraterna.se\\\/koping\\\/\"},{\"@type\":\"ListItem\",\"position\":2,\"name\":\"V\u00e5r kommunpolitik\",\"item\":\"https:\\\/\\\/wp.kristdemokraterna.se\\\/koping\\\/swisha-var-valfond\\\/\"},{\"@type\":\"ListItem\",\"position\":3,\"name\":\"Integration och samh\u00e4llsgemenskap\"}]},{\"@type\":\"WebSite\",\"@id\":\"https:\\\/\\\/wp.kristdemokraterna.se\\\/koping\\\/#website\",\"url\":\"https:\\\/\\\/wp.kristdemokraterna.se\\\/koping\\\/\",\"name\":\"Kristdemokraterna | K\u00f6ping\",\"description\":\"K\u00f6ping beh\u00f6ver ett nytt styre - men inga bilar p\u00e5 Stora gatan\",\"inLanguage\":\"sv-SE\"}]}<\/script>\n<!-- \/ Yoast SEO plugin. -->","yoast_head_json":{"title":"Integration och samh\u00e4llsgemenskap - Kristdemokraterna | K\u00f6ping","robots":{"index":"index","follow":"follow","max-snippet":"max-snippet:-1","max-image-preview":"max-image-preview:large","max-video-preview":"max-video-preview:-1"},"canonical":"https:\/\/wp.kristdemokraterna.se\/koping\/swisha-var-valfond\/integration-och-samhallsgemenskap\/","og_locale":"sv_SE","og_type":"article","og_title":"Integration och samh\u00e4llsgemenskap - Kristdemokraterna | K\u00f6ping","og_description":"Det svenska kulturarvet bygger p\u00e5 kristen etik och v\u00e4sterl\u00e4ndsk humanism.\u00a0 Det har bidragit till skapandet av v\u00e5rt lands lagstiftning och r\u00e4ttstradition. Denna etiska grund utg\u00f6r ett sammanh\u00e5llande kitt f\u00f6r ett m\u00e5ngkulturellt\u00a0samh\u00e4lle, som inneb\u00e4r att m\u00e5nga kulturer, religioner, livsstilar, spr\u00e5k och erfarenheter lever\u00a0sida vid sida och berikar varandra.\u00a0 De tre viktigaste faktorerna f\u00f6r en god integration Read More","og_url":"https:\/\/wp.kristdemokraterna.se\/koping\/swisha-var-valfond\/integration-och-samhallsgemenskap\/","og_site_name":"Kristdemokraterna | K\u00f6ping","article_modified_time":"2024-01-19T11:06:55+00:00","twitter_card":"summary_large_image","twitter_misc":{"Ber\u00e4knad l\u00e4stid":"2 minuter"},"schema":{"@context":"https:\/\/schema.org","@graph":[{"@type":"WebPage","@id":"https:\/\/wp.kristdemokraterna.se\/koping\/swisha-var-valfond\/integration-och-samhallsgemenskap\/","url":"https:\/\/wp.kristdemokraterna.se\/koping\/swisha-var-valfond\/integration-och-samhallsgemenskap\/","name":"Integration och samh\u00e4llsgemenskap - Kristdemokraterna | K\u00f6ping","isPartOf":{"@id":"https:\/\/wp.kristdemokraterna.se\/koping\/#website"},"datePublished":"2024-01-18T10:10:29+00:00","dateModified":"2024-01-19T11:06:55+00:00","breadcrumb":{"@id":"https:\/\/wp.kristdemokraterna.se\/koping\/swisha-var-valfond\/integration-och-samhallsgemenskap\/#breadcrumb"},"inLanguage":"sv-SE","potentialAction":[{"@type":"ReadAction","target":["https:\/\/wp.kristdemokraterna.se\/koping\/swisha-var-valfond\/integration-och-samhallsgemenskap\/"]}]},{"@type":"BreadcrumbList","@id":"https:\/\/wp.kristdemokraterna.se\/koping\/swisha-var-valfond\/integration-och-samhallsgemenskap\/#breadcrumb","itemListElement":[{"@type":"ListItem","position":1,"name":"Hem","item":"https:\/\/wp.kristdemokraterna.se\/koping\/"},{"@type":"ListItem","position":2,"name":"V\u00e5r kommunpolitik","item":"https:\/\/wp.kristdemokraterna.se\/koping\/swisha-var-valfond\/"},{"@type":"ListItem","position":3,"name":"Integration och samh\u00e4llsgemenskap"}]},{"@type":"WebSite","@id":"https:\/\/wp.kristdemokraterna.se\/koping\/#website","url":"https:\/\/wp.kristdemokraterna.se\/koping\/","name":"Kristdemokraterna | K\u00f6ping","description":"K\u00f6ping beh\u00f6ver ett nytt styre - men inga bilar p\u00e5 Stora gatan","inLanguage":"sv-SE"}]}},"_links":{"self":[{"href":"https:\/\/wp.kristdemokraterna.se\/koping\/wp-json\/wp\/v2\/pages\/1832","targetHints":{"allow":["GET"]}}],"collection":[{"href":"https:\/\/wp.kristdemokraterna.se\/koping\/wp-json\/wp\/v2\/pages"}],"about":[{"href":"https:\/\/wp.kristdemokraterna.se\/koping\/wp-json\/wp\/v2\/types\/page"}],"author":[{"embeddable":true,"href":"https:\/\/wp.kristdemokraterna.se\/koping\/wp-json\/wp\/v2\/users\/444"}],"replies":[{"embeddable":true,"href":"https:\/\/wp.kristdemokraterna.se\/koping\/wp-json\/wp\/v2\/comments?post=1832"}],"version-history":[{"count":2,"href":"https:\/\/wp.kristdemokraterna.se\/koping\/wp-json\/wp\/v2\/pages\/1832\/revisions"}],"predecessor-version":[{"id":2001,"href":"https:\/\/wp.kristdemokraterna.se\/koping\/wp-json\/wp\/v2\/pages\/1832\/revisions\/2001"}],"up":[{"embeddable":true,"href":"https:\/\/wp.kristdemokraterna.se\/koping\/wp-json\/wp\/v2\/pages\/391"}],"wp:attachment":[{"href":"https:\/\/wp.kristdemokraterna.se\/koping\/wp-json\/wp\/v2\/media?parent=1832"}],"curies":[{"name":"wp","href":"https:\/\/api.w.org\/{rel}","templated":true}]}}