{"id":1834,"date":"2024-01-18T11:11:21","date_gmt":"2024-01-18T10:11:21","guid":{"rendered":"https:\/\/wp.kristdemokraterna.se\/koping\/?page_id=1834"},"modified":"2024-01-19T12:07:30","modified_gmt":"2024-01-19T11:07:30","slug":"kultur-och-fritid","status":"publish","type":"page","link":"https:\/\/wp.kristdemokraterna.se\/koping\/swisha-var-valfond\/kultur-och-fritid\/","title":{"rendered":"Kultur och fritid"},"content":{"rendered":"<p><strong><em>Ett vitalt civilsamha\u0308lle a\u0308r av stor betydelse.\u00a0 Engagemang i fo\u0308reningar, frivilligorganisationer och samfund inneba\u0308r demokratisk fostran och normo\u0308verfo\u0308ring. Det fra\u0308mjar ocksa\u030a det personliga ansvarstagandet. Det civila samha\u0308llet \u00e4r en mo\u0308tesplats da\u0308r sociala kontakter skapas och utvecklas ba\u030ade inom och mellan generationer.<\/em><\/strong><\/p>\n<p>Kultur har ett v\u00e4rde i sig och \u00e4r samtidigt en betydelsefull faktor fo\u0308r m\u00e4nniskans utveckling. Ett rikt kulturliv och levande kulturmiljo\u0308 skapar attraktivitet och sta\u0308rker en kommuns attraktionskraft. Genom ett rikt fo\u0308reningsliv motverkas ensamheten i alla a\u030aldrar och samha\u0308llsgemenskapen fra\u0308mjas.<\/p>\n<p>Barn som deltar i verksamheter inom kultur och idrott genom livet a\u0308r mer bena\u0308gna att engagera sig fo\u0308r samha\u0308llet och i la\u0308gre grad hamna i utanfo\u0308rskap. Barns ra\u0308tt till kultur a\u0308r dessutom lagstadgad enligt Barnkonventionen. Kulturupplevelser a\u0308r viktiga fo\u0308r individens va\u0308lfa\u0308rd och va\u0308lbefinnande genom sin ha\u0308lsofra\u0308mjande och rehabiliterande kraft. Tillga\u030ang till kultur- och fritidsverksamheter bidrar till att skapa en meningsfull fritid och livskvalitet.<\/p>\n<p><strong>V\u00c5RA F\u00d6RSLAG 2022-2026<\/strong><\/p>\n<ul>\n<li>Kultur- och fritidsverksamheter ska ka\u0308nnetecknas av ma\u030angfald och vara tillga\u0308nglig fo\u0308r alla.<\/li>\n<li>Civilsamha\u0308llet, som idrottsfo\u0308reningar, studiefo\u0308rbund, scouterna, kyrkor, samfund och andra organisationer, ska ha en betydande roll i att bedriva kultur- och fritidsverksamhet. Fo\u0308reningar ska erbjudas att sja\u0308lva driva anla\u0308ggningar.<\/li>\n<li>Kommunen ska info\u0308ra ett fritidskort till alla barn mellan a\u030arskurs 2 och 9, med ett ekonomiskt sto\u0308d fo\u0308r deltagaravgifter i fo\u0308reningslivet respektive kulturskolan.<\/li>\n<li>Kommunen ska sammansta\u0308lla information och aktivt informera om de mo\u0308jligheter till kultur, fritidsaktiviteter och friluftsliv som finns.<\/li>\n<li>Organisationer ska sta\u030a upp fo\u0308r demokrati och ma\u0308nskliga ra\u0308ttigheter f\u00f6r att erha\u030alla kommunalt sto\u0308d.<\/li>\n<li>Personer med funktionsnedsa\u0308ttning ska ha en sja\u0308lvklar tillga\u030ang till kultur- och fritidsutbud. Da\u0308ruto\u0308ver ska det finnas ett riktat utbud till dessa personer.<\/li>\n<li>K\u00f6ping ska ha godk\u00e4nda, \u00e4ndam\u00e5lsenliga anl\u00e4ggningar f\u00f6r ridsport och ishockey.<\/li>\n<li>Vi vill skapa fritid med mening pa\u030a ungdomars villkor. Allt fra\u030an plats fo\u0308r A-traktorer till nya skateboardramper.<\/li>\n<li>Kulturskolan ska vara en prioriterad del i kommunens barn- och ungdomsverksamhet med ambitionen att fler barn och unga ska na\u030as av verksamheten.<\/li>\n<li>\u201dMero\u0308ppet\u201d p\u00e5 biblioteket a\u0308r ett koncept som bo\u0308r pro\u0308vas.<\/li>\n<li>Kultur ska erbjudas pa\u030a a\u0308ldreboenden i samverkan med kulturinstitutioner och civilsamha\u0308lle.<\/li>\n<li>Kultur a\u0308r en friskfaktor och ska vara ett naturligt inslag pa\u030a K\u00f6pings sjukhus.<\/li>\n<li>Kommunen och regionen ska i samverkan sla\u030a vakt om att bevara och tillga\u0308ngliggo\u0308ra det lokala och regionala kulturarvet.<\/li>\n<\/ul>\n","protected":false},"excerpt":{"rendered":"<p>Ett vitalt civilsamha\u0308lle a\u0308r av stor betydelse.\u00a0 Engagemang i fo\u0308reningar, frivilligorganisationer och samfund inneba\u0308r demokratisk fostran och normo\u0308verfo\u0308ring. Det fra\u0308mjar ocksa\u030a det personliga ansvarstagandet. Det civila samha\u0308llet \u00e4r en mo\u0308tesplats da\u0308r sociala kontakter skapas och utvecklas ba\u030ade inom och mellan generationer. Kultur har ett v\u00e4rde i sig och \u00e4r samtidigt en betydelsefull faktor fo\u0308r m\u00e4nniskans <a class=\"read-more-link\" href=\"https:\/\/wp.kristdemokraterna.se\/koping\/swisha-var-valfond\/kultur-och-fritid\/\">Read More<\/a><\/p>\n","protected":false},"author":444,"featured_media":0,"parent":391,"menu_order":0,"comment_status":"closed","ping_status":"closed","template":"page.php","meta":{"_acf_changed":false,"footnotes":""},"class_list":["post-1834","page","type-page","status-publish","hentry"],"acf":[],"yoast_head":"<!-- This site is optimized with the Yoast SEO plugin v27.4 - https:\/\/yoast.com\/product\/yoast-seo-wordpress\/ -->\n<title>Kultur och fritid - Kristdemokraterna | K\u00f6ping<\/title>\n<meta name=\"robots\" content=\"index, follow, max-snippet:-1, max-image-preview:large, max-video-preview:-1\" \/>\n<link rel=\"canonical\" href=\"https:\/\/wp.kristdemokraterna.se\/koping\/swisha-var-valfond\/kultur-och-fritid\/\" \/>\n<meta property=\"og:locale\" content=\"sv_SE\" \/>\n<meta property=\"og:type\" content=\"article\" \/>\n<meta property=\"og:title\" content=\"Kultur och fritid - Kristdemokraterna | K\u00f6ping\" \/>\n<meta property=\"og:description\" content=\"Ett vitalt civilsamha\u0308lle a\u0308r av stor betydelse.\u00a0 Engagemang i fo\u0308reningar, frivilligorganisationer och samfund inneba\u0308r demokratisk fostran och normo\u0308verfo\u0308ring. Det fra\u0308mjar ocksa\u030a det personliga ansvarstagandet. Det civila samha\u0308llet \u00e4r en mo\u0308tesplats da\u0308r sociala kontakter skapas och utvecklas ba\u030ade inom och mellan generationer. Kultur har ett v\u00e4rde i sig och \u00e4r samtidigt en betydelsefull faktor fo\u0308r m\u00e4nniskans Read More\" \/>\n<meta property=\"og:url\" content=\"https:\/\/wp.kristdemokraterna.se\/koping\/swisha-var-valfond\/kultur-och-fritid\/\" \/>\n<meta property=\"og:site_name\" content=\"Kristdemokraterna | K\u00f6ping\" \/>\n<meta property=\"article:modified_time\" content=\"2024-01-19T11:07:30+00:00\" \/>\n<meta name=\"twitter:card\" content=\"summary_large_image\" \/>\n<meta name=\"twitter:label1\" content=\"Ber\u00e4knad l\u00e4stid\" \/>\n\t<meta name=\"twitter:data1\" content=\"2 minuter\" \/>\n<script type=\"application\/ld+json\" class=\"yoast-schema-graph\">{\"@context\":\"https:\\\/\\\/schema.org\",\"@graph\":[{\"@type\":\"WebPage\",\"@id\":\"https:\\\/\\\/wp.kristdemokraterna.se\\\/koping\\\/swisha-var-valfond\\\/kultur-och-fritid\\\/\",\"url\":\"https:\\\/\\\/wp.kristdemokraterna.se\\\/koping\\\/swisha-var-valfond\\\/kultur-och-fritid\\\/\",\"name\":\"Kultur och fritid - Kristdemokraterna | K\u00f6ping\",\"isPartOf\":{\"@id\":\"https:\\\/\\\/wp.kristdemokraterna.se\\\/koping\\\/#website\"},\"datePublished\":\"2024-01-18T10:11:21+00:00\",\"dateModified\":\"2024-01-19T11:07:30+00:00\",\"breadcrumb\":{\"@id\":\"https:\\\/\\\/wp.kristdemokraterna.se\\\/koping\\\/swisha-var-valfond\\\/kultur-och-fritid\\\/#breadcrumb\"},\"inLanguage\":\"sv-SE\",\"potentialAction\":[{\"@type\":\"ReadAction\",\"target\":[\"https:\\\/\\\/wp.kristdemokraterna.se\\\/koping\\\/swisha-var-valfond\\\/kultur-och-fritid\\\/\"]}]},{\"@type\":\"BreadcrumbList\",\"@id\":\"https:\\\/\\\/wp.kristdemokraterna.se\\\/koping\\\/swisha-var-valfond\\\/kultur-och-fritid\\\/#breadcrumb\",\"itemListElement\":[{\"@type\":\"ListItem\",\"position\":1,\"name\":\"Hem\",\"item\":\"https:\\\/\\\/wp.kristdemokraterna.se\\\/koping\\\/\"},{\"@type\":\"ListItem\",\"position\":2,\"name\":\"V\u00e5r kommunpolitik\",\"item\":\"https:\\\/\\\/wp.kristdemokraterna.se\\\/koping\\\/swisha-var-valfond\\\/\"},{\"@type\":\"ListItem\",\"position\":3,\"name\":\"Kultur och fritid\"}]},{\"@type\":\"WebSite\",\"@id\":\"https:\\\/\\\/wp.kristdemokraterna.se\\\/koping\\\/#website\",\"url\":\"https:\\\/\\\/wp.kristdemokraterna.se\\\/koping\\\/\",\"name\":\"Kristdemokraterna | K\u00f6ping\",\"description\":\"K\u00f6ping beh\u00f6ver ett nytt styre - men inga bilar p\u00e5 Stora gatan\",\"inLanguage\":\"sv-SE\"}]}<\/script>\n<!-- \/ Yoast SEO plugin. -->","yoast_head_json":{"title":"Kultur och fritid - Kristdemokraterna | K\u00f6ping","robots":{"index":"index","follow":"follow","max-snippet":"max-snippet:-1","max-image-preview":"max-image-preview:large","max-video-preview":"max-video-preview:-1"},"canonical":"https:\/\/wp.kristdemokraterna.se\/koping\/swisha-var-valfond\/kultur-och-fritid\/","og_locale":"sv_SE","og_type":"article","og_title":"Kultur och fritid - Kristdemokraterna | K\u00f6ping","og_description":"Ett vitalt civilsamha\u0308lle a\u0308r av stor betydelse.\u00a0 Engagemang i fo\u0308reningar, frivilligorganisationer och samfund inneba\u0308r demokratisk fostran och normo\u0308verfo\u0308ring. Det fra\u0308mjar ocksa\u030a det personliga ansvarstagandet. Det civila samha\u0308llet \u00e4r en mo\u0308tesplats da\u0308r sociala kontakter skapas och utvecklas ba\u030ade inom och mellan generationer. Kultur har ett v\u00e4rde i sig och \u00e4r samtidigt en betydelsefull faktor fo\u0308r m\u00e4nniskans Read More","og_url":"https:\/\/wp.kristdemokraterna.se\/koping\/swisha-var-valfond\/kultur-och-fritid\/","og_site_name":"Kristdemokraterna | K\u00f6ping","article_modified_time":"2024-01-19T11:07:30+00:00","twitter_card":"summary_large_image","twitter_misc":{"Ber\u00e4knad l\u00e4stid":"2 minuter"},"schema":{"@context":"https:\/\/schema.org","@graph":[{"@type":"WebPage","@id":"https:\/\/wp.kristdemokraterna.se\/koping\/swisha-var-valfond\/kultur-och-fritid\/","url":"https:\/\/wp.kristdemokraterna.se\/koping\/swisha-var-valfond\/kultur-och-fritid\/","name":"Kultur och fritid - Kristdemokraterna | K\u00f6ping","isPartOf":{"@id":"https:\/\/wp.kristdemokraterna.se\/koping\/#website"},"datePublished":"2024-01-18T10:11:21+00:00","dateModified":"2024-01-19T11:07:30+00:00","breadcrumb":{"@id":"https:\/\/wp.kristdemokraterna.se\/koping\/swisha-var-valfond\/kultur-och-fritid\/#breadcrumb"},"inLanguage":"sv-SE","potentialAction":[{"@type":"ReadAction","target":["https:\/\/wp.kristdemokraterna.se\/koping\/swisha-var-valfond\/kultur-och-fritid\/"]}]},{"@type":"BreadcrumbList","@id":"https:\/\/wp.kristdemokraterna.se\/koping\/swisha-var-valfond\/kultur-och-fritid\/#breadcrumb","itemListElement":[{"@type":"ListItem","position":1,"name":"Hem","item":"https:\/\/wp.kristdemokraterna.se\/koping\/"},{"@type":"ListItem","position":2,"name":"V\u00e5r kommunpolitik","item":"https:\/\/wp.kristdemokraterna.se\/koping\/swisha-var-valfond\/"},{"@type":"ListItem","position":3,"name":"Kultur och fritid"}]},{"@type":"WebSite","@id":"https:\/\/wp.kristdemokraterna.se\/koping\/#website","url":"https:\/\/wp.kristdemokraterna.se\/koping\/","name":"Kristdemokraterna | K\u00f6ping","description":"K\u00f6ping beh\u00f6ver ett nytt styre - men inga bilar p\u00e5 Stora gatan","inLanguage":"sv-SE"}]}},"_links":{"self":[{"href":"https:\/\/wp.kristdemokraterna.se\/koping\/wp-json\/wp\/v2\/pages\/1834","targetHints":{"allow":["GET"]}}],"collection":[{"href":"https:\/\/wp.kristdemokraterna.se\/koping\/wp-json\/wp\/v2\/pages"}],"about":[{"href":"https:\/\/wp.kristdemokraterna.se\/koping\/wp-json\/wp\/v2\/types\/page"}],"author":[{"embeddable":true,"href":"https:\/\/wp.kristdemokraterna.se\/koping\/wp-json\/wp\/v2\/users\/444"}],"replies":[{"embeddable":true,"href":"https:\/\/wp.kristdemokraterna.se\/koping\/wp-json\/wp\/v2\/comments?post=1834"}],"version-history":[{"count":2,"href":"https:\/\/wp.kristdemokraterna.se\/koping\/wp-json\/wp\/v2\/pages\/1834\/revisions"}],"predecessor-version":[{"id":2003,"href":"https:\/\/wp.kristdemokraterna.se\/koping\/wp-json\/wp\/v2\/pages\/1834\/revisions\/2003"}],"up":[{"embeddable":true,"href":"https:\/\/wp.kristdemokraterna.se\/koping\/wp-json\/wp\/v2\/pages\/391"}],"wp:attachment":[{"href":"https:\/\/wp.kristdemokraterna.se\/koping\/wp-json\/wp\/v2\/media?parent=1834"}],"curies":[{"name":"wp","href":"https:\/\/api.w.org\/{rel}","templated":true}]}}