{"id":1837,"date":"2024-01-18T11:12:07","date_gmt":"2024-01-18T10:12:07","guid":{"rendered":"https:\/\/wp.kristdemokraterna.se\/koping\/?page_id=1837"},"modified":"2024-01-19T12:08:19","modified_gmt":"2024-01-19T11:08:19","slug":"en-levande-landsbygd","status":"publish","type":"page","link":"https:\/\/wp.kristdemokraterna.se\/koping\/swisha-var-valfond\/en-levande-landsbygd\/","title":{"rendered":"En levande landsbygd"},"content":{"rendered":"<p><strong><em>Kristdemokraterna vill ha en levande landsbygd i K\u00f6pings kommun d\u00e4r m\u00e4nniskor med sj\u00e4lvk\u00e4nsla v\u00e4ljer att bos\u00e4tta sig. Alla ska, oavsett bostadsort, kunna fa\u030a del av samha\u0308llets grundla\u0308ggande sociala ra\u0308ttigheter och ges rimliga fo\u0308rutsa\u0308ttningar att fo\u0308rso\u0308rja sig och utveckla sin bygd. Da\u0308rfo\u0308r kra\u0308vs en aktiv statlig regionalpolitik. <\/em><\/strong><\/p>\n<p>Klyftan mellan stad och land va\u0308xer. Skillnaderna i livsstil, va\u0308rderingsmo\u0308nster och materiella intressen mellan storstadsbor och landsbygdsbor skaver allt mer. Detta ha\u0308nger samman med att skillnaderna i livsvillkor mellan stad och land o\u0308kar. De politiska besluten uppfattas ofta som om de a\u0308r fattade utan insikt i landsbygdens fo\u0308rha\u030allanden.<\/p>\n<p>Nu beho\u0308vs en a\u0308ndrad politisk kurs sa\u030a att a\u0308ven landsbygdens perspektiv fa\u030ar genomslag i rikspolitiken. Landsbygdsbornas konkreta behov av en fungerande vardag ma\u030aste erka\u0308nnas fullt ut.<\/p>\n<p><strong>V\u00c5RA F\u00d6RSLAG 2022-2026<\/strong><\/p>\n<ul>\n<li>Att bo p\u00e5 landet och ha en levande landsbygd f\u00f6ruts\u00e4tter att vi har en bra infrastruktur d\u00e4r bilen \u00e4r helt avg\u00f6rande. Vi vill s\u00e4nka skatten och inblandningen av biobr\u00e4nsle och d\u00e4rmed s\u00e4nka priset p\u00e5 drivmedel. Vi vill \u00f6ka anslaget till underha\u030all av va\u0308gar i glesbygden och bygga ut bredbandet.<\/li>\n<li>V\u00e5ra b\u00f6nder beh\u00f6vs nu mer \u00e4n n\u00e5gonsin. Nedl\u00e4ggningen av v\u00e5ra lantbruk m\u00e5ste upph\u00f6ra och den svenska sj\u00e4lvf\u00f6rs\u00f6rjningen \u00f6ka. Sveriges sj\u00e4lvf\u00f6rs\u00f6rjningsgrad har sjunkit till 40% men b\u00f6r ligga p\u00e5 samma niv\u00e5 som Finland med 80% sj\u00e4lvf\u00f6rs\u00f6rjning.<\/li>\n<li>Skogsbruket och anva\u0308ndningen av skogsra\u030avara ska utvecklas.<\/li>\n<li>Det ska inte kra\u0308vas bygglov fo\u0308r villor och mindre na\u0308ringslokaler p\u00e5 landsbygden utanf\u00f6r detaljplanerat omr\u00e5de.<\/li>\n<li>Vi sl\u00e5r vakt om det kommunala vetot och s\u00e4ger nej till att storskalig, industriell vindkraft i K\u00f6pings kommun. Folks oro m\u00e5ste tas p\u00e5 allvar. Or\u00f6rd vildmark m\u00e5ste skyddas. Etablering av vindkraftverk skulle s\u00e4nka fastighetsv\u00e4rdena med 20 procent.<\/li>\n<li>Krav p\u00e5 tv\u00e5ngsanslutning till kommunalt vatten och avlopp hindrar landsbygdens utveckling. Vi vill avskaffa tv\u00e5ngsanslutningen. Vi anser att kommunen ska backa n\u00e4r det g\u00e4ller planerna f\u00f6r NorrM\u00e4larstrand. En effektiv enskild avloppsrening eller gemensamhetsanl\u00e4ggning \u00e4r ofta b\u00e4ttre f\u00f6r milj\u00f6n, klimatet och pl\u00e5nboken.<\/li>\n<li>K\u00f6pings djuphamn m\u00e5ste utvecklas genom \u00f6kad sj\u00f6trafik och d\u00e4r kommunens investeringar p\u00e5 600 mkr m\u00e5ste utnyttjas.<\/li>\n<li>Vildsvinsstammens utbredning m\u00e5ste bek\u00e4mpas. Ett statligt sto\u0308d beh\u00f6vs fo\u0308r att utbilda ja\u0308gare och jakthundar i vildsvinsjakt.<\/li>\n<li>Vi vill ha ner vargstammen till 150 individer. M\u00e4nniskor ska kunna bo p\u00e5 landet, ha djurh\u00e5llning och ha husdjur utan att k\u00e4nna oro f\u00f6r vargattacker.<\/li>\n<li>Kommunen ska peka ut ett antal omr\u00e5den f\u00f6r Landsbygdsutveckling i strandn\u00e4ra l\u00e4gen, sk LIS-omr\u00e5den, f\u00f6r att d\u00e4r k\u00f6pa mark f\u00f6r att m\u00f6jligg\u00f6ra bostadsbyggande.<\/li>\n<li>F\u00f6reningslivet ska kunna f\u00e5 ta del av en kommunal \u201dbyapeng\u201d f\u00f6r st\u00f6d till samlingslokaler p\u00e5 landsbygden eller annat f\u00f6r att utveckla den egna socknen\/byn.<\/li>\n<\/ul>\n<p>&nbsp;<\/p>\n","protected":false},"excerpt":{"rendered":"<p>Kristdemokraterna vill ha en levande landsbygd i K\u00f6pings kommun d\u00e4r m\u00e4nniskor med sj\u00e4lvk\u00e4nsla v\u00e4ljer att bos\u00e4tta sig. Alla ska, oavsett bostadsort, kunna fa\u030a del av samha\u0308llets grundla\u0308ggande sociala ra\u0308ttigheter och ges rimliga fo\u0308rutsa\u0308ttningar att fo\u0308rso\u0308rja sig och utveckla sin bygd. Da\u0308rfo\u0308r kra\u0308vs en aktiv statlig regionalpolitik. Klyftan mellan stad och land va\u0308xer. Skillnaderna i livsstil, <a class=\"read-more-link\" href=\"https:\/\/wp.kristdemokraterna.se\/koping\/swisha-var-valfond\/en-levande-landsbygd\/\">Read More<\/a><\/p>\n","protected":false},"author":444,"featured_media":0,"parent":391,"menu_order":0,"comment_status":"closed","ping_status":"closed","template":"page.php","meta":{"_acf_changed":false,"footnotes":""},"class_list":["post-1837","page","type-page","status-publish","hentry"],"acf":[],"yoast_head":"<!-- This site is optimized with the Yoast SEO plugin v27.4 - https:\/\/yoast.com\/product\/yoast-seo-wordpress\/ -->\n<title>En levande landsbygd - Kristdemokraterna | K\u00f6ping<\/title>\n<meta name=\"robots\" content=\"index, follow, max-snippet:-1, max-image-preview:large, max-video-preview:-1\" \/>\n<link rel=\"canonical\" href=\"https:\/\/wp.kristdemokraterna.se\/koping\/swisha-var-valfond\/en-levande-landsbygd\/\" \/>\n<meta property=\"og:locale\" content=\"sv_SE\" \/>\n<meta property=\"og:type\" content=\"article\" \/>\n<meta property=\"og:title\" content=\"En levande landsbygd - Kristdemokraterna | K\u00f6ping\" \/>\n<meta property=\"og:description\" content=\"Kristdemokraterna vill ha en levande landsbygd i K\u00f6pings kommun d\u00e4r m\u00e4nniskor med sj\u00e4lvk\u00e4nsla v\u00e4ljer att bos\u00e4tta sig. Alla ska, oavsett bostadsort, kunna fa\u030a del av samha\u0308llets grundla\u0308ggande sociala ra\u0308ttigheter och ges rimliga fo\u0308rutsa\u0308ttningar att fo\u0308rso\u0308rja sig och utveckla sin bygd. Da\u0308rfo\u0308r kra\u0308vs en aktiv statlig regionalpolitik. Klyftan mellan stad och land va\u0308xer. Skillnaderna i livsstil, Read More\" \/>\n<meta property=\"og:url\" content=\"https:\/\/wp.kristdemokraterna.se\/koping\/swisha-var-valfond\/en-levande-landsbygd\/\" \/>\n<meta property=\"og:site_name\" content=\"Kristdemokraterna | K\u00f6ping\" \/>\n<meta property=\"article:modified_time\" content=\"2024-01-19T11:08:19+00:00\" \/>\n<meta name=\"twitter:card\" content=\"summary_large_image\" \/>\n<meta name=\"twitter:label1\" content=\"Ber\u00e4knad l\u00e4stid\" \/>\n\t<meta name=\"twitter:data1\" content=\"3 minuter\" \/>\n<script type=\"application\/ld+json\" class=\"yoast-schema-graph\">{\"@context\":\"https:\\\/\\\/schema.org\",\"@graph\":[{\"@type\":\"WebPage\",\"@id\":\"https:\\\/\\\/wp.kristdemokraterna.se\\\/koping\\\/swisha-var-valfond\\\/en-levande-landsbygd\\\/\",\"url\":\"https:\\\/\\\/wp.kristdemokraterna.se\\\/koping\\\/swisha-var-valfond\\\/en-levande-landsbygd\\\/\",\"name\":\"En levande landsbygd - Kristdemokraterna | K\u00f6ping\",\"isPartOf\":{\"@id\":\"https:\\\/\\\/wp.kristdemokraterna.se\\\/koping\\\/#website\"},\"datePublished\":\"2024-01-18T10:12:07+00:00\",\"dateModified\":\"2024-01-19T11:08:19+00:00\",\"breadcrumb\":{\"@id\":\"https:\\\/\\\/wp.kristdemokraterna.se\\\/koping\\\/swisha-var-valfond\\\/en-levande-landsbygd\\\/#breadcrumb\"},\"inLanguage\":\"sv-SE\",\"potentialAction\":[{\"@type\":\"ReadAction\",\"target\":[\"https:\\\/\\\/wp.kristdemokraterna.se\\\/koping\\\/swisha-var-valfond\\\/en-levande-landsbygd\\\/\"]}]},{\"@type\":\"BreadcrumbList\",\"@id\":\"https:\\\/\\\/wp.kristdemokraterna.se\\\/koping\\\/swisha-var-valfond\\\/en-levande-landsbygd\\\/#breadcrumb\",\"itemListElement\":[{\"@type\":\"ListItem\",\"position\":1,\"name\":\"Hem\",\"item\":\"https:\\\/\\\/wp.kristdemokraterna.se\\\/koping\\\/\"},{\"@type\":\"ListItem\",\"position\":2,\"name\":\"V\u00e5r kommunpolitik\",\"item\":\"https:\\\/\\\/wp.kristdemokraterna.se\\\/koping\\\/swisha-var-valfond\\\/\"},{\"@type\":\"ListItem\",\"position\":3,\"name\":\"En levande landsbygd\"}]},{\"@type\":\"WebSite\",\"@id\":\"https:\\\/\\\/wp.kristdemokraterna.se\\\/koping\\\/#website\",\"url\":\"https:\\\/\\\/wp.kristdemokraterna.se\\\/koping\\\/\",\"name\":\"Kristdemokraterna | K\u00f6ping\",\"description\":\"K\u00f6ping beh\u00f6ver ett nytt styre - men inga bilar p\u00e5 Stora gatan\",\"inLanguage\":\"sv-SE\"}]}<\/script>\n<!-- \/ Yoast SEO plugin. -->","yoast_head_json":{"title":"En levande landsbygd - Kristdemokraterna | K\u00f6ping","robots":{"index":"index","follow":"follow","max-snippet":"max-snippet:-1","max-image-preview":"max-image-preview:large","max-video-preview":"max-video-preview:-1"},"canonical":"https:\/\/wp.kristdemokraterna.se\/koping\/swisha-var-valfond\/en-levande-landsbygd\/","og_locale":"sv_SE","og_type":"article","og_title":"En levande landsbygd - Kristdemokraterna | K\u00f6ping","og_description":"Kristdemokraterna vill ha en levande landsbygd i K\u00f6pings kommun d\u00e4r m\u00e4nniskor med sj\u00e4lvk\u00e4nsla v\u00e4ljer att bos\u00e4tta sig. Alla ska, oavsett bostadsort, kunna fa\u030a del av samha\u0308llets grundla\u0308ggande sociala ra\u0308ttigheter och ges rimliga fo\u0308rutsa\u0308ttningar att fo\u0308rso\u0308rja sig och utveckla sin bygd. Da\u0308rfo\u0308r kra\u0308vs en aktiv statlig regionalpolitik. Klyftan mellan stad och land va\u0308xer. Skillnaderna i livsstil, Read More","og_url":"https:\/\/wp.kristdemokraterna.se\/koping\/swisha-var-valfond\/en-levande-landsbygd\/","og_site_name":"Kristdemokraterna | K\u00f6ping","article_modified_time":"2024-01-19T11:08:19+00:00","twitter_card":"summary_large_image","twitter_misc":{"Ber\u00e4knad l\u00e4stid":"3 minuter"},"schema":{"@context":"https:\/\/schema.org","@graph":[{"@type":"WebPage","@id":"https:\/\/wp.kristdemokraterna.se\/koping\/swisha-var-valfond\/en-levande-landsbygd\/","url":"https:\/\/wp.kristdemokraterna.se\/koping\/swisha-var-valfond\/en-levande-landsbygd\/","name":"En levande landsbygd - Kristdemokraterna | K\u00f6ping","isPartOf":{"@id":"https:\/\/wp.kristdemokraterna.se\/koping\/#website"},"datePublished":"2024-01-18T10:12:07+00:00","dateModified":"2024-01-19T11:08:19+00:00","breadcrumb":{"@id":"https:\/\/wp.kristdemokraterna.se\/koping\/swisha-var-valfond\/en-levande-landsbygd\/#breadcrumb"},"inLanguage":"sv-SE","potentialAction":[{"@type":"ReadAction","target":["https:\/\/wp.kristdemokraterna.se\/koping\/swisha-var-valfond\/en-levande-landsbygd\/"]}]},{"@type":"BreadcrumbList","@id":"https:\/\/wp.kristdemokraterna.se\/koping\/swisha-var-valfond\/en-levande-landsbygd\/#breadcrumb","itemListElement":[{"@type":"ListItem","position":1,"name":"Hem","item":"https:\/\/wp.kristdemokraterna.se\/koping\/"},{"@type":"ListItem","position":2,"name":"V\u00e5r kommunpolitik","item":"https:\/\/wp.kristdemokraterna.se\/koping\/swisha-var-valfond\/"},{"@type":"ListItem","position":3,"name":"En levande landsbygd"}]},{"@type":"WebSite","@id":"https:\/\/wp.kristdemokraterna.se\/koping\/#website","url":"https:\/\/wp.kristdemokraterna.se\/koping\/","name":"Kristdemokraterna | K\u00f6ping","description":"K\u00f6ping beh\u00f6ver ett nytt styre - men inga bilar p\u00e5 Stora gatan","inLanguage":"sv-SE"}]}},"_links":{"self":[{"href":"https:\/\/wp.kristdemokraterna.se\/koping\/wp-json\/wp\/v2\/pages\/1837","targetHints":{"allow":["GET"]}}],"collection":[{"href":"https:\/\/wp.kristdemokraterna.se\/koping\/wp-json\/wp\/v2\/pages"}],"about":[{"href":"https:\/\/wp.kristdemokraterna.se\/koping\/wp-json\/wp\/v2\/types\/page"}],"author":[{"embeddable":true,"href":"https:\/\/wp.kristdemokraterna.se\/koping\/wp-json\/wp\/v2\/users\/444"}],"replies":[{"embeddable":true,"href":"https:\/\/wp.kristdemokraterna.se\/koping\/wp-json\/wp\/v2\/comments?post=1837"}],"version-history":[{"count":2,"href":"https:\/\/wp.kristdemokraterna.se\/koping\/wp-json\/wp\/v2\/pages\/1837\/revisions"}],"predecessor-version":[{"id":2005,"href":"https:\/\/wp.kristdemokraterna.se\/koping\/wp-json\/wp\/v2\/pages\/1837\/revisions\/2005"}],"up":[{"embeddable":true,"href":"https:\/\/wp.kristdemokraterna.se\/koping\/wp-json\/wp\/v2\/pages\/391"}],"wp:attachment":[{"href":"https:\/\/wp.kristdemokraterna.se\/koping\/wp-json\/wp\/v2\/media?parent=1837"}],"curies":[{"name":"wp","href":"https:\/\/api.w.org\/{rel}","templated":true}]}}