{"id":1840,"date":"2024-01-18T11:13:15","date_gmt":"2024-01-18T10:13:15","guid":{"rendered":"https:\/\/wp.kristdemokraterna.se\/koping\/?page_id=1840"},"modified":"2024-01-19T12:08:47","modified_gmt":"2024-01-19T11:08:47","slug":"miljo-och-klimat","status":"publish","type":"page","link":"https:\/\/wp.kristdemokraterna.se\/koping\/swisha-var-valfond\/miljo-och-klimat\/","title":{"rendered":"Milj\u00f6 och klimat"},"content":{"rendered":"<p><strong><em>Vi ska ha en helhetssyn och agera l\u00e5ngsiktigt med respekt fo\u0308r va\u030ar samtida omgivning och kommande generationer. Fo\u0308rvaltarskapet ga\u0308ller ba\u030ade de egna personliga tillga\u030angarna och de materiella v\u00e4rdena; milj\u00f6\u0308 och naturresurser. Vi ska agera pa\u030a ett sa\u030adant sa\u0308tt att vi med stolthet kan \u00f6verl\u00e4mna frukterna av va\u030art arbete till kommande generationer. <\/em><\/strong><\/p>\n<p>Fo\u0308rvaltarskapstanken a\u0308r en ba\u0308rande del i den kristdemokratiska ideologin. Pa\u030a miljo\u0308omra\u030adet inneba\u0308r det att vi inte fa\u030ar fo\u0308rbruka va\u030ar jord och dess tillg\u00e5ngar. Kommunen har en nyckelroll i arbetet att bygga ett samha\u0308lle da\u0308r skadlig miljo\u0308pa\u030averkan minimeras. Energin skall vara fossilfri, trafiksystemen ha\u030allbara, bostadsmiljo\u0308erna sunda. \u00a0Naturresurser ska tas tillvara i ett kretslopp.<\/p>\n<p>Vid sidan av klimatfra\u030agan a\u0308r o\u0308vergo\u0308dning, utsla\u0308pp av gifter och hormonsto\u0308rande a\u0308mnen, inte minst i barns na\u0308rmiljo\u0308, hot som ma\u030aste hanteras.<\/p>\n<p><strong>V\u00c5RA F\u00d6RSLAG 2022-2026<\/strong><\/p>\n<ul>\n<li>Kommunen ska arbeta fo\u0308r en o\u0308kad andel na\u0308rproducerade och ekologiska livsmedel i ma\u030altidsverksamheten inom fo\u0308rskola, skola och a\u0308ldreomsorg.<\/li>\n<li>Kommunen ska planera fo\u0308r en ha\u0308lsofra\u0308mjande na\u0308rmiljo\u0308 som inneba\u0308r na\u0308rhet till gro\u0308nomra\u030aden.<\/li>\n<li>Vid upphandling bo\u0308r det sta\u0308llas krav pa\u030a att det totala ekologiska fotavtrycket ska redovisas och beaktas.<\/li>\n<li>Kommunen ska verka fo\u0308r att medborgarnas behov av bilresande minskar.<\/li>\n<li>Kollektivtrafikens bussar ska fortsatt ha fossilfria drivmedel.<\/li>\n<li>K\u00f6pings VA-n\u00e4t l\u00e4cker. Underh\u00e5llsskulden p\u00e5 ca 2 mdr m\u00e5ste \u00e5tg\u00e4rdas.<\/li>\n<li>Andelen kommunalt avfall som materiala\u030atervinns ska o\u0308ka, andelen restavfall och grovavfall ska minska.<\/li>\n<li>Mo\u0308jlighet till behovsanpassad to\u0308mning av insamlingska\u0308rl fo\u0308r husha\u030all, flerfamiljsfastigheter och verksamheter ska info\u0308ras.<\/li>\n<li>Utbyggnad och underha\u030all av ga\u030ang- och cykelva\u0308gsna\u0308tet ska vara prioriterat i kommunens infrastruktursatsningar.<\/li>\n<li>Kommunens fo\u0308rskolor ska vara fria fr\u00e5n gifter och m\u00f6gel.<\/li>\n<li>Hormonsto\u0308rande a\u0308mnen ska fasas ut. Sa\u0308rskilt viktigt a\u0308r detta i miljo\u0308er da\u0308r barn och unga vistas, som i fo\u0308rskolor och skolor.<\/li>\n<li>Effektivisera och utveckla det kommunala reningsverket och pumpstationerna f\u00f6r att bl a minska ma\u0308ngden la\u0308kemedelsrester och andra sva\u030arrenade prod<\/li>\n<\/ul>\n","protected":false},"excerpt":{"rendered":"<p>Vi ska ha en helhetssyn och agera l\u00e5ngsiktigt med respekt fo\u0308r va\u030ar samtida omgivning och kommande generationer. Fo\u0308rvaltarskapet ga\u0308ller ba\u030ade de egna personliga tillga\u030angarna och de materiella v\u00e4rdena; milj\u00f6\u0308 och naturresurser. Vi ska agera pa\u030a ett sa\u030adant sa\u0308tt att vi med stolthet kan \u00f6verl\u00e4mna frukterna av va\u030art arbete till kommande generationer. Fo\u0308rvaltarskapstanken a\u0308r en ba\u0308rande <a class=\"read-more-link\" href=\"https:\/\/wp.kristdemokraterna.se\/koping\/swisha-var-valfond\/miljo-och-klimat\/\">Read More<\/a><\/p>\n","protected":false},"author":444,"featured_media":0,"parent":391,"menu_order":0,"comment_status":"closed","ping_status":"closed","template":"page.php","meta":{"_acf_changed":false,"footnotes":""},"class_list":["post-1840","page","type-page","status-publish","hentry"],"acf":[],"yoast_head":"<!-- This site is optimized with the Yoast SEO plugin v27.3 - https:\/\/yoast.com\/product\/yoast-seo-wordpress\/ -->\n<title>Milj\u00f6 och klimat - Kristdemokraterna | K\u00f6ping<\/title>\n<meta name=\"robots\" content=\"index, follow, max-snippet:-1, max-image-preview:large, max-video-preview:-1\" \/>\n<link rel=\"canonical\" href=\"https:\/\/wp.kristdemokraterna.se\/koping\/swisha-var-valfond\/miljo-och-klimat\/\" \/>\n<meta property=\"og:locale\" content=\"sv_SE\" \/>\n<meta property=\"og:type\" content=\"article\" \/>\n<meta property=\"og:title\" content=\"Milj\u00f6 och klimat - Kristdemokraterna | K\u00f6ping\" \/>\n<meta property=\"og:description\" content=\"Vi ska ha en helhetssyn och agera l\u00e5ngsiktigt med respekt fo\u0308r va\u030ar samtida omgivning och kommande generationer. Fo\u0308rvaltarskapet ga\u0308ller ba\u030ade de egna personliga tillga\u030angarna och de materiella v\u00e4rdena; milj\u00f6\u0308 och naturresurser. Vi ska agera pa\u030a ett sa\u030adant sa\u0308tt att vi med stolthet kan \u00f6verl\u00e4mna frukterna av va\u030art arbete till kommande generationer. Fo\u0308rvaltarskapstanken a\u0308r en ba\u0308rande Read More\" \/>\n<meta property=\"og:url\" content=\"https:\/\/wp.kristdemokraterna.se\/koping\/swisha-var-valfond\/miljo-och-klimat\/\" \/>\n<meta property=\"og:site_name\" content=\"Kristdemokraterna | K\u00f6ping\" \/>\n<meta property=\"article:modified_time\" content=\"2024-01-19T11:08:47+00:00\" \/>\n<meta name=\"twitter:card\" content=\"summary_large_image\" \/>\n<meta name=\"twitter:label1\" content=\"Ber\u00e4knad l\u00e4stid\" \/>\n\t<meta name=\"twitter:data1\" content=\"2 minuter\" \/>\n<script type=\"application\/ld+json\" class=\"yoast-schema-graph\">{\"@context\":\"https:\\\/\\\/schema.org\",\"@graph\":[{\"@type\":\"WebPage\",\"@id\":\"https:\\\/\\\/wp.kristdemokraterna.se\\\/koping\\\/swisha-var-valfond\\\/miljo-och-klimat\\\/\",\"url\":\"https:\\\/\\\/wp.kristdemokraterna.se\\\/koping\\\/swisha-var-valfond\\\/miljo-och-klimat\\\/\",\"name\":\"Milj\u00f6 och klimat - Kristdemokraterna | K\u00f6ping\",\"isPartOf\":{\"@id\":\"https:\\\/\\\/wp.kristdemokraterna.se\\\/koping\\\/#website\"},\"datePublished\":\"2024-01-18T10:13:15+00:00\",\"dateModified\":\"2024-01-19T11:08:47+00:00\",\"breadcrumb\":{\"@id\":\"https:\\\/\\\/wp.kristdemokraterna.se\\\/koping\\\/swisha-var-valfond\\\/miljo-och-klimat\\\/#breadcrumb\"},\"inLanguage\":\"sv-SE\",\"potentialAction\":[{\"@type\":\"ReadAction\",\"target\":[\"https:\\\/\\\/wp.kristdemokraterna.se\\\/koping\\\/swisha-var-valfond\\\/miljo-och-klimat\\\/\"]}]},{\"@type\":\"BreadcrumbList\",\"@id\":\"https:\\\/\\\/wp.kristdemokraterna.se\\\/koping\\\/swisha-var-valfond\\\/miljo-och-klimat\\\/#breadcrumb\",\"itemListElement\":[{\"@type\":\"ListItem\",\"position\":1,\"name\":\"Hem\",\"item\":\"https:\\\/\\\/wp.kristdemokraterna.se\\\/koping\\\/\"},{\"@type\":\"ListItem\",\"position\":2,\"name\":\"V\u00e5r kommunpolitik\",\"item\":\"https:\\\/\\\/wp.kristdemokraterna.se\\\/koping\\\/swisha-var-valfond\\\/\"},{\"@type\":\"ListItem\",\"position\":3,\"name\":\"Milj\u00f6 och klimat\"}]},{\"@type\":\"WebSite\",\"@id\":\"https:\\\/\\\/wp.kristdemokraterna.se\\\/koping\\\/#website\",\"url\":\"https:\\\/\\\/wp.kristdemokraterna.se\\\/koping\\\/\",\"name\":\"Kristdemokraterna | K\u00f6ping\",\"description\":\"K\u00f6ping beh\u00f6ver ett nytt styre - men inga bilar p\u00e5 Stora gatan\",\"inLanguage\":\"sv-SE\"}]}<\/script>\n<!-- \/ Yoast SEO plugin. -->","yoast_head_json":{"title":"Milj\u00f6 och klimat - Kristdemokraterna | K\u00f6ping","robots":{"index":"index","follow":"follow","max-snippet":"max-snippet:-1","max-image-preview":"max-image-preview:large","max-video-preview":"max-video-preview:-1"},"canonical":"https:\/\/wp.kristdemokraterna.se\/koping\/swisha-var-valfond\/miljo-och-klimat\/","og_locale":"sv_SE","og_type":"article","og_title":"Milj\u00f6 och klimat - Kristdemokraterna | K\u00f6ping","og_description":"Vi ska ha en helhetssyn och agera l\u00e5ngsiktigt med respekt fo\u0308r va\u030ar samtida omgivning och kommande generationer. Fo\u0308rvaltarskapet ga\u0308ller ba\u030ade de egna personliga tillga\u030angarna och de materiella v\u00e4rdena; milj\u00f6\u0308 och naturresurser. Vi ska agera pa\u030a ett sa\u030adant sa\u0308tt att vi med stolthet kan \u00f6verl\u00e4mna frukterna av va\u030art arbete till kommande generationer. Fo\u0308rvaltarskapstanken a\u0308r en ba\u0308rande Read More","og_url":"https:\/\/wp.kristdemokraterna.se\/koping\/swisha-var-valfond\/miljo-och-klimat\/","og_site_name":"Kristdemokraterna | K\u00f6ping","article_modified_time":"2024-01-19T11:08:47+00:00","twitter_card":"summary_large_image","twitter_misc":{"Ber\u00e4knad l\u00e4stid":"2 minuter"},"schema":{"@context":"https:\/\/schema.org","@graph":[{"@type":"WebPage","@id":"https:\/\/wp.kristdemokraterna.se\/koping\/swisha-var-valfond\/miljo-och-klimat\/","url":"https:\/\/wp.kristdemokraterna.se\/koping\/swisha-var-valfond\/miljo-och-klimat\/","name":"Milj\u00f6 och klimat - Kristdemokraterna | K\u00f6ping","isPartOf":{"@id":"https:\/\/wp.kristdemokraterna.se\/koping\/#website"},"datePublished":"2024-01-18T10:13:15+00:00","dateModified":"2024-01-19T11:08:47+00:00","breadcrumb":{"@id":"https:\/\/wp.kristdemokraterna.se\/koping\/swisha-var-valfond\/miljo-och-klimat\/#breadcrumb"},"inLanguage":"sv-SE","potentialAction":[{"@type":"ReadAction","target":["https:\/\/wp.kristdemokraterna.se\/koping\/swisha-var-valfond\/miljo-och-klimat\/"]}]},{"@type":"BreadcrumbList","@id":"https:\/\/wp.kristdemokraterna.se\/koping\/swisha-var-valfond\/miljo-och-klimat\/#breadcrumb","itemListElement":[{"@type":"ListItem","position":1,"name":"Hem","item":"https:\/\/wp.kristdemokraterna.se\/koping\/"},{"@type":"ListItem","position":2,"name":"V\u00e5r kommunpolitik","item":"https:\/\/wp.kristdemokraterna.se\/koping\/swisha-var-valfond\/"},{"@type":"ListItem","position":3,"name":"Milj\u00f6 och klimat"}]},{"@type":"WebSite","@id":"https:\/\/wp.kristdemokraterna.se\/koping\/#website","url":"https:\/\/wp.kristdemokraterna.se\/koping\/","name":"Kristdemokraterna | K\u00f6ping","description":"K\u00f6ping beh\u00f6ver ett nytt styre - men inga bilar p\u00e5 Stora gatan","inLanguage":"sv-SE"}]}},"_links":{"self":[{"href":"https:\/\/wp.kristdemokraterna.se\/koping\/wp-json\/wp\/v2\/pages\/1840","targetHints":{"allow":["GET"]}}],"collection":[{"href":"https:\/\/wp.kristdemokraterna.se\/koping\/wp-json\/wp\/v2\/pages"}],"about":[{"href":"https:\/\/wp.kristdemokraterna.se\/koping\/wp-json\/wp\/v2\/types\/page"}],"author":[{"embeddable":true,"href":"https:\/\/wp.kristdemokraterna.se\/koping\/wp-json\/wp\/v2\/users\/444"}],"replies":[{"embeddable":true,"href":"https:\/\/wp.kristdemokraterna.se\/koping\/wp-json\/wp\/v2\/comments?post=1840"}],"version-history":[{"count":2,"href":"https:\/\/wp.kristdemokraterna.se\/koping\/wp-json\/wp\/v2\/pages\/1840\/revisions"}],"predecessor-version":[{"id":2007,"href":"https:\/\/wp.kristdemokraterna.se\/koping\/wp-json\/wp\/v2\/pages\/1840\/revisions\/2007"}],"up":[{"embeddable":true,"href":"https:\/\/wp.kristdemokraterna.se\/koping\/wp-json\/wp\/v2\/pages\/391"}],"wp:attachment":[{"href":"https:\/\/wp.kristdemokraterna.se\/koping\/wp-json\/wp\/v2\/media?parent=1840"}],"curies":[{"name":"wp","href":"https:\/\/api.w.org\/{rel}","templated":true}]}}