{"id":1952,"date":"2024-01-19T11:13:08","date_gmt":"2024-01-19T10:13:08","guid":{"rendered":"https:\/\/wp.kristdemokraterna.se\/koping\/?page_id=1952"},"modified":"2024-01-29T11:56:43","modified_gmt":"2024-01-29T10:56:43","slug":"majoritetsplattform-i-35-punkter","status":"publish","type":"page","link":"https:\/\/wp.kristdemokraterna.se\/koping\/kommunalradet\/majoritetsplattform-i-35-punkter\/","title":{"rendered":"Majoritetsplattform i 35 punkter"},"content":{"rendered":"<p><a href=\"https:\/\/wp.kristdemokraterna.se\/koping\/kommunalradet\/majoritetsplattform-i-35-punkter\/skarmavbild-2024-01-19-kl-11-14-42\/\" rel=\"attachment wp-att-1955\"><img loading=\"lazy\" decoding=\"async\" class=\"wp-image-1955 alignnone\" src=\"http:\/\/wp.kristdemokraterna.se\/koping\/files\/2024\/01\/skarmavbild-2024-01-19-kl.-11.14.42-300x115.png\" alt=\"\" width=\"417\" height=\"160\" srcset=\"https:\/\/wp.kristdemokraterna.se\/koping\/files\/2024\/01\/skarmavbild-2024-01-19-kl.-11.14.42-300x115.png 300w, https:\/\/wp.kristdemokraterna.se\/koping\/files\/2024\/01\/skarmavbild-2024-01-19-kl.-11.14.42-370x142.png 370w, https:\/\/wp.kristdemokraterna.se\/koping\/files\/2024\/01\/skarmavbild-2024-01-19-kl.-11.14.42-450x172.png 450w, https:\/\/wp.kristdemokraterna.se\/koping\/files\/2024\/01\/skarmavbild-2024-01-19-kl.-11.14.42-280x107.png 280w, https:\/\/wp.kristdemokraterna.se\/koping\/files\/2024\/01\/skarmavbild-2024-01-19-kl.-11.14.42-340x130.png 340w, https:\/\/wp.kristdemokraterna.se\/koping\/files\/2024\/01\/skarmavbild-2024-01-19-kl.-11.14.42-200x77.png 200w, https:\/\/wp.kristdemokraterna.se\/koping\/files\/2024\/01\/skarmavbild-2024-01-19-kl.-11.14.42-146x56.png 146w, https:\/\/wp.kristdemokraterna.se\/koping\/files\/2024\/01\/skarmavbild-2024-01-19-kl.-11.14.42.png 666w\" sizes=\"auto, (max-width: 417px) 100vw, 417px\" \/><\/a><\/p>\n<p style=\"text-align: left\"><strong>A<\/strong><strong>vsiktsf\u00f6rklaring 2023-2026<\/strong><\/p>\n<p>Socialdemokraterna, Kristdemokraterna, V\u00e4nsterpartiet och Centerpartiet \u00e4r \u00f6verens om att tillsammans bilda en gemensam majoritet i K\u00f6pings kommunfullm\u00e4ktige samt n\u00e4mnder och styrelser. Vi \u00e4r \u00f6verens om f\u00f6rdelning av platser samt l\u00e4gger gemensamma budgetar och driver m\u00e5nga fr\u00e5gor gemensamt. Som f\u00f6rtroendevalda m\u00f6ter vi alla med respekt, dialog och f\u00f6rtroende.<\/p>\n<p><strong>Politiska punkter<br \/>\n<\/strong>Partierna \u00e4r \u00f6verens om att gemensamt st\u00e5 bakom och driva f\u00f6ljande fr\u00e5gor\/omr\u00e5den:<\/p>\n<p><strong>V\u00e4lf\u00e4rd<\/strong><\/p>\n<ol>\n<li>F\u00f6rskola och skola ska i huvudsak bedrivas i offentlig regi. Kommunen ska m\u00f6jligg\u00f6ra f\u00f6r en frist\u00e5ende akt\u00f6r som \u00f6nskar bedriva utbildningsverksamhet i kommunen. Om s\u00e5 sker ska ans\u00f6kan f\u00f6lja kommunens kriterier f\u00f6r skolverksamhet samt inneb\u00e4ra n\u00e5gon pedagogisk inriktning som inte finns i kommunen.<\/li>\n<li>Vi ska arbeta f\u00f6r att f\u00f6rskolorna har en likv\u00e4rdig pedagogisk kompetens.<\/li>\n<li>Utveckla barnomsorg p\u00e5 dygnets alla timmar.<\/li>\n<li>Familjedaghem erbjuds som alternativ till f\u00f6rskola.<\/li>\n<li>En likv\u00e4rdig skola i hela kommunen, v\u00e4rna landsbygdsskolor.<\/li>\n<li>Tv\u00e5l\u00e4rarsystem ska successivt inf\u00f6ras i kommunens skolor.<\/li>\n<li>Kulturskolan ska utvecklas.<\/li>\n<li>Folkbildningens betydelse ska tillvaratas.<\/li>\n<li>F\u00f6r\u00e4ldrast\u00f6dsprogrammet ska utvecklas.<\/li>\n<li>Elever ska kunna f\u00e5 kontakt med skolh\u00e4lsov\u00e5rden inom 24 timmar p\u00e5 vardagar.<\/li>\n<li>Samverkan mellan skola och n\u00e4ringsliv ska st\u00e4rkas.<\/li>\n<li>\u00c4ldreomsorg ska i huvudsak bedrivas i offentlig regi. Kommunen ska m\u00f6jligg\u00f6ra f\u00f6r en frist\u00e5ende akt\u00f6r som \u00f6nskar bedriva \u00e4ldreomsorg i kommunen. Om s\u00e5 sker ska ans\u00f6kan f\u00f6lja kommunens kriterier f\u00f6r \u00e4ldreomsorg som kommunen bed\u00f6mer inte vara m\u00f6jlig i egen regi.<\/li>\n<li>Fler trygghetsboenden beh\u00f6ver byggas.<\/li>\n<li>Trygghetsboenden ska kunna erbjudas utan att bist\u00e5ndsbed\u00f6mning gjorts.<\/li>\n<li>Aktivitetsv\u00e4rdar ska finnas tillg\u00e4ngliga p\u00e5 samtliga \u00e4ldreboenden.<\/li>\n<li>B\u00e4ttre kontinuitet i \u00e4ldreomsorgen f\u00f6r brukarna. M\u00e5ls\u00e4ttningen ska vara max 10 personal\/brukare.<\/li>\n<li>P\u00e5b\u00f6rja en satsning p\u00e5 arbetsskor f\u00f6r utsedda personalgrupper inom hemtj\u00e4nst och v\u00e5rdboenden.<\/li>\n<\/ol>\n<p><strong>Utveckling<\/strong><\/p>\n<ol start=\"18\">\n<li>K\u00f6pings kommun ska tillsammans med representanter fr\u00e5n det lokala n\u00e4ringslivet utarbeta en utvecklingsplan f\u00f6r n\u00e4ringslivsklimatet. M\u00e5let ska vara att ligga topp 100 inom 4 \u00e5r i bland annat Svenskt N\u00e4ringslivs ranking.<\/li>\n<li>F\u00f6r att trygga v\u00e4lf\u00e4rden beh\u00f6ver K\u00f6ping fler f\u00f6retag och en stadig befolkningstillv\u00e4xt.<\/li>\n<li>Det ska finnas naturliga, trygga str\u00e5k och m\u00f6tesplatser i K\u00f6pings kommun.<\/li>\n<li>Kommunen ska ha beredskap f\u00f6r att kunna erbjuda detaljplanerade tomter till f\u00f6retag som vill etablera sig eller bygga ut.<\/li>\n<li>Kommunen ska st\u00e4ndigt utveckla attraktiva boendemilj\u00f6er.<\/li>\n<li>Utreda f\u00f6ruts\u00e4ttningarna f\u00f6r att bygga en ny ishall.<\/li>\n<\/ol>\n<p><strong>Trygghet<\/strong><\/p>\n<ol start=\"24\">\n<li>Fortsatt arbete i Brottsf\u00f6rebyggande r\u00e5det med medborgarl\u00f6ften och handlingsplaner tillsammans med Polismyndigheten.<\/li>\n<li>Trygghetsarbete ska utvecklas bland annat via Embrace och insatser ska g\u00f6ras utifr\u00e5n det som inrapporteras.<\/li>\n<li>Fritidsaktiviteter ska erbjudas ungdomar i samverkan med f\u00f6reningsliv och andra akt\u00f6rer.<\/li>\n<li>Ungcoacher ska forts\u00e4tta vara en viktig del av trygghets -och det sociala arbetet.<\/li>\n<li>Kvinnojoursverksamhet skall uppmuntras.<\/li>\n<\/ol>\n<p><strong>Klimat\/Milj\u00f6<\/strong><\/p>\n<ol start=\"29\">\n<li>Kommunen ska ta fram en fossilfri energif\u00f6rs\u00f6rjningsplan.<\/li>\n<li>Utarbeta ett h\u00e5llbarhetsprogram i kommunen som bidrar till Agenda 2030.<\/li>\n<li>Kommunen ska bygga och renovera klimatsmart med till exempel solpaneler.<\/li>\n<li>Utarbeta en vindkraftsplan, dock ej storskalig vindkraft.<\/li>\n<li>Anl\u00e4gga solcellspark i kommunen.<\/li>\n<li>V\u00e4rna gr\u00f6nomr\u00e5den, parker och skog f\u00f6r milj\u00f6 och rekreation.<\/li>\n<li>Utreda naturreservat vid Norsa hagar.<\/li>\n<\/ol>\n","protected":false},"excerpt":{"rendered":"<p>Avsiktsf\u00f6rklaring 2023-2026 Socialdemokraterna, Kristdemokraterna, V\u00e4nsterpartiet och Centerpartiet \u00e4r \u00f6verens om att tillsammans bilda en gemensam majoritet i K\u00f6pings kommunfullm\u00e4ktige samt n\u00e4mnder och styrelser. Vi \u00e4r \u00f6verens om f\u00f6rdelning av platser samt l\u00e4gger gemensamma budgetar och driver m\u00e5nga fr\u00e5gor gemensamt. Som f\u00f6rtroendevalda m\u00f6ter vi alla med respekt, dialog och f\u00f6rtroende. Politiska punkter Partierna \u00e4r \u00f6verens om <a class=\"read-more-link\" href=\"https:\/\/wp.kristdemokraterna.se\/koping\/kommunalradet\/majoritetsplattform-i-35-punkter\/\">Read More<\/a><\/p>\n","protected":false},"author":62,"featured_media":0,"parent":1623,"menu_order":2,"comment_status":"closed","ping_status":"closed","template":"page.php","meta":{"_acf_changed":false,"footnotes":""},"class_list":["post-1952","page","type-page","status-publish","hentry"],"acf":[],"yoast_head":"<!-- This site is optimized with the Yoast SEO plugin v27.4 - https:\/\/yoast.com\/product\/yoast-seo-wordpress\/ -->\n<title>Majoritetsplattform i 35 punkter - Kristdemokraterna | K\u00f6ping<\/title>\n<meta name=\"robots\" content=\"index, follow, max-snippet:-1, max-image-preview:large, max-video-preview:-1\" \/>\n<link rel=\"canonical\" href=\"https:\/\/wp.kristdemokraterna.se\/koping\/kommunalradet\/majoritetsplattform-i-35-punkter\/\" \/>\n<meta property=\"og:locale\" content=\"sv_SE\" \/>\n<meta property=\"og:type\" content=\"article\" \/>\n<meta property=\"og:title\" content=\"Majoritetsplattform i 35 punkter - Kristdemokraterna | K\u00f6ping\" \/>\n<meta property=\"og:description\" content=\"Avsiktsf\u00f6rklaring 2023-2026 Socialdemokraterna, Kristdemokraterna, V\u00e4nsterpartiet och Centerpartiet \u00e4r \u00f6verens om att tillsammans bilda en gemensam majoritet i K\u00f6pings kommunfullm\u00e4ktige samt n\u00e4mnder och styrelser. Vi \u00e4r \u00f6verens om f\u00f6rdelning av platser samt l\u00e4gger gemensamma budgetar och driver m\u00e5nga fr\u00e5gor gemensamt. Som f\u00f6rtroendevalda m\u00f6ter vi alla med respekt, dialog och f\u00f6rtroende. Politiska punkter Partierna \u00e4r \u00f6verens om Read More\" \/>\n<meta property=\"og:url\" content=\"https:\/\/wp.kristdemokraterna.se\/koping\/kommunalradet\/majoritetsplattform-i-35-punkter\/\" \/>\n<meta property=\"og:site_name\" content=\"Kristdemokraterna | K\u00f6ping\" \/>\n<meta property=\"article:modified_time\" content=\"2024-01-29T10:56:43+00:00\" \/>\n<meta property=\"og:image\" content=\"http:\/\/wp.kristdemokraterna.se\/koping\/files\/2024\/01\/skarmavbild-2024-01-19-kl.-11.14.42-300x115.png\" \/>\n<meta name=\"twitter:card\" content=\"summary_large_image\" \/>\n<meta name=\"twitter:label1\" content=\"Ber\u00e4knad l\u00e4stid\" \/>\n\t<meta name=\"twitter:data1\" content=\"3 minuter\" \/>\n<script type=\"application\/ld+json\" class=\"yoast-schema-graph\">{\"@context\":\"https:\\\/\\\/schema.org\",\"@graph\":[{\"@type\":\"WebPage\",\"@id\":\"https:\\\/\\\/wp.kristdemokraterna.se\\\/koping\\\/kommunalradet\\\/majoritetsplattform-i-35-punkter\\\/\",\"url\":\"https:\\\/\\\/wp.kristdemokraterna.se\\\/koping\\\/kommunalradet\\\/majoritetsplattform-i-35-punkter\\\/\",\"name\":\"Majoritetsplattform i 35 punkter - Kristdemokraterna | K\u00f6ping\",\"isPartOf\":{\"@id\":\"https:\\\/\\\/wp.kristdemokraterna.se\\\/koping\\\/#website\"},\"primaryImageOfPage\":{\"@id\":\"https:\\\/\\\/wp.kristdemokraterna.se\\\/koping\\\/kommunalradet\\\/majoritetsplattform-i-35-punkter\\\/#primaryimage\"},\"image\":{\"@id\":\"https:\\\/\\\/wp.kristdemokraterna.se\\\/koping\\\/kommunalradet\\\/majoritetsplattform-i-35-punkter\\\/#primaryimage\"},\"thumbnailUrl\":\"http:\\\/\\\/wp.kristdemokraterna.se\\\/koping\\\/files\\\/2024\\\/01\\\/skarmavbild-2024-01-19-kl.-11.14.42-300x115.png\",\"datePublished\":\"2024-01-19T10:13:08+00:00\",\"dateModified\":\"2024-01-29T10:56:43+00:00\",\"breadcrumb\":{\"@id\":\"https:\\\/\\\/wp.kristdemokraterna.se\\\/koping\\\/kommunalradet\\\/majoritetsplattform-i-35-punkter\\\/#breadcrumb\"},\"inLanguage\":\"sv-SE\",\"potentialAction\":[{\"@type\":\"ReadAction\",\"target\":[\"https:\\\/\\\/wp.kristdemokraterna.se\\\/koping\\\/kommunalradet\\\/majoritetsplattform-i-35-punkter\\\/\"]}]},{\"@type\":\"ImageObject\",\"inLanguage\":\"sv-SE\",\"@id\":\"https:\\\/\\\/wp.kristdemokraterna.se\\\/koping\\\/kommunalradet\\\/majoritetsplattform-i-35-punkter\\\/#primaryimage\",\"url\":\"http:\\\/\\\/wp.kristdemokraterna.se\\\/koping\\\/files\\\/2024\\\/01\\\/skarmavbild-2024-01-19-kl.-11.14.42-300x115.png\",\"contentUrl\":\"http:\\\/\\\/wp.kristdemokraterna.se\\\/koping\\\/files\\\/2024\\\/01\\\/skarmavbild-2024-01-19-kl.-11.14.42-300x115.png\"},{\"@type\":\"BreadcrumbList\",\"@id\":\"https:\\\/\\\/wp.kristdemokraterna.se\\\/koping\\\/kommunalradet\\\/majoritetsplattform-i-35-punkter\\\/#breadcrumb\",\"itemListElement\":[{\"@type\":\"ListItem\",\"position\":1,\"name\":\"Hem\",\"item\":\"https:\\\/\\\/wp.kristdemokraterna.se\\\/koping\\\/\"},{\"@type\":\"ListItem\",\"position\":2,\"name\":\"Kommunalr\u00e5det\",\"item\":\"https:\\\/\\\/wp.kristdemokraterna.se\\\/koping\\\/kommunalradet\\\/\"},{\"@type\":\"ListItem\",\"position\":3,\"name\":\"Majoritetsplattform i 35 punkter\"}]},{\"@type\":\"WebSite\",\"@id\":\"https:\\\/\\\/wp.kristdemokraterna.se\\\/koping\\\/#website\",\"url\":\"https:\\\/\\\/wp.kristdemokraterna.se\\\/koping\\\/\",\"name\":\"Kristdemokraterna | K\u00f6ping\",\"description\":\"K\u00f6ping beh\u00f6ver ett nytt styre - men inga bilar p\u00e5 Stora gatan\",\"inLanguage\":\"sv-SE\"}]}<\/script>\n<!-- \/ Yoast SEO plugin. -->","yoast_head_json":{"title":"Majoritetsplattform i 35 punkter - Kristdemokraterna | K\u00f6ping","robots":{"index":"index","follow":"follow","max-snippet":"max-snippet:-1","max-image-preview":"max-image-preview:large","max-video-preview":"max-video-preview:-1"},"canonical":"https:\/\/wp.kristdemokraterna.se\/koping\/kommunalradet\/majoritetsplattform-i-35-punkter\/","og_locale":"sv_SE","og_type":"article","og_title":"Majoritetsplattform i 35 punkter - Kristdemokraterna | K\u00f6ping","og_description":"Avsiktsf\u00f6rklaring 2023-2026 Socialdemokraterna, Kristdemokraterna, V\u00e4nsterpartiet och Centerpartiet \u00e4r \u00f6verens om att tillsammans bilda en gemensam majoritet i K\u00f6pings kommunfullm\u00e4ktige samt n\u00e4mnder och styrelser. Vi \u00e4r \u00f6verens om f\u00f6rdelning av platser samt l\u00e4gger gemensamma budgetar och driver m\u00e5nga fr\u00e5gor gemensamt. Som f\u00f6rtroendevalda m\u00f6ter vi alla med respekt, dialog och f\u00f6rtroende. Politiska punkter Partierna \u00e4r \u00f6verens om Read More","og_url":"https:\/\/wp.kristdemokraterna.se\/koping\/kommunalradet\/majoritetsplattform-i-35-punkter\/","og_site_name":"Kristdemokraterna | K\u00f6ping","article_modified_time":"2024-01-29T10:56:43+00:00","og_image":[{"url":"http:\/\/wp.kristdemokraterna.se\/koping\/files\/2024\/01\/skarmavbild-2024-01-19-kl.-11.14.42-300x115.png","type":"","width":"","height":""}],"twitter_card":"summary_large_image","twitter_misc":{"Ber\u00e4knad l\u00e4stid":"3 minuter"},"schema":{"@context":"https:\/\/schema.org","@graph":[{"@type":"WebPage","@id":"https:\/\/wp.kristdemokraterna.se\/koping\/kommunalradet\/majoritetsplattform-i-35-punkter\/","url":"https:\/\/wp.kristdemokraterna.se\/koping\/kommunalradet\/majoritetsplattform-i-35-punkter\/","name":"Majoritetsplattform i 35 punkter - Kristdemokraterna | K\u00f6ping","isPartOf":{"@id":"https:\/\/wp.kristdemokraterna.se\/koping\/#website"},"primaryImageOfPage":{"@id":"https:\/\/wp.kristdemokraterna.se\/koping\/kommunalradet\/majoritetsplattform-i-35-punkter\/#primaryimage"},"image":{"@id":"https:\/\/wp.kristdemokraterna.se\/koping\/kommunalradet\/majoritetsplattform-i-35-punkter\/#primaryimage"},"thumbnailUrl":"http:\/\/wp.kristdemokraterna.se\/koping\/files\/2024\/01\/skarmavbild-2024-01-19-kl.-11.14.42-300x115.png","datePublished":"2024-01-19T10:13:08+00:00","dateModified":"2024-01-29T10:56:43+00:00","breadcrumb":{"@id":"https:\/\/wp.kristdemokraterna.se\/koping\/kommunalradet\/majoritetsplattform-i-35-punkter\/#breadcrumb"},"inLanguage":"sv-SE","potentialAction":[{"@type":"ReadAction","target":["https:\/\/wp.kristdemokraterna.se\/koping\/kommunalradet\/majoritetsplattform-i-35-punkter\/"]}]},{"@type":"ImageObject","inLanguage":"sv-SE","@id":"https:\/\/wp.kristdemokraterna.se\/koping\/kommunalradet\/majoritetsplattform-i-35-punkter\/#primaryimage","url":"http:\/\/wp.kristdemokraterna.se\/koping\/files\/2024\/01\/skarmavbild-2024-01-19-kl.-11.14.42-300x115.png","contentUrl":"http:\/\/wp.kristdemokraterna.se\/koping\/files\/2024\/01\/skarmavbild-2024-01-19-kl.-11.14.42-300x115.png"},{"@type":"BreadcrumbList","@id":"https:\/\/wp.kristdemokraterna.se\/koping\/kommunalradet\/majoritetsplattform-i-35-punkter\/#breadcrumb","itemListElement":[{"@type":"ListItem","position":1,"name":"Hem","item":"https:\/\/wp.kristdemokraterna.se\/koping\/"},{"@type":"ListItem","position":2,"name":"Kommunalr\u00e5det","item":"https:\/\/wp.kristdemokraterna.se\/koping\/kommunalradet\/"},{"@type":"ListItem","position":3,"name":"Majoritetsplattform i 35 punkter"}]},{"@type":"WebSite","@id":"https:\/\/wp.kristdemokraterna.se\/koping\/#website","url":"https:\/\/wp.kristdemokraterna.se\/koping\/","name":"Kristdemokraterna | K\u00f6ping","description":"K\u00f6ping beh\u00f6ver ett nytt styre - men inga bilar p\u00e5 Stora gatan","inLanguage":"sv-SE"}]}},"_links":{"self":[{"href":"https:\/\/wp.kristdemokraterna.se\/koping\/wp-json\/wp\/v2\/pages\/1952","targetHints":{"allow":["GET"]}}],"collection":[{"href":"https:\/\/wp.kristdemokraterna.se\/koping\/wp-json\/wp\/v2\/pages"}],"about":[{"href":"https:\/\/wp.kristdemokraterna.se\/koping\/wp-json\/wp\/v2\/types\/page"}],"author":[{"embeddable":true,"href":"https:\/\/wp.kristdemokraterna.se\/koping\/wp-json\/wp\/v2\/users\/62"}],"replies":[{"embeddable":true,"href":"https:\/\/wp.kristdemokraterna.se\/koping\/wp-json\/wp\/v2\/comments?post=1952"}],"version-history":[{"count":15,"href":"https:\/\/wp.kristdemokraterna.se\/koping\/wp-json\/wp\/v2\/pages\/1952\/revisions"}],"predecessor-version":[{"id":2125,"href":"https:\/\/wp.kristdemokraterna.se\/koping\/wp-json\/wp\/v2\/pages\/1952\/revisions\/2125"}],"up":[{"embeddable":true,"href":"https:\/\/wp.kristdemokraterna.se\/koping\/wp-json\/wp\/v2\/pages\/1623"}],"wp:attachment":[{"href":"https:\/\/wp.kristdemokraterna.se\/koping\/wp-json\/wp\/v2\/media?parent=1952"}],"curies":[{"name":"wp","href":"https:\/\/api.w.org\/{rel}","templated":true}]}}