{"id":2131,"date":"2024-01-25T16:32:52","date_gmt":"2024-01-25T15:32:52","guid":{"rendered":"https:\/\/wp.kristdemokraterna.se\/koping\/?page_id=2131"},"modified":"2024-02-26T13:13:17","modified_gmt":"2024-02-26T12:13:17","slug":"bra-att-ha-lankar","status":"publish","type":"page","link":"https:\/\/wp.kristdemokraterna.se\/koping\/var-lokalavdelning\/bra-att-ha-lankar\/","title":{"rendered":"&#8221;Bra att ha&#8221; l\u00e4nkar"},"content":{"rendered":"<p>H\u00e4r finns n\u00e5gra sp\u00e4nnande l\u00e4nkar som du kan ha nytta av:<\/p>\n<ul>\n<li><a href=\"https:\/\/kristdemokraterna.se\/ovrigt\/a-till-o\">Politik fr\u00e5n A till \u00d6<\/a><\/li>\n<li><a href=\"https:\/\/kristdemokraterna.se\/ovrigt\/skolarbete\">Skolarbete<\/a><\/li>\n<li><a href=\"https:\/\/www.civitas.net\/\">Civitas -Kristdemokratiska Id\u00e9institutet<\/a><\/li>\n<li><a href=\"https:\/\/kristdemokraterna.se\/vart-parti\/historia\">V\u00e5r historia<\/a><\/li>\n<li><a href=\"https:\/\/kristdemokraterna.se\/var-politik\/kd-pa-andra-sprak\">KD p\u00e5 andra spr\u00e5k<\/a><\/li>\n<li><a href=\"https:\/\/idp01.kdidp.se\/Account\/Login?ReturnUrl=%2Fconnect%2Fauthorize%2Fcallback%3Fresponse_type%3Dcode%26client_id%3Dsitevision%26scope%3Daddress%2520openid%2520profile%26redirect_uri%3Dhttps%253A%252F%252Fkdplus.nu%252Fopenidconnect%252Flogin%26state%3DWe8bztR8jVQR6H1v4q3ajfA8l8yb8970%26nonce%3DzxkDpRoME6Zcin8LfInIWBaaMeHDEv3w%26code_challenge%3DsZk3Hi1g7fLK3rtim0RA2yipVqXTnUvshwsCsGdAhIo%26code_challenge_method%3DS256%26response_mode%3Dform_post\">KD-Plus (intran\u00e4t f\u00f6r medlemmar)<\/a><\/li>\n<li><a href=\"https:\/\/www.kdu.se\/\">Ungdomsf\u00f6rbundet KDU<\/a><\/li>\n<li><\/li>\n<\/ul>\n","protected":false},"excerpt":{"rendered":"<p>H\u00e4r finns n\u00e5gra sp\u00e4nnande l\u00e4nkar som du kan ha nytta av: Politik fr\u00e5n A till \u00d6 Skolarbete Civitas -Kristdemokratiska Id\u00e9institutet V\u00e5r historia KD p\u00e5 andra spr\u00e5k KD-Plus (intran\u00e4t f\u00f6r medlemmar) Ungdomsf\u00f6rbundet KDU<\/p>\n","protected":false},"author":62,"featured_media":0,"parent":8,"menu_order":4,"comment_status":"closed","ping_status":"closed","template":"page.php","meta":{"_acf_changed":false,"footnotes":""},"class_list":["post-2131","page","type-page","status-publish","hentry"],"acf":[],"yoast_head":"<!-- This site is optimized with the Yoast SEO plugin v27.3 - https:\/\/yoast.com\/product\/yoast-seo-wordpress\/ -->\n<title>&quot;Bra att ha&quot; l\u00e4nkar - Kristdemokraterna | K\u00f6ping<\/title>\n<meta name=\"robots\" content=\"index, follow, max-snippet:-1, max-image-preview:large, max-video-preview:-1\" \/>\n<link rel=\"canonical\" href=\"https:\/\/wp.kristdemokraterna.se\/koping\/var-lokalavdelning\/bra-att-ha-lankar\/\" \/>\n<meta property=\"og:locale\" content=\"sv_SE\" \/>\n<meta property=\"og:type\" content=\"article\" \/>\n<meta property=\"og:title\" content=\"&quot;Bra att ha&quot; l\u00e4nkar - Kristdemokraterna | K\u00f6ping\" \/>\n<meta property=\"og:description\" content=\"H\u00e4r finns n\u00e5gra sp\u00e4nnande l\u00e4nkar som du kan ha nytta av: Politik fr\u00e5n A till \u00d6 Skolarbete Civitas -Kristdemokratiska Id\u00e9institutet V\u00e5r historia KD p\u00e5 andra spr\u00e5k KD-Plus (intran\u00e4t f\u00f6r medlemmar) Ungdomsf\u00f6rbundet KDU\" \/>\n<meta property=\"og:url\" content=\"https:\/\/wp.kristdemokraterna.se\/koping\/var-lokalavdelning\/bra-att-ha-lankar\/\" \/>\n<meta property=\"og:site_name\" content=\"Kristdemokraterna | K\u00f6ping\" \/>\n<meta property=\"article:modified_time\" content=\"2024-02-26T12:13:17+00:00\" \/>\n<meta name=\"twitter:card\" content=\"summary_large_image\" \/>\n<meta name=\"twitter:label1\" content=\"Ber\u00e4knad l\u00e4stid\" \/>\n\t<meta name=\"twitter:data1\" content=\"1 minut\" \/>\n<script type=\"application\/ld+json\" class=\"yoast-schema-graph\">{\"@context\":\"https:\\\/\\\/schema.org\",\"@graph\":[{\"@type\":\"WebPage\",\"@id\":\"https:\\\/\\\/wp.kristdemokraterna.se\\\/koping\\\/var-lokalavdelning\\\/bra-att-ha-lankar\\\/\",\"url\":\"https:\\\/\\\/wp.kristdemokraterna.se\\\/koping\\\/var-lokalavdelning\\\/bra-att-ha-lankar\\\/\",\"name\":\"\\\"Bra att ha\\\" l\u00e4nkar - Kristdemokraterna | K\u00f6ping\",\"isPartOf\":{\"@id\":\"https:\\\/\\\/wp.kristdemokraterna.se\\\/koping\\\/#website\"},\"datePublished\":\"2024-01-25T15:32:52+00:00\",\"dateModified\":\"2024-02-26T12:13:17+00:00\",\"breadcrumb\":{\"@id\":\"https:\\\/\\\/wp.kristdemokraterna.se\\\/koping\\\/var-lokalavdelning\\\/bra-att-ha-lankar\\\/#breadcrumb\"},\"inLanguage\":\"sv-SE\",\"potentialAction\":[{\"@type\":\"ReadAction\",\"target\":[\"https:\\\/\\\/wp.kristdemokraterna.se\\\/koping\\\/var-lokalavdelning\\\/bra-att-ha-lankar\\\/\"]}]},{\"@type\":\"BreadcrumbList\",\"@id\":\"https:\\\/\\\/wp.kristdemokraterna.se\\\/koping\\\/var-lokalavdelning\\\/bra-att-ha-lankar\\\/#breadcrumb\",\"itemListElement\":[{\"@type\":\"ListItem\",\"position\":1,\"name\":\"Hem\",\"item\":\"https:\\\/\\\/wp.kristdemokraterna.se\\\/koping\\\/\"},{\"@type\":\"ListItem\",\"position\":2,\"name\":\"V\u00e5r partiavdelning\",\"item\":\"https:\\\/\\\/wp.kristdemokraterna.se\\\/koping\\\/var-lokalavdelning\\\/\"},{\"@type\":\"ListItem\",\"position\":3,\"name\":\"&#8221;Bra att ha&#8221; l\u00e4nkar\"}]},{\"@type\":\"WebSite\",\"@id\":\"https:\\\/\\\/wp.kristdemokraterna.se\\\/koping\\\/#website\",\"url\":\"https:\\\/\\\/wp.kristdemokraterna.se\\\/koping\\\/\",\"name\":\"Kristdemokraterna | K\u00f6ping\",\"description\":\"K\u00f6ping beh\u00f6ver ett nytt styre - men inga bilar p\u00e5 Stora gatan\",\"inLanguage\":\"sv-SE\"}]}<\/script>\n<!-- \/ Yoast SEO plugin. -->","yoast_head_json":{"title":"\"Bra att ha\" l\u00e4nkar - Kristdemokraterna | K\u00f6ping","robots":{"index":"index","follow":"follow","max-snippet":"max-snippet:-1","max-image-preview":"max-image-preview:large","max-video-preview":"max-video-preview:-1"},"canonical":"https:\/\/wp.kristdemokraterna.se\/koping\/var-lokalavdelning\/bra-att-ha-lankar\/","og_locale":"sv_SE","og_type":"article","og_title":"\"Bra att ha\" l\u00e4nkar - Kristdemokraterna | K\u00f6ping","og_description":"H\u00e4r finns n\u00e5gra sp\u00e4nnande l\u00e4nkar som du kan ha nytta av: Politik fr\u00e5n A till \u00d6 Skolarbete Civitas -Kristdemokratiska Id\u00e9institutet V\u00e5r historia KD p\u00e5 andra spr\u00e5k KD-Plus (intran\u00e4t f\u00f6r medlemmar) Ungdomsf\u00f6rbundet KDU","og_url":"https:\/\/wp.kristdemokraterna.se\/koping\/var-lokalavdelning\/bra-att-ha-lankar\/","og_site_name":"Kristdemokraterna | K\u00f6ping","article_modified_time":"2024-02-26T12:13:17+00:00","twitter_card":"summary_large_image","twitter_misc":{"Ber\u00e4knad l\u00e4stid":"1 minut"},"schema":{"@context":"https:\/\/schema.org","@graph":[{"@type":"WebPage","@id":"https:\/\/wp.kristdemokraterna.se\/koping\/var-lokalavdelning\/bra-att-ha-lankar\/","url":"https:\/\/wp.kristdemokraterna.se\/koping\/var-lokalavdelning\/bra-att-ha-lankar\/","name":"\"Bra att ha\" l\u00e4nkar - Kristdemokraterna | K\u00f6ping","isPartOf":{"@id":"https:\/\/wp.kristdemokraterna.se\/koping\/#website"},"datePublished":"2024-01-25T15:32:52+00:00","dateModified":"2024-02-26T12:13:17+00:00","breadcrumb":{"@id":"https:\/\/wp.kristdemokraterna.se\/koping\/var-lokalavdelning\/bra-att-ha-lankar\/#breadcrumb"},"inLanguage":"sv-SE","potentialAction":[{"@type":"ReadAction","target":["https:\/\/wp.kristdemokraterna.se\/koping\/var-lokalavdelning\/bra-att-ha-lankar\/"]}]},{"@type":"BreadcrumbList","@id":"https:\/\/wp.kristdemokraterna.se\/koping\/var-lokalavdelning\/bra-att-ha-lankar\/#breadcrumb","itemListElement":[{"@type":"ListItem","position":1,"name":"Hem","item":"https:\/\/wp.kristdemokraterna.se\/koping\/"},{"@type":"ListItem","position":2,"name":"V\u00e5r partiavdelning","item":"https:\/\/wp.kristdemokraterna.se\/koping\/var-lokalavdelning\/"},{"@type":"ListItem","position":3,"name":"&#8221;Bra att ha&#8221; l\u00e4nkar"}]},{"@type":"WebSite","@id":"https:\/\/wp.kristdemokraterna.se\/koping\/#website","url":"https:\/\/wp.kristdemokraterna.se\/koping\/","name":"Kristdemokraterna | K\u00f6ping","description":"K\u00f6ping beh\u00f6ver ett nytt styre - men inga bilar p\u00e5 Stora gatan","inLanguage":"sv-SE"}]}},"_links":{"self":[{"href":"https:\/\/wp.kristdemokraterna.se\/koping\/wp-json\/wp\/v2\/pages\/2131","targetHints":{"allow":["GET"]}}],"collection":[{"href":"https:\/\/wp.kristdemokraterna.se\/koping\/wp-json\/wp\/v2\/pages"}],"about":[{"href":"https:\/\/wp.kristdemokraterna.se\/koping\/wp-json\/wp\/v2\/types\/page"}],"author":[{"embeddable":true,"href":"https:\/\/wp.kristdemokraterna.se\/koping\/wp-json\/wp\/v2\/users\/62"}],"replies":[{"embeddable":true,"href":"https:\/\/wp.kristdemokraterna.se\/koping\/wp-json\/wp\/v2\/comments?post=2131"}],"version-history":[{"count":16,"href":"https:\/\/wp.kristdemokraterna.se\/koping\/wp-json\/wp\/v2\/pages\/2131\/revisions"}],"predecessor-version":[{"id":2154,"href":"https:\/\/wp.kristdemokraterna.se\/koping\/wp-json\/wp\/v2\/pages\/2131\/revisions\/2154"}],"up":[{"embeddable":true,"href":"https:\/\/wp.kristdemokraterna.se\/koping\/wp-json\/wp\/v2\/pages\/8"}],"wp:attachment":[{"href":"https:\/\/wp.kristdemokraterna.se\/koping\/wp-json\/wp\/v2\/media?parent=2131"}],"curies":[{"name":"wp","href":"https:\/\/api.w.org\/{rel}","templated":true}]}}