{"id":2238,"date":"2024-01-26T12:39:21","date_gmt":"2024-01-26T11:39:21","guid":{"rendered":"https:\/\/wp.kristdemokraterna.se\/koping\/?page_id=2238"},"modified":"2024-01-26T12:39:21","modified_gmt":"2024-01-26T11:39:21","slug":"gor-skillnad","status":"publish","type":"page","link":"https:\/\/wp.kristdemokraterna.se\/koping\/engagera-dig\/gor-skillnad\/","title":{"rendered":"G\u00f6r skillnad"},"content":{"rendered":"<p>Du kan g\u00f6ra skillnad!<br \/>\nDu kan tillsammans med oss andra i v\u00e5r kommungrupp g\u00f6ra skillnad. Du kan g\u00f6ra K\u00f6ping b\u00e4ttre.\u00a0 Det h\u00e5ller inte att hela tiden f\u00f6rv\u00e4nta sig att n\u00e5n annan ska ta ansvar. Det \u00e4r dags att agera och framf\u00f6ra v\u00e5ra konkreta och konstruktiva id\u00e9er.<\/p>\n<p>Vi gillar syns\u00e4ttet: \u201dDet \u00e4r i kommunerna vi bygger Sverige\u201d, som v\u00e5r f\u00f6rste partiordf\u00f6rande myntade redan i mitten av 60-talet.<\/p>\n<p>Vi bor och verkar lokalt. Vi ser p\u00e5 n\u00e4ra h\u00e5ll vilka insatser som beh\u00f6ver g\u00f6ras. Kom till skott och engagera dig. G\u00f6r skillnad!<\/p>\n","protected":false},"excerpt":{"rendered":"<p>Du kan g\u00f6ra skillnad! Du kan tillsammans med oss andra i v\u00e5r kommungrupp g\u00f6ra skillnad. Du kan g\u00f6ra K\u00f6ping b\u00e4ttre.\u00a0 Det h\u00e5ller inte att hela tiden f\u00f6rv\u00e4nta sig att n\u00e5n annan ska ta ansvar. Det \u00e4r dags att agera och framf\u00f6ra v\u00e5ra konkreta och konstruktiva id\u00e9er. Vi gillar syns\u00e4ttet: \u201dDet \u00e4r i kommunerna vi bygger <a class=\"read-more-link\" href=\"https:\/\/wp.kristdemokraterna.se\/koping\/engagera-dig\/gor-skillnad\/\">Read More<\/a><\/p>\n","protected":false},"author":62,"featured_media":0,"parent":2222,"menu_order":0,"comment_status":"closed","ping_status":"closed","template":"page.php","meta":{"_acf_changed":false,"footnotes":""},"class_list":["post-2238","page","type-page","status-publish","hentry"],"acf":[],"yoast_head":"<!-- This site is optimized with the Yoast SEO plugin v27.3 - https:\/\/yoast.com\/product\/yoast-seo-wordpress\/ -->\n<title>G\u00f6r skillnad - Kristdemokraterna | K\u00f6ping<\/title>\n<meta name=\"robots\" content=\"index, follow, max-snippet:-1, max-image-preview:large, max-video-preview:-1\" \/>\n<link rel=\"canonical\" href=\"https:\/\/wp.kristdemokraterna.se\/koping\/engagera-dig\/gor-skillnad\/\" \/>\n<meta property=\"og:locale\" content=\"sv_SE\" \/>\n<meta property=\"og:type\" content=\"article\" \/>\n<meta property=\"og:title\" content=\"G\u00f6r skillnad - Kristdemokraterna | K\u00f6ping\" \/>\n<meta property=\"og:description\" content=\"Du kan g\u00f6ra skillnad! Du kan tillsammans med oss andra i v\u00e5r kommungrupp g\u00f6ra skillnad. Du kan g\u00f6ra K\u00f6ping b\u00e4ttre.\u00a0 Det h\u00e5ller inte att hela tiden f\u00f6rv\u00e4nta sig att n\u00e5n annan ska ta ansvar. Det \u00e4r dags att agera och framf\u00f6ra v\u00e5ra konkreta och konstruktiva id\u00e9er. Vi gillar syns\u00e4ttet: \u201dDet \u00e4r i kommunerna vi bygger Read More\" \/>\n<meta property=\"og:url\" content=\"https:\/\/wp.kristdemokraterna.se\/koping\/engagera-dig\/gor-skillnad\/\" \/>\n<meta property=\"og:site_name\" content=\"Kristdemokraterna | K\u00f6ping\" \/>\n<meta name=\"twitter:card\" content=\"summary_large_image\" \/>\n<meta name=\"twitter:label1\" content=\"Ber\u00e4knad l\u00e4stid\" \/>\n\t<meta name=\"twitter:data1\" content=\"1 minut\" \/>\n<script type=\"application\/ld+json\" class=\"yoast-schema-graph\">{\"@context\":\"https:\\\/\\\/schema.org\",\"@graph\":[{\"@type\":\"WebPage\",\"@id\":\"https:\\\/\\\/wp.kristdemokraterna.se\\\/koping\\\/engagera-dig\\\/gor-skillnad\\\/\",\"url\":\"https:\\\/\\\/wp.kristdemokraterna.se\\\/koping\\\/engagera-dig\\\/gor-skillnad\\\/\",\"name\":\"G\u00f6r skillnad - Kristdemokraterna | K\u00f6ping\",\"isPartOf\":{\"@id\":\"https:\\\/\\\/wp.kristdemokraterna.se\\\/koping\\\/#website\"},\"datePublished\":\"2024-01-26T11:39:21+00:00\",\"breadcrumb\":{\"@id\":\"https:\\\/\\\/wp.kristdemokraterna.se\\\/koping\\\/engagera-dig\\\/gor-skillnad\\\/#breadcrumb\"},\"inLanguage\":\"sv-SE\",\"potentialAction\":[{\"@type\":\"ReadAction\",\"target\":[\"https:\\\/\\\/wp.kristdemokraterna.se\\\/koping\\\/engagera-dig\\\/gor-skillnad\\\/\"]}]},{\"@type\":\"BreadcrumbList\",\"@id\":\"https:\\\/\\\/wp.kristdemokraterna.se\\\/koping\\\/engagera-dig\\\/gor-skillnad\\\/#breadcrumb\",\"itemListElement\":[{\"@type\":\"ListItem\",\"position\":1,\"name\":\"Hem\",\"item\":\"https:\\\/\\\/wp.kristdemokraterna.se\\\/koping\\\/\"},{\"@type\":\"ListItem\",\"position\":2,\"name\":\"Engagera dig\",\"item\":\"https:\\\/\\\/wp.kristdemokraterna.se\\\/koping\\\/engagera-dig\\\/\"},{\"@type\":\"ListItem\",\"position\":3,\"name\":\"G\u00f6r skillnad\"}]},{\"@type\":\"WebSite\",\"@id\":\"https:\\\/\\\/wp.kristdemokraterna.se\\\/koping\\\/#website\",\"url\":\"https:\\\/\\\/wp.kristdemokraterna.se\\\/koping\\\/\",\"name\":\"Kristdemokraterna | K\u00f6ping\",\"description\":\"K\u00f6ping beh\u00f6ver ett nytt styre - men inga bilar p\u00e5 Stora gatan\",\"inLanguage\":\"sv-SE\"}]}<\/script>\n<!-- \/ Yoast SEO plugin. -->","yoast_head_json":{"title":"G\u00f6r skillnad - Kristdemokraterna | K\u00f6ping","robots":{"index":"index","follow":"follow","max-snippet":"max-snippet:-1","max-image-preview":"max-image-preview:large","max-video-preview":"max-video-preview:-1"},"canonical":"https:\/\/wp.kristdemokraterna.se\/koping\/engagera-dig\/gor-skillnad\/","og_locale":"sv_SE","og_type":"article","og_title":"G\u00f6r skillnad - Kristdemokraterna | K\u00f6ping","og_description":"Du kan g\u00f6ra skillnad! Du kan tillsammans med oss andra i v\u00e5r kommungrupp g\u00f6ra skillnad. Du kan g\u00f6ra K\u00f6ping b\u00e4ttre.\u00a0 Det h\u00e5ller inte att hela tiden f\u00f6rv\u00e4nta sig att n\u00e5n annan ska ta ansvar. Det \u00e4r dags att agera och framf\u00f6ra v\u00e5ra konkreta och konstruktiva id\u00e9er. Vi gillar syns\u00e4ttet: \u201dDet \u00e4r i kommunerna vi bygger Read More","og_url":"https:\/\/wp.kristdemokraterna.se\/koping\/engagera-dig\/gor-skillnad\/","og_site_name":"Kristdemokraterna | K\u00f6ping","twitter_card":"summary_large_image","twitter_misc":{"Ber\u00e4knad l\u00e4stid":"1 minut"},"schema":{"@context":"https:\/\/schema.org","@graph":[{"@type":"WebPage","@id":"https:\/\/wp.kristdemokraterna.se\/koping\/engagera-dig\/gor-skillnad\/","url":"https:\/\/wp.kristdemokraterna.se\/koping\/engagera-dig\/gor-skillnad\/","name":"G\u00f6r skillnad - Kristdemokraterna | K\u00f6ping","isPartOf":{"@id":"https:\/\/wp.kristdemokraterna.se\/koping\/#website"},"datePublished":"2024-01-26T11:39:21+00:00","breadcrumb":{"@id":"https:\/\/wp.kristdemokraterna.se\/koping\/engagera-dig\/gor-skillnad\/#breadcrumb"},"inLanguage":"sv-SE","potentialAction":[{"@type":"ReadAction","target":["https:\/\/wp.kristdemokraterna.se\/koping\/engagera-dig\/gor-skillnad\/"]}]},{"@type":"BreadcrumbList","@id":"https:\/\/wp.kristdemokraterna.se\/koping\/engagera-dig\/gor-skillnad\/#breadcrumb","itemListElement":[{"@type":"ListItem","position":1,"name":"Hem","item":"https:\/\/wp.kristdemokraterna.se\/koping\/"},{"@type":"ListItem","position":2,"name":"Engagera dig","item":"https:\/\/wp.kristdemokraterna.se\/koping\/engagera-dig\/"},{"@type":"ListItem","position":3,"name":"G\u00f6r skillnad"}]},{"@type":"WebSite","@id":"https:\/\/wp.kristdemokraterna.se\/koping\/#website","url":"https:\/\/wp.kristdemokraterna.se\/koping\/","name":"Kristdemokraterna | K\u00f6ping","description":"K\u00f6ping beh\u00f6ver ett nytt styre - men inga bilar p\u00e5 Stora gatan","inLanguage":"sv-SE"}]}},"_links":{"self":[{"href":"https:\/\/wp.kristdemokraterna.se\/koping\/wp-json\/wp\/v2\/pages\/2238","targetHints":{"allow":["GET"]}}],"collection":[{"href":"https:\/\/wp.kristdemokraterna.se\/koping\/wp-json\/wp\/v2\/pages"}],"about":[{"href":"https:\/\/wp.kristdemokraterna.se\/koping\/wp-json\/wp\/v2\/types\/page"}],"author":[{"embeddable":true,"href":"https:\/\/wp.kristdemokraterna.se\/koping\/wp-json\/wp\/v2\/users\/62"}],"replies":[{"embeddable":true,"href":"https:\/\/wp.kristdemokraterna.se\/koping\/wp-json\/wp\/v2\/comments?post=2238"}],"version-history":[{"count":1,"href":"https:\/\/wp.kristdemokraterna.se\/koping\/wp-json\/wp\/v2\/pages\/2238\/revisions"}],"predecessor-version":[{"id":2239,"href":"https:\/\/wp.kristdemokraterna.se\/koping\/wp-json\/wp\/v2\/pages\/2238\/revisions\/2239"}],"up":[{"embeddable":true,"href":"https:\/\/wp.kristdemokraterna.se\/koping\/wp-json\/wp\/v2\/pages\/2222"}],"wp:attachment":[{"href":"https:\/\/wp.kristdemokraterna.se\/koping\/wp-json\/wp\/v2\/media?parent=2238"}],"curies":[{"name":"wp","href":"https:\/\/api.w.org\/{rel}","templated":true}]}}