{"id":2241,"date":"2024-01-26T12:42:32","date_gmt":"2024-01-26T11:42:32","guid":{"rendered":"https:\/\/wp.kristdemokraterna.se\/koping\/?page_id=2241"},"modified":"2025-12-03T08:58:27","modified_gmt":"2025-12-03T07:58:27","slug":"bli-medlem","status":"publish","type":"page","link":"https:\/\/wp.kristdemokraterna.se\/koping\/engagera-dig\/bli-medlem\/","title":{"rendered":"Bli medlem"},"content":{"rendered":"<p>KD K\u00f6ping har en bit \u00f6ver medlemmar och vi har ambitionen att forts\u00e4tta v\u00e4xa.<\/p>\n<p>Det finns ingen officiell statistik \u00f6ver partiernas medlemssiffor i K\u00f6ping men vi verkar vara K\u00f6pings n\u00e4st st\u00f6rsta parti i antal medlemmar.<br \/>\nD\u00e5 och d\u00e5 inbjuder vi nya medlemmar till en utbildningskv\u00e4ll d\u00e4r vi presenterar v\u00e5r vision f\u00f6r K\u00f6ping och beskriver v\u00e5r v\u00e4rdegrund.<\/p>\n<ul>\n<li>Som medlem f\u00e5r du f\u00f6lja vad som h\u00e4nder i framf\u00f6rallt K\u00f6pingspolitiken men \u00e4ven vad som \u00e4r p\u00e5 g\u00e5ng i region och riksdag.<\/li>\n<li>Som medlem \u00e4r du ocks\u00e5 v\u00e4lkommen med p\u00e5 v\u00e5ra KPA-m\u00f6ten. Det \u00e4r gruppm\u00f6ten med v\u00e5ra ledam\u00f6ter i Kommunfullm\u00e4ktige och i n\u00e4mnderna. D\u00e4r f\u00e5r du en unik inblick i vad som \u00e4r p\u00e5 g\u00e5ng i kommunens n\u00e4mnder, i Kommunstyrelsen och i Fullm\u00e4ktige. Vi f\u00e5r information och vi har en viktig dialog om hur v\u00e5ra ledam\u00f6ter b\u00f6r agera i respektive n\u00e4mnd.<\/li>\n<li>Som medlem \u00e4r du v\u00e4lkommen till v\u00e5ra id\u00e9grupper som jobbar med politikutveckling.<\/li>\n<li>Som medlem f\u00e5r du ett nyhetsbrev varje m\u00e5nad med p\u00e5minnelseinbjudan till n\u00e4sta KPA, id\u00e9gruppsm\u00f6ten och andra intressanta tr\u00e4ffar samt inbjudan till medlemsfest samt partiavdelningens \u00e5rsm\u00f6te som varje \u00e5r \u00e4ger rum i februari.<\/li>\n<li>Som medlem f\u00e5r du ocks\u00e5 tillg\u00e5ng till v\u00e5rt intran\u00e4t KD Plus.<\/li>\n<\/ul>\n<p>Engagera dig, var med och p\u00e5verka utvecklingen av K\u00f6ping.<br \/>\nTryck p\u00e5 knappen nedan och anm\u00e4l dig som medlem redan idag<\/p>\n<p><a href=\"https:\/\/kristdemokraterna.se\/engagera-dig\/ansok-om-medlemskap-i-kristdemokraterna\" rel=\"attachment wp-att-1870\"><img loading=\"lazy\" decoding=\"async\" class=\"alignleft wp-image-1870\" src=\"http:\/\/wp.kristdemokraterna.se\/koping\/files\/2024\/01\/bli-medlem-300x73.jpg\" alt=\"\" width=\"197\" height=\"48\" srcset=\"https:\/\/wp.kristdemokraterna.se\/koping\/files\/2024\/01\/bli-medlem-300x73.jpg 300w, https:\/\/wp.kristdemokraterna.se\/koping\/files\/2024\/01\/bli-medlem-280x68.jpg 280w, https:\/\/wp.kristdemokraterna.se\/koping\/files\/2024\/01\/bli-medlem-340x82.jpg 340w, https:\/\/wp.kristdemokraterna.se\/koping\/files\/2024\/01\/bli-medlem-200x48.jpg 200w, https:\/\/wp.kristdemokraterna.se\/koping\/files\/2024\/01\/bli-medlem-231x56.jpg 231w, https:\/\/wp.kristdemokraterna.se\/koping\/files\/2024\/01\/bli-medlem.jpg 351w\" sizes=\"auto, (max-width: 197px) 100vw, 197px\" \/><\/a><\/p>\n","protected":false},"excerpt":{"rendered":"<p>KD K\u00f6ping har en bit \u00f6ver medlemmar och vi har ambitionen att forts\u00e4tta v\u00e4xa. Det finns ingen officiell statistik \u00f6ver partiernas medlemssiffor i K\u00f6ping men vi verkar vara K\u00f6pings n\u00e4st st\u00f6rsta parti i antal medlemmar. D\u00e5 och d\u00e5 inbjuder vi nya medlemmar till en utbildningskv\u00e4ll d\u00e4r vi presenterar v\u00e5r vision f\u00f6r K\u00f6ping och beskriver v\u00e5r <a class=\"read-more-link\" href=\"https:\/\/wp.kristdemokraterna.se\/koping\/engagera-dig\/bli-medlem\/\">Read More<\/a><\/p>\n","protected":false},"author":62,"featured_media":0,"parent":2222,"menu_order":0,"comment_status":"closed","ping_status":"closed","template":"page.php","meta":{"_acf_changed":false,"footnotes":""},"class_list":["post-2241","page","type-page","status-publish","hentry"],"acf":[],"yoast_head":"<!-- This site is optimized with the Yoast SEO plugin v27.4 - https:\/\/yoast.com\/product\/yoast-seo-wordpress\/ -->\n<title>Bli medlem - Kristdemokraterna | K\u00f6ping<\/title>\n<meta name=\"robots\" content=\"index, follow, max-snippet:-1, max-image-preview:large, max-video-preview:-1\" \/>\n<link rel=\"canonical\" href=\"https:\/\/wp.kristdemokraterna.se\/koping\/engagera-dig\/bli-medlem\/\" \/>\n<meta property=\"og:locale\" content=\"sv_SE\" \/>\n<meta property=\"og:type\" content=\"article\" \/>\n<meta property=\"og:title\" content=\"Bli medlem - Kristdemokraterna | K\u00f6ping\" \/>\n<meta property=\"og:description\" content=\"KD K\u00f6ping har en bit \u00f6ver medlemmar och vi har ambitionen att forts\u00e4tta v\u00e4xa. Det finns ingen officiell statistik \u00f6ver partiernas medlemssiffor i K\u00f6ping men vi verkar vara K\u00f6pings n\u00e4st st\u00f6rsta parti i antal medlemmar. D\u00e5 och d\u00e5 inbjuder vi nya medlemmar till en utbildningskv\u00e4ll d\u00e4r vi presenterar v\u00e5r vision f\u00f6r K\u00f6ping och beskriver v\u00e5r Read More\" \/>\n<meta property=\"og:url\" content=\"https:\/\/wp.kristdemokraterna.se\/koping\/engagera-dig\/bli-medlem\/\" \/>\n<meta property=\"og:site_name\" content=\"Kristdemokraterna | K\u00f6ping\" \/>\n<meta property=\"article:modified_time\" content=\"2025-12-03T07:58:27+00:00\" \/>\n<meta property=\"og:image\" content=\"https:\/\/wp.kristdemokraterna.se\/koping\/files\/2024\/01\/bli-medlem.jpg\" \/>\n\t<meta property=\"og:image:width\" content=\"351\" \/>\n\t<meta property=\"og:image:height\" content=\"85\" \/>\n\t<meta property=\"og:image:type\" content=\"image\/jpeg\" \/>\n<meta name=\"twitter:card\" content=\"summary_large_image\" \/>\n<meta name=\"twitter:label1\" content=\"Ber\u00e4knad l\u00e4stid\" \/>\n\t<meta name=\"twitter:data1\" content=\"2 minuter\" \/>\n<script type=\"application\/ld+json\" class=\"yoast-schema-graph\">{\"@context\":\"https:\\\/\\\/schema.org\",\"@graph\":[{\"@type\":\"WebPage\",\"@id\":\"https:\\\/\\\/wp.kristdemokraterna.se\\\/koping\\\/engagera-dig\\\/bli-medlem\\\/\",\"url\":\"https:\\\/\\\/wp.kristdemokraterna.se\\\/koping\\\/engagera-dig\\\/bli-medlem\\\/\",\"name\":\"Bli medlem - Kristdemokraterna | K\u00f6ping\",\"isPartOf\":{\"@id\":\"https:\\\/\\\/wp.kristdemokraterna.se\\\/koping\\\/#website\"},\"primaryImageOfPage\":{\"@id\":\"https:\\\/\\\/wp.kristdemokraterna.se\\\/koping\\\/engagera-dig\\\/bli-medlem\\\/#primaryimage\"},\"image\":{\"@id\":\"https:\\\/\\\/wp.kristdemokraterna.se\\\/koping\\\/engagera-dig\\\/bli-medlem\\\/#primaryimage\"},\"thumbnailUrl\":\"http:\\\/\\\/wp.kristdemokraterna.se\\\/koping\\\/files\\\/2024\\\/01\\\/bli-medlem-300x73.jpg\",\"datePublished\":\"2024-01-26T11:42:32+00:00\",\"dateModified\":\"2025-12-03T07:58:27+00:00\",\"breadcrumb\":{\"@id\":\"https:\\\/\\\/wp.kristdemokraterna.se\\\/koping\\\/engagera-dig\\\/bli-medlem\\\/#breadcrumb\"},\"inLanguage\":\"sv-SE\",\"potentialAction\":[{\"@type\":\"ReadAction\",\"target\":[\"https:\\\/\\\/wp.kristdemokraterna.se\\\/koping\\\/engagera-dig\\\/bli-medlem\\\/\"]}]},{\"@type\":\"ImageObject\",\"inLanguage\":\"sv-SE\",\"@id\":\"https:\\\/\\\/wp.kristdemokraterna.se\\\/koping\\\/engagera-dig\\\/bli-medlem\\\/#primaryimage\",\"url\":\"http:\\\/\\\/wp.kristdemokraterna.se\\\/koping\\\/files\\\/2024\\\/01\\\/bli-medlem-300x73.jpg\",\"contentUrl\":\"http:\\\/\\\/wp.kristdemokraterna.se\\\/koping\\\/files\\\/2024\\\/01\\\/bli-medlem-300x73.jpg\"},{\"@type\":\"BreadcrumbList\",\"@id\":\"https:\\\/\\\/wp.kristdemokraterna.se\\\/koping\\\/engagera-dig\\\/bli-medlem\\\/#breadcrumb\",\"itemListElement\":[{\"@type\":\"ListItem\",\"position\":1,\"name\":\"Hem\",\"item\":\"https:\\\/\\\/wp.kristdemokraterna.se\\\/koping\\\/\"},{\"@type\":\"ListItem\",\"position\":2,\"name\":\"Engagera dig\",\"item\":\"https:\\\/\\\/wp.kristdemokraterna.se\\\/koping\\\/engagera-dig\\\/\"},{\"@type\":\"ListItem\",\"position\":3,\"name\":\"Bli medlem\"}]},{\"@type\":\"WebSite\",\"@id\":\"https:\\\/\\\/wp.kristdemokraterna.se\\\/koping\\\/#website\",\"url\":\"https:\\\/\\\/wp.kristdemokraterna.se\\\/koping\\\/\",\"name\":\"Kristdemokraterna | K\u00f6ping\",\"description\":\"K\u00f6ping beh\u00f6ver ett nytt styre - men inga bilar p\u00e5 Stora gatan\",\"inLanguage\":\"sv-SE\"}]}<\/script>\n<!-- \/ Yoast SEO plugin. -->","yoast_head_json":{"title":"Bli medlem - Kristdemokraterna | K\u00f6ping","robots":{"index":"index","follow":"follow","max-snippet":"max-snippet:-1","max-image-preview":"max-image-preview:large","max-video-preview":"max-video-preview:-1"},"canonical":"https:\/\/wp.kristdemokraterna.se\/koping\/engagera-dig\/bli-medlem\/","og_locale":"sv_SE","og_type":"article","og_title":"Bli medlem - Kristdemokraterna | K\u00f6ping","og_description":"KD K\u00f6ping har en bit \u00f6ver medlemmar och vi har ambitionen att forts\u00e4tta v\u00e4xa. Det finns ingen officiell statistik \u00f6ver partiernas medlemssiffor i K\u00f6ping men vi verkar vara K\u00f6pings n\u00e4st st\u00f6rsta parti i antal medlemmar. D\u00e5 och d\u00e5 inbjuder vi nya medlemmar till en utbildningskv\u00e4ll d\u00e4r vi presenterar v\u00e5r vision f\u00f6r K\u00f6ping och beskriver v\u00e5r Read More","og_url":"https:\/\/wp.kristdemokraterna.se\/koping\/engagera-dig\/bli-medlem\/","og_site_name":"Kristdemokraterna | K\u00f6ping","article_modified_time":"2025-12-03T07:58:27+00:00","og_image":[{"width":351,"height":85,"url":"https:\/\/wp.kristdemokraterna.se\/koping\/files\/2024\/01\/bli-medlem.jpg","type":"image\/jpeg"}],"twitter_card":"summary_large_image","twitter_misc":{"Ber\u00e4knad l\u00e4stid":"2 minuter"},"schema":{"@context":"https:\/\/schema.org","@graph":[{"@type":"WebPage","@id":"https:\/\/wp.kristdemokraterna.se\/koping\/engagera-dig\/bli-medlem\/","url":"https:\/\/wp.kristdemokraterna.se\/koping\/engagera-dig\/bli-medlem\/","name":"Bli medlem - Kristdemokraterna | K\u00f6ping","isPartOf":{"@id":"https:\/\/wp.kristdemokraterna.se\/koping\/#website"},"primaryImageOfPage":{"@id":"https:\/\/wp.kristdemokraterna.se\/koping\/engagera-dig\/bli-medlem\/#primaryimage"},"image":{"@id":"https:\/\/wp.kristdemokraterna.se\/koping\/engagera-dig\/bli-medlem\/#primaryimage"},"thumbnailUrl":"http:\/\/wp.kristdemokraterna.se\/koping\/files\/2024\/01\/bli-medlem-300x73.jpg","datePublished":"2024-01-26T11:42:32+00:00","dateModified":"2025-12-03T07:58:27+00:00","breadcrumb":{"@id":"https:\/\/wp.kristdemokraterna.se\/koping\/engagera-dig\/bli-medlem\/#breadcrumb"},"inLanguage":"sv-SE","potentialAction":[{"@type":"ReadAction","target":["https:\/\/wp.kristdemokraterna.se\/koping\/engagera-dig\/bli-medlem\/"]}]},{"@type":"ImageObject","inLanguage":"sv-SE","@id":"https:\/\/wp.kristdemokraterna.se\/koping\/engagera-dig\/bli-medlem\/#primaryimage","url":"http:\/\/wp.kristdemokraterna.se\/koping\/files\/2024\/01\/bli-medlem-300x73.jpg","contentUrl":"http:\/\/wp.kristdemokraterna.se\/koping\/files\/2024\/01\/bli-medlem-300x73.jpg"},{"@type":"BreadcrumbList","@id":"https:\/\/wp.kristdemokraterna.se\/koping\/engagera-dig\/bli-medlem\/#breadcrumb","itemListElement":[{"@type":"ListItem","position":1,"name":"Hem","item":"https:\/\/wp.kristdemokraterna.se\/koping\/"},{"@type":"ListItem","position":2,"name":"Engagera dig","item":"https:\/\/wp.kristdemokraterna.se\/koping\/engagera-dig\/"},{"@type":"ListItem","position":3,"name":"Bli medlem"}]},{"@type":"WebSite","@id":"https:\/\/wp.kristdemokraterna.se\/koping\/#website","url":"https:\/\/wp.kristdemokraterna.se\/koping\/","name":"Kristdemokraterna | K\u00f6ping","description":"K\u00f6ping beh\u00f6ver ett nytt styre - men inga bilar p\u00e5 Stora gatan","inLanguage":"sv-SE"}]}},"_links":{"self":[{"href":"https:\/\/wp.kristdemokraterna.se\/koping\/wp-json\/wp\/v2\/pages\/2241","targetHints":{"allow":["GET"]}}],"collection":[{"href":"https:\/\/wp.kristdemokraterna.se\/koping\/wp-json\/wp\/v2\/pages"}],"about":[{"href":"https:\/\/wp.kristdemokraterna.se\/koping\/wp-json\/wp\/v2\/types\/page"}],"author":[{"embeddable":true,"href":"https:\/\/wp.kristdemokraterna.se\/koping\/wp-json\/wp\/v2\/users\/62"}],"replies":[{"embeddable":true,"href":"https:\/\/wp.kristdemokraterna.se\/koping\/wp-json\/wp\/v2\/comments?post=2241"}],"version-history":[{"count":6,"href":"https:\/\/wp.kristdemokraterna.se\/koping\/wp-json\/wp\/v2\/pages\/2241\/revisions"}],"predecessor-version":[{"id":2505,"href":"https:\/\/wp.kristdemokraterna.se\/koping\/wp-json\/wp\/v2\/pages\/2241\/revisions\/2505"}],"up":[{"embeddable":true,"href":"https:\/\/wp.kristdemokraterna.se\/koping\/wp-json\/wp\/v2\/pages\/2222"}],"wp:attachment":[{"href":"https:\/\/wp.kristdemokraterna.se\/koping\/wp-json\/wp\/v2\/media?parent=2241"}],"curies":[{"name":"wp","href":"https:\/\/api.w.org\/{rel}","templated":true}]}}