{"id":2244,"date":"2024-01-26T12:45:14","date_gmt":"2024-01-26T11:45:14","guid":{"rendered":"https:\/\/wp.kristdemokraterna.se\/koping\/?page_id=2244"},"modified":"2024-02-26T10:48:32","modified_gmt":"2024-02-26T09:48:32","slug":"delta-i-en-idegrupp","status":"publish","type":"page","link":"https:\/\/wp.kristdemokraterna.se\/koping\/engagera-dig\/delta-i-en-idegrupp\/","title":{"rendered":"Delta i en id\u00e9grupp"},"content":{"rendered":"<p>KD K\u00f6ping har fyra id\u00e9grupper kopplade till kommunens n\u00e4mnder. D\u00e4r gr\u00e4ver vi lite djupare i politiska fr\u00e5gor som r\u00f6r \u00e4mnesomr\u00e5det. Vi bjuder in experter och olika kommunala tj\u00e4nstem\u00e4n som f\u00f6redragande till v\u00e5ra tr\u00e4ffar med id\u00e9grupperna.<\/p>\n<ul>\n<li>Samh\u00e4llsbyggnad och N\u00e4ringsliv som leds av Astrid Lamprecht och Lars-Axel Nordell<\/li>\n<li>Social och Arbetsmarknad som leds av Per Norin och Staffan Egeberg<\/li>\n<li>Utbildning, Kultur och fritid som leds av Anna-Carin Ragnarsson och Kenth Lucas<\/li>\n<li>V\u00e5rd och Omsorg som leds av Ulf B\u00f6rgesson och Anders Segerberg<\/li>\n<\/ul>\n","protected":false},"excerpt":{"rendered":"<p>KD K\u00f6ping har fyra id\u00e9grupper kopplade till kommunens n\u00e4mnder. D\u00e4r gr\u00e4ver vi lite djupare i politiska fr\u00e5gor som r\u00f6r \u00e4mnesomr\u00e5det. Vi bjuder in experter och olika kommunala tj\u00e4nstem\u00e4n som f\u00f6redragande till v\u00e5ra tr\u00e4ffar med id\u00e9grupperna. Samh\u00e4llsbyggnad och N\u00e4ringsliv som leds av Astrid Lamprecht och Lars-Axel Nordell Social och Arbetsmarknad som leds av Per Norin och <a class=\"read-more-link\" href=\"https:\/\/wp.kristdemokraterna.se\/koping\/engagera-dig\/delta-i-en-idegrupp\/\">Read More<\/a><\/p>\n","protected":false},"author":62,"featured_media":0,"parent":2222,"menu_order":0,"comment_status":"closed","ping_status":"closed","template":"page.php","meta":{"_acf_changed":false,"footnotes":""},"class_list":["post-2244","page","type-page","status-publish","hentry"],"acf":[],"yoast_head":"<!-- This site is optimized with the Yoast SEO plugin v27.4 - https:\/\/yoast.com\/product\/yoast-seo-wordpress\/ -->\n<title>Delta i en id\u00e9grupp - Kristdemokraterna | K\u00f6ping<\/title>\n<meta name=\"robots\" content=\"index, follow, max-snippet:-1, max-image-preview:large, max-video-preview:-1\" \/>\n<link rel=\"canonical\" href=\"https:\/\/wp.kristdemokraterna.se\/koping\/engagera-dig\/delta-i-en-idegrupp\/\" \/>\n<meta property=\"og:locale\" content=\"sv_SE\" \/>\n<meta property=\"og:type\" content=\"article\" \/>\n<meta property=\"og:title\" content=\"Delta i en id\u00e9grupp - Kristdemokraterna | K\u00f6ping\" \/>\n<meta property=\"og:description\" content=\"KD K\u00f6ping har fyra id\u00e9grupper kopplade till kommunens n\u00e4mnder. D\u00e4r gr\u00e4ver vi lite djupare i politiska fr\u00e5gor som r\u00f6r \u00e4mnesomr\u00e5det. Vi bjuder in experter och olika kommunala tj\u00e4nstem\u00e4n som f\u00f6redragande till v\u00e5ra tr\u00e4ffar med id\u00e9grupperna. Samh\u00e4llsbyggnad och N\u00e4ringsliv som leds av Astrid Lamprecht och Lars-Axel Nordell Social och Arbetsmarknad som leds av Per Norin och Read More\" \/>\n<meta property=\"og:url\" content=\"https:\/\/wp.kristdemokraterna.se\/koping\/engagera-dig\/delta-i-en-idegrupp\/\" \/>\n<meta property=\"og:site_name\" content=\"Kristdemokraterna | K\u00f6ping\" \/>\n<meta property=\"article:modified_time\" content=\"2024-02-26T09:48:32+00:00\" \/>\n<meta name=\"twitter:card\" content=\"summary_large_image\" \/>\n<meta name=\"twitter:label1\" content=\"Ber\u00e4knad l\u00e4stid\" \/>\n\t<meta name=\"twitter:data1\" content=\"1 minut\" \/>\n<script type=\"application\/ld+json\" class=\"yoast-schema-graph\">{\"@context\":\"https:\\\/\\\/schema.org\",\"@graph\":[{\"@type\":\"WebPage\",\"@id\":\"https:\\\/\\\/wp.kristdemokraterna.se\\\/koping\\\/engagera-dig\\\/delta-i-en-idegrupp\\\/\",\"url\":\"https:\\\/\\\/wp.kristdemokraterna.se\\\/koping\\\/engagera-dig\\\/delta-i-en-idegrupp\\\/\",\"name\":\"Delta i en id\u00e9grupp - Kristdemokraterna | K\u00f6ping\",\"isPartOf\":{\"@id\":\"https:\\\/\\\/wp.kristdemokraterna.se\\\/koping\\\/#website\"},\"datePublished\":\"2024-01-26T11:45:14+00:00\",\"dateModified\":\"2024-02-26T09:48:32+00:00\",\"breadcrumb\":{\"@id\":\"https:\\\/\\\/wp.kristdemokraterna.se\\\/koping\\\/engagera-dig\\\/delta-i-en-idegrupp\\\/#breadcrumb\"},\"inLanguage\":\"sv-SE\",\"potentialAction\":[{\"@type\":\"ReadAction\",\"target\":[\"https:\\\/\\\/wp.kristdemokraterna.se\\\/koping\\\/engagera-dig\\\/delta-i-en-idegrupp\\\/\"]}]},{\"@type\":\"BreadcrumbList\",\"@id\":\"https:\\\/\\\/wp.kristdemokraterna.se\\\/koping\\\/engagera-dig\\\/delta-i-en-idegrupp\\\/#breadcrumb\",\"itemListElement\":[{\"@type\":\"ListItem\",\"position\":1,\"name\":\"Hem\",\"item\":\"https:\\\/\\\/wp.kristdemokraterna.se\\\/koping\\\/\"},{\"@type\":\"ListItem\",\"position\":2,\"name\":\"Engagera dig\",\"item\":\"https:\\\/\\\/wp.kristdemokraterna.se\\\/koping\\\/engagera-dig\\\/\"},{\"@type\":\"ListItem\",\"position\":3,\"name\":\"Delta i en id\u00e9grupp\"}]},{\"@type\":\"WebSite\",\"@id\":\"https:\\\/\\\/wp.kristdemokraterna.se\\\/koping\\\/#website\",\"url\":\"https:\\\/\\\/wp.kristdemokraterna.se\\\/koping\\\/\",\"name\":\"Kristdemokraterna | K\u00f6ping\",\"description\":\"K\u00f6ping beh\u00f6ver ett nytt styre - men inga bilar p\u00e5 Stora gatan\",\"inLanguage\":\"sv-SE\"}]}<\/script>\n<!-- \/ Yoast SEO plugin. -->","yoast_head_json":{"title":"Delta i en id\u00e9grupp - Kristdemokraterna | K\u00f6ping","robots":{"index":"index","follow":"follow","max-snippet":"max-snippet:-1","max-image-preview":"max-image-preview:large","max-video-preview":"max-video-preview:-1"},"canonical":"https:\/\/wp.kristdemokraterna.se\/koping\/engagera-dig\/delta-i-en-idegrupp\/","og_locale":"sv_SE","og_type":"article","og_title":"Delta i en id\u00e9grupp - Kristdemokraterna | K\u00f6ping","og_description":"KD K\u00f6ping har fyra id\u00e9grupper kopplade till kommunens n\u00e4mnder. D\u00e4r gr\u00e4ver vi lite djupare i politiska fr\u00e5gor som r\u00f6r \u00e4mnesomr\u00e5det. Vi bjuder in experter och olika kommunala tj\u00e4nstem\u00e4n som f\u00f6redragande till v\u00e5ra tr\u00e4ffar med id\u00e9grupperna. Samh\u00e4llsbyggnad och N\u00e4ringsliv som leds av Astrid Lamprecht och Lars-Axel Nordell Social och Arbetsmarknad som leds av Per Norin och Read More","og_url":"https:\/\/wp.kristdemokraterna.se\/koping\/engagera-dig\/delta-i-en-idegrupp\/","og_site_name":"Kristdemokraterna | K\u00f6ping","article_modified_time":"2024-02-26T09:48:32+00:00","twitter_card":"summary_large_image","twitter_misc":{"Ber\u00e4knad l\u00e4stid":"1 minut"},"schema":{"@context":"https:\/\/schema.org","@graph":[{"@type":"WebPage","@id":"https:\/\/wp.kristdemokraterna.se\/koping\/engagera-dig\/delta-i-en-idegrupp\/","url":"https:\/\/wp.kristdemokraterna.se\/koping\/engagera-dig\/delta-i-en-idegrupp\/","name":"Delta i en id\u00e9grupp - Kristdemokraterna | K\u00f6ping","isPartOf":{"@id":"https:\/\/wp.kristdemokraterna.se\/koping\/#website"},"datePublished":"2024-01-26T11:45:14+00:00","dateModified":"2024-02-26T09:48:32+00:00","breadcrumb":{"@id":"https:\/\/wp.kristdemokraterna.se\/koping\/engagera-dig\/delta-i-en-idegrupp\/#breadcrumb"},"inLanguage":"sv-SE","potentialAction":[{"@type":"ReadAction","target":["https:\/\/wp.kristdemokraterna.se\/koping\/engagera-dig\/delta-i-en-idegrupp\/"]}]},{"@type":"BreadcrumbList","@id":"https:\/\/wp.kristdemokraterna.se\/koping\/engagera-dig\/delta-i-en-idegrupp\/#breadcrumb","itemListElement":[{"@type":"ListItem","position":1,"name":"Hem","item":"https:\/\/wp.kristdemokraterna.se\/koping\/"},{"@type":"ListItem","position":2,"name":"Engagera dig","item":"https:\/\/wp.kristdemokraterna.se\/koping\/engagera-dig\/"},{"@type":"ListItem","position":3,"name":"Delta i en id\u00e9grupp"}]},{"@type":"WebSite","@id":"https:\/\/wp.kristdemokraterna.se\/koping\/#website","url":"https:\/\/wp.kristdemokraterna.se\/koping\/","name":"Kristdemokraterna | K\u00f6ping","description":"K\u00f6ping beh\u00f6ver ett nytt styre - men inga bilar p\u00e5 Stora gatan","inLanguage":"sv-SE"}]}},"_links":{"self":[{"href":"https:\/\/wp.kristdemokraterna.se\/koping\/wp-json\/wp\/v2\/pages\/2244","targetHints":{"allow":["GET"]}}],"collection":[{"href":"https:\/\/wp.kristdemokraterna.se\/koping\/wp-json\/wp\/v2\/pages"}],"about":[{"href":"https:\/\/wp.kristdemokraterna.se\/koping\/wp-json\/wp\/v2\/types\/page"}],"author":[{"embeddable":true,"href":"https:\/\/wp.kristdemokraterna.se\/koping\/wp-json\/wp\/v2\/users\/62"}],"replies":[{"embeddable":true,"href":"https:\/\/wp.kristdemokraterna.se\/koping\/wp-json\/wp\/v2\/comments?post=2244"}],"version-history":[{"count":3,"href":"https:\/\/wp.kristdemokraterna.se\/koping\/wp-json\/wp\/v2\/pages\/2244\/revisions"}],"predecessor-version":[{"id":2286,"href":"https:\/\/wp.kristdemokraterna.se\/koping\/wp-json\/wp\/v2\/pages\/2244\/revisions\/2286"}],"up":[{"embeddable":true,"href":"https:\/\/wp.kristdemokraterna.se\/koping\/wp-json\/wp\/v2\/pages\/2222"}],"wp:attachment":[{"href":"https:\/\/wp.kristdemokraterna.se\/koping\/wp-json\/wp\/v2\/media?parent=2244"}],"curies":[{"name":"wp","href":"https:\/\/api.w.org\/{rel}","templated":true}]}}