{"id":2248,"date":"2024-01-26T12:49:27","date_gmt":"2024-01-26T11:49:27","guid":{"rendered":"https:\/\/wp.kristdemokraterna.se\/koping\/?page_id=2248"},"modified":"2024-01-26T12:49:27","modified_gmt":"2024-01-26T11:49:27","slug":"bli-politikutvecklare","status":"publish","type":"page","link":"https:\/\/wp.kristdemokraterna.se\/koping\/engagera-dig\/bli-politikutvecklare\/","title":{"rendered":"Bli politikutvecklare"},"content":{"rendered":"<p>En sp\u00e4nnande och stimulerande uppgift \u00e4r att utifr\u00e5n v\u00e5r ideologi och v\u00e5r v\u00e4rdegrund utveckla v\u00e5r kommunpolitik f\u00f6r att vara relevant och kunna m\u00f6ta s\u00e5v\u00e4l dagens behov som\u00a0morgondagens.<\/p>\n<p>Vi har v\u00e5ra vall\u00f6ften och v\u00e5rt kommunpolitiska program som vi arbetat fram inf\u00f6r denna mandatperiod men samtidigt har vi\u00a0samh\u00e4llsf\u00f6r\u00e4ndringar och nya behov som ger oss nya utmaningar.<\/p>\n<p>M\u00e5nga k\u00e4nner otrygghet pga g\u00e4ngkonflikter och skjutningar runt om i v\u00e5rt landet. Den svenska ekonomin har drabbats av en allm\u00e4n konjunkturoro, stigande energipriser, minskad ekonomisk tillv\u00e4xt och stigande bor\u00e4ntor som f\u00f6ljd. Det kr\u00e4vs fortsatta insatser p\u00e5 regeringsniv\u00e5 f\u00f6r att komma till r\u00e4tta med dessa problem.<\/p>\n<p>P\u00e5 hemmaplan h\u00e4r i k\u00f6ping har vi ansvar f\u00f6r v\u00e5rd, omsorg och skolan men vi m\u00e5ste ocks\u00e5 p\u00e5 allvar f\u00e5 genomslag f\u00f6r v\u00e5r n\u00e4ringspolitik f\u00f6r att g\u00e5 fr\u00e5n bottenniv\u00e5 bland Sveriges kommuner till toppniv\u00e5.<\/p>\n<p>I centrala K\u00f6ping st\u00e5r ett 40-tal aff\u00e4rslokaler tomma, vilket ger f\u00f6r\u00f6dande signaler till de som \u00f6verv\u00e4ger att flytta till v\u00e5r kommun. KD prioriterar fr\u00e5gor om f\u00f6retagande och v\u00e4lf\u00e4rd. F\u00f6r om K\u00f6ping inte hade sina 1300 f\u00f6retag, som ger jobb och skatteint\u00e4kter till v\u00e4lf\u00e4rden, d\u00e5 skulle vi inte ha n\u00e5gra pengar till v\u00e4lf\u00e4rden. Nu arbetar vi f\u00f6r att radikalt f\u00f6rb\u00e4ttra n\u00e4ringsklimatet i kommunen<\/p>\n","protected":false},"excerpt":{"rendered":"<p>En sp\u00e4nnande och stimulerande uppgift \u00e4r att utifr\u00e5n v\u00e5r ideologi och v\u00e5r v\u00e4rdegrund utveckla v\u00e5r kommunpolitik f\u00f6r att vara relevant och kunna m\u00f6ta s\u00e5v\u00e4l dagens behov som\u00a0morgondagens. Vi har v\u00e5ra vall\u00f6ften och v\u00e5rt kommunpolitiska program som vi arbetat fram inf\u00f6r denna mandatperiod men samtidigt har vi\u00a0samh\u00e4llsf\u00f6r\u00e4ndringar och nya behov som ger oss nya utmaningar. M\u00e5nga <a class=\"read-more-link\" href=\"https:\/\/wp.kristdemokraterna.se\/koping\/engagera-dig\/bli-politikutvecklare\/\">Read More<\/a><\/p>\n","protected":false},"author":62,"featured_media":0,"parent":2222,"menu_order":0,"comment_status":"closed","ping_status":"closed","template":"page.php","meta":{"_acf_changed":false,"footnotes":""},"class_list":["post-2248","page","type-page","status-publish","hentry"],"acf":[],"yoast_head":"<!-- This site is optimized with the Yoast SEO plugin v27.4 - https:\/\/yoast.com\/product\/yoast-seo-wordpress\/ -->\n<title>Bli politikutvecklare - Kristdemokraterna | K\u00f6ping<\/title>\n<meta name=\"robots\" content=\"index, follow, max-snippet:-1, max-image-preview:large, max-video-preview:-1\" \/>\n<link rel=\"canonical\" href=\"https:\/\/wp.kristdemokraterna.se\/koping\/engagera-dig\/bli-politikutvecklare\/\" \/>\n<meta property=\"og:locale\" content=\"sv_SE\" \/>\n<meta property=\"og:type\" content=\"article\" \/>\n<meta property=\"og:title\" content=\"Bli politikutvecklare - Kristdemokraterna | K\u00f6ping\" \/>\n<meta property=\"og:description\" content=\"En sp\u00e4nnande och stimulerande uppgift \u00e4r att utifr\u00e5n v\u00e5r ideologi och v\u00e5r v\u00e4rdegrund utveckla v\u00e5r kommunpolitik f\u00f6r att vara relevant och kunna m\u00f6ta s\u00e5v\u00e4l dagens behov som\u00a0morgondagens. Vi har v\u00e5ra vall\u00f6ften och v\u00e5rt kommunpolitiska program som vi arbetat fram inf\u00f6r denna mandatperiod men samtidigt har vi\u00a0samh\u00e4llsf\u00f6r\u00e4ndringar och nya behov som ger oss nya utmaningar. M\u00e5nga Read More\" \/>\n<meta property=\"og:url\" content=\"https:\/\/wp.kristdemokraterna.se\/koping\/engagera-dig\/bli-politikutvecklare\/\" \/>\n<meta property=\"og:site_name\" content=\"Kristdemokraterna | K\u00f6ping\" \/>\n<meta name=\"twitter:card\" content=\"summary_large_image\" \/>\n<meta name=\"twitter:label1\" content=\"Ber\u00e4knad l\u00e4stid\" \/>\n\t<meta name=\"twitter:data1\" content=\"1 minut\" \/>\n<script type=\"application\/ld+json\" class=\"yoast-schema-graph\">{\"@context\":\"https:\\\/\\\/schema.org\",\"@graph\":[{\"@type\":\"WebPage\",\"@id\":\"https:\\\/\\\/wp.kristdemokraterna.se\\\/koping\\\/engagera-dig\\\/bli-politikutvecklare\\\/\",\"url\":\"https:\\\/\\\/wp.kristdemokraterna.se\\\/koping\\\/engagera-dig\\\/bli-politikutvecklare\\\/\",\"name\":\"Bli politikutvecklare - Kristdemokraterna | K\u00f6ping\",\"isPartOf\":{\"@id\":\"https:\\\/\\\/wp.kristdemokraterna.se\\\/koping\\\/#website\"},\"datePublished\":\"2024-01-26T11:49:27+00:00\",\"breadcrumb\":{\"@id\":\"https:\\\/\\\/wp.kristdemokraterna.se\\\/koping\\\/engagera-dig\\\/bli-politikutvecklare\\\/#breadcrumb\"},\"inLanguage\":\"sv-SE\",\"potentialAction\":[{\"@type\":\"ReadAction\",\"target\":[\"https:\\\/\\\/wp.kristdemokraterna.se\\\/koping\\\/engagera-dig\\\/bli-politikutvecklare\\\/\"]}]},{\"@type\":\"BreadcrumbList\",\"@id\":\"https:\\\/\\\/wp.kristdemokraterna.se\\\/koping\\\/engagera-dig\\\/bli-politikutvecklare\\\/#breadcrumb\",\"itemListElement\":[{\"@type\":\"ListItem\",\"position\":1,\"name\":\"Hem\",\"item\":\"https:\\\/\\\/wp.kristdemokraterna.se\\\/koping\\\/\"},{\"@type\":\"ListItem\",\"position\":2,\"name\":\"Engagera dig\",\"item\":\"https:\\\/\\\/wp.kristdemokraterna.se\\\/koping\\\/engagera-dig\\\/\"},{\"@type\":\"ListItem\",\"position\":3,\"name\":\"Bli politikutvecklare\"}]},{\"@type\":\"WebSite\",\"@id\":\"https:\\\/\\\/wp.kristdemokraterna.se\\\/koping\\\/#website\",\"url\":\"https:\\\/\\\/wp.kristdemokraterna.se\\\/koping\\\/\",\"name\":\"Kristdemokraterna | K\u00f6ping\",\"description\":\"K\u00f6ping beh\u00f6ver ett nytt styre - men inga bilar p\u00e5 Stora gatan\",\"inLanguage\":\"sv-SE\"}]}<\/script>\n<!-- \/ Yoast SEO plugin. -->","yoast_head_json":{"title":"Bli politikutvecklare - Kristdemokraterna | K\u00f6ping","robots":{"index":"index","follow":"follow","max-snippet":"max-snippet:-1","max-image-preview":"max-image-preview:large","max-video-preview":"max-video-preview:-1"},"canonical":"https:\/\/wp.kristdemokraterna.se\/koping\/engagera-dig\/bli-politikutvecklare\/","og_locale":"sv_SE","og_type":"article","og_title":"Bli politikutvecklare - Kristdemokraterna | K\u00f6ping","og_description":"En sp\u00e4nnande och stimulerande uppgift \u00e4r att utifr\u00e5n v\u00e5r ideologi och v\u00e5r v\u00e4rdegrund utveckla v\u00e5r kommunpolitik f\u00f6r att vara relevant och kunna m\u00f6ta s\u00e5v\u00e4l dagens behov som\u00a0morgondagens. Vi har v\u00e5ra vall\u00f6ften och v\u00e5rt kommunpolitiska program som vi arbetat fram inf\u00f6r denna mandatperiod men samtidigt har vi\u00a0samh\u00e4llsf\u00f6r\u00e4ndringar och nya behov som ger oss nya utmaningar. M\u00e5nga Read More","og_url":"https:\/\/wp.kristdemokraterna.se\/koping\/engagera-dig\/bli-politikutvecklare\/","og_site_name":"Kristdemokraterna | K\u00f6ping","twitter_card":"summary_large_image","twitter_misc":{"Ber\u00e4knad l\u00e4stid":"1 minut"},"schema":{"@context":"https:\/\/schema.org","@graph":[{"@type":"WebPage","@id":"https:\/\/wp.kristdemokraterna.se\/koping\/engagera-dig\/bli-politikutvecklare\/","url":"https:\/\/wp.kristdemokraterna.se\/koping\/engagera-dig\/bli-politikutvecklare\/","name":"Bli politikutvecklare - Kristdemokraterna | K\u00f6ping","isPartOf":{"@id":"https:\/\/wp.kristdemokraterna.se\/koping\/#website"},"datePublished":"2024-01-26T11:49:27+00:00","breadcrumb":{"@id":"https:\/\/wp.kristdemokraterna.se\/koping\/engagera-dig\/bli-politikutvecklare\/#breadcrumb"},"inLanguage":"sv-SE","potentialAction":[{"@type":"ReadAction","target":["https:\/\/wp.kristdemokraterna.se\/koping\/engagera-dig\/bli-politikutvecklare\/"]}]},{"@type":"BreadcrumbList","@id":"https:\/\/wp.kristdemokraterna.se\/koping\/engagera-dig\/bli-politikutvecklare\/#breadcrumb","itemListElement":[{"@type":"ListItem","position":1,"name":"Hem","item":"https:\/\/wp.kristdemokraterna.se\/koping\/"},{"@type":"ListItem","position":2,"name":"Engagera dig","item":"https:\/\/wp.kristdemokraterna.se\/koping\/engagera-dig\/"},{"@type":"ListItem","position":3,"name":"Bli politikutvecklare"}]},{"@type":"WebSite","@id":"https:\/\/wp.kristdemokraterna.se\/koping\/#website","url":"https:\/\/wp.kristdemokraterna.se\/koping\/","name":"Kristdemokraterna | K\u00f6ping","description":"K\u00f6ping beh\u00f6ver ett nytt styre - men inga bilar p\u00e5 Stora gatan","inLanguage":"sv-SE"}]}},"_links":{"self":[{"href":"https:\/\/wp.kristdemokraterna.se\/koping\/wp-json\/wp\/v2\/pages\/2248","targetHints":{"allow":["GET"]}}],"collection":[{"href":"https:\/\/wp.kristdemokraterna.se\/koping\/wp-json\/wp\/v2\/pages"}],"about":[{"href":"https:\/\/wp.kristdemokraterna.se\/koping\/wp-json\/wp\/v2\/types\/page"}],"author":[{"embeddable":true,"href":"https:\/\/wp.kristdemokraterna.se\/koping\/wp-json\/wp\/v2\/users\/62"}],"replies":[{"embeddable":true,"href":"https:\/\/wp.kristdemokraterna.se\/koping\/wp-json\/wp\/v2\/comments?post=2248"}],"version-history":[{"count":1,"href":"https:\/\/wp.kristdemokraterna.se\/koping\/wp-json\/wp\/v2\/pages\/2248\/revisions"}],"predecessor-version":[{"id":2249,"href":"https:\/\/wp.kristdemokraterna.se\/koping\/wp-json\/wp\/v2\/pages\/2248\/revisions\/2249"}],"up":[{"embeddable":true,"href":"https:\/\/wp.kristdemokraterna.se\/koping\/wp-json\/wp\/v2\/pages\/2222"}],"wp:attachment":[{"href":"https:\/\/wp.kristdemokraterna.se\/koping\/wp-json\/wp\/v2\/media?parent=2248"}],"curies":[{"name":"wp","href":"https:\/\/api.w.org\/{rel}","templated":true}]}}