{"id":2257,"date":"2024-01-26T12:56:36","date_gmt":"2024-01-26T11:56:36","guid":{"rendered":"https:\/\/wp.kristdemokraterna.se\/koping\/?page_id=2257"},"modified":"2024-01-26T12:56:36","modified_gmt":"2024-01-26T11:56:36","slug":"fa-medlemsbrevet","status":"publish","type":"page","link":"https:\/\/wp.kristdemokraterna.se\/koping\/engagera-dig\/fa-medlemsbrevet\/","title":{"rendered":"F\u00e5 medlemsbrevet"},"content":{"rendered":"<p>Som medlem kommer du regelbundet att f\u00e5 ett medlemsbrev via din e-post med aktuell information vad som \u00e4r p\u00e5 g\u00e5ng.<\/p>\n<p>Du kommer att f\u00e5 inbjudningar till m\u00f6ten med Kommunpolitiska arbetsgruppen (KPA) som tr\u00e4ffas varje m\u00e5nad inf\u00f6r kommunstyrelsens sammantr\u00e4den. D\u00e4r f\u00e5r vi information om vilka \u00e4renden som \u00e4r aktuella i kommunpolitiken. D\u00e5 diskuterar vi vilka inspel vi kan g\u00f6ra och hur vi ska st\u00e4lla oss till olika f\u00f6rslag.<\/p>\n<p>Du kommer att f\u00e5 inbjuden till partiavdelningens \u00e5rsm\u00f6te, till studiebes\u00f6k, till utbildningar, till kampanjaktiviteter och till v\u00e5ra id\u00e9grupper.<\/p>\n","protected":false},"excerpt":{"rendered":"<p>Som medlem kommer du regelbundet att f\u00e5 ett medlemsbrev via din e-post med aktuell information vad som \u00e4r p\u00e5 g\u00e5ng. Du kommer att f\u00e5 inbjudningar till m\u00f6ten med Kommunpolitiska arbetsgruppen (KPA) som tr\u00e4ffas varje m\u00e5nad inf\u00f6r kommunstyrelsens sammantr\u00e4den. D\u00e4r f\u00e5r vi information om vilka \u00e4renden som \u00e4r aktuella i kommunpolitiken. D\u00e5 diskuterar vi vilka inspel <a class=\"read-more-link\" href=\"https:\/\/wp.kristdemokraterna.se\/koping\/engagera-dig\/fa-medlemsbrevet\/\">Read More<\/a><\/p>\n","protected":false},"author":62,"featured_media":0,"parent":2222,"menu_order":0,"comment_status":"closed","ping_status":"closed","template":"page.php","meta":{"_acf_changed":false,"footnotes":""},"class_list":["post-2257","page","type-page","status-publish","hentry"],"acf":[],"yoast_head":"<!-- This site is optimized with the Yoast SEO plugin v27.4 - https:\/\/yoast.com\/product\/yoast-seo-wordpress\/ -->\n<title>F\u00e5 medlemsbrevet - Kristdemokraterna | K\u00f6ping<\/title>\n<meta name=\"robots\" content=\"index, follow, max-snippet:-1, max-image-preview:large, max-video-preview:-1\" \/>\n<link rel=\"canonical\" href=\"https:\/\/wp.kristdemokraterna.se\/koping\/engagera-dig\/fa-medlemsbrevet\/\" \/>\n<meta property=\"og:locale\" content=\"sv_SE\" \/>\n<meta property=\"og:type\" content=\"article\" \/>\n<meta property=\"og:title\" content=\"F\u00e5 medlemsbrevet - Kristdemokraterna | K\u00f6ping\" \/>\n<meta property=\"og:description\" content=\"Som medlem kommer du regelbundet att f\u00e5 ett medlemsbrev via din e-post med aktuell information vad som \u00e4r p\u00e5 g\u00e5ng. Du kommer att f\u00e5 inbjudningar till m\u00f6ten med Kommunpolitiska arbetsgruppen (KPA) som tr\u00e4ffas varje m\u00e5nad inf\u00f6r kommunstyrelsens sammantr\u00e4den. D\u00e4r f\u00e5r vi information om vilka \u00e4renden som \u00e4r aktuella i kommunpolitiken. D\u00e5 diskuterar vi vilka inspel Read More\" \/>\n<meta property=\"og:url\" content=\"https:\/\/wp.kristdemokraterna.se\/koping\/engagera-dig\/fa-medlemsbrevet\/\" \/>\n<meta property=\"og:site_name\" content=\"Kristdemokraterna | K\u00f6ping\" \/>\n<meta name=\"twitter:card\" content=\"summary_large_image\" \/>\n<meta name=\"twitter:label1\" content=\"Ber\u00e4knad l\u00e4stid\" \/>\n\t<meta name=\"twitter:data1\" content=\"1 minut\" \/>\n<script type=\"application\/ld+json\" class=\"yoast-schema-graph\">{\"@context\":\"https:\\\/\\\/schema.org\",\"@graph\":[{\"@type\":\"WebPage\",\"@id\":\"https:\\\/\\\/wp.kristdemokraterna.se\\\/koping\\\/engagera-dig\\\/fa-medlemsbrevet\\\/\",\"url\":\"https:\\\/\\\/wp.kristdemokraterna.se\\\/koping\\\/engagera-dig\\\/fa-medlemsbrevet\\\/\",\"name\":\"F\u00e5 medlemsbrevet - Kristdemokraterna | K\u00f6ping\",\"isPartOf\":{\"@id\":\"https:\\\/\\\/wp.kristdemokraterna.se\\\/koping\\\/#website\"},\"datePublished\":\"2024-01-26T11:56:36+00:00\",\"breadcrumb\":{\"@id\":\"https:\\\/\\\/wp.kristdemokraterna.se\\\/koping\\\/engagera-dig\\\/fa-medlemsbrevet\\\/#breadcrumb\"},\"inLanguage\":\"sv-SE\",\"potentialAction\":[{\"@type\":\"ReadAction\",\"target\":[\"https:\\\/\\\/wp.kristdemokraterna.se\\\/koping\\\/engagera-dig\\\/fa-medlemsbrevet\\\/\"]}]},{\"@type\":\"BreadcrumbList\",\"@id\":\"https:\\\/\\\/wp.kristdemokraterna.se\\\/koping\\\/engagera-dig\\\/fa-medlemsbrevet\\\/#breadcrumb\",\"itemListElement\":[{\"@type\":\"ListItem\",\"position\":1,\"name\":\"Hem\",\"item\":\"https:\\\/\\\/wp.kristdemokraterna.se\\\/koping\\\/\"},{\"@type\":\"ListItem\",\"position\":2,\"name\":\"Engagera dig\",\"item\":\"https:\\\/\\\/wp.kristdemokraterna.se\\\/koping\\\/engagera-dig\\\/\"},{\"@type\":\"ListItem\",\"position\":3,\"name\":\"F\u00e5 medlemsbrevet\"}]},{\"@type\":\"WebSite\",\"@id\":\"https:\\\/\\\/wp.kristdemokraterna.se\\\/koping\\\/#website\",\"url\":\"https:\\\/\\\/wp.kristdemokraterna.se\\\/koping\\\/\",\"name\":\"Kristdemokraterna | K\u00f6ping\",\"description\":\"K\u00f6ping beh\u00f6ver ett nytt styre - men inga bilar p\u00e5 Stora gatan\",\"inLanguage\":\"sv-SE\"}]}<\/script>\n<!-- \/ Yoast SEO plugin. -->","yoast_head_json":{"title":"F\u00e5 medlemsbrevet - Kristdemokraterna | K\u00f6ping","robots":{"index":"index","follow":"follow","max-snippet":"max-snippet:-1","max-image-preview":"max-image-preview:large","max-video-preview":"max-video-preview:-1"},"canonical":"https:\/\/wp.kristdemokraterna.se\/koping\/engagera-dig\/fa-medlemsbrevet\/","og_locale":"sv_SE","og_type":"article","og_title":"F\u00e5 medlemsbrevet - Kristdemokraterna | K\u00f6ping","og_description":"Som medlem kommer du regelbundet att f\u00e5 ett medlemsbrev via din e-post med aktuell information vad som \u00e4r p\u00e5 g\u00e5ng. Du kommer att f\u00e5 inbjudningar till m\u00f6ten med Kommunpolitiska arbetsgruppen (KPA) som tr\u00e4ffas varje m\u00e5nad inf\u00f6r kommunstyrelsens sammantr\u00e4den. D\u00e4r f\u00e5r vi information om vilka \u00e4renden som \u00e4r aktuella i kommunpolitiken. D\u00e5 diskuterar vi vilka inspel Read More","og_url":"https:\/\/wp.kristdemokraterna.se\/koping\/engagera-dig\/fa-medlemsbrevet\/","og_site_name":"Kristdemokraterna | K\u00f6ping","twitter_card":"summary_large_image","twitter_misc":{"Ber\u00e4knad l\u00e4stid":"1 minut"},"schema":{"@context":"https:\/\/schema.org","@graph":[{"@type":"WebPage","@id":"https:\/\/wp.kristdemokraterna.se\/koping\/engagera-dig\/fa-medlemsbrevet\/","url":"https:\/\/wp.kristdemokraterna.se\/koping\/engagera-dig\/fa-medlemsbrevet\/","name":"F\u00e5 medlemsbrevet - Kristdemokraterna | K\u00f6ping","isPartOf":{"@id":"https:\/\/wp.kristdemokraterna.se\/koping\/#website"},"datePublished":"2024-01-26T11:56:36+00:00","breadcrumb":{"@id":"https:\/\/wp.kristdemokraterna.se\/koping\/engagera-dig\/fa-medlemsbrevet\/#breadcrumb"},"inLanguage":"sv-SE","potentialAction":[{"@type":"ReadAction","target":["https:\/\/wp.kristdemokraterna.se\/koping\/engagera-dig\/fa-medlemsbrevet\/"]}]},{"@type":"BreadcrumbList","@id":"https:\/\/wp.kristdemokraterna.se\/koping\/engagera-dig\/fa-medlemsbrevet\/#breadcrumb","itemListElement":[{"@type":"ListItem","position":1,"name":"Hem","item":"https:\/\/wp.kristdemokraterna.se\/koping\/"},{"@type":"ListItem","position":2,"name":"Engagera dig","item":"https:\/\/wp.kristdemokraterna.se\/koping\/engagera-dig\/"},{"@type":"ListItem","position":3,"name":"F\u00e5 medlemsbrevet"}]},{"@type":"WebSite","@id":"https:\/\/wp.kristdemokraterna.se\/koping\/#website","url":"https:\/\/wp.kristdemokraterna.se\/koping\/","name":"Kristdemokraterna | K\u00f6ping","description":"K\u00f6ping beh\u00f6ver ett nytt styre - men inga bilar p\u00e5 Stora gatan","inLanguage":"sv-SE"}]}},"_links":{"self":[{"href":"https:\/\/wp.kristdemokraterna.se\/koping\/wp-json\/wp\/v2\/pages\/2257","targetHints":{"allow":["GET"]}}],"collection":[{"href":"https:\/\/wp.kristdemokraterna.se\/koping\/wp-json\/wp\/v2\/pages"}],"about":[{"href":"https:\/\/wp.kristdemokraterna.se\/koping\/wp-json\/wp\/v2\/types\/page"}],"author":[{"embeddable":true,"href":"https:\/\/wp.kristdemokraterna.se\/koping\/wp-json\/wp\/v2\/users\/62"}],"replies":[{"embeddable":true,"href":"https:\/\/wp.kristdemokraterna.se\/koping\/wp-json\/wp\/v2\/comments?post=2257"}],"version-history":[{"count":1,"href":"https:\/\/wp.kristdemokraterna.se\/koping\/wp-json\/wp\/v2\/pages\/2257\/revisions"}],"predecessor-version":[{"id":2258,"href":"https:\/\/wp.kristdemokraterna.se\/koping\/wp-json\/wp\/v2\/pages\/2257\/revisions\/2258"}],"up":[{"embeddable":true,"href":"https:\/\/wp.kristdemokraterna.se\/koping\/wp-json\/wp\/v2\/pages\/2222"}],"wp:attachment":[{"href":"https:\/\/wp.kristdemokraterna.se\/koping\/wp-json\/wp\/v2\/media?parent=2257"}],"curies":[{"name":"wp","href":"https:\/\/api.w.org\/{rel}","templated":true}]}}