{"id":2260,"date":"2024-01-26T12:58:32","date_gmt":"2024-01-26T11:58:32","guid":{"rendered":"https:\/\/wp.kristdemokraterna.se\/koping\/?page_id=2260"},"modified":"2024-01-26T13:14:39","modified_gmt":"2024-01-26T12:14:39","slug":"bli-manadsgivare","status":"publish","type":"page","link":"https:\/\/wp.kristdemokraterna.se\/koping\/engagera-dig\/bli-manadsgivare\/","title":{"rendered":"Bli m\u00e5nadsgivare"},"content":{"rendered":"<p>Kristdemokraterna \u00e4r ett folkr\u00f6relseparti som framf\u00f6rallt bygger p\u00e5 engagemang och ideella insatser.<\/p>\n<p>Insatserna kan g\u00f6ras genom att ber\u00e4tta f\u00f6r v\u00e4nner och bekanta om vad KD st\u00e5r f\u00f6r och \u00e5stadkommit. Att v\u00e4rva nya medlemmar \u00e4r en annan mycket v\u00e4rdefull insats. Det g\u00e5r ocks\u00e5 att kombinera promenader med att samtidigt dela ut flygblad i brevl\u00e5dor. Och sist men inte minst \u00e4r ett ekonomiskt st\u00f6d mycket viktigt f\u00f6r oss f\u00f6r att kunna bli \u00e4nnu b\u00e4ttre p\u00e5 att n\u00e5 ut till K\u00f6pingsborna.<\/p>\n<p>K\u00f6pings kommunen ger ett partist\u00f6d till partierna som finns i kommunfullm\u00e4ktige f\u00f6r att st\u00f6tta den viktiga politiska dialogen med kommunen medborgare.\u00a0 Men f\u00f6r att vi p\u00e5 allvar ska n\u00e5 v\u00e4ljarna i valet 2026 med valinformation och valsedlar kommer vi att beh\u00f6va en rej\u00e4l valbudget d\u00e4r sponsring i form av sm\u00e5 och stora g\u00e5vor fr\u00e5n v\u00e5ra medlemmar och sympatis\u00f6rer kommer att beh\u00f6vas. Att bli m\u00e5nadsgivare \u00e4r ett s\u00e4tt att st\u00f6dja v\u00e5r verksamhet.<\/p>\n<div id=\"attachment_1674\" style=\"width: 208px\" class=\"wp-caption alignleft\"><a href=\"https:\/\/wp.kristdemokraterna.se\/koping\/?attachment_id=1674\" rel=\"attachment wp-att-1674\"><img loading=\"lazy\" decoding=\"async\" aria-describedby=\"caption-attachment-1674\" class=\"size-medium wp-image-1674\" src=\"http:\/\/wp.kristdemokraterna.se\/koping\/files\/2024\/01\/swish-qr-small-198x300.png\" alt=\"\" width=\"198\" height=\"300\" srcset=\"https:\/\/wp.kristdemokraterna.se\/koping\/files\/2024\/01\/swish-qr-small-198x300.png 198w, https:\/\/wp.kristdemokraterna.se\/koping\/files\/2024\/01\/swish-qr-small-132x200.png 132w, https:\/\/wp.kristdemokraterna.se\/koping\/files\/2024\/01\/swish-qr-small-370x559.png 370w, https:\/\/wp.kristdemokraterna.se\/koping\/files\/2024\/01\/swish-qr-small-450x680.png 450w, https:\/\/wp.kristdemokraterna.se\/koping\/files\/2024\/01\/swish-qr-small-266x402.png 266w, https:\/\/wp.kristdemokraterna.se\/koping\/files\/2024\/01\/swish-qr-small-340x514.png 340w, https:\/\/wp.kristdemokraterna.se\/koping\/files\/2024\/01\/swish-qr-small-37x56.png 37w, https:\/\/wp.kristdemokraterna.se\/koping\/files\/2024\/01\/swish-qr-small.png 625w\" sizes=\"auto, (max-width: 198px) 100vw, 198px\" \/><\/a><p id=\"caption-attachment-1674\" class=\"wp-caption-text\"><strong>Anteckna ditt namn som meddelande n\u00e4r nu betalar.<\/strong><\/p><\/div>\n","protected":false},"excerpt":{"rendered":"<p>Kristdemokraterna \u00e4r ett folkr\u00f6relseparti som framf\u00f6rallt bygger p\u00e5 engagemang och ideella insatser. Insatserna kan g\u00f6ras genom att ber\u00e4tta f\u00f6r v\u00e4nner och bekanta om vad KD st\u00e5r f\u00f6r och \u00e5stadkommit. Att v\u00e4rva nya medlemmar \u00e4r en annan mycket v\u00e4rdefull insats. Det g\u00e5r ocks\u00e5 att kombinera promenader med att samtidigt dela ut flygblad i brevl\u00e5dor. Och sist <a class=\"read-more-link\" href=\"https:\/\/wp.kristdemokraterna.se\/koping\/engagera-dig\/bli-manadsgivare\/\">Read More<\/a><\/p>\n","protected":false},"author":62,"featured_media":0,"parent":2222,"menu_order":0,"comment_status":"closed","ping_status":"closed","template":"page.php","meta":{"_acf_changed":false,"footnotes":""},"class_list":["post-2260","page","type-page","status-publish","hentry"],"acf":[],"yoast_head":"<!-- This site is optimized with the Yoast SEO plugin v27.4 - https:\/\/yoast.com\/product\/yoast-seo-wordpress\/ -->\n<title>Bli m\u00e5nadsgivare - Kristdemokraterna | K\u00f6ping<\/title>\n<meta name=\"robots\" content=\"index, follow, max-snippet:-1, max-image-preview:large, max-video-preview:-1\" \/>\n<link rel=\"canonical\" href=\"https:\/\/wp.kristdemokraterna.se\/koping\/engagera-dig\/bli-manadsgivare\/\" \/>\n<meta property=\"og:locale\" content=\"sv_SE\" \/>\n<meta property=\"og:type\" content=\"article\" \/>\n<meta property=\"og:title\" content=\"Bli m\u00e5nadsgivare - Kristdemokraterna | K\u00f6ping\" \/>\n<meta property=\"og:description\" content=\"Kristdemokraterna \u00e4r ett folkr\u00f6relseparti som framf\u00f6rallt bygger p\u00e5 engagemang och ideella insatser. Insatserna kan g\u00f6ras genom att ber\u00e4tta f\u00f6r v\u00e4nner och bekanta om vad KD st\u00e5r f\u00f6r och \u00e5stadkommit. Att v\u00e4rva nya medlemmar \u00e4r en annan mycket v\u00e4rdefull insats. Det g\u00e5r ocks\u00e5 att kombinera promenader med att samtidigt dela ut flygblad i brevl\u00e5dor. Och sist Read More\" \/>\n<meta property=\"og:url\" content=\"https:\/\/wp.kristdemokraterna.se\/koping\/engagera-dig\/bli-manadsgivare\/\" \/>\n<meta property=\"og:site_name\" content=\"Kristdemokraterna | K\u00f6ping\" \/>\n<meta property=\"article:modified_time\" content=\"2024-01-26T12:14:39+00:00\" \/>\n<meta property=\"og:image\" content=\"http:\/\/wp.kristdemokraterna.se\/koping\/files\/2024\/01\/swish-qr-small-198x300.png\" \/>\n<meta name=\"twitter:card\" content=\"summary_large_image\" \/>\n<meta name=\"twitter:label1\" content=\"Ber\u00e4knad l\u00e4stid\" \/>\n\t<meta name=\"twitter:data1\" content=\"2 minuter\" \/>\n<script type=\"application\/ld+json\" class=\"yoast-schema-graph\">{\"@context\":\"https:\\\/\\\/schema.org\",\"@graph\":[{\"@type\":\"WebPage\",\"@id\":\"https:\\\/\\\/wp.kristdemokraterna.se\\\/koping\\\/engagera-dig\\\/bli-manadsgivare\\\/\",\"url\":\"https:\\\/\\\/wp.kristdemokraterna.se\\\/koping\\\/engagera-dig\\\/bli-manadsgivare\\\/\",\"name\":\"Bli m\u00e5nadsgivare - Kristdemokraterna | K\u00f6ping\",\"isPartOf\":{\"@id\":\"https:\\\/\\\/wp.kristdemokraterna.se\\\/koping\\\/#website\"},\"primaryImageOfPage\":{\"@id\":\"https:\\\/\\\/wp.kristdemokraterna.se\\\/koping\\\/engagera-dig\\\/bli-manadsgivare\\\/#primaryimage\"},\"image\":{\"@id\":\"https:\\\/\\\/wp.kristdemokraterna.se\\\/koping\\\/engagera-dig\\\/bli-manadsgivare\\\/#primaryimage\"},\"thumbnailUrl\":\"http:\\\/\\\/wp.kristdemokraterna.se\\\/koping\\\/files\\\/2024\\\/01\\\/swish-qr-small-198x300.png\",\"datePublished\":\"2024-01-26T11:58:32+00:00\",\"dateModified\":\"2024-01-26T12:14:39+00:00\",\"breadcrumb\":{\"@id\":\"https:\\\/\\\/wp.kristdemokraterna.se\\\/koping\\\/engagera-dig\\\/bli-manadsgivare\\\/#breadcrumb\"},\"inLanguage\":\"sv-SE\",\"potentialAction\":[{\"@type\":\"ReadAction\",\"target\":[\"https:\\\/\\\/wp.kristdemokraterna.se\\\/koping\\\/engagera-dig\\\/bli-manadsgivare\\\/\"]}]},{\"@type\":\"ImageObject\",\"inLanguage\":\"sv-SE\",\"@id\":\"https:\\\/\\\/wp.kristdemokraterna.se\\\/koping\\\/engagera-dig\\\/bli-manadsgivare\\\/#primaryimage\",\"url\":\"http:\\\/\\\/wp.kristdemokraterna.se\\\/koping\\\/files\\\/2024\\\/01\\\/swish-qr-small-198x300.png\",\"contentUrl\":\"http:\\\/\\\/wp.kristdemokraterna.se\\\/koping\\\/files\\\/2024\\\/01\\\/swish-qr-small-198x300.png\"},{\"@type\":\"BreadcrumbList\",\"@id\":\"https:\\\/\\\/wp.kristdemokraterna.se\\\/koping\\\/engagera-dig\\\/bli-manadsgivare\\\/#breadcrumb\",\"itemListElement\":[{\"@type\":\"ListItem\",\"position\":1,\"name\":\"Hem\",\"item\":\"https:\\\/\\\/wp.kristdemokraterna.se\\\/koping\\\/\"},{\"@type\":\"ListItem\",\"position\":2,\"name\":\"Engagera dig\",\"item\":\"https:\\\/\\\/wp.kristdemokraterna.se\\\/koping\\\/engagera-dig\\\/\"},{\"@type\":\"ListItem\",\"position\":3,\"name\":\"Bli m\u00e5nadsgivare\"}]},{\"@type\":\"WebSite\",\"@id\":\"https:\\\/\\\/wp.kristdemokraterna.se\\\/koping\\\/#website\",\"url\":\"https:\\\/\\\/wp.kristdemokraterna.se\\\/koping\\\/\",\"name\":\"Kristdemokraterna | K\u00f6ping\",\"description\":\"K\u00f6ping beh\u00f6ver ett nytt styre - men inga bilar p\u00e5 Stora gatan\",\"inLanguage\":\"sv-SE\"}]}<\/script>\n<!-- \/ Yoast SEO plugin. -->","yoast_head_json":{"title":"Bli m\u00e5nadsgivare - Kristdemokraterna | K\u00f6ping","robots":{"index":"index","follow":"follow","max-snippet":"max-snippet:-1","max-image-preview":"max-image-preview:large","max-video-preview":"max-video-preview:-1"},"canonical":"https:\/\/wp.kristdemokraterna.se\/koping\/engagera-dig\/bli-manadsgivare\/","og_locale":"sv_SE","og_type":"article","og_title":"Bli m\u00e5nadsgivare - Kristdemokraterna | K\u00f6ping","og_description":"Kristdemokraterna \u00e4r ett folkr\u00f6relseparti som framf\u00f6rallt bygger p\u00e5 engagemang och ideella insatser. Insatserna kan g\u00f6ras genom att ber\u00e4tta f\u00f6r v\u00e4nner och bekanta om vad KD st\u00e5r f\u00f6r och \u00e5stadkommit. Att v\u00e4rva nya medlemmar \u00e4r en annan mycket v\u00e4rdefull insats. Det g\u00e5r ocks\u00e5 att kombinera promenader med att samtidigt dela ut flygblad i brevl\u00e5dor. Och sist Read More","og_url":"https:\/\/wp.kristdemokraterna.se\/koping\/engagera-dig\/bli-manadsgivare\/","og_site_name":"Kristdemokraterna | K\u00f6ping","article_modified_time":"2024-01-26T12:14:39+00:00","og_image":[{"url":"http:\/\/wp.kristdemokraterna.se\/koping\/files\/2024\/01\/swish-qr-small-198x300.png","type":"","width":"","height":""}],"twitter_card":"summary_large_image","twitter_misc":{"Ber\u00e4knad l\u00e4stid":"2 minuter"},"schema":{"@context":"https:\/\/schema.org","@graph":[{"@type":"WebPage","@id":"https:\/\/wp.kristdemokraterna.se\/koping\/engagera-dig\/bli-manadsgivare\/","url":"https:\/\/wp.kristdemokraterna.se\/koping\/engagera-dig\/bli-manadsgivare\/","name":"Bli m\u00e5nadsgivare - Kristdemokraterna | K\u00f6ping","isPartOf":{"@id":"https:\/\/wp.kristdemokraterna.se\/koping\/#website"},"primaryImageOfPage":{"@id":"https:\/\/wp.kristdemokraterna.se\/koping\/engagera-dig\/bli-manadsgivare\/#primaryimage"},"image":{"@id":"https:\/\/wp.kristdemokraterna.se\/koping\/engagera-dig\/bli-manadsgivare\/#primaryimage"},"thumbnailUrl":"http:\/\/wp.kristdemokraterna.se\/koping\/files\/2024\/01\/swish-qr-small-198x300.png","datePublished":"2024-01-26T11:58:32+00:00","dateModified":"2024-01-26T12:14:39+00:00","breadcrumb":{"@id":"https:\/\/wp.kristdemokraterna.se\/koping\/engagera-dig\/bli-manadsgivare\/#breadcrumb"},"inLanguage":"sv-SE","potentialAction":[{"@type":"ReadAction","target":["https:\/\/wp.kristdemokraterna.se\/koping\/engagera-dig\/bli-manadsgivare\/"]}]},{"@type":"ImageObject","inLanguage":"sv-SE","@id":"https:\/\/wp.kristdemokraterna.se\/koping\/engagera-dig\/bli-manadsgivare\/#primaryimage","url":"http:\/\/wp.kristdemokraterna.se\/koping\/files\/2024\/01\/swish-qr-small-198x300.png","contentUrl":"http:\/\/wp.kristdemokraterna.se\/koping\/files\/2024\/01\/swish-qr-small-198x300.png"},{"@type":"BreadcrumbList","@id":"https:\/\/wp.kristdemokraterna.se\/koping\/engagera-dig\/bli-manadsgivare\/#breadcrumb","itemListElement":[{"@type":"ListItem","position":1,"name":"Hem","item":"https:\/\/wp.kristdemokraterna.se\/koping\/"},{"@type":"ListItem","position":2,"name":"Engagera dig","item":"https:\/\/wp.kristdemokraterna.se\/koping\/engagera-dig\/"},{"@type":"ListItem","position":3,"name":"Bli m\u00e5nadsgivare"}]},{"@type":"WebSite","@id":"https:\/\/wp.kristdemokraterna.se\/koping\/#website","url":"https:\/\/wp.kristdemokraterna.se\/koping\/","name":"Kristdemokraterna | K\u00f6ping","description":"K\u00f6ping beh\u00f6ver ett nytt styre - men inga bilar p\u00e5 Stora gatan","inLanguage":"sv-SE"}]}},"_links":{"self":[{"href":"https:\/\/wp.kristdemokraterna.se\/koping\/wp-json\/wp\/v2\/pages\/2260","targetHints":{"allow":["GET"]}}],"collection":[{"href":"https:\/\/wp.kristdemokraterna.se\/koping\/wp-json\/wp\/v2\/pages"}],"about":[{"href":"https:\/\/wp.kristdemokraterna.se\/koping\/wp-json\/wp\/v2\/types\/page"}],"author":[{"embeddable":true,"href":"https:\/\/wp.kristdemokraterna.se\/koping\/wp-json\/wp\/v2\/users\/62"}],"replies":[{"embeddable":true,"href":"https:\/\/wp.kristdemokraterna.se\/koping\/wp-json\/wp\/v2\/comments?post=2260"}],"version-history":[{"count":6,"href":"https:\/\/wp.kristdemokraterna.se\/koping\/wp-json\/wp\/v2\/pages\/2260\/revisions"}],"predecessor-version":[{"id":2269,"href":"https:\/\/wp.kristdemokraterna.se\/koping\/wp-json\/wp\/v2\/pages\/2260\/revisions\/2269"}],"up":[{"embeddable":true,"href":"https:\/\/wp.kristdemokraterna.se\/koping\/wp-json\/wp\/v2\/pages\/2222"}],"wp:attachment":[{"href":"https:\/\/wp.kristdemokraterna.se\/koping\/wp-json\/wp\/v2\/media?parent=2260"}],"curies":[{"name":"wp","href":"https:\/\/api.w.org\/{rel}","templated":true}]}}