{"id":2369,"date":"2024-06-12T11:18:01","date_gmt":"2024-06-12T09:18:01","guid":{"rendered":"https:\/\/wp.kristdemokraterna.se\/koping\/?page_id=2369"},"modified":"2024-06-13T11:22:16","modified_gmt":"2024-06-13T09:22:16","slug":"budget-2025","status":"publish","type":"page","link":"https:\/\/wp.kristdemokraterna.se\/koping\/kommunalradet\/budget-2025\/","title":{"rendered":"Budget 2025"},"content":{"rendered":"<p>&nbsp;<\/p>\n<p><a href=\"https:\/\/koping.se\/download\/18.284ae10918fe7bcfd8c1a384\/1717752461260\/4.3%20Budget%202025%20K%C3%B6pings%20kommun%20(S,KD,V,C).pdf\" rel=\"attachment wp-att-2372\"><img loading=\"lazy\" decoding=\"async\" class=\"alignleft  wp-image-2372\" src=\"http:\/\/wp.kristdemokraterna.se\/koping\/files\/2024\/06\/budget-2025-213x300.png\" alt=\"\" width=\"438\" height=\"617\" srcset=\"https:\/\/wp.kristdemokraterna.se\/koping\/files\/2024\/06\/budget-2025-213x300.png 213w, https:\/\/wp.kristdemokraterna.se\/koping\/files\/2024\/06\/budget-2025-142x200.png 142w, https:\/\/wp.kristdemokraterna.se\/koping\/files\/2024\/06\/budget-2025-370x520.png 370w, https:\/\/wp.kristdemokraterna.se\/koping\/files\/2024\/06\/budget-2025-450x633.png 450w, https:\/\/wp.kristdemokraterna.se\/koping\/files\/2024\/06\/budget-2025-280x394.png 280w, https:\/\/wp.kristdemokraterna.se\/koping\/files\/2024\/06\/budget-2025-340x478.png 340w, https:\/\/wp.kristdemokraterna.se\/koping\/files\/2024\/06\/budget-2025-40x56.png 40w, https:\/\/wp.kristdemokraterna.se\/koping\/files\/2024\/06\/budget-2025.png 610w\" sizes=\"auto, (max-width: 438px) 100vw, 438px\" \/><\/a><\/p>\n<p>&nbsp;<\/p>\n<p>&nbsp;<\/p>\n<p>&nbsp;<\/p>\n<p>&nbsp;<\/p>\n<p>&nbsp;<\/p>\n<p>&nbsp;<\/p>\n<p>&nbsp;<\/p>\n<p>&nbsp;<\/p>\n","protected":false},"excerpt":{"rendered":"<p>&nbsp; &nbsp; &nbsp; &nbsp; &nbsp; &nbsp; &nbsp; &nbsp; &nbsp;<\/p>\n","protected":false},"author":62,"featured_media":0,"parent":1623,"menu_order":1,"comment_status":"closed","ping_status":"closed","template":"page.php","meta":{"_acf_changed":false,"footnotes":""},"class_list":["post-2369","page","type-page","status-publish","hentry"],"acf":[],"yoast_head":"<!-- This site is optimized with the Yoast SEO plugin v27.4 - https:\/\/yoast.com\/product\/yoast-seo-wordpress\/ -->\n<title>Budget 2025 - Kristdemokraterna | K\u00f6ping<\/title>\n<meta name=\"robots\" content=\"index, follow, max-snippet:-1, max-image-preview:large, max-video-preview:-1\" \/>\n<link rel=\"canonical\" href=\"https:\/\/wp.kristdemokraterna.se\/koping\/kommunalradet\/budget-2025\/\" \/>\n<meta property=\"og:locale\" content=\"sv_SE\" \/>\n<meta property=\"og:type\" content=\"article\" \/>\n<meta property=\"og:title\" content=\"Budget 2025 - Kristdemokraterna | K\u00f6ping\" \/>\n<meta property=\"og:description\" content=\"&nbsp; &nbsp; &nbsp; &nbsp; &nbsp; &nbsp; &nbsp; &nbsp; &nbsp;\" \/>\n<meta property=\"og:url\" content=\"https:\/\/wp.kristdemokraterna.se\/koping\/kommunalradet\/budget-2025\/\" \/>\n<meta property=\"og:site_name\" content=\"Kristdemokraterna | K\u00f6ping\" \/>\n<meta property=\"article:modified_time\" content=\"2024-06-13T09:22:16+00:00\" \/>\n<meta property=\"og:image\" content=\"http:\/\/wp.kristdemokraterna.se\/koping\/files\/2024\/06\/budget-2025-213x300.png\" \/>\n<meta name=\"twitter:card\" content=\"summary_large_image\" \/>\n<meta name=\"twitter:label1\" content=\"Ber\u00e4knad l\u00e4stid\" \/>\n\t<meta name=\"twitter:data1\" content=\"1 minut\" \/>\n<script type=\"application\/ld+json\" class=\"yoast-schema-graph\">{\"@context\":\"https:\\\/\\\/schema.org\",\"@graph\":[{\"@type\":\"WebPage\",\"@id\":\"https:\\\/\\\/wp.kristdemokraterna.se\\\/koping\\\/kommunalradet\\\/budget-2025\\\/\",\"url\":\"https:\\\/\\\/wp.kristdemokraterna.se\\\/koping\\\/kommunalradet\\\/budget-2025\\\/\",\"name\":\"Budget 2025 - Kristdemokraterna | K\u00f6ping\",\"isPartOf\":{\"@id\":\"https:\\\/\\\/wp.kristdemokraterna.se\\\/koping\\\/#website\"},\"primaryImageOfPage\":{\"@id\":\"https:\\\/\\\/wp.kristdemokraterna.se\\\/koping\\\/kommunalradet\\\/budget-2025\\\/#primaryimage\"},\"image\":{\"@id\":\"https:\\\/\\\/wp.kristdemokraterna.se\\\/koping\\\/kommunalradet\\\/budget-2025\\\/#primaryimage\"},\"thumbnailUrl\":\"http:\\\/\\\/wp.kristdemokraterna.se\\\/koping\\\/files\\\/2024\\\/06\\\/budget-2025-213x300.png\",\"datePublished\":\"2024-06-12T09:18:01+00:00\",\"dateModified\":\"2024-06-13T09:22:16+00:00\",\"breadcrumb\":{\"@id\":\"https:\\\/\\\/wp.kristdemokraterna.se\\\/koping\\\/kommunalradet\\\/budget-2025\\\/#breadcrumb\"},\"inLanguage\":\"sv-SE\",\"potentialAction\":[{\"@type\":\"ReadAction\",\"target\":[\"https:\\\/\\\/wp.kristdemokraterna.se\\\/koping\\\/kommunalradet\\\/budget-2025\\\/\"]}]},{\"@type\":\"ImageObject\",\"inLanguage\":\"sv-SE\",\"@id\":\"https:\\\/\\\/wp.kristdemokraterna.se\\\/koping\\\/kommunalradet\\\/budget-2025\\\/#primaryimage\",\"url\":\"http:\\\/\\\/wp.kristdemokraterna.se\\\/koping\\\/files\\\/2024\\\/06\\\/budget-2025-213x300.png\",\"contentUrl\":\"http:\\\/\\\/wp.kristdemokraterna.se\\\/koping\\\/files\\\/2024\\\/06\\\/budget-2025-213x300.png\"},{\"@type\":\"BreadcrumbList\",\"@id\":\"https:\\\/\\\/wp.kristdemokraterna.se\\\/koping\\\/kommunalradet\\\/budget-2025\\\/#breadcrumb\",\"itemListElement\":[{\"@type\":\"ListItem\",\"position\":1,\"name\":\"Hem\",\"item\":\"https:\\\/\\\/wp.kristdemokraterna.se\\\/koping\\\/\"},{\"@type\":\"ListItem\",\"position\":2,\"name\":\"Kommunalr\u00e5det\",\"item\":\"https:\\\/\\\/wp.kristdemokraterna.se\\\/koping\\\/kommunalradet\\\/\"},{\"@type\":\"ListItem\",\"position\":3,\"name\":\"Budget 2025\"}]},{\"@type\":\"WebSite\",\"@id\":\"https:\\\/\\\/wp.kristdemokraterna.se\\\/koping\\\/#website\",\"url\":\"https:\\\/\\\/wp.kristdemokraterna.se\\\/koping\\\/\",\"name\":\"Kristdemokraterna | K\u00f6ping\",\"description\":\"K\u00f6ping beh\u00f6ver ett nytt styre - men inga bilar p\u00e5 Stora gatan\",\"inLanguage\":\"sv-SE\"}]}<\/script>\n<!-- \/ Yoast SEO plugin. -->","yoast_head_json":{"title":"Budget 2025 - Kristdemokraterna | K\u00f6ping","robots":{"index":"index","follow":"follow","max-snippet":"max-snippet:-1","max-image-preview":"max-image-preview:large","max-video-preview":"max-video-preview:-1"},"canonical":"https:\/\/wp.kristdemokraterna.se\/koping\/kommunalradet\/budget-2025\/","og_locale":"sv_SE","og_type":"article","og_title":"Budget 2025 - Kristdemokraterna | K\u00f6ping","og_description":"&nbsp; &nbsp; &nbsp; &nbsp; &nbsp; &nbsp; &nbsp; &nbsp; &nbsp;","og_url":"https:\/\/wp.kristdemokraterna.se\/koping\/kommunalradet\/budget-2025\/","og_site_name":"Kristdemokraterna | K\u00f6ping","article_modified_time":"2024-06-13T09:22:16+00:00","og_image":[{"url":"http:\/\/wp.kristdemokraterna.se\/koping\/files\/2024\/06\/budget-2025-213x300.png","type":"","width":"","height":""}],"twitter_card":"summary_large_image","twitter_misc":{"Ber\u00e4knad l\u00e4stid":"1 minut"},"schema":{"@context":"https:\/\/schema.org","@graph":[{"@type":"WebPage","@id":"https:\/\/wp.kristdemokraterna.se\/koping\/kommunalradet\/budget-2025\/","url":"https:\/\/wp.kristdemokraterna.se\/koping\/kommunalradet\/budget-2025\/","name":"Budget 2025 - Kristdemokraterna | K\u00f6ping","isPartOf":{"@id":"https:\/\/wp.kristdemokraterna.se\/koping\/#website"},"primaryImageOfPage":{"@id":"https:\/\/wp.kristdemokraterna.se\/koping\/kommunalradet\/budget-2025\/#primaryimage"},"image":{"@id":"https:\/\/wp.kristdemokraterna.se\/koping\/kommunalradet\/budget-2025\/#primaryimage"},"thumbnailUrl":"http:\/\/wp.kristdemokraterna.se\/koping\/files\/2024\/06\/budget-2025-213x300.png","datePublished":"2024-06-12T09:18:01+00:00","dateModified":"2024-06-13T09:22:16+00:00","breadcrumb":{"@id":"https:\/\/wp.kristdemokraterna.se\/koping\/kommunalradet\/budget-2025\/#breadcrumb"},"inLanguage":"sv-SE","potentialAction":[{"@type":"ReadAction","target":["https:\/\/wp.kristdemokraterna.se\/koping\/kommunalradet\/budget-2025\/"]}]},{"@type":"ImageObject","inLanguage":"sv-SE","@id":"https:\/\/wp.kristdemokraterna.se\/koping\/kommunalradet\/budget-2025\/#primaryimage","url":"http:\/\/wp.kristdemokraterna.se\/koping\/files\/2024\/06\/budget-2025-213x300.png","contentUrl":"http:\/\/wp.kristdemokraterna.se\/koping\/files\/2024\/06\/budget-2025-213x300.png"},{"@type":"BreadcrumbList","@id":"https:\/\/wp.kristdemokraterna.se\/koping\/kommunalradet\/budget-2025\/#breadcrumb","itemListElement":[{"@type":"ListItem","position":1,"name":"Hem","item":"https:\/\/wp.kristdemokraterna.se\/koping\/"},{"@type":"ListItem","position":2,"name":"Kommunalr\u00e5det","item":"https:\/\/wp.kristdemokraterna.se\/koping\/kommunalradet\/"},{"@type":"ListItem","position":3,"name":"Budget 2025"}]},{"@type":"WebSite","@id":"https:\/\/wp.kristdemokraterna.se\/koping\/#website","url":"https:\/\/wp.kristdemokraterna.se\/koping\/","name":"Kristdemokraterna | K\u00f6ping","description":"K\u00f6ping beh\u00f6ver ett nytt styre - men inga bilar p\u00e5 Stora gatan","inLanguage":"sv-SE"}]}},"_links":{"self":[{"href":"https:\/\/wp.kristdemokraterna.se\/koping\/wp-json\/wp\/v2\/pages\/2369","targetHints":{"allow":["GET"]}}],"collection":[{"href":"https:\/\/wp.kristdemokraterna.se\/koping\/wp-json\/wp\/v2\/pages"}],"about":[{"href":"https:\/\/wp.kristdemokraterna.se\/koping\/wp-json\/wp\/v2\/types\/page"}],"author":[{"embeddable":true,"href":"https:\/\/wp.kristdemokraterna.se\/koping\/wp-json\/wp\/v2\/users\/62"}],"replies":[{"embeddable":true,"href":"https:\/\/wp.kristdemokraterna.se\/koping\/wp-json\/wp\/v2\/comments?post=2369"}],"version-history":[{"count":9,"href":"https:\/\/wp.kristdemokraterna.se\/koping\/wp-json\/wp\/v2\/pages\/2369\/revisions"}],"predecessor-version":[{"id":2401,"href":"https:\/\/wp.kristdemokraterna.se\/koping\/wp-json\/wp\/v2\/pages\/2369\/revisions\/2401"}],"up":[{"embeddable":true,"href":"https:\/\/wp.kristdemokraterna.se\/koping\/wp-json\/wp\/v2\/pages\/1623"}],"wp:attachment":[{"href":"https:\/\/wp.kristdemokraterna.se\/koping\/wp-json\/wp\/v2\/media?parent=2369"}],"curies":[{"name":"wp","href":"https:\/\/api.w.org\/{rel}","templated":true}]}}