{"id":297,"date":"2019-11-27T15:01:39","date_gmt":"2019-11-27T14:01:39","guid":{"rendered":"http:\/\/wp.kristdemokraterna.se\/koping\/?page_id=297"},"modified":"2025-12-03T09:36:56","modified_gmt":"2025-12-03T08:36:56","slug":"startsida","status":"publish","type":"page","link":"https:\/\/wp.kristdemokraterna.se\/koping\/","title":{"rendered":"Startsida"},"content":{"rendered":"<ul>\n<li>Aktiv\u00a0 verksamhet med god medlemstillv\u00e4xt.<\/li>\n<li>Bes\u00f6kte 130 f\u00f6retag under tio m\u00e5nader.<\/li>\n<li>Unik valsedel med flest kvinnor och f\u00f6retagare och l\u00e4gst medel\u00e5lder av alla partier.<\/li>\n<li>\u00d6kning med 64% och f\u00f6rdubblat valresultat fr\u00e5n 2 till 4 manda i senaste valet.<\/li>\n<li>Fick i valet 10-11% i Munktorp, Himmeta, Elund, Kalberg, Karlsdal och Ullvi<\/li>\n<li>\u00c4r n\u00e4st st\u00f6rsta parti i kommunmajoriteten som antagit en regeringsplattform i 35 punkter.<\/li>\n<li>Kommunalr\u00e5d med ansvar f\u00f6r N\u00e4ringspolitiken och ordf\u00f6rande i Samh\u00e4llsbyggnadsn\u00e4mnden.<\/li>\n<li>Representerade i kommunens samtliga n\u00e4mnder.<\/li>\n<\/ul>\n","protected":false},"excerpt":{"rendered":"<p>Aktiv\u00a0 verksamhet med god medlemstillv\u00e4xt. Bes\u00f6kte 130 f\u00f6retag under tio m\u00e5nader. Unik valsedel med flest kvinnor och f\u00f6retagare och l\u00e4gst medel\u00e5lder av alla partier. \u00d6kning med 64% och f\u00f6rdubblat valresultat fr\u00e5n 2 till 4 manda i senaste valet. Fick i valet 10-11% i Munktorp, Himmeta, Elund, Kalberg, Karlsdal och Ullvi \u00c4r n\u00e4st st\u00f6rsta parti i <a class=\"read-more-link\" href=\"https:\/\/wp.kristdemokraterna.se\/koping\/\">Read More<\/a><\/p>\n","protected":false},"author":62,"featured_media":0,"parent":0,"menu_order":0,"comment_status":"closed","ping_status":"closed","template":"index.php","meta":{"_acf_changed":false,"footnotes":""},"class_list":["post-297","page","type-page","status-publish","hentry"],"acf":[],"yoast_head":"<!-- This site is optimized with the Yoast SEO plugin v27.4 - https:\/\/yoast.com\/product\/yoast-seo-wordpress\/ -->\n<title>Startsida - Kristdemokraterna | K\u00f6ping<\/title>\n<meta name=\"robots\" content=\"index, follow, max-snippet:-1, max-image-preview:large, max-video-preview:-1\" \/>\n<link rel=\"canonical\" href=\"https:\/\/wp.kristdemokraterna.se\/koping\/\" \/>\n<meta property=\"og:locale\" content=\"sv_SE\" \/>\n<meta property=\"og:type\" content=\"article\" \/>\n<meta property=\"og:title\" content=\"Startsida - Kristdemokraterna | K\u00f6ping\" \/>\n<meta property=\"og:description\" content=\"Aktiv\u00a0 verksamhet med god medlemstillv\u00e4xt. Bes\u00f6kte 130 f\u00f6retag under tio m\u00e5nader. Unik valsedel med flest kvinnor och f\u00f6retagare och l\u00e4gst medel\u00e5lder av alla partier. \u00d6kning med 64% och f\u00f6rdubblat valresultat fr\u00e5n 2 till 4 manda i senaste valet. Fick i valet 10-11% i Munktorp, Himmeta, Elund, Kalberg, Karlsdal och Ullvi \u00c4r n\u00e4st st\u00f6rsta parti i Read More\" \/>\n<meta property=\"og:url\" content=\"https:\/\/wp.kristdemokraterna.se\/koping\/\" \/>\n<meta property=\"og:site_name\" content=\"Kristdemokraterna | K\u00f6ping\" \/>\n<meta property=\"article:modified_time\" content=\"2025-12-03T08:36:56+00:00\" \/>\n<meta name=\"twitter:card\" content=\"summary_large_image\" \/>\n<meta name=\"twitter:label1\" content=\"Ber\u00e4knad l\u00e4stid\" \/>\n\t<meta name=\"twitter:data1\" content=\"1 minut\" \/>\n<script type=\"application\/ld+json\" class=\"yoast-schema-graph\">{\"@context\":\"https:\\\/\\\/schema.org\",\"@graph\":[{\"@type\":\"WebPage\",\"@id\":\"https:\\\/\\\/wp.kristdemokraterna.se\\\/koping\\\/\",\"url\":\"https:\\\/\\\/wp.kristdemokraterna.se\\\/koping\\\/\",\"name\":\"Startsida - Kristdemokraterna | K\u00f6ping\",\"isPartOf\":{\"@id\":\"https:\\\/\\\/wp.kristdemokraterna.se\\\/koping\\\/#website\"},\"datePublished\":\"2019-11-27T14:01:39+00:00\",\"dateModified\":\"2025-12-03T08:36:56+00:00\",\"breadcrumb\":{\"@id\":\"https:\\\/\\\/wp.kristdemokraterna.se\\\/koping\\\/#breadcrumb\"},\"inLanguage\":\"sv-SE\",\"potentialAction\":[{\"@type\":\"ReadAction\",\"target\":[\"https:\\\/\\\/wp.kristdemokraterna.se\\\/koping\\\/\"]}]},{\"@type\":\"BreadcrumbList\",\"@id\":\"https:\\\/\\\/wp.kristdemokraterna.se\\\/koping\\\/#breadcrumb\",\"itemListElement\":[{\"@type\":\"ListItem\",\"position\":1,\"name\":\"Hem\",\"item\":\"https:\\\/\\\/wp.kristdemokraterna.se\\\/koping\\\/\"},{\"@type\":\"ListItem\",\"position\":2,\"name\":\"Startsida\"}]},{\"@type\":\"WebSite\",\"@id\":\"https:\\\/\\\/wp.kristdemokraterna.se\\\/koping\\\/#website\",\"url\":\"https:\\\/\\\/wp.kristdemokraterna.se\\\/koping\\\/\",\"name\":\"Kristdemokraterna | K\u00f6ping\",\"description\":\"K\u00f6ping beh\u00f6ver ett nytt styre - men inga bilar p\u00e5 Stora gatan\",\"inLanguage\":\"sv-SE\"}]}<\/script>\n<!-- \/ Yoast SEO plugin. -->","yoast_head_json":{"title":"Startsida - Kristdemokraterna | K\u00f6ping","robots":{"index":"index","follow":"follow","max-snippet":"max-snippet:-1","max-image-preview":"max-image-preview:large","max-video-preview":"max-video-preview:-1"},"canonical":"https:\/\/wp.kristdemokraterna.se\/koping\/","og_locale":"sv_SE","og_type":"article","og_title":"Startsida - Kristdemokraterna | K\u00f6ping","og_description":"Aktiv\u00a0 verksamhet med god medlemstillv\u00e4xt. Bes\u00f6kte 130 f\u00f6retag under tio m\u00e5nader. Unik valsedel med flest kvinnor och f\u00f6retagare och l\u00e4gst medel\u00e5lder av alla partier. \u00d6kning med 64% och f\u00f6rdubblat valresultat fr\u00e5n 2 till 4 manda i senaste valet. Fick i valet 10-11% i Munktorp, Himmeta, Elund, Kalberg, Karlsdal och Ullvi \u00c4r n\u00e4st st\u00f6rsta parti i Read More","og_url":"https:\/\/wp.kristdemokraterna.se\/koping\/","og_site_name":"Kristdemokraterna | K\u00f6ping","article_modified_time":"2025-12-03T08:36:56+00:00","twitter_card":"summary_large_image","twitter_misc":{"Ber\u00e4knad l\u00e4stid":"1 minut"},"schema":{"@context":"https:\/\/schema.org","@graph":[{"@type":"WebPage","@id":"https:\/\/wp.kristdemokraterna.se\/koping\/","url":"https:\/\/wp.kristdemokraterna.se\/koping\/","name":"Startsida - Kristdemokraterna | K\u00f6ping","isPartOf":{"@id":"https:\/\/wp.kristdemokraterna.se\/koping\/#website"},"datePublished":"2019-11-27T14:01:39+00:00","dateModified":"2025-12-03T08:36:56+00:00","breadcrumb":{"@id":"https:\/\/wp.kristdemokraterna.se\/koping\/#breadcrumb"},"inLanguage":"sv-SE","potentialAction":[{"@type":"ReadAction","target":["https:\/\/wp.kristdemokraterna.se\/koping\/"]}]},{"@type":"BreadcrumbList","@id":"https:\/\/wp.kristdemokraterna.se\/koping\/#breadcrumb","itemListElement":[{"@type":"ListItem","position":1,"name":"Hem","item":"https:\/\/wp.kristdemokraterna.se\/koping\/"},{"@type":"ListItem","position":2,"name":"Startsida"}]},{"@type":"WebSite","@id":"https:\/\/wp.kristdemokraterna.se\/koping\/#website","url":"https:\/\/wp.kristdemokraterna.se\/koping\/","name":"Kristdemokraterna | K\u00f6ping","description":"K\u00f6ping beh\u00f6ver ett nytt styre - men inga bilar p\u00e5 Stora gatan","inLanguage":"sv-SE"}]}},"_links":{"self":[{"href":"https:\/\/wp.kristdemokraterna.se\/koping\/wp-json\/wp\/v2\/pages\/297","targetHints":{"allow":["GET"]}}],"collection":[{"href":"https:\/\/wp.kristdemokraterna.se\/koping\/wp-json\/wp\/v2\/pages"}],"about":[{"href":"https:\/\/wp.kristdemokraterna.se\/koping\/wp-json\/wp\/v2\/types\/page"}],"author":[{"embeddable":true,"href":"https:\/\/wp.kristdemokraterna.se\/koping\/wp-json\/wp\/v2\/users\/62"}],"replies":[{"embeddable":true,"href":"https:\/\/wp.kristdemokraterna.se\/koping\/wp-json\/wp\/v2\/comments?post=297"}],"version-history":[{"count":92,"href":"https:\/\/wp.kristdemokraterna.se\/koping\/wp-json\/wp\/v2\/pages\/297\/revisions"}],"predecessor-version":[{"id":2508,"href":"https:\/\/wp.kristdemokraterna.se\/koping\/wp-json\/wp\/v2\/pages\/297\/revisions\/2508"}],"wp:attachment":[{"href":"https:\/\/wp.kristdemokraterna.se\/koping\/wp-json\/wp\/v2\/media?parent=297"}],"curies":[{"name":"wp","href":"https:\/\/api.w.org\/{rel}","templated":true}]}}