{"id":8,"date":"2014-03-11T12:31:34","date_gmt":"2014-03-11T11:31:34","guid":{"rendered":"http:\/\/wp.kristdemokraterna.se\/koping\/?page_id=8"},"modified":"2025-04-01T10:09:04","modified_gmt":"2025-04-01T08:09:04","slug":"var-lokalavdelning","status":"publish","type":"page","link":"https:\/\/wp.kristdemokraterna.se\/koping\/var-lokalavdelning\/","title":{"rendered":"V\u00e5r partiavdelning"},"content":{"rendered":"","protected":false},"excerpt":{"rendered":"","protected":false},"author":533,"featured_media":0,"parent":0,"menu_order":5,"comment_status":"closed","ping_status":"closed","template":"","meta":{"_acf_changed":false,"footnotes":""},"class_list":["post-8","page","type-page","status-publish","hentry"],"acf":[],"yoast_head":"<!-- This site is optimized with the Yoast SEO plugin v27.3 - https:\/\/yoast.com\/product\/yoast-seo-wordpress\/ -->\n<title>Styrelsen 2020-2021 KD K\u00f6ping - Kristdemokraterna | K\u00f6ping Ordf\u00f6rande: Lars-Axel Nordell 070-7708310, lan@kristdemokraterna.seVice ordf\u00f6rande: Per Norin 070-6083916, per.norin@koping.seGruppledare: Anna-Carin Ragnarsson, 076-3365894, anna-carin.ragnarsson@kristdemokraterna.seSekreterare: Robert Ericsson, 070-7752371, robert.ericsson@styrkelyft.se,Kass\u00f6r: Tommy Svanborg 072-7186360,\u00a0 tommy.svanborg1@gmail.com\u00d6vriga ledam\u00f6terIngrid Broman 070-4665622, ingridbroman99@gmail.com,Kenth Lucas 070-076-1116995, kenth.lucas@hotmail.comSalah Rasho 070-4273036, salah_rasho@hotmail.com<\/title>\n<meta name=\"robots\" content=\"index, follow, max-snippet:-1, max-image-preview:large, max-video-preview:-1\" \/>\n<link rel=\"canonical\" href=\"https:\/\/wp.kristdemokraterna.se\/koping\/var-lokalavdelning\/\" \/>\n<meta property=\"og:locale\" content=\"sv_SE\" \/>\n<meta property=\"og:type\" content=\"article\" \/>\n<meta property=\"og:title\" content=\"Styrelsen 2020-2021 KD K\u00f6ping - Kristdemokraterna | K\u00f6ping Ordf\u00f6rande: Lars-Axel Nordell 070-7708310, lan@kristdemokraterna.seVice ordf\u00f6rande: Per Norin 070-6083916, per.norin@koping.seGruppledare: Anna-Carin Ragnarsson, 076-3365894, anna-carin.ragnarsson@kristdemokraterna.seSekreterare: Robert Ericsson, 070-7752371, robert.ericsson@styrkelyft.se,Kass\u00f6r: Tommy Svanborg 072-7186360,\u00a0 tommy.svanborg1@gmail.com\u00d6vriga ledam\u00f6terIngrid Broman 070-4665622, ingridbroman99@gmail.com,Kenth Lucas 070-076-1116995, kenth.lucas@hotmail.comSalah Rasho 070-4273036, salah_rasho@hotmail.com\" \/>\n<meta property=\"og:url\" content=\"https:\/\/wp.kristdemokraterna.se\/koping\/var-lokalavdelning\/\" \/>\n<meta property=\"og:site_name\" content=\"Kristdemokraterna | K\u00f6ping\" \/>\n<meta property=\"article:modified_time\" content=\"2025-04-01T08:09:04+00:00\" \/>\n<meta name=\"twitter:card\" content=\"summary_large_image\" \/>\n<script type=\"application\/ld+json\" class=\"yoast-schema-graph\">{\"@context\":\"https:\\\/\\\/schema.org\",\"@graph\":[{\"@type\":\"WebPage\",\"@id\":\"https:\\\/\\\/wp.kristdemokraterna.se\\\/koping\\\/var-lokalavdelning\\\/\",\"url\":\"https:\\\/\\\/wp.kristdemokraterna.se\\\/koping\\\/var-lokalavdelning\\\/\",\"name\":\"Styrelsen 2020-2021 KD K\u00f6ping - Kristdemokraterna | K\u00f6ping Ordf\u00f6rande: Lars-Axel Nordell 070-7708310, lan@kristdemokraterna.seVice ordf\u00f6rande: Per Norin 070-6083916, per.norin@koping.seGruppledare: Anna-Carin Ragnarsson, 076-3365894, anna-carin.ragnarsson@kristdemokraterna.seSekreterare: Robert Ericsson, 070-7752371, robert.ericsson@styrkelyft.se,Kass\u00f6r: Tommy Svanborg 072-7186360,\u00a0 tommy.svanborg1@gmail.com\u00d6vriga ledam\u00f6terIngrid Broman 070-4665622, ingridbroman99@gmail.com,Kenth Lucas 070-076-1116995, kenth.lucas@hotmail.comSalah Rasho 070-4273036, salah_rasho@hotmail.com\",\"isPartOf\":{\"@id\":\"https:\\\/\\\/wp.kristdemokraterna.se\\\/koping\\\/#website\"},\"datePublished\":\"2014-03-11T11:31:34+00:00\",\"dateModified\":\"2025-04-01T08:09:04+00:00\",\"breadcrumb\":{\"@id\":\"https:\\\/\\\/wp.kristdemokraterna.se\\\/koping\\\/var-lokalavdelning\\\/#breadcrumb\"},\"inLanguage\":\"sv-SE\",\"potentialAction\":[{\"@type\":\"ReadAction\",\"target\":[\"https:\\\/\\\/wp.kristdemokraterna.se\\\/koping\\\/var-lokalavdelning\\\/\"]}]},{\"@type\":\"BreadcrumbList\",\"@id\":\"https:\\\/\\\/wp.kristdemokraterna.se\\\/koping\\\/var-lokalavdelning\\\/#breadcrumb\",\"itemListElement\":[{\"@type\":\"ListItem\",\"position\":1,\"name\":\"Hem\",\"item\":\"https:\\\/\\\/wp.kristdemokraterna.se\\\/koping\\\/\"},{\"@type\":\"ListItem\",\"position\":2,\"name\":\"V\u00e5r partiavdelning\"}]},{\"@type\":\"WebSite\",\"@id\":\"https:\\\/\\\/wp.kristdemokraterna.se\\\/koping\\\/#website\",\"url\":\"https:\\\/\\\/wp.kristdemokraterna.se\\\/koping\\\/\",\"name\":\"Kristdemokraterna | K\u00f6ping\",\"description\":\"K\u00f6ping beh\u00f6ver ett nytt styre - men inga bilar p\u00e5 Stora gatan\",\"inLanguage\":\"sv-SE\"}]}<\/script>\n<!-- \/ Yoast SEO plugin. -->","yoast_head_json":{"title":"Styrelsen 2020-2021 KD K\u00f6ping - Kristdemokraterna | K\u00f6ping Ordf\u00f6rande: Lars-Axel Nordell 070-7708310, lan@kristdemokraterna.seVice ordf\u00f6rande: Per Norin 070-6083916, per.norin@koping.seGruppledare: Anna-Carin Ragnarsson, 076-3365894, anna-carin.ragnarsson@kristdemokraterna.seSekreterare: Robert Ericsson, 070-7752371, robert.ericsson@styrkelyft.se,Kass\u00f6r: Tommy Svanborg 072-7186360,\u00a0 tommy.svanborg1@gmail.com\u00d6vriga ledam\u00f6terIngrid Broman 070-4665622, ingridbroman99@gmail.com,Kenth Lucas 070-076-1116995, kenth.lucas@hotmail.comSalah Rasho 070-4273036, salah_rasho@hotmail.com","robots":{"index":"index","follow":"follow","max-snippet":"max-snippet:-1","max-image-preview":"max-image-preview:large","max-video-preview":"max-video-preview:-1"},"canonical":"https:\/\/wp.kristdemokraterna.se\/koping\/var-lokalavdelning\/","og_locale":"sv_SE","og_type":"article","og_title":"Styrelsen 2020-2021 KD K\u00f6ping - Kristdemokraterna | K\u00f6ping Ordf\u00f6rande: Lars-Axel Nordell 070-7708310, lan@kristdemokraterna.seVice ordf\u00f6rande: Per Norin 070-6083916, per.norin@koping.seGruppledare: Anna-Carin Ragnarsson, 076-3365894, anna-carin.ragnarsson@kristdemokraterna.seSekreterare: Robert Ericsson, 070-7752371, robert.ericsson@styrkelyft.se,Kass\u00f6r: Tommy Svanborg 072-7186360,\u00a0 tommy.svanborg1@gmail.com\u00d6vriga ledam\u00f6terIngrid Broman 070-4665622, ingridbroman99@gmail.com,Kenth Lucas 070-076-1116995, kenth.lucas@hotmail.comSalah Rasho 070-4273036, salah_rasho@hotmail.com","og_url":"https:\/\/wp.kristdemokraterna.se\/koping\/var-lokalavdelning\/","og_site_name":"Kristdemokraterna | K\u00f6ping","article_modified_time":"2025-04-01T08:09:04+00:00","twitter_card":"summary_large_image","schema":{"@context":"https:\/\/schema.org","@graph":[{"@type":"WebPage","@id":"https:\/\/wp.kristdemokraterna.se\/koping\/var-lokalavdelning\/","url":"https:\/\/wp.kristdemokraterna.se\/koping\/var-lokalavdelning\/","name":"Styrelsen 2020-2021 KD K\u00f6ping - Kristdemokraterna | K\u00f6ping Ordf\u00f6rande: Lars-Axel Nordell 070-7708310, lan@kristdemokraterna.seVice ordf\u00f6rande: Per Norin 070-6083916, per.norin@koping.seGruppledare: Anna-Carin Ragnarsson, 076-3365894, anna-carin.ragnarsson@kristdemokraterna.seSekreterare: Robert Ericsson, 070-7752371, robert.ericsson@styrkelyft.se,Kass\u00f6r: Tommy Svanborg 072-7186360,\u00a0 tommy.svanborg1@gmail.com\u00d6vriga ledam\u00f6terIngrid Broman 070-4665622, ingridbroman99@gmail.com,Kenth Lucas 070-076-1116995, kenth.lucas@hotmail.comSalah Rasho 070-4273036, salah_rasho@hotmail.com","isPartOf":{"@id":"https:\/\/wp.kristdemokraterna.se\/koping\/#website"},"datePublished":"2014-03-11T11:31:34+00:00","dateModified":"2025-04-01T08:09:04+00:00","breadcrumb":{"@id":"https:\/\/wp.kristdemokraterna.se\/koping\/var-lokalavdelning\/#breadcrumb"},"inLanguage":"sv-SE","potentialAction":[{"@type":"ReadAction","target":["https:\/\/wp.kristdemokraterna.se\/koping\/var-lokalavdelning\/"]}]},{"@type":"BreadcrumbList","@id":"https:\/\/wp.kristdemokraterna.se\/koping\/var-lokalavdelning\/#breadcrumb","itemListElement":[{"@type":"ListItem","position":1,"name":"Hem","item":"https:\/\/wp.kristdemokraterna.se\/koping\/"},{"@type":"ListItem","position":2,"name":"V\u00e5r partiavdelning"}]},{"@type":"WebSite","@id":"https:\/\/wp.kristdemokraterna.se\/koping\/#website","url":"https:\/\/wp.kristdemokraterna.se\/koping\/","name":"Kristdemokraterna | K\u00f6ping","description":"K\u00f6ping beh\u00f6ver ett nytt styre - men inga bilar p\u00e5 Stora gatan","inLanguage":"sv-SE"}]}},"_links":{"self":[{"href":"https:\/\/wp.kristdemokraterna.se\/koping\/wp-json\/wp\/v2\/pages\/8","targetHints":{"allow":["GET"]}}],"collection":[{"href":"https:\/\/wp.kristdemokraterna.se\/koping\/wp-json\/wp\/v2\/pages"}],"about":[{"href":"https:\/\/wp.kristdemokraterna.se\/koping\/wp-json\/wp\/v2\/types\/page"}],"author":[{"embeddable":true,"href":"https:\/\/wp.kristdemokraterna.se\/koping\/wp-json\/wp\/v2\/users\/533"}],"replies":[{"embeddable":true,"href":"https:\/\/wp.kristdemokraterna.se\/koping\/wp-json\/wp\/v2\/comments?post=8"}],"version-history":[{"count":80,"href":"https:\/\/wp.kristdemokraterna.se\/koping\/wp-json\/wp\/v2\/pages\/8\/revisions"}],"predecessor-version":[{"id":2489,"href":"https:\/\/wp.kristdemokraterna.se\/koping\/wp-json\/wp\/v2\/pages\/8\/revisions\/2489"}],"wp:attachment":[{"href":"https:\/\/wp.kristdemokraterna.se\/koping\/wp-json\/wp\/v2\/media?parent=8"}],"curies":[{"name":"wp","href":"https:\/\/api.w.org\/{rel}","templated":true}]}}