{"id":283,"date":"2018-03-19T09:26:52","date_gmt":"2018-03-19T08:26:52","guid":{"rendered":"http:\/\/wp.kristdemokraterna.se\/kronoberg\/?page_id=283"},"modified":"2022-12-09T15:08:54","modified_gmt":"2022-12-09T14:08:54","slug":"kronobergs-lokalavdelningar","status":"publish","type":"page","link":"https:\/\/wp.kristdemokraterna.se\/kronoberg\/hem\/kronobergs-lokalavdelningar\/","title":{"rendered":"Kronobergs partiavdelningar"},"content":{"rendered":"<p>Alvesta &#8211; Lokal hemsida saknas<\/p>\n<p>Lessebo &#8211; Lokal hemsida saknas<\/p>\n<p>Ljungby &#8211; <a href=\"http:\/\/ljungby.kristdemokraterna.se\" target=\"_blank\" rel=\"noopener\">Lokal hemsida<\/a><\/p>\n<p>Markaryd &#8211; <a href=\"http:\/\/wp.kristdemokraterna.se\/markaryd\/\" target=\"_blank\" rel=\"noopener\">Lokal hemsida<\/a><\/p>\n<p>Tingsryd &#8211;<a href=\"http:\/\/wp.kristdemokraterna.se\/tingsryd\/\" target=\"_blank\" rel=\"noopener\"> Lokal hemsida<\/a><\/p>\n<p>Uppvidinge &#8211; Lokal hemsida saknas<\/p>\n<p>V\u00e4xj\u00f6 &#8211; <a href=\"http:\/\/wp.kristdemokraterna.se\/vaxjo\/\" target=\"_blank\" rel=\"noopener\">Lokal hemsida<\/a><\/p>\n<p>\u00c4lmhult &#8211; <a href=\"https:\/\/kristdemokraterna.se\/lokalt\/kronobergs-lan\/almhult\/\">Lokal hemsida<\/a><\/p>\n","protected":false},"excerpt":{"rendered":"<p>Alvesta &#8211; Lokal hemsida saknas Lessebo &#8211; Lokal hemsida saknas Ljungby &#8211; Lokal hemsida Markaryd &#8211; Lokal hemsida Tingsryd &#8211; Lokal hemsida Uppvidinge &#8211; Lokal hemsida saknas V\u00e4xj\u00f6 &#8211; Lokal hemsida \u00c4lmhult &#8211; Lokal hemsida<\/p>\n","protected":false},"author":438,"featured_media":0,"parent":181,"menu_order":0,"comment_status":"closed","ping_status":"closed","template":"","meta":{"_acf_changed":false,"footnotes":""},"class_list":["post-283","page","type-page","status-publish","hentry"],"acf":[],"yoast_head":"<!-- This site is optimized with the Yoast SEO plugin v27.4 - https:\/\/yoast.com\/product\/yoast-seo-wordpress\/ -->\n<title>Kronobergs partiavdelningar - Kristdemokraterna i Kronoberg<\/title>\n<meta name=\"robots\" content=\"index, follow, max-snippet:-1, max-image-preview:large, max-video-preview:-1\" \/>\n<link rel=\"canonical\" href=\"https:\/\/wp.kristdemokraterna.se\/kronoberg\/hem\/kronobergs-lokalavdelningar\/\" \/>\n<meta property=\"og:locale\" content=\"sv_SE\" \/>\n<meta property=\"og:type\" content=\"article\" \/>\n<meta property=\"og:title\" content=\"Kronobergs partiavdelningar - Kristdemokraterna i Kronoberg\" \/>\n<meta property=\"og:description\" content=\"Alvesta &#8211; Lokal hemsida saknas Lessebo &#8211; Lokal hemsida saknas Ljungby &#8211; Lokal hemsida Markaryd &#8211; Lokal hemsida Tingsryd &#8211; Lokal hemsida Uppvidinge &#8211; Lokal hemsida saknas V\u00e4xj\u00f6 &#8211; Lokal hemsida \u00c4lmhult &#8211; Lokal hemsida\" \/>\n<meta property=\"og:url\" content=\"https:\/\/wp.kristdemokraterna.se\/kronoberg\/hem\/kronobergs-lokalavdelningar\/\" \/>\n<meta property=\"og:site_name\" content=\"Kristdemokraterna i Kronoberg\" \/>\n<meta property=\"article:modified_time\" content=\"2022-12-09T14:08:54+00:00\" \/>\n<meta name=\"twitter:card\" content=\"summary_large_image\" \/>\n<meta name=\"twitter:label1\" content=\"Ber\u00e4knad l\u00e4stid\" \/>\n\t<meta name=\"twitter:data1\" content=\"1 minut\" \/>\n<script type=\"application\/ld+json\" class=\"yoast-schema-graph\">{\"@context\":\"https:\\\/\\\/schema.org\",\"@graph\":[{\"@type\":\"WebPage\",\"@id\":\"https:\\\/\\\/wp.kristdemokraterna.se\\\/kronoberg\\\/hem\\\/kronobergs-lokalavdelningar\\\/\",\"url\":\"https:\\\/\\\/wp.kristdemokraterna.se\\\/kronoberg\\\/hem\\\/kronobergs-lokalavdelningar\\\/\",\"name\":\"Kronobergs partiavdelningar - Kristdemokraterna i Kronoberg\",\"isPartOf\":{\"@id\":\"https:\\\/\\\/wp.kristdemokraterna.se\\\/kronoberg\\\/#website\"},\"datePublished\":\"2018-03-19T08:26:52+00:00\",\"dateModified\":\"2022-12-09T14:08:54+00:00\",\"breadcrumb\":{\"@id\":\"https:\\\/\\\/wp.kristdemokraterna.se\\\/kronoberg\\\/hem\\\/kronobergs-lokalavdelningar\\\/#breadcrumb\"},\"inLanguage\":\"sv-SE\",\"potentialAction\":[{\"@type\":\"ReadAction\",\"target\":[\"https:\\\/\\\/wp.kristdemokraterna.se\\\/kronoberg\\\/hem\\\/kronobergs-lokalavdelningar\\\/\"]}]},{\"@type\":\"BreadcrumbList\",\"@id\":\"https:\\\/\\\/wp.kristdemokraterna.se\\\/kronoberg\\\/hem\\\/kronobergs-lokalavdelningar\\\/#breadcrumb\",\"itemListElement\":[{\"@type\":\"ListItem\",\"position\":1,\"name\":\"Hem\",\"item\":\"https:\\\/\\\/wp.kristdemokraterna.se\\\/kronoberg\\\/\"},{\"@type\":\"ListItem\",\"position\":2,\"name\":\"Kristdemokraterna i Kronoberg\",\"item\":\"https:\\\/\\\/wp.kristdemokraterna.se\\\/kronoberg\\\/\"},{\"@type\":\"ListItem\",\"position\":3,\"name\":\"Kronobergs partiavdelningar\"}]},{\"@type\":\"WebSite\",\"@id\":\"https:\\\/\\\/wp.kristdemokraterna.se\\\/kronoberg\\\/#website\",\"url\":\"https:\\\/\\\/wp.kristdemokraterna.se\\\/kronoberg\\\/\",\"name\":\"Kristdemokraterna i Kronoberg\",\"description\":\"Kristdemokraterna i Kronoberg\",\"inLanguage\":\"sv-SE\"}]}<\/script>\n<!-- \/ Yoast SEO plugin. -->","yoast_head_json":{"title":"Kronobergs partiavdelningar - Kristdemokraterna i Kronoberg","robots":{"index":"index","follow":"follow","max-snippet":"max-snippet:-1","max-image-preview":"max-image-preview:large","max-video-preview":"max-video-preview:-1"},"canonical":"https:\/\/wp.kristdemokraterna.se\/kronoberg\/hem\/kronobergs-lokalavdelningar\/","og_locale":"sv_SE","og_type":"article","og_title":"Kronobergs partiavdelningar - Kristdemokraterna i Kronoberg","og_description":"Alvesta &#8211; Lokal hemsida saknas Lessebo &#8211; Lokal hemsida saknas Ljungby &#8211; Lokal hemsida Markaryd &#8211; Lokal hemsida Tingsryd &#8211; Lokal hemsida Uppvidinge &#8211; Lokal hemsida saknas V\u00e4xj\u00f6 &#8211; Lokal hemsida \u00c4lmhult &#8211; Lokal hemsida","og_url":"https:\/\/wp.kristdemokraterna.se\/kronoberg\/hem\/kronobergs-lokalavdelningar\/","og_site_name":"Kristdemokraterna i Kronoberg","article_modified_time":"2022-12-09T14:08:54+00:00","twitter_card":"summary_large_image","twitter_misc":{"Ber\u00e4knad l\u00e4stid":"1 minut"},"schema":{"@context":"https:\/\/schema.org","@graph":[{"@type":"WebPage","@id":"https:\/\/wp.kristdemokraterna.se\/kronoberg\/hem\/kronobergs-lokalavdelningar\/","url":"https:\/\/wp.kristdemokraterna.se\/kronoberg\/hem\/kronobergs-lokalavdelningar\/","name":"Kronobergs partiavdelningar - Kristdemokraterna i Kronoberg","isPartOf":{"@id":"https:\/\/wp.kristdemokraterna.se\/kronoberg\/#website"},"datePublished":"2018-03-19T08:26:52+00:00","dateModified":"2022-12-09T14:08:54+00:00","breadcrumb":{"@id":"https:\/\/wp.kristdemokraterna.se\/kronoberg\/hem\/kronobergs-lokalavdelningar\/#breadcrumb"},"inLanguage":"sv-SE","potentialAction":[{"@type":"ReadAction","target":["https:\/\/wp.kristdemokraterna.se\/kronoberg\/hem\/kronobergs-lokalavdelningar\/"]}]},{"@type":"BreadcrumbList","@id":"https:\/\/wp.kristdemokraterna.se\/kronoberg\/hem\/kronobergs-lokalavdelningar\/#breadcrumb","itemListElement":[{"@type":"ListItem","position":1,"name":"Hem","item":"https:\/\/wp.kristdemokraterna.se\/kronoberg\/"},{"@type":"ListItem","position":2,"name":"Kristdemokraterna i Kronoberg","item":"https:\/\/wp.kristdemokraterna.se\/kronoberg\/"},{"@type":"ListItem","position":3,"name":"Kronobergs partiavdelningar"}]},{"@type":"WebSite","@id":"https:\/\/wp.kristdemokraterna.se\/kronoberg\/#website","url":"https:\/\/wp.kristdemokraterna.se\/kronoberg\/","name":"Kristdemokraterna i Kronoberg","description":"Kristdemokraterna i Kronoberg","inLanguage":"sv-SE"}]}},"_links":{"self":[{"href":"https:\/\/wp.kristdemokraterna.se\/kronoberg\/wp-json\/wp\/v2\/pages\/283","targetHints":{"allow":["GET"]}}],"collection":[{"href":"https:\/\/wp.kristdemokraterna.se\/kronoberg\/wp-json\/wp\/v2\/pages"}],"about":[{"href":"https:\/\/wp.kristdemokraterna.se\/kronoberg\/wp-json\/wp\/v2\/types\/page"}],"author":[{"embeddable":true,"href":"https:\/\/wp.kristdemokraterna.se\/kronoberg\/wp-json\/wp\/v2\/users\/438"}],"replies":[{"embeddable":true,"href":"https:\/\/wp.kristdemokraterna.se\/kronoberg\/wp-json\/wp\/v2\/comments?post=283"}],"version-history":[{"count":3,"href":"https:\/\/wp.kristdemokraterna.se\/kronoberg\/wp-json\/wp\/v2\/pages\/283\/revisions"}],"predecessor-version":[{"id":514,"href":"https:\/\/wp.kristdemokraterna.se\/kronoberg\/wp-json\/wp\/v2\/pages\/283\/revisions\/514"}],"up":[{"embeddable":true,"href":"https:\/\/wp.kristdemokraterna.se\/kronoberg\/wp-json\/wp\/v2\/pages\/181"}],"wp:attachment":[{"href":"https:\/\/wp.kristdemokraterna.se\/kronoberg\/wp-json\/wp\/v2\/media?parent=283"}],"curies":[{"name":"wp","href":"https:\/\/api.w.org\/{rel}","templated":true}]}}