{"id":515,"date":"2022-12-12T13:55:36","date_gmt":"2022-12-12T12:55:36","guid":{"rendered":"https:\/\/wp.kristdemokraterna.se\/kronoberg\/?page_id=515"},"modified":"2023-03-24T09:32:28","modified_gmt":"2023-03-24T08:32:28","slug":"regiongruppen","status":"publish","type":"page","link":"https:\/\/wp.kristdemokraterna.se\/kronoberg\/regiongruppen\/","title":{"rendered":"Regiongruppen"},"content":{"rendered":"<p><img loading=\"lazy\" decoding=\"async\" class=\"aligncenter size-medium wp-image-579\" src=\"http:\/\/wp.kristdemokraterna.se\/kronoberg\/files\/2023\/01\/anna-300x251.png\" alt=\"\" width=\"300\" height=\"251\" srcset=\"https:\/\/wp.kristdemokraterna.se\/kronoberg\/files\/2023\/01\/anna-300x251.png 300w, https:\/\/wp.kristdemokraterna.se\/kronoberg\/files\/2023\/01\/anna-540x453.png 540w, https:\/\/wp.kristdemokraterna.se\/kronoberg\/files\/2023\/01\/anna-768x644.png 768w, https:\/\/wp.kristdemokraterna.se\/kronoberg\/files\/2023\/01\/anna-239x200.png 239w, https:\/\/wp.kristdemokraterna.se\/kronoberg\/files\/2023\/01\/anna-500x420.png 500w, https:\/\/wp.kristdemokraterna.se\/kronoberg\/files\/2023\/01\/anna-370x310.png 370w, https:\/\/wp.kristdemokraterna.se\/kronoberg\/files\/2023\/01\/anna-770x645.png 770w, https:\/\/wp.kristdemokraterna.se\/kronoberg\/files\/2023\/01\/anna-450x377.png 450w, https:\/\/wp.kristdemokraterna.se\/kronoberg\/files\/2023\/01\/anna-280x235.png 280w, https:\/\/wp.kristdemokraterna.se\/kronoberg\/files\/2023\/01\/anna-340x285.png 340w, https:\/\/wp.kristdemokraterna.se\/kronoberg\/files\/2023\/01\/anna-200x168.png 200w, https:\/\/wp.kristdemokraterna.se\/kronoberg\/files\/2023\/01\/anna-67x56.png 67w, https:\/\/wp.kristdemokraterna.se\/kronoberg\/files\/2023\/01\/anna.png 940w\" sizes=\"auto, (max-width: 300px) 100vw, 300px\" \/><\/p>\n<ul>\n<li>Vice Ordf, Regionstyrelsen<\/li>\n<li>Ordf\u00f6rande, Personalutskottet<\/li>\n<li>Ledamot, Valberedningen<\/li>\n<li>Ledamot, Jyrym\u00e4n i tryckfrihetsm\u00e5l grupp 1<\/li>\n<li>Ledamot, Styrgruppen Brysselkontoret<\/li>\n<li>Ledamot, Samv n\u00e4mnd Blekinge Kronoberg<\/li>\n<li>Ers\u00e4ttare, Forum f\u00f6r h\u00e5llbar regional tillv\u00e4xt och attraktionskraft<\/li>\n<li>Ers\u00e4ttare, Regionsamverkan Sydsverige<\/li>\n<li>Gruppledare<\/li>\n<li>Ledamot, Regionfullm\u00e4ktige<\/li>\n<\/ul>\n<p>&nbsp;<\/p>\n<p><img loading=\"lazy\" decoding=\"async\" class=\"aligncenter size-medium wp-image-581\" src=\"http:\/\/wp.kristdemokraterna.se\/kronoberg\/files\/2023\/01\/emil-300x251.png\" alt=\"\" width=\"300\" height=\"251\" srcset=\"https:\/\/wp.kristdemokraterna.se\/kronoberg\/files\/2023\/01\/emil-300x251.png 300w, https:\/\/wp.kristdemokraterna.se\/kronoberg\/files\/2023\/01\/emil-540x453.png 540w, https:\/\/wp.kristdemokraterna.se\/kronoberg\/files\/2023\/01\/emil-768x644.png 768w, https:\/\/wp.kristdemokraterna.se\/kronoberg\/files\/2023\/01\/emil-239x200.png 239w, https:\/\/wp.kristdemokraterna.se\/kronoberg\/files\/2023\/01\/emil-500x420.png 500w, https:\/\/wp.kristdemokraterna.se\/kronoberg\/files\/2023\/01\/emil-370x310.png 370w, https:\/\/wp.kristdemokraterna.se\/kronoberg\/files\/2023\/01\/emil-770x645.png 770w, https:\/\/wp.kristdemokraterna.se\/kronoberg\/files\/2023\/01\/emil-450x377.png 450w, https:\/\/wp.kristdemokraterna.se\/kronoberg\/files\/2023\/01\/emil-280x235.png 280w, https:\/\/wp.kristdemokraterna.se\/kronoberg\/files\/2023\/01\/emil-340x285.png 340w, https:\/\/wp.kristdemokraterna.se\/kronoberg\/files\/2023\/01\/emil-200x168.png 200w, https:\/\/wp.kristdemokraterna.se\/kronoberg\/files\/2023\/01\/emil-67x56.png 67w, https:\/\/wp.kristdemokraterna.se\/kronoberg\/files\/2023\/01\/emil.png 940w\" sizes=\"auto, (max-width: 300px) 100vw, 300px\" \/><\/p>\n<ul>\n<li>ordf, H\u00e4lso- och sjukv\u00e5rdsn\u00e4mnden (HSN)<\/li>\n<li>Ers\u00e4ttare, Regionstyrelsen<\/li>\n<li>Ers\u00e4ttare, Valberedningen<\/li>\n<li>Ledamot, Jurym\u00e4n i tryckfrihetsm\u00e5l &#8211; grupp 1<\/li>\n<li>Vice gruppledare<\/li>\n<li>Ledamot, Regionfullm\u00e4ktige<\/li>\n<\/ul>\n<p>&nbsp;<\/p>\n<p><img loading=\"lazy\" decoding=\"async\" class=\"aligncenter size-medium wp-image-591\" src=\"http:\/\/wp.kristdemokraterna.se\/kronoberg\/files\/2023\/01\/eva-300x251.png\" alt=\"\" width=\"300\" height=\"251\" srcset=\"https:\/\/wp.kristdemokraterna.se\/kronoberg\/files\/2023\/01\/eva-300x251.png 300w, https:\/\/wp.kristdemokraterna.se\/kronoberg\/files\/2023\/01\/eva-540x453.png 540w, https:\/\/wp.kristdemokraterna.se\/kronoberg\/files\/2023\/01\/eva-768x644.png 768w, https:\/\/wp.kristdemokraterna.se\/kronoberg\/files\/2023\/01\/eva-239x200.png 239w, https:\/\/wp.kristdemokraterna.se\/kronoberg\/files\/2023\/01\/eva-500x420.png 500w, https:\/\/wp.kristdemokraterna.se\/kronoberg\/files\/2023\/01\/eva-370x310.png 370w, https:\/\/wp.kristdemokraterna.se\/kronoberg\/files\/2023\/01\/eva-770x645.png 770w, https:\/\/wp.kristdemokraterna.se\/kronoberg\/files\/2023\/01\/eva-450x377.png 450w, https:\/\/wp.kristdemokraterna.se\/kronoberg\/files\/2023\/01\/eva-280x235.png 280w, https:\/\/wp.kristdemokraterna.se\/kronoberg\/files\/2023\/01\/eva-340x285.png 340w, https:\/\/wp.kristdemokraterna.se\/kronoberg\/files\/2023\/01\/eva-200x168.png 200w, https:\/\/wp.kristdemokraterna.se\/kronoberg\/files\/2023\/01\/eva-67x56.png 67w, https:\/\/wp.kristdemokraterna.se\/kronoberg\/files\/2023\/01\/eva.png 940w\" sizes=\"auto, (max-width: 300px) 100vw, 300px\" \/><\/p>\n<ul>\n<li>Ordf, Musik i Kronoberg<\/li>\n<li>Ordf, Kulturn\u00e4mnden (KN)<\/li>\n<li>Ers\u00e4ttare, Regionstyrelsen<\/li>\n<li>Ledamot, Regionfullm\u00e4ktige<\/li>\n<\/ul>\n<p>&nbsp;<\/p>\n<p><img loading=\"lazy\" decoding=\"async\" class=\"aligncenter size-medium wp-image-590\" src=\"http:\/\/wp.kristdemokraterna.se\/kronoberg\/files\/2023\/01\/patrik-kronoberg-300x251.png\" alt=\"\" width=\"300\" height=\"251\" srcset=\"https:\/\/wp.kristdemokraterna.se\/kronoberg\/files\/2023\/01\/patrik-kronoberg-300x251.png 300w, https:\/\/wp.kristdemokraterna.se\/kronoberg\/files\/2023\/01\/patrik-kronoberg-540x453.png 540w, https:\/\/wp.kristdemokraterna.se\/kronoberg\/files\/2023\/01\/patrik-kronoberg-768x644.png 768w, https:\/\/wp.kristdemokraterna.se\/kronoberg\/files\/2023\/01\/patrik-kronoberg-239x200.png 239w, https:\/\/wp.kristdemokraterna.se\/kronoberg\/files\/2023\/01\/patrik-kronoberg-500x420.png 500w, https:\/\/wp.kristdemokraterna.se\/kronoberg\/files\/2023\/01\/patrik-kronoberg-370x310.png 370w, https:\/\/wp.kristdemokraterna.se\/kronoberg\/files\/2023\/01\/patrik-kronoberg-770x645.png 770w, https:\/\/wp.kristdemokraterna.se\/kronoberg\/files\/2023\/01\/patrik-kronoberg-450x377.png 450w, https:\/\/wp.kristdemokraterna.se\/kronoberg\/files\/2023\/01\/patrik-kronoberg-280x235.png 280w, https:\/\/wp.kristdemokraterna.se\/kronoberg\/files\/2023\/01\/patrik-kronoberg-340x285.png 340w, https:\/\/wp.kristdemokraterna.se\/kronoberg\/files\/2023\/01\/patrik-kronoberg-200x168.png 200w, https:\/\/wp.kristdemokraterna.se\/kronoberg\/files\/2023\/01\/patrik-kronoberg-67x56.png 67w, https:\/\/wp.kristdemokraterna.se\/kronoberg\/files\/2023\/01\/patrik-kronoberg.png 940w\" sizes=\"auto, (max-width: 300px) 100vw, 300px\" \/><\/p>\n<ul>\n<li>Ordf\u00f6rande, Ryssbygymnasiet<\/li>\n<li>Ledamot, Regionala utvecklingsn\u00e4mnden<\/li>\n<li>Ers\u00e4ttare, Grimsl\u00f6v folkh\u00f6gskola<\/li>\n<li>Ledamot, Smaland Airport<\/li>\n<li>Ledamot, Regionfullm\u00e4ktige<\/li>\n<\/ul>\n<p>&nbsp;<\/p>\n<p><img loading=\"lazy\" decoding=\"async\" class=\"aligncenter size-medium wp-image-589\" src=\"http:\/\/wp.kristdemokraterna.se\/kronoberg\/files\/2023\/01\/rut-300x251.png\" alt=\"\" width=\"300\" height=\"251\" srcset=\"https:\/\/wp.kristdemokraterna.se\/kronoberg\/files\/2023\/01\/rut-300x251.png 300w, https:\/\/wp.kristdemokraterna.se\/kronoberg\/files\/2023\/01\/rut-540x453.png 540w, https:\/\/wp.kristdemokraterna.se\/kronoberg\/files\/2023\/01\/rut-768x644.png 768w, https:\/\/wp.kristdemokraterna.se\/kronoberg\/files\/2023\/01\/rut-239x200.png 239w, https:\/\/wp.kristdemokraterna.se\/kronoberg\/files\/2023\/01\/rut-500x420.png 500w, https:\/\/wp.kristdemokraterna.se\/kronoberg\/files\/2023\/01\/rut-370x310.png 370w, https:\/\/wp.kristdemokraterna.se\/kronoberg\/files\/2023\/01\/rut-770x645.png 770w, https:\/\/wp.kristdemokraterna.se\/kronoberg\/files\/2023\/01\/rut-450x377.png 450w, https:\/\/wp.kristdemokraterna.se\/kronoberg\/files\/2023\/01\/rut-280x235.png 280w, https:\/\/wp.kristdemokraterna.se\/kronoberg\/files\/2023\/01\/rut-340x285.png 340w, https:\/\/wp.kristdemokraterna.se\/kronoberg\/files\/2023\/01\/rut-200x168.png 200w, https:\/\/wp.kristdemokraterna.se\/kronoberg\/files\/2023\/01\/rut-67x56.png 67w, https:\/\/wp.kristdemokraterna.se\/kronoberg\/files\/2023\/01\/rut.png 940w\" sizes=\"auto, (max-width: 300px) 100vw, 300px\" \/><\/p>\n<ul>\n<li>Ers\u00e4ttare, Regionteatern<\/li>\n<li>Ledamot, Regionfullm\u00e4ktige<\/li>\n<\/ul>\n<p>&nbsp;<\/p>\n<p><img loading=\"lazy\" decoding=\"async\" class=\"aligncenter size-medium wp-image-587\" src=\"http:\/\/wp.kristdemokraterna.se\/kronoberg\/files\/2023\/01\/bengt-300x251.png\" alt=\"\" width=\"300\" height=\"251\" srcset=\"https:\/\/wp.kristdemokraterna.se\/kronoberg\/files\/2023\/01\/bengt-300x251.png 300w, https:\/\/wp.kristdemokraterna.se\/kronoberg\/files\/2023\/01\/bengt-540x453.png 540w, https:\/\/wp.kristdemokraterna.se\/kronoberg\/files\/2023\/01\/bengt-768x644.png 768w, https:\/\/wp.kristdemokraterna.se\/kronoberg\/files\/2023\/01\/bengt-239x200.png 239w, https:\/\/wp.kristdemokraterna.se\/kronoberg\/files\/2023\/01\/bengt-500x420.png 500w, https:\/\/wp.kristdemokraterna.se\/kronoberg\/files\/2023\/01\/bengt-370x310.png 370w, https:\/\/wp.kristdemokraterna.se\/kronoberg\/files\/2023\/01\/bengt-770x645.png 770w, https:\/\/wp.kristdemokraterna.se\/kronoberg\/files\/2023\/01\/bengt-450x377.png 450w, https:\/\/wp.kristdemokraterna.se\/kronoberg\/files\/2023\/01\/bengt-280x235.png 280w, https:\/\/wp.kristdemokraterna.se\/kronoberg\/files\/2023\/01\/bengt-340x285.png 340w, https:\/\/wp.kristdemokraterna.se\/kronoberg\/files\/2023\/01\/bengt-200x168.png 200w, https:\/\/wp.kristdemokraterna.se\/kronoberg\/files\/2023\/01\/bengt-67x56.png 67w, https:\/\/wp.kristdemokraterna.se\/kronoberg\/files\/2023\/01\/bengt.png 940w\" sizes=\"auto, (max-width: 300px) 100vw, 300px\" \/><\/p>\n<ul>\n<li>Ers\u00e4ttare, Regionala utvecklingsn\u00e4mnden<\/li>\n<li>Ers\u00e4ttare, Regionfullm\u00e4ktige<\/li>\n<\/ul>\n<p>&nbsp;<\/p>\n<p><img loading=\"lazy\" decoding=\"async\" class=\"aligncenter size-medium wp-image-586\" src=\"http:\/\/wp.kristdemokraterna.se\/kronoberg\/files\/2023\/01\/kaj-mikael-300x251.png\" alt=\"\" width=\"300\" height=\"251\" srcset=\"https:\/\/wp.kristdemokraterna.se\/kronoberg\/files\/2023\/01\/kaj-mikael-300x251.png 300w, https:\/\/wp.kristdemokraterna.se\/kronoberg\/files\/2023\/01\/kaj-mikael-540x453.png 540w, https:\/\/wp.kristdemokraterna.se\/kronoberg\/files\/2023\/01\/kaj-mikael-768x644.png 768w, https:\/\/wp.kristdemokraterna.se\/kronoberg\/files\/2023\/01\/kaj-mikael-239x200.png 239w, https:\/\/wp.kristdemokraterna.se\/kronoberg\/files\/2023\/01\/kaj-mikael-500x420.png 500w, https:\/\/wp.kristdemokraterna.se\/kronoberg\/files\/2023\/01\/kaj-mikael-370x310.png 370w, https:\/\/wp.kristdemokraterna.se\/kronoberg\/files\/2023\/01\/kaj-mikael-770x645.png 770w, https:\/\/wp.kristdemokraterna.se\/kronoberg\/files\/2023\/01\/kaj-mikael-450x377.png 450w, https:\/\/wp.kristdemokraterna.se\/kronoberg\/files\/2023\/01\/kaj-mikael-280x235.png 280w, https:\/\/wp.kristdemokraterna.se\/kronoberg\/files\/2023\/01\/kaj-mikael-340x285.png 340w, https:\/\/wp.kristdemokraterna.se\/kronoberg\/files\/2023\/01\/kaj-mikael-200x168.png 200w, https:\/\/wp.kristdemokraterna.se\/kronoberg\/files\/2023\/01\/kaj-mikael-67x56.png 67w, https:\/\/wp.kristdemokraterna.se\/kronoberg\/files\/2023\/01\/kaj-mikael.png 940w\" sizes=\"auto, (max-width: 300px) 100vw, 300px\" \/><\/p>\n<ul>\n<li>Ledamot, Trafikn\u00e4mnden<\/li>\n<li>Ledamot, Subkommitt\u00e9 Nordsj\u00f6programmet<\/li>\n<li>Pol Sek<\/li>\n<li>Ers\u00e4ttare, Regionfullm\u00e4ktige<\/li>\n<\/ul>\n<p>&nbsp;<\/p>\n<p><img loading=\"lazy\" decoding=\"async\" class=\"aligncenter size-medium wp-image-585\" src=\"http:\/\/wp.kristdemokraterna.se\/kronoberg\/files\/2023\/01\/ricardo-300x251.png\" alt=\"\" width=\"300\" height=\"251\" srcset=\"https:\/\/wp.kristdemokraterna.se\/kronoberg\/files\/2023\/01\/ricardo-300x251.png 300w, https:\/\/wp.kristdemokraterna.se\/kronoberg\/files\/2023\/01\/ricardo-540x453.png 540w, https:\/\/wp.kristdemokraterna.se\/kronoberg\/files\/2023\/01\/ricardo-768x644.png 768w, https:\/\/wp.kristdemokraterna.se\/kronoberg\/files\/2023\/01\/ricardo-239x200.png 239w, https:\/\/wp.kristdemokraterna.se\/kronoberg\/files\/2023\/01\/ricardo-500x420.png 500w, https:\/\/wp.kristdemokraterna.se\/kronoberg\/files\/2023\/01\/ricardo-370x310.png 370w, https:\/\/wp.kristdemokraterna.se\/kronoberg\/files\/2023\/01\/ricardo-770x645.png 770w, https:\/\/wp.kristdemokraterna.se\/kronoberg\/files\/2023\/01\/ricardo-450x377.png 450w, https:\/\/wp.kristdemokraterna.se\/kronoberg\/files\/2023\/01\/ricardo-280x235.png 280w, https:\/\/wp.kristdemokraterna.se\/kronoberg\/files\/2023\/01\/ricardo-340x285.png 340w, https:\/\/wp.kristdemokraterna.se\/kronoberg\/files\/2023\/01\/ricardo-200x168.png 200w, https:\/\/wp.kristdemokraterna.se\/kronoberg\/files\/2023\/01\/ricardo-67x56.png 67w, https:\/\/wp.kristdemokraterna.se\/kronoberg\/files\/2023\/01\/ricardo.png 940w\" sizes=\"auto, (max-width: 300px) 100vw, 300px\" \/><\/p>\n<ul>\n<li>Ledamot, \u00d6vervakningsn\u00e4mnden Kalmar<\/li>\n<li>Digitalstrateg<\/li>\n<li>Ers\u00e4ttare, Regionfullm\u00e4ktige<\/li>\n<\/ul>\n<p>&nbsp;<\/p>\n<p><img loading=\"lazy\" decoding=\"async\" class=\"aligncenter size-medium wp-image-595\" src=\"http:\/\/wp.kristdemokraterna.se\/kronoberg\/files\/2023\/01\/martin--300x251.png\" alt=\"\" width=\"300\" height=\"251\" srcset=\"https:\/\/wp.kristdemokraterna.se\/kronoberg\/files\/2023\/01\/martin--300x251.png 300w, https:\/\/wp.kristdemokraterna.se\/kronoberg\/files\/2023\/01\/martin--540x453.png 540w, https:\/\/wp.kristdemokraterna.se\/kronoberg\/files\/2023\/01\/martin--768x644.png 768w, https:\/\/wp.kristdemokraterna.se\/kronoberg\/files\/2023\/01\/martin--239x200.png 239w, https:\/\/wp.kristdemokraterna.se\/kronoberg\/files\/2023\/01\/martin--500x420.png 500w, https:\/\/wp.kristdemokraterna.se\/kronoberg\/files\/2023\/01\/martin--370x310.png 370w, https:\/\/wp.kristdemokraterna.se\/kronoberg\/files\/2023\/01\/martin--770x645.png 770w, https:\/\/wp.kristdemokraterna.se\/kronoberg\/files\/2023\/01\/martin--450x377.png 450w, https:\/\/wp.kristdemokraterna.se\/kronoberg\/files\/2023\/01\/martin--280x235.png 280w, https:\/\/wp.kristdemokraterna.se\/kronoberg\/files\/2023\/01\/martin--340x285.png 340w, https:\/\/wp.kristdemokraterna.se\/kronoberg\/files\/2023\/01\/martin--200x168.png 200w, https:\/\/wp.kristdemokraterna.se\/kronoberg\/files\/2023\/01\/martin--67x56.png 67w, https:\/\/wp.kristdemokraterna.se\/kronoberg\/files\/2023\/01\/martin-.png 940w\" sizes=\"auto, (max-width: 300px) 100vw, 300px\" \/><\/p>\n<ul>\n<li>Ledamot, AB destination sm\u00e5land<\/li>\n<li>Ers\u00e4ttare, Viltf\u00f6rvaltningsdelegationen<\/li>\n<\/ul>\n<p>&nbsp;<\/p>\n<p><img loading=\"lazy\" decoding=\"async\" class=\"aligncenter size-medium wp-image-584\" src=\"http:\/\/wp.kristdemokraterna.se\/kronoberg\/files\/2023\/01\/stanley-300x251.png\" alt=\"\" width=\"300\" height=\"251\" srcset=\"https:\/\/wp.kristdemokraterna.se\/kronoberg\/files\/2023\/01\/stanley-300x251.png 300w, https:\/\/wp.kristdemokraterna.se\/kronoberg\/files\/2023\/01\/stanley-540x453.png 540w, https:\/\/wp.kristdemokraterna.se\/kronoberg\/files\/2023\/01\/stanley-768x644.png 768w, https:\/\/wp.kristdemokraterna.se\/kronoberg\/files\/2023\/01\/stanley-239x200.png 239w, https:\/\/wp.kristdemokraterna.se\/kronoberg\/files\/2023\/01\/stanley-500x420.png 500w, https:\/\/wp.kristdemokraterna.se\/kronoberg\/files\/2023\/01\/stanley-370x310.png 370w, https:\/\/wp.kristdemokraterna.se\/kronoberg\/files\/2023\/01\/stanley-770x645.png 770w, https:\/\/wp.kristdemokraterna.se\/kronoberg\/files\/2023\/01\/stanley-450x377.png 450w, https:\/\/wp.kristdemokraterna.se\/kronoberg\/files\/2023\/01\/stanley-280x235.png 280w, https:\/\/wp.kristdemokraterna.se\/kronoberg\/files\/2023\/01\/stanley-340x285.png 340w, https:\/\/wp.kristdemokraterna.se\/kronoberg\/files\/2023\/01\/stanley-200x168.png 200w, https:\/\/wp.kristdemokraterna.se\/kronoberg\/files\/2023\/01\/stanley-67x56.png 67w, https:\/\/wp.kristdemokraterna.se\/kronoberg\/files\/2023\/01\/stanley.png 940w\" sizes=\"auto, (max-width: 300px) 100vw, 300px\" \/><\/p>\n<ul>\n<li>Ledamot, Patientn\u00e4mnden<\/li>\n<li>Ledamot, Sydostl\u00e4nken<\/li>\n<\/ul>\n<p>&nbsp;<\/p>\n<p><img loading=\"lazy\" decoding=\"async\" class=\"aligncenter size-medium wp-image-583\" src=\"http:\/\/wp.kristdemokraterna.se\/kronoberg\/files\/2023\/01\/jossan-300x251.png\" alt=\"\" width=\"300\" height=\"251\" srcset=\"https:\/\/wp.kristdemokraterna.se\/kronoberg\/files\/2023\/01\/jossan-300x251.png 300w, https:\/\/wp.kristdemokraterna.se\/kronoberg\/files\/2023\/01\/jossan-540x453.png 540w, https:\/\/wp.kristdemokraterna.se\/kronoberg\/files\/2023\/01\/jossan-768x644.png 768w, https:\/\/wp.kristdemokraterna.se\/kronoberg\/files\/2023\/01\/jossan-239x200.png 239w, https:\/\/wp.kristdemokraterna.se\/kronoberg\/files\/2023\/01\/jossan-500x420.png 500w, https:\/\/wp.kristdemokraterna.se\/kronoberg\/files\/2023\/01\/jossan-370x310.png 370w, https:\/\/wp.kristdemokraterna.se\/kronoberg\/files\/2023\/01\/jossan-770x645.png 770w, https:\/\/wp.kristdemokraterna.se\/kronoberg\/files\/2023\/01\/jossan-450x377.png 450w, https:\/\/wp.kristdemokraterna.se\/kronoberg\/files\/2023\/01\/jossan-280x235.png 280w, https:\/\/wp.kristdemokraterna.se\/kronoberg\/files\/2023\/01\/jossan-340x285.png 340w, https:\/\/wp.kristdemokraterna.se\/kronoberg\/files\/2023\/01\/jossan-200x168.png 200w, https:\/\/wp.kristdemokraterna.se\/kronoberg\/files\/2023\/01\/jossan-67x56.png 67w, https:\/\/wp.kristdemokraterna.se\/kronoberg\/files\/2023\/01\/jossan.png 940w\" sizes=\"auto, (max-width: 300px) 100vw, 300px\" \/><\/p>\n<ul>\n<li>Ers\u00e4ttare, Patientn\u00e4mnden<\/li>\n<\/ul>\n","protected":false},"excerpt":{"rendered":"<p>Vice Ordf, Regionstyrelsen Ordf\u00f6rande, Personalutskottet Ledamot, Valberedningen Ledamot, Jyrym\u00e4n i tryckfrihetsm\u00e5l grupp 1 Ledamot, Styrgruppen Brysselkontoret Ledamot, Samv n\u00e4mnd Blekinge Kronoberg Ers\u00e4ttare, Forum f\u00f6r h\u00e5llbar regional tillv\u00e4xt och attraktionskraft Ers\u00e4ttare, Regionsamverkan Sydsverige Gruppledare Ledamot, Regionfullm\u00e4ktige &nbsp; ordf, H\u00e4lso- och sjukv\u00e5rdsn\u00e4mnden (HSN) Ers\u00e4ttare, Regionstyrelsen Ers\u00e4ttare, Valberedningen Ledamot, Jurym\u00e4n i tryckfrihetsm\u00e5l &#8211; grupp 1 Vice gruppledare Ledamot, <a class=\"read-more-link\" href=\"https:\/\/wp.kristdemokraterna.se\/kronoberg\/regiongruppen\/\">Read More<\/a><\/p>\n","protected":false},"author":896,"featured_media":0,"parent":0,"menu_order":0,"comment_status":"closed","ping_status":"closed","template":"","meta":{"_acf_changed":false,"footnotes":""},"class_list":["post-515","page","type-page","status-publish","hentry"],"acf":[],"yoast_head":"<!-- This site is optimized with the Yoast SEO plugin v27.3 - https:\/\/yoast.com\/product\/yoast-seo-wordpress\/ -->\n<title>Regiongruppen - Kristdemokraterna i Kronoberg<\/title>\n<meta name=\"robots\" content=\"index, follow, max-snippet:-1, max-image-preview:large, max-video-preview:-1\" \/>\n<link rel=\"canonical\" href=\"https:\/\/wp.kristdemokraterna.se\/kronoberg\/regiongruppen\/\" \/>\n<meta property=\"og:locale\" content=\"sv_SE\" \/>\n<meta property=\"og:type\" content=\"article\" \/>\n<meta property=\"og:title\" content=\"Regiongruppen - Kristdemokraterna i Kronoberg\" \/>\n<meta property=\"og:description\" content=\"Vice Ordf, Regionstyrelsen Ordf\u00f6rande, Personalutskottet Ledamot, Valberedningen Ledamot, Jyrym\u00e4n i tryckfrihetsm\u00e5l grupp 1 Ledamot, Styrgruppen Brysselkontoret Ledamot, Samv n\u00e4mnd Blekinge Kronoberg Ers\u00e4ttare, Forum f\u00f6r h\u00e5llbar regional tillv\u00e4xt och attraktionskraft Ers\u00e4ttare, Regionsamverkan Sydsverige Gruppledare Ledamot, Regionfullm\u00e4ktige &nbsp; ordf, H\u00e4lso- och sjukv\u00e5rdsn\u00e4mnden (HSN) Ers\u00e4ttare, Regionstyrelsen Ers\u00e4ttare, Valberedningen Ledamot, Jurym\u00e4n i tryckfrihetsm\u00e5l &#8211; grupp 1 Vice gruppledare Ledamot, Read More\" \/>\n<meta property=\"og:url\" content=\"https:\/\/wp.kristdemokraterna.se\/kronoberg\/regiongruppen\/\" \/>\n<meta property=\"og:site_name\" content=\"Kristdemokraterna i Kronoberg\" \/>\n<meta property=\"article:modified_time\" content=\"2023-03-24T08:32:28+00:00\" \/>\n<meta property=\"og:image\" content=\"http:\/\/wp.kristdemokraterna.se\/kronoberg\/files\/2023\/01\/anna-300x251.png\" \/>\n<meta name=\"twitter:card\" content=\"summary_large_image\" \/>\n<meta name=\"twitter:label1\" content=\"Ber\u00e4knad l\u00e4stid\" \/>\n\t<meta name=\"twitter:data1\" content=\"3 minuter\" \/>\n<script type=\"application\/ld+json\" class=\"yoast-schema-graph\">{\"@context\":\"https:\\\/\\\/schema.org\",\"@graph\":[{\"@type\":\"WebPage\",\"@id\":\"https:\\\/\\\/wp.kristdemokraterna.se\\\/kronoberg\\\/regiongruppen\\\/\",\"url\":\"https:\\\/\\\/wp.kristdemokraterna.se\\\/kronoberg\\\/regiongruppen\\\/\",\"name\":\"Regiongruppen - Kristdemokraterna i Kronoberg\",\"isPartOf\":{\"@id\":\"https:\\\/\\\/wp.kristdemokraterna.se\\\/kronoberg\\\/#website\"},\"primaryImageOfPage\":{\"@id\":\"https:\\\/\\\/wp.kristdemokraterna.se\\\/kronoberg\\\/regiongruppen\\\/#primaryimage\"},\"image\":{\"@id\":\"https:\\\/\\\/wp.kristdemokraterna.se\\\/kronoberg\\\/regiongruppen\\\/#primaryimage\"},\"thumbnailUrl\":\"http:\\\/\\\/wp.kristdemokraterna.se\\\/kronoberg\\\/files\\\/2023\\\/01\\\/anna-300x251.png\",\"datePublished\":\"2022-12-12T12:55:36+00:00\",\"dateModified\":\"2023-03-24T08:32:28+00:00\",\"breadcrumb\":{\"@id\":\"https:\\\/\\\/wp.kristdemokraterna.se\\\/kronoberg\\\/regiongruppen\\\/#breadcrumb\"},\"inLanguage\":\"sv-SE\",\"potentialAction\":[{\"@type\":\"ReadAction\",\"target\":[\"https:\\\/\\\/wp.kristdemokraterna.se\\\/kronoberg\\\/regiongruppen\\\/\"]}]},{\"@type\":\"ImageObject\",\"inLanguage\":\"sv-SE\",\"@id\":\"https:\\\/\\\/wp.kristdemokraterna.se\\\/kronoberg\\\/regiongruppen\\\/#primaryimage\",\"url\":\"http:\\\/\\\/wp.kristdemokraterna.se\\\/kronoberg\\\/files\\\/2023\\\/01\\\/anna-300x251.png\",\"contentUrl\":\"http:\\\/\\\/wp.kristdemokraterna.se\\\/kronoberg\\\/files\\\/2023\\\/01\\\/anna-300x251.png\"},{\"@type\":\"BreadcrumbList\",\"@id\":\"https:\\\/\\\/wp.kristdemokraterna.se\\\/kronoberg\\\/regiongruppen\\\/#breadcrumb\",\"itemListElement\":[{\"@type\":\"ListItem\",\"position\":1,\"name\":\"Hem\",\"item\":\"https:\\\/\\\/wp.kristdemokraterna.se\\\/kronoberg\\\/\"},{\"@type\":\"ListItem\",\"position\":2,\"name\":\"Regiongruppen\"}]},{\"@type\":\"WebSite\",\"@id\":\"https:\\\/\\\/wp.kristdemokraterna.se\\\/kronoberg\\\/#website\",\"url\":\"https:\\\/\\\/wp.kristdemokraterna.se\\\/kronoberg\\\/\",\"name\":\"Kristdemokraterna i Kronoberg\",\"description\":\"Kristdemokraterna i Kronoberg\",\"inLanguage\":\"sv-SE\"}]}<\/script>\n<!-- \/ Yoast SEO plugin. -->","yoast_head_json":{"title":"Regiongruppen - Kristdemokraterna i Kronoberg","robots":{"index":"index","follow":"follow","max-snippet":"max-snippet:-1","max-image-preview":"max-image-preview:large","max-video-preview":"max-video-preview:-1"},"canonical":"https:\/\/wp.kristdemokraterna.se\/kronoberg\/regiongruppen\/","og_locale":"sv_SE","og_type":"article","og_title":"Regiongruppen - Kristdemokraterna i Kronoberg","og_description":"Vice Ordf, Regionstyrelsen Ordf\u00f6rande, Personalutskottet Ledamot, Valberedningen Ledamot, Jyrym\u00e4n i tryckfrihetsm\u00e5l grupp 1 Ledamot, Styrgruppen Brysselkontoret Ledamot, Samv n\u00e4mnd Blekinge Kronoberg Ers\u00e4ttare, Forum f\u00f6r h\u00e5llbar regional tillv\u00e4xt och attraktionskraft Ers\u00e4ttare, Regionsamverkan Sydsverige Gruppledare Ledamot, Regionfullm\u00e4ktige &nbsp; ordf, H\u00e4lso- och sjukv\u00e5rdsn\u00e4mnden (HSN) Ers\u00e4ttare, Regionstyrelsen Ers\u00e4ttare, Valberedningen Ledamot, Jurym\u00e4n i tryckfrihetsm\u00e5l &#8211; grupp 1 Vice gruppledare Ledamot, Read More","og_url":"https:\/\/wp.kristdemokraterna.se\/kronoberg\/regiongruppen\/","og_site_name":"Kristdemokraterna i Kronoberg","article_modified_time":"2023-03-24T08:32:28+00:00","og_image":[{"url":"http:\/\/wp.kristdemokraterna.se\/kronoberg\/files\/2023\/01\/anna-300x251.png","type":"","width":"","height":""}],"twitter_card":"summary_large_image","twitter_misc":{"Ber\u00e4knad l\u00e4stid":"3 minuter"},"schema":{"@context":"https:\/\/schema.org","@graph":[{"@type":"WebPage","@id":"https:\/\/wp.kristdemokraterna.se\/kronoberg\/regiongruppen\/","url":"https:\/\/wp.kristdemokraterna.se\/kronoberg\/regiongruppen\/","name":"Regiongruppen - Kristdemokraterna i Kronoberg","isPartOf":{"@id":"https:\/\/wp.kristdemokraterna.se\/kronoberg\/#website"},"primaryImageOfPage":{"@id":"https:\/\/wp.kristdemokraterna.se\/kronoberg\/regiongruppen\/#primaryimage"},"image":{"@id":"https:\/\/wp.kristdemokraterna.se\/kronoberg\/regiongruppen\/#primaryimage"},"thumbnailUrl":"http:\/\/wp.kristdemokraterna.se\/kronoberg\/files\/2023\/01\/anna-300x251.png","datePublished":"2022-12-12T12:55:36+00:00","dateModified":"2023-03-24T08:32:28+00:00","breadcrumb":{"@id":"https:\/\/wp.kristdemokraterna.se\/kronoberg\/regiongruppen\/#breadcrumb"},"inLanguage":"sv-SE","potentialAction":[{"@type":"ReadAction","target":["https:\/\/wp.kristdemokraterna.se\/kronoberg\/regiongruppen\/"]}]},{"@type":"ImageObject","inLanguage":"sv-SE","@id":"https:\/\/wp.kristdemokraterna.se\/kronoberg\/regiongruppen\/#primaryimage","url":"http:\/\/wp.kristdemokraterna.se\/kronoberg\/files\/2023\/01\/anna-300x251.png","contentUrl":"http:\/\/wp.kristdemokraterna.se\/kronoberg\/files\/2023\/01\/anna-300x251.png"},{"@type":"BreadcrumbList","@id":"https:\/\/wp.kristdemokraterna.se\/kronoberg\/regiongruppen\/#breadcrumb","itemListElement":[{"@type":"ListItem","position":1,"name":"Hem","item":"https:\/\/wp.kristdemokraterna.se\/kronoberg\/"},{"@type":"ListItem","position":2,"name":"Regiongruppen"}]},{"@type":"WebSite","@id":"https:\/\/wp.kristdemokraterna.se\/kronoberg\/#website","url":"https:\/\/wp.kristdemokraterna.se\/kronoberg\/","name":"Kristdemokraterna i Kronoberg","description":"Kristdemokraterna i Kronoberg","inLanguage":"sv-SE"}]}},"_links":{"self":[{"href":"https:\/\/wp.kristdemokraterna.se\/kronoberg\/wp-json\/wp\/v2\/pages\/515","targetHints":{"allow":["GET"]}}],"collection":[{"href":"https:\/\/wp.kristdemokraterna.se\/kronoberg\/wp-json\/wp\/v2\/pages"}],"about":[{"href":"https:\/\/wp.kristdemokraterna.se\/kronoberg\/wp-json\/wp\/v2\/types\/page"}],"author":[{"embeddable":true,"href":"https:\/\/wp.kristdemokraterna.se\/kronoberg\/wp-json\/wp\/v2\/users\/896"}],"replies":[{"embeddable":true,"href":"https:\/\/wp.kristdemokraterna.se\/kronoberg\/wp-json\/wp\/v2\/comments?post=515"}],"version-history":[{"count":10,"href":"https:\/\/wp.kristdemokraterna.se\/kronoberg\/wp-json\/wp\/v2\/pages\/515\/revisions"}],"predecessor-version":[{"id":631,"href":"https:\/\/wp.kristdemokraterna.se\/kronoberg\/wp-json\/wp\/v2\/pages\/515\/revisions\/631"}],"wp:attachment":[{"href":"https:\/\/wp.kristdemokraterna.se\/kronoberg\/wp-json\/wp\/v2\/media?parent=515"}],"curies":[{"name":"wp","href":"https:\/\/api.w.org\/{rel}","templated":true}]}}