{"id":265,"date":"2017-11-29T16:47:40","date_gmt":"2017-11-29T15:47:40","guid":{"rendered":"https:\/\/wp.kristdemokraterna.se\/kumla\/?page_id=265"},"modified":"2025-02-13T17:18:30","modified_gmt":"2025-02-13T16:18:30","slug":"startsida-2","status":"publish","type":"page","link":"https:\/\/wp.kristdemokraterna.se\/kumla\/","title":{"rendered":"Startsida"},"content":{"rendered":"<p><strong>V\u00e5rt m\u00e5l \u00e4r ett samh\u00e4lle d\u00e4r friheten att forma sitt eget liv g\u00e5r hand i hand med ansvaret f\u00f6r sin medm\u00e4nniska. Vi vill bygga ett samh\u00e4lle som h\u00e5ller samman. Ingen ska h\u00e5llas tillbaka och ingen ska l\u00e4mnas efter.<\/strong><\/p>\n","protected":false},"excerpt":{"rendered":"<p>V\u00e5rt m\u00e5l \u00e4r ett samh\u00e4lle d\u00e4r friheten att forma sitt eget liv g\u00e5r hand i hand med ansvaret f\u00f6r sin medm\u00e4nniska. Vi vill bygga ett samh\u00e4lle som h\u00e5ller samman. Ingen ska h\u00e5llas tillbaka och ingen ska l\u00e4mnas efter.<\/p>\n","protected":false},"author":457,"featured_media":714,"parent":0,"menu_order":1,"comment_status":"closed","ping_status":"closed","template":"index.php","meta":{"_acf_changed":false,"footnotes":""},"class_list":["post-265","page","type-page","status-publish","hentry"],"acf":[],"yoast_head":"<!-- This site is optimized with the Yoast SEO plugin v27.3 - https:\/\/yoast.com\/product\/yoast-seo-wordpress\/ -->\n<title>Startsida - Kristdemokraterna - Kumla<\/title>\n<meta name=\"robots\" content=\"index, follow, max-snippet:-1, max-image-preview:large, max-video-preview:-1\" \/>\n<link rel=\"canonical\" href=\"https:\/\/wp.kristdemokraterna.se\/kumla\/\" \/>\n<meta property=\"og:locale\" content=\"sv_SE\" \/>\n<meta property=\"og:type\" content=\"article\" \/>\n<meta property=\"og:title\" content=\"Startsida - Kristdemokraterna - Kumla\" \/>\n<meta property=\"og:description\" content=\"V\u00e5rt m\u00e5l \u00e4r ett samh\u00e4lle d\u00e4r friheten att forma sitt eget liv g\u00e5r hand i hand med ansvaret f\u00f6r sin medm\u00e4nniska. Vi vill bygga ett samh\u00e4lle som h\u00e5ller samman. Ingen ska h\u00e5llas tillbaka och ingen ska l\u00e4mnas efter.\" \/>\n<meta property=\"og:url\" content=\"https:\/\/wp.kristdemokraterna.se\/kumla\/\" \/>\n<meta property=\"og:site_name\" content=\"Kristdemokraterna - Kumla\" \/>\n<meta property=\"article:modified_time\" content=\"2025-02-13T16:18:30+00:00\" \/>\n<meta name=\"twitter:card\" content=\"summary_large_image\" \/>\n<meta name=\"twitter:label1\" content=\"Ber\u00e4knad l\u00e4stid\" \/>\n\t<meta name=\"twitter:data1\" content=\"1 minut\" \/>\n<script type=\"application\/ld+json\" class=\"yoast-schema-graph\">{\"@context\":\"https:\\\/\\\/schema.org\",\"@graph\":[{\"@type\":\"WebPage\",\"@id\":\"https:\\\/\\\/wp.kristdemokraterna.se\\\/kumla\\\/\",\"url\":\"https:\\\/\\\/wp.kristdemokraterna.se\\\/kumla\\\/\",\"name\":\"Startsida - Kristdemokraterna - Kumla\",\"isPartOf\":{\"@id\":\"https:\\\/\\\/wp.kristdemokraterna.se\\\/kumla\\\/#website\"},\"primaryImageOfPage\":{\"@id\":\"https:\\\/\\\/wp.kristdemokraterna.se\\\/kumla\\\/#primaryimage\"},\"image\":{\"@id\":\"https:\\\/\\\/wp.kristdemokraterna.se\\\/kumla\\\/#primaryimage\"},\"thumbnailUrl\":\"\",\"datePublished\":\"2017-11-29T15:47:40+00:00\",\"dateModified\":\"2025-02-13T16:18:30+00:00\",\"breadcrumb\":{\"@id\":\"https:\\\/\\\/wp.kristdemokraterna.se\\\/kumla\\\/#breadcrumb\"},\"inLanguage\":\"sv-SE\",\"potentialAction\":[{\"@type\":\"ReadAction\",\"target\":[\"https:\\\/\\\/wp.kristdemokraterna.se\\\/kumla\\\/\"]}]},{\"@type\":\"ImageObject\",\"inLanguage\":\"sv-SE\",\"@id\":\"https:\\\/\\\/wp.kristdemokraterna.se\\\/kumla\\\/#primaryimage\",\"url\":\"\",\"contentUrl\":\"\"},{\"@type\":\"BreadcrumbList\",\"@id\":\"https:\\\/\\\/wp.kristdemokraterna.se\\\/kumla\\\/#breadcrumb\",\"itemListElement\":[{\"@type\":\"ListItem\",\"position\":1,\"name\":\"Hem\",\"item\":\"https:\\\/\\\/wp.kristdemokraterna.se\\\/kumla\\\/\"},{\"@type\":\"ListItem\",\"position\":2,\"name\":\"Startsida\"}]},{\"@type\":\"WebSite\",\"@id\":\"https:\\\/\\\/wp.kristdemokraterna.se\\\/kumla\\\/#website\",\"url\":\"https:\\\/\\\/wp.kristdemokraterna.se\\\/kumla\\\/\",\"name\":\"Kristdemokraterna - Kumla\",\"description\":\"En till Kristdemokraterna webbplats\",\"inLanguage\":\"sv-SE\"}]}<\/script>\n<!-- \/ Yoast SEO plugin. -->","yoast_head_json":{"title":"Startsida - Kristdemokraterna - Kumla","robots":{"index":"index","follow":"follow","max-snippet":"max-snippet:-1","max-image-preview":"max-image-preview:large","max-video-preview":"max-video-preview:-1"},"canonical":"https:\/\/wp.kristdemokraterna.se\/kumla\/","og_locale":"sv_SE","og_type":"article","og_title":"Startsida - Kristdemokraterna - Kumla","og_description":"V\u00e5rt m\u00e5l \u00e4r ett samh\u00e4lle d\u00e4r friheten att forma sitt eget liv g\u00e5r hand i hand med ansvaret f\u00f6r sin medm\u00e4nniska. Vi vill bygga ett samh\u00e4lle som h\u00e5ller samman. Ingen ska h\u00e5llas tillbaka och ingen ska l\u00e4mnas efter.","og_url":"https:\/\/wp.kristdemokraterna.se\/kumla\/","og_site_name":"Kristdemokraterna - Kumla","article_modified_time":"2025-02-13T16:18:30+00:00","twitter_card":"summary_large_image","twitter_misc":{"Ber\u00e4knad l\u00e4stid":"1 minut"},"schema":{"@context":"https:\/\/schema.org","@graph":[{"@type":"WebPage","@id":"https:\/\/wp.kristdemokraterna.se\/kumla\/","url":"https:\/\/wp.kristdemokraterna.se\/kumla\/","name":"Startsida - Kristdemokraterna - Kumla","isPartOf":{"@id":"https:\/\/wp.kristdemokraterna.se\/kumla\/#website"},"primaryImageOfPage":{"@id":"https:\/\/wp.kristdemokraterna.se\/kumla\/#primaryimage"},"image":{"@id":"https:\/\/wp.kristdemokraterna.se\/kumla\/#primaryimage"},"thumbnailUrl":"","datePublished":"2017-11-29T15:47:40+00:00","dateModified":"2025-02-13T16:18:30+00:00","breadcrumb":{"@id":"https:\/\/wp.kristdemokraterna.se\/kumla\/#breadcrumb"},"inLanguage":"sv-SE","potentialAction":[{"@type":"ReadAction","target":["https:\/\/wp.kristdemokraterna.se\/kumla\/"]}]},{"@type":"ImageObject","inLanguage":"sv-SE","@id":"https:\/\/wp.kristdemokraterna.se\/kumla\/#primaryimage","url":"","contentUrl":""},{"@type":"BreadcrumbList","@id":"https:\/\/wp.kristdemokraterna.se\/kumla\/#breadcrumb","itemListElement":[{"@type":"ListItem","position":1,"name":"Hem","item":"https:\/\/wp.kristdemokraterna.se\/kumla\/"},{"@type":"ListItem","position":2,"name":"Startsida"}]},{"@type":"WebSite","@id":"https:\/\/wp.kristdemokraterna.se\/kumla\/#website","url":"https:\/\/wp.kristdemokraterna.se\/kumla\/","name":"Kristdemokraterna - Kumla","description":"En till Kristdemokraterna webbplats","inLanguage":"sv-SE"}]}},"_links":{"self":[{"href":"https:\/\/wp.kristdemokraterna.se\/kumla\/wp-json\/wp\/v2\/pages\/265","targetHints":{"allow":["GET"]}}],"collection":[{"href":"https:\/\/wp.kristdemokraterna.se\/kumla\/wp-json\/wp\/v2\/pages"}],"about":[{"href":"https:\/\/wp.kristdemokraterna.se\/kumla\/wp-json\/wp\/v2\/types\/page"}],"author":[{"embeddable":true,"href":"https:\/\/wp.kristdemokraterna.se\/kumla\/wp-json\/wp\/v2\/users\/457"}],"replies":[{"embeddable":true,"href":"https:\/\/wp.kristdemokraterna.se\/kumla\/wp-json\/wp\/v2\/comments?post=265"}],"version-history":[{"count":71,"href":"https:\/\/wp.kristdemokraterna.se\/kumla\/wp-json\/wp\/v2\/pages\/265\/revisions"}],"predecessor-version":[{"id":891,"href":"https:\/\/wp.kristdemokraterna.se\/kumla\/wp-json\/wp\/v2\/pages\/265\/revisions\/891"}],"wp:featuredmedia":[{"embeddable":true,"href":"https:\/\/wp.kristdemokraterna.se\/kumla\/wp-json\/wp\/v2\/posts\/714"}],"wp:attachment":[{"href":"https:\/\/wp.kristdemokraterna.se\/kumla\/wp-json\/wp\/v2\/media?parent=265"}],"curies":[{"name":"wp","href":"https:\/\/api.w.org\/{rel}","templated":true}]}}