{"id":342,"date":"2017-11-30T15:21:10","date_gmt":"2017-11-30T14:21:10","guid":{"rendered":"https:\/\/wp.kristdemokraterna.se\/kumla\/?page_id=342"},"modified":"2025-02-11T16:27:59","modified_gmt":"2025-02-11T15:27:59","slug":"i-var-kommun","status":"publish","type":"page","link":"https:\/\/wp.kristdemokraterna.se\/kumla\/i-var-kommun\/","title":{"rendered":"V\u00e5r vision f\u00f6r Kumla"},"content":{"rendered":"<h3>Kumla, v\u00e5r stad<\/h3>\n<p><i><\/i>I Kumla skall trygghet r\u00e5da och inv\u00e5nare skall veta att h\u00e4r tar kommunen ansvar och driver utvecklingen tillsammans med inv\u00e5narna, f\u00f6r inv\u00e5narnas b\u00e4sta.<\/p>\n","protected":false},"excerpt":{"rendered":"<p>Kumla, v\u00e5r stad I Kumla skall trygghet r\u00e5da och inv\u00e5nare skall veta att h\u00e4r tar kommunen ansvar och driver utvecklingen tillsammans med inv\u00e5narna, f\u00f6r inv\u00e5narnas b\u00e4sta.<\/p>\n","protected":false},"author":457,"featured_media":714,"parent":0,"menu_order":2,"comment_status":"closed","ping_status":"closed","template":"page.php","meta":{"_acf_changed":false,"footnotes":""},"class_list":["post-342","page","type-page","status-publish","hentry"],"acf":[],"yoast_head":"<!-- This site is optimized with the Yoast SEO plugin v27.3 - https:\/\/yoast.com\/product\/yoast-seo-wordpress\/ -->\n<title>V\u00e5r vision f\u00f6r Kumla - Kristdemokraterna - Kumla<\/title>\n<meta name=\"robots\" content=\"index, follow, max-snippet:-1, max-image-preview:large, max-video-preview:-1\" \/>\n<link rel=\"canonical\" href=\"https:\/\/wp.kristdemokraterna.se\/kumla\/i-var-kommun\/\" \/>\n<meta property=\"og:locale\" content=\"sv_SE\" \/>\n<meta property=\"og:type\" content=\"article\" \/>\n<meta property=\"og:title\" content=\"V\u00e5r vision f\u00f6r Kumla - Kristdemokraterna - Kumla\" \/>\n<meta property=\"og:description\" content=\"Kumla, v\u00e5r stad I Kumla skall trygghet r\u00e5da och inv\u00e5nare skall veta att h\u00e4r tar kommunen ansvar och driver utvecklingen tillsammans med inv\u00e5narna, f\u00f6r inv\u00e5narnas b\u00e4sta.\" \/>\n<meta property=\"og:url\" content=\"https:\/\/wp.kristdemokraterna.se\/kumla\/i-var-kommun\/\" \/>\n<meta property=\"og:site_name\" content=\"Kristdemokraterna - Kumla\" \/>\n<meta property=\"article:modified_time\" content=\"2025-02-11T15:27:59+00:00\" \/>\n<meta name=\"twitter:card\" content=\"summary_large_image\" \/>\n<meta name=\"twitter:label1\" content=\"Ber\u00e4knad l\u00e4stid\" \/>\n\t<meta name=\"twitter:data1\" content=\"1 minut\" \/>\n<script type=\"application\/ld+json\" class=\"yoast-schema-graph\">{\"@context\":\"https:\\\/\\\/schema.org\",\"@graph\":[{\"@type\":\"WebPage\",\"@id\":\"https:\\\/\\\/wp.kristdemokraterna.se\\\/kumla\\\/i-var-kommun\\\/\",\"url\":\"https:\\\/\\\/wp.kristdemokraterna.se\\\/kumla\\\/i-var-kommun\\\/\",\"name\":\"V\u00e5r vision f\u00f6r Kumla - Kristdemokraterna - Kumla\",\"isPartOf\":{\"@id\":\"https:\\\/\\\/wp.kristdemokraterna.se\\\/kumla\\\/#website\"},\"primaryImageOfPage\":{\"@id\":\"https:\\\/\\\/wp.kristdemokraterna.se\\\/kumla\\\/i-var-kommun\\\/#primaryimage\"},\"image\":{\"@id\":\"https:\\\/\\\/wp.kristdemokraterna.se\\\/kumla\\\/i-var-kommun\\\/#primaryimage\"},\"thumbnailUrl\":\"\",\"datePublished\":\"2017-11-30T14:21:10+00:00\",\"dateModified\":\"2025-02-11T15:27:59+00:00\",\"breadcrumb\":{\"@id\":\"https:\\\/\\\/wp.kristdemokraterna.se\\\/kumla\\\/i-var-kommun\\\/#breadcrumb\"},\"inLanguage\":\"sv-SE\",\"potentialAction\":[{\"@type\":\"ReadAction\",\"target\":[\"https:\\\/\\\/wp.kristdemokraterna.se\\\/kumla\\\/i-var-kommun\\\/\"]}]},{\"@type\":\"ImageObject\",\"inLanguage\":\"sv-SE\",\"@id\":\"https:\\\/\\\/wp.kristdemokraterna.se\\\/kumla\\\/i-var-kommun\\\/#primaryimage\",\"url\":\"\",\"contentUrl\":\"\"},{\"@type\":\"BreadcrumbList\",\"@id\":\"https:\\\/\\\/wp.kristdemokraterna.se\\\/kumla\\\/i-var-kommun\\\/#breadcrumb\",\"itemListElement\":[{\"@type\":\"ListItem\",\"position\":1,\"name\":\"Hem\",\"item\":\"https:\\\/\\\/wp.kristdemokraterna.se\\\/kumla\\\/\"},{\"@type\":\"ListItem\",\"position\":2,\"name\":\"V\u00e5r vision f\u00f6r Kumla\"}]},{\"@type\":\"WebSite\",\"@id\":\"https:\\\/\\\/wp.kristdemokraterna.se\\\/kumla\\\/#website\",\"url\":\"https:\\\/\\\/wp.kristdemokraterna.se\\\/kumla\\\/\",\"name\":\"Kristdemokraterna - Kumla\",\"description\":\"En till Kristdemokraterna webbplats\",\"inLanguage\":\"sv-SE\"}]}<\/script>\n<!-- \/ Yoast SEO plugin. -->","yoast_head_json":{"title":"V\u00e5r vision f\u00f6r Kumla - Kristdemokraterna - Kumla","robots":{"index":"index","follow":"follow","max-snippet":"max-snippet:-1","max-image-preview":"max-image-preview:large","max-video-preview":"max-video-preview:-1"},"canonical":"https:\/\/wp.kristdemokraterna.se\/kumla\/i-var-kommun\/","og_locale":"sv_SE","og_type":"article","og_title":"V\u00e5r vision f\u00f6r Kumla - Kristdemokraterna - Kumla","og_description":"Kumla, v\u00e5r stad I Kumla skall trygghet r\u00e5da och inv\u00e5nare skall veta att h\u00e4r tar kommunen ansvar och driver utvecklingen tillsammans med inv\u00e5narna, f\u00f6r inv\u00e5narnas b\u00e4sta.","og_url":"https:\/\/wp.kristdemokraterna.se\/kumla\/i-var-kommun\/","og_site_name":"Kristdemokraterna - Kumla","article_modified_time":"2025-02-11T15:27:59+00:00","twitter_card":"summary_large_image","twitter_misc":{"Ber\u00e4knad l\u00e4stid":"1 minut"},"schema":{"@context":"https:\/\/schema.org","@graph":[{"@type":"WebPage","@id":"https:\/\/wp.kristdemokraterna.se\/kumla\/i-var-kommun\/","url":"https:\/\/wp.kristdemokraterna.se\/kumla\/i-var-kommun\/","name":"V\u00e5r vision f\u00f6r Kumla - Kristdemokraterna - Kumla","isPartOf":{"@id":"https:\/\/wp.kristdemokraterna.se\/kumla\/#website"},"primaryImageOfPage":{"@id":"https:\/\/wp.kristdemokraterna.se\/kumla\/i-var-kommun\/#primaryimage"},"image":{"@id":"https:\/\/wp.kristdemokraterna.se\/kumla\/i-var-kommun\/#primaryimage"},"thumbnailUrl":"","datePublished":"2017-11-30T14:21:10+00:00","dateModified":"2025-02-11T15:27:59+00:00","breadcrumb":{"@id":"https:\/\/wp.kristdemokraterna.se\/kumla\/i-var-kommun\/#breadcrumb"},"inLanguage":"sv-SE","potentialAction":[{"@type":"ReadAction","target":["https:\/\/wp.kristdemokraterna.se\/kumla\/i-var-kommun\/"]}]},{"@type":"ImageObject","inLanguage":"sv-SE","@id":"https:\/\/wp.kristdemokraterna.se\/kumla\/i-var-kommun\/#primaryimage","url":"","contentUrl":""},{"@type":"BreadcrumbList","@id":"https:\/\/wp.kristdemokraterna.se\/kumla\/i-var-kommun\/#breadcrumb","itemListElement":[{"@type":"ListItem","position":1,"name":"Hem","item":"https:\/\/wp.kristdemokraterna.se\/kumla\/"},{"@type":"ListItem","position":2,"name":"V\u00e5r vision f\u00f6r Kumla"}]},{"@type":"WebSite","@id":"https:\/\/wp.kristdemokraterna.se\/kumla\/#website","url":"https:\/\/wp.kristdemokraterna.se\/kumla\/","name":"Kristdemokraterna - Kumla","description":"En till Kristdemokraterna webbplats","inLanguage":"sv-SE"}]}},"_links":{"self":[{"href":"https:\/\/wp.kristdemokraterna.se\/kumla\/wp-json\/wp\/v2\/pages\/342","targetHints":{"allow":["GET"]}}],"collection":[{"href":"https:\/\/wp.kristdemokraterna.se\/kumla\/wp-json\/wp\/v2\/pages"}],"about":[{"href":"https:\/\/wp.kristdemokraterna.se\/kumla\/wp-json\/wp\/v2\/types\/page"}],"author":[{"embeddable":true,"href":"https:\/\/wp.kristdemokraterna.se\/kumla\/wp-json\/wp\/v2\/users\/457"}],"replies":[{"embeddable":true,"href":"https:\/\/wp.kristdemokraterna.se\/kumla\/wp-json\/wp\/v2\/comments?post=342"}],"version-history":[{"count":3,"href":"https:\/\/wp.kristdemokraterna.se\/kumla\/wp-json\/wp\/v2\/pages\/342\/revisions"}],"predecessor-version":[{"id":613,"href":"https:\/\/wp.kristdemokraterna.se\/kumla\/wp-json\/wp\/v2\/pages\/342\/revisions\/613"}],"wp:featuredmedia":[{"embeddable":true,"href":"https:\/\/wp.kristdemokraterna.se\/kumla\/wp-json\/wp\/v2\/posts\/714"}],"wp:attachment":[{"href":"https:\/\/wp.kristdemokraterna.se\/kumla\/wp-json\/wp\/v2\/media?parent=342"}],"curies":[{"name":"wp","href":"https:\/\/api.w.org\/{rel}","templated":true}]}}