{"id":373,"date":"2017-12-04T16:47:18","date_gmt":"2017-12-04T15:47:18","guid":{"rendered":"https:\/\/wp.kristdemokraterna.se\/kumla\/?page_id=373"},"modified":"2025-02-11T16:27:59","modified_gmt":"2025-02-11T15:27:59","slug":"var-politik-i-kommunen","status":"publish","type":"page","link":"https:\/\/wp.kristdemokraterna.se\/kumla\/var-politik-i-kommunen\/","title":{"rendered":"V\u00e5r politik i Kumla"},"content":{"rendered":"<p><strong>Kumla kommun &#8211;\u00a0<\/strong>\u00c4r \u00f6ppen f\u00f6r samverkan med andra akt\u00f6rer och civila samh\u00e4llet p\u00e5 alla niv\u00e5er.<\/p>\n<p><strong>Din kontakt med Kumla kommun &#8211;\u00a0<\/strong>Ska vara enkelt och du ska vara n\u00f6jd.<\/p>\n<p><strong>Det ska vara enkelt &#8211;\u00a0<\/strong>Att bygga sitt framtida boende h\u00e4r eller etablera sitt f\u00f6retag h\u00e4r, \u00e4ven d\u00e5 f\u00f6retag som verkar inom kommunal verksamhet.<\/p>\n<p><strong>V\u00e5r kommunala personal &#8211;\u00a0<\/strong>Ska ha tillg\u00e5ng till kontinuerlig fortbildning och kunna forska i sitt yrke samtidigt som man arbetar. Trygghet och resultat p\u00e5 vetenskaplig grund med en \u00f6kad personalt\u00e4thet och beh\u00f6righet.<\/p>\n<p><strong>Trygghet &#8211; <\/strong>Trygghet ska finnas p\u00e5 alla v\u00e5ra gator och torg samt inom all kommunal verksamhet.<\/p>\n<p><strong>Utanf\u00f6rskap &#8211; <\/strong>Snabba \u00e5tg\u00e4rder i samverkan med v\u00e5rdnadshavare, kommunen, andra myndigheter och Kumlas f\u00f6reningsliv.<\/p>\n<p><strong>Ungas fritid &#8211; <\/strong>Prioriteras med f\u00f6renings st\u00f6d och upps\u00f6kande verksamhet.<\/p>\n<p><strong>Sol, vind och vatten &#8211; <\/strong>Kommunen g\u00e5r f\u00f6re i milj\u00f6fr\u00e5gor. Kvarntorpsh\u00f6gen m\u00e5ste f\u00e5 en h\u00e5llbar milj\u00f6plan. Kommunen beh\u00f6ver omg\u00e5ende bli fossil fri i alla sina fastigheter.<\/p>\n<p><strong>Utanf\u00f6r 30 skyltarna &#8211; <\/strong>Satsningar ska g\u00f6ras p\u00e5 utbyggnad av fiber och kommunalt vatten.<\/p>\n<p>&nbsp;<\/p>\n<p><strong>Vi Kristdemokrater<\/strong>.<\/p>\n<p>Vill samverka med andra partier f\u00f6r att f\u00e5 en nya v\u00e4lbeh\u00f6vlig politisk majoritet i Kumla.<\/p>\n","protected":false},"excerpt":{"rendered":"<p>Kumla kommun &#8211;\u00a0\u00c4r \u00f6ppen f\u00f6r samverkan med andra akt\u00f6rer och civila samh\u00e4llet p\u00e5 alla niv\u00e5er. Din kontakt med Kumla kommun &#8211;\u00a0Ska vara enkelt och du ska vara n\u00f6jd. Det ska vara enkelt &#8211;\u00a0Att bygga sitt framtida boende h\u00e4r eller etablera sitt f\u00f6retag h\u00e4r, \u00e4ven d\u00e5 f\u00f6retag som verkar inom kommunal verksamhet. V\u00e5r kommunala personal &#8211;\u00a0Ska <a class=\"read-more-link\" href=\"https:\/\/wp.kristdemokraterna.se\/kumla\/var-politik-i-kommunen\/\">L\u00e4s mer<\/a><\/p>\n","protected":false},"author":457,"featured_media":714,"parent":0,"menu_order":3,"comment_status":"closed","ping_status":"closed","template":"page.php","meta":{"_acf_changed":false,"footnotes":""},"class_list":["post-373","page","type-page","status-publish","hentry"],"acf":[],"yoast_head":"<!-- This site is optimized with the Yoast SEO plugin v27.3 - https:\/\/yoast.com\/product\/yoast-seo-wordpress\/ -->\n<title>V\u00e5r politik i Kumla - Kristdemokraterna - Kumla<\/title>\n<meta name=\"robots\" content=\"index, follow, max-snippet:-1, max-image-preview:large, max-video-preview:-1\" \/>\n<link rel=\"canonical\" href=\"https:\/\/wp.kristdemokraterna.se\/kumla\/var-politik-i-kommunen\/\" \/>\n<meta property=\"og:locale\" content=\"sv_SE\" \/>\n<meta property=\"og:type\" content=\"article\" \/>\n<meta property=\"og:title\" content=\"V\u00e5r politik i Kumla - Kristdemokraterna - Kumla\" \/>\n<meta property=\"og:description\" content=\"Kumla kommun &#8211;\u00a0\u00c4r \u00f6ppen f\u00f6r samverkan med andra akt\u00f6rer och civila samh\u00e4llet p\u00e5 alla niv\u00e5er. Din kontakt med Kumla kommun &#8211;\u00a0Ska vara enkelt och du ska vara n\u00f6jd. Det ska vara enkelt &#8211;\u00a0Att bygga sitt framtida boende h\u00e4r eller etablera sitt f\u00f6retag h\u00e4r, \u00e4ven d\u00e5 f\u00f6retag som verkar inom kommunal verksamhet. V\u00e5r kommunala personal &#8211;\u00a0Ska L\u00e4s mer\" \/>\n<meta property=\"og:url\" content=\"https:\/\/wp.kristdemokraterna.se\/kumla\/var-politik-i-kommunen\/\" \/>\n<meta property=\"og:site_name\" content=\"Kristdemokraterna - Kumla\" \/>\n<meta property=\"article:modified_time\" content=\"2025-02-11T15:27:59+00:00\" \/>\n<meta name=\"twitter:card\" content=\"summary_large_image\" \/>\n<meta name=\"twitter:label1\" content=\"Ber\u00e4knad l\u00e4stid\" \/>\n\t<meta name=\"twitter:data1\" content=\"1 minut\" \/>\n<script type=\"application\/ld+json\" class=\"yoast-schema-graph\">{\"@context\":\"https:\\\/\\\/schema.org\",\"@graph\":[{\"@type\":\"WebPage\",\"@id\":\"https:\\\/\\\/wp.kristdemokraterna.se\\\/kumla\\\/var-politik-i-kommunen\\\/\",\"url\":\"https:\\\/\\\/wp.kristdemokraterna.se\\\/kumla\\\/var-politik-i-kommunen\\\/\",\"name\":\"V\u00e5r politik i Kumla - Kristdemokraterna - Kumla\",\"isPartOf\":{\"@id\":\"https:\\\/\\\/wp.kristdemokraterna.se\\\/kumla\\\/#website\"},\"primaryImageOfPage\":{\"@id\":\"https:\\\/\\\/wp.kristdemokraterna.se\\\/kumla\\\/var-politik-i-kommunen\\\/#primaryimage\"},\"image\":{\"@id\":\"https:\\\/\\\/wp.kristdemokraterna.se\\\/kumla\\\/var-politik-i-kommunen\\\/#primaryimage\"},\"thumbnailUrl\":\"\",\"datePublished\":\"2017-12-04T15:47:18+00:00\",\"dateModified\":\"2025-02-11T15:27:59+00:00\",\"breadcrumb\":{\"@id\":\"https:\\\/\\\/wp.kristdemokraterna.se\\\/kumla\\\/var-politik-i-kommunen\\\/#breadcrumb\"},\"inLanguage\":\"sv-SE\",\"potentialAction\":[{\"@type\":\"ReadAction\",\"target\":[\"https:\\\/\\\/wp.kristdemokraterna.se\\\/kumla\\\/var-politik-i-kommunen\\\/\"]}]},{\"@type\":\"ImageObject\",\"inLanguage\":\"sv-SE\",\"@id\":\"https:\\\/\\\/wp.kristdemokraterna.se\\\/kumla\\\/var-politik-i-kommunen\\\/#primaryimage\",\"url\":\"\",\"contentUrl\":\"\"},{\"@type\":\"BreadcrumbList\",\"@id\":\"https:\\\/\\\/wp.kristdemokraterna.se\\\/kumla\\\/var-politik-i-kommunen\\\/#breadcrumb\",\"itemListElement\":[{\"@type\":\"ListItem\",\"position\":1,\"name\":\"Hem\",\"item\":\"https:\\\/\\\/wp.kristdemokraterna.se\\\/kumla\\\/\"},{\"@type\":\"ListItem\",\"position\":2,\"name\":\"V\u00e5r politik i Kumla\"}]},{\"@type\":\"WebSite\",\"@id\":\"https:\\\/\\\/wp.kristdemokraterna.se\\\/kumla\\\/#website\",\"url\":\"https:\\\/\\\/wp.kristdemokraterna.se\\\/kumla\\\/\",\"name\":\"Kristdemokraterna - Kumla\",\"description\":\"En till Kristdemokraterna webbplats\",\"inLanguage\":\"sv-SE\"}]}<\/script>\n<!-- \/ Yoast SEO plugin. -->","yoast_head_json":{"title":"V\u00e5r politik i Kumla - Kristdemokraterna - Kumla","robots":{"index":"index","follow":"follow","max-snippet":"max-snippet:-1","max-image-preview":"max-image-preview:large","max-video-preview":"max-video-preview:-1"},"canonical":"https:\/\/wp.kristdemokraterna.se\/kumla\/var-politik-i-kommunen\/","og_locale":"sv_SE","og_type":"article","og_title":"V\u00e5r politik i Kumla - Kristdemokraterna - Kumla","og_description":"Kumla kommun &#8211;\u00a0\u00c4r \u00f6ppen f\u00f6r samverkan med andra akt\u00f6rer och civila samh\u00e4llet p\u00e5 alla niv\u00e5er. Din kontakt med Kumla kommun &#8211;\u00a0Ska vara enkelt och du ska vara n\u00f6jd. Det ska vara enkelt &#8211;\u00a0Att bygga sitt framtida boende h\u00e4r eller etablera sitt f\u00f6retag h\u00e4r, \u00e4ven d\u00e5 f\u00f6retag som verkar inom kommunal verksamhet. V\u00e5r kommunala personal &#8211;\u00a0Ska L\u00e4s mer","og_url":"https:\/\/wp.kristdemokraterna.se\/kumla\/var-politik-i-kommunen\/","og_site_name":"Kristdemokraterna - Kumla","article_modified_time":"2025-02-11T15:27:59+00:00","twitter_card":"summary_large_image","twitter_misc":{"Ber\u00e4knad l\u00e4stid":"1 minut"},"schema":{"@context":"https:\/\/schema.org","@graph":[{"@type":"WebPage","@id":"https:\/\/wp.kristdemokraterna.se\/kumla\/var-politik-i-kommunen\/","url":"https:\/\/wp.kristdemokraterna.se\/kumla\/var-politik-i-kommunen\/","name":"V\u00e5r politik i Kumla - Kristdemokraterna - Kumla","isPartOf":{"@id":"https:\/\/wp.kristdemokraterna.se\/kumla\/#website"},"primaryImageOfPage":{"@id":"https:\/\/wp.kristdemokraterna.se\/kumla\/var-politik-i-kommunen\/#primaryimage"},"image":{"@id":"https:\/\/wp.kristdemokraterna.se\/kumla\/var-politik-i-kommunen\/#primaryimage"},"thumbnailUrl":"","datePublished":"2017-12-04T15:47:18+00:00","dateModified":"2025-02-11T15:27:59+00:00","breadcrumb":{"@id":"https:\/\/wp.kristdemokraterna.se\/kumla\/var-politik-i-kommunen\/#breadcrumb"},"inLanguage":"sv-SE","potentialAction":[{"@type":"ReadAction","target":["https:\/\/wp.kristdemokraterna.se\/kumla\/var-politik-i-kommunen\/"]}]},{"@type":"ImageObject","inLanguage":"sv-SE","@id":"https:\/\/wp.kristdemokraterna.se\/kumla\/var-politik-i-kommunen\/#primaryimage","url":"","contentUrl":""},{"@type":"BreadcrumbList","@id":"https:\/\/wp.kristdemokraterna.se\/kumla\/var-politik-i-kommunen\/#breadcrumb","itemListElement":[{"@type":"ListItem","position":1,"name":"Hem","item":"https:\/\/wp.kristdemokraterna.se\/kumla\/"},{"@type":"ListItem","position":2,"name":"V\u00e5r politik i Kumla"}]},{"@type":"WebSite","@id":"https:\/\/wp.kristdemokraterna.se\/kumla\/#website","url":"https:\/\/wp.kristdemokraterna.se\/kumla\/","name":"Kristdemokraterna - Kumla","description":"En till Kristdemokraterna webbplats","inLanguage":"sv-SE"}]}},"_links":{"self":[{"href":"https:\/\/wp.kristdemokraterna.se\/kumla\/wp-json\/wp\/v2\/pages\/373","targetHints":{"allow":["GET"]}}],"collection":[{"href":"https:\/\/wp.kristdemokraterna.se\/kumla\/wp-json\/wp\/v2\/pages"}],"about":[{"href":"https:\/\/wp.kristdemokraterna.se\/kumla\/wp-json\/wp\/v2\/types\/page"}],"author":[{"embeddable":true,"href":"https:\/\/wp.kristdemokraterna.se\/kumla\/wp-json\/wp\/v2\/users\/457"}],"replies":[{"embeddable":true,"href":"https:\/\/wp.kristdemokraterna.se\/kumla\/wp-json\/wp\/v2\/comments?post=373"}],"version-history":[{"count":3,"href":"https:\/\/wp.kristdemokraterna.se\/kumla\/wp-json\/wp\/v2\/pages\/373\/revisions"}],"predecessor-version":[{"id":611,"href":"https:\/\/wp.kristdemokraterna.se\/kumla\/wp-json\/wp\/v2\/pages\/373\/revisions\/611"}],"wp:featuredmedia":[{"embeddable":true,"href":"https:\/\/wp.kristdemokraterna.se\/kumla\/wp-json\/wp\/v2\/posts\/714"}],"wp:attachment":[{"href":"https:\/\/wp.kristdemokraterna.se\/kumla\/wp-json\/wp\/v2\/media?parent=373"}],"curies":[{"name":"wp","href":"https:\/\/api.w.org\/{rel}","templated":true}]}}