{"id":681,"date":"2025-02-11T09:52:59","date_gmt":"2025-02-11T08:52:59","guid":{"rendered":"https:\/\/wp.kristdemokraterna.se\/kumla\/?page_id=681"},"modified":"2025-03-22T11:59:56","modified_gmt":"2025-03-22T10:59:56","slug":"styrelse","status":"publish","type":"page","link":"https:\/\/wp.kristdemokraterna.se\/kumla\/textsida-med-vanster-sidebar\/styrelse\/","title":{"rendered":"Styrelse"},"content":{"rendered":"<p>Styrelseordf\u00f6rande &#8211; Per Holm<\/p>\n<p>Vice Ordf\u00f6rande &#8211; Peder M\u00f6ller<\/p>\n<p>Sekreterare &#8211; Mats Lind<\/p>\n<p>Kass\u00f6r &#8211; Johan J\u00f6rts\u00f6<\/p>\n<p>Ledamot &#8211; Jeanette Nyberg<\/p>\n<p>Ledamot &#8211; Inga-Lill Roswall<\/p>\n<p>Ledamot &#8211; Andr\u00e9 Nordgren<\/p>\n<p>Ledamot &#8211; Ulla Gran<\/p>\n<p>&nbsp;<\/p>\n<p><a href=\"https:\/\/wp.kristdemokraterna.se\/kumla\/files\/2025\/03\/img_9178-e1742641051965.jpg\"><img loading=\"lazy\" decoding=\"async\" class=\"alignnone size-medium wp-image-910\" src=\"https:\/\/wp.kristdemokraterna.se\/kumla\/files\/2025\/03\/img_9178-e1742641051965-300x151.jpg\" alt=\"\" width=\"300\" height=\"151\" srcset=\"https:\/\/wp.kristdemokraterna.se\/kumla\/files\/2025\/03\/img_9178-e1742641051965-300x151.jpg 300w, https:\/\/wp.kristdemokraterna.se\/kumla\/files\/2025\/03\/img_9178-e1742641051965-370x186.jpg 370w, https:\/\/wp.kristdemokraterna.se\/kumla\/files\/2025\/03\/img_9178-e1742641051965-450x226.jpg 450w, https:\/\/wp.kristdemokraterna.se\/kumla\/files\/2025\/03\/img_9178-e1742641051965-280x141.jpg 280w, https:\/\/wp.kristdemokraterna.se\/kumla\/files\/2025\/03\/img_9178-e1742641051965-340x171.jpg 340w, https:\/\/wp.kristdemokraterna.se\/kumla\/files\/2025\/03\/img_9178-e1742641051965-200x101.jpg 200w, https:\/\/wp.kristdemokraterna.se\/kumla\/files\/2025\/03\/img_9178-e1742641051965-111x56.jpg 111w, https:\/\/wp.kristdemokraterna.se\/kumla\/files\/2025\/03\/img_9178-e1742641051965.jpg 768w\" sizes=\"auto, (max-width: 300px) 100vw, 300px\" \/><\/a><\/p>\n<p><em>Delar av styrelsen<\/em><\/p>\n","protected":false},"excerpt":{"rendered":"<p>Styrelseordf\u00f6rande &#8211; Per Holm Vice Ordf\u00f6rande &#8211; Peder M\u00f6ller Sekreterare &#8211; Mats Lind Kass\u00f6r &#8211; Johan J\u00f6rts\u00f6 Ledamot &#8211; Jeanette Nyberg Ledamot &#8211; Inga-Lill Roswall Ledamot &#8211; Andr\u00e9 Nordgren Ledamot &#8211; Ulla Gran &nbsp; Delar av styrelsen<\/p>\n","protected":false},"author":457,"featured_media":714,"parent":269,"menu_order":3,"comment_status":"closed","ping_status":"closed","template":"","meta":{"_acf_changed":false,"footnotes":""},"class_list":["post-681","page","type-page","status-publish","hentry"],"acf":[],"yoast_head":"<!-- This site is optimized with the Yoast SEO plugin v27.3 - https:\/\/yoast.com\/product\/yoast-seo-wordpress\/ -->\n<title>Styrelse - Kristdemokraterna - Kumla<\/title>\n<meta name=\"robots\" content=\"index, follow, max-snippet:-1, max-image-preview:large, max-video-preview:-1\" \/>\n<link rel=\"canonical\" href=\"https:\/\/wp.kristdemokraterna.se\/kumla\/textsida-med-vanster-sidebar\/styrelse\/\" \/>\n<meta property=\"og:locale\" content=\"sv_SE\" \/>\n<meta property=\"og:type\" content=\"article\" \/>\n<meta property=\"og:title\" content=\"Styrelse - Kristdemokraterna - Kumla\" \/>\n<meta property=\"og:description\" content=\"Styrelseordf\u00f6rande &#8211; Per Holm Vice Ordf\u00f6rande &#8211; Peder M\u00f6ller Sekreterare &#8211; Mats Lind Kass\u00f6r &#8211; Johan J\u00f6rts\u00f6 Ledamot &#8211; Jeanette Nyberg Ledamot &#8211; Inga-Lill Roswall Ledamot &#8211; Andr\u00e9 Nordgren Ledamot &#8211; Ulla Gran &nbsp; Delar av styrelsen\" \/>\n<meta property=\"og:url\" content=\"https:\/\/wp.kristdemokraterna.se\/kumla\/textsida-med-vanster-sidebar\/styrelse\/\" \/>\n<meta property=\"og:site_name\" content=\"Kristdemokraterna - Kumla\" \/>\n<meta property=\"article:modified_time\" content=\"2025-03-22T10:59:56+00:00\" \/>\n<meta property=\"og:image\" content=\"https:\/\/wp.kristdemokraterna.se\/kumla\/files\/2025\/03\/img_9178-e1742641051965.jpg\" \/>\n\t<meta property=\"og:image:width\" content=\"768\" \/>\n\t<meta property=\"og:image:height\" content=\"386\" \/>\n\t<meta property=\"og:image:type\" content=\"image\/jpeg\" \/>\n<meta name=\"twitter:card\" content=\"summary_large_image\" \/>\n<meta name=\"twitter:label1\" content=\"Ber\u00e4knad l\u00e4stid\" \/>\n\t<meta name=\"twitter:data1\" content=\"1 minut\" \/>\n<script type=\"application\/ld+json\" class=\"yoast-schema-graph\">{\"@context\":\"https:\\\/\\\/schema.org\",\"@graph\":[{\"@type\":\"WebPage\",\"@id\":\"https:\\\/\\\/wp.kristdemokraterna.se\\\/kumla\\\/textsida-med-vanster-sidebar\\\/styrelse\\\/\",\"url\":\"https:\\\/\\\/wp.kristdemokraterna.se\\\/kumla\\\/textsida-med-vanster-sidebar\\\/styrelse\\\/\",\"name\":\"Styrelse - Kristdemokraterna - Kumla\",\"isPartOf\":{\"@id\":\"https:\\\/\\\/wp.kristdemokraterna.se\\\/kumla\\\/#website\"},\"primaryImageOfPage\":{\"@id\":\"https:\\\/\\\/wp.kristdemokraterna.se\\\/kumla\\\/textsida-med-vanster-sidebar\\\/styrelse\\\/#primaryimage\"},\"image\":{\"@id\":\"https:\\\/\\\/wp.kristdemokraterna.se\\\/kumla\\\/textsida-med-vanster-sidebar\\\/styrelse\\\/#primaryimage\"},\"thumbnailUrl\":\"\",\"datePublished\":\"2025-02-11T08:52:59+00:00\",\"dateModified\":\"2025-03-22T10:59:56+00:00\",\"breadcrumb\":{\"@id\":\"https:\\\/\\\/wp.kristdemokraterna.se\\\/kumla\\\/textsida-med-vanster-sidebar\\\/styrelse\\\/#breadcrumb\"},\"inLanguage\":\"sv-SE\",\"potentialAction\":[{\"@type\":\"ReadAction\",\"target\":[\"https:\\\/\\\/wp.kristdemokraterna.se\\\/kumla\\\/textsida-med-vanster-sidebar\\\/styrelse\\\/\"]}]},{\"@type\":\"ImageObject\",\"inLanguage\":\"sv-SE\",\"@id\":\"https:\\\/\\\/wp.kristdemokraterna.se\\\/kumla\\\/textsida-med-vanster-sidebar\\\/styrelse\\\/#primaryimage\",\"url\":\"\",\"contentUrl\":\"\"},{\"@type\":\"BreadcrumbList\",\"@id\":\"https:\\\/\\\/wp.kristdemokraterna.se\\\/kumla\\\/textsida-med-vanster-sidebar\\\/styrelse\\\/#breadcrumb\",\"itemListElement\":[{\"@type\":\"ListItem\",\"position\":1,\"name\":\"Hem\",\"item\":\"https:\\\/\\\/wp.kristdemokraterna.se\\\/kumla\\\/\"},{\"@type\":\"ListItem\",\"position\":2,\"name\":\"V\u00e5r partiavdelning\",\"item\":\"https:\\\/\\\/wp.kristdemokraterna.se\\\/kumla\\\/textsida-med-vanster-sidebar\\\/\"},{\"@type\":\"ListItem\",\"position\":3,\"name\":\"Styrelse\"}]},{\"@type\":\"WebSite\",\"@id\":\"https:\\\/\\\/wp.kristdemokraterna.se\\\/kumla\\\/#website\",\"url\":\"https:\\\/\\\/wp.kristdemokraterna.se\\\/kumla\\\/\",\"name\":\"Kristdemokraterna - Kumla\",\"description\":\"En till Kristdemokraterna webbplats\",\"inLanguage\":\"sv-SE\"}]}<\/script>\n<!-- \/ Yoast SEO plugin. -->","yoast_head_json":{"title":"Styrelse - Kristdemokraterna - Kumla","robots":{"index":"index","follow":"follow","max-snippet":"max-snippet:-1","max-image-preview":"max-image-preview:large","max-video-preview":"max-video-preview:-1"},"canonical":"https:\/\/wp.kristdemokraterna.se\/kumla\/textsida-med-vanster-sidebar\/styrelse\/","og_locale":"sv_SE","og_type":"article","og_title":"Styrelse - Kristdemokraterna - Kumla","og_description":"Styrelseordf\u00f6rande &#8211; Per Holm Vice Ordf\u00f6rande &#8211; Peder M\u00f6ller Sekreterare &#8211; Mats Lind Kass\u00f6r &#8211; Johan J\u00f6rts\u00f6 Ledamot &#8211; Jeanette Nyberg Ledamot &#8211; Inga-Lill Roswall Ledamot &#8211; Andr\u00e9 Nordgren Ledamot &#8211; Ulla Gran &nbsp; Delar av styrelsen","og_url":"https:\/\/wp.kristdemokraterna.se\/kumla\/textsida-med-vanster-sidebar\/styrelse\/","og_site_name":"Kristdemokraterna - Kumla","article_modified_time":"2025-03-22T10:59:56+00:00","og_image":[{"width":768,"height":386,"url":"https:\/\/wp.kristdemokraterna.se\/kumla\/files\/2025\/03\/img_9178-e1742641051965.jpg","type":"image\/jpeg"}],"twitter_card":"summary_large_image","twitter_misc":{"Ber\u00e4knad l\u00e4stid":"1 minut"},"schema":{"@context":"https:\/\/schema.org","@graph":[{"@type":"WebPage","@id":"https:\/\/wp.kristdemokraterna.se\/kumla\/textsida-med-vanster-sidebar\/styrelse\/","url":"https:\/\/wp.kristdemokraterna.se\/kumla\/textsida-med-vanster-sidebar\/styrelse\/","name":"Styrelse - Kristdemokraterna - Kumla","isPartOf":{"@id":"https:\/\/wp.kristdemokraterna.se\/kumla\/#website"},"primaryImageOfPage":{"@id":"https:\/\/wp.kristdemokraterna.se\/kumla\/textsida-med-vanster-sidebar\/styrelse\/#primaryimage"},"image":{"@id":"https:\/\/wp.kristdemokraterna.se\/kumla\/textsida-med-vanster-sidebar\/styrelse\/#primaryimage"},"thumbnailUrl":"","datePublished":"2025-02-11T08:52:59+00:00","dateModified":"2025-03-22T10:59:56+00:00","breadcrumb":{"@id":"https:\/\/wp.kristdemokraterna.se\/kumla\/textsida-med-vanster-sidebar\/styrelse\/#breadcrumb"},"inLanguage":"sv-SE","potentialAction":[{"@type":"ReadAction","target":["https:\/\/wp.kristdemokraterna.se\/kumla\/textsida-med-vanster-sidebar\/styrelse\/"]}]},{"@type":"ImageObject","inLanguage":"sv-SE","@id":"https:\/\/wp.kristdemokraterna.se\/kumla\/textsida-med-vanster-sidebar\/styrelse\/#primaryimage","url":"","contentUrl":""},{"@type":"BreadcrumbList","@id":"https:\/\/wp.kristdemokraterna.se\/kumla\/textsida-med-vanster-sidebar\/styrelse\/#breadcrumb","itemListElement":[{"@type":"ListItem","position":1,"name":"Hem","item":"https:\/\/wp.kristdemokraterna.se\/kumla\/"},{"@type":"ListItem","position":2,"name":"V\u00e5r partiavdelning","item":"https:\/\/wp.kristdemokraterna.se\/kumla\/textsida-med-vanster-sidebar\/"},{"@type":"ListItem","position":3,"name":"Styrelse"}]},{"@type":"WebSite","@id":"https:\/\/wp.kristdemokraterna.se\/kumla\/#website","url":"https:\/\/wp.kristdemokraterna.se\/kumla\/","name":"Kristdemokraterna - Kumla","description":"En till Kristdemokraterna webbplats","inLanguage":"sv-SE"}]}},"_links":{"self":[{"href":"https:\/\/wp.kristdemokraterna.se\/kumla\/wp-json\/wp\/v2\/pages\/681","targetHints":{"allow":["GET"]}}],"collection":[{"href":"https:\/\/wp.kristdemokraterna.se\/kumla\/wp-json\/wp\/v2\/pages"}],"about":[{"href":"https:\/\/wp.kristdemokraterna.se\/kumla\/wp-json\/wp\/v2\/types\/page"}],"author":[{"embeddable":true,"href":"https:\/\/wp.kristdemokraterna.se\/kumla\/wp-json\/wp\/v2\/users\/457"}],"replies":[{"embeddable":true,"href":"https:\/\/wp.kristdemokraterna.se\/kumla\/wp-json\/wp\/v2\/comments?post=681"}],"version-history":[{"count":5,"href":"https:\/\/wp.kristdemokraterna.se\/kumla\/wp-json\/wp\/v2\/pages\/681\/revisions"}],"predecessor-version":[{"id":928,"href":"https:\/\/wp.kristdemokraterna.se\/kumla\/wp-json\/wp\/v2\/pages\/681\/revisions\/928"}],"up":[{"embeddable":true,"href":"https:\/\/wp.kristdemokraterna.se\/kumla\/wp-json\/wp\/v2\/pages\/269"}],"wp:featuredmedia":[{"embeddable":true,"href":"https:\/\/wp.kristdemokraterna.se\/kumla\/wp-json\/wp\/v2\/posts\/714"}],"wp:attachment":[{"href":"https:\/\/wp.kristdemokraterna.se\/kumla\/wp-json\/wp\/v2\/media?parent=681"}],"curies":[{"name":"wp","href":"https:\/\/api.w.org\/{rel}","templated":true}]}}