{"id":683,"date":"2025-02-11T09:55:42","date_gmt":"2025-02-11T08:55:42","guid":{"rendered":"https:\/\/wp.kristdemokraterna.se\/kumla\/?page_id=683"},"modified":"2025-02-11T16:27:12","modified_gmt":"2025-02-11T15:27:12","slug":"politiker","status":"publish","type":"page","link":"https:\/\/wp.kristdemokraterna.se\/kumla\/textsida-med-vanster-sidebar\/politiker\/","title":{"rendered":"Politiker"},"content":{"rendered":"<p>H\u00e4r \u00e4r v\u00e5ra aktiva politiker som verkar f\u00f6r Kristdemokraterna i Kumla<\/p>\n","protected":false},"excerpt":{"rendered":"<p>H\u00e4r \u00e4r v\u00e5ra aktiva politiker som verkar f\u00f6r Kristdemokraterna i Kumla<\/p>\n","protected":false},"author":457,"featured_media":714,"parent":269,"menu_order":2,"comment_status":"closed","ping_status":"closed","template":"","meta":{"_acf_changed":false,"footnotes":""},"class_list":["post-683","page","type-page","status-publish","hentry"],"acf":[],"yoast_head":"<!-- This site is optimized with the Yoast SEO plugin v27.3 - https:\/\/yoast.com\/product\/yoast-seo-wordpress\/ -->\n<title>Politiker - Kristdemokraterna - Kumla<\/title>\n<meta name=\"robots\" content=\"index, follow, max-snippet:-1, max-image-preview:large, max-video-preview:-1\" \/>\n<link rel=\"canonical\" href=\"https:\/\/wp.kristdemokraterna.se\/kumla\/textsida-med-vanster-sidebar\/politiker\/\" \/>\n<meta property=\"og:locale\" content=\"sv_SE\" \/>\n<meta property=\"og:type\" content=\"article\" \/>\n<meta property=\"og:title\" content=\"Politiker - Kristdemokraterna - Kumla\" \/>\n<meta property=\"og:description\" content=\"H\u00e4r \u00e4r v\u00e5ra aktiva politiker som verkar f\u00f6r Kristdemokraterna i Kumla\" \/>\n<meta property=\"og:url\" content=\"https:\/\/wp.kristdemokraterna.se\/kumla\/textsida-med-vanster-sidebar\/politiker\/\" \/>\n<meta property=\"og:site_name\" content=\"Kristdemokraterna - Kumla\" \/>\n<meta property=\"article:modified_time\" content=\"2025-02-11T15:27:12+00:00\" \/>\n<meta name=\"twitter:card\" content=\"summary_large_image\" \/>\n<meta name=\"twitter:label1\" content=\"Ber\u00e4knad l\u00e4stid\" \/>\n\t<meta name=\"twitter:data1\" content=\"1 minut\" \/>\n<script type=\"application\/ld+json\" class=\"yoast-schema-graph\">{\"@context\":\"https:\\\/\\\/schema.org\",\"@graph\":[{\"@type\":\"WebPage\",\"@id\":\"https:\\\/\\\/wp.kristdemokraterna.se\\\/kumla\\\/textsida-med-vanster-sidebar\\\/politiker\\\/\",\"url\":\"https:\\\/\\\/wp.kristdemokraterna.se\\\/kumla\\\/textsida-med-vanster-sidebar\\\/politiker\\\/\",\"name\":\"Politiker - Kristdemokraterna - Kumla\",\"isPartOf\":{\"@id\":\"https:\\\/\\\/wp.kristdemokraterna.se\\\/kumla\\\/#website\"},\"primaryImageOfPage\":{\"@id\":\"https:\\\/\\\/wp.kristdemokraterna.se\\\/kumla\\\/textsida-med-vanster-sidebar\\\/politiker\\\/#primaryimage\"},\"image\":{\"@id\":\"https:\\\/\\\/wp.kristdemokraterna.se\\\/kumla\\\/textsida-med-vanster-sidebar\\\/politiker\\\/#primaryimage\"},\"thumbnailUrl\":\"\",\"datePublished\":\"2025-02-11T08:55:42+00:00\",\"dateModified\":\"2025-02-11T15:27:12+00:00\",\"breadcrumb\":{\"@id\":\"https:\\\/\\\/wp.kristdemokraterna.se\\\/kumla\\\/textsida-med-vanster-sidebar\\\/politiker\\\/#breadcrumb\"},\"inLanguage\":\"sv-SE\",\"potentialAction\":[{\"@type\":\"ReadAction\",\"target\":[\"https:\\\/\\\/wp.kristdemokraterna.se\\\/kumla\\\/textsida-med-vanster-sidebar\\\/politiker\\\/\"]}]},{\"@type\":\"ImageObject\",\"inLanguage\":\"sv-SE\",\"@id\":\"https:\\\/\\\/wp.kristdemokraterna.se\\\/kumla\\\/textsida-med-vanster-sidebar\\\/politiker\\\/#primaryimage\",\"url\":\"\",\"contentUrl\":\"\"},{\"@type\":\"BreadcrumbList\",\"@id\":\"https:\\\/\\\/wp.kristdemokraterna.se\\\/kumla\\\/textsida-med-vanster-sidebar\\\/politiker\\\/#breadcrumb\",\"itemListElement\":[{\"@type\":\"ListItem\",\"position\":1,\"name\":\"Hem\",\"item\":\"https:\\\/\\\/wp.kristdemokraterna.se\\\/kumla\\\/\"},{\"@type\":\"ListItem\",\"position\":2,\"name\":\"V\u00e5r partiavdelning\",\"item\":\"https:\\\/\\\/wp.kristdemokraterna.se\\\/kumla\\\/textsida-med-vanster-sidebar\\\/\"},{\"@type\":\"ListItem\",\"position\":3,\"name\":\"Politiker\"}]},{\"@type\":\"WebSite\",\"@id\":\"https:\\\/\\\/wp.kristdemokraterna.se\\\/kumla\\\/#website\",\"url\":\"https:\\\/\\\/wp.kristdemokraterna.se\\\/kumla\\\/\",\"name\":\"Kristdemokraterna - Kumla\",\"description\":\"En till Kristdemokraterna webbplats\",\"inLanguage\":\"sv-SE\"}]}<\/script>\n<!-- \/ Yoast SEO plugin. -->","yoast_head_json":{"title":"Politiker - Kristdemokraterna - Kumla","robots":{"index":"index","follow":"follow","max-snippet":"max-snippet:-1","max-image-preview":"max-image-preview:large","max-video-preview":"max-video-preview:-1"},"canonical":"https:\/\/wp.kristdemokraterna.se\/kumla\/textsida-med-vanster-sidebar\/politiker\/","og_locale":"sv_SE","og_type":"article","og_title":"Politiker - Kristdemokraterna - Kumla","og_description":"H\u00e4r \u00e4r v\u00e5ra aktiva politiker som verkar f\u00f6r Kristdemokraterna i Kumla","og_url":"https:\/\/wp.kristdemokraterna.se\/kumla\/textsida-med-vanster-sidebar\/politiker\/","og_site_name":"Kristdemokraterna - Kumla","article_modified_time":"2025-02-11T15:27:12+00:00","twitter_card":"summary_large_image","twitter_misc":{"Ber\u00e4knad l\u00e4stid":"1 minut"},"schema":{"@context":"https:\/\/schema.org","@graph":[{"@type":"WebPage","@id":"https:\/\/wp.kristdemokraterna.se\/kumla\/textsida-med-vanster-sidebar\/politiker\/","url":"https:\/\/wp.kristdemokraterna.se\/kumla\/textsida-med-vanster-sidebar\/politiker\/","name":"Politiker - Kristdemokraterna - Kumla","isPartOf":{"@id":"https:\/\/wp.kristdemokraterna.se\/kumla\/#website"},"primaryImageOfPage":{"@id":"https:\/\/wp.kristdemokraterna.se\/kumla\/textsida-med-vanster-sidebar\/politiker\/#primaryimage"},"image":{"@id":"https:\/\/wp.kristdemokraterna.se\/kumla\/textsida-med-vanster-sidebar\/politiker\/#primaryimage"},"thumbnailUrl":"","datePublished":"2025-02-11T08:55:42+00:00","dateModified":"2025-02-11T15:27:12+00:00","breadcrumb":{"@id":"https:\/\/wp.kristdemokraterna.se\/kumla\/textsida-med-vanster-sidebar\/politiker\/#breadcrumb"},"inLanguage":"sv-SE","potentialAction":[{"@type":"ReadAction","target":["https:\/\/wp.kristdemokraterna.se\/kumla\/textsida-med-vanster-sidebar\/politiker\/"]}]},{"@type":"ImageObject","inLanguage":"sv-SE","@id":"https:\/\/wp.kristdemokraterna.se\/kumla\/textsida-med-vanster-sidebar\/politiker\/#primaryimage","url":"","contentUrl":""},{"@type":"BreadcrumbList","@id":"https:\/\/wp.kristdemokraterna.se\/kumla\/textsida-med-vanster-sidebar\/politiker\/#breadcrumb","itemListElement":[{"@type":"ListItem","position":1,"name":"Hem","item":"https:\/\/wp.kristdemokraterna.se\/kumla\/"},{"@type":"ListItem","position":2,"name":"V\u00e5r partiavdelning","item":"https:\/\/wp.kristdemokraterna.se\/kumla\/textsida-med-vanster-sidebar\/"},{"@type":"ListItem","position":3,"name":"Politiker"}]},{"@type":"WebSite","@id":"https:\/\/wp.kristdemokraterna.se\/kumla\/#website","url":"https:\/\/wp.kristdemokraterna.se\/kumla\/","name":"Kristdemokraterna - Kumla","description":"En till Kristdemokraterna webbplats","inLanguage":"sv-SE"}]}},"_links":{"self":[{"href":"https:\/\/wp.kristdemokraterna.se\/kumla\/wp-json\/wp\/v2\/pages\/683","targetHints":{"allow":["GET"]}}],"collection":[{"href":"https:\/\/wp.kristdemokraterna.se\/kumla\/wp-json\/wp\/v2\/pages"}],"about":[{"href":"https:\/\/wp.kristdemokraterna.se\/kumla\/wp-json\/wp\/v2\/types\/page"}],"author":[{"embeddable":true,"href":"https:\/\/wp.kristdemokraterna.se\/kumla\/wp-json\/wp\/v2\/users\/457"}],"replies":[{"embeddable":true,"href":"https:\/\/wp.kristdemokraterna.se\/kumla\/wp-json\/wp\/v2\/comments?post=683"}],"version-history":[{"count":1,"href":"https:\/\/wp.kristdemokraterna.se\/kumla\/wp-json\/wp\/v2\/pages\/683\/revisions"}],"predecessor-version":[{"id":684,"href":"https:\/\/wp.kristdemokraterna.se\/kumla\/wp-json\/wp\/v2\/pages\/683\/revisions\/684"}],"up":[{"embeddable":true,"href":"https:\/\/wp.kristdemokraterna.se\/kumla\/wp-json\/wp\/v2\/pages\/269"}],"wp:featuredmedia":[{"embeddable":true,"href":"https:\/\/wp.kristdemokraterna.se\/kumla\/wp-json\/wp\/v2\/posts\/714"}],"wp:attachment":[{"href":"https:\/\/wp.kristdemokraterna.se\/kumla\/wp-json\/wp\/v2\/media?parent=683"}],"curies":[{"name":"wp","href":"https:\/\/api.w.org\/{rel}","templated":true}]}}