{"id":1395,"date":"2022-02-15T15:08:52","date_gmt":"2022-02-15T14:08:52","guid":{"rendered":"https:\/\/wp.kristdemokraterna.se\/laxa\/?page_id=1395"},"modified":"2022-06-16T14:10:43","modified_gmt":"2022-06-16T12:10:43","slug":"kristdemokratisk-politik","status":"publish","type":"page","link":"https:\/\/wp.kristdemokraterna.se\/laxa\/kristdemokratisk-politik\/","title":{"rendered":"Kristdemokratisk politik"},"content":{"rendered":"<p><img loading=\"lazy\" decoding=\"async\" class=\"alignnone size-full wp-image-1398\" src=\"http:\/\/wp.kristdemokraterna.se\/laxa\/files\/2022\/02\/familjebild_770-770x390-1.jpg\" alt=\"\" width=\"770\" height=\"390\" srcset=\"https:\/\/wp.kristdemokraterna.se\/laxa\/files\/2022\/02\/familjebild_770-770x390-1.jpg 770w, https:\/\/wp.kristdemokraterna.se\/laxa\/files\/2022\/02\/familjebild_770-770x390-1-300x152.jpg 300w, https:\/\/wp.kristdemokraterna.se\/laxa\/files\/2022\/02\/familjebild_770-770x390-1-540x274.jpg 540w, https:\/\/wp.kristdemokraterna.se\/laxa\/files\/2022\/02\/familjebild_770-770x390-1-768x389.jpg 768w, https:\/\/wp.kristdemokraterna.se\/laxa\/files\/2022\/02\/familjebild_770-770x390-1-576x292.jpg 576w, https:\/\/wp.kristdemokraterna.se\/laxa\/files\/2022\/02\/familjebild_770-770x390-1-186x94.jpg 186w\" sizes=\"auto, (max-width: 770px) 100vw, 770px\" \/><\/p>\n<p>L\u00e4s mer om Kristdemokratisk politik p\u00e5 nedan sida:<br \/>\n<a href=\"https:\/\/kristdemokraterna.se\/var-politik\/\">https:\/\/kristdemokraterna.se\/var-politik\/<\/a><\/p>\n<p>&nbsp;<\/p>\n","protected":false},"excerpt":{"rendered":"<p>L\u00e4s mer om Kristdemokratisk politik p\u00e5 nedan sida: https:\/\/kristdemokraterna.se\/var-politik\/ &nbsp;<\/p>\n","protected":false},"author":553,"featured_media":0,"parent":0,"menu_order":5,"comment_status":"closed","ping_status":"closed","template":"","meta":{"_acf_changed":false,"footnotes":""},"class_list":["post-1395","page","type-page","status-publish","hentry"],"acf":[],"yoast_head":"<!-- This site is optimized with the Yoast SEO plugin v27.4 - https:\/\/yoast.com\/product\/yoast-seo-wordpress\/ -->\n<title>Kristdemokratisk politik - Lax\u00e5<\/title>\n<meta name=\"robots\" content=\"index, follow, max-snippet:-1, max-image-preview:large, max-video-preview:-1\" \/>\n<link rel=\"canonical\" href=\"https:\/\/wp.kristdemokraterna.se\/laxa\/kristdemokratisk-politik\/\" \/>\n<meta property=\"og:locale\" content=\"sv_SE\" \/>\n<meta property=\"og:type\" content=\"article\" \/>\n<meta property=\"og:title\" content=\"Kristdemokratisk politik - Lax\u00e5\" \/>\n<meta property=\"og:description\" content=\"L\u00e4s mer om Kristdemokratisk politik p\u00e5 nedan sida: https:\/\/kristdemokraterna.se\/var-politik\/ &nbsp;\" \/>\n<meta property=\"og:url\" content=\"https:\/\/wp.kristdemokraterna.se\/laxa\/kristdemokratisk-politik\/\" \/>\n<meta property=\"og:site_name\" content=\"Lax\u00e5\" \/>\n<meta property=\"article:modified_time\" content=\"2022-06-16T12:10:43+00:00\" \/>\n<meta property=\"og:image\" content=\"http:\/\/wp.kristdemokraterna.se\/laxa\/files\/2022\/02\/familjebild_770-770x390-1.jpg\" \/>\n<meta name=\"twitter:card\" content=\"summary_large_image\" \/>\n<meta name=\"twitter:label1\" content=\"Ber\u00e4knad l\u00e4stid\" \/>\n\t<meta name=\"twitter:data1\" content=\"1 minut\" \/>\n<script type=\"application\/ld+json\" class=\"yoast-schema-graph\">{\"@context\":\"https:\\\/\\\/schema.org\",\"@graph\":[{\"@type\":\"WebPage\",\"@id\":\"https:\\\/\\\/wp.kristdemokraterna.se\\\/laxa\\\/kristdemokratisk-politik\\\/\",\"url\":\"https:\\\/\\\/wp.kristdemokraterna.se\\\/laxa\\\/kristdemokratisk-politik\\\/\",\"name\":\"Kristdemokratisk politik - Lax\u00e5\",\"isPartOf\":{\"@id\":\"https:\\\/\\\/wp.kristdemokraterna.se\\\/laxa\\\/#website\"},\"primaryImageOfPage\":{\"@id\":\"https:\\\/\\\/wp.kristdemokraterna.se\\\/laxa\\\/kristdemokratisk-politik\\\/#primaryimage\"},\"image\":{\"@id\":\"https:\\\/\\\/wp.kristdemokraterna.se\\\/laxa\\\/kristdemokratisk-politik\\\/#primaryimage\"},\"thumbnailUrl\":\"http:\\\/\\\/wp.kristdemokraterna.se\\\/laxa\\\/files\\\/2022\\\/02\\\/familjebild_770-770x390-1.jpg\",\"datePublished\":\"2022-02-15T14:08:52+00:00\",\"dateModified\":\"2022-06-16T12:10:43+00:00\",\"breadcrumb\":{\"@id\":\"https:\\\/\\\/wp.kristdemokraterna.se\\\/laxa\\\/kristdemokratisk-politik\\\/#breadcrumb\"},\"inLanguage\":\"sv-SE\",\"potentialAction\":[{\"@type\":\"ReadAction\",\"target\":[\"https:\\\/\\\/wp.kristdemokraterna.se\\\/laxa\\\/kristdemokratisk-politik\\\/\"]}]},{\"@type\":\"ImageObject\",\"inLanguage\":\"sv-SE\",\"@id\":\"https:\\\/\\\/wp.kristdemokraterna.se\\\/laxa\\\/kristdemokratisk-politik\\\/#primaryimage\",\"url\":\"http:\\\/\\\/wp.kristdemokraterna.se\\\/laxa\\\/files\\\/2022\\\/02\\\/familjebild_770-770x390-1.jpg\",\"contentUrl\":\"http:\\\/\\\/wp.kristdemokraterna.se\\\/laxa\\\/files\\\/2022\\\/02\\\/familjebild_770-770x390-1.jpg\"},{\"@type\":\"BreadcrumbList\",\"@id\":\"https:\\\/\\\/wp.kristdemokraterna.se\\\/laxa\\\/kristdemokratisk-politik\\\/#breadcrumb\",\"itemListElement\":[{\"@type\":\"ListItem\",\"position\":1,\"name\":\"Hem\",\"item\":\"https:\\\/\\\/wp.kristdemokraterna.se\\\/laxa\\\/\"},{\"@type\":\"ListItem\",\"position\":2,\"name\":\"Kristdemokratisk politik\"}]},{\"@type\":\"WebSite\",\"@id\":\"https:\\\/\\\/wp.kristdemokraterna.se\\\/laxa\\\/#website\",\"url\":\"https:\\\/\\\/wp.kristdemokraterna.se\\\/laxa\\\/\",\"name\":\"Lax\u00e5\",\"description\":\"En till Kristdemokraterna webbplats\",\"inLanguage\":\"sv-SE\"}]}<\/script>\n<!-- \/ Yoast SEO plugin. -->","yoast_head_json":{"title":"Kristdemokratisk politik - Lax\u00e5","robots":{"index":"index","follow":"follow","max-snippet":"max-snippet:-1","max-image-preview":"max-image-preview:large","max-video-preview":"max-video-preview:-1"},"canonical":"https:\/\/wp.kristdemokraterna.se\/laxa\/kristdemokratisk-politik\/","og_locale":"sv_SE","og_type":"article","og_title":"Kristdemokratisk politik - Lax\u00e5","og_description":"L\u00e4s mer om Kristdemokratisk politik p\u00e5 nedan sida: https:\/\/kristdemokraterna.se\/var-politik\/ &nbsp;","og_url":"https:\/\/wp.kristdemokraterna.se\/laxa\/kristdemokratisk-politik\/","og_site_name":"Lax\u00e5","article_modified_time":"2022-06-16T12:10:43+00:00","og_image":[{"url":"http:\/\/wp.kristdemokraterna.se\/laxa\/files\/2022\/02\/familjebild_770-770x390-1.jpg","type":"","width":"","height":""}],"twitter_card":"summary_large_image","twitter_misc":{"Ber\u00e4knad l\u00e4stid":"1 minut"},"schema":{"@context":"https:\/\/schema.org","@graph":[{"@type":"WebPage","@id":"https:\/\/wp.kristdemokraterna.se\/laxa\/kristdemokratisk-politik\/","url":"https:\/\/wp.kristdemokraterna.se\/laxa\/kristdemokratisk-politik\/","name":"Kristdemokratisk politik - Lax\u00e5","isPartOf":{"@id":"https:\/\/wp.kristdemokraterna.se\/laxa\/#website"},"primaryImageOfPage":{"@id":"https:\/\/wp.kristdemokraterna.se\/laxa\/kristdemokratisk-politik\/#primaryimage"},"image":{"@id":"https:\/\/wp.kristdemokraterna.se\/laxa\/kristdemokratisk-politik\/#primaryimage"},"thumbnailUrl":"http:\/\/wp.kristdemokraterna.se\/laxa\/files\/2022\/02\/familjebild_770-770x390-1.jpg","datePublished":"2022-02-15T14:08:52+00:00","dateModified":"2022-06-16T12:10:43+00:00","breadcrumb":{"@id":"https:\/\/wp.kristdemokraterna.se\/laxa\/kristdemokratisk-politik\/#breadcrumb"},"inLanguage":"sv-SE","potentialAction":[{"@type":"ReadAction","target":["https:\/\/wp.kristdemokraterna.se\/laxa\/kristdemokratisk-politik\/"]}]},{"@type":"ImageObject","inLanguage":"sv-SE","@id":"https:\/\/wp.kristdemokraterna.se\/laxa\/kristdemokratisk-politik\/#primaryimage","url":"http:\/\/wp.kristdemokraterna.se\/laxa\/files\/2022\/02\/familjebild_770-770x390-1.jpg","contentUrl":"http:\/\/wp.kristdemokraterna.se\/laxa\/files\/2022\/02\/familjebild_770-770x390-1.jpg"},{"@type":"BreadcrumbList","@id":"https:\/\/wp.kristdemokraterna.se\/laxa\/kristdemokratisk-politik\/#breadcrumb","itemListElement":[{"@type":"ListItem","position":1,"name":"Hem","item":"https:\/\/wp.kristdemokraterna.se\/laxa\/"},{"@type":"ListItem","position":2,"name":"Kristdemokratisk politik"}]},{"@type":"WebSite","@id":"https:\/\/wp.kristdemokraterna.se\/laxa\/#website","url":"https:\/\/wp.kristdemokraterna.se\/laxa\/","name":"Lax\u00e5","description":"En till Kristdemokraterna webbplats","inLanguage":"sv-SE"}]}},"_links":{"self":[{"href":"https:\/\/wp.kristdemokraterna.se\/laxa\/wp-json\/wp\/v2\/pages\/1395","targetHints":{"allow":["GET"]}}],"collection":[{"href":"https:\/\/wp.kristdemokraterna.se\/laxa\/wp-json\/wp\/v2\/pages"}],"about":[{"href":"https:\/\/wp.kristdemokraterna.se\/laxa\/wp-json\/wp\/v2\/types\/page"}],"author":[{"embeddable":true,"href":"https:\/\/wp.kristdemokraterna.se\/laxa\/wp-json\/wp\/v2\/users\/553"}],"replies":[{"embeddable":true,"href":"https:\/\/wp.kristdemokraterna.se\/laxa\/wp-json\/wp\/v2\/comments?post=1395"}],"version-history":[{"count":3,"href":"https:\/\/wp.kristdemokraterna.se\/laxa\/wp-json\/wp\/v2\/pages\/1395\/revisions"}],"predecessor-version":[{"id":1399,"href":"https:\/\/wp.kristdemokraterna.se\/laxa\/wp-json\/wp\/v2\/pages\/1395\/revisions\/1399"}],"wp:attachment":[{"href":"https:\/\/wp.kristdemokraterna.se\/laxa\/wp-json\/wp\/v2\/media?parent=1395"}],"curies":[{"name":"wp","href":"https:\/\/api.w.org\/{rel}","templated":true}]}}