{"id":1726,"date":"2026-02-04T19:24:13","date_gmt":"2026-02-04T18:24:13","guid":{"rendered":"https:\/\/wp.kristdemokraterna.se\/laxa\/?page_id=1726"},"modified":"2026-02-04T19:26:21","modified_gmt":"2026-02-04T18:26:21","slug":"val-2026","status":"publish","type":"page","link":"https:\/\/wp.kristdemokraterna.se\/laxa\/val-2026\/","title":{"rendered":"Val 2026"},"content":{"rendered":"<p><img loading=\"lazy\" decoding=\"async\" class=\"alignleft size-thumbnail wp-image-1474\" src=\"http:\/\/wp.kristdemokraterna.se\/laxa\/files\/2022\/07\/ivonne-falk-150x150.jpg\" alt=\"\" width=\"150\" height=\"150\" \/><br \/>\nV\u00e5r valsedel med de namn som kandiderar till kommunfullm\u00e4ktige och v\u00e5rt valprogram f\u00f6r den kommande mandatperioden kommer att presenteras efter v\u00e5rt \u00e5rsm\u00f6te den 9 februari.<br \/>\nVill du vara med i att skapa en b\u00e4ttre kommun f\u00f6r alla inv\u00e5nare &#8211; ta kontakt med mig s\u00e5 snart du kan!<br \/>\nVi \u00e5terkommer till denna sida snart.<\/p>\n","protected":false},"excerpt":{"rendered":"<p>V\u00e5r valsedel med de namn som kandiderar till kommunfullm\u00e4ktige och v\u00e5rt valprogram f\u00f6r den kommande mandatperioden kommer att presenteras efter v\u00e5rt \u00e5rsm\u00f6te den 9 februari. Vill du vara med i att skapa en b\u00e4ttre kommun f\u00f6r alla inv\u00e5nare &#8211; ta kontakt med mig s\u00e5 snart du kan! Vi \u00e5terkommer till denna sida snart.<\/p>\n","protected":false},"author":553,"featured_media":0,"parent":0,"menu_order":0,"comment_status":"closed","ping_status":"closed","template":"","meta":{"_acf_changed":false,"footnotes":""},"class_list":["post-1726","page","type-page","status-publish","hentry"],"acf":[],"yoast_head":"<!-- This site is optimized with the Yoast SEO plugin v27.3 - https:\/\/yoast.com\/product\/yoast-seo-wordpress\/ -->\n<title>Val 2026 - Lax\u00e5<\/title>\n<meta name=\"robots\" content=\"index, follow, max-snippet:-1, max-image-preview:large, max-video-preview:-1\" \/>\n<link rel=\"canonical\" href=\"https:\/\/wp.kristdemokraterna.se\/laxa\/val-2026\/\" \/>\n<meta property=\"og:locale\" content=\"sv_SE\" \/>\n<meta property=\"og:type\" content=\"article\" \/>\n<meta property=\"og:title\" content=\"Val 2026 - Lax\u00e5\" \/>\n<meta property=\"og:description\" content=\"V\u00e5r valsedel med de namn som kandiderar till kommunfullm\u00e4ktige och v\u00e5rt valprogram f\u00f6r den kommande mandatperioden kommer att presenteras efter v\u00e5rt \u00e5rsm\u00f6te den 9 februari. Vill du vara med i att skapa en b\u00e4ttre kommun f\u00f6r alla inv\u00e5nare &#8211; ta kontakt med mig s\u00e5 snart du kan! Vi \u00e5terkommer till denna sida snart.\" \/>\n<meta property=\"og:url\" content=\"https:\/\/wp.kristdemokraterna.se\/laxa\/val-2026\/\" \/>\n<meta property=\"og:site_name\" content=\"Lax\u00e5\" \/>\n<meta property=\"article:modified_time\" content=\"2026-02-04T18:26:21+00:00\" \/>\n<meta property=\"og:image\" content=\"https:\/\/wp.kristdemokraterna.se\/laxa\/files\/2022\/07\/ivonne-falk.jpg\" \/>\n\t<meta property=\"og:image:width\" content=\"1500\" \/>\n\t<meta property=\"og:image:height\" content=\"2000\" \/>\n\t<meta property=\"og:image:type\" content=\"image\/jpeg\" \/>\n<meta name=\"twitter:card\" content=\"summary_large_image\" \/>\n<meta name=\"twitter:label1\" content=\"Ber\u00e4knad l\u00e4stid\" \/>\n\t<meta name=\"twitter:data1\" content=\"1 minut\" \/>\n<script type=\"application\/ld+json\" class=\"yoast-schema-graph\">{\"@context\":\"https:\\\/\\\/schema.org\",\"@graph\":[{\"@type\":\"WebPage\",\"@id\":\"https:\\\/\\\/wp.kristdemokraterna.se\\\/laxa\\\/val-2026\\\/\",\"url\":\"https:\\\/\\\/wp.kristdemokraterna.se\\\/laxa\\\/val-2026\\\/\",\"name\":\"Val 2026 - Lax\u00e5\",\"isPartOf\":{\"@id\":\"https:\\\/\\\/wp.kristdemokraterna.se\\\/laxa\\\/#website\"},\"primaryImageOfPage\":{\"@id\":\"https:\\\/\\\/wp.kristdemokraterna.se\\\/laxa\\\/val-2026\\\/#primaryimage\"},\"image\":{\"@id\":\"https:\\\/\\\/wp.kristdemokraterna.se\\\/laxa\\\/val-2026\\\/#primaryimage\"},\"thumbnailUrl\":\"http:\\\/\\\/wp.kristdemokraterna.se\\\/laxa\\\/files\\\/2022\\\/07\\\/ivonne-falk-150x150.jpg\",\"datePublished\":\"2026-02-04T18:24:13+00:00\",\"dateModified\":\"2026-02-04T18:26:21+00:00\",\"breadcrumb\":{\"@id\":\"https:\\\/\\\/wp.kristdemokraterna.se\\\/laxa\\\/val-2026\\\/#breadcrumb\"},\"inLanguage\":\"sv-SE\",\"potentialAction\":[{\"@type\":\"ReadAction\",\"target\":[\"https:\\\/\\\/wp.kristdemokraterna.se\\\/laxa\\\/val-2026\\\/\"]}]},{\"@type\":\"ImageObject\",\"inLanguage\":\"sv-SE\",\"@id\":\"https:\\\/\\\/wp.kristdemokraterna.se\\\/laxa\\\/val-2026\\\/#primaryimage\",\"url\":\"http:\\\/\\\/wp.kristdemokraterna.se\\\/laxa\\\/files\\\/2022\\\/07\\\/ivonne-falk-150x150.jpg\",\"contentUrl\":\"http:\\\/\\\/wp.kristdemokraterna.se\\\/laxa\\\/files\\\/2022\\\/07\\\/ivonne-falk-150x150.jpg\"},{\"@type\":\"BreadcrumbList\",\"@id\":\"https:\\\/\\\/wp.kristdemokraterna.se\\\/laxa\\\/val-2026\\\/#breadcrumb\",\"itemListElement\":[{\"@type\":\"ListItem\",\"position\":1,\"name\":\"Hem\",\"item\":\"https:\\\/\\\/wp.kristdemokraterna.se\\\/laxa\\\/\"},{\"@type\":\"ListItem\",\"position\":2,\"name\":\"Val 2026\"}]},{\"@type\":\"WebSite\",\"@id\":\"https:\\\/\\\/wp.kristdemokraterna.se\\\/laxa\\\/#website\",\"url\":\"https:\\\/\\\/wp.kristdemokraterna.se\\\/laxa\\\/\",\"name\":\"Lax\u00e5\",\"description\":\"En till Kristdemokraterna webbplats\",\"inLanguage\":\"sv-SE\"}]}<\/script>\n<!-- \/ Yoast SEO plugin. -->","yoast_head_json":{"title":"Val 2026 - Lax\u00e5","robots":{"index":"index","follow":"follow","max-snippet":"max-snippet:-1","max-image-preview":"max-image-preview:large","max-video-preview":"max-video-preview:-1"},"canonical":"https:\/\/wp.kristdemokraterna.se\/laxa\/val-2026\/","og_locale":"sv_SE","og_type":"article","og_title":"Val 2026 - Lax\u00e5","og_description":"V\u00e5r valsedel med de namn som kandiderar till kommunfullm\u00e4ktige och v\u00e5rt valprogram f\u00f6r den kommande mandatperioden kommer att presenteras efter v\u00e5rt \u00e5rsm\u00f6te den 9 februari. Vill du vara med i att skapa en b\u00e4ttre kommun f\u00f6r alla inv\u00e5nare &#8211; ta kontakt med mig s\u00e5 snart du kan! Vi \u00e5terkommer till denna sida snart.","og_url":"https:\/\/wp.kristdemokraterna.se\/laxa\/val-2026\/","og_site_name":"Lax\u00e5","article_modified_time":"2026-02-04T18:26:21+00:00","og_image":[{"width":1500,"height":2000,"url":"https:\/\/wp.kristdemokraterna.se\/laxa\/files\/2022\/07\/ivonne-falk.jpg","type":"image\/jpeg"}],"twitter_card":"summary_large_image","twitter_misc":{"Ber\u00e4knad l\u00e4stid":"1 minut"},"schema":{"@context":"https:\/\/schema.org","@graph":[{"@type":"WebPage","@id":"https:\/\/wp.kristdemokraterna.se\/laxa\/val-2026\/","url":"https:\/\/wp.kristdemokraterna.se\/laxa\/val-2026\/","name":"Val 2026 - Lax\u00e5","isPartOf":{"@id":"https:\/\/wp.kristdemokraterna.se\/laxa\/#website"},"primaryImageOfPage":{"@id":"https:\/\/wp.kristdemokraterna.se\/laxa\/val-2026\/#primaryimage"},"image":{"@id":"https:\/\/wp.kristdemokraterna.se\/laxa\/val-2026\/#primaryimage"},"thumbnailUrl":"http:\/\/wp.kristdemokraterna.se\/laxa\/files\/2022\/07\/ivonne-falk-150x150.jpg","datePublished":"2026-02-04T18:24:13+00:00","dateModified":"2026-02-04T18:26:21+00:00","breadcrumb":{"@id":"https:\/\/wp.kristdemokraterna.se\/laxa\/val-2026\/#breadcrumb"},"inLanguage":"sv-SE","potentialAction":[{"@type":"ReadAction","target":["https:\/\/wp.kristdemokraterna.se\/laxa\/val-2026\/"]}]},{"@type":"ImageObject","inLanguage":"sv-SE","@id":"https:\/\/wp.kristdemokraterna.se\/laxa\/val-2026\/#primaryimage","url":"http:\/\/wp.kristdemokraterna.se\/laxa\/files\/2022\/07\/ivonne-falk-150x150.jpg","contentUrl":"http:\/\/wp.kristdemokraterna.se\/laxa\/files\/2022\/07\/ivonne-falk-150x150.jpg"},{"@type":"BreadcrumbList","@id":"https:\/\/wp.kristdemokraterna.se\/laxa\/val-2026\/#breadcrumb","itemListElement":[{"@type":"ListItem","position":1,"name":"Hem","item":"https:\/\/wp.kristdemokraterna.se\/laxa\/"},{"@type":"ListItem","position":2,"name":"Val 2026"}]},{"@type":"WebSite","@id":"https:\/\/wp.kristdemokraterna.se\/laxa\/#website","url":"https:\/\/wp.kristdemokraterna.se\/laxa\/","name":"Lax\u00e5","description":"En till Kristdemokraterna webbplats","inLanguage":"sv-SE"}]}},"_links":{"self":[{"href":"https:\/\/wp.kristdemokraterna.se\/laxa\/wp-json\/wp\/v2\/pages\/1726","targetHints":{"allow":["GET"]}}],"collection":[{"href":"https:\/\/wp.kristdemokraterna.se\/laxa\/wp-json\/wp\/v2\/pages"}],"about":[{"href":"https:\/\/wp.kristdemokraterna.se\/laxa\/wp-json\/wp\/v2\/types\/page"}],"author":[{"embeddable":true,"href":"https:\/\/wp.kristdemokraterna.se\/laxa\/wp-json\/wp\/v2\/users\/553"}],"replies":[{"embeddable":true,"href":"https:\/\/wp.kristdemokraterna.se\/laxa\/wp-json\/wp\/v2\/comments?post=1726"}],"version-history":[{"count":2,"href":"https:\/\/wp.kristdemokraterna.se\/laxa\/wp-json\/wp\/v2\/pages\/1726\/revisions"}],"predecessor-version":[{"id":1728,"href":"https:\/\/wp.kristdemokraterna.se\/laxa\/wp-json\/wp\/v2\/pages\/1726\/revisions\/1728"}],"wp:attachment":[{"href":"https:\/\/wp.kristdemokraterna.se\/laxa\/wp-json\/wp\/v2\/media?parent=1726"}],"curies":[{"name":"wp","href":"https:\/\/api.w.org\/{rel}","templated":true}]}}