{"id":1447,"date":"2022-06-16T14:10:30","date_gmt":"2022-06-16T12:10:30","guid":{"rendered":"https:\/\/wp.kristdemokraterna.se\/laxa\/?page_id=1447"},"modified":"2022-08-16T13:09:10","modified_gmt":"2022-08-16T11:09:10","slug":"jan-wallgren-kandidat-till-kommunfullmaktige","status":"publish","type":"page","link":"https:\/\/wp.kristdemokraterna.se\/laxa2\/kandidater-l-till-kommunfullmaktige\/jan-wallgren-kandidat-till-kommunfullmaktige\/","title":{"rendered":"25. Jan Wallgren &#8211; kandidat till Kommunfullm\u00e4ktige"},"content":{"rendered":"<p><img loading=\"lazy\" decoding=\"async\" class=\"wp-image-1448 size-medium alignleft\" src=\"https:\/\/wp.kristdemokraterna.se\/laxa2\/files\/2022\/06\/jan-wallgren-2018-laxa\u2560e-010-240x300.jpg\" alt=\"\" width=\"240\" height=\"300\" srcset=\"https:\/\/wp.kristdemokraterna.se\/laxa2\/files\/2022\/06\/jan-wallgren-2018-laxa\u2560e-010-240x300.jpg 240w, https:\/\/wp.kristdemokraterna.se\/laxa2\/files\/2022\/06\/jan-wallgren-2018-laxa\u2560e-010-819x1024.jpg 819w, https:\/\/wp.kristdemokraterna.se\/laxa2\/files\/2022\/06\/jan-wallgren-2018-laxa\u2560e-010-768x960.jpg 768w, https:\/\/wp.kristdemokraterna.se\/laxa2\/files\/2022\/06\/jan-wallgren-2018-laxa\u2560e-010-1229x1536.jpg 1229w, https:\/\/wp.kristdemokraterna.se\/laxa2\/files\/2022\/06\/jan-wallgren-2018-laxa\u2560e-010-160x200.jpg 160w, https:\/\/wp.kristdemokraterna.se\/laxa2\/files\/2022\/06\/jan-wallgren-2018-laxa\u2560e-010-370x463.jpg 370w, https:\/\/wp.kristdemokraterna.se\/laxa2\/files\/2022\/06\/jan-wallgren-2018-laxa\u2560e-010-770x963.jpg 770w, https:\/\/wp.kristdemokraterna.se\/laxa2\/files\/2022\/06\/jan-wallgren-2018-laxa\u2560e-010-450x563.jpg 450w, https:\/\/wp.kristdemokraterna.se\/laxa2\/files\/2022\/06\/jan-wallgren-2018-laxa\u2560e-010-280x350.jpg 280w, https:\/\/wp.kristdemokraterna.se\/laxa2\/files\/2022\/06\/jan-wallgren-2018-laxa\u2560e-010-340x425.jpg 340w, https:\/\/wp.kristdemokraterna.se\/laxa2\/files\/2022\/06\/jan-wallgren-2018-laxa\u2560e-010-45x56.jpg 45w, https:\/\/wp.kristdemokraterna.se\/laxa2\/files\/2022\/06\/jan-wallgren-2018-laxa\u2560e-010.jpg 1600w\" sizes=\"auto, (max-width: 240px) 100vw, 240px\" \/><\/p>\n<p><strong>Namn: Jan Wallgren<br \/>\n<\/strong><strong>\u00c5lder:\u00a0 \u00a050+\u00a0<\/strong><br \/>\n<strong>Civilst\u00e5nd: Gift<br \/>\nYrke: Pr\u00e4st<\/strong><\/p>\n<p>Jag heter Janne Wallgren och bor i Hasselfors med familj d\u00e4r vi stortrivs.<\/p>\n<p>Jag jobbar som pr\u00e4st i Svenska kyrkan. Jag har tidigare arbetat flera \u00e5r i tunnelbanan i Stockholm som vagnarbetare och rangerare.<\/p>\n<p>Jag tror mycket p\u00e5 Lax\u00e5 kommun och jag har sedan 2018 varit ledamot av kommunstyrelsen. Jag tror p\u00e5 kraften i f\u00f6rdjupad samverkan och att alla vi som bor i v\u00e5r fina kommun vill forts\u00e4tta tillsammans utveckla kommunen. Tillsammans med kommunbor,\u00a0 n\u00e4ringsliv och f\u00f6reningar vill vi i Kristdemokraterna forts\u00e4tta g\u00f6ra v\u00e5r hembygd starkare.<\/p>\n<p>Kristdemokraterna har b\u00f6rjat bygga ett b\u00e4ttre Lax\u00e5 sedan 2014 d\u00e4r ekonomin sanerats och kommunen utvecklats p\u00e5 m\u00e5nga plan. Vi hoppas att du vill ge oss f\u00f6rtroende att forts\u00e4tta bygga ett b\u00e4ttre Lax\u00e5.<\/p>\n<p>&nbsp;<\/p>\n","protected":false},"excerpt":{"rendered":"<p>Namn: Jan Wallgren \u00c5lder:\u00a0 \u00a050+\u00a0 Civilst\u00e5nd: Gift Yrke: Pr\u00e4st Jag heter Janne Wallgren och bor i Hasselfors med familj d\u00e4r vi stortrivs. Jag jobbar som pr\u00e4st i Svenska kyrkan. Jag har tidigare arbetat flera \u00e5r i tunnelbanan i Stockholm som vagnarbetare och rangerare. Jag tror mycket p\u00e5 Lax\u00e5 kommun och jag har sedan 2018 varit <a class=\"read-more-link\" href=\"https:\/\/wp.kristdemokraterna.se\/laxa2\/kandidater-l-till-kommunfullmaktige\/jan-wallgren-kandidat-till-kommunfullmaktige\/\">L\u00e4s mer<\/a><\/p>\n","protected":false},"author":444,"featured_media":714,"parent":1431,"menu_order":17,"comment_status":"closed","ping_status":"closed","template":"page.php","meta":{"_acf_changed":false,"footnotes":""},"class_list":["post-1447","page","type-page","status-publish","hentry"],"acf":[],"yoast_head":"<!-- This site is optimized with the Yoast SEO plugin v27.5 - https:\/\/yoast.com\/product\/yoast-seo-wordpress\/ -->\n<title>25. Jan Wallgren - kandidat till Kommunfullm\u00e4ktige - Kristdemokraterna | Lax\u00e5<\/title>\n<meta name=\"robots\" content=\"index, follow, max-snippet:-1, max-image-preview:large, max-video-preview:-1\" \/>\n<link rel=\"canonical\" href=\"https:\/\/wp.kristdemokraterna.se\/laxa2\/kandidater-l-till-kommunfullmaktige\/jan-wallgren-kandidat-till-kommunfullmaktige\/\" \/>\n<meta property=\"og:locale\" content=\"sv_SE\" \/>\n<meta property=\"og:type\" content=\"article\" \/>\n<meta property=\"og:title\" content=\"25. Jan Wallgren - kandidat till Kommunfullm\u00e4ktige - Kristdemokraterna | Lax\u00e5\" \/>\n<meta property=\"og:description\" content=\"Namn: Jan Wallgren \u00c5lder:\u00a0 \u00a050+\u00a0 Civilst\u00e5nd: Gift Yrke: Pr\u00e4st Jag heter Janne Wallgren och bor i Hasselfors med familj d\u00e4r vi stortrivs. Jag jobbar som pr\u00e4st i Svenska kyrkan. Jag har tidigare arbetat flera \u00e5r i tunnelbanan i Stockholm som vagnarbetare och rangerare. Jag tror mycket p\u00e5 Lax\u00e5 kommun och jag har sedan 2018 varit L\u00e4s mer\" \/>\n<meta property=\"og:url\" content=\"https:\/\/wp.kristdemokraterna.se\/laxa2\/kandidater-l-till-kommunfullmaktige\/jan-wallgren-kandidat-till-kommunfullmaktige\/\" \/>\n<meta property=\"og:site_name\" content=\"Kristdemokraterna | Lax\u00e5\" \/>\n<meta property=\"article:modified_time\" content=\"2022-08-16T11:09:10+00:00\" \/>\n<meta property=\"og:image\" content=\"https:\/\/wp.kristdemokraterna.se\/laxa2\/files\/2022\/06\/jan-wallgren-2018-laxa\u2560e-010-240x300.jpg\" \/>\n<meta name=\"twitter:card\" content=\"summary_large_image\" \/>\n<meta name=\"twitter:label1\" content=\"Ber\u00e4knad l\u00e4stid\" \/>\n\t<meta name=\"twitter:data1\" content=\"1 minut\" \/>\n<script type=\"application\/ld+json\" class=\"yoast-schema-graph\">{\"@context\":\"https:\\\/\\\/schema.org\",\"@graph\":[{\"@type\":\"WebPage\",\"@id\":\"https:\\\/\\\/wp.kristdemokraterna.se\\\/laxa2\\\/kandidater-l-till-kommunfullmaktige\\\/jan-wallgren-kandidat-till-kommunfullmaktige\\\/\",\"url\":\"https:\\\/\\\/wp.kristdemokraterna.se\\\/laxa2\\\/kandidater-l-till-kommunfullmaktige\\\/jan-wallgren-kandidat-till-kommunfullmaktige\\\/\",\"name\":\"25. Jan Wallgren - kandidat till Kommunfullm\u00e4ktige - Kristdemokraterna | Lax\u00e5\",\"isPartOf\":{\"@id\":\"https:\\\/\\\/wp.kristdemokraterna.se\\\/laxa2\\\/#website\"},\"primaryImageOfPage\":{\"@id\":\"https:\\\/\\\/wp.kristdemokraterna.se\\\/laxa2\\\/kandidater-l-till-kommunfullmaktige\\\/jan-wallgren-kandidat-till-kommunfullmaktige\\\/#primaryimage\"},\"image\":{\"@id\":\"https:\\\/\\\/wp.kristdemokraterna.se\\\/laxa2\\\/kandidater-l-till-kommunfullmaktige\\\/jan-wallgren-kandidat-till-kommunfullmaktige\\\/#primaryimage\"},\"thumbnailUrl\":\"https:\\\/\\\/wp.kristdemokraterna.se\\\/laxa2\\\/files\\\/2015\\\/01\\\/budget_2015.jpg\",\"datePublished\":\"2022-06-16T12:10:30+00:00\",\"dateModified\":\"2022-08-16T11:09:10+00:00\",\"breadcrumb\":{\"@id\":\"https:\\\/\\\/wp.kristdemokraterna.se\\\/laxa2\\\/kandidater-l-till-kommunfullmaktige\\\/jan-wallgren-kandidat-till-kommunfullmaktige\\\/#breadcrumb\"},\"inLanguage\":\"sv-SE\",\"potentialAction\":[{\"@type\":\"ReadAction\",\"target\":[\"https:\\\/\\\/wp.kristdemokraterna.se\\\/laxa2\\\/kandidater-l-till-kommunfullmaktige\\\/jan-wallgren-kandidat-till-kommunfullmaktige\\\/\"]}]},{\"@type\":\"ImageObject\",\"inLanguage\":\"sv-SE\",\"@id\":\"https:\\\/\\\/wp.kristdemokraterna.se\\\/laxa2\\\/kandidater-l-till-kommunfullmaktige\\\/jan-wallgren-kandidat-till-kommunfullmaktige\\\/#primaryimage\",\"url\":\"https:\\\/\\\/wp.kristdemokraterna.se\\\/laxa2\\\/files\\\/2015\\\/01\\\/budget_2015.jpg\",\"contentUrl\":\"https:\\\/\\\/wp.kristdemokraterna.se\\\/laxa2\\\/files\\\/2015\\\/01\\\/budget_2015.jpg\",\"width\":445,\"height\":625},{\"@type\":\"BreadcrumbList\",\"@id\":\"https:\\\/\\\/wp.kristdemokraterna.se\\\/laxa2\\\/kandidater-l-till-kommunfullmaktige\\\/jan-wallgren-kandidat-till-kommunfullmaktige\\\/#breadcrumb\",\"itemListElement\":[{\"@type\":\"ListItem\",\"position\":1,\"name\":\"Hem\",\"item\":\"https:\\\/\\\/wp.kristdemokraterna.se\\\/laxa2\\\/\"},{\"@type\":\"ListItem\",\"position\":2,\"name\":\"Kandidater till Kommunfullm\u00e4ktige\",\"item\":\"https:\\\/\\\/wp.kristdemokraterna.se\\\/laxa2\\\/kandidater-l-till-kommunfullmaktige\\\/\"},{\"@type\":\"ListItem\",\"position\":3,\"name\":\"25. Jan Wallgren &#8211; kandidat till Kommunfullm\u00e4ktige\"}]},{\"@type\":\"WebSite\",\"@id\":\"https:\\\/\\\/wp.kristdemokraterna.se\\\/laxa2\\\/#website\",\"url\":\"https:\\\/\\\/wp.kristdemokraterna.se\\\/laxa2\\\/\",\"name\":\"Kristdemokraterna | Lax\u00e5\",\"description\":\"En till Kristdemokraterna webbplats\",\"inLanguage\":\"sv-SE\"}]}<\/script>\n<!-- \/ Yoast SEO plugin. -->","yoast_head_json":{"title":"25. Jan Wallgren - kandidat till Kommunfullm\u00e4ktige - Kristdemokraterna | Lax\u00e5","robots":{"index":"index","follow":"follow","max-snippet":"max-snippet:-1","max-image-preview":"max-image-preview:large","max-video-preview":"max-video-preview:-1"},"canonical":"https:\/\/wp.kristdemokraterna.se\/laxa2\/kandidater-l-till-kommunfullmaktige\/jan-wallgren-kandidat-till-kommunfullmaktige\/","og_locale":"sv_SE","og_type":"article","og_title":"25. Jan Wallgren - kandidat till Kommunfullm\u00e4ktige - Kristdemokraterna | Lax\u00e5","og_description":"Namn: Jan Wallgren \u00c5lder:\u00a0 \u00a050+\u00a0 Civilst\u00e5nd: Gift Yrke: Pr\u00e4st Jag heter Janne Wallgren och bor i Hasselfors med familj d\u00e4r vi stortrivs. Jag jobbar som pr\u00e4st i Svenska kyrkan. Jag har tidigare arbetat flera \u00e5r i tunnelbanan i Stockholm som vagnarbetare och rangerare. Jag tror mycket p\u00e5 Lax\u00e5 kommun och jag har sedan 2018 varit L\u00e4s mer","og_url":"https:\/\/wp.kristdemokraterna.se\/laxa2\/kandidater-l-till-kommunfullmaktige\/jan-wallgren-kandidat-till-kommunfullmaktige\/","og_site_name":"Kristdemokraterna | Lax\u00e5","article_modified_time":"2022-08-16T11:09:10+00:00","og_image":[{"url":"https:\/\/wp.kristdemokraterna.se\/laxa2\/files\/2022\/06\/jan-wallgren-2018-laxa\u2560e-010-240x300.jpg","type":"","width":"","height":""}],"twitter_card":"summary_large_image","twitter_misc":{"Ber\u00e4knad l\u00e4stid":"1 minut"},"schema":{"@context":"https:\/\/schema.org","@graph":[{"@type":"WebPage","@id":"https:\/\/wp.kristdemokraterna.se\/laxa2\/kandidater-l-till-kommunfullmaktige\/jan-wallgren-kandidat-till-kommunfullmaktige\/","url":"https:\/\/wp.kristdemokraterna.se\/laxa2\/kandidater-l-till-kommunfullmaktige\/jan-wallgren-kandidat-till-kommunfullmaktige\/","name":"25. Jan Wallgren - kandidat till Kommunfullm\u00e4ktige - Kristdemokraterna | Lax\u00e5","isPartOf":{"@id":"https:\/\/wp.kristdemokraterna.se\/laxa2\/#website"},"primaryImageOfPage":{"@id":"https:\/\/wp.kristdemokraterna.se\/laxa2\/kandidater-l-till-kommunfullmaktige\/jan-wallgren-kandidat-till-kommunfullmaktige\/#primaryimage"},"image":{"@id":"https:\/\/wp.kristdemokraterna.se\/laxa2\/kandidater-l-till-kommunfullmaktige\/jan-wallgren-kandidat-till-kommunfullmaktige\/#primaryimage"},"thumbnailUrl":"https:\/\/wp.kristdemokraterna.se\/laxa2\/files\/2015\/01\/budget_2015.jpg","datePublished":"2022-06-16T12:10:30+00:00","dateModified":"2022-08-16T11:09:10+00:00","breadcrumb":{"@id":"https:\/\/wp.kristdemokraterna.se\/laxa2\/kandidater-l-till-kommunfullmaktige\/jan-wallgren-kandidat-till-kommunfullmaktige\/#breadcrumb"},"inLanguage":"sv-SE","potentialAction":[{"@type":"ReadAction","target":["https:\/\/wp.kristdemokraterna.se\/laxa2\/kandidater-l-till-kommunfullmaktige\/jan-wallgren-kandidat-till-kommunfullmaktige\/"]}]},{"@type":"ImageObject","inLanguage":"sv-SE","@id":"https:\/\/wp.kristdemokraterna.se\/laxa2\/kandidater-l-till-kommunfullmaktige\/jan-wallgren-kandidat-till-kommunfullmaktige\/#primaryimage","url":"https:\/\/wp.kristdemokraterna.se\/laxa2\/files\/2015\/01\/budget_2015.jpg","contentUrl":"https:\/\/wp.kristdemokraterna.se\/laxa2\/files\/2015\/01\/budget_2015.jpg","width":445,"height":625},{"@type":"BreadcrumbList","@id":"https:\/\/wp.kristdemokraterna.se\/laxa2\/kandidater-l-till-kommunfullmaktige\/jan-wallgren-kandidat-till-kommunfullmaktige\/#breadcrumb","itemListElement":[{"@type":"ListItem","position":1,"name":"Hem","item":"https:\/\/wp.kristdemokraterna.se\/laxa2\/"},{"@type":"ListItem","position":2,"name":"Kandidater till Kommunfullm\u00e4ktige","item":"https:\/\/wp.kristdemokraterna.se\/laxa2\/kandidater-l-till-kommunfullmaktige\/"},{"@type":"ListItem","position":3,"name":"25. Jan Wallgren &#8211; kandidat till Kommunfullm\u00e4ktige"}]},{"@type":"WebSite","@id":"https:\/\/wp.kristdemokraterna.se\/laxa2\/#website","url":"https:\/\/wp.kristdemokraterna.se\/laxa2\/","name":"Kristdemokraterna | Lax\u00e5","description":"En till Kristdemokraterna webbplats","inLanguage":"sv-SE"}]}},"_links":{"self":[{"href":"https:\/\/wp.kristdemokraterna.se\/laxa2\/wp-json\/wp\/v2\/pages\/1447","targetHints":{"allow":["GET"]}}],"collection":[{"href":"https:\/\/wp.kristdemokraterna.se\/laxa2\/wp-json\/wp\/v2\/pages"}],"about":[{"href":"https:\/\/wp.kristdemokraterna.se\/laxa2\/wp-json\/wp\/v2\/types\/page"}],"author":[{"embeddable":true,"href":"https:\/\/wp.kristdemokraterna.se\/laxa2\/wp-json\/wp\/v2\/users\/444"}],"replies":[{"embeddable":true,"href":"https:\/\/wp.kristdemokraterna.se\/laxa2\/wp-json\/wp\/v2\/comments?post=1447"}],"version-history":[{"count":1,"href":"https:\/\/wp.kristdemokraterna.se\/laxa2\/wp-json\/wp\/v2\/pages\/1447\/revisions"}],"predecessor-version":[{"id":1714,"href":"https:\/\/wp.kristdemokraterna.se\/laxa2\/wp-json\/wp\/v2\/pages\/1447\/revisions\/1714"}],"up":[{"embeddable":true,"href":"https:\/\/wp.kristdemokraterna.se\/laxa2\/wp-json\/wp\/v2\/pages\/1431"}],"wp:featuredmedia":[{"embeddable":true,"href":"https:\/\/wp.kristdemokraterna.se\/laxa2\/wp-json\/wp\/v2\/media\/714"}],"wp:attachment":[{"href":"https:\/\/wp.kristdemokraterna.se\/laxa2\/wp-json\/wp\/v2\/media?parent=1447"}],"curies":[{"name":"wp","href":"https:\/\/api.w.org\/{rel}","templated":true}]}}