{"id":1466,"date":"2022-07-01T15:23:22","date_gmt":"2022-07-01T13:23:22","guid":{"rendered":"https:\/\/wp.kristdemokraterna.se\/laxa\/?page_id=1466"},"modified":"2022-08-16T13:16:05","modified_gmt":"2022-08-16T11:16:05","slug":"bo-rudolfsson-kandidat-till-kommunfullmaktige","status":"publish","type":"page","link":"https:\/\/wp.kristdemokraterna.se\/laxa2\/kandidater-l-till-kommunfullmaktige\/bo-rudolfsson-kandidat-till-kommunfullmaktige\/","title":{"rendered":"1. Bo Rudolfsson &#8211; kandidat till Kommunstyrelsens ordf\u00f6rande"},"content":{"rendered":"<p><strong><img loading=\"lazy\" decoding=\"async\" class=\"size-medium wp-image-1467 alignleft\" src=\"https:\/\/wp.kristdemokraterna.se\/laxa2\/files\/2022\/07\/kd-bo-rudolsson_2022-nr_431-220x300.png\" alt=\"\" width=\"220\" height=\"300\" srcset=\"https:\/\/wp.kristdemokraterna.se\/laxa2\/files\/2022\/07\/kd-bo-rudolsson_2022-nr_431-220x300.png 220w, https:\/\/wp.kristdemokraterna.se\/laxa2\/files\/2022\/07\/kd-bo-rudolsson_2022-nr_431-751x1024.png 751w, https:\/\/wp.kristdemokraterna.se\/laxa2\/files\/2022\/07\/kd-bo-rudolsson_2022-nr_431-768x1046.png 768w, https:\/\/wp.kristdemokraterna.se\/laxa2\/files\/2022\/07\/kd-bo-rudolsson_2022-nr_431-1127x1536.png 1127w, https:\/\/wp.kristdemokraterna.se\/laxa2\/files\/2022\/07\/kd-bo-rudolsson_2022-nr_431-1503x2048.png 1503w, https:\/\/wp.kristdemokraterna.se\/laxa2\/files\/2022\/07\/kd-bo-rudolsson_2022-nr_431-147x200.png 147w, https:\/\/wp.kristdemokraterna.se\/laxa2\/files\/2022\/07\/kd-bo-rudolsson_2022-nr_431-370x504.png 370w, https:\/\/wp.kristdemokraterna.se\/laxa2\/files\/2022\/07\/kd-bo-rudolsson_2022-nr_431-770x1049.png 770w, https:\/\/wp.kristdemokraterna.se\/laxa2\/files\/2022\/07\/kd-bo-rudolsson_2022-nr_431-450x613.png 450w, https:\/\/wp.kristdemokraterna.se\/laxa2\/files\/2022\/07\/kd-bo-rudolsson_2022-nr_431-280x382.png 280w, https:\/\/wp.kristdemokraterna.se\/laxa2\/files\/2022\/07\/kd-bo-rudolsson_2022-nr_431-340x463.png 340w, https:\/\/wp.kristdemokraterna.se\/laxa2\/files\/2022\/07\/kd-bo-rudolsson_2022-nr_431-41x56.png 41w\" sizes=\"auto, (max-width: 220px) 100vw, 220px\" \/>Namn: Bo Rudolfsson<\/strong><br \/>\n<strong>\u00c5lder:\u00a0 68 \u00e5r<br \/>\nCivilst\u00e5nd: Gift<\/strong><br \/>\n<strong>Yrke:\u00a0 \u00a0Kommunalr\u00e5d och tidigare har jag varit mellanstadiel\u00e4rare i Lax\u00e5 under m\u00e5nga \u00e5r.<\/strong><\/p>\n<p>Jag \u00e4r gift med Ruth fr\u00e5n Danmark sedan 1979 (vi tr\u00e4ffades i Venedig \u00f6ver en pizza) och vi har fyra barn som alla nu \u00e4r utflugna fr\u00e5n hemmet. Av v\u00e5ra fyra barn bor f.n. tv\u00e5 i \u00a0\u00d6rebro, en i Hallsbergs kommun, och en i Sollentuna kommun utanf\u00f6r Stockholm.\u00a0 Alla fyra \u00e4r gifta och har barn. Vi har d\u00e4rmed 11 barnbarn, varav ett hemma hos sin himmelske fader.<\/p>\n<p><strong>Varf\u00f6r politiker?<\/strong><br \/>\nIngen av mina f\u00f6r\u00e4ldrar var politiskt aktiv, \u00e4ven om de hade till viss del starka politiska \u00e5sikter. Morfar Jonas &#8221;Jonke&#8221; Fahlen gick i f\u00f6rsta leden i &#8221;\u00c5dalskravallerna&#8221; 1931. Min morfar Jonas \u00e4r mannen med cykel l\u00e4ngst till v\u00e4nster p\u00e5 bilden, enligt hans d\u00f6ttrar (min mor och mostrar). Min morfar och hans familj, inkl. min mamma Hertha bodde i grannhuset till Fr\u00e5n\u00f6 Folkets Hus varifr\u00e5n demonstrationst\u00e5get startade denna dag. Enligt familjehistorien var Jonas en trogen kommunist och liknade \u00e4ven Stalin med sin stora mustasch.<img loading=\"lazy\" decoding=\"async\" class=\"alignnone size-full wp-image-1410\" src=\"https:\/\/wp.kristdemokraterna.se\/laxa2\/files\/2022\/02\/adalen-1.jpg\" alt=\"\" width=\"800\" height=\"458\" \/><\/p>\n<p>Farfar Rudolf Svensson (pappa och hans br\u00f6der bytte namn till Rudolfsson) var statare i Rinkaby trakten i Sk\u00e5ne d\u00e5 han var gift med farmor Emma,\u00a0 men senare bonde som hyrde g\u00e5rd och mark av f\u00f6rsvarsmakten. Pappa Carl-Erik var r\u00f6rmont\u00f6r och r\u00f6stade alltid med socialdemokraterna (tror jag). Mamma Hertha var hemma med barnen under l\u00e5ng tid och arbetade sedan i k\u00f6ket i ett hem f\u00f6r personer med mental funktionsvariation.<\/p>\n<p>Jag b\u00f6rjade med politik medan jag gick p\u00e5 L\u00e4rarh\u00f6gskolan i H\u00e4rn\u00f6sand d\u00e5 jag s\u00f6kte mig till SSU och deltog i n\u00e5gra samlingar. Jag fattade snart att &#8221;detta var inte f\u00f6r mig&#8221;. Efter jag slutade l\u00e4rarh\u00f6gskolan, arbetade jag som l\u00e4rare i S\u00f6derhamn en termin, gick p\u00e5 bibelskola i USA under ett \u00e5r, och b\u00f6rjade sedan arbeta med UMU\/YWAM i Sverige, d\u00e4r vi var och fortfarande \u00e4r en del av en v\u00e4rldsvid missionsorganisation.<\/p>\n<p>Under denna tid med UMU\/YWAM tr\u00e4ffade jag Ruth i Venedig d\u00e4r jag och n\u00e5gra hundra andra UMU:are fr\u00e5n hela Europa var samlade. Vi tr\u00e4ffades i april &#8211; gifte oss i september 1979. Efter arbete och boende i Ljungskile flyttade vi till Cypern under ett \u00e5r. D\u00e4refter tillbaka till Ljungskile och sedan till Kungs\u00f6r och d\u00e4refter till Lax\u00e5.<\/p>\n<p>Jag och min familj flyttade till Lax\u00e5 vid juletid 1985 och fick snart kontakt med Kristdemokraterna och dess f\u00f6retr\u00e4dare Paul Alm. Jag rekryterades och kom med i valet 1988 och d\u00e5 blev jag ocks\u00e5 ers\u00e4ttare i Kommunstyrelsen. Fr\u00e5n denna b\u00f6rjan har jag arbetat med politik mer eller mindre hela tiden. Mycket av tiden var det inte p\u00e5 heltid d\u00e5 jag ocks\u00e5 jobbade som l\u00e4rare inom Lax\u00e5 kommun.<\/p>\n<p>Efter valet 2006 b\u00f6rjade mitt politiska arbete i \u00d6rebro l\u00e4ns landsting och strax d\u00e4refter i Regionf\u00f6rbundet \u00d6rebro l\u00e4n. Vid valet 2010 innebar det \u00e4nnu mer arbete i dessa tv\u00e5 politiska organisationer samtidigt som jag slutade som ombudsman f\u00f6r kristdemokraterna i l\u00e4net. Under perioden 2011-2014 hade jag ett flertal uppdrag i \u00d6rebro l\u00e4ns landsting och Regionf\u00f6rbundet samt som oppositionsf\u00f6retr\u00e4dare i Lax\u00e5 kommun.<\/p>\n<p>Vid valet 2014 f\u00f6rlorade S+V makten i Lax\u00e5 kommun f\u00f6r f\u00f6rsta g\u00e5ngen n\u00e5gonsin och jag kunde tilltr\u00e4da som kommunstyrelsens ordf\u00f6rande i en partikoalition under namnet Ett b\u00e4ttre Lax\u00e5 tillsammans med andra partier.<\/p>\n<p>Jag har alltid varit engagerad och intresserad av samh\u00e4llsfr\u00e5gor och intresserad av att f\u00f6r\u00e4ndra. Jag har en vision och vilja f\u00f6r att skapa ett b\u00e4ttre Lax\u00e5 ( och ett b\u00e4ttre \u00d6rebro l\u00e4n\/Sverige) f\u00f6r alla inv\u00e5nare men speciellt f\u00f6r de som har sv\u00e5rt att g\u00f6ra sin st\u00e4mma h\u00f6rd.<\/p>\n","protected":false},"excerpt":{"rendered":"<p>Namn: Bo Rudolfsson \u00c5lder:\u00a0 68 \u00e5r Civilst\u00e5nd: Gift Yrke:\u00a0 \u00a0Kommunalr\u00e5d och tidigare har jag varit mellanstadiel\u00e4rare i Lax\u00e5 under m\u00e5nga \u00e5r. Jag \u00e4r gift med Ruth fr\u00e5n Danmark sedan 1979 (vi tr\u00e4ffades i Venedig \u00f6ver en pizza) och vi har fyra barn som alla nu \u00e4r utflugna fr\u00e5n hemmet. Av v\u00e5ra fyra barn bor f.n. <a class=\"read-more-link\" href=\"https:\/\/wp.kristdemokraterna.se\/laxa2\/kandidater-l-till-kommunfullmaktige\/bo-rudolfsson-kandidat-till-kommunfullmaktige\/\">L\u00e4s mer<\/a><\/p>\n","protected":false},"author":444,"featured_media":714,"parent":1431,"menu_order":1,"comment_status":"closed","ping_status":"closed","template":"page.php","meta":{"_acf_changed":false,"footnotes":""},"class_list":["post-1466","page","type-page","status-publish","hentry"],"acf":[],"yoast_head":"<!-- This site is optimized with the Yoast SEO plugin v27.5 - https:\/\/yoast.com\/product\/yoast-seo-wordpress\/ -->\n<title>1. Bo Rudolfsson - kandidat till Kommunstyrelsens ordf\u00f6rande - Kristdemokraterna | Lax\u00e5<\/title>\n<meta name=\"robots\" content=\"index, follow, max-snippet:-1, max-image-preview:large, max-video-preview:-1\" \/>\n<link rel=\"canonical\" href=\"https:\/\/wp.kristdemokraterna.se\/laxa2\/kandidater-l-till-kommunfullmaktige\/bo-rudolfsson-kandidat-till-kommunfullmaktige\/\" \/>\n<meta property=\"og:locale\" content=\"sv_SE\" \/>\n<meta property=\"og:type\" content=\"article\" \/>\n<meta property=\"og:title\" content=\"1. Bo Rudolfsson - kandidat till Kommunstyrelsens ordf\u00f6rande - Kristdemokraterna | Lax\u00e5\" \/>\n<meta property=\"og:description\" content=\"Namn: Bo Rudolfsson \u00c5lder:\u00a0 68 \u00e5r Civilst\u00e5nd: Gift Yrke:\u00a0 \u00a0Kommunalr\u00e5d och tidigare har jag varit mellanstadiel\u00e4rare i Lax\u00e5 under m\u00e5nga \u00e5r. Jag \u00e4r gift med Ruth fr\u00e5n Danmark sedan 1979 (vi tr\u00e4ffades i Venedig \u00f6ver en pizza) och vi har fyra barn som alla nu \u00e4r utflugna fr\u00e5n hemmet. Av v\u00e5ra fyra barn bor f.n. L\u00e4s mer\" \/>\n<meta property=\"og:url\" content=\"https:\/\/wp.kristdemokraterna.se\/laxa2\/kandidater-l-till-kommunfullmaktige\/bo-rudolfsson-kandidat-till-kommunfullmaktige\/\" \/>\n<meta property=\"og:site_name\" content=\"Kristdemokraterna | Lax\u00e5\" \/>\n<meta property=\"article:modified_time\" content=\"2022-08-16T11:16:05+00:00\" \/>\n<meta property=\"og:image\" content=\"https:\/\/wp.kristdemokraterna.se\/laxa2\/files\/2022\/07\/kd-bo-rudolsson_2022-nr_431-220x300.png\" \/>\n<meta name=\"twitter:card\" content=\"summary_large_image\" \/>\n<meta name=\"twitter:label1\" content=\"Ber\u00e4knad l\u00e4stid\" \/>\n\t<meta name=\"twitter:data1\" content=\"4 minuter\" \/>\n<script type=\"application\/ld+json\" class=\"yoast-schema-graph\">{\"@context\":\"https:\\\/\\\/schema.org\",\"@graph\":[{\"@type\":\"WebPage\",\"@id\":\"https:\\\/\\\/wp.kristdemokraterna.se\\\/laxa2\\\/kandidater-l-till-kommunfullmaktige\\\/bo-rudolfsson-kandidat-till-kommunfullmaktige\\\/\",\"url\":\"https:\\\/\\\/wp.kristdemokraterna.se\\\/laxa2\\\/kandidater-l-till-kommunfullmaktige\\\/bo-rudolfsson-kandidat-till-kommunfullmaktige\\\/\",\"name\":\"1. Bo Rudolfsson - kandidat till Kommunstyrelsens ordf\u00f6rande - Kristdemokraterna | Lax\u00e5\",\"isPartOf\":{\"@id\":\"https:\\\/\\\/wp.kristdemokraterna.se\\\/laxa2\\\/#website\"},\"primaryImageOfPage\":{\"@id\":\"https:\\\/\\\/wp.kristdemokraterna.se\\\/laxa2\\\/kandidater-l-till-kommunfullmaktige\\\/bo-rudolfsson-kandidat-till-kommunfullmaktige\\\/#primaryimage\"},\"image\":{\"@id\":\"https:\\\/\\\/wp.kristdemokraterna.se\\\/laxa2\\\/kandidater-l-till-kommunfullmaktige\\\/bo-rudolfsson-kandidat-till-kommunfullmaktige\\\/#primaryimage\"},\"thumbnailUrl\":\"https:\\\/\\\/wp.kristdemokraterna.se\\\/laxa2\\\/files\\\/2015\\\/01\\\/budget_2015.jpg\",\"datePublished\":\"2022-07-01T13:23:22+00:00\",\"dateModified\":\"2022-08-16T11:16:05+00:00\",\"breadcrumb\":{\"@id\":\"https:\\\/\\\/wp.kristdemokraterna.se\\\/laxa2\\\/kandidater-l-till-kommunfullmaktige\\\/bo-rudolfsson-kandidat-till-kommunfullmaktige\\\/#breadcrumb\"},\"inLanguage\":\"sv-SE\",\"potentialAction\":[{\"@type\":\"ReadAction\",\"target\":[\"https:\\\/\\\/wp.kristdemokraterna.se\\\/laxa2\\\/kandidater-l-till-kommunfullmaktige\\\/bo-rudolfsson-kandidat-till-kommunfullmaktige\\\/\"]}]},{\"@type\":\"ImageObject\",\"inLanguage\":\"sv-SE\",\"@id\":\"https:\\\/\\\/wp.kristdemokraterna.se\\\/laxa2\\\/kandidater-l-till-kommunfullmaktige\\\/bo-rudolfsson-kandidat-till-kommunfullmaktige\\\/#primaryimage\",\"url\":\"https:\\\/\\\/wp.kristdemokraterna.se\\\/laxa2\\\/files\\\/2015\\\/01\\\/budget_2015.jpg\",\"contentUrl\":\"https:\\\/\\\/wp.kristdemokraterna.se\\\/laxa2\\\/files\\\/2015\\\/01\\\/budget_2015.jpg\",\"width\":445,\"height\":625},{\"@type\":\"BreadcrumbList\",\"@id\":\"https:\\\/\\\/wp.kristdemokraterna.se\\\/laxa2\\\/kandidater-l-till-kommunfullmaktige\\\/bo-rudolfsson-kandidat-till-kommunfullmaktige\\\/#breadcrumb\",\"itemListElement\":[{\"@type\":\"ListItem\",\"position\":1,\"name\":\"Hem\",\"item\":\"https:\\\/\\\/wp.kristdemokraterna.se\\\/laxa2\\\/\"},{\"@type\":\"ListItem\",\"position\":2,\"name\":\"Kandidater till Kommunfullm\u00e4ktige\",\"item\":\"https:\\\/\\\/wp.kristdemokraterna.se\\\/laxa2\\\/kandidater-l-till-kommunfullmaktige\\\/\"},{\"@type\":\"ListItem\",\"position\":3,\"name\":\"1. Bo Rudolfsson &#8211; kandidat till Kommunstyrelsens ordf\u00f6rande\"}]},{\"@type\":\"WebSite\",\"@id\":\"https:\\\/\\\/wp.kristdemokraterna.se\\\/laxa2\\\/#website\",\"url\":\"https:\\\/\\\/wp.kristdemokraterna.se\\\/laxa2\\\/\",\"name\":\"Kristdemokraterna | Lax\u00e5\",\"description\":\"En till Kristdemokraterna webbplats\",\"inLanguage\":\"sv-SE\"}]}<\/script>\n<!-- \/ Yoast SEO plugin. -->","yoast_head_json":{"title":"1. Bo Rudolfsson - kandidat till Kommunstyrelsens ordf\u00f6rande - Kristdemokraterna | Lax\u00e5","robots":{"index":"index","follow":"follow","max-snippet":"max-snippet:-1","max-image-preview":"max-image-preview:large","max-video-preview":"max-video-preview:-1"},"canonical":"https:\/\/wp.kristdemokraterna.se\/laxa2\/kandidater-l-till-kommunfullmaktige\/bo-rudolfsson-kandidat-till-kommunfullmaktige\/","og_locale":"sv_SE","og_type":"article","og_title":"1. Bo Rudolfsson - kandidat till Kommunstyrelsens ordf\u00f6rande - Kristdemokraterna | Lax\u00e5","og_description":"Namn: Bo Rudolfsson \u00c5lder:\u00a0 68 \u00e5r Civilst\u00e5nd: Gift Yrke:\u00a0 \u00a0Kommunalr\u00e5d och tidigare har jag varit mellanstadiel\u00e4rare i Lax\u00e5 under m\u00e5nga \u00e5r. Jag \u00e4r gift med Ruth fr\u00e5n Danmark sedan 1979 (vi tr\u00e4ffades i Venedig \u00f6ver en pizza) och vi har fyra barn som alla nu \u00e4r utflugna fr\u00e5n hemmet. Av v\u00e5ra fyra barn bor f.n. L\u00e4s mer","og_url":"https:\/\/wp.kristdemokraterna.se\/laxa2\/kandidater-l-till-kommunfullmaktige\/bo-rudolfsson-kandidat-till-kommunfullmaktige\/","og_site_name":"Kristdemokraterna | Lax\u00e5","article_modified_time":"2022-08-16T11:16:05+00:00","og_image":[{"url":"https:\/\/wp.kristdemokraterna.se\/laxa2\/files\/2022\/07\/kd-bo-rudolsson_2022-nr_431-220x300.png","type":"","width":"","height":""}],"twitter_card":"summary_large_image","twitter_misc":{"Ber\u00e4knad l\u00e4stid":"4 minuter"},"schema":{"@context":"https:\/\/schema.org","@graph":[{"@type":"WebPage","@id":"https:\/\/wp.kristdemokraterna.se\/laxa2\/kandidater-l-till-kommunfullmaktige\/bo-rudolfsson-kandidat-till-kommunfullmaktige\/","url":"https:\/\/wp.kristdemokraterna.se\/laxa2\/kandidater-l-till-kommunfullmaktige\/bo-rudolfsson-kandidat-till-kommunfullmaktige\/","name":"1. Bo Rudolfsson - kandidat till Kommunstyrelsens ordf\u00f6rande - Kristdemokraterna | Lax\u00e5","isPartOf":{"@id":"https:\/\/wp.kristdemokraterna.se\/laxa2\/#website"},"primaryImageOfPage":{"@id":"https:\/\/wp.kristdemokraterna.se\/laxa2\/kandidater-l-till-kommunfullmaktige\/bo-rudolfsson-kandidat-till-kommunfullmaktige\/#primaryimage"},"image":{"@id":"https:\/\/wp.kristdemokraterna.se\/laxa2\/kandidater-l-till-kommunfullmaktige\/bo-rudolfsson-kandidat-till-kommunfullmaktige\/#primaryimage"},"thumbnailUrl":"https:\/\/wp.kristdemokraterna.se\/laxa2\/files\/2015\/01\/budget_2015.jpg","datePublished":"2022-07-01T13:23:22+00:00","dateModified":"2022-08-16T11:16:05+00:00","breadcrumb":{"@id":"https:\/\/wp.kristdemokraterna.se\/laxa2\/kandidater-l-till-kommunfullmaktige\/bo-rudolfsson-kandidat-till-kommunfullmaktige\/#breadcrumb"},"inLanguage":"sv-SE","potentialAction":[{"@type":"ReadAction","target":["https:\/\/wp.kristdemokraterna.se\/laxa2\/kandidater-l-till-kommunfullmaktige\/bo-rudolfsson-kandidat-till-kommunfullmaktige\/"]}]},{"@type":"ImageObject","inLanguage":"sv-SE","@id":"https:\/\/wp.kristdemokraterna.se\/laxa2\/kandidater-l-till-kommunfullmaktige\/bo-rudolfsson-kandidat-till-kommunfullmaktige\/#primaryimage","url":"https:\/\/wp.kristdemokraterna.se\/laxa2\/files\/2015\/01\/budget_2015.jpg","contentUrl":"https:\/\/wp.kristdemokraterna.se\/laxa2\/files\/2015\/01\/budget_2015.jpg","width":445,"height":625},{"@type":"BreadcrumbList","@id":"https:\/\/wp.kristdemokraterna.se\/laxa2\/kandidater-l-till-kommunfullmaktige\/bo-rudolfsson-kandidat-till-kommunfullmaktige\/#breadcrumb","itemListElement":[{"@type":"ListItem","position":1,"name":"Hem","item":"https:\/\/wp.kristdemokraterna.se\/laxa2\/"},{"@type":"ListItem","position":2,"name":"Kandidater till Kommunfullm\u00e4ktige","item":"https:\/\/wp.kristdemokraterna.se\/laxa2\/kandidater-l-till-kommunfullmaktige\/"},{"@type":"ListItem","position":3,"name":"1. Bo Rudolfsson &#8211; kandidat till Kommunstyrelsens ordf\u00f6rande"}]},{"@type":"WebSite","@id":"https:\/\/wp.kristdemokraterna.se\/laxa2\/#website","url":"https:\/\/wp.kristdemokraterna.se\/laxa2\/","name":"Kristdemokraterna | Lax\u00e5","description":"En till Kristdemokraterna webbplats","inLanguage":"sv-SE"}]}},"_links":{"self":[{"href":"https:\/\/wp.kristdemokraterna.se\/laxa2\/wp-json\/wp\/v2\/pages\/1466","targetHints":{"allow":["GET"]}}],"collection":[{"href":"https:\/\/wp.kristdemokraterna.se\/laxa2\/wp-json\/wp\/v2\/pages"}],"about":[{"href":"https:\/\/wp.kristdemokraterna.se\/laxa2\/wp-json\/wp\/v2\/types\/page"}],"author":[{"embeddable":true,"href":"https:\/\/wp.kristdemokraterna.se\/laxa2\/wp-json\/wp\/v2\/users\/444"}],"replies":[{"embeddable":true,"href":"https:\/\/wp.kristdemokraterna.se\/laxa2\/wp-json\/wp\/v2\/comments?post=1466"}],"version-history":[{"count":1,"href":"https:\/\/wp.kristdemokraterna.se\/laxa2\/wp-json\/wp\/v2\/pages\/1466\/revisions"}],"predecessor-version":[{"id":1730,"href":"https:\/\/wp.kristdemokraterna.se\/laxa2\/wp-json\/wp\/v2\/pages\/1466\/revisions\/1730"}],"up":[{"embeddable":true,"href":"https:\/\/wp.kristdemokraterna.se\/laxa2\/wp-json\/wp\/v2\/pages\/1431"}],"wp:featuredmedia":[{"embeddable":true,"href":"https:\/\/wp.kristdemokraterna.se\/laxa2\/wp-json\/wp\/v2\/media\/714"}],"wp:attachment":[{"href":"https:\/\/wp.kristdemokraterna.se\/laxa2\/wp-json\/wp\/v2\/media?parent=1466"}],"curies":[{"name":"wp","href":"https:\/\/api.w.org\/{rel}","templated":true}]}}