{"id":1486,"date":"2022-07-05T08:17:49","date_gmt":"2022-07-05T06:17:49","guid":{"rendered":"https:\/\/wp.kristdemokraterna.se\/laxa\/?page_id=1486"},"modified":"2022-08-16T13:11:10","modified_gmt":"2022-08-16T11:11:10","slug":"robert-andersson-kandidat-till-kommunfullmaktige","status":"publish","type":"page","link":"https:\/\/wp.kristdemokraterna.se\/laxa2\/kandidater-l-till-kommunfullmaktige\/robert-andersson-kandidat-till-kommunfullmaktige\/","title":{"rendered":"12. Robert Andersson &#8211; kandidat till kommunfullm\u00e4ktige"},"content":{"rendered":"<p><strong><img loading=\"lazy\" decoding=\"async\" class=\"size-medium wp-image-1510 alignleft\" src=\"https:\/\/wp.kristdemokraterna.se\/laxa2\/files\/2022\/07\/robert_andersson-258x300.jpg\" alt=\"\" width=\"258\" height=\"300\" srcset=\"https:\/\/wp.kristdemokraterna.se\/laxa2\/files\/2022\/07\/robert_andersson-258x300.jpg 258w, https:\/\/wp.kristdemokraterna.se\/laxa2\/files\/2022\/07\/robert_andersson-880x1024.jpg 880w, https:\/\/wp.kristdemokraterna.se\/laxa2\/files\/2022\/07\/robert_andersson-768x894.jpg 768w, https:\/\/wp.kristdemokraterna.se\/laxa2\/files\/2022\/07\/robert_andersson-1320x1536.jpg 1320w, https:\/\/wp.kristdemokraterna.se\/laxa2\/files\/2022\/07\/robert_andersson-172x200.jpg 172w, https:\/\/wp.kristdemokraterna.se\/laxa2\/files\/2022\/07\/robert_andersson-370x431.jpg 370w, https:\/\/wp.kristdemokraterna.se\/laxa2\/files\/2022\/07\/robert_andersson-770x896.jpg 770w, https:\/\/wp.kristdemokraterna.se\/laxa2\/files\/2022\/07\/robert_andersson-450x524.jpg 450w, https:\/\/wp.kristdemokraterna.se\/laxa2\/files\/2022\/07\/robert_andersson-280x326.jpg 280w, https:\/\/wp.kristdemokraterna.se\/laxa2\/files\/2022\/07\/robert_andersson-340x396.jpg 340w, https:\/\/wp.kristdemokraterna.se\/laxa2\/files\/2022\/07\/robert_andersson-48x56.jpg 48w, https:\/\/wp.kristdemokraterna.se\/laxa2\/files\/2022\/07\/robert_andersson.jpg 1760w\" sizes=\"auto, (max-width: 258px) 100vw, 258px\" \/>Namn: Robert Andersson<br \/>\n\u00c5lder: 47 \u00e5r<\/strong><br \/>\n<strong>Civilst\u00e5nd: Sambo<\/strong><br \/>\n<strong>Yrke:\u00a0 Lastbilschauff\u00f6r<\/strong><\/p>\n<p>Jag bor sedan 4 \u00e5r i det vackra Lax\u00e5 &#8211; jag \u00e4r hitflyttad fr\u00e5n s\u00f6dra Sverige. Jag har ett barn och jobbar som l\u00e5ngtradarchauff\u00f6r som jag befinner mig mycket p\u00e5 Sveriges v\u00e4gar.<br \/>\nJag har under denna tid i kommunen l\u00e4rt mig \u00e4lska Lax\u00e5 och dess omgivningar, s\u00e5 jag vill st\u00f6tta Kristdemokraterna i dess arbeta att skapa ett b\u00e4ttre Lax\u00e5. Kom med du ocks\u00e5!<\/p>\n","protected":false},"excerpt":{"rendered":"<p>Namn: Robert Andersson \u00c5lder: 47 \u00e5r Civilst\u00e5nd: Sambo Yrke:\u00a0 Lastbilschauff\u00f6r Jag bor sedan 4 \u00e5r i det vackra Lax\u00e5 &#8211; jag \u00e4r hitflyttad fr\u00e5n s\u00f6dra Sverige. Jag har ett barn och jobbar som l\u00e5ngtradarchauff\u00f6r som jag befinner mig mycket p\u00e5 Sveriges v\u00e4gar. Jag har under denna tid i kommunen l\u00e4rt mig \u00e4lska Lax\u00e5 och dess <a class=\"read-more-link\" href=\"https:\/\/wp.kristdemokraterna.se\/laxa2\/kandidater-l-till-kommunfullmaktige\/robert-andersson-kandidat-till-kommunfullmaktige\/\">L\u00e4s mer<\/a><\/p>\n","protected":false},"author":444,"featured_media":714,"parent":1431,"menu_order":10,"comment_status":"closed","ping_status":"closed","template":"page.php","meta":{"_acf_changed":false,"footnotes":""},"class_list":["post-1486","page","type-page","status-publish","hentry"],"acf":[],"yoast_head":"<!-- This site is optimized with the Yoast SEO plugin v27.5 - https:\/\/yoast.com\/product\/yoast-seo-wordpress\/ -->\n<title>12. Robert Andersson - kandidat till kommunfullm\u00e4ktige - Kristdemokraterna | Lax\u00e5<\/title>\n<meta name=\"robots\" content=\"index, follow, max-snippet:-1, max-image-preview:large, max-video-preview:-1\" \/>\n<link rel=\"canonical\" href=\"https:\/\/wp.kristdemokraterna.se\/laxa2\/kandidater-l-till-kommunfullmaktige\/robert-andersson-kandidat-till-kommunfullmaktige\/\" \/>\n<meta property=\"og:locale\" content=\"sv_SE\" \/>\n<meta property=\"og:type\" content=\"article\" \/>\n<meta property=\"og:title\" content=\"12. Robert Andersson - kandidat till kommunfullm\u00e4ktige - Kristdemokraterna | Lax\u00e5\" \/>\n<meta property=\"og:description\" content=\"Namn: Robert Andersson \u00c5lder: 47 \u00e5r Civilst\u00e5nd: Sambo Yrke:\u00a0 Lastbilschauff\u00f6r Jag bor sedan 4 \u00e5r i det vackra Lax\u00e5 &#8211; jag \u00e4r hitflyttad fr\u00e5n s\u00f6dra Sverige. Jag har ett barn och jobbar som l\u00e5ngtradarchauff\u00f6r som jag befinner mig mycket p\u00e5 Sveriges v\u00e4gar. Jag har under denna tid i kommunen l\u00e4rt mig \u00e4lska Lax\u00e5 och dess L\u00e4s mer\" \/>\n<meta property=\"og:url\" content=\"https:\/\/wp.kristdemokraterna.se\/laxa2\/kandidater-l-till-kommunfullmaktige\/robert-andersson-kandidat-till-kommunfullmaktige\/\" \/>\n<meta property=\"og:site_name\" content=\"Kristdemokraterna | Lax\u00e5\" \/>\n<meta property=\"article:modified_time\" content=\"2022-08-16T11:11:10+00:00\" \/>\n<meta property=\"og:image\" content=\"https:\/\/wp.kristdemokraterna.se\/laxa2\/files\/2022\/07\/robert_andersson-258x300.jpg\" \/>\n<meta name=\"twitter:card\" content=\"summary_large_image\" \/>\n<script type=\"application\/ld+json\" class=\"yoast-schema-graph\">{\"@context\":\"https:\\\/\\\/schema.org\",\"@graph\":[{\"@type\":\"WebPage\",\"@id\":\"https:\\\/\\\/wp.kristdemokraterna.se\\\/laxa2\\\/kandidater-l-till-kommunfullmaktige\\\/robert-andersson-kandidat-till-kommunfullmaktige\\\/\",\"url\":\"https:\\\/\\\/wp.kristdemokraterna.se\\\/laxa2\\\/kandidater-l-till-kommunfullmaktige\\\/robert-andersson-kandidat-till-kommunfullmaktige\\\/\",\"name\":\"12. Robert Andersson - kandidat till kommunfullm\u00e4ktige - Kristdemokraterna | Lax\u00e5\",\"isPartOf\":{\"@id\":\"https:\\\/\\\/wp.kristdemokraterna.se\\\/laxa2\\\/#website\"},\"primaryImageOfPage\":{\"@id\":\"https:\\\/\\\/wp.kristdemokraterna.se\\\/laxa2\\\/kandidater-l-till-kommunfullmaktige\\\/robert-andersson-kandidat-till-kommunfullmaktige\\\/#primaryimage\"},\"image\":{\"@id\":\"https:\\\/\\\/wp.kristdemokraterna.se\\\/laxa2\\\/kandidater-l-till-kommunfullmaktige\\\/robert-andersson-kandidat-till-kommunfullmaktige\\\/#primaryimage\"},\"thumbnailUrl\":\"https:\\\/\\\/wp.kristdemokraterna.se\\\/laxa2\\\/files\\\/2015\\\/01\\\/budget_2015.jpg\",\"datePublished\":\"2022-07-05T06:17:49+00:00\",\"dateModified\":\"2022-08-16T11:11:10+00:00\",\"breadcrumb\":{\"@id\":\"https:\\\/\\\/wp.kristdemokraterna.se\\\/laxa2\\\/kandidater-l-till-kommunfullmaktige\\\/robert-andersson-kandidat-till-kommunfullmaktige\\\/#breadcrumb\"},\"inLanguage\":\"sv-SE\",\"potentialAction\":[{\"@type\":\"ReadAction\",\"target\":[\"https:\\\/\\\/wp.kristdemokraterna.se\\\/laxa2\\\/kandidater-l-till-kommunfullmaktige\\\/robert-andersson-kandidat-till-kommunfullmaktige\\\/\"]}]},{\"@type\":\"ImageObject\",\"inLanguage\":\"sv-SE\",\"@id\":\"https:\\\/\\\/wp.kristdemokraterna.se\\\/laxa2\\\/kandidater-l-till-kommunfullmaktige\\\/robert-andersson-kandidat-till-kommunfullmaktige\\\/#primaryimage\",\"url\":\"https:\\\/\\\/wp.kristdemokraterna.se\\\/laxa2\\\/files\\\/2015\\\/01\\\/budget_2015.jpg\",\"contentUrl\":\"https:\\\/\\\/wp.kristdemokraterna.se\\\/laxa2\\\/files\\\/2015\\\/01\\\/budget_2015.jpg\",\"width\":445,\"height\":625},{\"@type\":\"BreadcrumbList\",\"@id\":\"https:\\\/\\\/wp.kristdemokraterna.se\\\/laxa2\\\/kandidater-l-till-kommunfullmaktige\\\/robert-andersson-kandidat-till-kommunfullmaktige\\\/#breadcrumb\",\"itemListElement\":[{\"@type\":\"ListItem\",\"position\":1,\"name\":\"Hem\",\"item\":\"https:\\\/\\\/wp.kristdemokraterna.se\\\/laxa2\\\/\"},{\"@type\":\"ListItem\",\"position\":2,\"name\":\"Kandidater till Kommunfullm\u00e4ktige\",\"item\":\"https:\\\/\\\/wp.kristdemokraterna.se\\\/laxa2\\\/kandidater-l-till-kommunfullmaktige\\\/\"},{\"@type\":\"ListItem\",\"position\":3,\"name\":\"12. Robert Andersson &#8211; kandidat till kommunfullm\u00e4ktige\"}]},{\"@type\":\"WebSite\",\"@id\":\"https:\\\/\\\/wp.kristdemokraterna.se\\\/laxa2\\\/#website\",\"url\":\"https:\\\/\\\/wp.kristdemokraterna.se\\\/laxa2\\\/\",\"name\":\"Kristdemokraterna | Lax\u00e5\",\"description\":\"En till Kristdemokraterna webbplats\",\"inLanguage\":\"sv-SE\"}]}<\/script>\n<!-- \/ Yoast SEO plugin. -->","yoast_head_json":{"title":"12. Robert Andersson - kandidat till kommunfullm\u00e4ktige - Kristdemokraterna | Lax\u00e5","robots":{"index":"index","follow":"follow","max-snippet":"max-snippet:-1","max-image-preview":"max-image-preview:large","max-video-preview":"max-video-preview:-1"},"canonical":"https:\/\/wp.kristdemokraterna.se\/laxa2\/kandidater-l-till-kommunfullmaktige\/robert-andersson-kandidat-till-kommunfullmaktige\/","og_locale":"sv_SE","og_type":"article","og_title":"12. Robert Andersson - kandidat till kommunfullm\u00e4ktige - Kristdemokraterna | Lax\u00e5","og_description":"Namn: Robert Andersson \u00c5lder: 47 \u00e5r Civilst\u00e5nd: Sambo Yrke:\u00a0 Lastbilschauff\u00f6r Jag bor sedan 4 \u00e5r i det vackra Lax\u00e5 &#8211; jag \u00e4r hitflyttad fr\u00e5n s\u00f6dra Sverige. Jag har ett barn och jobbar som l\u00e5ngtradarchauff\u00f6r som jag befinner mig mycket p\u00e5 Sveriges v\u00e4gar. Jag har under denna tid i kommunen l\u00e4rt mig \u00e4lska Lax\u00e5 och dess L\u00e4s mer","og_url":"https:\/\/wp.kristdemokraterna.se\/laxa2\/kandidater-l-till-kommunfullmaktige\/robert-andersson-kandidat-till-kommunfullmaktige\/","og_site_name":"Kristdemokraterna | Lax\u00e5","article_modified_time":"2022-08-16T11:11:10+00:00","og_image":[{"url":"https:\/\/wp.kristdemokraterna.se\/laxa2\/files\/2022\/07\/robert_andersson-258x300.jpg","type":"","width":"","height":""}],"twitter_card":"summary_large_image","schema":{"@context":"https:\/\/schema.org","@graph":[{"@type":"WebPage","@id":"https:\/\/wp.kristdemokraterna.se\/laxa2\/kandidater-l-till-kommunfullmaktige\/robert-andersson-kandidat-till-kommunfullmaktige\/","url":"https:\/\/wp.kristdemokraterna.se\/laxa2\/kandidater-l-till-kommunfullmaktige\/robert-andersson-kandidat-till-kommunfullmaktige\/","name":"12. Robert Andersson - kandidat till kommunfullm\u00e4ktige - Kristdemokraterna | Lax\u00e5","isPartOf":{"@id":"https:\/\/wp.kristdemokraterna.se\/laxa2\/#website"},"primaryImageOfPage":{"@id":"https:\/\/wp.kristdemokraterna.se\/laxa2\/kandidater-l-till-kommunfullmaktige\/robert-andersson-kandidat-till-kommunfullmaktige\/#primaryimage"},"image":{"@id":"https:\/\/wp.kristdemokraterna.se\/laxa2\/kandidater-l-till-kommunfullmaktige\/robert-andersson-kandidat-till-kommunfullmaktige\/#primaryimage"},"thumbnailUrl":"https:\/\/wp.kristdemokraterna.se\/laxa2\/files\/2015\/01\/budget_2015.jpg","datePublished":"2022-07-05T06:17:49+00:00","dateModified":"2022-08-16T11:11:10+00:00","breadcrumb":{"@id":"https:\/\/wp.kristdemokraterna.se\/laxa2\/kandidater-l-till-kommunfullmaktige\/robert-andersson-kandidat-till-kommunfullmaktige\/#breadcrumb"},"inLanguage":"sv-SE","potentialAction":[{"@type":"ReadAction","target":["https:\/\/wp.kristdemokraterna.se\/laxa2\/kandidater-l-till-kommunfullmaktige\/robert-andersson-kandidat-till-kommunfullmaktige\/"]}]},{"@type":"ImageObject","inLanguage":"sv-SE","@id":"https:\/\/wp.kristdemokraterna.se\/laxa2\/kandidater-l-till-kommunfullmaktige\/robert-andersson-kandidat-till-kommunfullmaktige\/#primaryimage","url":"https:\/\/wp.kristdemokraterna.se\/laxa2\/files\/2015\/01\/budget_2015.jpg","contentUrl":"https:\/\/wp.kristdemokraterna.se\/laxa2\/files\/2015\/01\/budget_2015.jpg","width":445,"height":625},{"@type":"BreadcrumbList","@id":"https:\/\/wp.kristdemokraterna.se\/laxa2\/kandidater-l-till-kommunfullmaktige\/robert-andersson-kandidat-till-kommunfullmaktige\/#breadcrumb","itemListElement":[{"@type":"ListItem","position":1,"name":"Hem","item":"https:\/\/wp.kristdemokraterna.se\/laxa2\/"},{"@type":"ListItem","position":2,"name":"Kandidater till Kommunfullm\u00e4ktige","item":"https:\/\/wp.kristdemokraterna.se\/laxa2\/kandidater-l-till-kommunfullmaktige\/"},{"@type":"ListItem","position":3,"name":"12. Robert Andersson &#8211; kandidat till kommunfullm\u00e4ktige"}]},{"@type":"WebSite","@id":"https:\/\/wp.kristdemokraterna.se\/laxa2\/#website","url":"https:\/\/wp.kristdemokraterna.se\/laxa2\/","name":"Kristdemokraterna | Lax\u00e5","description":"En till Kristdemokraterna webbplats","inLanguage":"sv-SE"}]}},"_links":{"self":[{"href":"https:\/\/wp.kristdemokraterna.se\/laxa2\/wp-json\/wp\/v2\/pages\/1486","targetHints":{"allow":["GET"]}}],"collection":[{"href":"https:\/\/wp.kristdemokraterna.se\/laxa2\/wp-json\/wp\/v2\/pages"}],"about":[{"href":"https:\/\/wp.kristdemokraterna.se\/laxa2\/wp-json\/wp\/v2\/types\/page"}],"author":[{"embeddable":true,"href":"https:\/\/wp.kristdemokraterna.se\/laxa2\/wp-json\/wp\/v2\/users\/444"}],"replies":[{"embeddable":true,"href":"https:\/\/wp.kristdemokraterna.se\/laxa2\/wp-json\/wp\/v2\/comments?post=1486"}],"version-history":[{"count":1,"href":"https:\/\/wp.kristdemokraterna.se\/laxa2\/wp-json\/wp\/v2\/pages\/1486\/revisions"}],"predecessor-version":[{"id":1721,"href":"https:\/\/wp.kristdemokraterna.se\/laxa2\/wp-json\/wp\/v2\/pages\/1486\/revisions\/1721"}],"up":[{"embeddable":true,"href":"https:\/\/wp.kristdemokraterna.se\/laxa2\/wp-json\/wp\/v2\/pages\/1431"}],"wp:featuredmedia":[{"embeddable":true,"href":"https:\/\/wp.kristdemokraterna.se\/laxa2\/wp-json\/wp\/v2\/media\/714"}],"wp:attachment":[{"href":"https:\/\/wp.kristdemokraterna.se\/laxa2\/wp-json\/wp\/v2\/media?parent=1486"}],"curies":[{"name":"wp","href":"https:\/\/api.w.org\/{rel}","templated":true}]}}