{"id":1491,"date":"2022-07-05T08:27:30","date_gmt":"2022-07-05T06:27:30","guid":{"rendered":"https:\/\/wp.kristdemokraterna.se\/laxa\/?page_id=1491"},"modified":"2022-08-16T13:12:40","modified_gmt":"2022-08-16T11:12:40","slug":"hakan-gustavsson-kandidat-till-kommunfullmaktige","status":"publish","type":"page","link":"https:\/\/wp.kristdemokraterna.se\/laxa2\/kandidater-l-till-kommunfullmaktige\/hakan-gustavsson-kandidat-till-kommunfullmaktige\/","title":{"rendered":"5. H\u00e5kan Gustavsson &#8211; kandidat till kommunfullm\u00e4ktige"},"content":{"rendered":"<p><strong><img loading=\"lazy\" decoding=\"async\" class=\"size-medium wp-image-1492 alignleft\" src=\"https:\/\/wp.kristdemokraterna.se\/laxa2\/files\/2022\/07\/ha\u2560ekan-gustavsson-iii-225x300.png\" alt=\"\" width=\"225\" height=\"300\" srcset=\"https:\/\/wp.kristdemokraterna.se\/laxa2\/files\/2022\/07\/ha\u2560ekan-gustavsson-iii-225x300.png 225w, https:\/\/wp.kristdemokraterna.se\/laxa2\/files\/2022\/07\/ha\u2560ekan-gustavsson-iii-768x1024.png 768w, https:\/\/wp.kristdemokraterna.se\/laxa2\/files\/2022\/07\/ha\u2560ekan-gustavsson-iii-1152x1536.png 1152w, https:\/\/wp.kristdemokraterna.se\/laxa2\/files\/2022\/07\/ha\u2560ekan-gustavsson-iii-1536x2048.png 1536w, https:\/\/wp.kristdemokraterna.se\/laxa2\/files\/2022\/07\/ha\u2560ekan-gustavsson-iii-150x200.png 150w, https:\/\/wp.kristdemokraterna.se\/laxa2\/files\/2022\/07\/ha\u2560ekan-gustavsson-iii-370x493.png 370w, https:\/\/wp.kristdemokraterna.se\/laxa2\/files\/2022\/07\/ha\u2560ekan-gustavsson-iii-770x1027.png 770w, https:\/\/wp.kristdemokraterna.se\/laxa2\/files\/2022\/07\/ha\u2560ekan-gustavsson-iii-450x600.png 450w, https:\/\/wp.kristdemokraterna.se\/laxa2\/files\/2022\/07\/ha\u2560ekan-gustavsson-iii-280x373.png 280w, https:\/\/wp.kristdemokraterna.se\/laxa2\/files\/2022\/07\/ha\u2560ekan-gustavsson-iii-340x453.png 340w, https:\/\/wp.kristdemokraterna.se\/laxa2\/files\/2022\/07\/ha\u2560ekan-gustavsson-iii-42x56.png 42w\" sizes=\"auto, (max-width: 225px) 100vw, 225px\" \/>Namn: H\u00e5kan Gustavsson<\/strong><br \/>\n<strong style=\"color: #333333; font-style: normal;\">\u00c5lder: 55<br \/>\n<\/strong><strong>Civilst\u00e5nd: Gift<br \/>\nYrke: Produktionschef<\/strong><\/p>\n<p>Jag \u00e4r f\u00f6dd och uppvuxen i Finner\u00f6dja, h\u00e4r har jag blivit kvar, just d\u00e4rf\u00f6r att jag trivs v\u00e4ldigt bra h\u00e4r!<\/p>\n<p>Jag har 3 utflugna barn och 2 barnbarn s\u00e5 f\u00f6rutom min fru s\u00e5 \u00e4r det nu bara en katt inneboende i villan vi bor i.<\/p>\n<p>Har jobbat inom industrin i hela mitt liv varav ett antal \u00e5r p\u00e5 resande fot, \u00e4ven om det var slitsamt f\u00f6r familjelivet s\u00e5 var det ocks\u00e5 oerh\u00f6rt berikande att f\u00e5 se andra delar av b\u00e5de Europa och andra delar av v\u00e4rlden.<\/p>\n<p>Engagerad i mycket av det som h\u00e4nder (eller borde h\u00e4nda) h\u00e4r p\u00e5 orten sedan m\u00e5nga \u00e5r tillbaka och l\u00e4gger relativt mycket tid p\u00e5 ideellt arbete.<\/p>\n<p>Just politik \u00e4r inget som tidigare genom livet har st\u00e5tt s\u00e5 h\u00f6gt p\u00e5 min dagordning men det \u00e4r trots allt genom ett deltagande i politiken som man har m\u00f6jlighet att p\u00e5verka och f\u00f6r\u00e4ndra och det \u00e4r d\u00e4r jag k\u00e4nner och hoppas att man kan bidra med en del.<\/p>\n<p>Sakfr\u00e5gor p\u00e5 v\u00e4ldigt lokal niv\u00e5 \u00e4r det jag brinner f\u00f6r och det \u00e4r d\u00e4r jag vill dra mitt str\u00e5 till stacken, jag resonerar som s\u00e5 att det som \u00e4r bra f\u00f6r varje enskilt samh\u00e4lle i kommunen ocks\u00e5 \u00e4r bra f\u00f6r kommunen i sin helhet.<\/p>\n<p>Lax\u00e5 kommun har med sin n\u00e4rhet till b\u00e5de sj\u00f6ar och natur bra f\u00f6ruts\u00e4ttningar f\u00f6r att locka till sig b\u00e5de fler turister och permanent boende vilket jag anser \u00e4r en n\u00f6dv\u00e4ndighet f\u00f6r att kommunen ska forts\u00e4tta utvecklas \u00e5t r\u00e4tt h\u00e5ll.<\/p>\n<p>\u00c4n s\u00e5 l\u00e4nge anser jag mig relativt of\u00e4rgad politiskt och ska f\u00f6rs\u00f6ka i mesta m\u00f6jligaste m\u00e5n jobba f\u00f6r ett bra politiskt samarbete framf\u00f6r blockeringar som bygger p\u00e5 partitillh\u00f6righeter.<\/p>\n<p>&nbsp;<\/p>\n","protected":false},"excerpt":{"rendered":"<p>Namn: H\u00e5kan Gustavsson \u00c5lder: 55 Civilst\u00e5nd: Gift Yrke: Produktionschef Jag \u00e4r f\u00f6dd och uppvuxen i Finner\u00f6dja, h\u00e4r har jag blivit kvar, just d\u00e4rf\u00f6r att jag trivs v\u00e4ldigt bra h\u00e4r! Jag har 3 utflugna barn och 2 barnbarn s\u00e5 f\u00f6rutom min fru s\u00e5 \u00e4r det nu bara en katt inneboende i villan vi bor i. Har <a class=\"read-more-link\" href=\"https:\/\/wp.kristdemokraterna.se\/laxa2\/kandidater-l-till-kommunfullmaktige\/hakan-gustavsson-kandidat-till-kommunfullmaktige\/\">L\u00e4s mer<\/a><\/p>\n","protected":false},"author":444,"featured_media":714,"parent":1431,"menu_order":5,"comment_status":"closed","ping_status":"closed","template":"page.php","meta":{"_acf_changed":false,"footnotes":""},"class_list":["post-1491","page","type-page","status-publish","hentry"],"acf":[],"yoast_head":"<!-- This site is optimized with the Yoast SEO plugin v27.5 - https:\/\/yoast.com\/product\/yoast-seo-wordpress\/ -->\n<title>5. H\u00e5kan Gustavsson - kandidat till kommunfullm\u00e4ktige - Kristdemokraterna | Lax\u00e5<\/title>\n<meta name=\"robots\" content=\"index, follow, max-snippet:-1, max-image-preview:large, max-video-preview:-1\" \/>\n<link rel=\"canonical\" href=\"https:\/\/wp.kristdemokraterna.se\/laxa2\/kandidater-l-till-kommunfullmaktige\/hakan-gustavsson-kandidat-till-kommunfullmaktige\/\" \/>\n<meta property=\"og:locale\" content=\"sv_SE\" \/>\n<meta property=\"og:type\" content=\"article\" \/>\n<meta property=\"og:title\" content=\"5. H\u00e5kan Gustavsson - kandidat till kommunfullm\u00e4ktige - Kristdemokraterna | Lax\u00e5\" \/>\n<meta property=\"og:description\" content=\"Namn: H\u00e5kan Gustavsson \u00c5lder: 55 Civilst\u00e5nd: Gift Yrke: Produktionschef Jag \u00e4r f\u00f6dd och uppvuxen i Finner\u00f6dja, h\u00e4r har jag blivit kvar, just d\u00e4rf\u00f6r att jag trivs v\u00e4ldigt bra h\u00e4r! Jag har 3 utflugna barn och 2 barnbarn s\u00e5 f\u00f6rutom min fru s\u00e5 \u00e4r det nu bara en katt inneboende i villan vi bor i. Har L\u00e4s mer\" \/>\n<meta property=\"og:url\" content=\"https:\/\/wp.kristdemokraterna.se\/laxa2\/kandidater-l-till-kommunfullmaktige\/hakan-gustavsson-kandidat-till-kommunfullmaktige\/\" \/>\n<meta property=\"og:site_name\" content=\"Kristdemokraterna | Lax\u00e5\" \/>\n<meta property=\"article:modified_time\" content=\"2022-08-16T11:12:40+00:00\" \/>\n<meta property=\"og:image\" content=\"https:\/\/wp.kristdemokraterna.se\/laxa2\/files\/2022\/07\/ha\u2560ekan-gustavsson-iii-225x300.png\" \/>\n<meta name=\"twitter:card\" content=\"summary_large_image\" \/>\n<meta name=\"twitter:label1\" content=\"Ber\u00e4knad l\u00e4stid\" \/>\n\t<meta name=\"twitter:data1\" content=\"2 minuter\" \/>\n<script type=\"application\/ld+json\" class=\"yoast-schema-graph\">{\"@context\":\"https:\\\/\\\/schema.org\",\"@graph\":[{\"@type\":\"WebPage\",\"@id\":\"https:\\\/\\\/wp.kristdemokraterna.se\\\/laxa2\\\/kandidater-l-till-kommunfullmaktige\\\/hakan-gustavsson-kandidat-till-kommunfullmaktige\\\/\",\"url\":\"https:\\\/\\\/wp.kristdemokraterna.se\\\/laxa2\\\/kandidater-l-till-kommunfullmaktige\\\/hakan-gustavsson-kandidat-till-kommunfullmaktige\\\/\",\"name\":\"5. H\u00e5kan Gustavsson - kandidat till kommunfullm\u00e4ktige - Kristdemokraterna | Lax\u00e5\",\"isPartOf\":{\"@id\":\"https:\\\/\\\/wp.kristdemokraterna.se\\\/laxa2\\\/#website\"},\"primaryImageOfPage\":{\"@id\":\"https:\\\/\\\/wp.kristdemokraterna.se\\\/laxa2\\\/kandidater-l-till-kommunfullmaktige\\\/hakan-gustavsson-kandidat-till-kommunfullmaktige\\\/#primaryimage\"},\"image\":{\"@id\":\"https:\\\/\\\/wp.kristdemokraterna.se\\\/laxa2\\\/kandidater-l-till-kommunfullmaktige\\\/hakan-gustavsson-kandidat-till-kommunfullmaktige\\\/#primaryimage\"},\"thumbnailUrl\":\"https:\\\/\\\/wp.kristdemokraterna.se\\\/laxa2\\\/files\\\/2015\\\/01\\\/budget_2015.jpg\",\"datePublished\":\"2022-07-05T06:27:30+00:00\",\"dateModified\":\"2022-08-16T11:12:40+00:00\",\"breadcrumb\":{\"@id\":\"https:\\\/\\\/wp.kristdemokraterna.se\\\/laxa2\\\/kandidater-l-till-kommunfullmaktige\\\/hakan-gustavsson-kandidat-till-kommunfullmaktige\\\/#breadcrumb\"},\"inLanguage\":\"sv-SE\",\"potentialAction\":[{\"@type\":\"ReadAction\",\"target\":[\"https:\\\/\\\/wp.kristdemokraterna.se\\\/laxa2\\\/kandidater-l-till-kommunfullmaktige\\\/hakan-gustavsson-kandidat-till-kommunfullmaktige\\\/\"]}]},{\"@type\":\"ImageObject\",\"inLanguage\":\"sv-SE\",\"@id\":\"https:\\\/\\\/wp.kristdemokraterna.se\\\/laxa2\\\/kandidater-l-till-kommunfullmaktige\\\/hakan-gustavsson-kandidat-till-kommunfullmaktige\\\/#primaryimage\",\"url\":\"https:\\\/\\\/wp.kristdemokraterna.se\\\/laxa2\\\/files\\\/2015\\\/01\\\/budget_2015.jpg\",\"contentUrl\":\"https:\\\/\\\/wp.kristdemokraterna.se\\\/laxa2\\\/files\\\/2015\\\/01\\\/budget_2015.jpg\",\"width\":445,\"height\":625},{\"@type\":\"BreadcrumbList\",\"@id\":\"https:\\\/\\\/wp.kristdemokraterna.se\\\/laxa2\\\/kandidater-l-till-kommunfullmaktige\\\/hakan-gustavsson-kandidat-till-kommunfullmaktige\\\/#breadcrumb\",\"itemListElement\":[{\"@type\":\"ListItem\",\"position\":1,\"name\":\"Hem\",\"item\":\"https:\\\/\\\/wp.kristdemokraterna.se\\\/laxa2\\\/\"},{\"@type\":\"ListItem\",\"position\":2,\"name\":\"Kandidater till Kommunfullm\u00e4ktige\",\"item\":\"https:\\\/\\\/wp.kristdemokraterna.se\\\/laxa2\\\/kandidater-l-till-kommunfullmaktige\\\/\"},{\"@type\":\"ListItem\",\"position\":3,\"name\":\"5. H\u00e5kan Gustavsson &#8211; kandidat till kommunfullm\u00e4ktige\"}]},{\"@type\":\"WebSite\",\"@id\":\"https:\\\/\\\/wp.kristdemokraterna.se\\\/laxa2\\\/#website\",\"url\":\"https:\\\/\\\/wp.kristdemokraterna.se\\\/laxa2\\\/\",\"name\":\"Kristdemokraterna | Lax\u00e5\",\"description\":\"En till Kristdemokraterna webbplats\",\"inLanguage\":\"sv-SE\"}]}<\/script>\n<!-- \/ Yoast SEO plugin. -->","yoast_head_json":{"title":"5. H\u00e5kan Gustavsson - kandidat till kommunfullm\u00e4ktige - Kristdemokraterna | Lax\u00e5","robots":{"index":"index","follow":"follow","max-snippet":"max-snippet:-1","max-image-preview":"max-image-preview:large","max-video-preview":"max-video-preview:-1"},"canonical":"https:\/\/wp.kristdemokraterna.se\/laxa2\/kandidater-l-till-kommunfullmaktige\/hakan-gustavsson-kandidat-till-kommunfullmaktige\/","og_locale":"sv_SE","og_type":"article","og_title":"5. H\u00e5kan Gustavsson - kandidat till kommunfullm\u00e4ktige - Kristdemokraterna | Lax\u00e5","og_description":"Namn: H\u00e5kan Gustavsson \u00c5lder: 55 Civilst\u00e5nd: Gift Yrke: Produktionschef Jag \u00e4r f\u00f6dd och uppvuxen i Finner\u00f6dja, h\u00e4r har jag blivit kvar, just d\u00e4rf\u00f6r att jag trivs v\u00e4ldigt bra h\u00e4r! Jag har 3 utflugna barn och 2 barnbarn s\u00e5 f\u00f6rutom min fru s\u00e5 \u00e4r det nu bara en katt inneboende i villan vi bor i. Har L\u00e4s mer","og_url":"https:\/\/wp.kristdemokraterna.se\/laxa2\/kandidater-l-till-kommunfullmaktige\/hakan-gustavsson-kandidat-till-kommunfullmaktige\/","og_site_name":"Kristdemokraterna | Lax\u00e5","article_modified_time":"2022-08-16T11:12:40+00:00","og_image":[{"url":"https:\/\/wp.kristdemokraterna.se\/laxa2\/files\/2022\/07\/ha\u2560ekan-gustavsson-iii-225x300.png","type":"","width":"","height":""}],"twitter_card":"summary_large_image","twitter_misc":{"Ber\u00e4knad l\u00e4stid":"2 minuter"},"schema":{"@context":"https:\/\/schema.org","@graph":[{"@type":"WebPage","@id":"https:\/\/wp.kristdemokraterna.se\/laxa2\/kandidater-l-till-kommunfullmaktige\/hakan-gustavsson-kandidat-till-kommunfullmaktige\/","url":"https:\/\/wp.kristdemokraterna.se\/laxa2\/kandidater-l-till-kommunfullmaktige\/hakan-gustavsson-kandidat-till-kommunfullmaktige\/","name":"5. H\u00e5kan Gustavsson - kandidat till kommunfullm\u00e4ktige - Kristdemokraterna | Lax\u00e5","isPartOf":{"@id":"https:\/\/wp.kristdemokraterna.se\/laxa2\/#website"},"primaryImageOfPage":{"@id":"https:\/\/wp.kristdemokraterna.se\/laxa2\/kandidater-l-till-kommunfullmaktige\/hakan-gustavsson-kandidat-till-kommunfullmaktige\/#primaryimage"},"image":{"@id":"https:\/\/wp.kristdemokraterna.se\/laxa2\/kandidater-l-till-kommunfullmaktige\/hakan-gustavsson-kandidat-till-kommunfullmaktige\/#primaryimage"},"thumbnailUrl":"https:\/\/wp.kristdemokraterna.se\/laxa2\/files\/2015\/01\/budget_2015.jpg","datePublished":"2022-07-05T06:27:30+00:00","dateModified":"2022-08-16T11:12:40+00:00","breadcrumb":{"@id":"https:\/\/wp.kristdemokraterna.se\/laxa2\/kandidater-l-till-kommunfullmaktige\/hakan-gustavsson-kandidat-till-kommunfullmaktige\/#breadcrumb"},"inLanguage":"sv-SE","potentialAction":[{"@type":"ReadAction","target":["https:\/\/wp.kristdemokraterna.se\/laxa2\/kandidater-l-till-kommunfullmaktige\/hakan-gustavsson-kandidat-till-kommunfullmaktige\/"]}]},{"@type":"ImageObject","inLanguage":"sv-SE","@id":"https:\/\/wp.kristdemokraterna.se\/laxa2\/kandidater-l-till-kommunfullmaktige\/hakan-gustavsson-kandidat-till-kommunfullmaktige\/#primaryimage","url":"https:\/\/wp.kristdemokraterna.se\/laxa2\/files\/2015\/01\/budget_2015.jpg","contentUrl":"https:\/\/wp.kristdemokraterna.se\/laxa2\/files\/2015\/01\/budget_2015.jpg","width":445,"height":625},{"@type":"BreadcrumbList","@id":"https:\/\/wp.kristdemokraterna.se\/laxa2\/kandidater-l-till-kommunfullmaktige\/hakan-gustavsson-kandidat-till-kommunfullmaktige\/#breadcrumb","itemListElement":[{"@type":"ListItem","position":1,"name":"Hem","item":"https:\/\/wp.kristdemokraterna.se\/laxa2\/"},{"@type":"ListItem","position":2,"name":"Kandidater till Kommunfullm\u00e4ktige","item":"https:\/\/wp.kristdemokraterna.se\/laxa2\/kandidater-l-till-kommunfullmaktige\/"},{"@type":"ListItem","position":3,"name":"5. H\u00e5kan Gustavsson &#8211; kandidat till kommunfullm\u00e4ktige"}]},{"@type":"WebSite","@id":"https:\/\/wp.kristdemokraterna.se\/laxa2\/#website","url":"https:\/\/wp.kristdemokraterna.se\/laxa2\/","name":"Kristdemokraterna | Lax\u00e5","description":"En till Kristdemokraterna webbplats","inLanguage":"sv-SE"}]}},"_links":{"self":[{"href":"https:\/\/wp.kristdemokraterna.se\/laxa2\/wp-json\/wp\/v2\/pages\/1491","targetHints":{"allow":["GET"]}}],"collection":[{"href":"https:\/\/wp.kristdemokraterna.se\/laxa2\/wp-json\/wp\/v2\/pages"}],"about":[{"href":"https:\/\/wp.kristdemokraterna.se\/laxa2\/wp-json\/wp\/v2\/types\/page"}],"author":[{"embeddable":true,"href":"https:\/\/wp.kristdemokraterna.se\/laxa2\/wp-json\/wp\/v2\/users\/444"}],"replies":[{"embeddable":true,"href":"https:\/\/wp.kristdemokraterna.se\/laxa2\/wp-json\/wp\/v2\/comments?post=1491"}],"version-history":[{"count":1,"href":"https:\/\/wp.kristdemokraterna.se\/laxa2\/wp-json\/wp\/v2\/pages\/1491\/revisions"}],"predecessor-version":[{"id":1726,"href":"https:\/\/wp.kristdemokraterna.se\/laxa2\/wp-json\/wp\/v2\/pages\/1491\/revisions\/1726"}],"up":[{"embeddable":true,"href":"https:\/\/wp.kristdemokraterna.se\/laxa2\/wp-json\/wp\/v2\/pages\/1431"}],"wp:featuredmedia":[{"embeddable":true,"href":"https:\/\/wp.kristdemokraterna.se\/laxa2\/wp-json\/wp\/v2\/media\/714"}],"wp:attachment":[{"href":"https:\/\/wp.kristdemokraterna.se\/laxa2\/wp-json\/wp\/v2\/media?parent=1491"}],"curies":[{"name":"wp","href":"https:\/\/api.w.org\/{rel}","templated":true}]}}