{"id":1496,"date":"2022-07-05T08:47:20","date_gmt":"2022-07-05T06:47:20","guid":{"rendered":"https:\/\/wp.kristdemokraterna.se\/laxa\/?page_id=1496"},"modified":"2022-08-16T13:09:34","modified_gmt":"2022-08-16T11:09:34","slug":"annemari-tingo-hagstedt-kandidat-till-kommunfullmaktige","status":"publish","type":"page","link":"https:\/\/wp.kristdemokraterna.se\/laxa2\/kandidater-l-till-kommunfullmaktige\/annemari-tingo-hagstedt-kandidat-till-kommunfullmaktige\/","title":{"rendered":"24. Annemari Ting\u00f6-Hagstedt &#8211; kandidat till kommunfullm\u00e4ktige"},"content":{"rendered":"<p><strong><img loading=\"lazy\" decoding=\"async\" class=\"size-medium wp-image-1513 alignleft\" src=\"https:\/\/wp.kristdemokraterna.se\/laxa2\/files\/2022\/07\/annemari-tingo-hagstedt-251x300.jpg\" alt=\"\" width=\"251\" height=\"300\" srcset=\"https:\/\/wp.kristdemokraterna.se\/laxa2\/files\/2022\/07\/annemari-tingo-hagstedt-251x300.jpg 251w, https:\/\/wp.kristdemokraterna.se\/laxa2\/files\/2022\/07\/annemari-tingo-hagstedt-168x200.jpg 168w, https:\/\/wp.kristdemokraterna.se\/laxa2\/files\/2022\/07\/annemari-tingo-hagstedt-370x442.jpg 370w, https:\/\/wp.kristdemokraterna.se\/laxa2\/files\/2022\/07\/annemari-tingo-hagstedt-450x537.jpg 450w, https:\/\/wp.kristdemokraterna.se\/laxa2\/files\/2022\/07\/annemari-tingo-hagstedt-280x334.jpg 280w, https:\/\/wp.kristdemokraterna.se\/laxa2\/files\/2022\/07\/annemari-tingo-hagstedt-340x406.jpg 340w, https:\/\/wp.kristdemokraterna.se\/laxa2\/files\/2022\/07\/annemari-tingo-hagstedt-47x56.jpg 47w, https:\/\/wp.kristdemokraterna.se\/laxa2\/files\/2022\/07\/annemari-tingo-hagstedt.jpg 496w\" sizes=\"auto, (max-width: 251px) 100vw, 251px\" \/>Namn: Annemari Ting\u00f6-Hagstedt<\/strong><br \/>\n<strong>\u00c5lder: 50+<\/strong><br \/>\n<strong>Civilst\u00e5nd: Gift<\/strong><br \/>\n<strong>Yrke: Barnmorska<\/strong><\/p>\n<p>&nbsp;<\/p>\n<p>Jag \u00e4r f\u00f6dd och uppvuxen i Lax\u00e5 och efter utbildning till sjuksk\u00f6terska i \u00d6rebro flyttade jag tillbaka till Lax\u00e5 och bildade familj. Sedan 10 \u00e5r arbetar jag som barnmorska p\u00e5 familjecentralen och jag brinner f\u00f6r att alla ungdomar, blivande f\u00f6r\u00e4ldrar, f\u00f6r\u00e4ldrar och barn ska ges de b\u00e4sta f\u00f6ruts\u00e4ttningar i v\u00e5r kommun.<\/p>\n<p>Kristdemokraterna i Lax\u00e5 har gjort skillnad de senaste tv\u00e5 valperioderna. Kommunen \u00e4r numer p\u00e5 r\u00e4tt kurs och partiet har mitt f\u00f6rtroende att forts\u00e4tta sitt arbete f\u00f6r ett b\u00e4ttre Lax\u00e5. Jag tror att jag genom min utbildning, yrkeserfarenhet och livserfarenhet kan bidra till det arbetet.<\/p>\n","protected":false},"excerpt":{"rendered":"<p>Namn: Annemari Ting\u00f6-Hagstedt \u00c5lder: 50+ Civilst\u00e5nd: Gift Yrke: Barnmorska &nbsp; Jag \u00e4r f\u00f6dd och uppvuxen i Lax\u00e5 och efter utbildning till sjuksk\u00f6terska i \u00d6rebro flyttade jag tillbaka till Lax\u00e5 och bildade familj. Sedan 10 \u00e5r arbetar jag som barnmorska p\u00e5 familjecentralen och jag brinner f\u00f6r att alla ungdomar, blivande f\u00f6r\u00e4ldrar, f\u00f6r\u00e4ldrar och barn ska ges <a class=\"read-more-link\" href=\"https:\/\/wp.kristdemokraterna.se\/laxa2\/kandidater-l-till-kommunfullmaktige\/annemari-tingo-hagstedt-kandidat-till-kommunfullmaktige\/\">L\u00e4s mer<\/a><\/p>\n","protected":false},"author":444,"featured_media":714,"parent":1431,"menu_order":16,"comment_status":"closed","ping_status":"closed","template":"page.php","meta":{"_acf_changed":false,"footnotes":""},"class_list":["post-1496","page","type-page","status-publish","hentry"],"acf":[],"yoast_head":"<!-- This site is optimized with the Yoast SEO plugin v27.5 - https:\/\/yoast.com\/product\/yoast-seo-wordpress\/ -->\n<title>24. Annemari Ting\u00f6-Hagstedt - kandidat till kommunfullm\u00e4ktige - Kristdemokraterna | Lax\u00e5<\/title>\n<meta name=\"robots\" content=\"index, follow, max-snippet:-1, max-image-preview:large, max-video-preview:-1\" \/>\n<link rel=\"canonical\" href=\"https:\/\/wp.kristdemokraterna.se\/laxa2\/kandidater-l-till-kommunfullmaktige\/annemari-tingo-hagstedt-kandidat-till-kommunfullmaktige\/\" \/>\n<meta property=\"og:locale\" content=\"sv_SE\" \/>\n<meta property=\"og:type\" content=\"article\" \/>\n<meta property=\"og:title\" content=\"24. Annemari Ting\u00f6-Hagstedt - kandidat till kommunfullm\u00e4ktige - Kristdemokraterna | Lax\u00e5\" \/>\n<meta property=\"og:description\" content=\"Namn: Annemari Ting\u00f6-Hagstedt \u00c5lder: 50+ Civilst\u00e5nd: Gift Yrke: Barnmorska &nbsp; Jag \u00e4r f\u00f6dd och uppvuxen i Lax\u00e5 och efter utbildning till sjuksk\u00f6terska i \u00d6rebro flyttade jag tillbaka till Lax\u00e5 och bildade familj. Sedan 10 \u00e5r arbetar jag som barnmorska p\u00e5 familjecentralen och jag brinner f\u00f6r att alla ungdomar, blivande f\u00f6r\u00e4ldrar, f\u00f6r\u00e4ldrar och barn ska ges L\u00e4s mer\" \/>\n<meta property=\"og:url\" content=\"https:\/\/wp.kristdemokraterna.se\/laxa2\/kandidater-l-till-kommunfullmaktige\/annemari-tingo-hagstedt-kandidat-till-kommunfullmaktige\/\" \/>\n<meta property=\"og:site_name\" content=\"Kristdemokraterna | Lax\u00e5\" \/>\n<meta property=\"article:modified_time\" content=\"2022-08-16T11:09:34+00:00\" \/>\n<meta property=\"og:image\" content=\"https:\/\/wp.kristdemokraterna.se\/laxa2\/files\/2022\/07\/annemari-tingo-hagstedt-251x300.jpg\" \/>\n<meta name=\"twitter:card\" content=\"summary_large_image\" \/>\n<meta name=\"twitter:label1\" content=\"Ber\u00e4knad l\u00e4stid\" \/>\n\t<meta name=\"twitter:data1\" content=\"1 minut\" \/>\n<script type=\"application\/ld+json\" class=\"yoast-schema-graph\">{\"@context\":\"https:\\\/\\\/schema.org\",\"@graph\":[{\"@type\":\"WebPage\",\"@id\":\"https:\\\/\\\/wp.kristdemokraterna.se\\\/laxa2\\\/kandidater-l-till-kommunfullmaktige\\\/annemari-tingo-hagstedt-kandidat-till-kommunfullmaktige\\\/\",\"url\":\"https:\\\/\\\/wp.kristdemokraterna.se\\\/laxa2\\\/kandidater-l-till-kommunfullmaktige\\\/annemari-tingo-hagstedt-kandidat-till-kommunfullmaktige\\\/\",\"name\":\"24. Annemari Ting\u00f6-Hagstedt - kandidat till kommunfullm\u00e4ktige - Kristdemokraterna | Lax\u00e5\",\"isPartOf\":{\"@id\":\"https:\\\/\\\/wp.kristdemokraterna.se\\\/laxa2\\\/#website\"},\"primaryImageOfPage\":{\"@id\":\"https:\\\/\\\/wp.kristdemokraterna.se\\\/laxa2\\\/kandidater-l-till-kommunfullmaktige\\\/annemari-tingo-hagstedt-kandidat-till-kommunfullmaktige\\\/#primaryimage\"},\"image\":{\"@id\":\"https:\\\/\\\/wp.kristdemokraterna.se\\\/laxa2\\\/kandidater-l-till-kommunfullmaktige\\\/annemari-tingo-hagstedt-kandidat-till-kommunfullmaktige\\\/#primaryimage\"},\"thumbnailUrl\":\"https:\\\/\\\/wp.kristdemokraterna.se\\\/laxa2\\\/files\\\/2015\\\/01\\\/budget_2015.jpg\",\"datePublished\":\"2022-07-05T06:47:20+00:00\",\"dateModified\":\"2022-08-16T11:09:34+00:00\",\"breadcrumb\":{\"@id\":\"https:\\\/\\\/wp.kristdemokraterna.se\\\/laxa2\\\/kandidater-l-till-kommunfullmaktige\\\/annemari-tingo-hagstedt-kandidat-till-kommunfullmaktige\\\/#breadcrumb\"},\"inLanguage\":\"sv-SE\",\"potentialAction\":[{\"@type\":\"ReadAction\",\"target\":[\"https:\\\/\\\/wp.kristdemokraterna.se\\\/laxa2\\\/kandidater-l-till-kommunfullmaktige\\\/annemari-tingo-hagstedt-kandidat-till-kommunfullmaktige\\\/\"]}]},{\"@type\":\"ImageObject\",\"inLanguage\":\"sv-SE\",\"@id\":\"https:\\\/\\\/wp.kristdemokraterna.se\\\/laxa2\\\/kandidater-l-till-kommunfullmaktige\\\/annemari-tingo-hagstedt-kandidat-till-kommunfullmaktige\\\/#primaryimage\",\"url\":\"https:\\\/\\\/wp.kristdemokraterna.se\\\/laxa2\\\/files\\\/2015\\\/01\\\/budget_2015.jpg\",\"contentUrl\":\"https:\\\/\\\/wp.kristdemokraterna.se\\\/laxa2\\\/files\\\/2015\\\/01\\\/budget_2015.jpg\",\"width\":445,\"height\":625},{\"@type\":\"BreadcrumbList\",\"@id\":\"https:\\\/\\\/wp.kristdemokraterna.se\\\/laxa2\\\/kandidater-l-till-kommunfullmaktige\\\/annemari-tingo-hagstedt-kandidat-till-kommunfullmaktige\\\/#breadcrumb\",\"itemListElement\":[{\"@type\":\"ListItem\",\"position\":1,\"name\":\"Hem\",\"item\":\"https:\\\/\\\/wp.kristdemokraterna.se\\\/laxa2\\\/\"},{\"@type\":\"ListItem\",\"position\":2,\"name\":\"Kandidater till Kommunfullm\u00e4ktige\",\"item\":\"https:\\\/\\\/wp.kristdemokraterna.se\\\/laxa2\\\/kandidater-l-till-kommunfullmaktige\\\/\"},{\"@type\":\"ListItem\",\"position\":3,\"name\":\"24. Annemari Ting\u00f6-Hagstedt &#8211; kandidat till kommunfullm\u00e4ktige\"}]},{\"@type\":\"WebSite\",\"@id\":\"https:\\\/\\\/wp.kristdemokraterna.se\\\/laxa2\\\/#website\",\"url\":\"https:\\\/\\\/wp.kristdemokraterna.se\\\/laxa2\\\/\",\"name\":\"Kristdemokraterna | Lax\u00e5\",\"description\":\"En till Kristdemokraterna webbplats\",\"inLanguage\":\"sv-SE\"}]}<\/script>\n<!-- \/ Yoast SEO plugin. -->","yoast_head_json":{"title":"24. Annemari Ting\u00f6-Hagstedt - kandidat till kommunfullm\u00e4ktige - Kristdemokraterna | Lax\u00e5","robots":{"index":"index","follow":"follow","max-snippet":"max-snippet:-1","max-image-preview":"max-image-preview:large","max-video-preview":"max-video-preview:-1"},"canonical":"https:\/\/wp.kristdemokraterna.se\/laxa2\/kandidater-l-till-kommunfullmaktige\/annemari-tingo-hagstedt-kandidat-till-kommunfullmaktige\/","og_locale":"sv_SE","og_type":"article","og_title":"24. Annemari Ting\u00f6-Hagstedt - kandidat till kommunfullm\u00e4ktige - Kristdemokraterna | Lax\u00e5","og_description":"Namn: Annemari Ting\u00f6-Hagstedt \u00c5lder: 50+ Civilst\u00e5nd: Gift Yrke: Barnmorska &nbsp; Jag \u00e4r f\u00f6dd och uppvuxen i Lax\u00e5 och efter utbildning till sjuksk\u00f6terska i \u00d6rebro flyttade jag tillbaka till Lax\u00e5 och bildade familj. Sedan 10 \u00e5r arbetar jag som barnmorska p\u00e5 familjecentralen och jag brinner f\u00f6r att alla ungdomar, blivande f\u00f6r\u00e4ldrar, f\u00f6r\u00e4ldrar och barn ska ges L\u00e4s mer","og_url":"https:\/\/wp.kristdemokraterna.se\/laxa2\/kandidater-l-till-kommunfullmaktige\/annemari-tingo-hagstedt-kandidat-till-kommunfullmaktige\/","og_site_name":"Kristdemokraterna | Lax\u00e5","article_modified_time":"2022-08-16T11:09:34+00:00","og_image":[{"url":"https:\/\/wp.kristdemokraterna.se\/laxa2\/files\/2022\/07\/annemari-tingo-hagstedt-251x300.jpg","type":"","width":"","height":""}],"twitter_card":"summary_large_image","twitter_misc":{"Ber\u00e4knad l\u00e4stid":"1 minut"},"schema":{"@context":"https:\/\/schema.org","@graph":[{"@type":"WebPage","@id":"https:\/\/wp.kristdemokraterna.se\/laxa2\/kandidater-l-till-kommunfullmaktige\/annemari-tingo-hagstedt-kandidat-till-kommunfullmaktige\/","url":"https:\/\/wp.kristdemokraterna.se\/laxa2\/kandidater-l-till-kommunfullmaktige\/annemari-tingo-hagstedt-kandidat-till-kommunfullmaktige\/","name":"24. Annemari Ting\u00f6-Hagstedt - kandidat till kommunfullm\u00e4ktige - Kristdemokraterna | Lax\u00e5","isPartOf":{"@id":"https:\/\/wp.kristdemokraterna.se\/laxa2\/#website"},"primaryImageOfPage":{"@id":"https:\/\/wp.kristdemokraterna.se\/laxa2\/kandidater-l-till-kommunfullmaktige\/annemari-tingo-hagstedt-kandidat-till-kommunfullmaktige\/#primaryimage"},"image":{"@id":"https:\/\/wp.kristdemokraterna.se\/laxa2\/kandidater-l-till-kommunfullmaktige\/annemari-tingo-hagstedt-kandidat-till-kommunfullmaktige\/#primaryimage"},"thumbnailUrl":"https:\/\/wp.kristdemokraterna.se\/laxa2\/files\/2015\/01\/budget_2015.jpg","datePublished":"2022-07-05T06:47:20+00:00","dateModified":"2022-08-16T11:09:34+00:00","breadcrumb":{"@id":"https:\/\/wp.kristdemokraterna.se\/laxa2\/kandidater-l-till-kommunfullmaktige\/annemari-tingo-hagstedt-kandidat-till-kommunfullmaktige\/#breadcrumb"},"inLanguage":"sv-SE","potentialAction":[{"@type":"ReadAction","target":["https:\/\/wp.kristdemokraterna.se\/laxa2\/kandidater-l-till-kommunfullmaktige\/annemari-tingo-hagstedt-kandidat-till-kommunfullmaktige\/"]}]},{"@type":"ImageObject","inLanguage":"sv-SE","@id":"https:\/\/wp.kristdemokraterna.se\/laxa2\/kandidater-l-till-kommunfullmaktige\/annemari-tingo-hagstedt-kandidat-till-kommunfullmaktige\/#primaryimage","url":"https:\/\/wp.kristdemokraterna.se\/laxa2\/files\/2015\/01\/budget_2015.jpg","contentUrl":"https:\/\/wp.kristdemokraterna.se\/laxa2\/files\/2015\/01\/budget_2015.jpg","width":445,"height":625},{"@type":"BreadcrumbList","@id":"https:\/\/wp.kristdemokraterna.se\/laxa2\/kandidater-l-till-kommunfullmaktige\/annemari-tingo-hagstedt-kandidat-till-kommunfullmaktige\/#breadcrumb","itemListElement":[{"@type":"ListItem","position":1,"name":"Hem","item":"https:\/\/wp.kristdemokraterna.se\/laxa2\/"},{"@type":"ListItem","position":2,"name":"Kandidater till Kommunfullm\u00e4ktige","item":"https:\/\/wp.kristdemokraterna.se\/laxa2\/kandidater-l-till-kommunfullmaktige\/"},{"@type":"ListItem","position":3,"name":"24. Annemari Ting\u00f6-Hagstedt &#8211; kandidat till kommunfullm\u00e4ktige"}]},{"@type":"WebSite","@id":"https:\/\/wp.kristdemokraterna.se\/laxa2\/#website","url":"https:\/\/wp.kristdemokraterna.se\/laxa2\/","name":"Kristdemokraterna | Lax\u00e5","description":"En till Kristdemokraterna webbplats","inLanguage":"sv-SE"}]}},"_links":{"self":[{"href":"https:\/\/wp.kristdemokraterna.se\/laxa2\/wp-json\/wp\/v2\/pages\/1496","targetHints":{"allow":["GET"]}}],"collection":[{"href":"https:\/\/wp.kristdemokraterna.se\/laxa2\/wp-json\/wp\/v2\/pages"}],"about":[{"href":"https:\/\/wp.kristdemokraterna.se\/laxa2\/wp-json\/wp\/v2\/types\/page"}],"author":[{"embeddable":true,"href":"https:\/\/wp.kristdemokraterna.se\/laxa2\/wp-json\/wp\/v2\/users\/444"}],"replies":[{"embeddable":true,"href":"https:\/\/wp.kristdemokraterna.se\/laxa2\/wp-json\/wp\/v2\/comments?post=1496"}],"version-history":[{"count":1,"href":"https:\/\/wp.kristdemokraterna.se\/laxa2\/wp-json\/wp\/v2\/pages\/1496\/revisions"}],"predecessor-version":[{"id":1715,"href":"https:\/\/wp.kristdemokraterna.se\/laxa2\/wp-json\/wp\/v2\/pages\/1496\/revisions\/1715"}],"up":[{"embeddable":true,"href":"https:\/\/wp.kristdemokraterna.se\/laxa2\/wp-json\/wp\/v2\/pages\/1431"}],"wp:featuredmedia":[{"embeddable":true,"href":"https:\/\/wp.kristdemokraterna.se\/laxa2\/wp-json\/wp\/v2\/media\/714"}],"wp:attachment":[{"href":"https:\/\/wp.kristdemokraterna.se\/laxa2\/wp-json\/wp\/v2\/media?parent=1496"}],"curies":[{"name":"wp","href":"https:\/\/api.w.org\/{rel}","templated":true}]}}