{"id":1515,"date":"2022-07-06T17:04:25","date_gmt":"2022-07-06T15:04:25","guid":{"rendered":"https:\/\/wp.kristdemokraterna.se\/laxa\/?page_id=1515"},"modified":"2022-08-16T13:12:28","modified_gmt":"2022-08-16T11:12:28","slug":"rebecka-schon-kandidat-till-kommunfullmaktige","status":"publish","type":"page","link":"https:\/\/wp.kristdemokraterna.se\/laxa2\/kandidater-l-till-kommunfullmaktige\/rebecka-schon-kandidat-till-kommunfullmaktige\/","title":{"rendered":"6. Rebecka Sch\u00f6n &#8211; kandidat till kommunfullm\u00e4ktige"},"content":{"rendered":"<p><img loading=\"lazy\" decoding=\"async\" class=\"size-medium wp-image-1516 alignleft\" src=\"https:\/\/wp.kristdemokraterna.se\/laxa2\/files\/2022\/07\/rebecka-sko\u2560en-i-228x300.jpg\" alt=\"\" width=\"228\" height=\"300\" srcset=\"https:\/\/wp.kristdemokraterna.se\/laxa2\/files\/2022\/07\/rebecka-sko\u2560en-i-228x300.jpg 228w, https:\/\/wp.kristdemokraterna.se\/laxa2\/files\/2022\/07\/rebecka-sko\u2560en-i-779x1024.jpg 779w, https:\/\/wp.kristdemokraterna.se\/laxa2\/files\/2022\/07\/rebecka-sko\u2560en-i-768x1009.jpg 768w, https:\/\/wp.kristdemokraterna.se\/laxa2\/files\/2022\/07\/rebecka-sko\u2560en-i-152x200.jpg 152w, https:\/\/wp.kristdemokraterna.se\/laxa2\/files\/2022\/07\/rebecka-sko\u2560en-i-370x486.jpg 370w, https:\/\/wp.kristdemokraterna.se\/laxa2\/files\/2022\/07\/rebecka-sko\u2560en-i-770x1012.jpg 770w, https:\/\/wp.kristdemokraterna.se\/laxa2\/files\/2022\/07\/rebecka-sko\u2560en-i-450x591.jpg 450w, https:\/\/wp.kristdemokraterna.se\/laxa2\/files\/2022\/07\/rebecka-sko\u2560en-i-280x368.jpg 280w, https:\/\/wp.kristdemokraterna.se\/laxa2\/files\/2022\/07\/rebecka-sko\u2560en-i-340x447.jpg 340w, https:\/\/wp.kristdemokraterna.se\/laxa2\/files\/2022\/07\/rebecka-sko\u2560en-i-43x56.jpg 43w, https:\/\/wp.kristdemokraterna.se\/laxa2\/files\/2022\/07\/rebecka-sko\u2560en-i.jpg 1000w\" sizes=\"auto, (max-width: 228px) 100vw, 228px\" \/><strong>Namn: Rebecka Sch\u00f6n<\/strong><br \/>\n<strong>\u00c5lder: 35<\/strong><br \/>\n<strong>Civilst\u00e5nd: Gift<\/strong><br \/>\n<strong>Yrke: HR-generalist<\/strong><\/p>\n<p>&nbsp;<\/p>\n<p>Jag heter Rebecka och \u00e4r f\u00f6dd och uppvuxen i Lax\u00e5. Jag bor sedan 14 \u00e5r i Hasselfors med man och tv\u00e5 barn, h\u00e4r stortrivs vi! Min uppv\u00e4xt har pr\u00e4glats av en mor engagerad i lokalpolitiken i Lax\u00e5 och jag har alltid haft ett stort samh\u00e4llsintresse.<\/p>\n<p>Jag har sedan 2018 varit ledamot i kommunfullm\u00e4ktige, styrelseledamot i Lax\u00e5 Vatten AB och Lax\u00e5 V\u00e4rme AB samt vice ordf\u00f6rande i sydn\u00e4rkes \u00f6verf\u00f6rmyndarn\u00e4mnd. De senaste 8 \u00e5ren har Kristdemokraterna varit en stor del i att v\u00e4nda den negativa spiral som kommunen var i och vi ser idag en kommun med hopp och tro p\u00e5 framtiden. Detta vill jag forts\u00e4tta att utveckla om ni ger oss fortsatt f\u00f6rtroende.<\/p>\n","protected":false},"excerpt":{"rendered":"<p>Namn: Rebecka Sch\u00f6n \u00c5lder: 35 Civilst\u00e5nd: Gift Yrke: HR-generalist &nbsp; Jag heter Rebecka och \u00e4r f\u00f6dd och uppvuxen i Lax\u00e5. Jag bor sedan 14 \u00e5r i Hasselfors med man och tv\u00e5 barn, h\u00e4r stortrivs vi! Min uppv\u00e4xt har pr\u00e4glats av en mor engagerad i lokalpolitiken i Lax\u00e5 och jag har alltid haft ett stort samh\u00e4llsintresse. <a class=\"read-more-link\" href=\"https:\/\/wp.kristdemokraterna.se\/laxa2\/kandidater-l-till-kommunfullmaktige\/rebecka-schon-kandidat-till-kommunfullmaktige\/\">L\u00e4s mer<\/a><\/p>\n","protected":false},"author":444,"featured_media":714,"parent":1431,"menu_order":6,"comment_status":"closed","ping_status":"closed","template":"page.php","meta":{"_acf_changed":false,"footnotes":""},"class_list":["post-1515","page","type-page","status-publish","hentry"],"acf":[],"yoast_head":"<!-- This site is optimized with the Yoast SEO plugin v27.5 - https:\/\/yoast.com\/product\/yoast-seo-wordpress\/ -->\n<title>6. Rebecka Sch\u00f6n - kandidat till kommunfullm\u00e4ktige - Kristdemokraterna | Lax\u00e5<\/title>\n<meta name=\"robots\" content=\"index, follow, max-snippet:-1, max-image-preview:large, max-video-preview:-1\" \/>\n<link rel=\"canonical\" href=\"https:\/\/wp.kristdemokraterna.se\/laxa2\/kandidater-l-till-kommunfullmaktige\/rebecka-schon-kandidat-till-kommunfullmaktige\/\" \/>\n<meta property=\"og:locale\" content=\"sv_SE\" \/>\n<meta property=\"og:type\" content=\"article\" \/>\n<meta property=\"og:title\" content=\"6. Rebecka Sch\u00f6n - kandidat till kommunfullm\u00e4ktige - Kristdemokraterna | Lax\u00e5\" \/>\n<meta property=\"og:description\" content=\"Namn: Rebecka Sch\u00f6n \u00c5lder: 35 Civilst\u00e5nd: Gift Yrke: HR-generalist &nbsp; Jag heter Rebecka och \u00e4r f\u00f6dd och uppvuxen i Lax\u00e5. Jag bor sedan 14 \u00e5r i Hasselfors med man och tv\u00e5 barn, h\u00e4r stortrivs vi! Min uppv\u00e4xt har pr\u00e4glats av en mor engagerad i lokalpolitiken i Lax\u00e5 och jag har alltid haft ett stort samh\u00e4llsintresse. L\u00e4s mer\" \/>\n<meta property=\"og:url\" content=\"https:\/\/wp.kristdemokraterna.se\/laxa2\/kandidater-l-till-kommunfullmaktige\/rebecka-schon-kandidat-till-kommunfullmaktige\/\" \/>\n<meta property=\"og:site_name\" content=\"Kristdemokraterna | Lax\u00e5\" \/>\n<meta property=\"article:modified_time\" content=\"2022-08-16T11:12:28+00:00\" \/>\n<meta property=\"og:image\" content=\"https:\/\/wp.kristdemokraterna.se\/laxa2\/files\/2022\/07\/rebecka-sko\u2560en-i-228x300.jpg\" \/>\n<meta name=\"twitter:card\" content=\"summary_large_image\" \/>\n<meta name=\"twitter:label1\" content=\"Ber\u00e4knad l\u00e4stid\" \/>\n\t<meta name=\"twitter:data1\" content=\"1 minut\" \/>\n<script type=\"application\/ld+json\" class=\"yoast-schema-graph\">{\"@context\":\"https:\\\/\\\/schema.org\",\"@graph\":[{\"@type\":\"WebPage\",\"@id\":\"https:\\\/\\\/wp.kristdemokraterna.se\\\/laxa2\\\/kandidater-l-till-kommunfullmaktige\\\/rebecka-schon-kandidat-till-kommunfullmaktige\\\/\",\"url\":\"https:\\\/\\\/wp.kristdemokraterna.se\\\/laxa2\\\/kandidater-l-till-kommunfullmaktige\\\/rebecka-schon-kandidat-till-kommunfullmaktige\\\/\",\"name\":\"6. Rebecka Sch\u00f6n - kandidat till kommunfullm\u00e4ktige - Kristdemokraterna | Lax\u00e5\",\"isPartOf\":{\"@id\":\"https:\\\/\\\/wp.kristdemokraterna.se\\\/laxa2\\\/#website\"},\"primaryImageOfPage\":{\"@id\":\"https:\\\/\\\/wp.kristdemokraterna.se\\\/laxa2\\\/kandidater-l-till-kommunfullmaktige\\\/rebecka-schon-kandidat-till-kommunfullmaktige\\\/#primaryimage\"},\"image\":{\"@id\":\"https:\\\/\\\/wp.kristdemokraterna.se\\\/laxa2\\\/kandidater-l-till-kommunfullmaktige\\\/rebecka-schon-kandidat-till-kommunfullmaktige\\\/#primaryimage\"},\"thumbnailUrl\":\"https:\\\/\\\/wp.kristdemokraterna.se\\\/laxa2\\\/files\\\/2015\\\/01\\\/budget_2015.jpg\",\"datePublished\":\"2022-07-06T15:04:25+00:00\",\"dateModified\":\"2022-08-16T11:12:28+00:00\",\"breadcrumb\":{\"@id\":\"https:\\\/\\\/wp.kristdemokraterna.se\\\/laxa2\\\/kandidater-l-till-kommunfullmaktige\\\/rebecka-schon-kandidat-till-kommunfullmaktige\\\/#breadcrumb\"},\"inLanguage\":\"sv-SE\",\"potentialAction\":[{\"@type\":\"ReadAction\",\"target\":[\"https:\\\/\\\/wp.kristdemokraterna.se\\\/laxa2\\\/kandidater-l-till-kommunfullmaktige\\\/rebecka-schon-kandidat-till-kommunfullmaktige\\\/\"]}]},{\"@type\":\"ImageObject\",\"inLanguage\":\"sv-SE\",\"@id\":\"https:\\\/\\\/wp.kristdemokraterna.se\\\/laxa2\\\/kandidater-l-till-kommunfullmaktige\\\/rebecka-schon-kandidat-till-kommunfullmaktige\\\/#primaryimage\",\"url\":\"https:\\\/\\\/wp.kristdemokraterna.se\\\/laxa2\\\/files\\\/2015\\\/01\\\/budget_2015.jpg\",\"contentUrl\":\"https:\\\/\\\/wp.kristdemokraterna.se\\\/laxa2\\\/files\\\/2015\\\/01\\\/budget_2015.jpg\",\"width\":445,\"height\":625},{\"@type\":\"BreadcrumbList\",\"@id\":\"https:\\\/\\\/wp.kristdemokraterna.se\\\/laxa2\\\/kandidater-l-till-kommunfullmaktige\\\/rebecka-schon-kandidat-till-kommunfullmaktige\\\/#breadcrumb\",\"itemListElement\":[{\"@type\":\"ListItem\",\"position\":1,\"name\":\"Hem\",\"item\":\"https:\\\/\\\/wp.kristdemokraterna.se\\\/laxa2\\\/\"},{\"@type\":\"ListItem\",\"position\":2,\"name\":\"Kandidater till Kommunfullm\u00e4ktige\",\"item\":\"https:\\\/\\\/wp.kristdemokraterna.se\\\/laxa2\\\/kandidater-l-till-kommunfullmaktige\\\/\"},{\"@type\":\"ListItem\",\"position\":3,\"name\":\"6. Rebecka Sch\u00f6n &#8211; kandidat till kommunfullm\u00e4ktige\"}]},{\"@type\":\"WebSite\",\"@id\":\"https:\\\/\\\/wp.kristdemokraterna.se\\\/laxa2\\\/#website\",\"url\":\"https:\\\/\\\/wp.kristdemokraterna.se\\\/laxa2\\\/\",\"name\":\"Kristdemokraterna | Lax\u00e5\",\"description\":\"En till Kristdemokraterna webbplats\",\"inLanguage\":\"sv-SE\"}]}<\/script>\n<!-- \/ Yoast SEO plugin. -->","yoast_head_json":{"title":"6. Rebecka Sch\u00f6n - kandidat till kommunfullm\u00e4ktige - Kristdemokraterna | Lax\u00e5","robots":{"index":"index","follow":"follow","max-snippet":"max-snippet:-1","max-image-preview":"max-image-preview:large","max-video-preview":"max-video-preview:-1"},"canonical":"https:\/\/wp.kristdemokraterna.se\/laxa2\/kandidater-l-till-kommunfullmaktige\/rebecka-schon-kandidat-till-kommunfullmaktige\/","og_locale":"sv_SE","og_type":"article","og_title":"6. Rebecka Sch\u00f6n - kandidat till kommunfullm\u00e4ktige - Kristdemokraterna | Lax\u00e5","og_description":"Namn: Rebecka Sch\u00f6n \u00c5lder: 35 Civilst\u00e5nd: Gift Yrke: HR-generalist &nbsp; Jag heter Rebecka och \u00e4r f\u00f6dd och uppvuxen i Lax\u00e5. Jag bor sedan 14 \u00e5r i Hasselfors med man och tv\u00e5 barn, h\u00e4r stortrivs vi! Min uppv\u00e4xt har pr\u00e4glats av en mor engagerad i lokalpolitiken i Lax\u00e5 och jag har alltid haft ett stort samh\u00e4llsintresse. L\u00e4s mer","og_url":"https:\/\/wp.kristdemokraterna.se\/laxa2\/kandidater-l-till-kommunfullmaktige\/rebecka-schon-kandidat-till-kommunfullmaktige\/","og_site_name":"Kristdemokraterna | Lax\u00e5","article_modified_time":"2022-08-16T11:12:28+00:00","og_image":[{"url":"https:\/\/wp.kristdemokraterna.se\/laxa2\/files\/2022\/07\/rebecka-sko\u2560en-i-228x300.jpg","type":"","width":"","height":""}],"twitter_card":"summary_large_image","twitter_misc":{"Ber\u00e4knad l\u00e4stid":"1 minut"},"schema":{"@context":"https:\/\/schema.org","@graph":[{"@type":"WebPage","@id":"https:\/\/wp.kristdemokraterna.se\/laxa2\/kandidater-l-till-kommunfullmaktige\/rebecka-schon-kandidat-till-kommunfullmaktige\/","url":"https:\/\/wp.kristdemokraterna.se\/laxa2\/kandidater-l-till-kommunfullmaktige\/rebecka-schon-kandidat-till-kommunfullmaktige\/","name":"6. Rebecka Sch\u00f6n - kandidat till kommunfullm\u00e4ktige - Kristdemokraterna | Lax\u00e5","isPartOf":{"@id":"https:\/\/wp.kristdemokraterna.se\/laxa2\/#website"},"primaryImageOfPage":{"@id":"https:\/\/wp.kristdemokraterna.se\/laxa2\/kandidater-l-till-kommunfullmaktige\/rebecka-schon-kandidat-till-kommunfullmaktige\/#primaryimage"},"image":{"@id":"https:\/\/wp.kristdemokraterna.se\/laxa2\/kandidater-l-till-kommunfullmaktige\/rebecka-schon-kandidat-till-kommunfullmaktige\/#primaryimage"},"thumbnailUrl":"https:\/\/wp.kristdemokraterna.se\/laxa2\/files\/2015\/01\/budget_2015.jpg","datePublished":"2022-07-06T15:04:25+00:00","dateModified":"2022-08-16T11:12:28+00:00","breadcrumb":{"@id":"https:\/\/wp.kristdemokraterna.se\/laxa2\/kandidater-l-till-kommunfullmaktige\/rebecka-schon-kandidat-till-kommunfullmaktige\/#breadcrumb"},"inLanguage":"sv-SE","potentialAction":[{"@type":"ReadAction","target":["https:\/\/wp.kristdemokraterna.se\/laxa2\/kandidater-l-till-kommunfullmaktige\/rebecka-schon-kandidat-till-kommunfullmaktige\/"]}]},{"@type":"ImageObject","inLanguage":"sv-SE","@id":"https:\/\/wp.kristdemokraterna.se\/laxa2\/kandidater-l-till-kommunfullmaktige\/rebecka-schon-kandidat-till-kommunfullmaktige\/#primaryimage","url":"https:\/\/wp.kristdemokraterna.se\/laxa2\/files\/2015\/01\/budget_2015.jpg","contentUrl":"https:\/\/wp.kristdemokraterna.se\/laxa2\/files\/2015\/01\/budget_2015.jpg","width":445,"height":625},{"@type":"BreadcrumbList","@id":"https:\/\/wp.kristdemokraterna.se\/laxa2\/kandidater-l-till-kommunfullmaktige\/rebecka-schon-kandidat-till-kommunfullmaktige\/#breadcrumb","itemListElement":[{"@type":"ListItem","position":1,"name":"Hem","item":"https:\/\/wp.kristdemokraterna.se\/laxa2\/"},{"@type":"ListItem","position":2,"name":"Kandidater till Kommunfullm\u00e4ktige","item":"https:\/\/wp.kristdemokraterna.se\/laxa2\/kandidater-l-till-kommunfullmaktige\/"},{"@type":"ListItem","position":3,"name":"6. Rebecka Sch\u00f6n &#8211; kandidat till kommunfullm\u00e4ktige"}]},{"@type":"WebSite","@id":"https:\/\/wp.kristdemokraterna.se\/laxa2\/#website","url":"https:\/\/wp.kristdemokraterna.se\/laxa2\/","name":"Kristdemokraterna | Lax\u00e5","description":"En till Kristdemokraterna webbplats","inLanguage":"sv-SE"}]}},"_links":{"self":[{"href":"https:\/\/wp.kristdemokraterna.se\/laxa2\/wp-json\/wp\/v2\/pages\/1515","targetHints":{"allow":["GET"]}}],"collection":[{"href":"https:\/\/wp.kristdemokraterna.se\/laxa2\/wp-json\/wp\/v2\/pages"}],"about":[{"href":"https:\/\/wp.kristdemokraterna.se\/laxa2\/wp-json\/wp\/v2\/types\/page"}],"author":[{"embeddable":true,"href":"https:\/\/wp.kristdemokraterna.se\/laxa2\/wp-json\/wp\/v2\/users\/444"}],"replies":[{"embeddable":true,"href":"https:\/\/wp.kristdemokraterna.se\/laxa2\/wp-json\/wp\/v2\/comments?post=1515"}],"version-history":[{"count":1,"href":"https:\/\/wp.kristdemokraterna.se\/laxa2\/wp-json\/wp\/v2\/pages\/1515\/revisions"}],"predecessor-version":[{"id":1725,"href":"https:\/\/wp.kristdemokraterna.se\/laxa2\/wp-json\/wp\/v2\/pages\/1515\/revisions\/1725"}],"up":[{"embeddable":true,"href":"https:\/\/wp.kristdemokraterna.se\/laxa2\/wp-json\/wp\/v2\/pages\/1431"}],"wp:featuredmedia":[{"embeddable":true,"href":"https:\/\/wp.kristdemokraterna.se\/laxa2\/wp-json\/wp\/v2\/media\/714"}],"wp:attachment":[{"href":"https:\/\/wp.kristdemokraterna.se\/laxa2\/wp-json\/wp\/v2\/media?parent=1515"}],"curies":[{"name":"wp","href":"https:\/\/api.w.org\/{rel}","templated":true}]}}