{"id":1519,"date":"2022-07-07T09:17:25","date_gmt":"2022-07-07T07:17:25","guid":{"rendered":"https:\/\/wp.kristdemokraterna.se\/laxa\/?page_id=1519"},"modified":"2022-08-16T13:08:19","modified_gmt":"2022-08-16T11:08:19","slug":"ruth-rudolfsson-kandidat-till-kommunfullmaktige","status":"publish","type":"page","link":"https:\/\/wp.kristdemokraterna.se\/laxa2\/kandidater-l-till-kommunfullmaktige\/ruth-rudolfsson-kandidat-till-kommunfullmaktige\/","title":{"rendered":"28. Ruth Rudolfsson &#8211; kandidat till kommunfullm\u00e4ktige"},"content":{"rendered":"<p><strong><img loading=\"lazy\" decoding=\"async\" class=\"size-thumbnail wp-image-1572 alignleft\" src=\"https:\/\/wp.kristdemokraterna.se\/laxa2\/files\/2022\/07\/ruth2-1-150x150.jpg\" alt=\"\" width=\"150\" height=\"150\" \/>Namn:\u00a0 Ruth Rudolfsson<br \/>\n<\/strong><strong>\u00c5lder:\u00a0 \u00a070+\u00a0<\/strong><br \/>\n<strong>Civilst\u00e5nd: Gift<br \/>\nYrke: Sjuksk\u00f6terska, nu pension\u00e4r<\/strong><\/p>\n<p>&nbsp;<\/p>\n<p>Jag \u00e4r f\u00f6dd, uppv\u00e4xt, utbildad och jobbat i Danmark. Jag har fem syskon som alla bor i Danmark.<\/p>\n<p>Jag flyttade till Sverige 1979 i samband med mitt br\u00f6llop med Bo. Vi har fyra fantastiska barn som alla har gift sig och startat egna familjer. Vi har 11 barnbarn (10 i livet\u00a0 &#8211; dottersonen Gabriel dog bara en vecka gammal).<\/p>\n<p>Mina intressen \u00e4r min familj och min f\u00f6rsamling. Jag har varit intresserad av mission under m\u00e5nga \u00e5r och har bl.a. smugglat biblar in i flera \u00f6stl\u00e4nder samt anndra f\u00f6rn\u00f6denheter.<\/p>\n<p>Vi har bott p\u00e5 Cypern och rest bland annat till Central Afrikanska Republiken.<\/p>\n<p>Jag tycker inte om or\u00e4ttvisor, d\u00e4rav mitt engagemang i politiken som ers\u00e4ttare i socialn\u00e4mnden.<\/p>\n","protected":false},"excerpt":{"rendered":"<p>Namn:\u00a0 Ruth Rudolfsson \u00c5lder:\u00a0 \u00a070+\u00a0 Civilst\u00e5nd: Gift Yrke: Sjuksk\u00f6terska, nu pension\u00e4r &nbsp; Jag \u00e4r f\u00f6dd, uppv\u00e4xt, utbildad och jobbat i Danmark. Jag har fem syskon som alla bor i Danmark. Jag flyttade till Sverige 1979 i samband med mitt br\u00f6llop med Bo. Vi har fyra fantastiska barn som alla har gift sig och startat egna <a class=\"read-more-link\" href=\"https:\/\/wp.kristdemokraterna.se\/laxa2\/kandidater-l-till-kommunfullmaktige\/ruth-rudolfsson-kandidat-till-kommunfullmaktige\/\">L\u00e4s mer<\/a><\/p>\n","protected":false},"author":444,"featured_media":714,"parent":1431,"menu_order":19,"comment_status":"closed","ping_status":"closed","template":"page.php","meta":{"_acf_changed":false,"footnotes":""},"class_list":["post-1519","page","type-page","status-publish","hentry"],"acf":[],"yoast_head":"<!-- This site is optimized with the Yoast SEO plugin v27.5 - https:\/\/yoast.com\/product\/yoast-seo-wordpress\/ -->\n<title>28. Ruth Rudolfsson - kandidat till kommunfullm\u00e4ktige - Kristdemokraterna | Lax\u00e5<\/title>\n<meta name=\"robots\" content=\"index, follow, max-snippet:-1, max-image-preview:large, max-video-preview:-1\" \/>\n<link rel=\"canonical\" href=\"https:\/\/wp.kristdemokraterna.se\/laxa2\/kandidater-l-till-kommunfullmaktige\/ruth-rudolfsson-kandidat-till-kommunfullmaktige\/\" \/>\n<meta property=\"og:locale\" content=\"sv_SE\" \/>\n<meta property=\"og:type\" content=\"article\" \/>\n<meta property=\"og:title\" content=\"28. Ruth Rudolfsson - kandidat till kommunfullm\u00e4ktige - Kristdemokraterna | Lax\u00e5\" \/>\n<meta property=\"og:description\" content=\"Namn:\u00a0 Ruth Rudolfsson \u00c5lder:\u00a0 \u00a070+\u00a0 Civilst\u00e5nd: Gift Yrke: Sjuksk\u00f6terska, nu pension\u00e4r &nbsp; Jag \u00e4r f\u00f6dd, uppv\u00e4xt, utbildad och jobbat i Danmark. Jag har fem syskon som alla bor i Danmark. Jag flyttade till Sverige 1979 i samband med mitt br\u00f6llop med Bo. Vi har fyra fantastiska barn som alla har gift sig och startat egna L\u00e4s mer\" \/>\n<meta property=\"og:url\" content=\"https:\/\/wp.kristdemokraterna.se\/laxa2\/kandidater-l-till-kommunfullmaktige\/ruth-rudolfsson-kandidat-till-kommunfullmaktige\/\" \/>\n<meta property=\"og:site_name\" content=\"Kristdemokraterna | Lax\u00e5\" \/>\n<meta property=\"article:modified_time\" content=\"2022-08-16T11:08:19+00:00\" \/>\n<meta property=\"og:image\" content=\"https:\/\/wp.kristdemokraterna.se\/laxa2\/files\/2022\/07\/ruth2-1-150x150.jpg\" \/>\n<meta name=\"twitter:card\" content=\"summary_large_image\" \/>\n<meta name=\"twitter:label1\" content=\"Ber\u00e4knad l\u00e4stid\" \/>\n\t<meta name=\"twitter:data1\" content=\"1 minut\" \/>\n<script type=\"application\/ld+json\" class=\"yoast-schema-graph\">{\"@context\":\"https:\\\/\\\/schema.org\",\"@graph\":[{\"@type\":\"WebPage\",\"@id\":\"https:\\\/\\\/wp.kristdemokraterna.se\\\/laxa2\\\/kandidater-l-till-kommunfullmaktige\\\/ruth-rudolfsson-kandidat-till-kommunfullmaktige\\\/\",\"url\":\"https:\\\/\\\/wp.kristdemokraterna.se\\\/laxa2\\\/kandidater-l-till-kommunfullmaktige\\\/ruth-rudolfsson-kandidat-till-kommunfullmaktige\\\/\",\"name\":\"28. Ruth Rudolfsson - kandidat till kommunfullm\u00e4ktige - Kristdemokraterna | Lax\u00e5\",\"isPartOf\":{\"@id\":\"https:\\\/\\\/wp.kristdemokraterna.se\\\/laxa2\\\/#website\"},\"primaryImageOfPage\":{\"@id\":\"https:\\\/\\\/wp.kristdemokraterna.se\\\/laxa2\\\/kandidater-l-till-kommunfullmaktige\\\/ruth-rudolfsson-kandidat-till-kommunfullmaktige\\\/#primaryimage\"},\"image\":{\"@id\":\"https:\\\/\\\/wp.kristdemokraterna.se\\\/laxa2\\\/kandidater-l-till-kommunfullmaktige\\\/ruth-rudolfsson-kandidat-till-kommunfullmaktige\\\/#primaryimage\"},\"thumbnailUrl\":\"https:\\\/\\\/wp.kristdemokraterna.se\\\/laxa2\\\/files\\\/2015\\\/01\\\/budget_2015.jpg\",\"datePublished\":\"2022-07-07T07:17:25+00:00\",\"dateModified\":\"2022-08-16T11:08:19+00:00\",\"breadcrumb\":{\"@id\":\"https:\\\/\\\/wp.kristdemokraterna.se\\\/laxa2\\\/kandidater-l-till-kommunfullmaktige\\\/ruth-rudolfsson-kandidat-till-kommunfullmaktige\\\/#breadcrumb\"},\"inLanguage\":\"sv-SE\",\"potentialAction\":[{\"@type\":\"ReadAction\",\"target\":[\"https:\\\/\\\/wp.kristdemokraterna.se\\\/laxa2\\\/kandidater-l-till-kommunfullmaktige\\\/ruth-rudolfsson-kandidat-till-kommunfullmaktige\\\/\"]}]},{\"@type\":\"ImageObject\",\"inLanguage\":\"sv-SE\",\"@id\":\"https:\\\/\\\/wp.kristdemokraterna.se\\\/laxa2\\\/kandidater-l-till-kommunfullmaktige\\\/ruth-rudolfsson-kandidat-till-kommunfullmaktige\\\/#primaryimage\",\"url\":\"https:\\\/\\\/wp.kristdemokraterna.se\\\/laxa2\\\/files\\\/2015\\\/01\\\/budget_2015.jpg\",\"contentUrl\":\"https:\\\/\\\/wp.kristdemokraterna.se\\\/laxa2\\\/files\\\/2015\\\/01\\\/budget_2015.jpg\",\"width\":445,\"height\":625},{\"@type\":\"BreadcrumbList\",\"@id\":\"https:\\\/\\\/wp.kristdemokraterna.se\\\/laxa2\\\/kandidater-l-till-kommunfullmaktige\\\/ruth-rudolfsson-kandidat-till-kommunfullmaktige\\\/#breadcrumb\",\"itemListElement\":[{\"@type\":\"ListItem\",\"position\":1,\"name\":\"Hem\",\"item\":\"https:\\\/\\\/wp.kristdemokraterna.se\\\/laxa2\\\/\"},{\"@type\":\"ListItem\",\"position\":2,\"name\":\"Kandidater till Kommunfullm\u00e4ktige\",\"item\":\"https:\\\/\\\/wp.kristdemokraterna.se\\\/laxa2\\\/kandidater-l-till-kommunfullmaktige\\\/\"},{\"@type\":\"ListItem\",\"position\":3,\"name\":\"28. Ruth Rudolfsson &#8211; kandidat till kommunfullm\u00e4ktige\"}]},{\"@type\":\"WebSite\",\"@id\":\"https:\\\/\\\/wp.kristdemokraterna.se\\\/laxa2\\\/#website\",\"url\":\"https:\\\/\\\/wp.kristdemokraterna.se\\\/laxa2\\\/\",\"name\":\"Kristdemokraterna | Lax\u00e5\",\"description\":\"En till Kristdemokraterna webbplats\",\"inLanguage\":\"sv-SE\"}]}<\/script>\n<!-- \/ Yoast SEO plugin. -->","yoast_head_json":{"title":"28. Ruth Rudolfsson - kandidat till kommunfullm\u00e4ktige - Kristdemokraterna | Lax\u00e5","robots":{"index":"index","follow":"follow","max-snippet":"max-snippet:-1","max-image-preview":"max-image-preview:large","max-video-preview":"max-video-preview:-1"},"canonical":"https:\/\/wp.kristdemokraterna.se\/laxa2\/kandidater-l-till-kommunfullmaktige\/ruth-rudolfsson-kandidat-till-kommunfullmaktige\/","og_locale":"sv_SE","og_type":"article","og_title":"28. Ruth Rudolfsson - kandidat till kommunfullm\u00e4ktige - Kristdemokraterna | Lax\u00e5","og_description":"Namn:\u00a0 Ruth Rudolfsson \u00c5lder:\u00a0 \u00a070+\u00a0 Civilst\u00e5nd: Gift Yrke: Sjuksk\u00f6terska, nu pension\u00e4r &nbsp; Jag \u00e4r f\u00f6dd, uppv\u00e4xt, utbildad och jobbat i Danmark. Jag har fem syskon som alla bor i Danmark. Jag flyttade till Sverige 1979 i samband med mitt br\u00f6llop med Bo. Vi har fyra fantastiska barn som alla har gift sig och startat egna L\u00e4s mer","og_url":"https:\/\/wp.kristdemokraterna.se\/laxa2\/kandidater-l-till-kommunfullmaktige\/ruth-rudolfsson-kandidat-till-kommunfullmaktige\/","og_site_name":"Kristdemokraterna | Lax\u00e5","article_modified_time":"2022-08-16T11:08:19+00:00","og_image":[{"url":"https:\/\/wp.kristdemokraterna.se\/laxa2\/files\/2022\/07\/ruth2-1-150x150.jpg","type":"","width":"","height":""}],"twitter_card":"summary_large_image","twitter_misc":{"Ber\u00e4knad l\u00e4stid":"1 minut"},"schema":{"@context":"https:\/\/schema.org","@graph":[{"@type":"WebPage","@id":"https:\/\/wp.kristdemokraterna.se\/laxa2\/kandidater-l-till-kommunfullmaktige\/ruth-rudolfsson-kandidat-till-kommunfullmaktige\/","url":"https:\/\/wp.kristdemokraterna.se\/laxa2\/kandidater-l-till-kommunfullmaktige\/ruth-rudolfsson-kandidat-till-kommunfullmaktige\/","name":"28. Ruth Rudolfsson - kandidat till kommunfullm\u00e4ktige - Kristdemokraterna | Lax\u00e5","isPartOf":{"@id":"https:\/\/wp.kristdemokraterna.se\/laxa2\/#website"},"primaryImageOfPage":{"@id":"https:\/\/wp.kristdemokraterna.se\/laxa2\/kandidater-l-till-kommunfullmaktige\/ruth-rudolfsson-kandidat-till-kommunfullmaktige\/#primaryimage"},"image":{"@id":"https:\/\/wp.kristdemokraterna.se\/laxa2\/kandidater-l-till-kommunfullmaktige\/ruth-rudolfsson-kandidat-till-kommunfullmaktige\/#primaryimage"},"thumbnailUrl":"https:\/\/wp.kristdemokraterna.se\/laxa2\/files\/2015\/01\/budget_2015.jpg","datePublished":"2022-07-07T07:17:25+00:00","dateModified":"2022-08-16T11:08:19+00:00","breadcrumb":{"@id":"https:\/\/wp.kristdemokraterna.se\/laxa2\/kandidater-l-till-kommunfullmaktige\/ruth-rudolfsson-kandidat-till-kommunfullmaktige\/#breadcrumb"},"inLanguage":"sv-SE","potentialAction":[{"@type":"ReadAction","target":["https:\/\/wp.kristdemokraterna.se\/laxa2\/kandidater-l-till-kommunfullmaktige\/ruth-rudolfsson-kandidat-till-kommunfullmaktige\/"]}]},{"@type":"ImageObject","inLanguage":"sv-SE","@id":"https:\/\/wp.kristdemokraterna.se\/laxa2\/kandidater-l-till-kommunfullmaktige\/ruth-rudolfsson-kandidat-till-kommunfullmaktige\/#primaryimage","url":"https:\/\/wp.kristdemokraterna.se\/laxa2\/files\/2015\/01\/budget_2015.jpg","contentUrl":"https:\/\/wp.kristdemokraterna.se\/laxa2\/files\/2015\/01\/budget_2015.jpg","width":445,"height":625},{"@type":"BreadcrumbList","@id":"https:\/\/wp.kristdemokraterna.se\/laxa2\/kandidater-l-till-kommunfullmaktige\/ruth-rudolfsson-kandidat-till-kommunfullmaktige\/#breadcrumb","itemListElement":[{"@type":"ListItem","position":1,"name":"Hem","item":"https:\/\/wp.kristdemokraterna.se\/laxa2\/"},{"@type":"ListItem","position":2,"name":"Kandidater till Kommunfullm\u00e4ktige","item":"https:\/\/wp.kristdemokraterna.se\/laxa2\/kandidater-l-till-kommunfullmaktige\/"},{"@type":"ListItem","position":3,"name":"28. Ruth Rudolfsson &#8211; kandidat till kommunfullm\u00e4ktige"}]},{"@type":"WebSite","@id":"https:\/\/wp.kristdemokraterna.se\/laxa2\/#website","url":"https:\/\/wp.kristdemokraterna.se\/laxa2\/","name":"Kristdemokraterna | Lax\u00e5","description":"En till Kristdemokraterna webbplats","inLanguage":"sv-SE"}]}},"_links":{"self":[{"href":"https:\/\/wp.kristdemokraterna.se\/laxa2\/wp-json\/wp\/v2\/pages\/1519","targetHints":{"allow":["GET"]}}],"collection":[{"href":"https:\/\/wp.kristdemokraterna.se\/laxa2\/wp-json\/wp\/v2\/pages"}],"about":[{"href":"https:\/\/wp.kristdemokraterna.se\/laxa2\/wp-json\/wp\/v2\/types\/page"}],"author":[{"embeddable":true,"href":"https:\/\/wp.kristdemokraterna.se\/laxa2\/wp-json\/wp\/v2\/users\/444"}],"replies":[{"embeddable":true,"href":"https:\/\/wp.kristdemokraterna.se\/laxa2\/wp-json\/wp\/v2\/comments?post=1519"}],"version-history":[{"count":1,"href":"https:\/\/wp.kristdemokraterna.se\/laxa2\/wp-json\/wp\/v2\/pages\/1519\/revisions"}],"predecessor-version":[{"id":1712,"href":"https:\/\/wp.kristdemokraterna.se\/laxa2\/wp-json\/wp\/v2\/pages\/1519\/revisions\/1712"}],"up":[{"embeddable":true,"href":"https:\/\/wp.kristdemokraterna.se\/laxa2\/wp-json\/wp\/v2\/pages\/1431"}],"wp:featuredmedia":[{"embeddable":true,"href":"https:\/\/wp.kristdemokraterna.se\/laxa2\/wp-json\/wp\/v2\/media\/714"}],"wp:attachment":[{"href":"https:\/\/wp.kristdemokraterna.se\/laxa2\/wp-json\/wp\/v2\/media?parent=1519"}],"curies":[{"name":"wp","href":"https:\/\/api.w.org\/{rel}","templated":true}]}}