{"id":1539,"date":"2022-07-16T10:07:59","date_gmt":"2022-07-16T08:07:59","guid":{"rendered":"https:\/\/wp.kristdemokraterna.se\/laxa\/?page_id=1539"},"modified":"2022-08-16T13:11:43","modified_gmt":"2022-08-16T11:11:43","slug":"9-anders-olofsson-kandidat-till-kommunfullmaktige","status":"publish","type":"page","link":"https:\/\/wp.kristdemokraterna.se\/laxa2\/kandidater-l-till-kommunfullmaktige\/9-anders-olofsson-kandidat-till-kommunfullmaktige\/","title":{"rendered":"9. Anders Olofsson &#8211; kandidat till Kommunfullm\u00e4ktige"},"content":{"rendered":"<p><img loading=\"lazy\" decoding=\"async\" class=\"size-medium wp-image-1540 alignleft\" src=\"https:\/\/wp.kristdemokraterna.se\/laxa2\/files\/2022\/07\/anders-olofsson-2-laxa\u2560e-204x300.jpg\" alt=\"\" width=\"204\" height=\"300\" srcset=\"https:\/\/wp.kristdemokraterna.se\/laxa2\/files\/2022\/07\/anders-olofsson-2-laxa\u2560e-204x300.jpg 204w, https:\/\/wp.kristdemokraterna.se\/laxa2\/files\/2022\/07\/anders-olofsson-2-laxa\u2560e-695x1024.jpg 695w, https:\/\/wp.kristdemokraterna.se\/laxa2\/files\/2022\/07\/anders-olofsson-2-laxa\u2560e-768x1131.jpg 768w, https:\/\/wp.kristdemokraterna.se\/laxa2\/files\/2022\/07\/anders-olofsson-2-laxa\u2560e-1043x1536.jpg 1043w, https:\/\/wp.kristdemokraterna.se\/laxa2\/files\/2022\/07\/anders-olofsson-2-laxa\u2560e-136x200.jpg 136w, https:\/\/wp.kristdemokraterna.se\/laxa2\/files\/2022\/07\/anders-olofsson-2-laxa\u2560e-370x545.jpg 370w, https:\/\/wp.kristdemokraterna.se\/laxa2\/files\/2022\/07\/anders-olofsson-2-laxa\u2560e-770x1134.jpg 770w, https:\/\/wp.kristdemokraterna.se\/laxa2\/files\/2022\/07\/anders-olofsson-2-laxa\u2560e-450x663.jpg 450w, https:\/\/wp.kristdemokraterna.se\/laxa2\/files\/2022\/07\/anders-olofsson-2-laxa\u2560e-273x402.jpg 273w, https:\/\/wp.kristdemokraterna.se\/laxa2\/files\/2022\/07\/anders-olofsson-2-laxa\u2560e-340x501.jpg 340w, https:\/\/wp.kristdemokraterna.se\/laxa2\/files\/2022\/07\/anders-olofsson-2-laxa\u2560e-38x56.jpg 38w, https:\/\/wp.kristdemokraterna.se\/laxa2\/files\/2022\/07\/anders-olofsson-2-laxa\u2560e.jpg 1358w\" sizes=\"auto, (max-width: 204px) 100vw, 204px\" \/><strong>Namn:\u00a0 Anders Olofsson\u00a0<\/strong><br \/>\n<strong>\u00c5lder: 53 \u00e5r<\/strong><br \/>\n<strong>Civilst\u00e5nd:\u00a0 Gift\u00a0<\/strong><br \/>\n<strong>Yrke: Fritidspedagog\u00a0\u00a0<\/strong><\/p>\n<p>&nbsp;<\/p>\n<p>Jag heter Anders Olofsson och bor i Hasselfors d\u00e4r jag och frun trivs med lugnet.\u00a0Jag arbetar som fritidspedagog i Lax\u00e5 kommun p\u00e5 Salt\u00e4ngsskolan.\u00a0Tidigare har jag bland annat jobbat p\u00e5 Volvo och inom skolans v\u00e4rld i G\u00f6teborg.<\/p>\n<p>Jag ser en ljus framtid f\u00f6r Lax\u00e5 kommun med \u00e4nnu mer samarbete med olika parter.<br \/>\nKristdemokraterna har b\u00f6rjat bygga ett b\u00e4ttre Lax\u00e5 sedan 2014. Vi har som kommun f\u00e5tt en positiv ekonomisk och kommunal utveckling.<\/p>\n<p>Jag hoppas att just DU vill ge oss ett fortsatt f\u00f6rtroende att utveckla Lax\u00e5 efter valet i september 2022.<\/p>\n","protected":false},"excerpt":{"rendered":"<p>Namn:\u00a0 Anders Olofsson\u00a0 \u00c5lder: 53 \u00e5r Civilst\u00e5nd:\u00a0 Gift\u00a0 Yrke: Fritidspedagog\u00a0\u00a0 &nbsp; Jag heter Anders Olofsson och bor i Hasselfors d\u00e4r jag och frun trivs med lugnet.\u00a0Jag arbetar som fritidspedagog i Lax\u00e5 kommun p\u00e5 Salt\u00e4ngsskolan.\u00a0Tidigare har jag bland annat jobbat p\u00e5 Volvo och inom skolans v\u00e4rld i G\u00f6teborg. Jag ser en ljus framtid f\u00f6r Lax\u00e5 kommun <a class=\"read-more-link\" href=\"https:\/\/wp.kristdemokraterna.se\/laxa2\/kandidater-l-till-kommunfullmaktige\/9-anders-olofsson-kandidat-till-kommunfullmaktige\/\">L\u00e4s mer<\/a><\/p>\n","protected":false},"author":444,"featured_media":714,"parent":1431,"menu_order":8,"comment_status":"closed","ping_status":"closed","template":"page.php","meta":{"_acf_changed":false,"footnotes":""},"class_list":["post-1539","page","type-page","status-publish","hentry"],"acf":[],"yoast_head":"<!-- This site is optimized with the Yoast SEO plugin v27.5 - https:\/\/yoast.com\/product\/yoast-seo-wordpress\/ -->\n<title>9. Anders Olofsson - kandidat till Kommunfullm\u00e4ktige - Kristdemokraterna | Lax\u00e5<\/title>\n<meta name=\"robots\" content=\"index, follow, max-snippet:-1, max-image-preview:large, max-video-preview:-1\" \/>\n<link rel=\"canonical\" href=\"https:\/\/wp.kristdemokraterna.se\/laxa2\/kandidater-l-till-kommunfullmaktige\/9-anders-olofsson-kandidat-till-kommunfullmaktige\/\" \/>\n<meta property=\"og:locale\" content=\"sv_SE\" \/>\n<meta property=\"og:type\" content=\"article\" \/>\n<meta property=\"og:title\" content=\"9. Anders Olofsson - kandidat till Kommunfullm\u00e4ktige - Kristdemokraterna | Lax\u00e5\" \/>\n<meta property=\"og:description\" content=\"Namn:\u00a0 Anders Olofsson\u00a0 \u00c5lder: 53 \u00e5r Civilst\u00e5nd:\u00a0 Gift\u00a0 Yrke: Fritidspedagog\u00a0\u00a0 &nbsp; Jag heter Anders Olofsson och bor i Hasselfors d\u00e4r jag och frun trivs med lugnet.\u00a0Jag arbetar som fritidspedagog i Lax\u00e5 kommun p\u00e5 Salt\u00e4ngsskolan.\u00a0Tidigare har jag bland annat jobbat p\u00e5 Volvo och inom skolans v\u00e4rld i G\u00f6teborg. Jag ser en ljus framtid f\u00f6r Lax\u00e5 kommun L\u00e4s mer\" \/>\n<meta property=\"og:url\" content=\"https:\/\/wp.kristdemokraterna.se\/laxa2\/kandidater-l-till-kommunfullmaktige\/9-anders-olofsson-kandidat-till-kommunfullmaktige\/\" \/>\n<meta property=\"og:site_name\" content=\"Kristdemokraterna | Lax\u00e5\" \/>\n<meta property=\"article:modified_time\" content=\"2022-08-16T11:11:43+00:00\" \/>\n<meta property=\"og:image\" content=\"https:\/\/wp.kristdemokraterna.se\/laxa2\/files\/2022\/07\/anders-olofsson-2-laxa\u2560e-204x300.jpg\" \/>\n<meta name=\"twitter:card\" content=\"summary_large_image\" \/>\n<meta name=\"twitter:label1\" content=\"Ber\u00e4knad l\u00e4stid\" \/>\n\t<meta name=\"twitter:data1\" content=\"1 minut\" \/>\n<script type=\"application\/ld+json\" class=\"yoast-schema-graph\">{\"@context\":\"https:\\\/\\\/schema.org\",\"@graph\":[{\"@type\":\"WebPage\",\"@id\":\"https:\\\/\\\/wp.kristdemokraterna.se\\\/laxa2\\\/kandidater-l-till-kommunfullmaktige\\\/9-anders-olofsson-kandidat-till-kommunfullmaktige\\\/\",\"url\":\"https:\\\/\\\/wp.kristdemokraterna.se\\\/laxa2\\\/kandidater-l-till-kommunfullmaktige\\\/9-anders-olofsson-kandidat-till-kommunfullmaktige\\\/\",\"name\":\"9. Anders Olofsson - kandidat till Kommunfullm\u00e4ktige - Kristdemokraterna | Lax\u00e5\",\"isPartOf\":{\"@id\":\"https:\\\/\\\/wp.kristdemokraterna.se\\\/laxa2\\\/#website\"},\"primaryImageOfPage\":{\"@id\":\"https:\\\/\\\/wp.kristdemokraterna.se\\\/laxa2\\\/kandidater-l-till-kommunfullmaktige\\\/9-anders-olofsson-kandidat-till-kommunfullmaktige\\\/#primaryimage\"},\"image\":{\"@id\":\"https:\\\/\\\/wp.kristdemokraterna.se\\\/laxa2\\\/kandidater-l-till-kommunfullmaktige\\\/9-anders-olofsson-kandidat-till-kommunfullmaktige\\\/#primaryimage\"},\"thumbnailUrl\":\"https:\\\/\\\/wp.kristdemokraterna.se\\\/laxa2\\\/files\\\/2015\\\/01\\\/budget_2015.jpg\",\"datePublished\":\"2022-07-16T08:07:59+00:00\",\"dateModified\":\"2022-08-16T11:11:43+00:00\",\"breadcrumb\":{\"@id\":\"https:\\\/\\\/wp.kristdemokraterna.se\\\/laxa2\\\/kandidater-l-till-kommunfullmaktige\\\/9-anders-olofsson-kandidat-till-kommunfullmaktige\\\/#breadcrumb\"},\"inLanguage\":\"sv-SE\",\"potentialAction\":[{\"@type\":\"ReadAction\",\"target\":[\"https:\\\/\\\/wp.kristdemokraterna.se\\\/laxa2\\\/kandidater-l-till-kommunfullmaktige\\\/9-anders-olofsson-kandidat-till-kommunfullmaktige\\\/\"]}]},{\"@type\":\"ImageObject\",\"inLanguage\":\"sv-SE\",\"@id\":\"https:\\\/\\\/wp.kristdemokraterna.se\\\/laxa2\\\/kandidater-l-till-kommunfullmaktige\\\/9-anders-olofsson-kandidat-till-kommunfullmaktige\\\/#primaryimage\",\"url\":\"https:\\\/\\\/wp.kristdemokraterna.se\\\/laxa2\\\/files\\\/2015\\\/01\\\/budget_2015.jpg\",\"contentUrl\":\"https:\\\/\\\/wp.kristdemokraterna.se\\\/laxa2\\\/files\\\/2015\\\/01\\\/budget_2015.jpg\",\"width\":445,\"height\":625},{\"@type\":\"BreadcrumbList\",\"@id\":\"https:\\\/\\\/wp.kristdemokraterna.se\\\/laxa2\\\/kandidater-l-till-kommunfullmaktige\\\/9-anders-olofsson-kandidat-till-kommunfullmaktige\\\/#breadcrumb\",\"itemListElement\":[{\"@type\":\"ListItem\",\"position\":1,\"name\":\"Hem\",\"item\":\"https:\\\/\\\/wp.kristdemokraterna.se\\\/laxa2\\\/\"},{\"@type\":\"ListItem\",\"position\":2,\"name\":\"Kandidater till Kommunfullm\u00e4ktige\",\"item\":\"https:\\\/\\\/wp.kristdemokraterna.se\\\/laxa2\\\/kandidater-l-till-kommunfullmaktige\\\/\"},{\"@type\":\"ListItem\",\"position\":3,\"name\":\"9. Anders Olofsson &#8211; kandidat till Kommunfullm\u00e4ktige\"}]},{\"@type\":\"WebSite\",\"@id\":\"https:\\\/\\\/wp.kristdemokraterna.se\\\/laxa2\\\/#website\",\"url\":\"https:\\\/\\\/wp.kristdemokraterna.se\\\/laxa2\\\/\",\"name\":\"Kristdemokraterna | Lax\u00e5\",\"description\":\"En till Kristdemokraterna webbplats\",\"inLanguage\":\"sv-SE\"}]}<\/script>\n<!-- \/ Yoast SEO plugin. -->","yoast_head_json":{"title":"9. Anders Olofsson - kandidat till Kommunfullm\u00e4ktige - Kristdemokraterna | Lax\u00e5","robots":{"index":"index","follow":"follow","max-snippet":"max-snippet:-1","max-image-preview":"max-image-preview:large","max-video-preview":"max-video-preview:-1"},"canonical":"https:\/\/wp.kristdemokraterna.se\/laxa2\/kandidater-l-till-kommunfullmaktige\/9-anders-olofsson-kandidat-till-kommunfullmaktige\/","og_locale":"sv_SE","og_type":"article","og_title":"9. Anders Olofsson - kandidat till Kommunfullm\u00e4ktige - Kristdemokraterna | Lax\u00e5","og_description":"Namn:\u00a0 Anders Olofsson\u00a0 \u00c5lder: 53 \u00e5r Civilst\u00e5nd:\u00a0 Gift\u00a0 Yrke: Fritidspedagog\u00a0\u00a0 &nbsp; Jag heter Anders Olofsson och bor i Hasselfors d\u00e4r jag och frun trivs med lugnet.\u00a0Jag arbetar som fritidspedagog i Lax\u00e5 kommun p\u00e5 Salt\u00e4ngsskolan.\u00a0Tidigare har jag bland annat jobbat p\u00e5 Volvo och inom skolans v\u00e4rld i G\u00f6teborg. Jag ser en ljus framtid f\u00f6r Lax\u00e5 kommun L\u00e4s mer","og_url":"https:\/\/wp.kristdemokraterna.se\/laxa2\/kandidater-l-till-kommunfullmaktige\/9-anders-olofsson-kandidat-till-kommunfullmaktige\/","og_site_name":"Kristdemokraterna | Lax\u00e5","article_modified_time":"2022-08-16T11:11:43+00:00","og_image":[{"url":"https:\/\/wp.kristdemokraterna.se\/laxa2\/files\/2022\/07\/anders-olofsson-2-laxa\u2560e-204x300.jpg","type":"","width":"","height":""}],"twitter_card":"summary_large_image","twitter_misc":{"Ber\u00e4knad l\u00e4stid":"1 minut"},"schema":{"@context":"https:\/\/schema.org","@graph":[{"@type":"WebPage","@id":"https:\/\/wp.kristdemokraterna.se\/laxa2\/kandidater-l-till-kommunfullmaktige\/9-anders-olofsson-kandidat-till-kommunfullmaktige\/","url":"https:\/\/wp.kristdemokraterna.se\/laxa2\/kandidater-l-till-kommunfullmaktige\/9-anders-olofsson-kandidat-till-kommunfullmaktige\/","name":"9. Anders Olofsson - kandidat till Kommunfullm\u00e4ktige - Kristdemokraterna | Lax\u00e5","isPartOf":{"@id":"https:\/\/wp.kristdemokraterna.se\/laxa2\/#website"},"primaryImageOfPage":{"@id":"https:\/\/wp.kristdemokraterna.se\/laxa2\/kandidater-l-till-kommunfullmaktige\/9-anders-olofsson-kandidat-till-kommunfullmaktige\/#primaryimage"},"image":{"@id":"https:\/\/wp.kristdemokraterna.se\/laxa2\/kandidater-l-till-kommunfullmaktige\/9-anders-olofsson-kandidat-till-kommunfullmaktige\/#primaryimage"},"thumbnailUrl":"https:\/\/wp.kristdemokraterna.se\/laxa2\/files\/2015\/01\/budget_2015.jpg","datePublished":"2022-07-16T08:07:59+00:00","dateModified":"2022-08-16T11:11:43+00:00","breadcrumb":{"@id":"https:\/\/wp.kristdemokraterna.se\/laxa2\/kandidater-l-till-kommunfullmaktige\/9-anders-olofsson-kandidat-till-kommunfullmaktige\/#breadcrumb"},"inLanguage":"sv-SE","potentialAction":[{"@type":"ReadAction","target":["https:\/\/wp.kristdemokraterna.se\/laxa2\/kandidater-l-till-kommunfullmaktige\/9-anders-olofsson-kandidat-till-kommunfullmaktige\/"]}]},{"@type":"ImageObject","inLanguage":"sv-SE","@id":"https:\/\/wp.kristdemokraterna.se\/laxa2\/kandidater-l-till-kommunfullmaktige\/9-anders-olofsson-kandidat-till-kommunfullmaktige\/#primaryimage","url":"https:\/\/wp.kristdemokraterna.se\/laxa2\/files\/2015\/01\/budget_2015.jpg","contentUrl":"https:\/\/wp.kristdemokraterna.se\/laxa2\/files\/2015\/01\/budget_2015.jpg","width":445,"height":625},{"@type":"BreadcrumbList","@id":"https:\/\/wp.kristdemokraterna.se\/laxa2\/kandidater-l-till-kommunfullmaktige\/9-anders-olofsson-kandidat-till-kommunfullmaktige\/#breadcrumb","itemListElement":[{"@type":"ListItem","position":1,"name":"Hem","item":"https:\/\/wp.kristdemokraterna.se\/laxa2\/"},{"@type":"ListItem","position":2,"name":"Kandidater till Kommunfullm\u00e4ktige","item":"https:\/\/wp.kristdemokraterna.se\/laxa2\/kandidater-l-till-kommunfullmaktige\/"},{"@type":"ListItem","position":3,"name":"9. Anders Olofsson &#8211; kandidat till Kommunfullm\u00e4ktige"}]},{"@type":"WebSite","@id":"https:\/\/wp.kristdemokraterna.se\/laxa2\/#website","url":"https:\/\/wp.kristdemokraterna.se\/laxa2\/","name":"Kristdemokraterna | Lax\u00e5","description":"En till Kristdemokraterna webbplats","inLanguage":"sv-SE"}]}},"_links":{"self":[{"href":"https:\/\/wp.kristdemokraterna.se\/laxa2\/wp-json\/wp\/v2\/pages\/1539","targetHints":{"allow":["GET"]}}],"collection":[{"href":"https:\/\/wp.kristdemokraterna.se\/laxa2\/wp-json\/wp\/v2\/pages"}],"about":[{"href":"https:\/\/wp.kristdemokraterna.se\/laxa2\/wp-json\/wp\/v2\/types\/page"}],"author":[{"embeddable":true,"href":"https:\/\/wp.kristdemokraterna.se\/laxa2\/wp-json\/wp\/v2\/users\/444"}],"replies":[{"embeddable":true,"href":"https:\/\/wp.kristdemokraterna.se\/laxa2\/wp-json\/wp\/v2\/comments?post=1539"}],"version-history":[{"count":1,"href":"https:\/\/wp.kristdemokraterna.se\/laxa2\/wp-json\/wp\/v2\/pages\/1539\/revisions"}],"predecessor-version":[{"id":1723,"href":"https:\/\/wp.kristdemokraterna.se\/laxa2\/wp-json\/wp\/v2\/pages\/1539\/revisions\/1723"}],"up":[{"embeddable":true,"href":"https:\/\/wp.kristdemokraterna.se\/laxa2\/wp-json\/wp\/v2\/pages\/1431"}],"wp:featuredmedia":[{"embeddable":true,"href":"https:\/\/wp.kristdemokraterna.se\/laxa2\/wp-json\/wp\/v2\/media\/714"}],"wp:attachment":[{"href":"https:\/\/wp.kristdemokraterna.se\/laxa2\/wp-json\/wp\/v2\/media?parent=1539"}],"curies":[{"name":"wp","href":"https:\/\/api.w.org\/{rel}","templated":true}]}}