{"id":1542,"date":"2022-07-18T10:38:36","date_gmt":"2022-07-18T08:38:36","guid":{"rendered":"https:\/\/wp.kristdemokraterna.se\/laxa\/?page_id=1542"},"modified":"2022-08-16T13:11:31","modified_gmt":"2022-08-16T11:11:31","slug":"10-nea-mustonen-kandidat-till-kommunfullmaktige","status":"publish","type":"page","link":"https:\/\/wp.kristdemokraterna.se\/laxa2\/kandidater-l-till-kommunfullmaktige\/10-nea-mustonen-kandidat-till-kommunfullmaktige\/","title":{"rendered":"10. Nea Mustonen &#8211; kandidat till Kommunfullm\u00e4ktige"},"content":{"rendered":"<p><img loading=\"lazy\" decoding=\"async\" class=\"size-medium wp-image-1543 alignleft\" src=\"https:\/\/wp.kristdemokraterna.se\/laxa2\/files\/2022\/07\/nea_mustonen-224x300.jpg\" alt=\"\" width=\"224\" height=\"300\" srcset=\"https:\/\/wp.kristdemokraterna.se\/laxa2\/files\/2022\/07\/nea_mustonen-224x300.jpg 224w, https:\/\/wp.kristdemokraterna.se\/laxa2\/files\/2022\/07\/nea_mustonen-766x1024.jpg 766w, https:\/\/wp.kristdemokraterna.se\/laxa2\/files\/2022\/07\/nea_mustonen-768x1027.jpg 768w, https:\/\/wp.kristdemokraterna.se\/laxa2\/files\/2022\/07\/nea_mustonen-1149x1536.jpg 1149w, https:\/\/wp.kristdemokraterna.se\/laxa2\/files\/2022\/07\/nea_mustonen-150x200.jpg 150w, https:\/\/wp.kristdemokraterna.se\/laxa2\/files\/2022\/07\/nea_mustonen-370x495.jpg 370w, https:\/\/wp.kristdemokraterna.se\/laxa2\/files\/2022\/07\/nea_mustonen-770x1030.jpg 770w, https:\/\/wp.kristdemokraterna.se\/laxa2\/files\/2022\/07\/nea_mustonen-450x602.jpg 450w, https:\/\/wp.kristdemokraterna.se\/laxa2\/files\/2022\/07\/nea_mustonen-280x374.jpg 280w, https:\/\/wp.kristdemokraterna.se\/laxa2\/files\/2022\/07\/nea_mustonen-340x455.jpg 340w, https:\/\/wp.kristdemokraterna.se\/laxa2\/files\/2022\/07\/nea_mustonen-42x56.jpg 42w, https:\/\/wp.kristdemokraterna.se\/laxa2\/files\/2022\/07\/nea_mustonen.jpg 1376w\" sizes=\"auto, (max-width: 224px) 100vw, 224px\" \/><\/p>\n<p><strong>Namn: Nea Mustonen<br \/>\n<\/strong><strong>\u00c5lder:\u00a0 \u00a037 \u00e5r<\/strong><br \/>\n<strong>Civilst\u00e5nd: Gift<\/strong><br \/>\n<strong>Yrke: Undersk\u00f6terska, student p\u00e5 ALT, \u00d6rebro<\/strong><\/p>\n<p>Jag heter Nea Mustonen och har bott i Lax\u00e5 sedan December 2013. Flytten hit till Lax\u00e5 har varit ett av de b\u00e4sta beslut vi som familj har tagit. Lax\u00e5 \u00e4r en lagom stort ort med &#8221;alla k\u00e4nner alla&#8221;, mentalitet vilket k\u00e4nns tryggt n\u00e4r man har barn. N\u00e4rheten till skog och mark \u00e4r faktiskt och jag tycker att vi ska v\u00e4rna och utveckla detta. I min familjen finns min make,<br \/>\n3 barn, 1 hund och ett g\u00e4ng nakenkatter.<\/p>\n<p>Under de n\u00e4rmaste fyra \u00e5ren kommer jag att studera i \u00d6rebro p\u00e5 distans.<\/p>\n<p>Jag valde Kristdemokraterna f\u00f6r den m\u00e4nniskosyn och familjepolitik som partiet har. Vi i kristdemokraterna vill forts\u00e4tta utveckla Lax\u00e5 kommun i den positiva anda som vi haft sedan vi vann valet 2014.<\/p>\n<p>F\u00f6r n\u00e4rvarande \u00e4r jag\u00a0Ledamot i kommunfullm\u00e4ktige och\u00a0Ers\u00e4ttare i kommunstyrelsen.<\/p>\n","protected":false},"excerpt":{"rendered":"<p>Namn: Nea Mustonen \u00c5lder:\u00a0 \u00a037 \u00e5r Civilst\u00e5nd: Gift Yrke: Undersk\u00f6terska, student p\u00e5 ALT, \u00d6rebro Jag heter Nea Mustonen och har bott i Lax\u00e5 sedan December 2013. Flytten hit till Lax\u00e5 har varit ett av de b\u00e4sta beslut vi som familj har tagit. Lax\u00e5 \u00e4r en lagom stort ort med &#8221;alla k\u00e4nner alla&#8221;, mentalitet vilket k\u00e4nns <a class=\"read-more-link\" href=\"https:\/\/wp.kristdemokraterna.se\/laxa2\/kandidater-l-till-kommunfullmaktige\/10-nea-mustonen-kandidat-till-kommunfullmaktige\/\">L\u00e4s mer<\/a><\/p>\n","protected":false},"author":444,"featured_media":714,"parent":1431,"menu_order":9,"comment_status":"closed","ping_status":"closed","template":"page.php","meta":{"_acf_changed":false,"footnotes":""},"class_list":["post-1542","page","type-page","status-publish","hentry"],"acf":[],"yoast_head":"<!-- This site is optimized with the Yoast SEO plugin v27.5 - https:\/\/yoast.com\/product\/yoast-seo-wordpress\/ -->\n<title>10. Nea Mustonen - kandidat till Kommunfullm\u00e4ktige - Kristdemokraterna | Lax\u00e5<\/title>\n<meta name=\"robots\" content=\"index, follow, max-snippet:-1, max-image-preview:large, max-video-preview:-1\" \/>\n<link rel=\"canonical\" href=\"https:\/\/wp.kristdemokraterna.se\/laxa2\/kandidater-l-till-kommunfullmaktige\/10-nea-mustonen-kandidat-till-kommunfullmaktige\/\" \/>\n<meta property=\"og:locale\" content=\"sv_SE\" \/>\n<meta property=\"og:type\" content=\"article\" \/>\n<meta property=\"og:title\" content=\"10. Nea Mustonen - kandidat till Kommunfullm\u00e4ktige - Kristdemokraterna | Lax\u00e5\" \/>\n<meta property=\"og:description\" content=\"Namn: Nea Mustonen \u00c5lder:\u00a0 \u00a037 \u00e5r Civilst\u00e5nd: Gift Yrke: Undersk\u00f6terska, student p\u00e5 ALT, \u00d6rebro Jag heter Nea Mustonen och har bott i Lax\u00e5 sedan December 2013. Flytten hit till Lax\u00e5 har varit ett av de b\u00e4sta beslut vi som familj har tagit. Lax\u00e5 \u00e4r en lagom stort ort med &#8221;alla k\u00e4nner alla&#8221;, mentalitet vilket k\u00e4nns L\u00e4s mer\" \/>\n<meta property=\"og:url\" content=\"https:\/\/wp.kristdemokraterna.se\/laxa2\/kandidater-l-till-kommunfullmaktige\/10-nea-mustonen-kandidat-till-kommunfullmaktige\/\" \/>\n<meta property=\"og:site_name\" content=\"Kristdemokraterna | Lax\u00e5\" \/>\n<meta property=\"article:modified_time\" content=\"2022-08-16T11:11:31+00:00\" \/>\n<meta property=\"og:image\" content=\"https:\/\/wp.kristdemokraterna.se\/laxa2\/files\/2022\/07\/nea_mustonen-224x300.jpg\" \/>\n<meta name=\"twitter:card\" content=\"summary_large_image\" \/>\n<meta name=\"twitter:label1\" content=\"Ber\u00e4knad l\u00e4stid\" \/>\n\t<meta name=\"twitter:data1\" content=\"1 minut\" \/>\n<script type=\"application\/ld+json\" class=\"yoast-schema-graph\">{\"@context\":\"https:\\\/\\\/schema.org\",\"@graph\":[{\"@type\":\"WebPage\",\"@id\":\"https:\\\/\\\/wp.kristdemokraterna.se\\\/laxa2\\\/kandidater-l-till-kommunfullmaktige\\\/10-nea-mustonen-kandidat-till-kommunfullmaktige\\\/\",\"url\":\"https:\\\/\\\/wp.kristdemokraterna.se\\\/laxa2\\\/kandidater-l-till-kommunfullmaktige\\\/10-nea-mustonen-kandidat-till-kommunfullmaktige\\\/\",\"name\":\"10. Nea Mustonen - kandidat till Kommunfullm\u00e4ktige - Kristdemokraterna | Lax\u00e5\",\"isPartOf\":{\"@id\":\"https:\\\/\\\/wp.kristdemokraterna.se\\\/laxa2\\\/#website\"},\"primaryImageOfPage\":{\"@id\":\"https:\\\/\\\/wp.kristdemokraterna.se\\\/laxa2\\\/kandidater-l-till-kommunfullmaktige\\\/10-nea-mustonen-kandidat-till-kommunfullmaktige\\\/#primaryimage\"},\"image\":{\"@id\":\"https:\\\/\\\/wp.kristdemokraterna.se\\\/laxa2\\\/kandidater-l-till-kommunfullmaktige\\\/10-nea-mustonen-kandidat-till-kommunfullmaktige\\\/#primaryimage\"},\"thumbnailUrl\":\"https:\\\/\\\/wp.kristdemokraterna.se\\\/laxa2\\\/files\\\/2015\\\/01\\\/budget_2015.jpg\",\"datePublished\":\"2022-07-18T08:38:36+00:00\",\"dateModified\":\"2022-08-16T11:11:31+00:00\",\"breadcrumb\":{\"@id\":\"https:\\\/\\\/wp.kristdemokraterna.se\\\/laxa2\\\/kandidater-l-till-kommunfullmaktige\\\/10-nea-mustonen-kandidat-till-kommunfullmaktige\\\/#breadcrumb\"},\"inLanguage\":\"sv-SE\",\"potentialAction\":[{\"@type\":\"ReadAction\",\"target\":[\"https:\\\/\\\/wp.kristdemokraterna.se\\\/laxa2\\\/kandidater-l-till-kommunfullmaktige\\\/10-nea-mustonen-kandidat-till-kommunfullmaktige\\\/\"]}]},{\"@type\":\"ImageObject\",\"inLanguage\":\"sv-SE\",\"@id\":\"https:\\\/\\\/wp.kristdemokraterna.se\\\/laxa2\\\/kandidater-l-till-kommunfullmaktige\\\/10-nea-mustonen-kandidat-till-kommunfullmaktige\\\/#primaryimage\",\"url\":\"https:\\\/\\\/wp.kristdemokraterna.se\\\/laxa2\\\/files\\\/2015\\\/01\\\/budget_2015.jpg\",\"contentUrl\":\"https:\\\/\\\/wp.kristdemokraterna.se\\\/laxa2\\\/files\\\/2015\\\/01\\\/budget_2015.jpg\",\"width\":445,\"height\":625},{\"@type\":\"BreadcrumbList\",\"@id\":\"https:\\\/\\\/wp.kristdemokraterna.se\\\/laxa2\\\/kandidater-l-till-kommunfullmaktige\\\/10-nea-mustonen-kandidat-till-kommunfullmaktige\\\/#breadcrumb\",\"itemListElement\":[{\"@type\":\"ListItem\",\"position\":1,\"name\":\"Hem\",\"item\":\"https:\\\/\\\/wp.kristdemokraterna.se\\\/laxa2\\\/\"},{\"@type\":\"ListItem\",\"position\":2,\"name\":\"Kandidater till Kommunfullm\u00e4ktige\",\"item\":\"https:\\\/\\\/wp.kristdemokraterna.se\\\/laxa2\\\/kandidater-l-till-kommunfullmaktige\\\/\"},{\"@type\":\"ListItem\",\"position\":3,\"name\":\"10. Nea Mustonen &#8211; kandidat till Kommunfullm\u00e4ktige\"}]},{\"@type\":\"WebSite\",\"@id\":\"https:\\\/\\\/wp.kristdemokraterna.se\\\/laxa2\\\/#website\",\"url\":\"https:\\\/\\\/wp.kristdemokraterna.se\\\/laxa2\\\/\",\"name\":\"Kristdemokraterna | Lax\u00e5\",\"description\":\"En till Kristdemokraterna webbplats\",\"inLanguage\":\"sv-SE\"}]}<\/script>\n<!-- \/ Yoast SEO plugin. -->","yoast_head_json":{"title":"10. Nea Mustonen - kandidat till Kommunfullm\u00e4ktige - Kristdemokraterna | Lax\u00e5","robots":{"index":"index","follow":"follow","max-snippet":"max-snippet:-1","max-image-preview":"max-image-preview:large","max-video-preview":"max-video-preview:-1"},"canonical":"https:\/\/wp.kristdemokraterna.se\/laxa2\/kandidater-l-till-kommunfullmaktige\/10-nea-mustonen-kandidat-till-kommunfullmaktige\/","og_locale":"sv_SE","og_type":"article","og_title":"10. Nea Mustonen - kandidat till Kommunfullm\u00e4ktige - Kristdemokraterna | Lax\u00e5","og_description":"Namn: Nea Mustonen \u00c5lder:\u00a0 \u00a037 \u00e5r Civilst\u00e5nd: Gift Yrke: Undersk\u00f6terska, student p\u00e5 ALT, \u00d6rebro Jag heter Nea Mustonen och har bott i Lax\u00e5 sedan December 2013. Flytten hit till Lax\u00e5 har varit ett av de b\u00e4sta beslut vi som familj har tagit. Lax\u00e5 \u00e4r en lagom stort ort med &#8221;alla k\u00e4nner alla&#8221;, mentalitet vilket k\u00e4nns L\u00e4s mer","og_url":"https:\/\/wp.kristdemokraterna.se\/laxa2\/kandidater-l-till-kommunfullmaktige\/10-nea-mustonen-kandidat-till-kommunfullmaktige\/","og_site_name":"Kristdemokraterna | Lax\u00e5","article_modified_time":"2022-08-16T11:11:31+00:00","og_image":[{"url":"https:\/\/wp.kristdemokraterna.se\/laxa2\/files\/2022\/07\/nea_mustonen-224x300.jpg","type":"","width":"","height":""}],"twitter_card":"summary_large_image","twitter_misc":{"Ber\u00e4knad l\u00e4stid":"1 minut"},"schema":{"@context":"https:\/\/schema.org","@graph":[{"@type":"WebPage","@id":"https:\/\/wp.kristdemokraterna.se\/laxa2\/kandidater-l-till-kommunfullmaktige\/10-nea-mustonen-kandidat-till-kommunfullmaktige\/","url":"https:\/\/wp.kristdemokraterna.se\/laxa2\/kandidater-l-till-kommunfullmaktige\/10-nea-mustonen-kandidat-till-kommunfullmaktige\/","name":"10. Nea Mustonen - kandidat till Kommunfullm\u00e4ktige - Kristdemokraterna | Lax\u00e5","isPartOf":{"@id":"https:\/\/wp.kristdemokraterna.se\/laxa2\/#website"},"primaryImageOfPage":{"@id":"https:\/\/wp.kristdemokraterna.se\/laxa2\/kandidater-l-till-kommunfullmaktige\/10-nea-mustonen-kandidat-till-kommunfullmaktige\/#primaryimage"},"image":{"@id":"https:\/\/wp.kristdemokraterna.se\/laxa2\/kandidater-l-till-kommunfullmaktige\/10-nea-mustonen-kandidat-till-kommunfullmaktige\/#primaryimage"},"thumbnailUrl":"https:\/\/wp.kristdemokraterna.se\/laxa2\/files\/2015\/01\/budget_2015.jpg","datePublished":"2022-07-18T08:38:36+00:00","dateModified":"2022-08-16T11:11:31+00:00","breadcrumb":{"@id":"https:\/\/wp.kristdemokraterna.se\/laxa2\/kandidater-l-till-kommunfullmaktige\/10-nea-mustonen-kandidat-till-kommunfullmaktige\/#breadcrumb"},"inLanguage":"sv-SE","potentialAction":[{"@type":"ReadAction","target":["https:\/\/wp.kristdemokraterna.se\/laxa2\/kandidater-l-till-kommunfullmaktige\/10-nea-mustonen-kandidat-till-kommunfullmaktige\/"]}]},{"@type":"ImageObject","inLanguage":"sv-SE","@id":"https:\/\/wp.kristdemokraterna.se\/laxa2\/kandidater-l-till-kommunfullmaktige\/10-nea-mustonen-kandidat-till-kommunfullmaktige\/#primaryimage","url":"https:\/\/wp.kristdemokraterna.se\/laxa2\/files\/2015\/01\/budget_2015.jpg","contentUrl":"https:\/\/wp.kristdemokraterna.se\/laxa2\/files\/2015\/01\/budget_2015.jpg","width":445,"height":625},{"@type":"BreadcrumbList","@id":"https:\/\/wp.kristdemokraterna.se\/laxa2\/kandidater-l-till-kommunfullmaktige\/10-nea-mustonen-kandidat-till-kommunfullmaktige\/#breadcrumb","itemListElement":[{"@type":"ListItem","position":1,"name":"Hem","item":"https:\/\/wp.kristdemokraterna.se\/laxa2\/"},{"@type":"ListItem","position":2,"name":"Kandidater till Kommunfullm\u00e4ktige","item":"https:\/\/wp.kristdemokraterna.se\/laxa2\/kandidater-l-till-kommunfullmaktige\/"},{"@type":"ListItem","position":3,"name":"10. Nea Mustonen &#8211; kandidat till Kommunfullm\u00e4ktige"}]},{"@type":"WebSite","@id":"https:\/\/wp.kristdemokraterna.se\/laxa2\/#website","url":"https:\/\/wp.kristdemokraterna.se\/laxa2\/","name":"Kristdemokraterna | Lax\u00e5","description":"En till Kristdemokraterna webbplats","inLanguage":"sv-SE"}]}},"_links":{"self":[{"href":"https:\/\/wp.kristdemokraterna.se\/laxa2\/wp-json\/wp\/v2\/pages\/1542","targetHints":{"allow":["GET"]}}],"collection":[{"href":"https:\/\/wp.kristdemokraterna.se\/laxa2\/wp-json\/wp\/v2\/pages"}],"about":[{"href":"https:\/\/wp.kristdemokraterna.se\/laxa2\/wp-json\/wp\/v2\/types\/page"}],"author":[{"embeddable":true,"href":"https:\/\/wp.kristdemokraterna.se\/laxa2\/wp-json\/wp\/v2\/users\/444"}],"replies":[{"embeddable":true,"href":"https:\/\/wp.kristdemokraterna.se\/laxa2\/wp-json\/wp\/v2\/comments?post=1542"}],"version-history":[{"count":1,"href":"https:\/\/wp.kristdemokraterna.se\/laxa2\/wp-json\/wp\/v2\/pages\/1542\/revisions"}],"predecessor-version":[{"id":1722,"href":"https:\/\/wp.kristdemokraterna.se\/laxa2\/wp-json\/wp\/v2\/pages\/1542\/revisions\/1722"}],"up":[{"embeddable":true,"href":"https:\/\/wp.kristdemokraterna.se\/laxa2\/wp-json\/wp\/v2\/pages\/1431"}],"wp:featuredmedia":[{"embeddable":true,"href":"https:\/\/wp.kristdemokraterna.se\/laxa2\/wp-json\/wp\/v2\/media\/714"}],"wp:attachment":[{"href":"https:\/\/wp.kristdemokraterna.se\/laxa2\/wp-json\/wp\/v2\/media?parent=1542"}],"curies":[{"name":"wp","href":"https:\/\/api.w.org\/{rel}","templated":true}]}}