{"id":1549,"date":"2022-07-19T09:14:46","date_gmt":"2022-07-19T07:14:46","guid":{"rendered":"https:\/\/wp.kristdemokraterna.se\/laxa\/?page_id=1549"},"modified":"2022-08-16T13:09:47","modified_gmt":"2022-08-16T11:09:47","slug":"23-daniel-persson-kandidat-till-kommunfullmaktige","status":"publish","type":"page","link":"https:\/\/wp.kristdemokraterna.se\/laxa2\/kandidater-l-till-kommunfullmaktige\/23-daniel-persson-kandidat-till-kommunfullmaktige\/","title":{"rendered":"23. Daniel Persson &#8211; kandidat till kommunfullm\u00e4ktige"},"content":{"rendered":"<p><strong><img loading=\"lazy\" decoding=\"async\" class=\"size-thumbnail wp-image-1550 alignleft\" src=\"https:\/\/wp.kristdemokraterna.se\/laxa2\/files\/2022\/07\/daniel-persson-150x150.jpg\" alt=\"\" width=\"150\" height=\"150\" srcset=\"https:\/\/wp.kristdemokraterna.se\/laxa2\/files\/2022\/07\/daniel-persson-150x150.jpg 150w, https:\/\/wp.kristdemokraterna.se\/laxa2\/files\/2022\/07\/daniel-persson-90x90.jpg 90w, https:\/\/wp.kristdemokraterna.se\/laxa2\/files\/2022\/07\/daniel-persson-56x56.jpg 56w, https:\/\/wp.kristdemokraterna.se\/laxa2\/files\/2022\/07\/daniel-persson.jpg 200w\" sizes=\"auto, (max-width: 150px) 100vw, 150px\" \/>Namn:\u00a0 Daniel Persson<\/strong><br \/>\n<strong>\u00c5lder:\u00a0 \u00a036 \u00e5r<\/strong><br \/>\n<strong>Civilst\u00e5nd:\u00a0 Ogift<\/strong><br \/>\n<strong>Yrke:\u00a0 F\u00f6retagare och Fastighets\u00e4gare<\/strong><\/p>\n<p>&nbsp;<\/p>\n<p>Halloj,<br \/>\nMitt namn \u00e4r Daniel Persson. Jag \u00e4r en vanlig kille som brinner f\u00f6r skogen,\u00a0 jakt och\u00a0 efters\u00f6k. Jag har bott och verkat i Lax\u00e5 i princip hela mitt verksamma liv f\u00f6rutom n\u00e5gra \u00e5r n\u00e4r jag bodde p\u00e5 annan ort, fast har alltid haft f\u00f6retag i Lax\u00e5 .<\/p>\n<p>Jag driver bland annat f\u00f6retaget Lax\u00e5 Byggtj\u00e4nst AB samt jag har ocks\u00e5 n\u00e5gra fastigheter runt om i Lax\u00e5 kommun.<\/p>\n<p>Intresset f\u00f6r Lax\u00e5 och dess utveckling har alltid funnits men v\u00e4xt med \u00e5ren n\u00e4r jag engagerat mig mer i olika saker.<\/p>\n","protected":false},"excerpt":{"rendered":"<p>Namn:\u00a0 Daniel Persson \u00c5lder:\u00a0 \u00a036 \u00e5r Civilst\u00e5nd:\u00a0 Ogift Yrke:\u00a0 F\u00f6retagare och Fastighets\u00e4gare &nbsp; Halloj, Mitt namn \u00e4r Daniel Persson. Jag \u00e4r en vanlig kille som brinner f\u00f6r skogen,\u00a0 jakt och\u00a0 efters\u00f6k. Jag har bott och verkat i Lax\u00e5 i princip hela mitt verksamma liv f\u00f6rutom n\u00e5gra \u00e5r n\u00e4r jag bodde p\u00e5 annan ort, fast har <a class=\"read-more-link\" href=\"https:\/\/wp.kristdemokraterna.se\/laxa2\/kandidater-l-till-kommunfullmaktige\/23-daniel-persson-kandidat-till-kommunfullmaktige\/\">L\u00e4s mer<\/a><\/p>\n","protected":false},"author":444,"featured_media":714,"parent":1431,"menu_order":15,"comment_status":"closed","ping_status":"closed","template":"page.php","meta":{"_acf_changed":false,"footnotes":""},"class_list":["post-1549","page","type-page","status-publish","hentry"],"acf":[],"yoast_head":"<!-- This site is optimized with the Yoast SEO plugin v27.5 - https:\/\/yoast.com\/product\/yoast-seo-wordpress\/ -->\n<title>23. Daniel Persson - kandidat till kommunfullm\u00e4ktige - Kristdemokraterna | Lax\u00e5<\/title>\n<meta name=\"robots\" content=\"index, follow, max-snippet:-1, max-image-preview:large, max-video-preview:-1\" \/>\n<link rel=\"canonical\" href=\"https:\/\/wp.kristdemokraterna.se\/laxa2\/kandidater-l-till-kommunfullmaktige\/23-daniel-persson-kandidat-till-kommunfullmaktige\/\" \/>\n<meta property=\"og:locale\" content=\"sv_SE\" \/>\n<meta property=\"og:type\" content=\"article\" \/>\n<meta property=\"og:title\" content=\"23. Daniel Persson - kandidat till kommunfullm\u00e4ktige - Kristdemokraterna | Lax\u00e5\" \/>\n<meta property=\"og:description\" content=\"Namn:\u00a0 Daniel Persson \u00c5lder:\u00a0 \u00a036 \u00e5r Civilst\u00e5nd:\u00a0 Ogift Yrke:\u00a0 F\u00f6retagare och Fastighets\u00e4gare &nbsp; Halloj, Mitt namn \u00e4r Daniel Persson. Jag \u00e4r en vanlig kille som brinner f\u00f6r skogen,\u00a0 jakt och\u00a0 efters\u00f6k. Jag har bott och verkat i Lax\u00e5 i princip hela mitt verksamma liv f\u00f6rutom n\u00e5gra \u00e5r n\u00e4r jag bodde p\u00e5 annan ort, fast har L\u00e4s mer\" \/>\n<meta property=\"og:url\" content=\"https:\/\/wp.kristdemokraterna.se\/laxa2\/kandidater-l-till-kommunfullmaktige\/23-daniel-persson-kandidat-till-kommunfullmaktige\/\" \/>\n<meta property=\"og:site_name\" content=\"Kristdemokraterna | Lax\u00e5\" \/>\n<meta property=\"article:modified_time\" content=\"2022-08-16T11:09:47+00:00\" \/>\n<meta property=\"og:image\" content=\"https:\/\/wp.kristdemokraterna.se\/laxa2\/files\/2022\/07\/daniel-persson-150x150.jpg\" \/>\n<meta name=\"twitter:card\" content=\"summary_large_image\" \/>\n<meta name=\"twitter:label1\" content=\"Ber\u00e4knad l\u00e4stid\" \/>\n\t<meta name=\"twitter:data1\" content=\"1 minut\" \/>\n<script type=\"application\/ld+json\" class=\"yoast-schema-graph\">{\"@context\":\"https:\\\/\\\/schema.org\",\"@graph\":[{\"@type\":\"WebPage\",\"@id\":\"https:\\\/\\\/wp.kristdemokraterna.se\\\/laxa2\\\/kandidater-l-till-kommunfullmaktige\\\/23-daniel-persson-kandidat-till-kommunfullmaktige\\\/\",\"url\":\"https:\\\/\\\/wp.kristdemokraterna.se\\\/laxa2\\\/kandidater-l-till-kommunfullmaktige\\\/23-daniel-persson-kandidat-till-kommunfullmaktige\\\/\",\"name\":\"23. Daniel Persson - kandidat till kommunfullm\u00e4ktige - Kristdemokraterna | Lax\u00e5\",\"isPartOf\":{\"@id\":\"https:\\\/\\\/wp.kristdemokraterna.se\\\/laxa2\\\/#website\"},\"primaryImageOfPage\":{\"@id\":\"https:\\\/\\\/wp.kristdemokraterna.se\\\/laxa2\\\/kandidater-l-till-kommunfullmaktige\\\/23-daniel-persson-kandidat-till-kommunfullmaktige\\\/#primaryimage\"},\"image\":{\"@id\":\"https:\\\/\\\/wp.kristdemokraterna.se\\\/laxa2\\\/kandidater-l-till-kommunfullmaktige\\\/23-daniel-persson-kandidat-till-kommunfullmaktige\\\/#primaryimage\"},\"thumbnailUrl\":\"https:\\\/\\\/wp.kristdemokraterna.se\\\/laxa2\\\/files\\\/2015\\\/01\\\/budget_2015.jpg\",\"datePublished\":\"2022-07-19T07:14:46+00:00\",\"dateModified\":\"2022-08-16T11:09:47+00:00\",\"breadcrumb\":{\"@id\":\"https:\\\/\\\/wp.kristdemokraterna.se\\\/laxa2\\\/kandidater-l-till-kommunfullmaktige\\\/23-daniel-persson-kandidat-till-kommunfullmaktige\\\/#breadcrumb\"},\"inLanguage\":\"sv-SE\",\"potentialAction\":[{\"@type\":\"ReadAction\",\"target\":[\"https:\\\/\\\/wp.kristdemokraterna.se\\\/laxa2\\\/kandidater-l-till-kommunfullmaktige\\\/23-daniel-persson-kandidat-till-kommunfullmaktige\\\/\"]}]},{\"@type\":\"ImageObject\",\"inLanguage\":\"sv-SE\",\"@id\":\"https:\\\/\\\/wp.kristdemokraterna.se\\\/laxa2\\\/kandidater-l-till-kommunfullmaktige\\\/23-daniel-persson-kandidat-till-kommunfullmaktige\\\/#primaryimage\",\"url\":\"https:\\\/\\\/wp.kristdemokraterna.se\\\/laxa2\\\/files\\\/2015\\\/01\\\/budget_2015.jpg\",\"contentUrl\":\"https:\\\/\\\/wp.kristdemokraterna.se\\\/laxa2\\\/files\\\/2015\\\/01\\\/budget_2015.jpg\",\"width\":445,\"height\":625},{\"@type\":\"BreadcrumbList\",\"@id\":\"https:\\\/\\\/wp.kristdemokraterna.se\\\/laxa2\\\/kandidater-l-till-kommunfullmaktige\\\/23-daniel-persson-kandidat-till-kommunfullmaktige\\\/#breadcrumb\",\"itemListElement\":[{\"@type\":\"ListItem\",\"position\":1,\"name\":\"Hem\",\"item\":\"https:\\\/\\\/wp.kristdemokraterna.se\\\/laxa2\\\/\"},{\"@type\":\"ListItem\",\"position\":2,\"name\":\"Kandidater till Kommunfullm\u00e4ktige\",\"item\":\"https:\\\/\\\/wp.kristdemokraterna.se\\\/laxa2\\\/kandidater-l-till-kommunfullmaktige\\\/\"},{\"@type\":\"ListItem\",\"position\":3,\"name\":\"23. Daniel Persson &#8211; kandidat till kommunfullm\u00e4ktige\"}]},{\"@type\":\"WebSite\",\"@id\":\"https:\\\/\\\/wp.kristdemokraterna.se\\\/laxa2\\\/#website\",\"url\":\"https:\\\/\\\/wp.kristdemokraterna.se\\\/laxa2\\\/\",\"name\":\"Kristdemokraterna | Lax\u00e5\",\"description\":\"En till Kristdemokraterna webbplats\",\"inLanguage\":\"sv-SE\"}]}<\/script>\n<!-- \/ Yoast SEO plugin. -->","yoast_head_json":{"title":"23. Daniel Persson - kandidat till kommunfullm\u00e4ktige - Kristdemokraterna | Lax\u00e5","robots":{"index":"index","follow":"follow","max-snippet":"max-snippet:-1","max-image-preview":"max-image-preview:large","max-video-preview":"max-video-preview:-1"},"canonical":"https:\/\/wp.kristdemokraterna.se\/laxa2\/kandidater-l-till-kommunfullmaktige\/23-daniel-persson-kandidat-till-kommunfullmaktige\/","og_locale":"sv_SE","og_type":"article","og_title":"23. Daniel Persson - kandidat till kommunfullm\u00e4ktige - Kristdemokraterna | Lax\u00e5","og_description":"Namn:\u00a0 Daniel Persson \u00c5lder:\u00a0 \u00a036 \u00e5r Civilst\u00e5nd:\u00a0 Ogift Yrke:\u00a0 F\u00f6retagare och Fastighets\u00e4gare &nbsp; Halloj, Mitt namn \u00e4r Daniel Persson. Jag \u00e4r en vanlig kille som brinner f\u00f6r skogen,\u00a0 jakt och\u00a0 efters\u00f6k. Jag har bott och verkat i Lax\u00e5 i princip hela mitt verksamma liv f\u00f6rutom n\u00e5gra \u00e5r n\u00e4r jag bodde p\u00e5 annan ort, fast har L\u00e4s mer","og_url":"https:\/\/wp.kristdemokraterna.se\/laxa2\/kandidater-l-till-kommunfullmaktige\/23-daniel-persson-kandidat-till-kommunfullmaktige\/","og_site_name":"Kristdemokraterna | Lax\u00e5","article_modified_time":"2022-08-16T11:09:47+00:00","og_image":[{"url":"https:\/\/wp.kristdemokraterna.se\/laxa2\/files\/2022\/07\/daniel-persson-150x150.jpg","type":"","width":"","height":""}],"twitter_card":"summary_large_image","twitter_misc":{"Ber\u00e4knad l\u00e4stid":"1 minut"},"schema":{"@context":"https:\/\/schema.org","@graph":[{"@type":"WebPage","@id":"https:\/\/wp.kristdemokraterna.se\/laxa2\/kandidater-l-till-kommunfullmaktige\/23-daniel-persson-kandidat-till-kommunfullmaktige\/","url":"https:\/\/wp.kristdemokraterna.se\/laxa2\/kandidater-l-till-kommunfullmaktige\/23-daniel-persson-kandidat-till-kommunfullmaktige\/","name":"23. Daniel Persson - kandidat till kommunfullm\u00e4ktige - Kristdemokraterna | Lax\u00e5","isPartOf":{"@id":"https:\/\/wp.kristdemokraterna.se\/laxa2\/#website"},"primaryImageOfPage":{"@id":"https:\/\/wp.kristdemokraterna.se\/laxa2\/kandidater-l-till-kommunfullmaktige\/23-daniel-persson-kandidat-till-kommunfullmaktige\/#primaryimage"},"image":{"@id":"https:\/\/wp.kristdemokraterna.se\/laxa2\/kandidater-l-till-kommunfullmaktige\/23-daniel-persson-kandidat-till-kommunfullmaktige\/#primaryimage"},"thumbnailUrl":"https:\/\/wp.kristdemokraterna.se\/laxa2\/files\/2015\/01\/budget_2015.jpg","datePublished":"2022-07-19T07:14:46+00:00","dateModified":"2022-08-16T11:09:47+00:00","breadcrumb":{"@id":"https:\/\/wp.kristdemokraterna.se\/laxa2\/kandidater-l-till-kommunfullmaktige\/23-daniel-persson-kandidat-till-kommunfullmaktige\/#breadcrumb"},"inLanguage":"sv-SE","potentialAction":[{"@type":"ReadAction","target":["https:\/\/wp.kristdemokraterna.se\/laxa2\/kandidater-l-till-kommunfullmaktige\/23-daniel-persson-kandidat-till-kommunfullmaktige\/"]}]},{"@type":"ImageObject","inLanguage":"sv-SE","@id":"https:\/\/wp.kristdemokraterna.se\/laxa2\/kandidater-l-till-kommunfullmaktige\/23-daniel-persson-kandidat-till-kommunfullmaktige\/#primaryimage","url":"https:\/\/wp.kristdemokraterna.se\/laxa2\/files\/2015\/01\/budget_2015.jpg","contentUrl":"https:\/\/wp.kristdemokraterna.se\/laxa2\/files\/2015\/01\/budget_2015.jpg","width":445,"height":625},{"@type":"BreadcrumbList","@id":"https:\/\/wp.kristdemokraterna.se\/laxa2\/kandidater-l-till-kommunfullmaktige\/23-daniel-persson-kandidat-till-kommunfullmaktige\/#breadcrumb","itemListElement":[{"@type":"ListItem","position":1,"name":"Hem","item":"https:\/\/wp.kristdemokraterna.se\/laxa2\/"},{"@type":"ListItem","position":2,"name":"Kandidater till Kommunfullm\u00e4ktige","item":"https:\/\/wp.kristdemokraterna.se\/laxa2\/kandidater-l-till-kommunfullmaktige\/"},{"@type":"ListItem","position":3,"name":"23. Daniel Persson &#8211; kandidat till kommunfullm\u00e4ktige"}]},{"@type":"WebSite","@id":"https:\/\/wp.kristdemokraterna.se\/laxa2\/#website","url":"https:\/\/wp.kristdemokraterna.se\/laxa2\/","name":"Kristdemokraterna | Lax\u00e5","description":"En till Kristdemokraterna webbplats","inLanguage":"sv-SE"}]}},"_links":{"self":[{"href":"https:\/\/wp.kristdemokraterna.se\/laxa2\/wp-json\/wp\/v2\/pages\/1549","targetHints":{"allow":["GET"]}}],"collection":[{"href":"https:\/\/wp.kristdemokraterna.se\/laxa2\/wp-json\/wp\/v2\/pages"}],"about":[{"href":"https:\/\/wp.kristdemokraterna.se\/laxa2\/wp-json\/wp\/v2\/types\/page"}],"author":[{"embeddable":true,"href":"https:\/\/wp.kristdemokraterna.se\/laxa2\/wp-json\/wp\/v2\/users\/444"}],"replies":[{"embeddable":true,"href":"https:\/\/wp.kristdemokraterna.se\/laxa2\/wp-json\/wp\/v2\/comments?post=1549"}],"version-history":[{"count":1,"href":"https:\/\/wp.kristdemokraterna.se\/laxa2\/wp-json\/wp\/v2\/pages\/1549\/revisions"}],"predecessor-version":[{"id":1716,"href":"https:\/\/wp.kristdemokraterna.se\/laxa2\/wp-json\/wp\/v2\/pages\/1549\/revisions\/1716"}],"up":[{"embeddable":true,"href":"https:\/\/wp.kristdemokraterna.se\/laxa2\/wp-json\/wp\/v2\/pages\/1431"}],"wp:featuredmedia":[{"embeddable":true,"href":"https:\/\/wp.kristdemokraterna.se\/laxa2\/wp-json\/wp\/v2\/media\/714"}],"wp:attachment":[{"href":"https:\/\/wp.kristdemokraterna.se\/laxa2\/wp-json\/wp\/v2\/media?parent=1549"}],"curies":[{"name":"wp","href":"https:\/\/api.w.org\/{rel}","templated":true}]}}