{"id":1604,"date":"2022-08-04T17:27:17","date_gmt":"2022-08-04T15:27:17","guid":{"rendered":"https:\/\/wp.kristdemokraterna.se\/laxa\/?page_id=1604"},"modified":"2022-08-16T13:10:57","modified_gmt":"2022-08-16T11:10:57","slug":"13-fredrik-jansson-kandidat-till-kommunfullmaktige","status":"publish","type":"page","link":"https:\/\/wp.kristdemokraterna.se\/laxa2\/kandidater-l-till-kommunfullmaktige\/13-fredrik-jansson-kandidat-till-kommunfullmaktige\/","title":{"rendered":"13. Fredrik Jansson &#8211; kandidat till Kommunfullm\u00e4ktige"},"content":{"rendered":"<p><strong>Namn: Fredrik Jansson<\/strong><br \/>\n<strong>\u00c5lder:\u00a041 \u00e5r<\/strong><br \/>\n<strong>Civilst\u00e5nd: Sambo<\/strong><br \/>\n<strong>Yrke:\u00a0Avdelningschef\u00a0<\/strong><\/p>\n<p>Jag bor sedan 2014 med min sambo Henna Tirkkonen och tre hemmavarande barn i Finner\u00f6dja. Att vi hamnade just d\u00e4r var st\u00f6rsta delen lugnet och n\u00e4rheten till naturen.<br \/>\nJag jobbar som avdelningschef inom transportbranchen och trivs med att utveckla och f\u00f6rb\u00e4ttra gillar \u00e4ven att ha m\u00e5nga bollar i luften.<\/p>\n<p>Sitter f\u00f6r n\u00e4rvarande i styrelsen f\u00f6r AB Lax\u00e5hem\/Lax\u00e5 Kommunfastigheter AB och hoppas kunna forts\u00e4tta arbetet med att utveckla kommunen \u00e4ven i framtiden.<\/p>\n","protected":false},"excerpt":{"rendered":"<p>Namn: Fredrik Jansson \u00c5lder:\u00a041 \u00e5r Civilst\u00e5nd: Sambo Yrke:\u00a0Avdelningschef\u00a0 Jag bor sedan 2014 med min sambo Henna Tirkkonen och tre hemmavarande barn i Finner\u00f6dja. Att vi hamnade just d\u00e4r var st\u00f6rsta delen lugnet och n\u00e4rheten till naturen. Jag jobbar som avdelningschef inom transportbranchen och trivs med att utveckla och f\u00f6rb\u00e4ttra gillar \u00e4ven att ha m\u00e5nga bollar <a class=\"read-more-link\" href=\"https:\/\/wp.kristdemokraterna.se\/laxa2\/kandidater-l-till-kommunfullmaktige\/13-fredrik-jansson-kandidat-till-kommunfullmaktige\/\">L\u00e4s mer<\/a><\/p>\n","protected":false},"author":444,"featured_media":714,"parent":1431,"menu_order":11,"comment_status":"closed","ping_status":"closed","template":"page.php","meta":{"_acf_changed":false,"footnotes":""},"class_list":["post-1604","page","type-page","status-publish","hentry"],"acf":[],"yoast_head":"<!-- This site is optimized with the Yoast SEO plugin v27.5 - https:\/\/yoast.com\/product\/yoast-seo-wordpress\/ -->\n<title>13. Fredrik Jansson - kandidat till Kommunfullm\u00e4ktige - Kristdemokraterna | Lax\u00e5<\/title>\n<meta name=\"robots\" content=\"index, follow, max-snippet:-1, max-image-preview:large, max-video-preview:-1\" \/>\n<link rel=\"canonical\" href=\"https:\/\/wp.kristdemokraterna.se\/laxa2\/kandidater-l-till-kommunfullmaktige\/13-fredrik-jansson-kandidat-till-kommunfullmaktige\/\" \/>\n<meta property=\"og:locale\" content=\"sv_SE\" \/>\n<meta property=\"og:type\" content=\"article\" \/>\n<meta property=\"og:title\" content=\"13. Fredrik Jansson - kandidat till Kommunfullm\u00e4ktige - Kristdemokraterna | Lax\u00e5\" \/>\n<meta property=\"og:description\" content=\"Namn: Fredrik Jansson \u00c5lder:\u00a041 \u00e5r Civilst\u00e5nd: Sambo Yrke:\u00a0Avdelningschef\u00a0 Jag bor sedan 2014 med min sambo Henna Tirkkonen och tre hemmavarande barn i Finner\u00f6dja. Att vi hamnade just d\u00e4r var st\u00f6rsta delen lugnet och n\u00e4rheten till naturen. Jag jobbar som avdelningschef inom transportbranchen och trivs med att utveckla och f\u00f6rb\u00e4ttra gillar \u00e4ven att ha m\u00e5nga bollar L\u00e4s mer\" \/>\n<meta property=\"og:url\" content=\"https:\/\/wp.kristdemokraterna.se\/laxa2\/kandidater-l-till-kommunfullmaktige\/13-fredrik-jansson-kandidat-till-kommunfullmaktige\/\" \/>\n<meta property=\"og:site_name\" content=\"Kristdemokraterna | Lax\u00e5\" \/>\n<meta property=\"article:modified_time\" content=\"2022-08-16T11:10:57+00:00\" \/>\n<meta name=\"twitter:card\" content=\"summary_large_image\" \/>\n<script type=\"application\/ld+json\" class=\"yoast-schema-graph\">{\"@context\":\"https:\\\/\\\/schema.org\",\"@graph\":[{\"@type\":\"WebPage\",\"@id\":\"https:\\\/\\\/wp.kristdemokraterna.se\\\/laxa2\\\/kandidater-l-till-kommunfullmaktige\\\/13-fredrik-jansson-kandidat-till-kommunfullmaktige\\\/\",\"url\":\"https:\\\/\\\/wp.kristdemokraterna.se\\\/laxa2\\\/kandidater-l-till-kommunfullmaktige\\\/13-fredrik-jansson-kandidat-till-kommunfullmaktige\\\/\",\"name\":\"13. Fredrik Jansson - kandidat till Kommunfullm\u00e4ktige - Kristdemokraterna | Lax\u00e5\",\"isPartOf\":{\"@id\":\"https:\\\/\\\/wp.kristdemokraterna.se\\\/laxa2\\\/#website\"},\"primaryImageOfPage\":{\"@id\":\"https:\\\/\\\/wp.kristdemokraterna.se\\\/laxa2\\\/kandidater-l-till-kommunfullmaktige\\\/13-fredrik-jansson-kandidat-till-kommunfullmaktige\\\/#primaryimage\"},\"image\":{\"@id\":\"https:\\\/\\\/wp.kristdemokraterna.se\\\/laxa2\\\/kandidater-l-till-kommunfullmaktige\\\/13-fredrik-jansson-kandidat-till-kommunfullmaktige\\\/#primaryimage\"},\"thumbnailUrl\":\"https:\\\/\\\/wp.kristdemokraterna.se\\\/laxa2\\\/files\\\/2015\\\/01\\\/budget_2015.jpg\",\"datePublished\":\"2022-08-04T15:27:17+00:00\",\"dateModified\":\"2022-08-16T11:10:57+00:00\",\"breadcrumb\":{\"@id\":\"https:\\\/\\\/wp.kristdemokraterna.se\\\/laxa2\\\/kandidater-l-till-kommunfullmaktige\\\/13-fredrik-jansson-kandidat-till-kommunfullmaktige\\\/#breadcrumb\"},\"inLanguage\":\"sv-SE\",\"potentialAction\":[{\"@type\":\"ReadAction\",\"target\":[\"https:\\\/\\\/wp.kristdemokraterna.se\\\/laxa2\\\/kandidater-l-till-kommunfullmaktige\\\/13-fredrik-jansson-kandidat-till-kommunfullmaktige\\\/\"]}]},{\"@type\":\"ImageObject\",\"inLanguage\":\"sv-SE\",\"@id\":\"https:\\\/\\\/wp.kristdemokraterna.se\\\/laxa2\\\/kandidater-l-till-kommunfullmaktige\\\/13-fredrik-jansson-kandidat-till-kommunfullmaktige\\\/#primaryimage\",\"url\":\"https:\\\/\\\/wp.kristdemokraterna.se\\\/laxa2\\\/files\\\/2015\\\/01\\\/budget_2015.jpg\",\"contentUrl\":\"https:\\\/\\\/wp.kristdemokraterna.se\\\/laxa2\\\/files\\\/2015\\\/01\\\/budget_2015.jpg\",\"width\":445,\"height\":625},{\"@type\":\"BreadcrumbList\",\"@id\":\"https:\\\/\\\/wp.kristdemokraterna.se\\\/laxa2\\\/kandidater-l-till-kommunfullmaktige\\\/13-fredrik-jansson-kandidat-till-kommunfullmaktige\\\/#breadcrumb\",\"itemListElement\":[{\"@type\":\"ListItem\",\"position\":1,\"name\":\"Hem\",\"item\":\"https:\\\/\\\/wp.kristdemokraterna.se\\\/laxa2\\\/\"},{\"@type\":\"ListItem\",\"position\":2,\"name\":\"Kandidater till Kommunfullm\u00e4ktige\",\"item\":\"https:\\\/\\\/wp.kristdemokraterna.se\\\/laxa2\\\/kandidater-l-till-kommunfullmaktige\\\/\"},{\"@type\":\"ListItem\",\"position\":3,\"name\":\"13. Fredrik Jansson &#8211; kandidat till Kommunfullm\u00e4ktige\"}]},{\"@type\":\"WebSite\",\"@id\":\"https:\\\/\\\/wp.kristdemokraterna.se\\\/laxa2\\\/#website\",\"url\":\"https:\\\/\\\/wp.kristdemokraterna.se\\\/laxa2\\\/\",\"name\":\"Kristdemokraterna | Lax\u00e5\",\"description\":\"En till Kristdemokraterna webbplats\",\"inLanguage\":\"sv-SE\"}]}<\/script>\n<!-- \/ Yoast SEO plugin. -->","yoast_head_json":{"title":"13. Fredrik Jansson - kandidat till Kommunfullm\u00e4ktige - Kristdemokraterna | Lax\u00e5","robots":{"index":"index","follow":"follow","max-snippet":"max-snippet:-1","max-image-preview":"max-image-preview:large","max-video-preview":"max-video-preview:-1"},"canonical":"https:\/\/wp.kristdemokraterna.se\/laxa2\/kandidater-l-till-kommunfullmaktige\/13-fredrik-jansson-kandidat-till-kommunfullmaktige\/","og_locale":"sv_SE","og_type":"article","og_title":"13. Fredrik Jansson - kandidat till Kommunfullm\u00e4ktige - Kristdemokraterna | Lax\u00e5","og_description":"Namn: Fredrik Jansson \u00c5lder:\u00a041 \u00e5r Civilst\u00e5nd: Sambo Yrke:\u00a0Avdelningschef\u00a0 Jag bor sedan 2014 med min sambo Henna Tirkkonen och tre hemmavarande barn i Finner\u00f6dja. Att vi hamnade just d\u00e4r var st\u00f6rsta delen lugnet och n\u00e4rheten till naturen. Jag jobbar som avdelningschef inom transportbranchen och trivs med att utveckla och f\u00f6rb\u00e4ttra gillar \u00e4ven att ha m\u00e5nga bollar L\u00e4s mer","og_url":"https:\/\/wp.kristdemokraterna.se\/laxa2\/kandidater-l-till-kommunfullmaktige\/13-fredrik-jansson-kandidat-till-kommunfullmaktige\/","og_site_name":"Kristdemokraterna | Lax\u00e5","article_modified_time":"2022-08-16T11:10:57+00:00","twitter_card":"summary_large_image","schema":{"@context":"https:\/\/schema.org","@graph":[{"@type":"WebPage","@id":"https:\/\/wp.kristdemokraterna.se\/laxa2\/kandidater-l-till-kommunfullmaktige\/13-fredrik-jansson-kandidat-till-kommunfullmaktige\/","url":"https:\/\/wp.kristdemokraterna.se\/laxa2\/kandidater-l-till-kommunfullmaktige\/13-fredrik-jansson-kandidat-till-kommunfullmaktige\/","name":"13. Fredrik Jansson - kandidat till Kommunfullm\u00e4ktige - Kristdemokraterna | Lax\u00e5","isPartOf":{"@id":"https:\/\/wp.kristdemokraterna.se\/laxa2\/#website"},"primaryImageOfPage":{"@id":"https:\/\/wp.kristdemokraterna.se\/laxa2\/kandidater-l-till-kommunfullmaktige\/13-fredrik-jansson-kandidat-till-kommunfullmaktige\/#primaryimage"},"image":{"@id":"https:\/\/wp.kristdemokraterna.se\/laxa2\/kandidater-l-till-kommunfullmaktige\/13-fredrik-jansson-kandidat-till-kommunfullmaktige\/#primaryimage"},"thumbnailUrl":"https:\/\/wp.kristdemokraterna.se\/laxa2\/files\/2015\/01\/budget_2015.jpg","datePublished":"2022-08-04T15:27:17+00:00","dateModified":"2022-08-16T11:10:57+00:00","breadcrumb":{"@id":"https:\/\/wp.kristdemokraterna.se\/laxa2\/kandidater-l-till-kommunfullmaktige\/13-fredrik-jansson-kandidat-till-kommunfullmaktige\/#breadcrumb"},"inLanguage":"sv-SE","potentialAction":[{"@type":"ReadAction","target":["https:\/\/wp.kristdemokraterna.se\/laxa2\/kandidater-l-till-kommunfullmaktige\/13-fredrik-jansson-kandidat-till-kommunfullmaktige\/"]}]},{"@type":"ImageObject","inLanguage":"sv-SE","@id":"https:\/\/wp.kristdemokraterna.se\/laxa2\/kandidater-l-till-kommunfullmaktige\/13-fredrik-jansson-kandidat-till-kommunfullmaktige\/#primaryimage","url":"https:\/\/wp.kristdemokraterna.se\/laxa2\/files\/2015\/01\/budget_2015.jpg","contentUrl":"https:\/\/wp.kristdemokraterna.se\/laxa2\/files\/2015\/01\/budget_2015.jpg","width":445,"height":625},{"@type":"BreadcrumbList","@id":"https:\/\/wp.kristdemokraterna.se\/laxa2\/kandidater-l-till-kommunfullmaktige\/13-fredrik-jansson-kandidat-till-kommunfullmaktige\/#breadcrumb","itemListElement":[{"@type":"ListItem","position":1,"name":"Hem","item":"https:\/\/wp.kristdemokraterna.se\/laxa2\/"},{"@type":"ListItem","position":2,"name":"Kandidater till Kommunfullm\u00e4ktige","item":"https:\/\/wp.kristdemokraterna.se\/laxa2\/kandidater-l-till-kommunfullmaktige\/"},{"@type":"ListItem","position":3,"name":"13. Fredrik Jansson &#8211; kandidat till Kommunfullm\u00e4ktige"}]},{"@type":"WebSite","@id":"https:\/\/wp.kristdemokraterna.se\/laxa2\/#website","url":"https:\/\/wp.kristdemokraterna.se\/laxa2\/","name":"Kristdemokraterna | Lax\u00e5","description":"En till Kristdemokraterna webbplats","inLanguage":"sv-SE"}]}},"_links":{"self":[{"href":"https:\/\/wp.kristdemokraterna.se\/laxa2\/wp-json\/wp\/v2\/pages\/1604","targetHints":{"allow":["GET"]}}],"collection":[{"href":"https:\/\/wp.kristdemokraterna.se\/laxa2\/wp-json\/wp\/v2\/pages"}],"about":[{"href":"https:\/\/wp.kristdemokraterna.se\/laxa2\/wp-json\/wp\/v2\/types\/page"}],"author":[{"embeddable":true,"href":"https:\/\/wp.kristdemokraterna.se\/laxa2\/wp-json\/wp\/v2\/users\/444"}],"replies":[{"embeddable":true,"href":"https:\/\/wp.kristdemokraterna.se\/laxa2\/wp-json\/wp\/v2\/comments?post=1604"}],"version-history":[{"count":1,"href":"https:\/\/wp.kristdemokraterna.se\/laxa2\/wp-json\/wp\/v2\/pages\/1604\/revisions"}],"predecessor-version":[{"id":1720,"href":"https:\/\/wp.kristdemokraterna.se\/laxa2\/wp-json\/wp\/v2\/pages\/1604\/revisions\/1720"}],"up":[{"embeddable":true,"href":"https:\/\/wp.kristdemokraterna.se\/laxa2\/wp-json\/wp\/v2\/pages\/1431"}],"wp:featuredmedia":[{"embeddable":true,"href":"https:\/\/wp.kristdemokraterna.se\/laxa2\/wp-json\/wp\/v2\/media\/714"}],"wp:attachment":[{"href":"https:\/\/wp.kristdemokraterna.se\/laxa2\/wp-json\/wp\/v2\/media?parent=1604"}],"curies":[{"name":"wp","href":"https:\/\/api.w.org\/{rel}","templated":true}]}}