{"id":1606,"date":"2022-08-04T17:31:36","date_gmt":"2022-08-04T15:31:36","guid":{"rendered":"https:\/\/wp.kristdemokraterna.se\/laxa\/?page_id=1606"},"modified":"2022-08-16T13:12:52","modified_gmt":"2022-08-16T11:12:52","slug":"4-henna-tirkkonen-kandidat-till-kommunfullmaktige","status":"publish","type":"page","link":"https:\/\/wp.kristdemokraterna.se\/laxa2\/kandidater-l-till-kommunfullmaktige\/4-henna-tirkkonen-kandidat-till-kommunfullmaktige\/","title":{"rendered":"4. Henna Tirkkonen &#8211; kandidat till kommunfullm\u00e4ktige"},"content":{"rendered":"<p><strong><img loading=\"lazy\" decoding=\"async\" class=\"alignleft size-medium wp-image-1624\" src=\"http:\/\/wp.kristdemokraterna.se\/laxa\/files\/2022\/08\/henna-ny-200x300.jpg\" alt=\"\" width=\"200\" height=\"300\" \/>Namn: Henna Tirkkonen<\/strong><br \/>\n<strong>\u00c5lder: 36 \u00e5r<\/strong><br \/>\n<strong>Civilst\u00e5nd:\u00a0 Sambo<\/strong><br \/>\n<strong>Yrke: Egenf\u00f6retagare<\/strong><\/p>\n<p>Jag \u00e4r en tre-barns mamma som \u00e4r bosatt i Finner\u00f6dja tillsammans med sambon Fredrik Jansson.<\/p>\n<p>Jag ser mig sj\u00e4lv som en driven m\u00e4nniska som \u00e4lskar n\u00e4r man inte \u00e4r r\u00e4dd f\u00f6r att t\u00e4nka utanf\u00f6r ramarna f\u00f6r att n\u00e5 resultat som gynnar v\u00e4lf\u00e4rden och de kommunala verksamheterna.<\/p>\n<p>Jag vill se ett Lax\u00e5 kommun som blomstrar och blir en m\u00e5lbild f\u00f6r andra kommuner att efterlikna i Sverige<\/p>\n<p>D\u00e4r vi t\u00e4nker klimatsmart. \u00c4ter lokala r\u00e5varor ex. k\u00f6tt som serveras i v\u00e5ra skolor och v\u00e5r omsorg skall komma fr\u00e5n lokala akt\u00f6rer i Lax\u00e5 kommun.<\/p>\n<p>Jag vill se upphandlingar f\u00f6r potatis, mor\u00f6tter, k\u00e5l, mm inom en radie av \u00d6rebro l\u00e4nsgr\u00e4nser.<\/p>\n<p>Jag vill gynna v\u00e5ra b\u00f6nder, f\u00f6r dom h\u00e5ller\u00a0 Sverige levande. Tillsammans med v\u00e5ran biologiska m\u00e5ngfald som jag anser \u00e4r viktig f\u00f6r oss och vill se arbete kring.<\/p>\n<p>Jag t\u00e4nker v\u00e5gar driva fr\u00e5gor som andra tycker \u00e4r om\u00f6jliga, f\u00f6r min m\u00e5lbild \u00e4r att Lax\u00e5 ska vara en kommun d\u00e4r vi ska ha en v\u00e4xande befolkning som k\u00e4nner sig trygga och samtidigt \u00e4r positiv till sin kommun.<\/p>\n<p>D\u00e4r barn och ungdomar har en fritidsg\u00e5rd att g\u00e5 till, aktiviteter som gynnar deras livsgnista och utveckling.<\/p>\n<p>F\u00f6r Lax\u00e5 kommun, tillsammans.<\/p>\n","protected":false},"excerpt":{"rendered":"<p>Namn: Henna Tirkkonen \u00c5lder: 36 \u00e5r Civilst\u00e5nd:\u00a0 Sambo Yrke: Egenf\u00f6retagare Jag \u00e4r en tre-barns mamma som \u00e4r bosatt i Finner\u00f6dja tillsammans med sambon Fredrik Jansson. Jag ser mig sj\u00e4lv som en driven m\u00e4nniska som \u00e4lskar n\u00e4r man inte \u00e4r r\u00e4dd f\u00f6r att t\u00e4nka utanf\u00f6r ramarna f\u00f6r att n\u00e5 resultat som gynnar v\u00e4lf\u00e4rden och de kommunala <a class=\"read-more-link\" href=\"https:\/\/wp.kristdemokraterna.se\/laxa2\/kandidater-l-till-kommunfullmaktige\/4-henna-tirkkonen-kandidat-till-kommunfullmaktige\/\">L\u00e4s mer<\/a><\/p>\n","protected":false},"author":444,"featured_media":714,"parent":1431,"menu_order":4,"comment_status":"closed","ping_status":"closed","template":"page.php","meta":{"_acf_changed":false,"footnotes":""},"class_list":["post-1606","page","type-page","status-publish","hentry"],"acf":[],"yoast_head":"<!-- This site is optimized with the Yoast SEO plugin v27.5 - https:\/\/yoast.com\/product\/yoast-seo-wordpress\/ -->\n<title>4. Henna Tirkkonen - kandidat till kommunfullm\u00e4ktige - Kristdemokraterna | Lax\u00e5<\/title>\n<meta name=\"robots\" content=\"index, follow, max-snippet:-1, max-image-preview:large, max-video-preview:-1\" \/>\n<link rel=\"canonical\" href=\"https:\/\/wp.kristdemokraterna.se\/laxa2\/kandidater-l-till-kommunfullmaktige\/4-henna-tirkkonen-kandidat-till-kommunfullmaktige\/\" \/>\n<meta property=\"og:locale\" content=\"sv_SE\" \/>\n<meta property=\"og:type\" content=\"article\" \/>\n<meta property=\"og:title\" content=\"4. Henna Tirkkonen - kandidat till kommunfullm\u00e4ktige - Kristdemokraterna | Lax\u00e5\" \/>\n<meta property=\"og:description\" content=\"Namn: Henna Tirkkonen \u00c5lder: 36 \u00e5r Civilst\u00e5nd:\u00a0 Sambo Yrke: Egenf\u00f6retagare Jag \u00e4r en tre-barns mamma som \u00e4r bosatt i Finner\u00f6dja tillsammans med sambon Fredrik Jansson. Jag ser mig sj\u00e4lv som en driven m\u00e4nniska som \u00e4lskar n\u00e4r man inte \u00e4r r\u00e4dd f\u00f6r att t\u00e4nka utanf\u00f6r ramarna f\u00f6r att n\u00e5 resultat som gynnar v\u00e4lf\u00e4rden och de kommunala L\u00e4s mer\" \/>\n<meta property=\"og:url\" content=\"https:\/\/wp.kristdemokraterna.se\/laxa2\/kandidater-l-till-kommunfullmaktige\/4-henna-tirkkonen-kandidat-till-kommunfullmaktige\/\" \/>\n<meta property=\"og:site_name\" content=\"Kristdemokraterna | Lax\u00e5\" \/>\n<meta property=\"article:modified_time\" content=\"2022-08-16T11:12:52+00:00\" \/>\n<meta property=\"og:image\" content=\"http:\/\/wp.kristdemokraterna.se\/laxa\/files\/2022\/08\/henna-ny-200x300.jpg\" \/>\n<meta name=\"twitter:card\" content=\"summary_large_image\" \/>\n<meta name=\"twitter:label1\" content=\"Ber\u00e4knad l\u00e4stid\" \/>\n\t<meta name=\"twitter:data1\" content=\"1 minut\" \/>\n<script type=\"application\/ld+json\" class=\"yoast-schema-graph\">{\"@context\":\"https:\\\/\\\/schema.org\",\"@graph\":[{\"@type\":\"WebPage\",\"@id\":\"https:\\\/\\\/wp.kristdemokraterna.se\\\/laxa2\\\/kandidater-l-till-kommunfullmaktige\\\/4-henna-tirkkonen-kandidat-till-kommunfullmaktige\\\/\",\"url\":\"https:\\\/\\\/wp.kristdemokraterna.se\\\/laxa2\\\/kandidater-l-till-kommunfullmaktige\\\/4-henna-tirkkonen-kandidat-till-kommunfullmaktige\\\/\",\"name\":\"4. Henna Tirkkonen - kandidat till kommunfullm\u00e4ktige - Kristdemokraterna | Lax\u00e5\",\"isPartOf\":{\"@id\":\"https:\\\/\\\/wp.kristdemokraterna.se\\\/laxa2\\\/#website\"},\"primaryImageOfPage\":{\"@id\":\"https:\\\/\\\/wp.kristdemokraterna.se\\\/laxa2\\\/kandidater-l-till-kommunfullmaktige\\\/4-henna-tirkkonen-kandidat-till-kommunfullmaktige\\\/#primaryimage\"},\"image\":{\"@id\":\"https:\\\/\\\/wp.kristdemokraterna.se\\\/laxa2\\\/kandidater-l-till-kommunfullmaktige\\\/4-henna-tirkkonen-kandidat-till-kommunfullmaktige\\\/#primaryimage\"},\"thumbnailUrl\":\"https:\\\/\\\/wp.kristdemokraterna.se\\\/laxa2\\\/files\\\/2015\\\/01\\\/budget_2015.jpg\",\"datePublished\":\"2022-08-04T15:31:36+00:00\",\"dateModified\":\"2022-08-16T11:12:52+00:00\",\"breadcrumb\":{\"@id\":\"https:\\\/\\\/wp.kristdemokraterna.se\\\/laxa2\\\/kandidater-l-till-kommunfullmaktige\\\/4-henna-tirkkonen-kandidat-till-kommunfullmaktige\\\/#breadcrumb\"},\"inLanguage\":\"sv-SE\",\"potentialAction\":[{\"@type\":\"ReadAction\",\"target\":[\"https:\\\/\\\/wp.kristdemokraterna.se\\\/laxa2\\\/kandidater-l-till-kommunfullmaktige\\\/4-henna-tirkkonen-kandidat-till-kommunfullmaktige\\\/\"]}]},{\"@type\":\"ImageObject\",\"inLanguage\":\"sv-SE\",\"@id\":\"https:\\\/\\\/wp.kristdemokraterna.se\\\/laxa2\\\/kandidater-l-till-kommunfullmaktige\\\/4-henna-tirkkonen-kandidat-till-kommunfullmaktige\\\/#primaryimage\",\"url\":\"https:\\\/\\\/wp.kristdemokraterna.se\\\/laxa2\\\/files\\\/2015\\\/01\\\/budget_2015.jpg\",\"contentUrl\":\"https:\\\/\\\/wp.kristdemokraterna.se\\\/laxa2\\\/files\\\/2015\\\/01\\\/budget_2015.jpg\",\"width\":445,\"height\":625},{\"@type\":\"BreadcrumbList\",\"@id\":\"https:\\\/\\\/wp.kristdemokraterna.se\\\/laxa2\\\/kandidater-l-till-kommunfullmaktige\\\/4-henna-tirkkonen-kandidat-till-kommunfullmaktige\\\/#breadcrumb\",\"itemListElement\":[{\"@type\":\"ListItem\",\"position\":1,\"name\":\"Hem\",\"item\":\"https:\\\/\\\/wp.kristdemokraterna.se\\\/laxa2\\\/\"},{\"@type\":\"ListItem\",\"position\":2,\"name\":\"Kandidater till Kommunfullm\u00e4ktige\",\"item\":\"https:\\\/\\\/wp.kristdemokraterna.se\\\/laxa2\\\/kandidater-l-till-kommunfullmaktige\\\/\"},{\"@type\":\"ListItem\",\"position\":3,\"name\":\"4. Henna Tirkkonen &#8211; kandidat till kommunfullm\u00e4ktige\"}]},{\"@type\":\"WebSite\",\"@id\":\"https:\\\/\\\/wp.kristdemokraterna.se\\\/laxa2\\\/#website\",\"url\":\"https:\\\/\\\/wp.kristdemokraterna.se\\\/laxa2\\\/\",\"name\":\"Kristdemokraterna | Lax\u00e5\",\"description\":\"En till Kristdemokraterna webbplats\",\"inLanguage\":\"sv-SE\"}]}<\/script>\n<!-- \/ Yoast SEO plugin. -->","yoast_head_json":{"title":"4. Henna Tirkkonen - kandidat till kommunfullm\u00e4ktige - Kristdemokraterna | Lax\u00e5","robots":{"index":"index","follow":"follow","max-snippet":"max-snippet:-1","max-image-preview":"max-image-preview:large","max-video-preview":"max-video-preview:-1"},"canonical":"https:\/\/wp.kristdemokraterna.se\/laxa2\/kandidater-l-till-kommunfullmaktige\/4-henna-tirkkonen-kandidat-till-kommunfullmaktige\/","og_locale":"sv_SE","og_type":"article","og_title":"4. Henna Tirkkonen - kandidat till kommunfullm\u00e4ktige - Kristdemokraterna | Lax\u00e5","og_description":"Namn: Henna Tirkkonen \u00c5lder: 36 \u00e5r Civilst\u00e5nd:\u00a0 Sambo Yrke: Egenf\u00f6retagare Jag \u00e4r en tre-barns mamma som \u00e4r bosatt i Finner\u00f6dja tillsammans med sambon Fredrik Jansson. Jag ser mig sj\u00e4lv som en driven m\u00e4nniska som \u00e4lskar n\u00e4r man inte \u00e4r r\u00e4dd f\u00f6r att t\u00e4nka utanf\u00f6r ramarna f\u00f6r att n\u00e5 resultat som gynnar v\u00e4lf\u00e4rden och de kommunala L\u00e4s mer","og_url":"https:\/\/wp.kristdemokraterna.se\/laxa2\/kandidater-l-till-kommunfullmaktige\/4-henna-tirkkonen-kandidat-till-kommunfullmaktige\/","og_site_name":"Kristdemokraterna | Lax\u00e5","article_modified_time":"2022-08-16T11:12:52+00:00","og_image":[{"url":"http:\/\/wp.kristdemokraterna.se\/laxa\/files\/2022\/08\/henna-ny-200x300.jpg","type":"","width":"","height":""}],"twitter_card":"summary_large_image","twitter_misc":{"Ber\u00e4knad l\u00e4stid":"1 minut"},"schema":{"@context":"https:\/\/schema.org","@graph":[{"@type":"WebPage","@id":"https:\/\/wp.kristdemokraterna.se\/laxa2\/kandidater-l-till-kommunfullmaktige\/4-henna-tirkkonen-kandidat-till-kommunfullmaktige\/","url":"https:\/\/wp.kristdemokraterna.se\/laxa2\/kandidater-l-till-kommunfullmaktige\/4-henna-tirkkonen-kandidat-till-kommunfullmaktige\/","name":"4. Henna Tirkkonen - kandidat till kommunfullm\u00e4ktige - Kristdemokraterna | Lax\u00e5","isPartOf":{"@id":"https:\/\/wp.kristdemokraterna.se\/laxa2\/#website"},"primaryImageOfPage":{"@id":"https:\/\/wp.kristdemokraterna.se\/laxa2\/kandidater-l-till-kommunfullmaktige\/4-henna-tirkkonen-kandidat-till-kommunfullmaktige\/#primaryimage"},"image":{"@id":"https:\/\/wp.kristdemokraterna.se\/laxa2\/kandidater-l-till-kommunfullmaktige\/4-henna-tirkkonen-kandidat-till-kommunfullmaktige\/#primaryimage"},"thumbnailUrl":"https:\/\/wp.kristdemokraterna.se\/laxa2\/files\/2015\/01\/budget_2015.jpg","datePublished":"2022-08-04T15:31:36+00:00","dateModified":"2022-08-16T11:12:52+00:00","breadcrumb":{"@id":"https:\/\/wp.kristdemokraterna.se\/laxa2\/kandidater-l-till-kommunfullmaktige\/4-henna-tirkkonen-kandidat-till-kommunfullmaktige\/#breadcrumb"},"inLanguage":"sv-SE","potentialAction":[{"@type":"ReadAction","target":["https:\/\/wp.kristdemokraterna.se\/laxa2\/kandidater-l-till-kommunfullmaktige\/4-henna-tirkkonen-kandidat-till-kommunfullmaktige\/"]}]},{"@type":"ImageObject","inLanguage":"sv-SE","@id":"https:\/\/wp.kristdemokraterna.se\/laxa2\/kandidater-l-till-kommunfullmaktige\/4-henna-tirkkonen-kandidat-till-kommunfullmaktige\/#primaryimage","url":"https:\/\/wp.kristdemokraterna.se\/laxa2\/files\/2015\/01\/budget_2015.jpg","contentUrl":"https:\/\/wp.kristdemokraterna.se\/laxa2\/files\/2015\/01\/budget_2015.jpg","width":445,"height":625},{"@type":"BreadcrumbList","@id":"https:\/\/wp.kristdemokraterna.se\/laxa2\/kandidater-l-till-kommunfullmaktige\/4-henna-tirkkonen-kandidat-till-kommunfullmaktige\/#breadcrumb","itemListElement":[{"@type":"ListItem","position":1,"name":"Hem","item":"https:\/\/wp.kristdemokraterna.se\/laxa2\/"},{"@type":"ListItem","position":2,"name":"Kandidater till Kommunfullm\u00e4ktige","item":"https:\/\/wp.kristdemokraterna.se\/laxa2\/kandidater-l-till-kommunfullmaktige\/"},{"@type":"ListItem","position":3,"name":"4. Henna Tirkkonen &#8211; kandidat till kommunfullm\u00e4ktige"}]},{"@type":"WebSite","@id":"https:\/\/wp.kristdemokraterna.se\/laxa2\/#website","url":"https:\/\/wp.kristdemokraterna.se\/laxa2\/","name":"Kristdemokraterna | Lax\u00e5","description":"En till Kristdemokraterna webbplats","inLanguage":"sv-SE"}]}},"_links":{"self":[{"href":"https:\/\/wp.kristdemokraterna.se\/laxa2\/wp-json\/wp\/v2\/pages\/1606","targetHints":{"allow":["GET"]}}],"collection":[{"href":"https:\/\/wp.kristdemokraterna.se\/laxa2\/wp-json\/wp\/v2\/pages"}],"about":[{"href":"https:\/\/wp.kristdemokraterna.se\/laxa2\/wp-json\/wp\/v2\/types\/page"}],"author":[{"embeddable":true,"href":"https:\/\/wp.kristdemokraterna.se\/laxa2\/wp-json\/wp\/v2\/users\/444"}],"replies":[{"embeddable":true,"href":"https:\/\/wp.kristdemokraterna.se\/laxa2\/wp-json\/wp\/v2\/comments?post=1606"}],"version-history":[{"count":1,"href":"https:\/\/wp.kristdemokraterna.se\/laxa2\/wp-json\/wp\/v2\/pages\/1606\/revisions"}],"predecessor-version":[{"id":1727,"href":"https:\/\/wp.kristdemokraterna.se\/laxa2\/wp-json\/wp\/v2\/pages\/1606\/revisions\/1727"}],"up":[{"embeddable":true,"href":"https:\/\/wp.kristdemokraterna.se\/laxa2\/wp-json\/wp\/v2\/pages\/1431"}],"wp:featuredmedia":[{"embeddable":true,"href":"https:\/\/wp.kristdemokraterna.se\/laxa2\/wp-json\/wp\/v2\/media\/714"}],"wp:attachment":[{"href":"https:\/\/wp.kristdemokraterna.se\/laxa2\/wp-json\/wp\/v2\/media?parent=1606"}],"curies":[{"name":"wp","href":"https:\/\/api.w.org\/{rel}","templated":true}]}}