{"id":1009,"date":"2022-07-06T22:00:52","date_gmt":"2022-07-06T20:00:52","guid":{"rendered":"https:\/\/wp.kristdemokraterna.se\/leksand\/?page_id=1009"},"modified":"2022-07-06T22:00:52","modified_gmt":"2022-07-06T20:00:52","slug":"demokrati","status":"publish","type":"page","link":"https:\/\/wp.kristdemokraterna.se\/leksand\/var-politik\/politikomraden\/demokrati\/","title":{"rendered":"Demokrati &amp; samh\u00e4llsgemenskap"},"content":{"rendered":"<p>Vi vill se en god samh\u00e4llsgemenskap som k\u00e4nnetecknas av delaktighet, tillit och ansvarstagande. Alla som bor i Leksands kommun ska ha m\u00f6jlighet att vara med och bygga samh\u00e4llet. M\u00f6jlighet till deltagande och inflytande ska finnas, inte bara vid valtillf\u00e4llet utan kontinuerligt. F\u00f6r att komma n\u00e4rmare dessa m\u00e5l beh\u00f6ver vi bland annat g\u00f6ra insatser i skolan och st\u00f6dja civilsamh\u00e4llet f\u00f6r en b\u00e4ttre integration. Vi beh\u00f6ver ocks\u00e5 g\u00f6ra mer f\u00f6r att demokratin ska fungera b\u00e4ttre och att m\u00e4nskliga r\u00e4ttigheter, framf\u00f6r allt barns r\u00e4ttigheter, beaktas i den kommunala verksamheten. Den politiska organisationen ska b\u00e5de vara effektiv och fungera p\u00e5 ett s\u00e4tt som fr\u00e4mjar demokrati och medborgerligt engagemang.<\/p>\n<blockquote><p>Vision 2030 f\u00f6r Leksands kommun: <em>\u201cVi skapar gemensamt m\u00f6jligheter f\u00f6r alla att utvecklas och att skapa sin b\u00e4sta livssituation \u2026 Vi \u00e4r fortsatt en av landets tryggaste kommuner, d\u00e4r tillit och omtanke pr\u00e4glar vardagen.\u201d<\/em><\/p><\/blockquote>\n<h4><strong>V\u00e5ra f\u00f6rslag f\u00f6r integrationen:<\/strong><\/h4>\n<ul>\n<li>Tills\u00e4tt ett lokalt integrationsteam med fokus p\u00e5 att kartl\u00e4gga fysiska och psykiska behov hos nyanl\u00e4nda, samt ge viktig samh\u00e4llsinformation.<\/li>\n<li>Satsa p\u00e5 st\u00f6dgrupper f\u00f6r f\u00f6r\u00e4ldrar och grupptr\u00e4ffar f\u00f6r utrikes f\u00f6dda f\u00f6r\u00e4ldrar.<\/li>\n<li>St\u00e4rk svenska spr\u00e5kkunskaper inom skolan. Exempelvis ska lovskola erbjudas alla elever som inte n\u00e5r m\u00e5len i svenska som andraspr\u00e5k. Idag finns lovskola enbart f\u00f6r elever i \u00e5rskurs 8\u20139 p\u00e5 grundskolan.<\/li>\n<li>St\u00f6d civilsamh\u00e4llet ekonomiskt och erbjud ideella organisationer m\u00f6jlighet att uppr\u00e4tta ett id\u00e9buret offentligt partnerskap (IOP) med kommunen. Genom ett s\u00e5dant avtal kan kommunen bidra med pengar, lokaler eller administrativa resurser till exempelvis aktiviteter f\u00f6r nyanl\u00e4nda.<\/li>\n<\/ul>\n<h4><strong>V\u00e5ra f\u00f6rslag f\u00f6r demokratin:<\/strong><\/h4>\n<ul>\n<li>Se \u00f6ver den politiska organisationen och inf\u00f6r fackn\u00e4mnder ist\u00e4llet f\u00f6r styrelseutskott. D\u00e4rigenom kan vi st\u00e4rka demokratin, \u00f6ka det politiska inflytandet, motverka maktkoncentration, \u00f6ka antalet engagerade politiker och \u00f6ka det folkliga engagemanget i lokalpolitiken.<\/li>\n<li>Ta fram en plan f\u00f6r demokratiutveckling och en strategi f\u00f6r medborgardialog.<\/li>\n<li>Verka f\u00f6r att kommunen inf\u00f6r ett ungdomsr\u00e5d.<\/li>\n<li>St\u00f6d civilsamh\u00e4llet i dess roll som demokratiskola. F\u00f6reningar och ideella organisationer har stor betydelse f\u00f6r demokratisk fostran och norm\u00f6verf\u00f6ring.<\/li>\n<\/ul>\n<h4><strong>V\u00e5ra f\u00f6rslag f\u00f6r de m\u00e4nskliga r\u00e4ttigheterna:<\/strong><\/h4>\n<ul>\n<li>Arbeta f\u00f6r att alla beslut omfattas av en barnkonsekvensanalys i form av en barnchecklista. Detta i enlighet med FN:s konvention om barns r\u00e4ttigheter.<\/li>\n<li>Se till att alla medarbetare har kunskap om FN:s konvention om barns r\u00e4ttigheter, som sedan januari 2020 \u00e4r lag i Sverige.<\/li>\n<li>Se till att medarbetare inom \u00e4ldreomsorgen har kunskap om <em>Europeisk deklaration om \u00e4ldres r\u00e4ttigheter och skyldigheter d\u00e5 de \u00e4r i behov av v\u00e5rd och omsorg<\/em>.<\/li>\n<\/ul>\n","protected":false},"excerpt":{"rendered":"<p>Vi vill se en god samh\u00e4llsgemenskap som k\u00e4nnetecknas av delaktighet, tillit och ansvarstagande. Alla som bor i Leksands kommun ska ha m\u00f6jlighet att vara med och bygga samh\u00e4llet. M\u00f6jlighet till deltagande och inflytande ska finnas, inte bara vid valtillf\u00e4llet utan kontinuerligt. F\u00f6r att komma n\u00e4rmare dessa m\u00e5l beh\u00f6ver vi bland annat g\u00f6ra insatser i skolan <a class=\"read-more-link\" href=\"https:\/\/wp.kristdemokraterna.se\/leksand\/var-politik\/politikomraden\/demokrati\/\">Read More<\/a><\/p>\n","protected":false},"author":958,"featured_media":0,"parent":807,"menu_order":8,"comment_status":"closed","ping_status":"closed","template":"","meta":{"_acf_changed":false,"footnotes":""},"class_list":["post-1009","page","type-page","status-publish","hentry"],"acf":[],"yoast_head":"<!-- This site is optimized with the Yoast SEO plugin v27.3 - https:\/\/yoast.com\/product\/yoast-seo-wordpress\/ -->\n<title>Demokrati &amp; samh\u00e4llsgemenskap - Kristdemokraterna Leksand<\/title>\n<meta name=\"robots\" content=\"index, follow, max-snippet:-1, max-image-preview:large, max-video-preview:-1\" \/>\n<link rel=\"canonical\" href=\"https:\/\/wp.kristdemokraterna.se\/leksand\/var-politik\/politikomraden\/demokrati\/\" \/>\n<meta property=\"og:locale\" content=\"sv_SE\" \/>\n<meta property=\"og:type\" content=\"article\" \/>\n<meta property=\"og:title\" content=\"Demokrati &amp; samh\u00e4llsgemenskap - Kristdemokraterna Leksand\" \/>\n<meta property=\"og:description\" content=\"Vi vill se en god samh\u00e4llsgemenskap som k\u00e4nnetecknas av delaktighet, tillit och ansvarstagande. Alla som bor i Leksands kommun ska ha m\u00f6jlighet att vara med och bygga samh\u00e4llet. M\u00f6jlighet till deltagande och inflytande ska finnas, inte bara vid valtillf\u00e4llet utan kontinuerligt. F\u00f6r att komma n\u00e4rmare dessa m\u00e5l beh\u00f6ver vi bland annat g\u00f6ra insatser i skolan Read More\" \/>\n<meta property=\"og:url\" content=\"https:\/\/wp.kristdemokraterna.se\/leksand\/var-politik\/politikomraden\/demokrati\/\" \/>\n<meta property=\"og:site_name\" content=\"Kristdemokraterna Leksand\" \/>\n<meta name=\"twitter:card\" content=\"summary_large_image\" \/>\n<meta name=\"twitter:label1\" content=\"Ber\u00e4knad l\u00e4stid\" \/>\n\t<meta name=\"twitter:data1\" content=\"2 minuter\" \/>\n<script type=\"application\/ld+json\" class=\"yoast-schema-graph\">{\"@context\":\"https:\\\/\\\/schema.org\",\"@graph\":[{\"@type\":\"WebPage\",\"@id\":\"https:\\\/\\\/wp.kristdemokraterna.se\\\/leksand\\\/var-politik\\\/politikomraden\\\/demokrati\\\/\",\"url\":\"https:\\\/\\\/wp.kristdemokraterna.se\\\/leksand\\\/var-politik\\\/politikomraden\\\/demokrati\\\/\",\"name\":\"Demokrati &amp; samh\u00e4llsgemenskap - Kristdemokraterna Leksand\",\"isPartOf\":{\"@id\":\"https:\\\/\\\/wp.kristdemokraterna.se\\\/leksand\\\/#website\"},\"datePublished\":\"2022-07-06T20:00:52+00:00\",\"breadcrumb\":{\"@id\":\"https:\\\/\\\/wp.kristdemokraterna.se\\\/leksand\\\/var-politik\\\/politikomraden\\\/demokrati\\\/#breadcrumb\"},\"inLanguage\":\"sv-SE\",\"potentialAction\":[{\"@type\":\"ReadAction\",\"target\":[\"https:\\\/\\\/wp.kristdemokraterna.se\\\/leksand\\\/var-politik\\\/politikomraden\\\/demokrati\\\/\"]}]},{\"@type\":\"BreadcrumbList\",\"@id\":\"https:\\\/\\\/wp.kristdemokraterna.se\\\/leksand\\\/var-politik\\\/politikomraden\\\/demokrati\\\/#breadcrumb\",\"itemListElement\":[{\"@type\":\"ListItem\",\"position\":1,\"name\":\"Hem\",\"item\":\"https:\\\/\\\/wp.kristdemokraterna.se\\\/leksand\\\/\"},{\"@type\":\"ListItem\",\"position\":2,\"name\":\"V\u00e5r politik\",\"item\":\"https:\\\/\\\/wp.kristdemokraterna.se\\\/leksand\\\/var-politik\\\/\"},{\"@type\":\"ListItem\",\"position\":3,\"name\":\"Politikomr\u00e5den\",\"item\":\"https:\\\/\\\/wp.kristdemokraterna.se\\\/leksand\\\/var-politik\\\/politikomraden\\\/\"},{\"@type\":\"ListItem\",\"position\":4,\"name\":\"Demokrati &amp; samh\u00e4llsgemenskap\"}]},{\"@type\":\"WebSite\",\"@id\":\"https:\\\/\\\/wp.kristdemokraterna.se\\\/leksand\\\/#website\",\"url\":\"https:\\\/\\\/wp.kristdemokraterna.se\\\/leksand\\\/\",\"name\":\"Kristdemokraterna Leksand\",\"description\":\"Kristdemokratiska lokalavdelningen i Leksand\",\"inLanguage\":\"sv-SE\"}]}<\/script>\n<!-- \/ Yoast SEO plugin. -->","yoast_head_json":{"title":"Demokrati &amp; samh\u00e4llsgemenskap - Kristdemokraterna Leksand","robots":{"index":"index","follow":"follow","max-snippet":"max-snippet:-1","max-image-preview":"max-image-preview:large","max-video-preview":"max-video-preview:-1"},"canonical":"https:\/\/wp.kristdemokraterna.se\/leksand\/var-politik\/politikomraden\/demokrati\/","og_locale":"sv_SE","og_type":"article","og_title":"Demokrati &amp; samh\u00e4llsgemenskap - Kristdemokraterna Leksand","og_description":"Vi vill se en god samh\u00e4llsgemenskap som k\u00e4nnetecknas av delaktighet, tillit och ansvarstagande. Alla som bor i Leksands kommun ska ha m\u00f6jlighet att vara med och bygga samh\u00e4llet. M\u00f6jlighet till deltagande och inflytande ska finnas, inte bara vid valtillf\u00e4llet utan kontinuerligt. F\u00f6r att komma n\u00e4rmare dessa m\u00e5l beh\u00f6ver vi bland annat g\u00f6ra insatser i skolan Read More","og_url":"https:\/\/wp.kristdemokraterna.se\/leksand\/var-politik\/politikomraden\/demokrati\/","og_site_name":"Kristdemokraterna Leksand","twitter_card":"summary_large_image","twitter_misc":{"Ber\u00e4knad l\u00e4stid":"2 minuter"},"schema":{"@context":"https:\/\/schema.org","@graph":[{"@type":"WebPage","@id":"https:\/\/wp.kristdemokraterna.se\/leksand\/var-politik\/politikomraden\/demokrati\/","url":"https:\/\/wp.kristdemokraterna.se\/leksand\/var-politik\/politikomraden\/demokrati\/","name":"Demokrati &amp; samh\u00e4llsgemenskap - Kristdemokraterna Leksand","isPartOf":{"@id":"https:\/\/wp.kristdemokraterna.se\/leksand\/#website"},"datePublished":"2022-07-06T20:00:52+00:00","breadcrumb":{"@id":"https:\/\/wp.kristdemokraterna.se\/leksand\/var-politik\/politikomraden\/demokrati\/#breadcrumb"},"inLanguage":"sv-SE","potentialAction":[{"@type":"ReadAction","target":["https:\/\/wp.kristdemokraterna.se\/leksand\/var-politik\/politikomraden\/demokrati\/"]}]},{"@type":"BreadcrumbList","@id":"https:\/\/wp.kristdemokraterna.se\/leksand\/var-politik\/politikomraden\/demokrati\/#breadcrumb","itemListElement":[{"@type":"ListItem","position":1,"name":"Hem","item":"https:\/\/wp.kristdemokraterna.se\/leksand\/"},{"@type":"ListItem","position":2,"name":"V\u00e5r politik","item":"https:\/\/wp.kristdemokraterna.se\/leksand\/var-politik\/"},{"@type":"ListItem","position":3,"name":"Politikomr\u00e5den","item":"https:\/\/wp.kristdemokraterna.se\/leksand\/var-politik\/politikomraden\/"},{"@type":"ListItem","position":4,"name":"Demokrati &amp; samh\u00e4llsgemenskap"}]},{"@type":"WebSite","@id":"https:\/\/wp.kristdemokraterna.se\/leksand\/#website","url":"https:\/\/wp.kristdemokraterna.se\/leksand\/","name":"Kristdemokraterna Leksand","description":"Kristdemokratiska lokalavdelningen i Leksand","inLanguage":"sv-SE"}]}},"_links":{"self":[{"href":"https:\/\/wp.kristdemokraterna.se\/leksand\/wp-json\/wp\/v2\/pages\/1009","targetHints":{"allow":["GET"]}}],"collection":[{"href":"https:\/\/wp.kristdemokraterna.se\/leksand\/wp-json\/wp\/v2\/pages"}],"about":[{"href":"https:\/\/wp.kristdemokraterna.se\/leksand\/wp-json\/wp\/v2\/types\/page"}],"author":[{"embeddable":true,"href":"https:\/\/wp.kristdemokraterna.se\/leksand\/wp-json\/wp\/v2\/users\/958"}],"replies":[{"embeddable":true,"href":"https:\/\/wp.kristdemokraterna.se\/leksand\/wp-json\/wp\/v2\/comments?post=1009"}],"version-history":[{"count":2,"href":"https:\/\/wp.kristdemokraterna.se\/leksand\/wp-json\/wp\/v2\/pages\/1009\/revisions"}],"predecessor-version":[{"id":1027,"href":"https:\/\/wp.kristdemokraterna.se\/leksand\/wp-json\/wp\/v2\/pages\/1009\/revisions\/1027"}],"up":[{"embeddable":true,"href":"https:\/\/wp.kristdemokraterna.se\/leksand\/wp-json\/wp\/v2\/pages\/807"}],"wp:attachment":[{"href":"https:\/\/wp.kristdemokraterna.se\/leksand\/wp-json\/wp\/v2\/media?parent=1009"}],"curies":[{"name":"wp","href":"https:\/\/api.w.org\/{rel}","templated":true}]}}