{"id":1014,"date":"2022-07-06T21:34:44","date_gmt":"2022-07-06T19:34:44","guid":{"rendered":"https:\/\/wp.kristdemokraterna.se\/leksand\/?page_id=1014"},"modified":"2022-07-06T22:26:01","modified_gmt":"2022-07-06T20:26:01","slug":"vara-viktigaste-fragor","status":"publish","type":"page","link":"https:\/\/wp.kristdemokraterna.se\/leksand\/var-politik\/vara-viktigaste-fragor\/","title":{"rendered":"V\u00e5ra viktigaste fr\u00e5gor"},"content":{"rendered":"<p>Genom politiken finns en unik m\u00f6jlighet att hitta l\u00f6sningar p\u00e5 samh\u00e4llsproblem och f\u00f6rb\u00e4ttra det samh\u00e4lle vi lever i. Det \u00e4r anledningen till att vi \u00e4r politiskt engagerade h\u00e4r i Leksands kommun. Men vad finns det d\u00e5 f\u00f6r problem som beh\u00f6ver l\u00f6sas? N\u00e4r vi ser p\u00e5 Leksand ser vi en v\u00e4lfungerande och attraktiv kommun. Vi ser ett starkt civilsamh\u00e4lle, ett rikt kulturliv och framg\u00e5ngsrika f\u00f6retagare. Vi ser att inv\u00e5narna erbjuds en god och tillg\u00e4nglig v\u00e4lf\u00e4rd. Sj\u00e4lvklart finns det trots detta utmaningar som vi beh\u00f6ver m\u00f6ta. Vi har identifierat tre som vi vill prioritera lite extra:<\/p>\n<ul>\n<li><a href=\"https:\/\/wp.kristdemokraterna.se\/leksand\/var-politik\/vara-viktigaste-fragor\/psykisk-halsa\/\">Den v\u00e4xande psykiska oh\u00e4lsan bland unga<\/a><\/li>\n<li><a href=\"https:\/\/wp.kristdemokraterna.se\/leksand\/var-politik\/vara-viktigaste-fragor\/kompetensforsorjning\/\">Kompetensf\u00f6rs\u00f6rjningen inom \u00e4ldreomsorgen<\/a><\/li>\n<li><a href=\"https:\/\/wp.kristdemokraterna.se\/leksand\/var-politik\/vara-viktigaste-fragor\/klimat\/\">Klimatkrisen<\/a><\/li>\n<\/ul>\n","protected":false},"excerpt":{"rendered":"<p>Genom politiken finns en unik m\u00f6jlighet att hitta l\u00f6sningar p\u00e5 samh\u00e4llsproblem och f\u00f6rb\u00e4ttra det samh\u00e4lle vi lever i. Det \u00e4r anledningen till att vi \u00e4r politiskt engagerade h\u00e4r i Leksands kommun. Men vad finns det d\u00e5 f\u00f6r problem som beh\u00f6ver l\u00f6sas? N\u00e4r vi ser p\u00e5 Leksand ser vi en v\u00e4lfungerande och attraktiv kommun. Vi ser <a class=\"read-more-link\" href=\"https:\/\/wp.kristdemokraterna.se\/leksand\/var-politik\/vara-viktigaste-fragor\/\">Read More<\/a><\/p>\n","protected":false},"author":958,"featured_media":0,"parent":2,"menu_order":1,"comment_status":"closed","ping_status":"closed","template":"","meta":{"_acf_changed":false,"footnotes":""},"class_list":["post-1014","page","type-page","status-publish","hentry"],"acf":[],"yoast_head":"<!-- This site is optimized with the Yoast SEO plugin v27.3 - https:\/\/yoast.com\/product\/yoast-seo-wordpress\/ -->\n<title>V\u00e5ra viktigaste fr\u00e5gor - Kristdemokraterna Leksand<\/title>\n<meta name=\"robots\" content=\"index, follow, max-snippet:-1, max-image-preview:large, max-video-preview:-1\" \/>\n<link rel=\"canonical\" href=\"https:\/\/wp.kristdemokraterna.se\/leksand\/var-politik\/vara-viktigaste-fragor\/\" \/>\n<meta property=\"og:locale\" content=\"sv_SE\" \/>\n<meta property=\"og:type\" content=\"article\" \/>\n<meta property=\"og:title\" content=\"V\u00e5ra viktigaste fr\u00e5gor - Kristdemokraterna Leksand\" \/>\n<meta property=\"og:description\" content=\"Genom politiken finns en unik m\u00f6jlighet att hitta l\u00f6sningar p\u00e5 samh\u00e4llsproblem och f\u00f6rb\u00e4ttra det samh\u00e4lle vi lever i. Det \u00e4r anledningen till att vi \u00e4r politiskt engagerade h\u00e4r i Leksands kommun. Men vad finns det d\u00e5 f\u00f6r problem som beh\u00f6ver l\u00f6sas? N\u00e4r vi ser p\u00e5 Leksand ser vi en v\u00e4lfungerande och attraktiv kommun. Vi ser Read More\" \/>\n<meta property=\"og:url\" content=\"https:\/\/wp.kristdemokraterna.se\/leksand\/var-politik\/vara-viktigaste-fragor\/\" \/>\n<meta property=\"og:site_name\" content=\"Kristdemokraterna Leksand\" \/>\n<meta property=\"article:modified_time\" content=\"2022-07-06T20:26:01+00:00\" \/>\n<meta name=\"twitter:card\" content=\"summary_large_image\" \/>\n<meta name=\"twitter:label1\" content=\"Ber\u00e4knad l\u00e4stid\" \/>\n\t<meta name=\"twitter:data1\" content=\"1 minut\" \/>\n<script type=\"application\/ld+json\" class=\"yoast-schema-graph\">{\"@context\":\"https:\\\/\\\/schema.org\",\"@graph\":[{\"@type\":\"WebPage\",\"@id\":\"https:\\\/\\\/wp.kristdemokraterna.se\\\/leksand\\\/var-politik\\\/vara-viktigaste-fragor\\\/\",\"url\":\"https:\\\/\\\/wp.kristdemokraterna.se\\\/leksand\\\/var-politik\\\/vara-viktigaste-fragor\\\/\",\"name\":\"V\u00e5ra viktigaste fr\u00e5gor - Kristdemokraterna Leksand\",\"isPartOf\":{\"@id\":\"https:\\\/\\\/wp.kristdemokraterna.se\\\/leksand\\\/#website\"},\"datePublished\":\"2022-07-06T19:34:44+00:00\",\"dateModified\":\"2022-07-06T20:26:01+00:00\",\"breadcrumb\":{\"@id\":\"https:\\\/\\\/wp.kristdemokraterna.se\\\/leksand\\\/var-politik\\\/vara-viktigaste-fragor\\\/#breadcrumb\"},\"inLanguage\":\"sv-SE\",\"potentialAction\":[{\"@type\":\"ReadAction\",\"target\":[\"https:\\\/\\\/wp.kristdemokraterna.se\\\/leksand\\\/var-politik\\\/vara-viktigaste-fragor\\\/\"]}]},{\"@type\":\"BreadcrumbList\",\"@id\":\"https:\\\/\\\/wp.kristdemokraterna.se\\\/leksand\\\/var-politik\\\/vara-viktigaste-fragor\\\/#breadcrumb\",\"itemListElement\":[{\"@type\":\"ListItem\",\"position\":1,\"name\":\"Hem\",\"item\":\"https:\\\/\\\/wp.kristdemokraterna.se\\\/leksand\\\/\"},{\"@type\":\"ListItem\",\"position\":2,\"name\":\"V\u00e5r politik\",\"item\":\"https:\\\/\\\/wp.kristdemokraterna.se\\\/leksand\\\/var-politik\\\/\"},{\"@type\":\"ListItem\",\"position\":3,\"name\":\"V\u00e5ra viktigaste fr\u00e5gor\"}]},{\"@type\":\"WebSite\",\"@id\":\"https:\\\/\\\/wp.kristdemokraterna.se\\\/leksand\\\/#website\",\"url\":\"https:\\\/\\\/wp.kristdemokraterna.se\\\/leksand\\\/\",\"name\":\"Kristdemokraterna Leksand\",\"description\":\"Kristdemokratiska lokalavdelningen i Leksand\",\"inLanguage\":\"sv-SE\"}]}<\/script>\n<!-- \/ Yoast SEO plugin. -->","yoast_head_json":{"title":"V\u00e5ra viktigaste fr\u00e5gor - Kristdemokraterna Leksand","robots":{"index":"index","follow":"follow","max-snippet":"max-snippet:-1","max-image-preview":"max-image-preview:large","max-video-preview":"max-video-preview:-1"},"canonical":"https:\/\/wp.kristdemokraterna.se\/leksand\/var-politik\/vara-viktigaste-fragor\/","og_locale":"sv_SE","og_type":"article","og_title":"V\u00e5ra viktigaste fr\u00e5gor - Kristdemokraterna Leksand","og_description":"Genom politiken finns en unik m\u00f6jlighet att hitta l\u00f6sningar p\u00e5 samh\u00e4llsproblem och f\u00f6rb\u00e4ttra det samh\u00e4lle vi lever i. Det \u00e4r anledningen till att vi \u00e4r politiskt engagerade h\u00e4r i Leksands kommun. Men vad finns det d\u00e5 f\u00f6r problem som beh\u00f6ver l\u00f6sas? N\u00e4r vi ser p\u00e5 Leksand ser vi en v\u00e4lfungerande och attraktiv kommun. Vi ser Read More","og_url":"https:\/\/wp.kristdemokraterna.se\/leksand\/var-politik\/vara-viktigaste-fragor\/","og_site_name":"Kristdemokraterna Leksand","article_modified_time":"2022-07-06T20:26:01+00:00","twitter_card":"summary_large_image","twitter_misc":{"Ber\u00e4knad l\u00e4stid":"1 minut"},"schema":{"@context":"https:\/\/schema.org","@graph":[{"@type":"WebPage","@id":"https:\/\/wp.kristdemokraterna.se\/leksand\/var-politik\/vara-viktigaste-fragor\/","url":"https:\/\/wp.kristdemokraterna.se\/leksand\/var-politik\/vara-viktigaste-fragor\/","name":"V\u00e5ra viktigaste fr\u00e5gor - Kristdemokraterna Leksand","isPartOf":{"@id":"https:\/\/wp.kristdemokraterna.se\/leksand\/#website"},"datePublished":"2022-07-06T19:34:44+00:00","dateModified":"2022-07-06T20:26:01+00:00","breadcrumb":{"@id":"https:\/\/wp.kristdemokraterna.se\/leksand\/var-politik\/vara-viktigaste-fragor\/#breadcrumb"},"inLanguage":"sv-SE","potentialAction":[{"@type":"ReadAction","target":["https:\/\/wp.kristdemokraterna.se\/leksand\/var-politik\/vara-viktigaste-fragor\/"]}]},{"@type":"BreadcrumbList","@id":"https:\/\/wp.kristdemokraterna.se\/leksand\/var-politik\/vara-viktigaste-fragor\/#breadcrumb","itemListElement":[{"@type":"ListItem","position":1,"name":"Hem","item":"https:\/\/wp.kristdemokraterna.se\/leksand\/"},{"@type":"ListItem","position":2,"name":"V\u00e5r politik","item":"https:\/\/wp.kristdemokraterna.se\/leksand\/var-politik\/"},{"@type":"ListItem","position":3,"name":"V\u00e5ra viktigaste fr\u00e5gor"}]},{"@type":"WebSite","@id":"https:\/\/wp.kristdemokraterna.se\/leksand\/#website","url":"https:\/\/wp.kristdemokraterna.se\/leksand\/","name":"Kristdemokraterna Leksand","description":"Kristdemokratiska lokalavdelningen i Leksand","inLanguage":"sv-SE"}]}},"_links":{"self":[{"href":"https:\/\/wp.kristdemokraterna.se\/leksand\/wp-json\/wp\/v2\/pages\/1014","targetHints":{"allow":["GET"]}}],"collection":[{"href":"https:\/\/wp.kristdemokraterna.se\/leksand\/wp-json\/wp\/v2\/pages"}],"about":[{"href":"https:\/\/wp.kristdemokraterna.se\/leksand\/wp-json\/wp\/v2\/types\/page"}],"author":[{"embeddable":true,"href":"https:\/\/wp.kristdemokraterna.se\/leksand\/wp-json\/wp\/v2\/users\/958"}],"replies":[{"embeddable":true,"href":"https:\/\/wp.kristdemokraterna.se\/leksand\/wp-json\/wp\/v2\/comments?post=1014"}],"version-history":[{"count":3,"href":"https:\/\/wp.kristdemokraterna.se\/leksand\/wp-json\/wp\/v2\/pages\/1014\/revisions"}],"predecessor-version":[{"id":1038,"href":"https:\/\/wp.kristdemokraterna.se\/leksand\/wp-json\/wp\/v2\/pages\/1014\/revisions\/1038"}],"up":[{"embeddable":true,"href":"https:\/\/wp.kristdemokraterna.se\/leksand\/wp-json\/wp\/v2\/pages\/2"}],"wp:attachment":[{"href":"https:\/\/wp.kristdemokraterna.se\/leksand\/wp-json\/wp\/v2\/media?parent=1014"}],"curies":[{"name":"wp","href":"https:\/\/api.w.org\/{rel}","templated":true}]}}