{"id":1032,"date":"2022-07-06T22:17:47","date_gmt":"2022-07-06T20:17:47","guid":{"rendered":"https:\/\/wp.kristdemokraterna.se\/leksand\/?page_id=1032"},"modified":"2022-08-26T18:35:26","modified_gmt":"2022-08-26T16:35:26","slug":"kompetensforsorjning","status":"publish","type":"page","link":"https:\/\/wp.kristdemokraterna.se\/leksand\/var-politik\/vara-viktigaste-fragor\/kompetensforsorjning\/","title":{"rendered":"Kompetensf\u00f6rs\u00f6rjningen"},"content":{"rendered":"<p>Kompetensf\u00f6rs\u00f6rjningen \u00e4r en stor framtida utmaning, inte minst inom \u00e4ldreomsorgen. Vi beh\u00f6ver g\u00f6ra mer f\u00f6r att s\u00e4kerst\u00e4lla en god arbetsmilj\u00f6 och vara en attraktiv arbetsgivare. De kommunanst\u00e4llda \u00e4r v\u00e5r viktigaste resurs. Det beh\u00f6ver vi visa \u00e4ven i handling. D\u00e4rf\u00f6r f\u00f6resl\u00e5r vi f\u00f6ljande:<\/p>\n<p><strong>\u2713 En premiemodell inom \u00e4ldreomsorgen \u2013 75 000 kr extra per \u00e5r f\u00f6r anst\u00e4llda \u00f6ver 65 \u00e5r<\/strong><br \/>\nInf\u00f6r en premiemodell inom \u00e4ldreomsorgen. Den som \u00e4r \u00f6ver 65 \u00e5r och vill arbeta kvar ska kunna erbjudas 75 000 kr extra per \u00e5r. P\u00e5 s\u00e5 s\u00e4tt kan vi beh\u00e5lla den v\u00e4rdefulla kompetens som v\u00e5ra lite \u00e4ldre medarbetare besitter.<\/p>\n<p><strong>\u2713 En friskv\u00e5rdstimme per vecka<\/strong><br \/>\nErbjud alla kommunanst\u00e4llda en timmes friskv\u00e5rd per arbetsvecka\u00a0utan l\u00f6neavdrag.<\/p>\n<p><strong>\u2713 Ett friskv\u00e5rdsbidrag p\u00e5 2 000 kr per \u00e5r<\/strong><br \/>\nInf\u00f6r ett friskv\u00e5rdsbidrag p\u00e5 2000 kr per \u00e5r och anst\u00e4lld. Detta f\u00f6r att ge anst\u00e4llda m\u00f6jlighet till h\u00e4lsa och motion.<\/p>\n<p><strong>\u2713 Mer distansarbete f\u00f6r de som har m\u00f6jlighet<\/strong><br \/>\nErbjud mer distansarbete f\u00f6r de som har m\u00f6jlighet att arbeta hemifr\u00e5n.<\/p>\n<p><strong>\u2713 Vissa studier p\u00e5 betald arbetstid<\/strong><br \/>\nErbjud de som arbetar inom \u00e4ldreomsorgen att p\u00e5 betald arbetstid utbilda sig till undersk\u00f6terska eller v\u00e5rdbitr\u00e4de. Arbete ska d\u00e5 bedrivas p\u00e5 50 procent och studier p\u00e5 50 procent. Erbjud ocks\u00e5 de som arbetar inom \u00e4ldreomsorgen att p\u00e5 betald arbetstid studera svenska. All personal som arbetar v\u00e5rdn\u00e4ra ska kunna kommunicera p\u00e5 god svenska.<\/p>\n<p><strong>\u2713 Valfri tj\u00e4nstg\u00f6ringsgrad<\/strong><br \/>\nErbjud alla kommunanst\u00e4llda att arbeta heltid, men ge dem frihet att sj\u00e4lva v\u00e4lja den tj\u00e4nstg\u00f6ringsgrad som \u00f6nskas.<\/p>\n<p>I filmen nedan presenterar Carin Malm, v\u00e5rt f\u00f6rstanamn i Leksand, konkreta f\u00f6rslag f\u00f6r att skapa en b\u00e4ttre arbetsmilj\u00f6 och vara en mer attraktiv arbetsgivare.<\/p>\n<div style=\"width: 1920px;\" class=\"wp-video\"><video class=\"wp-video-shortcode\" id=\"video-1032-1\" width=\"1920\" height=\"1080\" preload=\"auto\" controls=\"controls\"><source type=\"video\/mp4\" src=\"http:\/\/wp.kristdemokraterna.se\/leksand\/files\/2022\/08\/kd-leksand_film-2-story_final.mp4?_=1\" \/><a href=\"http:\/\/wp.kristdemokraterna.se\/leksand\/files\/2022\/08\/kd-leksand_film-2-story_final.mp4\">http:\/\/wp.kristdemokraterna.se\/leksand\/files\/2022\/08\/kd-leksand_film-2-story_final.mp4<\/a><\/video><\/div>\n","protected":false},"excerpt":{"rendered":"<p>Kompetensf\u00f6rs\u00f6rjningen \u00e4r en stor framtida utmaning, inte minst inom \u00e4ldreomsorgen. Vi beh\u00f6ver g\u00f6ra mer f\u00f6r att s\u00e4kerst\u00e4lla en god arbetsmilj\u00f6 och vara en attraktiv arbetsgivare. De kommunanst\u00e4llda \u00e4r v\u00e5r viktigaste resurs. Det beh\u00f6ver vi visa \u00e4ven i handling. D\u00e4rf\u00f6r f\u00f6resl\u00e5r vi f\u00f6ljande: \u2713 En premiemodell inom \u00e4ldreomsorgen \u2013 75 000 kr extra per \u00e5r f\u00f6r <a class=\"read-more-link\" href=\"https:\/\/wp.kristdemokraterna.se\/leksand\/var-politik\/vara-viktigaste-fragor\/kompetensforsorjning\/\">Read More<\/a><\/p>\n","protected":false},"author":958,"featured_media":0,"parent":1014,"menu_order":2,"comment_status":"closed","ping_status":"closed","template":"","meta":{"_acf_changed":false,"footnotes":""},"class_list":["post-1032","page","type-page","status-publish","hentry"],"acf":[],"yoast_head":"<!-- This site is optimized with the Yoast SEO plugin v27.4 - https:\/\/yoast.com\/product\/yoast-seo-wordpress\/ -->\n<title>Kompetensf\u00f6rs\u00f6rjningen - Kristdemokraterna Leksand<\/title>\n<meta name=\"robots\" content=\"index, follow, max-snippet:-1, max-image-preview:large, max-video-preview:-1\" \/>\n<link rel=\"canonical\" href=\"https:\/\/wp.kristdemokraterna.se\/leksand\/var-politik\/vara-viktigaste-fragor\/kompetensforsorjning\/\" \/>\n<meta property=\"og:locale\" content=\"sv_SE\" \/>\n<meta property=\"og:type\" content=\"article\" \/>\n<meta property=\"og:title\" content=\"Kompetensf\u00f6rs\u00f6rjningen - Kristdemokraterna Leksand\" \/>\n<meta property=\"og:description\" content=\"Kompetensf\u00f6rs\u00f6rjningen \u00e4r en stor framtida utmaning, inte minst inom \u00e4ldreomsorgen. Vi beh\u00f6ver g\u00f6ra mer f\u00f6r att s\u00e4kerst\u00e4lla en god arbetsmilj\u00f6 och vara en attraktiv arbetsgivare. De kommunanst\u00e4llda \u00e4r v\u00e5r viktigaste resurs. Det beh\u00f6ver vi visa \u00e4ven i handling. D\u00e4rf\u00f6r f\u00f6resl\u00e5r vi f\u00f6ljande: \u2713 En premiemodell inom \u00e4ldreomsorgen \u2013 75 000 kr extra per \u00e5r f\u00f6r Read More\" \/>\n<meta property=\"og:url\" content=\"https:\/\/wp.kristdemokraterna.se\/leksand\/var-politik\/vara-viktigaste-fragor\/kompetensforsorjning\/\" \/>\n<meta property=\"og:site_name\" content=\"Kristdemokraterna Leksand\" \/>\n<meta property=\"article:modified_time\" content=\"2022-08-26T16:35:26+00:00\" \/>\n<meta name=\"twitter:card\" content=\"summary_large_image\" \/>\n<meta name=\"twitter:label1\" content=\"Ber\u00e4knad l\u00e4stid\" \/>\n\t<meta name=\"twitter:data1\" content=\"2 minuter\" \/>\n<script type=\"application\/ld+json\" class=\"yoast-schema-graph\">{\"@context\":\"https:\\\/\\\/schema.org\",\"@graph\":[{\"@type\":\"WebPage\",\"@id\":\"https:\\\/\\\/wp.kristdemokraterna.se\\\/leksand\\\/var-politik\\\/vara-viktigaste-fragor\\\/kompetensforsorjning\\\/\",\"url\":\"https:\\\/\\\/wp.kristdemokraterna.se\\\/leksand\\\/var-politik\\\/vara-viktigaste-fragor\\\/kompetensforsorjning\\\/\",\"name\":\"Kompetensf\u00f6rs\u00f6rjningen - Kristdemokraterna Leksand\",\"isPartOf\":{\"@id\":\"https:\\\/\\\/wp.kristdemokraterna.se\\\/leksand\\\/#website\"},\"datePublished\":\"2022-07-06T20:17:47+00:00\",\"dateModified\":\"2022-08-26T16:35:26+00:00\",\"breadcrumb\":{\"@id\":\"https:\\\/\\\/wp.kristdemokraterna.se\\\/leksand\\\/var-politik\\\/vara-viktigaste-fragor\\\/kompetensforsorjning\\\/#breadcrumb\"},\"inLanguage\":\"sv-SE\",\"potentialAction\":[{\"@type\":\"ReadAction\",\"target\":[\"https:\\\/\\\/wp.kristdemokraterna.se\\\/leksand\\\/var-politik\\\/vara-viktigaste-fragor\\\/kompetensforsorjning\\\/\"]}]},{\"@type\":\"BreadcrumbList\",\"@id\":\"https:\\\/\\\/wp.kristdemokraterna.se\\\/leksand\\\/var-politik\\\/vara-viktigaste-fragor\\\/kompetensforsorjning\\\/#breadcrumb\",\"itemListElement\":[{\"@type\":\"ListItem\",\"position\":1,\"name\":\"Hem\",\"item\":\"https:\\\/\\\/wp.kristdemokraterna.se\\\/leksand\\\/\"},{\"@type\":\"ListItem\",\"position\":2,\"name\":\"V\u00e5r politik\",\"item\":\"https:\\\/\\\/wp.kristdemokraterna.se\\\/leksand\\\/var-politik\\\/\"},{\"@type\":\"ListItem\",\"position\":3,\"name\":\"V\u00e5ra viktigaste fr\u00e5gor\",\"item\":\"https:\\\/\\\/wp.kristdemokraterna.se\\\/leksand\\\/var-politik\\\/vara-viktigaste-fragor\\\/\"},{\"@type\":\"ListItem\",\"position\":4,\"name\":\"Kompetensf\u00f6rs\u00f6rjningen\"}]},{\"@type\":\"WebSite\",\"@id\":\"https:\\\/\\\/wp.kristdemokraterna.se\\\/leksand\\\/#website\",\"url\":\"https:\\\/\\\/wp.kristdemokraterna.se\\\/leksand\\\/\",\"name\":\"Kristdemokraterna Leksand\",\"description\":\"Kristdemokratiska lokalavdelningen i Leksand\",\"inLanguage\":\"sv-SE\"}]}<\/script>\n<!-- \/ Yoast SEO plugin. -->","yoast_head_json":{"title":"Kompetensf\u00f6rs\u00f6rjningen - Kristdemokraterna Leksand","robots":{"index":"index","follow":"follow","max-snippet":"max-snippet:-1","max-image-preview":"max-image-preview:large","max-video-preview":"max-video-preview:-1"},"canonical":"https:\/\/wp.kristdemokraterna.se\/leksand\/var-politik\/vara-viktigaste-fragor\/kompetensforsorjning\/","og_locale":"sv_SE","og_type":"article","og_title":"Kompetensf\u00f6rs\u00f6rjningen - Kristdemokraterna Leksand","og_description":"Kompetensf\u00f6rs\u00f6rjningen \u00e4r en stor framtida utmaning, inte minst inom \u00e4ldreomsorgen. Vi beh\u00f6ver g\u00f6ra mer f\u00f6r att s\u00e4kerst\u00e4lla en god arbetsmilj\u00f6 och vara en attraktiv arbetsgivare. De kommunanst\u00e4llda \u00e4r v\u00e5r viktigaste resurs. Det beh\u00f6ver vi visa \u00e4ven i handling. D\u00e4rf\u00f6r f\u00f6resl\u00e5r vi f\u00f6ljande: \u2713 En premiemodell inom \u00e4ldreomsorgen \u2013 75 000 kr extra per \u00e5r f\u00f6r Read More","og_url":"https:\/\/wp.kristdemokraterna.se\/leksand\/var-politik\/vara-viktigaste-fragor\/kompetensforsorjning\/","og_site_name":"Kristdemokraterna Leksand","article_modified_time":"2022-08-26T16:35:26+00:00","twitter_card":"summary_large_image","twitter_misc":{"Ber\u00e4knad l\u00e4stid":"2 minuter"},"schema":{"@context":"https:\/\/schema.org","@graph":[{"@type":"WebPage","@id":"https:\/\/wp.kristdemokraterna.se\/leksand\/var-politik\/vara-viktigaste-fragor\/kompetensforsorjning\/","url":"https:\/\/wp.kristdemokraterna.se\/leksand\/var-politik\/vara-viktigaste-fragor\/kompetensforsorjning\/","name":"Kompetensf\u00f6rs\u00f6rjningen - Kristdemokraterna Leksand","isPartOf":{"@id":"https:\/\/wp.kristdemokraterna.se\/leksand\/#website"},"datePublished":"2022-07-06T20:17:47+00:00","dateModified":"2022-08-26T16:35:26+00:00","breadcrumb":{"@id":"https:\/\/wp.kristdemokraterna.se\/leksand\/var-politik\/vara-viktigaste-fragor\/kompetensforsorjning\/#breadcrumb"},"inLanguage":"sv-SE","potentialAction":[{"@type":"ReadAction","target":["https:\/\/wp.kristdemokraterna.se\/leksand\/var-politik\/vara-viktigaste-fragor\/kompetensforsorjning\/"]}]},{"@type":"BreadcrumbList","@id":"https:\/\/wp.kristdemokraterna.se\/leksand\/var-politik\/vara-viktigaste-fragor\/kompetensforsorjning\/#breadcrumb","itemListElement":[{"@type":"ListItem","position":1,"name":"Hem","item":"https:\/\/wp.kristdemokraterna.se\/leksand\/"},{"@type":"ListItem","position":2,"name":"V\u00e5r politik","item":"https:\/\/wp.kristdemokraterna.se\/leksand\/var-politik\/"},{"@type":"ListItem","position":3,"name":"V\u00e5ra viktigaste fr\u00e5gor","item":"https:\/\/wp.kristdemokraterna.se\/leksand\/var-politik\/vara-viktigaste-fragor\/"},{"@type":"ListItem","position":4,"name":"Kompetensf\u00f6rs\u00f6rjningen"}]},{"@type":"WebSite","@id":"https:\/\/wp.kristdemokraterna.se\/leksand\/#website","url":"https:\/\/wp.kristdemokraterna.se\/leksand\/","name":"Kristdemokraterna Leksand","description":"Kristdemokratiska lokalavdelningen i Leksand","inLanguage":"sv-SE"}]}},"_links":{"self":[{"href":"https:\/\/wp.kristdemokraterna.se\/leksand\/wp-json\/wp\/v2\/pages\/1032","targetHints":{"allow":["GET"]}}],"collection":[{"href":"https:\/\/wp.kristdemokraterna.se\/leksand\/wp-json\/wp\/v2\/pages"}],"about":[{"href":"https:\/\/wp.kristdemokraterna.se\/leksand\/wp-json\/wp\/v2\/types\/page"}],"author":[{"embeddable":true,"href":"https:\/\/wp.kristdemokraterna.se\/leksand\/wp-json\/wp\/v2\/users\/958"}],"replies":[{"embeddable":true,"href":"https:\/\/wp.kristdemokraterna.se\/leksand\/wp-json\/wp\/v2\/comments?post=1032"}],"version-history":[{"count":4,"href":"https:\/\/wp.kristdemokraterna.se\/leksand\/wp-json\/wp\/v2\/pages\/1032\/revisions"}],"predecessor-version":[{"id":1132,"href":"https:\/\/wp.kristdemokraterna.se\/leksand\/wp-json\/wp\/v2\/pages\/1032\/revisions\/1132"}],"up":[{"embeddable":true,"href":"https:\/\/wp.kristdemokraterna.se\/leksand\/wp-json\/wp\/v2\/pages\/1014"}],"wp:attachment":[{"href":"https:\/\/wp.kristdemokraterna.se\/leksand\/wp-json\/wp\/v2\/media?parent=1032"}],"curies":[{"name":"wp","href":"https:\/\/api.w.org\/{rel}","templated":true}]}}