{"id":1036,"date":"2022-07-06T22:22:47","date_gmt":"2022-07-06T20:22:47","guid":{"rendered":"https:\/\/wp.kristdemokraterna.se\/leksand\/?page_id=1036"},"modified":"2022-09-01T19:52:54","modified_gmt":"2022-09-01T17:52:54","slug":"klimat","status":"publish","type":"page","link":"https:\/\/wp.kristdemokraterna.se\/leksand\/var-politik\/vara-viktigaste-fragor\/klimat\/","title":{"rendered":"Klimatet"},"content":{"rendered":"<p>Vi beh\u00f6ver ta v\u00e5rt ansvar f\u00f6r klimatkrisen. F\u00f6rvaltarskapstanken \u00e4r en b\u00e4rande del inom kristdemokratin. Vi ska \u00f6verl\u00e4mna en jord som n\u00e4stkommande generationer kan ha som hem. D\u00e4rf\u00f6r f\u00f6resl\u00e5r vi f\u00f6ljande:<\/p>\n<p><strong>\u2713 Nya milj\u00f6- och klimatm\u00e5l \u2013 klimatpositiv till 2040<\/strong><br \/>\nInf\u00f6r nya milj\u00f6- och klimatm\u00e5l. Idag har kommunen f\u00f6rlegade milj\u00f6- och klimatm\u00e5l som skulle vara utf\u00f6rda senast 2020. Vi beh\u00f6ver ta fram nya m\u00e5l med utg\u00e5ngspunkt i att kommunen ska vara klimatpositiv till 2040. M\u00e5len ska inneh\u00e5lla en energi- och klimatplan, en milj\u00f6plan och en naturv\u00e5rdsplan.<\/p>\n<p><strong>\u2713 Ett r\u00e5d f\u00f6r h\u00e5llbarhetsfr\u00e5gor<\/strong><br \/>\nInf\u00f6r ett r\u00e5d f\u00f6r h\u00e5llbarhetsfr\u00e5gor i Leksands kommun som arbetar f\u00f6r att hitta nya l\u00f6sningar inom milj\u00f6- och klimatomr\u00e5det. H\u00e5llbarhetsr\u00e5det ska vara sammansatt av s\u00e5v\u00e4l kommunala tj\u00e4nstem\u00e4n som kommuninv\u00e5nare och f\u00f6retagare med kunskap inom omr\u00e5det.<\/p>\n<p><strong>\u2713 Fler solceller p\u00e5 kommunala fastigheter<\/strong><br \/>\nBygg fler solceller p\u00e5 kommunala fastigheter i hela kommunen.<\/p>\n<p><strong>\u2713 Fler laddstolpar p\u00e5 kommunens parkeringar<\/strong><br \/>\nBygg fler laddstolpar i hela kommunen. Idag har kommunen enbart ett par parkeringsplatser med m\u00f6jlighet att ladda din elbil. Det beh\u00f6ver vi \u00e4ndra p\u00e5. Vi beh\u00f6ver ocks\u00e5 se till att Leksandsbost\u00e4der erbjuder laddstolpar till alla sina hyresg\u00e4ster.<\/p>\n<p><strong>\u2713 En helt fossilfri fordonspark<\/strong><br \/>\nVerka f\u00f6r att kommunen f\u00e5r en helt fossilfri fordonspark. Detta ska ske framf\u00f6r allt genom ink\u00f6p av elbilar men \u00e4ven b\u00e4ttre samordning och nya m\u00f6tesformer.<\/p>\n<p><strong>\u2713 \u00d6kad andel n\u00e4rproducerade livsmedel<\/strong><br \/>\n\u00d6ka andelen n\u00e4rproducerade och ekologiska livsmedel i m\u00e5ltidsverksamheten inom f\u00f6rskola, skola och \u00e4ldreomsorg. Upphandling av n\u00e4rproducerade livsmedel ska fr\u00e4mjas genom mindre omfattande upphandlingar f\u00f6r att fler och mindre leverant\u00f6rer ska kunna medverka. Konceptet \u201dko p\u00e5 rot\u201d kan anv\u00e4ndas, det vill s\u00e4ga att kommunen upphandlar n\u00f6tdjur p\u00e5 rot som sedan slaktas och blir till mat p\u00e5 kommunens f\u00f6rskolor, skolor och \u00e4ldreboenden.<\/p>\n<p><strong>\u2713 H\u00e5rdare krav i upphandlingar<\/strong><br \/>\nAnv\u00e4nd upphandlingsinstrumentet f\u00f6r att fr\u00e4mja en milj\u00f6m\u00e4ssigt h\u00e5llbar utveckling. Vid upphandlingar b\u00f6r det st\u00e4llas krav p\u00e5 att det totala ekologiska fotavtrycket redovisas och beaktas.<\/p>\n<div style=\"width: 1920px;\" class=\"wp-video\"><video class=\"wp-video-shortcode\" id=\"video-1036-1\" width=\"1920\" height=\"1080\" preload=\"metadata\" controls=\"controls\"><source type=\"video\/mp4\" src=\"http:\/\/wp.kristdemokraterna.se\/leksand\/files\/2022\/09\/kd-leksand_film-3-story_final.mp4?_=1\" \/><a href=\"http:\/\/wp.kristdemokraterna.se\/leksand\/files\/2022\/09\/kd-leksand_film-3-story_final.mp4\">http:\/\/wp.kristdemokraterna.se\/leksand\/files\/2022\/09\/kd-leksand_film-3-story_final.mp4<\/a><\/video><\/div>\n","protected":false},"excerpt":{"rendered":"<p>Vi beh\u00f6ver ta v\u00e5rt ansvar f\u00f6r klimatkrisen. F\u00f6rvaltarskapstanken \u00e4r en b\u00e4rande del inom kristdemokratin. Vi ska \u00f6verl\u00e4mna en jord som n\u00e4stkommande generationer kan ha som hem. D\u00e4rf\u00f6r f\u00f6resl\u00e5r vi f\u00f6ljande: \u2713 Nya milj\u00f6- och klimatm\u00e5l \u2013 klimatpositiv till 2040 Inf\u00f6r nya milj\u00f6- och klimatm\u00e5l. Idag har kommunen f\u00f6rlegade milj\u00f6- och klimatm\u00e5l som skulle vara utf\u00f6rda <a class=\"read-more-link\" href=\"https:\/\/wp.kristdemokraterna.se\/leksand\/var-politik\/vara-viktigaste-fragor\/klimat\/\">Read More<\/a><\/p>\n","protected":false},"author":958,"featured_media":0,"parent":1014,"menu_order":3,"comment_status":"closed","ping_status":"closed","template":"","meta":{"_acf_changed":false,"footnotes":""},"class_list":["post-1036","page","type-page","status-publish","hentry"],"acf":[],"yoast_head":"<!-- This site is optimized with the Yoast SEO plugin v27.4 - https:\/\/yoast.com\/product\/yoast-seo-wordpress\/ -->\n<title>Klimatet - Kristdemokraterna Leksand<\/title>\n<meta name=\"robots\" content=\"index, follow, max-snippet:-1, max-image-preview:large, max-video-preview:-1\" \/>\n<link rel=\"canonical\" href=\"https:\/\/wp.kristdemokraterna.se\/leksand\/var-politik\/vara-viktigaste-fragor\/klimat\/\" \/>\n<meta property=\"og:locale\" content=\"sv_SE\" \/>\n<meta property=\"og:type\" content=\"article\" \/>\n<meta property=\"og:title\" content=\"Klimatet - Kristdemokraterna Leksand\" \/>\n<meta property=\"og:description\" content=\"Vi beh\u00f6ver ta v\u00e5rt ansvar f\u00f6r klimatkrisen. F\u00f6rvaltarskapstanken \u00e4r en b\u00e4rande del inom kristdemokratin. Vi ska \u00f6verl\u00e4mna en jord som n\u00e4stkommande generationer kan ha som hem. D\u00e4rf\u00f6r f\u00f6resl\u00e5r vi f\u00f6ljande: \u2713 Nya milj\u00f6- och klimatm\u00e5l \u2013 klimatpositiv till 2040 Inf\u00f6r nya milj\u00f6- och klimatm\u00e5l. Idag har kommunen f\u00f6rlegade milj\u00f6- och klimatm\u00e5l som skulle vara utf\u00f6rda Read More\" \/>\n<meta property=\"og:url\" content=\"https:\/\/wp.kristdemokraterna.se\/leksand\/var-politik\/vara-viktigaste-fragor\/klimat\/\" \/>\n<meta property=\"og:site_name\" content=\"Kristdemokraterna Leksand\" \/>\n<meta property=\"article:modified_time\" content=\"2022-09-01T17:52:54+00:00\" \/>\n<meta name=\"twitter:card\" content=\"summary_large_image\" \/>\n<meta name=\"twitter:label1\" content=\"Ber\u00e4knad l\u00e4stid\" \/>\n\t<meta name=\"twitter:data1\" content=\"2 minuter\" \/>\n<script type=\"application\/ld+json\" class=\"yoast-schema-graph\">{\"@context\":\"https:\\\/\\\/schema.org\",\"@graph\":[{\"@type\":\"WebPage\",\"@id\":\"https:\\\/\\\/wp.kristdemokraterna.se\\\/leksand\\\/var-politik\\\/vara-viktigaste-fragor\\\/klimat\\\/\",\"url\":\"https:\\\/\\\/wp.kristdemokraterna.se\\\/leksand\\\/var-politik\\\/vara-viktigaste-fragor\\\/klimat\\\/\",\"name\":\"Klimatet - Kristdemokraterna Leksand\",\"isPartOf\":{\"@id\":\"https:\\\/\\\/wp.kristdemokraterna.se\\\/leksand\\\/#website\"},\"datePublished\":\"2022-07-06T20:22:47+00:00\",\"dateModified\":\"2022-09-01T17:52:54+00:00\",\"breadcrumb\":{\"@id\":\"https:\\\/\\\/wp.kristdemokraterna.se\\\/leksand\\\/var-politik\\\/vara-viktigaste-fragor\\\/klimat\\\/#breadcrumb\"},\"inLanguage\":\"sv-SE\",\"potentialAction\":[{\"@type\":\"ReadAction\",\"target\":[\"https:\\\/\\\/wp.kristdemokraterna.se\\\/leksand\\\/var-politik\\\/vara-viktigaste-fragor\\\/klimat\\\/\"]}]},{\"@type\":\"BreadcrumbList\",\"@id\":\"https:\\\/\\\/wp.kristdemokraterna.se\\\/leksand\\\/var-politik\\\/vara-viktigaste-fragor\\\/klimat\\\/#breadcrumb\",\"itemListElement\":[{\"@type\":\"ListItem\",\"position\":1,\"name\":\"Hem\",\"item\":\"https:\\\/\\\/wp.kristdemokraterna.se\\\/leksand\\\/\"},{\"@type\":\"ListItem\",\"position\":2,\"name\":\"V\u00e5r politik\",\"item\":\"https:\\\/\\\/wp.kristdemokraterna.se\\\/leksand\\\/var-politik\\\/\"},{\"@type\":\"ListItem\",\"position\":3,\"name\":\"V\u00e5ra viktigaste fr\u00e5gor\",\"item\":\"https:\\\/\\\/wp.kristdemokraterna.se\\\/leksand\\\/var-politik\\\/vara-viktigaste-fragor\\\/\"},{\"@type\":\"ListItem\",\"position\":4,\"name\":\"Klimatet\"}]},{\"@type\":\"WebSite\",\"@id\":\"https:\\\/\\\/wp.kristdemokraterna.se\\\/leksand\\\/#website\",\"url\":\"https:\\\/\\\/wp.kristdemokraterna.se\\\/leksand\\\/\",\"name\":\"Kristdemokraterna Leksand\",\"description\":\"Kristdemokratiska lokalavdelningen i Leksand\",\"inLanguage\":\"sv-SE\"}]}<\/script>\n<!-- \/ Yoast SEO plugin. -->","yoast_head_json":{"title":"Klimatet - Kristdemokraterna Leksand","robots":{"index":"index","follow":"follow","max-snippet":"max-snippet:-1","max-image-preview":"max-image-preview:large","max-video-preview":"max-video-preview:-1"},"canonical":"https:\/\/wp.kristdemokraterna.se\/leksand\/var-politik\/vara-viktigaste-fragor\/klimat\/","og_locale":"sv_SE","og_type":"article","og_title":"Klimatet - Kristdemokraterna Leksand","og_description":"Vi beh\u00f6ver ta v\u00e5rt ansvar f\u00f6r klimatkrisen. F\u00f6rvaltarskapstanken \u00e4r en b\u00e4rande del inom kristdemokratin. Vi ska \u00f6verl\u00e4mna en jord som n\u00e4stkommande generationer kan ha som hem. D\u00e4rf\u00f6r f\u00f6resl\u00e5r vi f\u00f6ljande: \u2713 Nya milj\u00f6- och klimatm\u00e5l \u2013 klimatpositiv till 2040 Inf\u00f6r nya milj\u00f6- och klimatm\u00e5l. Idag har kommunen f\u00f6rlegade milj\u00f6- och klimatm\u00e5l som skulle vara utf\u00f6rda Read More","og_url":"https:\/\/wp.kristdemokraterna.se\/leksand\/var-politik\/vara-viktigaste-fragor\/klimat\/","og_site_name":"Kristdemokraterna Leksand","article_modified_time":"2022-09-01T17:52:54+00:00","twitter_card":"summary_large_image","twitter_misc":{"Ber\u00e4knad l\u00e4stid":"2 minuter"},"schema":{"@context":"https:\/\/schema.org","@graph":[{"@type":"WebPage","@id":"https:\/\/wp.kristdemokraterna.se\/leksand\/var-politik\/vara-viktigaste-fragor\/klimat\/","url":"https:\/\/wp.kristdemokraterna.se\/leksand\/var-politik\/vara-viktigaste-fragor\/klimat\/","name":"Klimatet - Kristdemokraterna Leksand","isPartOf":{"@id":"https:\/\/wp.kristdemokraterna.se\/leksand\/#website"},"datePublished":"2022-07-06T20:22:47+00:00","dateModified":"2022-09-01T17:52:54+00:00","breadcrumb":{"@id":"https:\/\/wp.kristdemokraterna.se\/leksand\/var-politik\/vara-viktigaste-fragor\/klimat\/#breadcrumb"},"inLanguage":"sv-SE","potentialAction":[{"@type":"ReadAction","target":["https:\/\/wp.kristdemokraterna.se\/leksand\/var-politik\/vara-viktigaste-fragor\/klimat\/"]}]},{"@type":"BreadcrumbList","@id":"https:\/\/wp.kristdemokraterna.se\/leksand\/var-politik\/vara-viktigaste-fragor\/klimat\/#breadcrumb","itemListElement":[{"@type":"ListItem","position":1,"name":"Hem","item":"https:\/\/wp.kristdemokraterna.se\/leksand\/"},{"@type":"ListItem","position":2,"name":"V\u00e5r politik","item":"https:\/\/wp.kristdemokraterna.se\/leksand\/var-politik\/"},{"@type":"ListItem","position":3,"name":"V\u00e5ra viktigaste fr\u00e5gor","item":"https:\/\/wp.kristdemokraterna.se\/leksand\/var-politik\/vara-viktigaste-fragor\/"},{"@type":"ListItem","position":4,"name":"Klimatet"}]},{"@type":"WebSite","@id":"https:\/\/wp.kristdemokraterna.se\/leksand\/#website","url":"https:\/\/wp.kristdemokraterna.se\/leksand\/","name":"Kristdemokraterna Leksand","description":"Kristdemokratiska lokalavdelningen i Leksand","inLanguage":"sv-SE"}]}},"_links":{"self":[{"href":"https:\/\/wp.kristdemokraterna.se\/leksand\/wp-json\/wp\/v2\/pages\/1036","targetHints":{"allow":["GET"]}}],"collection":[{"href":"https:\/\/wp.kristdemokraterna.se\/leksand\/wp-json\/wp\/v2\/pages"}],"about":[{"href":"https:\/\/wp.kristdemokraterna.se\/leksand\/wp-json\/wp\/v2\/types\/page"}],"author":[{"embeddable":true,"href":"https:\/\/wp.kristdemokraterna.se\/leksand\/wp-json\/wp\/v2\/users\/958"}],"replies":[{"embeddable":true,"href":"https:\/\/wp.kristdemokraterna.se\/leksand\/wp-json\/wp\/v2\/comments?post=1036"}],"version-history":[{"count":4,"href":"https:\/\/wp.kristdemokraterna.se\/leksand\/wp-json\/wp\/v2\/pages\/1036\/revisions"}],"predecessor-version":[{"id":1136,"href":"https:\/\/wp.kristdemokraterna.se\/leksand\/wp-json\/wp\/v2\/pages\/1036\/revisions\/1136"}],"up":[{"embeddable":true,"href":"https:\/\/wp.kristdemokraterna.se\/leksand\/wp-json\/wp\/v2\/pages\/1014"}],"wp:attachment":[{"href":"https:\/\/wp.kristdemokraterna.se\/leksand\/wp-json\/wp\/v2\/media?parent=1036"}],"curies":[{"name":"wp","href":"https:\/\/api.w.org\/{rel}","templated":true}]}}