{"id":1081,"date":"2022-08-08T15:20:48","date_gmt":"2022-08-08T13:20:48","guid":{"rendered":"https:\/\/wp.kristdemokraterna.se\/leksand\/?page_id=1081"},"modified":"2022-08-08T15:20:48","modified_gmt":"2022-08-08T13:20:48","slug":"kandidatlista","status":"publish","type":"page","link":"https:\/\/wp.kristdemokraterna.se\/leksand\/foretradare\/kandidatlista\/","title":{"rendered":"Kandidatlista p\u00e5 valsedeln"},"content":{"rendered":"<p>Detta \u00e4r v\u00e5r kandidatlista p\u00e5 valsedeln i valet 2022.<\/p>\n<ol>\n<li>Carin Malm, pol kand statsvetenskap, 63 \u00e5r, Insj\u00f6n<\/li>\n<li>Per Wiman, ekonom, 67 \u00e5r, H\u00e4radsbygden<\/li>\n<li>Sven P\u00e5fvels, tj\u00e4nsteman, 56 \u00e5r, V\u00e4stanvik<\/li>\n<li>Oliver Rolands, utredare, 23 \u00e5r, Insj\u00f6n<\/li>\n<li>Mikael Kyller, ledningsstrateg, 55 \u00e5r, Siljansn\u00e4s<\/li>\n<li>Jan Danielsen, butikschef, 53 \u00e5r, \u00c5ker\u00f6<\/li>\n<li>Kia Rolands, skolsk\u00f6terska, 51 \u00e5r, Insj\u00f6n<\/li>\n<li>Johan Paulsen, l\u00e4kare, 39 \u00e5r, K\u00e4ringberget<\/li>\n<li>Johan P\u00e5hlman, verksamhetsutvecklare, 32 \u00e5r, Noret<\/li>\n<li>Noomi Persson, ekonom, 56 \u00e5r, Insj\u00f6n<\/li>\n<li>Samuel Enqvist, f\u00f6rs\u00e4ljningschef, 62 \u00e5r, Alvik<\/li>\n<li>Margareta Jobs, pension\u00e4r, 73 \u00e5r, Hjortn\u00e4s<\/li>\n<li>Sylvian Nyg\u00e5rds Fridborg, familjeterapeut, 61 \u00e5r, Siljansn\u00e4s<\/li>\n<li>Maths Bolmstam, pension\u00e4r, 68 \u00e5r, Noret<\/li>\n<li>Miriam Ragneg\u00e5rd, tandsk\u00f6terska, 39 \u00e5r, Insj\u00f6n<\/li>\n<li>Bengt Park, f\u00f6retagare, 62 \u00e5r, Insj\u00f6n<\/li>\n<li>Margareta Hegarty, pension\u00e4r, 68 \u00e5r, Noret<\/li>\n<li>Ben Kyller, butiksanst\u00e4lld, 29 \u00e5r, Insj\u00f6n<\/li>\n<li>Britt-Marie Laurell, pension\u00e4r, socionom, 77 \u00e5r, Siljansn\u00e4s<\/li>\n<\/ol>\n","protected":false},"excerpt":{"rendered":"<p>Detta \u00e4r v\u00e5r kandidatlista p\u00e5 valsedeln i valet 2022. Carin Malm, pol kand statsvetenskap, 63 \u00e5r, Insj\u00f6n Per Wiman, ekonom, 67 \u00e5r, H\u00e4radsbygden Sven P\u00e5fvels, tj\u00e4nsteman, 56 \u00e5r, V\u00e4stanvik Oliver Rolands, utredare, 23 \u00e5r, Insj\u00f6n Mikael Kyller, ledningsstrateg, 55 \u00e5r, Siljansn\u00e4s Jan Danielsen, butikschef, 53 \u00e5r, \u00c5ker\u00f6 Kia Rolands, skolsk\u00f6terska, 51 \u00e5r, Insj\u00f6n Johan Paulsen, <a class=\"read-more-link\" href=\"https:\/\/wp.kristdemokraterna.se\/leksand\/foretradare\/kandidatlista\/\">Read More<\/a><\/p>\n","protected":false},"author":958,"featured_media":0,"parent":800,"menu_order":4,"comment_status":"closed","ping_status":"closed","template":"","meta":{"_acf_changed":false,"footnotes":""},"class_list":["post-1081","page","type-page","status-publish","hentry"],"acf":[],"yoast_head":"<!-- This site is optimized with the Yoast SEO plugin v27.3 - https:\/\/yoast.com\/product\/yoast-seo-wordpress\/ -->\n<title>Kandidatlista p\u00e5 valsedeln - Kristdemokraterna Leksand<\/title>\n<meta name=\"robots\" content=\"index, follow, max-snippet:-1, max-image-preview:large, max-video-preview:-1\" \/>\n<link rel=\"canonical\" href=\"https:\/\/wp.kristdemokraterna.se\/leksand\/foretradare\/kandidatlista\/\" \/>\n<meta property=\"og:locale\" content=\"sv_SE\" \/>\n<meta property=\"og:type\" content=\"article\" \/>\n<meta property=\"og:title\" content=\"Kandidatlista p\u00e5 valsedeln - Kristdemokraterna Leksand\" \/>\n<meta property=\"og:description\" content=\"Detta \u00e4r v\u00e5r kandidatlista p\u00e5 valsedeln i valet 2022. Carin Malm, pol kand statsvetenskap, 63 \u00e5r, Insj\u00f6n Per Wiman, ekonom, 67 \u00e5r, H\u00e4radsbygden Sven P\u00e5fvels, tj\u00e4nsteman, 56 \u00e5r, V\u00e4stanvik Oliver Rolands, utredare, 23 \u00e5r, Insj\u00f6n Mikael Kyller, ledningsstrateg, 55 \u00e5r, Siljansn\u00e4s Jan Danielsen, butikschef, 53 \u00e5r, \u00c5ker\u00f6 Kia Rolands, skolsk\u00f6terska, 51 \u00e5r, Insj\u00f6n Johan Paulsen, Read More\" \/>\n<meta property=\"og:url\" content=\"https:\/\/wp.kristdemokraterna.se\/leksand\/foretradare\/kandidatlista\/\" \/>\n<meta property=\"og:site_name\" content=\"Kristdemokraterna Leksand\" \/>\n<meta name=\"twitter:card\" content=\"summary_large_image\" \/>\n<meta name=\"twitter:label1\" content=\"Ber\u00e4knad l\u00e4stid\" \/>\n\t<meta name=\"twitter:data1\" content=\"1 minut\" \/>\n<script type=\"application\/ld+json\" class=\"yoast-schema-graph\">{\"@context\":\"https:\\\/\\\/schema.org\",\"@graph\":[{\"@type\":\"WebPage\",\"@id\":\"https:\\\/\\\/wp.kristdemokraterna.se\\\/leksand\\\/foretradare\\\/kandidatlista\\\/\",\"url\":\"https:\\\/\\\/wp.kristdemokraterna.se\\\/leksand\\\/foretradare\\\/kandidatlista\\\/\",\"name\":\"Kandidatlista p\u00e5 valsedeln - Kristdemokraterna Leksand\",\"isPartOf\":{\"@id\":\"https:\\\/\\\/wp.kristdemokraterna.se\\\/leksand\\\/#website\"},\"datePublished\":\"2022-08-08T13:20:48+00:00\",\"breadcrumb\":{\"@id\":\"https:\\\/\\\/wp.kristdemokraterna.se\\\/leksand\\\/foretradare\\\/kandidatlista\\\/#breadcrumb\"},\"inLanguage\":\"sv-SE\",\"potentialAction\":[{\"@type\":\"ReadAction\",\"target\":[\"https:\\\/\\\/wp.kristdemokraterna.se\\\/leksand\\\/foretradare\\\/kandidatlista\\\/\"]}]},{\"@type\":\"BreadcrumbList\",\"@id\":\"https:\\\/\\\/wp.kristdemokraterna.se\\\/leksand\\\/foretradare\\\/kandidatlista\\\/#breadcrumb\",\"itemListElement\":[{\"@type\":\"ListItem\",\"position\":1,\"name\":\"Hem\",\"item\":\"https:\\\/\\\/wp.kristdemokraterna.se\\\/leksand\\\/\"},{\"@type\":\"ListItem\",\"position\":2,\"name\":\"F\u00f6retr\u00e4dare\",\"item\":\"https:\\\/\\\/wp.kristdemokraterna.se\\\/leksand\\\/foretradare\\\/\"},{\"@type\":\"ListItem\",\"position\":3,\"name\":\"Kandidatlista p\u00e5 valsedeln\"}]},{\"@type\":\"WebSite\",\"@id\":\"https:\\\/\\\/wp.kristdemokraterna.se\\\/leksand\\\/#website\",\"url\":\"https:\\\/\\\/wp.kristdemokraterna.se\\\/leksand\\\/\",\"name\":\"Kristdemokraterna Leksand\",\"description\":\"Kristdemokratiska lokalavdelningen i Leksand\",\"inLanguage\":\"sv-SE\"}]}<\/script>\n<!-- \/ Yoast SEO plugin. -->","yoast_head_json":{"title":"Kandidatlista p\u00e5 valsedeln - Kristdemokraterna Leksand","robots":{"index":"index","follow":"follow","max-snippet":"max-snippet:-1","max-image-preview":"max-image-preview:large","max-video-preview":"max-video-preview:-1"},"canonical":"https:\/\/wp.kristdemokraterna.se\/leksand\/foretradare\/kandidatlista\/","og_locale":"sv_SE","og_type":"article","og_title":"Kandidatlista p\u00e5 valsedeln - Kristdemokraterna Leksand","og_description":"Detta \u00e4r v\u00e5r kandidatlista p\u00e5 valsedeln i valet 2022. Carin Malm, pol kand statsvetenskap, 63 \u00e5r, Insj\u00f6n Per Wiman, ekonom, 67 \u00e5r, H\u00e4radsbygden Sven P\u00e5fvels, tj\u00e4nsteman, 56 \u00e5r, V\u00e4stanvik Oliver Rolands, utredare, 23 \u00e5r, Insj\u00f6n Mikael Kyller, ledningsstrateg, 55 \u00e5r, Siljansn\u00e4s Jan Danielsen, butikschef, 53 \u00e5r, \u00c5ker\u00f6 Kia Rolands, skolsk\u00f6terska, 51 \u00e5r, Insj\u00f6n Johan Paulsen, Read More","og_url":"https:\/\/wp.kristdemokraterna.se\/leksand\/foretradare\/kandidatlista\/","og_site_name":"Kristdemokraterna Leksand","twitter_card":"summary_large_image","twitter_misc":{"Ber\u00e4knad l\u00e4stid":"1 minut"},"schema":{"@context":"https:\/\/schema.org","@graph":[{"@type":"WebPage","@id":"https:\/\/wp.kristdemokraterna.se\/leksand\/foretradare\/kandidatlista\/","url":"https:\/\/wp.kristdemokraterna.se\/leksand\/foretradare\/kandidatlista\/","name":"Kandidatlista p\u00e5 valsedeln - Kristdemokraterna Leksand","isPartOf":{"@id":"https:\/\/wp.kristdemokraterna.se\/leksand\/#website"},"datePublished":"2022-08-08T13:20:48+00:00","breadcrumb":{"@id":"https:\/\/wp.kristdemokraterna.se\/leksand\/foretradare\/kandidatlista\/#breadcrumb"},"inLanguage":"sv-SE","potentialAction":[{"@type":"ReadAction","target":["https:\/\/wp.kristdemokraterna.se\/leksand\/foretradare\/kandidatlista\/"]}]},{"@type":"BreadcrumbList","@id":"https:\/\/wp.kristdemokraterna.se\/leksand\/foretradare\/kandidatlista\/#breadcrumb","itemListElement":[{"@type":"ListItem","position":1,"name":"Hem","item":"https:\/\/wp.kristdemokraterna.se\/leksand\/"},{"@type":"ListItem","position":2,"name":"F\u00f6retr\u00e4dare","item":"https:\/\/wp.kristdemokraterna.se\/leksand\/foretradare\/"},{"@type":"ListItem","position":3,"name":"Kandidatlista p\u00e5 valsedeln"}]},{"@type":"WebSite","@id":"https:\/\/wp.kristdemokraterna.se\/leksand\/#website","url":"https:\/\/wp.kristdemokraterna.se\/leksand\/","name":"Kristdemokraterna Leksand","description":"Kristdemokratiska lokalavdelningen i Leksand","inLanguage":"sv-SE"}]}},"_links":{"self":[{"href":"https:\/\/wp.kristdemokraterna.se\/leksand\/wp-json\/wp\/v2\/pages\/1081","targetHints":{"allow":["GET"]}}],"collection":[{"href":"https:\/\/wp.kristdemokraterna.se\/leksand\/wp-json\/wp\/v2\/pages"}],"about":[{"href":"https:\/\/wp.kristdemokraterna.se\/leksand\/wp-json\/wp\/v2\/types\/page"}],"author":[{"embeddable":true,"href":"https:\/\/wp.kristdemokraterna.se\/leksand\/wp-json\/wp\/v2\/users\/958"}],"replies":[{"embeddable":true,"href":"https:\/\/wp.kristdemokraterna.se\/leksand\/wp-json\/wp\/v2\/comments?post=1081"}],"version-history":[{"count":1,"href":"https:\/\/wp.kristdemokraterna.se\/leksand\/wp-json\/wp\/v2\/pages\/1081\/revisions"}],"predecessor-version":[{"id":1082,"href":"https:\/\/wp.kristdemokraterna.se\/leksand\/wp-json\/wp\/v2\/pages\/1081\/revisions\/1082"}],"up":[{"embeddable":true,"href":"https:\/\/wp.kristdemokraterna.se\/leksand\/wp-json\/wp\/v2\/pages\/800"}],"wp:attachment":[{"href":"https:\/\/wp.kristdemokraterna.se\/leksand\/wp-json\/wp\/v2\/media?parent=1081"}],"curies":[{"name":"wp","href":"https:\/\/api.w.org\/{rel}","templated":true}]}}