{"id":1086,"date":"2022-08-08T15:35:56","date_gmt":"2022-08-08T13:35:56","guid":{"rendered":"https:\/\/wp.kristdemokraterna.se\/leksand\/?page_id=1086"},"modified":"2023-01-12T15:45:39","modified_gmt":"2023-01-12T14:45:39","slug":"om-oss","status":"publish","type":"page","link":"https:\/\/wp.kristdemokraterna.se\/leksand\/om-oss\/","title":{"rendered":"Om oss"},"content":{"rendered":"<p class=\"p1\">Kristdemokraterna Leksand \u00e4r en en stor lokalavdelning med m\u00e5nga aktiva medlemmar. Vi arbetar f\u00f6r att f\u00f6ra fram v\u00e5r politik och ta ansvar i v\u00e5r kommun. I Leksand har vi tidigare ing\u00e5tt i Alliansen men tillh\u00f6r numera oppositionen. Vi \u00e4r v\u00e4l representerade i den politiska verksamheten.<\/p>\n<p>P\u00e5 v\u00e5r hemsida kan du l\u00e4sa mer om v\u00e5r <a href=\"https:\/\/wp.kristdemokraterna.se\/leksand\/var-politik\/\">politik<\/a> och v\u00e5ra <a href=\"https:\/\/wp.kristdemokraterna.se\/leksand\/foretradare\/\">f\u00f6retr\u00e4dare<\/a>. Du kan ocks\u00e5 f\u00f6lja v\u00e5ra <a href=\"https:\/\/wp.kristdemokraterna.se\/leksand\/kategorier\/nyheter\/\">nyheter<\/a> och ta <a href=\"https:\/\/wp.kristdemokraterna.se\/leksand\/kontakta-oss\/\">kontakt<\/a> med oss.<\/p>\n","protected":false},"excerpt":{"rendered":"<p>Kristdemokraterna Leksand \u00e4r en en stor lokalavdelning med m\u00e5nga aktiva medlemmar. Vi arbetar f\u00f6r att f\u00f6ra fram v\u00e5r politik och ta ansvar i v\u00e5r kommun. I Leksand har vi tidigare ing\u00e5tt i Alliansen men tillh\u00f6r numera oppositionen. Vi \u00e4r v\u00e4l representerade i den politiska verksamheten. P\u00e5 v\u00e5r hemsida kan du l\u00e4sa mer om v\u00e5r politik <a class=\"read-more-link\" href=\"https:\/\/wp.kristdemokraterna.se\/leksand\/om-oss\/\">Read More<\/a><\/p>\n","protected":false},"author":958,"featured_media":0,"parent":0,"menu_order":0,"comment_status":"closed","ping_status":"closed","template":"","meta":{"_acf_changed":false,"footnotes":""},"class_list":["post-1086","page","type-page","status-publish","hentry"],"acf":[],"yoast_head":"<!-- This site is optimized with the Yoast SEO plugin v27.3 - https:\/\/yoast.com\/product\/yoast-seo-wordpress\/ -->\n<title>Om oss - Kristdemokraterna Leksand<\/title>\n<meta name=\"robots\" content=\"index, follow, max-snippet:-1, max-image-preview:large, max-video-preview:-1\" \/>\n<link rel=\"canonical\" href=\"https:\/\/wp.kristdemokraterna.se\/leksand\/om-oss\/\" \/>\n<meta property=\"og:locale\" content=\"sv_SE\" \/>\n<meta property=\"og:type\" content=\"article\" \/>\n<meta property=\"og:title\" content=\"Om oss - Kristdemokraterna Leksand\" \/>\n<meta property=\"og:description\" content=\"Kristdemokraterna Leksand \u00e4r en en stor lokalavdelning med m\u00e5nga aktiva medlemmar. Vi arbetar f\u00f6r att f\u00f6ra fram v\u00e5r politik och ta ansvar i v\u00e5r kommun. I Leksand har vi tidigare ing\u00e5tt i Alliansen men tillh\u00f6r numera oppositionen. Vi \u00e4r v\u00e4l representerade i den politiska verksamheten. P\u00e5 v\u00e5r hemsida kan du l\u00e4sa mer om v\u00e5r politik Read More\" \/>\n<meta property=\"og:url\" content=\"https:\/\/wp.kristdemokraterna.se\/leksand\/om-oss\/\" \/>\n<meta property=\"og:site_name\" content=\"Kristdemokraterna Leksand\" \/>\n<meta property=\"article:modified_time\" content=\"2023-01-12T14:45:39+00:00\" \/>\n<meta name=\"twitter:card\" content=\"summary_large_image\" \/>\n<meta name=\"twitter:label1\" content=\"Ber\u00e4knad l\u00e4stid\" \/>\n\t<meta name=\"twitter:data1\" content=\"1 minut\" \/>\n<script type=\"application\/ld+json\" class=\"yoast-schema-graph\">{\"@context\":\"https:\\\/\\\/schema.org\",\"@graph\":[{\"@type\":\"WebPage\",\"@id\":\"https:\\\/\\\/wp.kristdemokraterna.se\\\/leksand\\\/om-oss\\\/\",\"url\":\"https:\\\/\\\/wp.kristdemokraterna.se\\\/leksand\\\/om-oss\\\/\",\"name\":\"Om oss - Kristdemokraterna Leksand\",\"isPartOf\":{\"@id\":\"https:\\\/\\\/wp.kristdemokraterna.se\\\/leksand\\\/#website\"},\"datePublished\":\"2022-08-08T13:35:56+00:00\",\"dateModified\":\"2023-01-12T14:45:39+00:00\",\"breadcrumb\":{\"@id\":\"https:\\\/\\\/wp.kristdemokraterna.se\\\/leksand\\\/om-oss\\\/#breadcrumb\"},\"inLanguage\":\"sv-SE\",\"potentialAction\":[{\"@type\":\"ReadAction\",\"target\":[\"https:\\\/\\\/wp.kristdemokraterna.se\\\/leksand\\\/om-oss\\\/\"]}]},{\"@type\":\"BreadcrumbList\",\"@id\":\"https:\\\/\\\/wp.kristdemokraterna.se\\\/leksand\\\/om-oss\\\/#breadcrumb\",\"itemListElement\":[{\"@type\":\"ListItem\",\"position\":1,\"name\":\"Hem\",\"item\":\"https:\\\/\\\/wp.kristdemokraterna.se\\\/leksand\\\/\"},{\"@type\":\"ListItem\",\"position\":2,\"name\":\"Om oss\"}]},{\"@type\":\"WebSite\",\"@id\":\"https:\\\/\\\/wp.kristdemokraterna.se\\\/leksand\\\/#website\",\"url\":\"https:\\\/\\\/wp.kristdemokraterna.se\\\/leksand\\\/\",\"name\":\"Kristdemokraterna Leksand\",\"description\":\"Kristdemokratiska lokalavdelningen i Leksand\",\"inLanguage\":\"sv-SE\"}]}<\/script>\n<!-- \/ Yoast SEO plugin. -->","yoast_head_json":{"title":"Om oss - Kristdemokraterna Leksand","robots":{"index":"index","follow":"follow","max-snippet":"max-snippet:-1","max-image-preview":"max-image-preview:large","max-video-preview":"max-video-preview:-1"},"canonical":"https:\/\/wp.kristdemokraterna.se\/leksand\/om-oss\/","og_locale":"sv_SE","og_type":"article","og_title":"Om oss - Kristdemokraterna Leksand","og_description":"Kristdemokraterna Leksand \u00e4r en en stor lokalavdelning med m\u00e5nga aktiva medlemmar. Vi arbetar f\u00f6r att f\u00f6ra fram v\u00e5r politik och ta ansvar i v\u00e5r kommun. I Leksand har vi tidigare ing\u00e5tt i Alliansen men tillh\u00f6r numera oppositionen. Vi \u00e4r v\u00e4l representerade i den politiska verksamheten. P\u00e5 v\u00e5r hemsida kan du l\u00e4sa mer om v\u00e5r politik Read More","og_url":"https:\/\/wp.kristdemokraterna.se\/leksand\/om-oss\/","og_site_name":"Kristdemokraterna Leksand","article_modified_time":"2023-01-12T14:45:39+00:00","twitter_card":"summary_large_image","twitter_misc":{"Ber\u00e4knad l\u00e4stid":"1 minut"},"schema":{"@context":"https:\/\/schema.org","@graph":[{"@type":"WebPage","@id":"https:\/\/wp.kristdemokraterna.se\/leksand\/om-oss\/","url":"https:\/\/wp.kristdemokraterna.se\/leksand\/om-oss\/","name":"Om oss - Kristdemokraterna Leksand","isPartOf":{"@id":"https:\/\/wp.kristdemokraterna.se\/leksand\/#website"},"datePublished":"2022-08-08T13:35:56+00:00","dateModified":"2023-01-12T14:45:39+00:00","breadcrumb":{"@id":"https:\/\/wp.kristdemokraterna.se\/leksand\/om-oss\/#breadcrumb"},"inLanguage":"sv-SE","potentialAction":[{"@type":"ReadAction","target":["https:\/\/wp.kristdemokraterna.se\/leksand\/om-oss\/"]}]},{"@type":"BreadcrumbList","@id":"https:\/\/wp.kristdemokraterna.se\/leksand\/om-oss\/#breadcrumb","itemListElement":[{"@type":"ListItem","position":1,"name":"Hem","item":"https:\/\/wp.kristdemokraterna.se\/leksand\/"},{"@type":"ListItem","position":2,"name":"Om oss"}]},{"@type":"WebSite","@id":"https:\/\/wp.kristdemokraterna.se\/leksand\/#website","url":"https:\/\/wp.kristdemokraterna.se\/leksand\/","name":"Kristdemokraterna Leksand","description":"Kristdemokratiska lokalavdelningen i Leksand","inLanguage":"sv-SE"}]}},"_links":{"self":[{"href":"https:\/\/wp.kristdemokraterna.se\/leksand\/wp-json\/wp\/v2\/pages\/1086","targetHints":{"allow":["GET"]}}],"collection":[{"href":"https:\/\/wp.kristdemokraterna.se\/leksand\/wp-json\/wp\/v2\/pages"}],"about":[{"href":"https:\/\/wp.kristdemokraterna.se\/leksand\/wp-json\/wp\/v2\/types\/page"}],"author":[{"embeddable":true,"href":"https:\/\/wp.kristdemokraterna.se\/leksand\/wp-json\/wp\/v2\/users\/958"}],"replies":[{"embeddable":true,"href":"https:\/\/wp.kristdemokraterna.se\/leksand\/wp-json\/wp\/v2\/comments?post=1086"}],"version-history":[{"count":3,"href":"https:\/\/wp.kristdemokraterna.se\/leksand\/wp-json\/wp\/v2\/pages\/1086\/revisions"}],"predecessor-version":[{"id":1137,"href":"https:\/\/wp.kristdemokraterna.se\/leksand\/wp-json\/wp\/v2\/pages\/1086\/revisions\/1137"}],"wp:attachment":[{"href":"https:\/\/wp.kristdemokraterna.se\/leksand\/wp-json\/wp\/v2\/media?parent=1086"}],"curies":[{"name":"wp","href":"https:\/\/api.w.org\/{rel}","templated":true}]}}