{"id":1144,"date":"2023-04-19T21:19:32","date_gmt":"2023-04-19T19:19:32","guid":{"rendered":"https:\/\/wp.kristdemokraterna.se\/leksand\/?page_id=1144"},"modified":"2025-02-07T12:20:54","modified_gmt":"2025-02-07T11:20:54","slug":"motioner","status":"publish","type":"page","link":"https:\/\/wp.kristdemokraterna.se\/leksand\/var-politik\/motioner\/","title":{"rendered":"Motioner och \u00f6vrigt"},"content":{"rendered":"<p>I menyn nedanf\u00f6r eller till v\u00e4nster hittar du v\u00e5ra inl\u00e4mnade motioner, interpellationer, n\u00e4mndinitiativ, yrkanden och synpunkter.<\/p>\n","protected":false},"excerpt":{"rendered":"<p>I menyn nedanf\u00f6r eller till v\u00e4nster hittar du v\u00e5ra inl\u00e4mnade motioner, interpellationer, n\u00e4mndinitiativ, yrkanden och synpunkter.<\/p>\n","protected":false},"author":958,"featured_media":0,"parent":2,"menu_order":0,"comment_status":"closed","ping_status":"closed","template":"","meta":{"_acf_changed":false,"footnotes":""},"class_list":["post-1144","page","type-page","status-publish","hentry"],"acf":[],"yoast_head":"<!-- This site is optimized with the Yoast SEO plugin v27.4 - https:\/\/yoast.com\/product\/yoast-seo-wordpress\/ -->\n<title>Motioner och \u00f6vrigt - Kristdemokraterna Leksand<\/title>\n<meta name=\"robots\" content=\"index, follow, max-snippet:-1, max-image-preview:large, max-video-preview:-1\" \/>\n<link rel=\"canonical\" href=\"https:\/\/wp.kristdemokraterna.se\/leksand\/var-politik\/motioner\/\" \/>\n<meta property=\"og:locale\" content=\"sv_SE\" \/>\n<meta property=\"og:type\" content=\"article\" \/>\n<meta property=\"og:title\" content=\"Motioner och \u00f6vrigt - Kristdemokraterna Leksand\" \/>\n<meta property=\"og:description\" content=\"I menyn nedanf\u00f6r eller till v\u00e4nster hittar du v\u00e5ra inl\u00e4mnade motioner, interpellationer, n\u00e4mndinitiativ, yrkanden och synpunkter.\" \/>\n<meta property=\"og:url\" content=\"https:\/\/wp.kristdemokraterna.se\/leksand\/var-politik\/motioner\/\" \/>\n<meta property=\"og:site_name\" content=\"Kristdemokraterna Leksand\" \/>\n<meta property=\"article:modified_time\" content=\"2025-02-07T11:20:54+00:00\" \/>\n<meta name=\"twitter:card\" content=\"summary_large_image\" \/>\n<meta name=\"twitter:label1\" content=\"Ber\u00e4knad l\u00e4stid\" \/>\n\t<meta name=\"twitter:data1\" content=\"1 minut\" \/>\n<script type=\"application\/ld+json\" class=\"yoast-schema-graph\">{\"@context\":\"https:\\\/\\\/schema.org\",\"@graph\":[{\"@type\":\"WebPage\",\"@id\":\"https:\\\/\\\/wp.kristdemokraterna.se\\\/leksand\\\/var-politik\\\/motioner\\\/\",\"url\":\"https:\\\/\\\/wp.kristdemokraterna.se\\\/leksand\\\/var-politik\\\/motioner\\\/\",\"name\":\"Motioner och \u00f6vrigt - Kristdemokraterna Leksand\",\"isPartOf\":{\"@id\":\"https:\\\/\\\/wp.kristdemokraterna.se\\\/leksand\\\/#website\"},\"datePublished\":\"2023-04-19T19:19:32+00:00\",\"dateModified\":\"2025-02-07T11:20:54+00:00\",\"breadcrumb\":{\"@id\":\"https:\\\/\\\/wp.kristdemokraterna.se\\\/leksand\\\/var-politik\\\/motioner\\\/#breadcrumb\"},\"inLanguage\":\"sv-SE\",\"potentialAction\":[{\"@type\":\"ReadAction\",\"target\":[\"https:\\\/\\\/wp.kristdemokraterna.se\\\/leksand\\\/var-politik\\\/motioner\\\/\"]}]},{\"@type\":\"BreadcrumbList\",\"@id\":\"https:\\\/\\\/wp.kristdemokraterna.se\\\/leksand\\\/var-politik\\\/motioner\\\/#breadcrumb\",\"itemListElement\":[{\"@type\":\"ListItem\",\"position\":1,\"name\":\"Hem\",\"item\":\"https:\\\/\\\/wp.kristdemokraterna.se\\\/leksand\\\/\"},{\"@type\":\"ListItem\",\"position\":2,\"name\":\"V\u00e5r politik\",\"item\":\"https:\\\/\\\/wp.kristdemokraterna.se\\\/leksand\\\/var-politik\\\/\"},{\"@type\":\"ListItem\",\"position\":3,\"name\":\"Motioner och \u00f6vrigt\"}]},{\"@type\":\"WebSite\",\"@id\":\"https:\\\/\\\/wp.kristdemokraterna.se\\\/leksand\\\/#website\",\"url\":\"https:\\\/\\\/wp.kristdemokraterna.se\\\/leksand\\\/\",\"name\":\"Kristdemokraterna Leksand\",\"description\":\"Kristdemokratiska lokalavdelningen i Leksand\",\"inLanguage\":\"sv-SE\"}]}<\/script>\n<!-- \/ Yoast SEO plugin. -->","yoast_head_json":{"title":"Motioner och \u00f6vrigt - Kristdemokraterna Leksand","robots":{"index":"index","follow":"follow","max-snippet":"max-snippet:-1","max-image-preview":"max-image-preview:large","max-video-preview":"max-video-preview:-1"},"canonical":"https:\/\/wp.kristdemokraterna.se\/leksand\/var-politik\/motioner\/","og_locale":"sv_SE","og_type":"article","og_title":"Motioner och \u00f6vrigt - Kristdemokraterna Leksand","og_description":"I menyn nedanf\u00f6r eller till v\u00e4nster hittar du v\u00e5ra inl\u00e4mnade motioner, interpellationer, n\u00e4mndinitiativ, yrkanden och synpunkter.","og_url":"https:\/\/wp.kristdemokraterna.se\/leksand\/var-politik\/motioner\/","og_site_name":"Kristdemokraterna Leksand","article_modified_time":"2025-02-07T11:20:54+00:00","twitter_card":"summary_large_image","twitter_misc":{"Ber\u00e4knad l\u00e4stid":"1 minut"},"schema":{"@context":"https:\/\/schema.org","@graph":[{"@type":"WebPage","@id":"https:\/\/wp.kristdemokraterna.se\/leksand\/var-politik\/motioner\/","url":"https:\/\/wp.kristdemokraterna.se\/leksand\/var-politik\/motioner\/","name":"Motioner och \u00f6vrigt - Kristdemokraterna Leksand","isPartOf":{"@id":"https:\/\/wp.kristdemokraterna.se\/leksand\/#website"},"datePublished":"2023-04-19T19:19:32+00:00","dateModified":"2025-02-07T11:20:54+00:00","breadcrumb":{"@id":"https:\/\/wp.kristdemokraterna.se\/leksand\/var-politik\/motioner\/#breadcrumb"},"inLanguage":"sv-SE","potentialAction":[{"@type":"ReadAction","target":["https:\/\/wp.kristdemokraterna.se\/leksand\/var-politik\/motioner\/"]}]},{"@type":"BreadcrumbList","@id":"https:\/\/wp.kristdemokraterna.se\/leksand\/var-politik\/motioner\/#breadcrumb","itemListElement":[{"@type":"ListItem","position":1,"name":"Hem","item":"https:\/\/wp.kristdemokraterna.se\/leksand\/"},{"@type":"ListItem","position":2,"name":"V\u00e5r politik","item":"https:\/\/wp.kristdemokraterna.se\/leksand\/var-politik\/"},{"@type":"ListItem","position":3,"name":"Motioner och \u00f6vrigt"}]},{"@type":"WebSite","@id":"https:\/\/wp.kristdemokraterna.se\/leksand\/#website","url":"https:\/\/wp.kristdemokraterna.se\/leksand\/","name":"Kristdemokraterna Leksand","description":"Kristdemokratiska lokalavdelningen i Leksand","inLanguage":"sv-SE"}]}},"_links":{"self":[{"href":"https:\/\/wp.kristdemokraterna.se\/leksand\/wp-json\/wp\/v2\/pages\/1144","targetHints":{"allow":["GET"]}}],"collection":[{"href":"https:\/\/wp.kristdemokraterna.se\/leksand\/wp-json\/wp\/v2\/pages"}],"about":[{"href":"https:\/\/wp.kristdemokraterna.se\/leksand\/wp-json\/wp\/v2\/types\/page"}],"author":[{"embeddable":true,"href":"https:\/\/wp.kristdemokraterna.se\/leksand\/wp-json\/wp\/v2\/users\/958"}],"replies":[{"embeddable":true,"href":"https:\/\/wp.kristdemokraterna.se\/leksand\/wp-json\/wp\/v2\/comments?post=1144"}],"version-history":[{"count":8,"href":"https:\/\/wp.kristdemokraterna.se\/leksand\/wp-json\/wp\/v2\/pages\/1144\/revisions"}],"predecessor-version":[{"id":1426,"href":"https:\/\/wp.kristdemokraterna.se\/leksand\/wp-json\/wp\/v2\/pages\/1144\/revisions\/1426"}],"up":[{"embeddable":true,"href":"https:\/\/wp.kristdemokraterna.se\/leksand\/wp-json\/wp\/v2\/pages\/2"}],"wp:attachment":[{"href":"https:\/\/wp.kristdemokraterna.se\/leksand\/wp-json\/wp\/v2\/media?parent=1144"}],"curies":[{"name":"wp","href":"https:\/\/api.w.org\/{rel}","templated":true}]}}