{"id":1149,"date":"2023-04-20T10:15:02","date_gmt":"2023-04-20T08:15:02","guid":{"rendered":"https:\/\/wp.kristdemokraterna.se\/leksand\/?page_id=1149"},"modified":"2025-02-07T11:19:36","modified_gmt":"2025-02-07T10:19:36","slug":"vagfragan","status":"publish","type":"page","link":"https:\/\/wp.kristdemokraterna.se\/leksand\/var-politik\/motioner\/vagfragan\/","title":{"rendered":"Motioner om enskilda v\u00e4gar"},"content":{"rendered":"<p><strong>Kristdemokraterna i Leksand har l\u00e4mnat in sex motioner och ett n\u00e4mndinitiativ i v\u00e4gfr\u00e5gan, det vill s\u00e4ga g\u00e4llande de enskilda v\u00e4garna i kommunen. P\u00e5 den h\u00e4r sidan kan du l\u00e4sa vad de handlar om och \u00e4ven ladda ner dokumenten i sin helhet.<\/strong><\/p>\n<p><a href=\"http:\/\/wp.kristdemokraterna.se\/leksand\/files\/2023\/04\/samtliga-motioner-i-va\u0308gfragan.pdf\">De fem motioner som inl\u00e4mnades i april 2023<\/a><\/p>\n<p><a href=\"http:\/\/wp.kristdemokraterna.se\/leksand\/files\/2025\/02\/motion-om-aterkallande-av-forrattningar-kd-leksand.pdf\">Den motion som inl\u00e4mnades i september 2024<\/a><\/p>\n<p><a href=\"http:\/\/wp.kristdemokraterna.se\/leksand\/files\/2025\/02\/namndinitiativ-om-aterkallande-av-forrattning-kd-leksand.pdf\">Na\u0308mndinitiativet som inl\u00e4mnades i september 2024<\/a><\/p>\n<hr \/>\n<h4>1. St\u00f6rre flexibilitet vad g\u00e4ller f\u00f6rvaltningsform \u2013 mer dialog och mer gener\u00f6sa villkor<\/h4>\n<p><span style=\"font-weight: 400\">Kommunens ans\u00f6kan om lantm\u00e4terif\u00f6rr\u00e4ttning inneb\u00e4r att gemensamhetsanl\u00e4ggningar och samf\u00e4llighetsf\u00f6reningar bildas i hela kommunen. Detta oavsett lokala f\u00f6ruts\u00e4ttningar och \u00f6nskem\u00e5l. KD menar att v\u00e4gs \u00e4gare sj\u00e4lva ska kunna v\u00e4lja om man tackar ja till f\u00f6rr\u00e4ttningen eller om man tackar nej och organiserar sig p\u00e5 annat vis. F\u00f6r att m\u00f6jligg\u00f6ra detta beh\u00f6ver kommunen ha mer dialog med v\u00e4gs \u00e4gare, tydligg\u00f6ra hur man avbryter och informera om alternativen. Kommunen beh\u00f6ver ocks\u00e5 vara mer gener\u00f6s i sina villkor f\u00f6r bidrag och fortsatt sk\u00f6tsel genom att till\u00e5ta \u00e4ven andra f\u00f6rvaltningsformer \u00e4n samf\u00e4llighetsf\u00f6reningar.<\/span><\/p>\n<blockquote><p><em><span style=\"font-weight: 400\">Vi f\u00f6resl\u00e5r kommunfullm\u00e4ktige besluta:<br \/>\n<\/span><b>Att<\/b><span style=\"font-weight: 400\"> Leksands kommun m\u00f6jligg\u00f6r fler f\u00f6rvaltningsformer f\u00f6r enskilda v\u00e4gar \u00e4n enbart samf\u00e4llighetsf\u00f6reningar med gemensamhetsanl\u00e4ggningar genom att f\u00f6ra dialog med ber\u00f6rda samt informera om alternativen och m\u00f6jligheten att avbryta den anl\u00e4ggningsf\u00f6rr\u00e4ttning som kommunen har ans\u00f6kt om.<br \/>\n<\/span><b>Att<\/b><span style=\"font-weight: 400\"> \u00e4ndra kommunfullm\u00e4ktiges beslut \u00a7 59 2022-06-27, punkt 2, till f\u00f6ljande: \u201cUppdra till f\u00f6rvaltningen att ta fram ett f\u00f6rslag p\u00e5 bidragsmodell. Bidragsmottagare ska kunna vara samf\u00e4llighetsf\u00f6reningar och andra v\u00e4gh\u00e5llningsorganisationer som f\u00f6rvaltar enskilda v\u00e4gar som kommunen tidigare har sk\u00f6tt enligt kommunfullm\u00e4ktiges beslut \u00a7 107 1972-12-29.\u201d<br \/>\n<\/span><b>Att<\/b><span style=\"font-weight: 400\"> ta bort tredje meningen och \u00e4ndra andra meningen i <\/span><span style=\"font-weight: 400\">Regler f\u00f6r kommunalt st\u00f6d till enskilda v\u00e4gar<\/span><span style=\"font-weight: 400\"> som beslutades i kommunfullm\u00e4ktige \u00a7 12 2020-02-17, punkt 1, till f\u00f6ljande: \u201cMed v\u00e4gh\u00e5llningsorganisation avses exempelvis samf\u00e4llighetsf\u00f6rening, del\u00e4garf\u00f6rvaltning eller frivillig v\u00e4gh\u00e5llningsorganisation.\u201d<\/span><\/em><\/p><\/blockquote>\n<p><a href=\"http:\/\/wp.kristdemokraterna.se\/leksand\/files\/2023\/04\/motion-om-mo\u0308jliggo\u0308rande-av-fler-fo\u0308rvaltningsformer-genom-mer-dialog-och-mer-genero\u0308sa-villkor.pdf\">Motion om mo\u0308jliggo\u0308rande av fler fo\u0308rvaltningsformer genom mer dialog och mer genero\u0308sa villkor<\/a><\/p>\n<hr \/>\n<h4><span style=\"font-weight: 600\">2. L\u00e4ngre tid f\u00f6r organisering och avtalstecknande \u2013 uppskjuten tidsgr\u00e4ns<br \/>\n<\/span><\/h4>\n<p><span style=\"font-weight: 400\">Enligt fattade beslut ska en gemensamhetsanl\u00e4ggning med f\u00f6rvaltning vara p\u00e5 plats och ett avtal tecknas med kommunen innan den 1 juni 2025 f\u00f6r att den kommunala sk\u00f6tseln inte ska upph\u00f6ra. KD menar att denna tidsgr\u00e4ns knappast \u00e4r m\u00f6jlig att h\u00e5lla f\u00f6r alla. Det kan exempelvis beh\u00f6vas mer tid f\u00f6r dialog, organisering, \u00f6verklaganden och v\u00e4gsyner. Tidsgr\u00e4nsen beh\u00f6ver d\u00e4rf\u00f6r flyttas fram fem \u00e5r, till den 1 juni 2030.<\/span><\/p>\n<blockquote><p><em><b><span style=\"font-weight: 400\">Vi f\u00f6resl\u00e5r kommunfullm\u00e4ktige besluta:\u00a0<\/span><br \/>\nAtt<\/b><span style=\"font-weight: 400\"> \u00e4ndra kommunfullm\u00e4ktiges beslut \u00a7 57 2022-06-27 till f\u00f6ljande: <\/span><span style=\"font-weight: 400\"><br \/>\n<\/span><span style=\"font-weight: 400\">\u201c1. Kommunens sk\u00f6tsel av enskilda v\u00e4gar upph\u00f6r 1 juni 2030 i de fall d\u00e4r inget avtal om sk\u00f6tsel eller st\u00f6d till sk\u00f6tsel tecknats mellan v\u00e4gs \u00e4gare och Leksands kommun.<\/span><span style=\"font-weight: 400\"><br \/>\n<\/span><span style=\"font-weight: 400\">2. Kommunfullm\u00e4ktiges beslut \u00a7 107 fr\u00e5n 29 december 1972 upph\u00f6r att g\u00e4lla fr\u00e5n och med 1 juni 2030.\u201d<\/span><\/em><\/p><\/blockquote>\n<p><a href=\"http:\/\/wp.kristdemokraterna.se\/leksand\/files\/2023\/04\/motion-om-ytterligare-tid-fo\u0308r-avtalstecknande-med-kommunen.pdf\">Motion om ytterligare tid fo\u0308r avtalstecknande med kommunen<\/a><\/p>\n<hr \/>\n<h4><span style=\"font-weight: 600\">3. Mer pengar till upprustning \u2013 ut\u00f6kat upprustningsbidrag<br \/>\n<\/span><\/h4>\n<p><span style=\"font-weight: 400\">Runtom i kommunen finns omfattande behov av upprustnings- och f\u00f6rb\u00e4ttrings\u00e5tg\u00e4rder. KD menar att kommunen beh\u00f6ver ta ett st\u00f6rre ekonomiskt ansvar f\u00f6r detta i syfte att successivt f\u00e5 upp standarden p\u00e5 v\u00e4garna till en mer likv\u00e4rdig och \u00e4ndam\u00e5lsenlig niv\u00e5. Upprustningsbidraget f\u00f6resl\u00e5s d\u00e4rf\u00f6r ut\u00f6kas, fr\u00e5n 1 till 3,5 miljoner kronor per \u00e5r. Det ska vara s\u00e4rskilt riktat till de enskilda v\u00e4gar som \u00e4r i s\u00e4mst skick i f\u00f6rh\u00e5llande till v\u00e4gens nyttjande.<\/span><\/p>\n<blockquote><p><em><span style=\"font-weight: 400\">Vi f\u00f6resl\u00e5r kommunfullm\u00e4ktige besluta:<br \/>\n<\/span><b>Att<\/b> \u00e4ndra kommunfullm\u00e4ktiges beslut \u00a7 59 2022-06-27, punkt 1, till f\u00f6ljande: \u201cInf\u00f6ra ett upprustningsbidrag p\u00e5 3,5 mkr \u00e5rligen f\u00f6r enskilda v\u00e4gar.\u201d<\/em><\/p><\/blockquote>\n<p><a href=\"http:\/\/wp.kristdemokraterna.se\/leksand\/files\/2023\/04\/motion-om-uto\u0308kat-kommunalt-upprustningsbidrag-till-de-enskilda-va\u0308garna.pdf\">Motion om uto\u0308kat kommunalt upprustningsbidrag till de enskilda va\u0308garna<\/a><\/p>\n<hr \/>\n<h4><span style=\"font-weight: 600\">4. B\u00e4ttre st\u00f6d fr\u00e5n kommunen \u2013 kommunal r\u00e5dgivare<br \/>\n<\/span><\/h4>\n<p><span style=\"font-weight: 400\">Den f\u00f6r\u00e4ndringsprocess som p\u00e5g\u00e5r inneb\u00e4r ett stort \u00e5tagande f\u00f6r v\u00e4gs \u00e4gare, och det finns behov av s\u00e5v\u00e4l dialog och informationsinsatser som praktisk hj\u00e4lp. KD menar d\u00e4rf\u00f6r att kommunen ska anst\u00e4lla en kommunal r\u00e5dgivare, n\u00e5got som partiet framf\u00f6rde redan i valr\u00f6relsen. R\u00e5dgivaren ska ge information, svara p\u00e5 fr\u00e5gor, hj\u00e4lpa till vid f\u00f6rr\u00e4ttningar och vara ett st\u00f6d i arbetet. Genom att vara till hj\u00e4lp vid f\u00f6rr\u00e4ttningar kan r\u00e5dgivaren \u00e4ven bidra till minskade f\u00f6rr\u00e4ttningskostnader.<\/span><\/p>\n<blockquote><p><em><span style=\"font-weight: 400\">Vi f\u00f6resl\u00e5r kommunfullm\u00e4ktige besluta:<br \/>\n<\/span><b>Att<\/b><span style=\"font-weight: 400\"> Leksands kommun omg\u00e5ende anst\u00e4ller en kommunal r\u00e5dgivare eller liknande f\u00f6r v\u00e4gs \u00e4gare och v\u00e4gh\u00e5llningsorganisationer som ska f\u00f6ra dialog, ge information, hj\u00e4lpa till vid f\u00f6rr\u00e4ttningar och vara ett fortsatt st\u00f6d i arbetet med f\u00f6rvaltningen av enskilda v\u00e4gar.<\/span><\/em><\/p><\/blockquote>\n<p><a href=\"http:\/\/wp.kristdemokraterna.se\/leksand\/files\/2023\/04\/motion-om-kommunal-radgivare-fo\u0308r-va\u0308gs-a\u0308gare-och-va\u0308ghallningsorganisationer.pdf\">Motion om kommunal ra\u030adgivare fo\u0308r va\u0308gs a\u0308gare och va\u0308gha\u030allningsorganisationer<\/a><\/p>\n<hr \/>\n<h4><span style=\"font-weight: 600\">5. Mer r\u00e4ttvisa i ansvarsf\u00f6rdelningen \u2013 \u00f6versyn av v\u00e4garnas huvudmannaskap<br \/>\n<\/span><\/h4>\n<p><span style=\"font-weight: 400\">De som bor vid kommunal gata eller allm\u00e4n v\u00e4g \u00e4r inte med och betalar f\u00f6r v\u00e4garna. Det \u00e4r f\u00f6rvisso s\u00e5 det fungerar, men det finns idag ingen logik f\u00f6r vad som \u00e4r kommunal gata. Att det inte finns n\u00e5gon generell regel f\u00f6r detta skapar or\u00e4ttvisa. KD menar d\u00e4rf\u00f6r att v\u00e4garnas huvudmannaskap m\u00e5ste ses \u00f6ver, vilket partiet framf\u00f6rde innan valet. I en \u00f6versyn ska f\u00f6rslag tas fram p\u00e5 f\u00f6r\u00e4ndringar av huvudmannaskapet f\u00f6r en mer r\u00e4ttvis och rationell ansvarsf\u00f6rdelning.<\/span><\/p>\n<blockquote><p><em><span style=\"font-weight: 400\">Vi f\u00f6resl\u00e5r kommunfullm\u00e4ktige besluta:<br \/>\n<\/span><b>Att<\/b><span style=\"font-weight: 400\"> Leksands kommun omg\u00e5ende genomf\u00f6r en \u00f6versyn av v\u00e4garnas huvudmannaskap i hela kommunen och till kommunstyrelsen presenterar f\u00f6rslag p\u00e5 f\u00f6r\u00e4ndringar av huvudmannaskapet nmed m\u00e5let att uppn\u00e5 en r\u00e4ttvis och rationell ansvarsf\u00f6rdelning som utg\u00e5r fr\u00e5n generella principer.<\/span><\/em><\/p><\/blockquote>\n<p><a href=\"http:\/\/wp.kristdemokraterna.se\/leksand\/files\/2023\/04\/motion-om-o\u0308versyn-av-va\u0308garnas-huvudmannaskap-i-hela-kommunen.pdf\">Motion om o\u0308versyn av va\u0308garnas huvudmannaskap i hela kommunen<\/a><\/p>\n<hr \/>\n<h4><span style=\"font-weight: 600\">Motion om \u00e5terkallande av vissa lantm\u00e4terif\u00f6rr\u00e4ttningar<\/span><\/h4>\n<p><span style=\"font-weight: 400\">Vi har tidigare skrivit en motion som f\u00f6ruts\u00e4tter att v\u00e4gs \u00e4gare har m\u00f6jlighet att tacka nej till en f\u00f6rr\u00e4ttning. D\u00e4refter har det framg\u00e5tt att denna m\u00f6jlighet, trots kommunens tidigare beslut och information, \u00e4r mycket begr\u00e4nsad. Kommunen har avbrutit vissa f\u00f6rr\u00e4ttningar men andra inte, n\u00e4r v\u00e4gs \u00e4gare har beg\u00e4rt det. Riktlinjer verkar saknas. Vi anser att valfrihet och flexibilitet ska finnas och att m\u00f6jligheten att avbryta eller ej p\u00e5b\u00f6rja en f\u00f6rr\u00e4ttning d\u00e4rf\u00f6r m\u00e5ste f\u00f6rtydligas.\u00a0<\/span><\/p>\n<p><span style=\"font-weight: 400\">Vi har tidigare skrivit en motion om en \u00f6versyn av v\u00e4garnas huvudmannaskap. Eftersom beredning och beslutsfattande i denna fr\u00e5ga dr\u00f6jer anser vi ocks\u00e5 att det \u00e4r aktuellt med beslut om att avbryta vissa f\u00f6rr\u00e4ttningar med h\u00e4nsyn till en kommande \u00f6versyn och eventuella \u00e4ndringar av huvudmannaskap, f\u00f6r att undvika on\u00f6diga f\u00f6rr\u00e4ttningskostnader.<\/span><\/p>\n<blockquote><p><em><span style=\"font-weight: 400\">Vi f\u00f6resl\u00e5r kommunfullm\u00e4ktige besluta att uppdra till kommunstyrelsen:<br \/>\n<\/span><\/em><em><b>Att<\/b><span style=\"font-weight: 400\"> \u00e5terkalla kommunens ans\u00f6kan om lantm\u00e4terif\u00f6rr\u00e4ttning av enskild v\u00e4g i de fall samtliga av v\u00e4gs \u00e4gare beg\u00e4r att f\u00f6rr\u00e4ttningen ska avbrytas eller ej p\u00e5b\u00f6rjas.<br \/>\n<\/span><\/em><b>Att<\/b><span style=\"font-weight: 400\"> \u00e5terkalla kommunens ans\u00f6kan om lantm\u00e4terif\u00f6rr\u00e4ttning av enskild v\u00e4g i de fall en majoritet av v\u00e4gs \u00e4gare beg\u00e4r att f\u00f6rr\u00e4ttningen ska avbrytas eller ej p\u00e5b\u00f6rjas och det finns f\u00f6ruts\u00e4ttningar f\u00f6r v\u00e4gs \u00e4gare att p\u00e5 egen hand skapa en ordnad f\u00f6rvaltning, exempelvis en del\u00e4garf\u00f6rvaltning eller frivillig v\u00e4gh\u00e5llningsorganisation.<br \/>\n<\/span><b>Att <\/b><span style=\"font-weight: 400\">\u00e5terkalla kommunens ans\u00f6kan om lantm\u00e4terif\u00f6rr\u00e4ttning av enskild v\u00e4g i de fall det \u00e4r aktuellt med kommunalt huvudmannaskap utifr\u00e5n det kommunala allm\u00e4nintresset och Trafikverkets princip f\u00f6r v\u00e4gh\u00e5llaransvarets f\u00f6rdelning, det vill s\u00e4ga att kommunen b\u00f6r ha huvudansvar f\u00f6r v\u00e4gh\u00e5llningen i t\u00e4torter.<\/span><\/p><\/blockquote>\n<p><a href=\"http:\/\/wp.kristdemokraterna.se\/leksand\/files\/2025\/02\/motion-om-aterkallande-av-forrattningar-kd-leksand.pdf\">Motion om a\u030aterkallande av fo\u0308rra\u0308ttningar<\/a><\/p>\n<hr \/>\n<h4><span style=\"font-weight: 600\">N\u00e4mndinitiativ om \u00e5terkallande av lantm\u00e4terif\u00f6rr\u00e4ttning i Siljansn\u00e4s<\/span><\/h4>\n<p><span style=\"font-weight: 400\">I slutet av maj 2024 inkom en skrivelse till kommunstyrelsen fr\u00e5n v\u00e4gs \u00e4gare i Hallen, Backbyn och N\u00e4sbyggebyn, i vilken man yrkar att kommunstyrelsen ska besluta \u201catt dra tillbaka ans\u00f6kan om f\u00f6rr\u00e4ttning f\u00f6r Siljansn\u00e4s centrumbyar Hallen, Backbyn och N\u00e4sbyggebyn samt att man liksom f\u00f6r Insj\u00f6n tills\u00e4tter en s\u00e4rskild utredning \u00f6ver hur v\u00e4gh\u00e5llningen ska organiseras fram\u00f6ver\u201d.<\/span><\/p>\n<p><span style=\"font-weight: 400\">En majoritet av v\u00e4gs \u00e4gare i centrala Siljansn\u00e4s har sedan juli 2023 beg\u00e4rt att f\u00f6rr\u00e4ttningen ska avbrytas. I enlighet med tidigare beslut och information fr\u00e5n kommunen, samt utifr\u00e5n att det framtida huvudmannaskapet f\u00f6r v\u00e4garna i t\u00e4torten inte \u00e4r utrett \u00e4nnu, anser vi att yrkandet b\u00f6r bifallas och l\u00e4mnar d\u00e4rf\u00f6r in detta n\u00e4mndinitiativ f\u00f6r kommunstyrelsen att ta st\u00e4llning till.<\/span><\/p>\n<blockquote><p><em><span style=\"font-weight: 400\">Vi f\u00f6resl\u00e5r kommunstyrelsen besluta:<br \/>\n<\/span><b>Att<\/b><span style=\"font-weight: 400\"> \u00e5terkalla kommunens ans\u00f6kan om lantm\u00e4terif\u00f6rr\u00e4ttning g\u00e4llande W20646, <\/span><span style=\"font-weight: 400\"><br \/>\n<\/span><span style=\"font-weight: 400\">det vill s\u00e4ga centrala Siljansn\u00e4s.<br \/>\n<\/span><b>Att<\/b><span style=\"font-weight: 400\"> tills\u00e4tta en s\u00e4rskild utredning \u00f6ver hur v\u00e4gh\u00e5llningen ska organiseras och huvudmannaskapet f\u00f6rdelas i centrala Siljansn\u00e4s.<\/span><\/em><\/p><\/blockquote>\n<p><a href=\"http:\/\/wp.kristdemokraterna.se\/leksand\/files\/2025\/02\/namndinitiativ-om-aterkallande-av-forrattning-kd-leksand.pdf\">Na\u0308mndinitiativ om a\u030aterkallande av fo\u0308rra\u0308ttning i Siljansn\u00e4s<\/a><\/p>\n","protected":false},"excerpt":{"rendered":"<p>Kristdemokraterna i Leksand har l\u00e4mnat in sex motioner och ett n\u00e4mndinitiativ i v\u00e4gfr\u00e5gan, det vill s\u00e4ga g\u00e4llande de enskilda v\u00e4garna i kommunen. P\u00e5 den h\u00e4r sidan kan du l\u00e4sa vad de handlar om och \u00e4ven ladda ner dokumenten i sin helhet. De fem motioner som inl\u00e4mnades i april 2023 Den motion som inl\u00e4mnades i september <a class=\"read-more-link\" href=\"https:\/\/wp.kristdemokraterna.se\/leksand\/var-politik\/motioner\/vagfragan\/\">Read More<\/a><\/p>\n","protected":false},"author":958,"featured_media":0,"parent":1144,"menu_order":0,"comment_status":"closed","ping_status":"closed","template":"","meta":{"_acf_changed":false,"footnotes":""},"class_list":["post-1149","page","type-page","status-publish","hentry"],"acf":[],"yoast_head":"<!-- This site is optimized with the Yoast SEO plugin v27.3 - https:\/\/yoast.com\/product\/yoast-seo-wordpress\/ -->\n<title>Motioner om enskilda v\u00e4gar - Kristdemokraterna Leksand<\/title>\n<meta name=\"robots\" content=\"index, follow, max-snippet:-1, max-image-preview:large, max-video-preview:-1\" \/>\n<link rel=\"canonical\" href=\"https:\/\/wp.kristdemokraterna.se\/leksand\/var-politik\/motioner\/vagfragan\/\" \/>\n<meta property=\"og:locale\" content=\"sv_SE\" \/>\n<meta property=\"og:type\" content=\"article\" \/>\n<meta property=\"og:title\" content=\"Motioner om enskilda v\u00e4gar - Kristdemokraterna Leksand\" \/>\n<meta property=\"og:description\" content=\"Kristdemokraterna i Leksand har l\u00e4mnat in sex motioner och ett n\u00e4mndinitiativ i v\u00e4gfr\u00e5gan, det vill s\u00e4ga g\u00e4llande de enskilda v\u00e4garna i kommunen. P\u00e5 den h\u00e4r sidan kan du l\u00e4sa vad de handlar om och \u00e4ven ladda ner dokumenten i sin helhet. De fem motioner som inl\u00e4mnades i april 2023 Den motion som inl\u00e4mnades i september Read More\" \/>\n<meta property=\"og:url\" content=\"https:\/\/wp.kristdemokraterna.se\/leksand\/var-politik\/motioner\/vagfragan\/\" \/>\n<meta property=\"og:site_name\" content=\"Kristdemokraterna Leksand\" \/>\n<meta property=\"article:modified_time\" content=\"2025-02-07T10:19:36+00:00\" \/>\n<meta name=\"twitter:card\" content=\"summary_large_image\" \/>\n<meta name=\"twitter:label1\" content=\"Ber\u00e4knad l\u00e4stid\" \/>\n\t<meta name=\"twitter:data1\" content=\"4 minuter\" \/>\n<script type=\"application\/ld+json\" class=\"yoast-schema-graph\">{\"@context\":\"https:\\\/\\\/schema.org\",\"@graph\":[{\"@type\":\"WebPage\",\"@id\":\"https:\\\/\\\/wp.kristdemokraterna.se\\\/leksand\\\/var-politik\\\/motioner\\\/vagfragan\\\/\",\"url\":\"https:\\\/\\\/wp.kristdemokraterna.se\\\/leksand\\\/var-politik\\\/motioner\\\/vagfragan\\\/\",\"name\":\"Motioner om enskilda v\u00e4gar - Kristdemokraterna Leksand\",\"isPartOf\":{\"@id\":\"https:\\\/\\\/wp.kristdemokraterna.se\\\/leksand\\\/#website\"},\"datePublished\":\"2023-04-20T08:15:02+00:00\",\"dateModified\":\"2025-02-07T10:19:36+00:00\",\"breadcrumb\":{\"@id\":\"https:\\\/\\\/wp.kristdemokraterna.se\\\/leksand\\\/var-politik\\\/motioner\\\/vagfragan\\\/#breadcrumb\"},\"inLanguage\":\"sv-SE\",\"potentialAction\":[{\"@type\":\"ReadAction\",\"target\":[\"https:\\\/\\\/wp.kristdemokraterna.se\\\/leksand\\\/var-politik\\\/motioner\\\/vagfragan\\\/\"]}]},{\"@type\":\"BreadcrumbList\",\"@id\":\"https:\\\/\\\/wp.kristdemokraterna.se\\\/leksand\\\/var-politik\\\/motioner\\\/vagfragan\\\/#breadcrumb\",\"itemListElement\":[{\"@type\":\"ListItem\",\"position\":1,\"name\":\"Hem\",\"item\":\"https:\\\/\\\/wp.kristdemokraterna.se\\\/leksand\\\/\"},{\"@type\":\"ListItem\",\"position\":2,\"name\":\"V\u00e5r politik\",\"item\":\"https:\\\/\\\/wp.kristdemokraterna.se\\\/leksand\\\/var-politik\\\/\"},{\"@type\":\"ListItem\",\"position\":3,\"name\":\"Motioner och \u00f6vrigt\",\"item\":\"https:\\\/\\\/wp.kristdemokraterna.se\\\/leksand\\\/var-politik\\\/motioner\\\/\"},{\"@type\":\"ListItem\",\"position\":4,\"name\":\"Motioner om enskilda v\u00e4gar\"}]},{\"@type\":\"WebSite\",\"@id\":\"https:\\\/\\\/wp.kristdemokraterna.se\\\/leksand\\\/#website\",\"url\":\"https:\\\/\\\/wp.kristdemokraterna.se\\\/leksand\\\/\",\"name\":\"Kristdemokraterna Leksand\",\"description\":\"Kristdemokratiska lokalavdelningen i Leksand\",\"inLanguage\":\"sv-SE\"}]}<\/script>\n<!-- \/ Yoast SEO plugin. -->","yoast_head_json":{"title":"Motioner om enskilda v\u00e4gar - Kristdemokraterna Leksand","robots":{"index":"index","follow":"follow","max-snippet":"max-snippet:-1","max-image-preview":"max-image-preview:large","max-video-preview":"max-video-preview:-1"},"canonical":"https:\/\/wp.kristdemokraterna.se\/leksand\/var-politik\/motioner\/vagfragan\/","og_locale":"sv_SE","og_type":"article","og_title":"Motioner om enskilda v\u00e4gar - Kristdemokraterna Leksand","og_description":"Kristdemokraterna i Leksand har l\u00e4mnat in sex motioner och ett n\u00e4mndinitiativ i v\u00e4gfr\u00e5gan, det vill s\u00e4ga g\u00e4llande de enskilda v\u00e4garna i kommunen. P\u00e5 den h\u00e4r sidan kan du l\u00e4sa vad de handlar om och \u00e4ven ladda ner dokumenten i sin helhet. De fem motioner som inl\u00e4mnades i april 2023 Den motion som inl\u00e4mnades i september Read More","og_url":"https:\/\/wp.kristdemokraterna.se\/leksand\/var-politik\/motioner\/vagfragan\/","og_site_name":"Kristdemokraterna Leksand","article_modified_time":"2025-02-07T10:19:36+00:00","twitter_card":"summary_large_image","twitter_misc":{"Ber\u00e4knad l\u00e4stid":"4 minuter"},"schema":{"@context":"https:\/\/schema.org","@graph":[{"@type":"WebPage","@id":"https:\/\/wp.kristdemokraterna.se\/leksand\/var-politik\/motioner\/vagfragan\/","url":"https:\/\/wp.kristdemokraterna.se\/leksand\/var-politik\/motioner\/vagfragan\/","name":"Motioner om enskilda v\u00e4gar - Kristdemokraterna Leksand","isPartOf":{"@id":"https:\/\/wp.kristdemokraterna.se\/leksand\/#website"},"datePublished":"2023-04-20T08:15:02+00:00","dateModified":"2025-02-07T10:19:36+00:00","breadcrumb":{"@id":"https:\/\/wp.kristdemokraterna.se\/leksand\/var-politik\/motioner\/vagfragan\/#breadcrumb"},"inLanguage":"sv-SE","potentialAction":[{"@type":"ReadAction","target":["https:\/\/wp.kristdemokraterna.se\/leksand\/var-politik\/motioner\/vagfragan\/"]}]},{"@type":"BreadcrumbList","@id":"https:\/\/wp.kristdemokraterna.se\/leksand\/var-politik\/motioner\/vagfragan\/#breadcrumb","itemListElement":[{"@type":"ListItem","position":1,"name":"Hem","item":"https:\/\/wp.kristdemokraterna.se\/leksand\/"},{"@type":"ListItem","position":2,"name":"V\u00e5r politik","item":"https:\/\/wp.kristdemokraterna.se\/leksand\/var-politik\/"},{"@type":"ListItem","position":3,"name":"Motioner och \u00f6vrigt","item":"https:\/\/wp.kristdemokraterna.se\/leksand\/var-politik\/motioner\/"},{"@type":"ListItem","position":4,"name":"Motioner om enskilda v\u00e4gar"}]},{"@type":"WebSite","@id":"https:\/\/wp.kristdemokraterna.se\/leksand\/#website","url":"https:\/\/wp.kristdemokraterna.se\/leksand\/","name":"Kristdemokraterna Leksand","description":"Kristdemokratiska lokalavdelningen i Leksand","inLanguage":"sv-SE"}]}},"_links":{"self":[{"href":"https:\/\/wp.kristdemokraterna.se\/leksand\/wp-json\/wp\/v2\/pages\/1149","targetHints":{"allow":["GET"]}}],"collection":[{"href":"https:\/\/wp.kristdemokraterna.se\/leksand\/wp-json\/wp\/v2\/pages"}],"about":[{"href":"https:\/\/wp.kristdemokraterna.se\/leksand\/wp-json\/wp\/v2\/types\/page"}],"author":[{"embeddable":true,"href":"https:\/\/wp.kristdemokraterna.se\/leksand\/wp-json\/wp\/v2\/users\/958"}],"replies":[{"embeddable":true,"href":"https:\/\/wp.kristdemokraterna.se\/leksand\/wp-json\/wp\/v2\/comments?post=1149"}],"version-history":[{"count":21,"href":"https:\/\/wp.kristdemokraterna.se\/leksand\/wp-json\/wp\/v2\/pages\/1149\/revisions"}],"predecessor-version":[{"id":1302,"href":"https:\/\/wp.kristdemokraterna.se\/leksand\/wp-json\/wp\/v2\/pages\/1149\/revisions\/1302"}],"up":[{"embeddable":true,"href":"https:\/\/wp.kristdemokraterna.se\/leksand\/wp-json\/wp\/v2\/pages\/1144"}],"wp:attachment":[{"href":"https:\/\/wp.kristdemokraterna.se\/leksand\/wp-json\/wp\/v2\/media?parent=1149"}],"curies":[{"name":"wp","href":"https:\/\/api.w.org\/{rel}","templated":true}]}}