{"id":1216,"date":"2023-09-06T13:51:12","date_gmt":"2023-09-06T11:51:12","guid":{"rendered":"https:\/\/wp.kristdemokraterna.se\/leksand\/?page_id=1216"},"modified":"2025-02-07T11:53:09","modified_gmt":"2025-02-07T10:53:09","slug":"interpellation-om-trafiklosning-vid-ahlbybadet","status":"publish","type":"page","link":"https:\/\/wp.kristdemokraterna.se\/leksand\/var-politik\/motioner\/interpellation-om-trafiklosning-vid-ahlbybadet\/","title":{"rendered":"Interpellation om \u00c5hlbybadet"},"content":{"rendered":"<h4><strong>Bakgrund och motivering<\/strong><\/h4>\n<p>Trafiksituationen vid \u00c5hlbybadet i Insj\u00f6n \u00e4r inte h\u00e5llbar. Det har kommunen sj\u00e4lv och m\u00e5nga andra fastslagit sedan l\u00e5ng tid. I november 2016 fattade kommunstyrelsen beslut om att ge f\u00f6rvaltningen i uppdrag att ta fram olika f\u00f6rslag till trafikl\u00f6sning och att den nya l\u00f6sningen skulle g\u00e4lla fr\u00e5n och med sommaren 2018. \u00c4nda sedan h\u00f6sten 2019 har det funnits medel avsatta i investeringsbudgeten f\u00f6r en ny v\u00e4g till bad- och b\u00e5tplatsen i \u00c5hlbyn. Summan ut\u00f6kades h\u00f6sten 2020 fr\u00e5n 3,5 till 6,5 miljoner kronor och senare till 7 miljoner kronor. Trots detta, och trots att kommunen har som m\u00e5l att vara en av landets fr\u00e4msta friluftskommuner, har ingenting h\u00e4nt.<\/p>\n<p>F\u00f6r att ta sig till sj\u00f6n m\u00e5ste Insj\u00f6bor och turister passera en j\u00e4rnv\u00e4gskorsning intill containerterminalen vid Bergkvists\u00e5gen, en korsning som blockeras av godst\u00e5g flera timmar varje dag. F\u00f6rutom att m\u00e5nga av denna anledning avst\u00e5r fr\u00e5n att ta sig till platsen, inneb\u00e4r detta ocks\u00e5 stora s\u00e4kerhetsrisker. R\u00e4ddningstj\u00e4nst kan inte n\u00e5 fram snabbt, och det h\u00e4nder att barn kl\u00e4ttrar mellan vagnarna. S\u00e5 h\u00e4r har det varit \u00e4nda sedan terminalen byggdes i b\u00f6rjan av 2000-talet, \u00e4ven om det har f\u00f6rv\u00e4rrats p\u00e5 senare tid. Tack och lov har ingen skadats allvarligt \u2013 \u00e4n.<\/p>\n<p>Kommunen har unders\u00f6kt olika l\u00f6sningar. Redan 2007 godk\u00e4nde byggnadsn\u00e4mnden ett planprogram f\u00f6r omr\u00e5det enligt vilket en ny v\u00e4gf\u00f6rbindelse skulle anordnas via Backh\u00e4llorna. I programmet konstateras att badplatsen \u00e4r viktig f\u00f6r Insj\u00f6ns samh\u00e4lle och att alternativa lokaliseringar inte finns. En detaljplan uppr\u00e4ttades men f\u00f6renades med detaljplanen f\u00f6r den kontroversiella utbyggnaden av containerterminalen, vilket ledde till att \u00e4ven planen f\u00f6r \u00c5hlbybadet \u00f6verklagades och underk\u00e4ndes av mark- och milj\u00f6domstolen h\u00f6sten 2012. Ingen utbyggnad och ingen ny v\u00e4g allts\u00e5.<\/p>\n<p>Sommaren 2015 meddelade d\u00e5varande kommunalr\u00e5d Ulrika Liljeberg (C) att en l\u00f6sning \u2013 en ny tillfartsv\u00e4g, bro eller tunnel \u2013 skulle vara p\u00e5 plats till sommaren 2016. S\u00e5 blev det inte, utan ist\u00e4llet anst\u00e4lldes en trafikvakt tillf\u00e4lligt som skulle \u00f6vervaka korsningen p\u00e5 somrarna. I november 2016 fattade dock kommunstyrelsen det ovan n\u00e4mnda beslutet, och senare avsattes medel i investeringsbudgeten. \u00c4nd\u00e5 saknas fortfarande en ny v\u00e4g.<\/p>\n<p>Insj\u00f6n beh\u00f6ver en bad- och b\u00e5tplats som det g\u00e5r att ta sig till och fr\u00e5n p\u00e5 ett s\u00e4kert s\u00e4tt. Det inneb\u00e4r att en ny v\u00e4g m\u00e5ste byggas. Vi anser att det \u00e4r under all kritik att det \u00e4nnu inte finns en trafikl\u00f6sning p\u00e5 plats trots de fattade besluten. Insj\u00f6borna har redan v\u00e4ntat f\u00f6r l\u00e4nge. Tidigare har h\u00e4vdats att en trafikl\u00f6sning b\u00f6r tas fram i samband med en ny detaljplan f\u00f6r containerterminalen. Vi menar att detta vore att g\u00f6ra om samma misstag som gjordes f\u00f6r tio \u00e5r sedan och att det enbart riskerar att f\u00f6rdr\u00f6ja processen \u00e4nnu mer. En ny s\u00e4ker v\u00e4g beh\u00f6vs oberoende av hur terminalen v\u00e4xer \u2013 och det omg\u00e5ende.<\/p>\n<p>&nbsp;<\/p>\n<h4><strong>Fr\u00e5gor<\/strong><\/h4>\n<p>Med h\u00e4nvisning till ovanst\u00e5ende \u00f6nskas svar p\u00e5 f\u00f6ljande fr\u00e5gor:<\/p>\n<ul>\n<li>Varf\u00f6r har en ny trafikl\u00f6sning inte kommit p\u00e5 plats trots att det enligt kommunstyrelsens beslut i \u00a7 193 fr\u00e5n 11 april 2016 skulle finnas en ny trafikl\u00f6sning p\u00e5 plats till sommaren 2018?<\/li>\n<li>Vad kommer ni att g\u00f6ra f\u00f6r att snarast f\u00e5 till en ny trafikl\u00f6sning?<\/li>\n<li>Avvaktar ni f\u00f6r att v\u00e4nta in en ny detaljplan f\u00f6r containerterminalen och i s\u00e5 fall varf\u00f6r anser ni att det \u00e4r n\u00f6dv\u00e4ndigt och ser ni inga risker med det?<\/li>\n<li>N\u00e4r kommer en ny trafikl\u00f6sning att finnas p\u00e5 plats<\/li>\n<\/ul>\n<p>&nbsp;<\/p>\n<h4><strong>Underskrift<\/strong><\/h4>\n<p>Carin Malm (KD), gruppledare och ledamot i kommunfullm\u00e4ktige<\/p>\n<p>&nbsp;<\/p>\n<p><a href=\"http:\/\/wp.kristdemokraterna.se\/leksand\/files\/2023\/09\/interpellation-om-trafiklosning-vid-ahlbybadet.pdf\">Interpellation om trafikl\u00f6sning vid \u00c5hlbybadet<\/a><\/p>\n","protected":false},"excerpt":{"rendered":"<p>Bakgrund och motivering Trafiksituationen vid \u00c5hlbybadet i Insj\u00f6n \u00e4r inte h\u00e5llbar. Det har kommunen sj\u00e4lv och m\u00e5nga andra fastslagit sedan l\u00e5ng tid. I november 2016 fattade kommunstyrelsen beslut om att ge f\u00f6rvaltningen i uppdrag att ta fram olika f\u00f6rslag till trafikl\u00f6sning och att den nya l\u00f6sningen skulle g\u00e4lla fr\u00e5n och med sommaren 2018. \u00c4nda sedan <a class=\"read-more-link\" href=\"https:\/\/wp.kristdemokraterna.se\/leksand\/var-politik\/motioner\/interpellation-om-trafiklosning-vid-ahlbybadet\/\">Read More<\/a><\/p>\n","protected":false},"author":958,"featured_media":0,"parent":1144,"menu_order":3,"comment_status":"closed","ping_status":"closed","template":"","meta":{"_acf_changed":false,"footnotes":""},"class_list":["post-1216","page","type-page","status-publish","hentry"],"acf":[],"yoast_head":"<!-- This site is optimized with the Yoast SEO plugin v27.4 - https:\/\/yoast.com\/product\/yoast-seo-wordpress\/ -->\n<title>Interpellation om \u00c5hlbybadet - Kristdemokraterna Leksand<\/title>\n<meta name=\"robots\" content=\"index, follow, max-snippet:-1, max-image-preview:large, max-video-preview:-1\" \/>\n<link rel=\"canonical\" href=\"https:\/\/wp.kristdemokraterna.se\/leksand\/var-politik\/motioner\/interpellation-om-trafiklosning-vid-ahlbybadet\/\" \/>\n<meta property=\"og:locale\" content=\"sv_SE\" \/>\n<meta property=\"og:type\" content=\"article\" \/>\n<meta property=\"og:title\" content=\"Interpellation om \u00c5hlbybadet - Kristdemokraterna Leksand\" \/>\n<meta property=\"og:description\" content=\"Bakgrund och motivering Trafiksituationen vid \u00c5hlbybadet i Insj\u00f6n \u00e4r inte h\u00e5llbar. Det har kommunen sj\u00e4lv och m\u00e5nga andra fastslagit sedan l\u00e5ng tid. I november 2016 fattade kommunstyrelsen beslut om att ge f\u00f6rvaltningen i uppdrag att ta fram olika f\u00f6rslag till trafikl\u00f6sning och att den nya l\u00f6sningen skulle g\u00e4lla fr\u00e5n och med sommaren 2018. \u00c4nda sedan Read More\" \/>\n<meta property=\"og:url\" content=\"https:\/\/wp.kristdemokraterna.se\/leksand\/var-politik\/motioner\/interpellation-om-trafiklosning-vid-ahlbybadet\/\" \/>\n<meta property=\"og:site_name\" content=\"Kristdemokraterna Leksand\" \/>\n<meta property=\"article:modified_time\" content=\"2025-02-07T10:53:09+00:00\" \/>\n<meta name=\"twitter:card\" content=\"summary_large_image\" \/>\n<meta name=\"twitter:label1\" content=\"Ber\u00e4knad l\u00e4stid\" \/>\n\t<meta name=\"twitter:data1\" content=\"3 minuter\" \/>\n<script type=\"application\/ld+json\" class=\"yoast-schema-graph\">{\"@context\":\"https:\\\/\\\/schema.org\",\"@graph\":[{\"@type\":\"WebPage\",\"@id\":\"https:\\\/\\\/wp.kristdemokraterna.se\\\/leksand\\\/var-politik\\\/motioner\\\/interpellation-om-trafiklosning-vid-ahlbybadet\\\/\",\"url\":\"https:\\\/\\\/wp.kristdemokraterna.se\\\/leksand\\\/var-politik\\\/motioner\\\/interpellation-om-trafiklosning-vid-ahlbybadet\\\/\",\"name\":\"Interpellation om \u00c5hlbybadet - Kristdemokraterna Leksand\",\"isPartOf\":{\"@id\":\"https:\\\/\\\/wp.kristdemokraterna.se\\\/leksand\\\/#website\"},\"datePublished\":\"2023-09-06T11:51:12+00:00\",\"dateModified\":\"2025-02-07T10:53:09+00:00\",\"breadcrumb\":{\"@id\":\"https:\\\/\\\/wp.kristdemokraterna.se\\\/leksand\\\/var-politik\\\/motioner\\\/interpellation-om-trafiklosning-vid-ahlbybadet\\\/#breadcrumb\"},\"inLanguage\":\"sv-SE\",\"potentialAction\":[{\"@type\":\"ReadAction\",\"target\":[\"https:\\\/\\\/wp.kristdemokraterna.se\\\/leksand\\\/var-politik\\\/motioner\\\/interpellation-om-trafiklosning-vid-ahlbybadet\\\/\"]}]},{\"@type\":\"BreadcrumbList\",\"@id\":\"https:\\\/\\\/wp.kristdemokraterna.se\\\/leksand\\\/var-politik\\\/motioner\\\/interpellation-om-trafiklosning-vid-ahlbybadet\\\/#breadcrumb\",\"itemListElement\":[{\"@type\":\"ListItem\",\"position\":1,\"name\":\"Hem\",\"item\":\"https:\\\/\\\/wp.kristdemokraterna.se\\\/leksand\\\/\"},{\"@type\":\"ListItem\",\"position\":2,\"name\":\"V\u00e5r politik\",\"item\":\"https:\\\/\\\/wp.kristdemokraterna.se\\\/leksand\\\/var-politik\\\/\"},{\"@type\":\"ListItem\",\"position\":3,\"name\":\"Motioner och \u00f6vrigt\",\"item\":\"https:\\\/\\\/wp.kristdemokraterna.se\\\/leksand\\\/var-politik\\\/motioner\\\/\"},{\"@type\":\"ListItem\",\"position\":4,\"name\":\"Interpellation om \u00c5hlbybadet\"}]},{\"@type\":\"WebSite\",\"@id\":\"https:\\\/\\\/wp.kristdemokraterna.se\\\/leksand\\\/#website\",\"url\":\"https:\\\/\\\/wp.kristdemokraterna.se\\\/leksand\\\/\",\"name\":\"Kristdemokraterna Leksand\",\"description\":\"Kristdemokratiska lokalavdelningen i Leksand\",\"inLanguage\":\"sv-SE\"}]}<\/script>\n<!-- \/ Yoast SEO plugin. -->","yoast_head_json":{"title":"Interpellation om \u00c5hlbybadet - Kristdemokraterna Leksand","robots":{"index":"index","follow":"follow","max-snippet":"max-snippet:-1","max-image-preview":"max-image-preview:large","max-video-preview":"max-video-preview:-1"},"canonical":"https:\/\/wp.kristdemokraterna.se\/leksand\/var-politik\/motioner\/interpellation-om-trafiklosning-vid-ahlbybadet\/","og_locale":"sv_SE","og_type":"article","og_title":"Interpellation om \u00c5hlbybadet - Kristdemokraterna Leksand","og_description":"Bakgrund och motivering Trafiksituationen vid \u00c5hlbybadet i Insj\u00f6n \u00e4r inte h\u00e5llbar. Det har kommunen sj\u00e4lv och m\u00e5nga andra fastslagit sedan l\u00e5ng tid. I november 2016 fattade kommunstyrelsen beslut om att ge f\u00f6rvaltningen i uppdrag att ta fram olika f\u00f6rslag till trafikl\u00f6sning och att den nya l\u00f6sningen skulle g\u00e4lla fr\u00e5n och med sommaren 2018. \u00c4nda sedan Read More","og_url":"https:\/\/wp.kristdemokraterna.se\/leksand\/var-politik\/motioner\/interpellation-om-trafiklosning-vid-ahlbybadet\/","og_site_name":"Kristdemokraterna Leksand","article_modified_time":"2025-02-07T10:53:09+00:00","twitter_card":"summary_large_image","twitter_misc":{"Ber\u00e4knad l\u00e4stid":"3 minuter"},"schema":{"@context":"https:\/\/schema.org","@graph":[{"@type":"WebPage","@id":"https:\/\/wp.kristdemokraterna.se\/leksand\/var-politik\/motioner\/interpellation-om-trafiklosning-vid-ahlbybadet\/","url":"https:\/\/wp.kristdemokraterna.se\/leksand\/var-politik\/motioner\/interpellation-om-trafiklosning-vid-ahlbybadet\/","name":"Interpellation om \u00c5hlbybadet - Kristdemokraterna Leksand","isPartOf":{"@id":"https:\/\/wp.kristdemokraterna.se\/leksand\/#website"},"datePublished":"2023-09-06T11:51:12+00:00","dateModified":"2025-02-07T10:53:09+00:00","breadcrumb":{"@id":"https:\/\/wp.kristdemokraterna.se\/leksand\/var-politik\/motioner\/interpellation-om-trafiklosning-vid-ahlbybadet\/#breadcrumb"},"inLanguage":"sv-SE","potentialAction":[{"@type":"ReadAction","target":["https:\/\/wp.kristdemokraterna.se\/leksand\/var-politik\/motioner\/interpellation-om-trafiklosning-vid-ahlbybadet\/"]}]},{"@type":"BreadcrumbList","@id":"https:\/\/wp.kristdemokraterna.se\/leksand\/var-politik\/motioner\/interpellation-om-trafiklosning-vid-ahlbybadet\/#breadcrumb","itemListElement":[{"@type":"ListItem","position":1,"name":"Hem","item":"https:\/\/wp.kristdemokraterna.se\/leksand\/"},{"@type":"ListItem","position":2,"name":"V\u00e5r politik","item":"https:\/\/wp.kristdemokraterna.se\/leksand\/var-politik\/"},{"@type":"ListItem","position":3,"name":"Motioner och \u00f6vrigt","item":"https:\/\/wp.kristdemokraterna.se\/leksand\/var-politik\/motioner\/"},{"@type":"ListItem","position":4,"name":"Interpellation om \u00c5hlbybadet"}]},{"@type":"WebSite","@id":"https:\/\/wp.kristdemokraterna.se\/leksand\/#website","url":"https:\/\/wp.kristdemokraterna.se\/leksand\/","name":"Kristdemokraterna Leksand","description":"Kristdemokratiska lokalavdelningen i Leksand","inLanguage":"sv-SE"}]}},"_links":{"self":[{"href":"https:\/\/wp.kristdemokraterna.se\/leksand\/wp-json\/wp\/v2\/pages\/1216","targetHints":{"allow":["GET"]}}],"collection":[{"href":"https:\/\/wp.kristdemokraterna.se\/leksand\/wp-json\/wp\/v2\/pages"}],"about":[{"href":"https:\/\/wp.kristdemokraterna.se\/leksand\/wp-json\/wp\/v2\/types\/page"}],"author":[{"embeddable":true,"href":"https:\/\/wp.kristdemokraterna.se\/leksand\/wp-json\/wp\/v2\/users\/958"}],"replies":[{"embeddable":true,"href":"https:\/\/wp.kristdemokraterna.se\/leksand\/wp-json\/wp\/v2\/comments?post=1216"}],"version-history":[{"count":9,"href":"https:\/\/wp.kristdemokraterna.se\/leksand\/wp-json\/wp\/v2\/pages\/1216\/revisions"}],"predecessor-version":[{"id":1356,"href":"https:\/\/wp.kristdemokraterna.se\/leksand\/wp-json\/wp\/v2\/pages\/1216\/revisions\/1356"}],"up":[{"embeddable":true,"href":"https:\/\/wp.kristdemokraterna.se\/leksand\/wp-json\/wp\/v2\/pages\/1144"}],"wp:attachment":[{"href":"https:\/\/wp.kristdemokraterna.se\/leksand\/wp-json\/wp\/v2\/media?parent=1216"}],"curies":[{"name":"wp","href":"https:\/\/api.w.org\/{rel}","templated":true}]}}