{"id":1258,"date":"2023-11-20T19:33:22","date_gmt":"2023-11-20T18:33:22","guid":{"rendered":"https:\/\/wp.kristdemokraterna.se\/leksand\/?page_id=1258"},"modified":"2024-03-03T19:38:17","modified_gmt":"2024-03-03T18:38:17","slug":"motion-om-barnchecklista","status":"publish","type":"page","link":"https:\/\/wp.kristdemokraterna.se\/leksand\/var-politik\/motioner\/motion-om-barnchecklista\/","title":{"rendered":"Motion om barnchecklista"},"content":{"rendered":"<h4><b>F\u00f6rslag till beslut<\/b><\/h4>\n<p><span style=\"font-weight: 400\">Vi f\u00f6resl\u00e5r kommunfullm\u00e4ktige besluta:\u00a0<\/span><\/p>\n<p><b>Att<\/b><span style=\"font-weight: 400\"> Leksands kommun inf\u00f6r anv\u00e4ndandet av en barnchecklista i enlighet med Barnkonventionen. Checklistan ska tas fram av f\u00f6rvaltningen och anv\u00e4ndas i beredningen av politiska beslut.<\/span><\/p>\n<p><b>Att<\/b><span style=\"font-weight: 400\"> f\u00f6rvaltningen s\u00e4kerst\u00e4ller rutiner f\u00f6r att beslut fattade av tj\u00e4nstem\u00e4n beaktar barnens perspektiv och f\u00f6ljer Barnkonventionen.<\/span><\/p>\n<p>&nbsp;<\/p>\n<h4><b>Bakgrund<\/b><\/h4>\n<p><span style=\"font-weight: 400\">F\u00f6renta nationernas konvention om barns r\u00e4ttigheter (Barnkonventionen) blev lag i Sverige 1 januari 2020.<\/span><\/p>\n<p><span style=\"font-weight: 400\">Barnkonventionen, som best\u00e5r av 54 artiklar, sl\u00e5r fast att alla barn och ungdomar under 18 \u00e5r har samma r\u00e4ttigheter. R\u00e4tt att leva och utvecklas. R\u00e4tt att v\u00e4xa upp i trygghet och skyddas mot \u00f6vergrepp. R\u00e4tt att respekteras f\u00f6r vad de tycker och t\u00e4nker. Barnets b\u00e4sta ska alltid komma i f\u00f6rsta hand.<\/span><\/p>\n<p><span style=\"font-weight: 400\">Implementeringen av barns r\u00e4ttigheter g\u00e5r l\u00e5ngsamt. En anledning till detta \u00e4r sannolikt att barnen inte har n\u00e5gon representation i beslutande f\u00f6rsamlingar.<\/span><\/p>\n<p><span style=\"font-weight: 400\">F\u00f6r att barnens r\u00e4ttigheter ska respekteras anv\u00e4nder m\u00e5nga kommuner och regioner en barnchecklista som ska f\u00f6lja \u00e4renden fr\u00e5n b\u00f6rjan till slut.<\/span><\/p>\n<p><span style=\"font-weight: 400\">En checklista inneh\u00e5ller ett antal fr\u00e5gor som ska st\u00e4llas inf\u00f6r varje beslut som tas. Exempel p\u00e5 fr\u00e5gor \u00e4r: <\/span><span style=\"font-weight: 400\"><br \/>\n<\/span><span style=\"font-weight: 400\">&#8211; Inneb\u00e4r beslutet att barns och ungdomars b\u00e4sta s\u00e4tts i fr\u00e4msta rummet?<\/span><span style=\"font-weight: 400\"><br \/>\n<\/span><span style=\"font-weight: 400\">&#8211; Har barn och ungdomar f\u00e5tt m\u00f6jlighet att uttrycka sin mening?<\/span><span style=\"font-weight: 400\"><br \/>\n<\/span><span style=\"font-weight: 400\">&#8211; Har s\u00e4rskild h\u00e4nsyn tagits till behov hos barn och ungdomar med funktionsneds\u00e4ttning?<\/span><\/p>\n<p><span style=\"font-weight: 400\">Id\u00e9n med barnchecklistan \u00e4r att p\u00e5 ett enkelt s\u00e4tt tydligg\u00f6ra att alla beslut ska konsekvensbeskrivas utifr\u00e5n hur de p\u00e5verkar barnen direkt och indirekt. Syftet \u00e4r att barn- och ungdomsperspektivet ska uppm\u00e4rksammas mer p\u00e5 alla plan.<\/span><\/p>\n<p>&nbsp;<\/p>\n<h4><b>F\u00f6rslag<\/b><\/h4>\n<p><span style=\"font-weight: 400\">Kristdemokraterna f\u00f6resl\u00e5r att Leksands kommun inf\u00f6r en barnchecklista som ska anv\u00e4ndas i beslutsunderlag inf\u00f6r politiska beslut. Checklistan ska ing\u00e5 som underlag vid alla beslut d\u00e4r fr\u00e5gest\u00e4llningarna i checklistan \u00e4r relevanta, och den ska f\u00f6rdjupas i en barnkonsekvensanalys n\u00e4r det f\u00f6ranleds. Vi f\u00f6resl\u00e5r att checklistan utformas av f\u00f6rvaltningen utifr\u00e5n Barnombudsmannens f\u00f6rslag till barnchecklista.<\/span><\/p>\n<p>&nbsp;<\/p>\n<h4><b>Underskrift<\/b><\/h4>\n<p><span style=\"font-weight: 400\">Carin Malm (KD), gruppledare och ledamot i kommunfullm\u00e4ktige<\/span><\/p>\n<p>&nbsp;<\/p>\n<p><a href=\"http:\/\/wp.kristdemokraterna.se\/leksand\/files\/2024\/03\/motion-om-barnchecklista-kd-leksand.pdf\">Motion om barnchecklista<\/a><\/p>\n","protected":false},"excerpt":{"rendered":"<p>F\u00f6rslag till beslut Vi f\u00f6resl\u00e5r kommunfullm\u00e4ktige besluta:\u00a0 Att Leksands kommun inf\u00f6r anv\u00e4ndandet av en barnchecklista i enlighet med Barnkonventionen. Checklistan ska tas fram av f\u00f6rvaltningen och anv\u00e4ndas i beredningen av politiska beslut. Att f\u00f6rvaltningen s\u00e4kerst\u00e4ller rutiner f\u00f6r att beslut fattade av tj\u00e4nstem\u00e4n beaktar barnens perspektiv och f\u00f6ljer Barnkonventionen. &nbsp; Bakgrund F\u00f6renta nationernas konvention om barns <a class=\"read-more-link\" href=\"https:\/\/wp.kristdemokraterna.se\/leksand\/var-politik\/motioner\/motion-om-barnchecklista\/\">Read More<\/a><\/p>\n","protected":false},"author":958,"featured_media":0,"parent":1144,"menu_order":0,"comment_status":"closed","ping_status":"closed","template":"","meta":{"_acf_changed":false,"footnotes":""},"class_list":["post-1258","page","type-page","status-publish","hentry"],"acf":[],"yoast_head":"<!-- This site is optimized with the Yoast SEO plugin v27.4 - https:\/\/yoast.com\/product\/yoast-seo-wordpress\/ -->\n<title>Motion om barnchecklista - Kristdemokraterna Leksand<\/title>\n<meta name=\"robots\" content=\"index, follow, max-snippet:-1, max-image-preview:large, max-video-preview:-1\" \/>\n<link rel=\"canonical\" href=\"https:\/\/wp.kristdemokraterna.se\/leksand\/var-politik\/motioner\/motion-om-barnchecklista\/\" \/>\n<meta property=\"og:locale\" content=\"sv_SE\" \/>\n<meta property=\"og:type\" content=\"article\" \/>\n<meta property=\"og:title\" content=\"Motion om barnchecklista - Kristdemokraterna Leksand\" \/>\n<meta property=\"og:description\" content=\"F\u00f6rslag till beslut Vi f\u00f6resl\u00e5r kommunfullm\u00e4ktige besluta:\u00a0 Att Leksands kommun inf\u00f6r anv\u00e4ndandet av en barnchecklista i enlighet med Barnkonventionen. Checklistan ska tas fram av f\u00f6rvaltningen och anv\u00e4ndas i beredningen av politiska beslut. Att f\u00f6rvaltningen s\u00e4kerst\u00e4ller rutiner f\u00f6r att beslut fattade av tj\u00e4nstem\u00e4n beaktar barnens perspektiv och f\u00f6ljer Barnkonventionen. &nbsp; Bakgrund F\u00f6renta nationernas konvention om barns Read More\" \/>\n<meta property=\"og:url\" content=\"https:\/\/wp.kristdemokraterna.se\/leksand\/var-politik\/motioner\/motion-om-barnchecklista\/\" \/>\n<meta property=\"og:site_name\" content=\"Kristdemokraterna Leksand\" \/>\n<meta property=\"article:modified_time\" content=\"2024-03-03T18:38:17+00:00\" \/>\n<meta name=\"twitter:card\" content=\"summary_large_image\" \/>\n<meta name=\"twitter:label1\" content=\"Ber\u00e4knad l\u00e4stid\" \/>\n\t<meta name=\"twitter:data1\" content=\"2 minuter\" \/>\n<script type=\"application\/ld+json\" class=\"yoast-schema-graph\">{\"@context\":\"https:\\\/\\\/schema.org\",\"@graph\":[{\"@type\":\"WebPage\",\"@id\":\"https:\\\/\\\/wp.kristdemokraterna.se\\\/leksand\\\/var-politik\\\/motioner\\\/motion-om-barnchecklista\\\/\",\"url\":\"https:\\\/\\\/wp.kristdemokraterna.se\\\/leksand\\\/var-politik\\\/motioner\\\/motion-om-barnchecklista\\\/\",\"name\":\"Motion om barnchecklista - Kristdemokraterna Leksand\",\"isPartOf\":{\"@id\":\"https:\\\/\\\/wp.kristdemokraterna.se\\\/leksand\\\/#website\"},\"datePublished\":\"2023-11-20T18:33:22+00:00\",\"dateModified\":\"2024-03-03T18:38:17+00:00\",\"breadcrumb\":{\"@id\":\"https:\\\/\\\/wp.kristdemokraterna.se\\\/leksand\\\/var-politik\\\/motioner\\\/motion-om-barnchecklista\\\/#breadcrumb\"},\"inLanguage\":\"sv-SE\",\"potentialAction\":[{\"@type\":\"ReadAction\",\"target\":[\"https:\\\/\\\/wp.kristdemokraterna.se\\\/leksand\\\/var-politik\\\/motioner\\\/motion-om-barnchecklista\\\/\"]}]},{\"@type\":\"BreadcrumbList\",\"@id\":\"https:\\\/\\\/wp.kristdemokraterna.se\\\/leksand\\\/var-politik\\\/motioner\\\/motion-om-barnchecklista\\\/#breadcrumb\",\"itemListElement\":[{\"@type\":\"ListItem\",\"position\":1,\"name\":\"Hem\",\"item\":\"https:\\\/\\\/wp.kristdemokraterna.se\\\/leksand\\\/\"},{\"@type\":\"ListItem\",\"position\":2,\"name\":\"V\u00e5r politik\",\"item\":\"https:\\\/\\\/wp.kristdemokraterna.se\\\/leksand\\\/var-politik\\\/\"},{\"@type\":\"ListItem\",\"position\":3,\"name\":\"Motioner och \u00f6vrigt\",\"item\":\"https:\\\/\\\/wp.kristdemokraterna.se\\\/leksand\\\/var-politik\\\/motioner\\\/\"},{\"@type\":\"ListItem\",\"position\":4,\"name\":\"Motion om barnchecklista\"}]},{\"@type\":\"WebSite\",\"@id\":\"https:\\\/\\\/wp.kristdemokraterna.se\\\/leksand\\\/#website\",\"url\":\"https:\\\/\\\/wp.kristdemokraterna.se\\\/leksand\\\/\",\"name\":\"Kristdemokraterna Leksand\",\"description\":\"Kristdemokratiska lokalavdelningen i Leksand\",\"inLanguage\":\"sv-SE\"}]}<\/script>\n<!-- \/ Yoast SEO plugin. -->","yoast_head_json":{"title":"Motion om barnchecklista - Kristdemokraterna Leksand","robots":{"index":"index","follow":"follow","max-snippet":"max-snippet:-1","max-image-preview":"max-image-preview:large","max-video-preview":"max-video-preview:-1"},"canonical":"https:\/\/wp.kristdemokraterna.se\/leksand\/var-politik\/motioner\/motion-om-barnchecklista\/","og_locale":"sv_SE","og_type":"article","og_title":"Motion om barnchecklista - Kristdemokraterna Leksand","og_description":"F\u00f6rslag till beslut Vi f\u00f6resl\u00e5r kommunfullm\u00e4ktige besluta:\u00a0 Att Leksands kommun inf\u00f6r anv\u00e4ndandet av en barnchecklista i enlighet med Barnkonventionen. Checklistan ska tas fram av f\u00f6rvaltningen och anv\u00e4ndas i beredningen av politiska beslut. Att f\u00f6rvaltningen s\u00e4kerst\u00e4ller rutiner f\u00f6r att beslut fattade av tj\u00e4nstem\u00e4n beaktar barnens perspektiv och f\u00f6ljer Barnkonventionen. &nbsp; Bakgrund F\u00f6renta nationernas konvention om barns Read More","og_url":"https:\/\/wp.kristdemokraterna.se\/leksand\/var-politik\/motioner\/motion-om-barnchecklista\/","og_site_name":"Kristdemokraterna Leksand","article_modified_time":"2024-03-03T18:38:17+00:00","twitter_card":"summary_large_image","twitter_misc":{"Ber\u00e4knad l\u00e4stid":"2 minuter"},"schema":{"@context":"https:\/\/schema.org","@graph":[{"@type":"WebPage","@id":"https:\/\/wp.kristdemokraterna.se\/leksand\/var-politik\/motioner\/motion-om-barnchecklista\/","url":"https:\/\/wp.kristdemokraterna.se\/leksand\/var-politik\/motioner\/motion-om-barnchecklista\/","name":"Motion om barnchecklista - Kristdemokraterna Leksand","isPartOf":{"@id":"https:\/\/wp.kristdemokraterna.se\/leksand\/#website"},"datePublished":"2023-11-20T18:33:22+00:00","dateModified":"2024-03-03T18:38:17+00:00","breadcrumb":{"@id":"https:\/\/wp.kristdemokraterna.se\/leksand\/var-politik\/motioner\/motion-om-barnchecklista\/#breadcrumb"},"inLanguage":"sv-SE","potentialAction":[{"@type":"ReadAction","target":["https:\/\/wp.kristdemokraterna.se\/leksand\/var-politik\/motioner\/motion-om-barnchecklista\/"]}]},{"@type":"BreadcrumbList","@id":"https:\/\/wp.kristdemokraterna.se\/leksand\/var-politik\/motioner\/motion-om-barnchecklista\/#breadcrumb","itemListElement":[{"@type":"ListItem","position":1,"name":"Hem","item":"https:\/\/wp.kristdemokraterna.se\/leksand\/"},{"@type":"ListItem","position":2,"name":"V\u00e5r politik","item":"https:\/\/wp.kristdemokraterna.se\/leksand\/var-politik\/"},{"@type":"ListItem","position":3,"name":"Motioner och \u00f6vrigt","item":"https:\/\/wp.kristdemokraterna.se\/leksand\/var-politik\/motioner\/"},{"@type":"ListItem","position":4,"name":"Motion om barnchecklista"}]},{"@type":"WebSite","@id":"https:\/\/wp.kristdemokraterna.se\/leksand\/#website","url":"https:\/\/wp.kristdemokraterna.se\/leksand\/","name":"Kristdemokraterna Leksand","description":"Kristdemokratiska lokalavdelningen i Leksand","inLanguage":"sv-SE"}]}},"_links":{"self":[{"href":"https:\/\/wp.kristdemokraterna.se\/leksand\/wp-json\/wp\/v2\/pages\/1258","targetHints":{"allow":["GET"]}}],"collection":[{"href":"https:\/\/wp.kristdemokraterna.se\/leksand\/wp-json\/wp\/v2\/pages"}],"about":[{"href":"https:\/\/wp.kristdemokraterna.se\/leksand\/wp-json\/wp\/v2\/types\/page"}],"author":[{"embeddable":true,"href":"https:\/\/wp.kristdemokraterna.se\/leksand\/wp-json\/wp\/v2\/users\/958"}],"replies":[{"embeddable":true,"href":"https:\/\/wp.kristdemokraterna.se\/leksand\/wp-json\/wp\/v2\/comments?post=1258"}],"version-history":[{"count":4,"href":"https:\/\/wp.kristdemokraterna.se\/leksand\/wp-json\/wp\/v2\/pages\/1258\/revisions"}],"predecessor-version":[{"id":1264,"href":"https:\/\/wp.kristdemokraterna.se\/leksand\/wp-json\/wp\/v2\/pages\/1258\/revisions\/1264"}],"up":[{"embeddable":true,"href":"https:\/\/wp.kristdemokraterna.se\/leksand\/wp-json\/wp\/v2\/pages\/1144"}],"wp:attachment":[{"href":"https:\/\/wp.kristdemokraterna.se\/leksand\/wp-json\/wp\/v2\/media?parent=1258"}],"curies":[{"name":"wp","href":"https:\/\/api.w.org\/{rel}","templated":true}]}}