{"id":1266,"date":"2024-02-29T19:39:30","date_gmt":"2024-02-29T18:39:30","guid":{"rendered":"https:\/\/wp.kristdemokraterna.se\/leksand\/?page_id=1266"},"modified":"2024-03-03T19:41:51","modified_gmt":"2024-03-03T18:41:51","slug":"motion-om-politisk-organisation","status":"publish","type":"page","link":"https:\/\/wp.kristdemokraterna.se\/leksand\/var-politik\/motioner\/motion-om-politisk-organisation\/","title":{"rendered":"Motion om politisk organisation"},"content":{"rendered":"<h4><b>F\u00f6rslag till beslut<\/b><\/h4>\n<p><span style=\"font-weight: 400\">Vi f\u00f6resl\u00e5r kommunfullm\u00e4ktige besluta:\u00a0<\/span><\/p>\n<p><b>Att<\/b><span style=\"font-weight: 400\"> inr\u00e4tta en tillf\u00e4llig beredning f\u00f6r demokratifr\u00e5gor och ge beredningen i uppdrag att:\u00a0<\/span><\/p>\n<ul>\n<li style=\"font-weight: 400\"><span style=\"font-weight: 400\">genomf\u00f6ra en utv\u00e4rdering av den nuvarande politiska organisationen med s\u00e4rskilt fokus p\u00e5 funktionen hos kommunstyrelsens utskott<\/span><\/li>\n<li style=\"font-weight: 400\"><span style=\"font-weight: 400\">utreda ett inf\u00f6rande av en traditionell n\u00e4mndorganisation samt l\u00e4mna f\u00f6rslag p\u00e5 f\u00f6r\u00e4ndringar av den politiska organisationen.<\/span><\/li>\n<\/ul>\n<p><span style=\"font-weight: 400\">Uppdraget ska \u00e5terrapporteras senast september 2025 f\u00f6r att eventuella f\u00f6r\u00e4ndringar av den politiska organisationen ska vara m\u00f6jliga att genomf\u00f6ra inf\u00f6r n\u00e4sta mandatperiod.<\/span><\/p>\n<p>&nbsp;<\/p>\n<h4><b>Bakgrund<\/b><\/h4>\n<p><span style=\"font-weight: 400\">Leksands kommun \u00e4r en av ungef\u00e4r 55 kommuner som har tagit bort sina fackn\u00e4mnder och ersatt dessa med utskott under kommunstyrelsen. F\u00f6rutom kommunstyrelsen och dess utskott har kommunen \u00e4ven de obligatoriska n\u00e4mnderna (valn\u00e4mnd och krisledningsn\u00e4mnd), en individn\u00e4mnd, en j\u00e4vsn\u00e4mnd samt tre n\u00e4mnder tillsammans med andra kommuner. Ansvaret f\u00f6r verksamheterna har dock kommunstyrelsen, eftersom fackn\u00e4mnder saknas.<\/span><\/p>\n<p><span style=\"font-weight: 400\">Undertecknade ser brister med den nuvarande politiska organisationen. Kommunstyrelsen har fullt ansvar, men mycket information ges i utskotten till andra f\u00f6rtroendevalda som inte \u00e4r ansvariga f\u00f6r besluten. Behandlingen i utskotten kan i vissa fall upplevas som en transportstr\u00e4cka d\u00e5 fr\u00e5gorna \u00e4nd\u00e5 m\u00e5ste beslutas om i kommunstyrelsen och till stor del bereds av tj\u00e4nstem\u00e4n.<\/span><\/p>\n<p><span style=\"font-weight: 400\">Eftersom kommunstyrelsen behandlar ett s\u00e5 stort antal fr\u00e5gor finns ocks\u00e5 en betydande risk att de f\u00f6rtroendevalda i det organet, varav de flesta \u00e4r fritidspolitiker, inte har full insyn och inte \u00e4r p\u00e5l\u00e4sta i alla \u00e4renden. Kraven som st\u00e4lls blir orealistiska, b\u00e5de f\u00f6r ledam\u00f6terna och kommunstyrelsen som helhet, vilket kan leda till att n\u00e4ra och aktuella \u00e4renden inte klaras av att hanteras. Makten tenderar dessutom att koncentreras till ett f\u00e5tal personer, vilket g\u00f6r att medborgarnas kontaktyta med politiken krymper, m\u00f6jligheten till insyn f\u00f6rs\u00e4mras och de demokratiska processerna begr\u00e4nsas.<\/span><\/p>\n<p><span style=\"font-weight: 400\">I de utv\u00e4rderingar som har gjorts av utskottsorganisationen i Leksands kommun har inte funktionen av de demokratiska processerna belysts p\u00e5 ett tydligt s\u00e4tt. Det n\u00e4mns i utv\u00e4rderingarna att det finns uppenbara risker med den maktkoncentration som den nuvarande organisationen inneb\u00e4r. I den senaste utv\u00e4rderingen fr\u00e5n 2019 var det endast oppositionsr\u00e5det som blev intervjuad fr\u00e5n oppositionen \u2013 inte ens gruppledarna i de \u00f6vriga oppositionspartierna blev tillfr\u00e5gade.<\/span><\/p>\n<p><span style=\"font-weight: 400\">V\u00e5r analys bekr\u00e4ftas till stor del av de utv\u00e4rderingar som har gjorts i Leksands kommun men \u00e4ven av andra studier som har gjorts p\u00e5 omr\u00e5det. I de fall d\u00e4r man har bytt ut n\u00e4mnderna mot utskott kan efters\u00f6kta ekonomiska och demokratiska effekter inte bekr\u00e4ftas.<\/span><\/p>\n<p><span style=\"font-weight: 400\">Vi konstaterar vidare att vid en eventuell ansvarspr\u00f6vning av kommunstyrelsen \u00e4r det endast en handfull ledam\u00f6ter i kommunfullm\u00e4ktige som inte \u00e4r j\u00e4viga. \u00d6vriga ledam\u00f6ter inklusive presidiet \u00e4r j\u00e4viga i och med att de \u00e4r ordinarie ledam\u00f6ter eller ers\u00e4ttare i kommunstyrelsen. Det h\u00e4r \u00e4r en situation som sj\u00e4lvfallet inte \u00e4r vare sig rimlig eller l\u00e4mplig.<\/span><\/p>\n<p>&nbsp;<\/p>\n<h4><b>F\u00f6rslag<\/b><\/h4>\n<p><span style=\"font-weight: 400\">B\u00e5de Bygdepartiet och Kristdemokraterna f\u00f6reslog redan innan valet att \u00e5terinf\u00f6ra s\u00e5 kallade fackn\u00e4mnder i kommunen. F\u00f6rhoppningen med detta \u00e4r att st\u00e4rka demokratin samt f\u00e5 en politisk organisation som blir tydligare betr\u00e4ffande beslutsmandat och ansvarsutkr\u00e4vande.<\/span><\/p>\n<p><span style=\"font-weight: 400\">De demokratiska m\u00e5len handlar kortfattat om att \u00f6ka det politiska inflytandet, motverka maktkoncentrationen, \u00f6ka antalet engagerade politiker och \u00f6ka det folkliga engagemanget i lokalpolitiken. \u00d6vriga m\u00e5l handlar om att de f\u00f6rtroendevalda i n\u00e4mnderna f\u00e5r eget ansvar f\u00f6r beslut och budget samt st\u00f6rre m\u00f6jligheter att verka inom sina omr\u00e5den. Dessutom skulle de f\u00f6rtroendevalda i kommunstyrelsen f\u00e5 st\u00f6rre m\u00f6jligheter att s\u00e4tta sig in i de \u00e4renden som enbart kommunstyrelsen har ansvar f\u00f6r s\u00e5som \u00f6vergripande ekonomi- och inriktningsfr\u00e5gor.<\/span><\/p>\n<p><span style=\"font-weight: 400\">Utifr\u00e5n detta f\u00f6resl\u00e5r vi att kommunfullm\u00e4ktige inr\u00e4ttar en tillf\u00e4llig beredning f\u00f6r demokratifr\u00e5gor som f\u00e5r i uppdrag att dels utv\u00e4rdera den nuvarande politiska organisationen, dels utreda ett \u00e5terinf\u00f6rande av en n\u00e4mndorganisation och l\u00e4mna f\u00f6rslag p\u00e5 f\u00f6r\u00e4ndringar i syfte att f\u00e5 en mer demokratisk organisation i kommunen med st\u00f6rre tydlighet g\u00e4llande beslutsmandat och ansvarsutkr\u00e4vande. Utv\u00e4rderingen och utredningen ska vara klar i god tid f\u00f6re n\u00e4sta kommunalval och inneh\u00e5lla tillr\u00e4ckligt med underlag f\u00f6r att kommunfullm\u00e4ktige ska kunna fatta beslut i fr\u00e5gan.<\/span><\/p>\n<p>&nbsp;<\/p>\n<h4><b>Underskrifter<\/b><\/h4>\n<p><span style=\"font-weight: 400\">Johan F\u00e4ndriks (ByP), oppositionsr\u00e5d och ledamot i kommunfullm\u00e4ktige<\/span><\/p>\n<p><span style=\"font-weight: 400\">Carin Malm (KD), gruppledare och ledamot i kommunfullm\u00e4ktige<\/span><\/p>\n<p><span style=\"font-weight: 400\">Olle Berglund (MP), gruppledare och ledamot i kommunfullm\u00e4ktige<\/span><\/p>\n<p>&nbsp;<\/p>\n<p><a href=\"http:\/\/wp.kristdemokraterna.se\/leksand\/files\/2024\/03\/motion-om-politisk-organisation.pdf\">Motion om politisk organisation<\/a><\/p>\n","protected":false},"excerpt":{"rendered":"<p>F\u00f6rslag till beslut Vi f\u00f6resl\u00e5r kommunfullm\u00e4ktige besluta:\u00a0 Att inr\u00e4tta en tillf\u00e4llig beredning f\u00f6r demokratifr\u00e5gor och ge beredningen i uppdrag att:\u00a0 genomf\u00f6ra en utv\u00e4rdering av den nuvarande politiska organisationen med s\u00e4rskilt fokus p\u00e5 funktionen hos kommunstyrelsens utskott utreda ett inf\u00f6rande av en traditionell n\u00e4mndorganisation samt l\u00e4mna f\u00f6rslag p\u00e5 f\u00f6r\u00e4ndringar av den politiska organisationen. Uppdraget ska \u00e5terrapporteras <a class=\"read-more-link\" href=\"https:\/\/wp.kristdemokraterna.se\/leksand\/var-politik\/motioner\/motion-om-politisk-organisation\/\">Read More<\/a><\/p>\n","protected":false},"author":958,"featured_media":0,"parent":1144,"menu_order":0,"comment_status":"closed","ping_status":"closed","template":"","meta":{"_acf_changed":false,"footnotes":""},"class_list":["post-1266","page","type-page","status-publish","hentry"],"acf":[],"yoast_head":"<!-- This site is optimized with the Yoast SEO plugin v27.3 - https:\/\/yoast.com\/product\/yoast-seo-wordpress\/ -->\n<title>Motion om politisk organisation - Kristdemokraterna Leksand<\/title>\n<meta name=\"robots\" content=\"index, follow, max-snippet:-1, max-image-preview:large, max-video-preview:-1\" \/>\n<link rel=\"canonical\" href=\"https:\/\/wp.kristdemokraterna.se\/leksand\/var-politik\/motioner\/motion-om-politisk-organisation\/\" \/>\n<meta property=\"og:locale\" content=\"sv_SE\" \/>\n<meta property=\"og:type\" content=\"article\" \/>\n<meta property=\"og:title\" content=\"Motion om politisk organisation - Kristdemokraterna Leksand\" \/>\n<meta property=\"og:description\" content=\"F\u00f6rslag till beslut Vi f\u00f6resl\u00e5r kommunfullm\u00e4ktige besluta:\u00a0 Att inr\u00e4tta en tillf\u00e4llig beredning f\u00f6r demokratifr\u00e5gor och ge beredningen i uppdrag att:\u00a0 genomf\u00f6ra en utv\u00e4rdering av den nuvarande politiska organisationen med s\u00e4rskilt fokus p\u00e5 funktionen hos kommunstyrelsens utskott utreda ett inf\u00f6rande av en traditionell n\u00e4mndorganisation samt l\u00e4mna f\u00f6rslag p\u00e5 f\u00f6r\u00e4ndringar av den politiska organisationen. Uppdraget ska \u00e5terrapporteras Read More\" \/>\n<meta property=\"og:url\" content=\"https:\/\/wp.kristdemokraterna.se\/leksand\/var-politik\/motioner\/motion-om-politisk-organisation\/\" \/>\n<meta property=\"og:site_name\" content=\"Kristdemokraterna Leksand\" \/>\n<meta property=\"article:modified_time\" content=\"2024-03-03T18:41:51+00:00\" \/>\n<meta name=\"twitter:card\" content=\"summary_large_image\" \/>\n<meta name=\"twitter:label1\" content=\"Ber\u00e4knad l\u00e4stid\" \/>\n\t<meta name=\"twitter:data1\" content=\"4 minuter\" \/>\n<script type=\"application\/ld+json\" class=\"yoast-schema-graph\">{\"@context\":\"https:\\\/\\\/schema.org\",\"@graph\":[{\"@type\":\"WebPage\",\"@id\":\"https:\\\/\\\/wp.kristdemokraterna.se\\\/leksand\\\/var-politik\\\/motioner\\\/motion-om-politisk-organisation\\\/\",\"url\":\"https:\\\/\\\/wp.kristdemokraterna.se\\\/leksand\\\/var-politik\\\/motioner\\\/motion-om-politisk-organisation\\\/\",\"name\":\"Motion om politisk organisation - Kristdemokraterna Leksand\",\"isPartOf\":{\"@id\":\"https:\\\/\\\/wp.kristdemokraterna.se\\\/leksand\\\/#website\"},\"datePublished\":\"2024-02-29T18:39:30+00:00\",\"dateModified\":\"2024-03-03T18:41:51+00:00\",\"breadcrumb\":{\"@id\":\"https:\\\/\\\/wp.kristdemokraterna.se\\\/leksand\\\/var-politik\\\/motioner\\\/motion-om-politisk-organisation\\\/#breadcrumb\"},\"inLanguage\":\"sv-SE\",\"potentialAction\":[{\"@type\":\"ReadAction\",\"target\":[\"https:\\\/\\\/wp.kristdemokraterna.se\\\/leksand\\\/var-politik\\\/motioner\\\/motion-om-politisk-organisation\\\/\"]}]},{\"@type\":\"BreadcrumbList\",\"@id\":\"https:\\\/\\\/wp.kristdemokraterna.se\\\/leksand\\\/var-politik\\\/motioner\\\/motion-om-politisk-organisation\\\/#breadcrumb\",\"itemListElement\":[{\"@type\":\"ListItem\",\"position\":1,\"name\":\"Hem\",\"item\":\"https:\\\/\\\/wp.kristdemokraterna.se\\\/leksand\\\/\"},{\"@type\":\"ListItem\",\"position\":2,\"name\":\"V\u00e5r politik\",\"item\":\"https:\\\/\\\/wp.kristdemokraterna.se\\\/leksand\\\/var-politik\\\/\"},{\"@type\":\"ListItem\",\"position\":3,\"name\":\"Motioner och \u00f6vrigt\",\"item\":\"https:\\\/\\\/wp.kristdemokraterna.se\\\/leksand\\\/var-politik\\\/motioner\\\/\"},{\"@type\":\"ListItem\",\"position\":4,\"name\":\"Motion om politisk organisation\"}]},{\"@type\":\"WebSite\",\"@id\":\"https:\\\/\\\/wp.kristdemokraterna.se\\\/leksand\\\/#website\",\"url\":\"https:\\\/\\\/wp.kristdemokraterna.se\\\/leksand\\\/\",\"name\":\"Kristdemokraterna Leksand\",\"description\":\"Kristdemokratiska lokalavdelningen i Leksand\",\"inLanguage\":\"sv-SE\"}]}<\/script>\n<!-- \/ Yoast SEO plugin. -->","yoast_head_json":{"title":"Motion om politisk organisation - Kristdemokraterna Leksand","robots":{"index":"index","follow":"follow","max-snippet":"max-snippet:-1","max-image-preview":"max-image-preview:large","max-video-preview":"max-video-preview:-1"},"canonical":"https:\/\/wp.kristdemokraterna.se\/leksand\/var-politik\/motioner\/motion-om-politisk-organisation\/","og_locale":"sv_SE","og_type":"article","og_title":"Motion om politisk organisation - Kristdemokraterna Leksand","og_description":"F\u00f6rslag till beslut Vi f\u00f6resl\u00e5r kommunfullm\u00e4ktige besluta:\u00a0 Att inr\u00e4tta en tillf\u00e4llig beredning f\u00f6r demokratifr\u00e5gor och ge beredningen i uppdrag att:\u00a0 genomf\u00f6ra en utv\u00e4rdering av den nuvarande politiska organisationen med s\u00e4rskilt fokus p\u00e5 funktionen hos kommunstyrelsens utskott utreda ett inf\u00f6rande av en traditionell n\u00e4mndorganisation samt l\u00e4mna f\u00f6rslag p\u00e5 f\u00f6r\u00e4ndringar av den politiska organisationen. Uppdraget ska \u00e5terrapporteras Read More","og_url":"https:\/\/wp.kristdemokraterna.se\/leksand\/var-politik\/motioner\/motion-om-politisk-organisation\/","og_site_name":"Kristdemokraterna Leksand","article_modified_time":"2024-03-03T18:41:51+00:00","twitter_card":"summary_large_image","twitter_misc":{"Ber\u00e4knad l\u00e4stid":"4 minuter"},"schema":{"@context":"https:\/\/schema.org","@graph":[{"@type":"WebPage","@id":"https:\/\/wp.kristdemokraterna.se\/leksand\/var-politik\/motioner\/motion-om-politisk-organisation\/","url":"https:\/\/wp.kristdemokraterna.se\/leksand\/var-politik\/motioner\/motion-om-politisk-organisation\/","name":"Motion om politisk organisation - Kristdemokraterna Leksand","isPartOf":{"@id":"https:\/\/wp.kristdemokraterna.se\/leksand\/#website"},"datePublished":"2024-02-29T18:39:30+00:00","dateModified":"2024-03-03T18:41:51+00:00","breadcrumb":{"@id":"https:\/\/wp.kristdemokraterna.se\/leksand\/var-politik\/motioner\/motion-om-politisk-organisation\/#breadcrumb"},"inLanguage":"sv-SE","potentialAction":[{"@type":"ReadAction","target":["https:\/\/wp.kristdemokraterna.se\/leksand\/var-politik\/motioner\/motion-om-politisk-organisation\/"]}]},{"@type":"BreadcrumbList","@id":"https:\/\/wp.kristdemokraterna.se\/leksand\/var-politik\/motioner\/motion-om-politisk-organisation\/#breadcrumb","itemListElement":[{"@type":"ListItem","position":1,"name":"Hem","item":"https:\/\/wp.kristdemokraterna.se\/leksand\/"},{"@type":"ListItem","position":2,"name":"V\u00e5r politik","item":"https:\/\/wp.kristdemokraterna.se\/leksand\/var-politik\/"},{"@type":"ListItem","position":3,"name":"Motioner och \u00f6vrigt","item":"https:\/\/wp.kristdemokraterna.se\/leksand\/var-politik\/motioner\/"},{"@type":"ListItem","position":4,"name":"Motion om politisk organisation"}]},{"@type":"WebSite","@id":"https:\/\/wp.kristdemokraterna.se\/leksand\/#website","url":"https:\/\/wp.kristdemokraterna.se\/leksand\/","name":"Kristdemokraterna Leksand","description":"Kristdemokratiska lokalavdelningen i Leksand","inLanguage":"sv-SE"}]}},"_links":{"self":[{"href":"https:\/\/wp.kristdemokraterna.se\/leksand\/wp-json\/wp\/v2\/pages\/1266","targetHints":{"allow":["GET"]}}],"collection":[{"href":"https:\/\/wp.kristdemokraterna.se\/leksand\/wp-json\/wp\/v2\/pages"}],"about":[{"href":"https:\/\/wp.kristdemokraterna.se\/leksand\/wp-json\/wp\/v2\/types\/page"}],"author":[{"embeddable":true,"href":"https:\/\/wp.kristdemokraterna.se\/leksand\/wp-json\/wp\/v2\/users\/958"}],"replies":[{"embeddable":true,"href":"https:\/\/wp.kristdemokraterna.se\/leksand\/wp-json\/wp\/v2\/comments?post=1266"}],"version-history":[{"count":1,"href":"https:\/\/wp.kristdemokraterna.se\/leksand\/wp-json\/wp\/v2\/pages\/1266\/revisions"}],"predecessor-version":[{"id":1267,"href":"https:\/\/wp.kristdemokraterna.se\/leksand\/wp-json\/wp\/v2\/pages\/1266\/revisions\/1267"}],"up":[{"embeddable":true,"href":"https:\/\/wp.kristdemokraterna.se\/leksand\/wp-json\/wp\/v2\/pages\/1144"}],"wp:attachment":[{"href":"https:\/\/wp.kristdemokraterna.se\/leksand\/wp-json\/wp\/v2\/media?parent=1266"}],"curies":[{"name":"wp","href":"https:\/\/api.w.org\/{rel}","templated":true}]}}