{"id":1280,"date":"2024-06-26T08:19:58","date_gmt":"2024-06-26T06:19:58","guid":{"rendered":"https:\/\/wp.kristdemokraterna.se\/leksand\/?page_id=1280"},"modified":"2025-02-07T11:52:40","modified_gmt":"2025-02-07T10:52:40","slug":"synpunkter-pa-forslaget-till-oversiktsplan","status":"publish","type":"page","link":"https:\/\/wp.kristdemokraterna.se\/leksand\/var-politik\/motioner\/synpunkter-pa-forslaget-till-oversiktsplan\/","title":{"rendered":"Synpunkter p\u00e5 \u00f6versiktsplan"},"content":{"rendered":"<p><span style=\"font-weight: 400\">Mycket \u00e4r positivt med f\u00f6rvaltningens f\u00f6rslag till \u00f6versiktsplan, och vi \u00e4r tacksamma \u00f6ver det arbete som har lagts ner, bland annat p\u00e5 digitaliseringen. Planen ger m\u00f6jlighet till bostadsutveckling i kommunens alla delar. Vision 2030 s\u00e4gs ligga till grund \u2013 med \u201cgoda livs- och boendemilj\u00f6er\u201d som m\u00e5lbild. Och en av strategierna \u00e4r att \u201cv\u00e4rna, utveckla och tillg\u00e4ngligg\u00f6ra natur- och rekreationsomr\u00e5den\u201d. Allt detta \u00e4r h\u00f6gst angel\u00e4get.<\/span><\/p>\n<p><span style=\"font-weight: 400\">Vi kristdemokrater menar dock att visionen och strategin inte i lika h\u00f6g grad verkar g\u00e4lla f\u00f6r alla delar av kommunen. I Insj\u00f6n f\u00f6resl\u00e5s flera nya omr\u00e5den f\u00f6r verksamhetsutveckling som kringg\u00e4rdar orten, p\u00e5 bekostnad av \u00e5ker- och skogsmark samt natur- och rekreationsomr\u00e5den. Industrin \u00e4r viktig d\u00e5 den skapar tillv\u00e4xt och arbetstillf\u00e4llen, men vi menar att det finns fler viktiga v\u00e4rden. Det handlar om tillg\u00e5ng till sj\u00f6 och \u00e4lv, friluftsliv, en bevarad landskapsbild samt en skyddad n\u00e4rnatur. I \u00f6vriga kommundelar anser vi att balansen \u00e4r b\u00e4ttre mellan de olika intressena.<\/span><\/p>\n<p><span style=\"font-weight: 400\">Kristdemokraterna har tagit del av Insj\u00f6ns intressef\u00f6renings inl\u00e4mnade synpunkter och st\u00e4ller sig till stor del bakom dessa. Mer specifikt har vi f\u00f6ljande synpunkter p\u00e5 planen f\u00f6r Insj\u00f6n, som numreras och illustreras i en bifogad karta:\u00a0<\/span><\/p>\n<ol>\n<li style=\"font-weight: 400\"><span style=\"font-weight: 400\">Ett eventuellt nytt omr\u00e5de f\u00f6r verksamhetsutveckling vid Tomoku Hus AB ska inte placeras \u00f6ster om kraftledningen, med h\u00e4nsyn till n\u00e4rboende, och inte heller norr om den norra infartsv\u00e4gen, med h\u00e4nsyn till \u00e4lvomr\u00e5det och Solbyv\u00e4ndan. \u00c4lvomr\u00e5det \u00e4r det n\u00e4rmaste naturomr\u00e5det f\u00f6r f\u00f6rskolan och skolan i Insj\u00f6n och anv\u00e4nds ofta av dessa verksamheter. Dessutom \u00e4r Solbyv\u00e4ndan det enda st\u00e4llet i och s\u00f6der om Insj\u00f6n d\u00e4r det \u00e4r m\u00f6jligt att promenera l\u00e4ngs med vattnet. D\u00e4rf\u00f6r ska denna bevaras och utvecklas. Bullerskydd och visuellt skydd \u00e4r viktigt vid en utvidgning av industrin, liksom god tillg\u00e5ng till vandringsleden.<\/span><\/li>\n<li style=\"font-weight: 400\"><span style=\"font-weight: 400\">Det nya omr\u00e5det f\u00f6r verksamhetsutveckling v\u00e4ster om Bergkvist Siljan AB ska tas bort fr\u00e5n planen. Ytterligare exploatering v\u00e4sterut f\u00e5r betydande konsekvenser, b\u00e5de vad g\u00e4ller buller och det visuella. Tidigare har det best\u00e4mts att industrin inte skulle utvidgas l\u00e4ngre v\u00e4sterut mot bostadsomr\u00e5det. Den vinkelbyggnad som st\u00e5r l\u00e4ngs med Timmerv\u00e4gen skulle vara den yttersta gr\u00e4nsen och sk\u00e4rma av industrin. Syftet med och behovet av detta kvarst\u00e5r. All yta inom det existerande industriomr\u00e5det ska nyttjas fullt ut innan ytterligare exploatering blir aktuellt.<\/span><\/li>\n<li style=\"font-weight: 400\"><span style=\"font-weight: 400\">Ett eventuellt nytt omr\u00e5de f\u00f6r verksamhetsutveckling s\u00f6der om Bergkvist Siljan AB ska inte placeras \u00f6ster om j\u00e4rnv\u00e4gen, med h\u00e4nsyn till \u00c5hlbybadet, och inte heller v\u00e4ster om kraftledningen, med h\u00e4nsyn till n\u00e4rboende och milj\u00f6n vid \u00c5hls kyrka, vars minneslund ligger alldeles intill Timmerv\u00e4gen. Exploateringen b\u00f6r vara s\u00e5 liten som m\u00f6jligt f\u00f6r att bibeh\u00e5lla jordbruks- och betesmark samt minimera den visuella p\u00e5verkan, bullerniv\u00e5erna och annan milj\u00f6p\u00e5verkan.<\/span><\/li>\n<li style=\"font-weight: 400\"><span style=\"font-weight: 400\">Det nya omr\u00e5det f\u00f6r verksamhetsutveckling mellan Holen och S\u00e4tra ska tas bort fr\u00e5n planen. Jordbruks- och betesmarken liksom skogsomr\u00e5det i s\u00f6dra delen, som bland annat anv\u00e4nds av barn- och ungdomsverksamheter f\u00f6r friluftsaktiviteter, ska bevaras.<\/span><\/li>\n<li style=\"font-weight: 400\"><span style=\"font-weight: 400\">Det nya omr\u00e5det f\u00f6r verksamhetsutveckling s\u00f6der om Hjultorget V\u00e4stra ska vara kvar i planen. Nya omr\u00e5den f\u00f6r verksamhetsutveckling norr om Hjultorget V\u00e4stra p\u00e5 \u00d6vre Heden 1:5 (1) och norr om Clas Ohlsons distributionscentral p\u00e5 Nedre Heden 10:6 (1), f\u00f6reslagna av Insj\u00f6ns intressef\u00f6rening, ska l\u00e4ggas till i planen, om kommunen bed\u00f6mer det som l\u00e4mpligt.<\/span><\/li>\n<li style=\"font-weight: 400\"><span style=\"font-weight: 400\">Ett eventuellt nytt omr\u00e5de f\u00f6r verksamhetsutveckling \u00f6ster om riksv\u00e4g 70 ska inte placeras d\u00e4r det befintliga elljussp\u00e5ret g\u00e5r. D\u00e4r ska ist\u00e4llet t\u00e4tortsn\u00e4ra rekreationsomr\u00e5de markeras. Omr\u00e5det f\u00f6r verksamhetsutveckling ska ocks\u00e5 begr\u00e4nsas i s\u00f6dra delen, med h\u00e4nsyn till n\u00e4rliggande fastigheter.<\/span><\/li>\n<li style=\"font-weight: 400\"><span style=\"font-weight: 400\">Det nya omr\u00e5det f\u00f6r bostadsutveckling i Tunsta ska vara kvar i planen.<\/span><\/li>\n<li style=\"font-weight: 400\"><span style=\"font-weight: 400\">Det nya omr\u00e5det f\u00f6r bostadsutveckling p\u00e5 Sandg\u00e4rdet ska vara kvar i planen.<\/span><\/li>\n<li style=\"font-weight: 400\"><span style=\"font-weight: 400\">Det nya omr\u00e5det f\u00f6r bostadsutveckling v\u00e4ster om \u00c5hls kyrka ska vara kvar i planen.<\/span><\/li>\n<li style=\"font-weight: 400\"><span style=\"font-weight: 400\">Det nya omr\u00e5det f\u00f6r bostadsutveckling i S\u00e4tra ska vara kvar i planen.<\/span><\/li>\n<li style=\"font-weight: 400\"><span style=\"font-weight: 400\">Ett nytt omr\u00e5de f\u00f6r bostadsutveckling mot S\u00e4tergl\u00e4ntan, f\u00f6reslaget av Insj\u00f6ns intressef\u00f6rening, ska l\u00e4ggas till i planen, om kommunen bed\u00f6mer det som l\u00e4mpligt.<\/span><\/li>\n<li style=\"font-weight: 400\"><span style=\"font-weight: 400\">Den kommunala vandringsleden Solbyv\u00e4ndan ska markeras som t\u00e4tortsn\u00e4ra rekreationsomr\u00e5de p\u00e5 samma s\u00e4tt som strandpromenaderna i Leksand och \u00c5ker\u00f6. Det ska \u00e4ven l\u00e4ggas till en f\u00f6rl\u00e4ngning av vandringsleden s\u00e5 att den ansluter till Timmerv\u00e4gen i \u00f6st, d\u00e4r det idag inte finns n\u00e5gon bra anslutning, inte minst f\u00f6r f\u00f6rskole- och skolbarnens skull. Dessutom ska den f\u00f6rl\u00e4ngas v\u00e4sterut l\u00e4ngs med vattnet, f\u00f6rbi industrin och under broarna, f\u00f6r att ansluta till bygatorna i Tunsta.<\/span><\/li>\n<li style=\"font-weight: 400\"><span style=\"font-weight: 400\">Bad- och b\u00e5tplatsen i \u00c5hlbyn, \u00e4ven kallat \u00c5hlbybadet, ska markeras som t\u00e4tortsn\u00e4ra rekreationsomr\u00e5de. Det ska \u00e4ven fr\u00e5n platsen l\u00e4ggas till en v\u00e4g, det vill s\u00e4ga ett v\u00e4greservat, som ansluter till Faluv\u00e4gen samt en g\u00e5ng- och cykelv\u00e4g som korsar j\u00e4rnv\u00e4gen och ansluter till Timmerv\u00e4gen, l\u00e4mpligen \u00e4ven vidare till Kyrkv\u00e4gen och\/eller Faluv\u00e4gen. Bullerskydd och visuellt skydd \u00e4r viktigt, liksom god tillg\u00e5ng till platsen, \u00e4ven med tungt sl\u00e4pfordon. \u00c5hlbybadet \u00e4r viktigt f\u00f6r insj\u00f6borna, inte minst f\u00f6r barnfamiljer. Det \u00e4r den enda platsen d\u00e4r det \u00e4r m\u00f6jligt att ta sig ner till och ut p\u00e5 sj\u00f6n. Och den anv\u00e4nds till allt fr\u00e5n sommaraktiviteter som bad, b\u00e5tturer och picknickar till vinteraktiviteter som pimpelfiske, sparkturer och skid\u00e5kning.<\/span><\/li>\n<li style=\"font-weight: 400\"><span style=\"font-weight: 400\">Det t\u00e4tortsn\u00e4ra rekreationsomr\u00e5det p\u00e5 Vattberget ska vara kvar i planen.<\/span><\/li>\n<li style=\"font-weight: 400\"><span style=\"font-weight: 400\">Det t\u00e4tortsn\u00e4ra rekreationsomr\u00e5det s\u00f6der om Insj\u00f6ns idrottsplats ska vara kvar i planen och ut\u00f6kas s\u00e5 att hela elljussp\u00e5ret ligger inom omr\u00e5det.<\/span><\/li>\n<\/ol>\n<p><span style=\"font-weight: 400\">Kristdemokraterna vill se ett fortsatt f\u00f6retagsamt men \u00e4ven vackert Insj\u00f6n, med goda livs- och boendemilj\u00f6er och m\u00f6jligheter till rekreation och friluftsliv. Vi menar att visionen och strategin inte \u00e4r lika tydlig f\u00f6r Insj\u00f6n och att de d\u00e4rf\u00f6r m\u00e5ste lyftas fram s\u00e4rskilt, p\u00e5 samma s\u00e4tt som i \u00f6vriga delar av kommunen.<\/span><\/p>\n<p>&nbsp;<\/p>\n<p><b>\/Kristdemokraterna Leksand<\/b><\/p>\n<p>&nbsp;<\/p>\n<p><span style=\"font-weight: 400\">Carin Malm (KD), Insj\u00f6n, gruppledare och ledamot i fullm\u00e4ktige<\/span><\/p>\n<p><span style=\"font-weight: 400\">Oliver Rolands (KD), \u00c5ker\u00f6, vice gruppledare och ers\u00e4ttare i fullm\u00e4ktige<\/span><\/p>\n<p><span style=\"font-weight: 400\">Sven P\u00e5fvels (KD), V\u00e4stanvik, ers\u00e4ttare i fullm\u00e4ktige och samh\u00e4llsbyggnadsutskottet<\/span><\/p>\n<p><span style=\"font-weight: 400\">Mikael Kyller (KD), Siljansn\u00e4s, ledamot i fullm\u00e4ktige<\/span><\/p>\n<p><span style=\"font-weight: 400\">Per Wiman (KD), H\u00e4radsbygden, ledamot i fullm\u00e4ktige<\/span><\/p>\n<p><span style=\"font-weight: 400\">Noomi Persson (KD), Insj\u00f6n, kass\u00f6r och styrelseledamot i partiavdelningen<\/span><\/p>\n<p>&nbsp;<\/p>\n<p><a href=\"http:\/\/wp.kristdemokraterna.se\/leksand\/files\/2024\/06\/unknown.jpg\"><img loading=\"lazy\" decoding=\"async\" class=\"alignnone wp-image-1282\" src=\"http:\/\/wp.kristdemokraterna.se\/leksand\/files\/2024\/06\/unknown-193x300.jpg\" alt=\"\" width=\"500\" height=\"777\" srcset=\"https:\/\/wp.kristdemokraterna.se\/leksand\/files\/2024\/06\/unknown-193x300.jpg 193w, https:\/\/wp.kristdemokraterna.se\/leksand\/files\/2024\/06\/unknown-658x1024.jpg 658w, https:\/\/wp.kristdemokraterna.se\/leksand\/files\/2024\/06\/unknown-768x1195.jpg 768w, https:\/\/wp.kristdemokraterna.se\/leksand\/files\/2024\/06\/unknown-987x1536.jpg 987w, https:\/\/wp.kristdemokraterna.se\/leksand\/files\/2024\/06\/unknown-129x200.jpg 129w, https:\/\/wp.kristdemokraterna.se\/leksand\/files\/2024\/06\/unknown-370x576.jpg 370w, https:\/\/wp.kristdemokraterna.se\/leksand\/files\/2024\/06\/unknown-770x1198.jpg 770w, https:\/\/wp.kristdemokraterna.se\/leksand\/files\/2024\/06\/unknown-450x700.jpg 450w, https:\/\/wp.kristdemokraterna.se\/leksand\/files\/2024\/06\/unknown-258x402.jpg 258w, https:\/\/wp.kristdemokraterna.se\/leksand\/files\/2024\/06\/unknown-340x529.jpg 340w, https:\/\/wp.kristdemokraterna.se\/leksand\/files\/2024\/06\/unknown-36x56.jpg 36w, https:\/\/wp.kristdemokraterna.se\/leksand\/files\/2024\/06\/unknown.jpg 1080w\" sizes=\"auto, (max-width: 500px) 100vw, 500px\" \/><\/a><\/p>\n<p>&nbsp;<\/p>\n<p><span style=\"font-weight: 400\"><a href=\"http:\/\/wp.kristdemokraterna.se\/leksand\/files\/2024\/06\/synpunkter-pa-forslaget-till-oversiktsplan-kd-leksand.pdf\">Synpunkter p\u00e5 f\u00f6rslaget till \u00f6versiktsplan<\/a><\/span><\/p>\n","protected":false},"excerpt":{"rendered":"<p>Mycket \u00e4r positivt med f\u00f6rvaltningens f\u00f6rslag till \u00f6versiktsplan, och vi \u00e4r tacksamma \u00f6ver det arbete som har lagts ner, bland annat p\u00e5 digitaliseringen. Planen ger m\u00f6jlighet till bostadsutveckling i kommunens alla delar. Vision 2030 s\u00e4gs ligga till grund \u2013 med \u201cgoda livs- och boendemilj\u00f6er\u201d som m\u00e5lbild. Och en av strategierna \u00e4r att \u201cv\u00e4rna, utveckla och <a class=\"read-more-link\" href=\"https:\/\/wp.kristdemokraterna.se\/leksand\/var-politik\/motioner\/synpunkter-pa-forslaget-till-oversiktsplan\/\">Read More<\/a><\/p>\n","protected":false},"author":958,"featured_media":0,"parent":1144,"menu_order":0,"comment_status":"closed","ping_status":"closed","template":"","meta":{"_acf_changed":false,"footnotes":""},"class_list":["post-1280","page","type-page","status-publish","hentry"],"acf":[],"yoast_head":"<!-- This site is optimized with the Yoast SEO plugin v27.4 - https:\/\/yoast.com\/product\/yoast-seo-wordpress\/ -->\n<title>Synpunkter p\u00e5 \u00f6versiktsplan - Kristdemokraterna Leksand<\/title>\n<meta name=\"robots\" content=\"index, follow, max-snippet:-1, max-image-preview:large, max-video-preview:-1\" \/>\n<link rel=\"canonical\" href=\"https:\/\/wp.kristdemokraterna.se\/leksand\/var-politik\/motioner\/synpunkter-pa-forslaget-till-oversiktsplan\/\" \/>\n<meta property=\"og:locale\" content=\"sv_SE\" \/>\n<meta property=\"og:type\" content=\"article\" \/>\n<meta property=\"og:title\" content=\"Synpunkter p\u00e5 \u00f6versiktsplan - Kristdemokraterna Leksand\" \/>\n<meta property=\"og:description\" content=\"Mycket \u00e4r positivt med f\u00f6rvaltningens f\u00f6rslag till \u00f6versiktsplan, och vi \u00e4r tacksamma \u00f6ver det arbete som har lagts ner, bland annat p\u00e5 digitaliseringen. Planen ger m\u00f6jlighet till bostadsutveckling i kommunens alla delar. Vision 2030 s\u00e4gs ligga till grund \u2013 med \u201cgoda livs- och boendemilj\u00f6er\u201d som m\u00e5lbild. Och en av strategierna \u00e4r att \u201cv\u00e4rna, utveckla och Read More\" \/>\n<meta property=\"og:url\" content=\"https:\/\/wp.kristdemokraterna.se\/leksand\/var-politik\/motioner\/synpunkter-pa-forslaget-till-oversiktsplan\/\" \/>\n<meta property=\"og:site_name\" content=\"Kristdemokraterna Leksand\" \/>\n<meta property=\"article:modified_time\" content=\"2025-02-07T10:52:40+00:00\" \/>\n<meta property=\"og:image\" content=\"https:\/\/wp.kristdemokraterna.se\/leksand\/files\/2024\/06\/unknown.jpg\" \/>\n\t<meta property=\"og:image:width\" content=\"1080\" \/>\n\t<meta property=\"og:image:height\" content=\"1680\" \/>\n\t<meta property=\"og:image:type\" content=\"image\/jpeg\" \/>\n<meta name=\"twitter:card\" content=\"summary_large_image\" \/>\n<meta name=\"twitter:label1\" content=\"Ber\u00e4knad l\u00e4stid\" \/>\n\t<meta name=\"twitter:data1\" content=\"5 minuter\" \/>\n<script type=\"application\/ld+json\" class=\"yoast-schema-graph\">{\"@context\":\"https:\\\/\\\/schema.org\",\"@graph\":[{\"@type\":\"WebPage\",\"@id\":\"https:\\\/\\\/wp.kristdemokraterna.se\\\/leksand\\\/var-politik\\\/motioner\\\/synpunkter-pa-forslaget-till-oversiktsplan\\\/\",\"url\":\"https:\\\/\\\/wp.kristdemokraterna.se\\\/leksand\\\/var-politik\\\/motioner\\\/synpunkter-pa-forslaget-till-oversiktsplan\\\/\",\"name\":\"Synpunkter p\u00e5 \u00f6versiktsplan - Kristdemokraterna Leksand\",\"isPartOf\":{\"@id\":\"https:\\\/\\\/wp.kristdemokraterna.se\\\/leksand\\\/#website\"},\"primaryImageOfPage\":{\"@id\":\"https:\\\/\\\/wp.kristdemokraterna.se\\\/leksand\\\/var-politik\\\/motioner\\\/synpunkter-pa-forslaget-till-oversiktsplan\\\/#primaryimage\"},\"image\":{\"@id\":\"https:\\\/\\\/wp.kristdemokraterna.se\\\/leksand\\\/var-politik\\\/motioner\\\/synpunkter-pa-forslaget-till-oversiktsplan\\\/#primaryimage\"},\"thumbnailUrl\":\"http:\\\/\\\/wp.kristdemokraterna.se\\\/leksand\\\/files\\\/2024\\\/06\\\/unknown-193x300.jpg\",\"datePublished\":\"2024-06-26T06:19:58+00:00\",\"dateModified\":\"2025-02-07T10:52:40+00:00\",\"breadcrumb\":{\"@id\":\"https:\\\/\\\/wp.kristdemokraterna.se\\\/leksand\\\/var-politik\\\/motioner\\\/synpunkter-pa-forslaget-till-oversiktsplan\\\/#breadcrumb\"},\"inLanguage\":\"sv-SE\",\"potentialAction\":[{\"@type\":\"ReadAction\",\"target\":[\"https:\\\/\\\/wp.kristdemokraterna.se\\\/leksand\\\/var-politik\\\/motioner\\\/synpunkter-pa-forslaget-till-oversiktsplan\\\/\"]}]},{\"@type\":\"ImageObject\",\"inLanguage\":\"sv-SE\",\"@id\":\"https:\\\/\\\/wp.kristdemokraterna.se\\\/leksand\\\/var-politik\\\/motioner\\\/synpunkter-pa-forslaget-till-oversiktsplan\\\/#primaryimage\",\"url\":\"http:\\\/\\\/wp.kristdemokraterna.se\\\/leksand\\\/files\\\/2024\\\/06\\\/unknown-193x300.jpg\",\"contentUrl\":\"http:\\\/\\\/wp.kristdemokraterna.se\\\/leksand\\\/files\\\/2024\\\/06\\\/unknown-193x300.jpg\"},{\"@type\":\"BreadcrumbList\",\"@id\":\"https:\\\/\\\/wp.kristdemokraterna.se\\\/leksand\\\/var-politik\\\/motioner\\\/synpunkter-pa-forslaget-till-oversiktsplan\\\/#breadcrumb\",\"itemListElement\":[{\"@type\":\"ListItem\",\"position\":1,\"name\":\"Hem\",\"item\":\"https:\\\/\\\/wp.kristdemokraterna.se\\\/leksand\\\/\"},{\"@type\":\"ListItem\",\"position\":2,\"name\":\"V\u00e5r politik\",\"item\":\"https:\\\/\\\/wp.kristdemokraterna.se\\\/leksand\\\/var-politik\\\/\"},{\"@type\":\"ListItem\",\"position\":3,\"name\":\"Motioner och \u00f6vrigt\",\"item\":\"https:\\\/\\\/wp.kristdemokraterna.se\\\/leksand\\\/var-politik\\\/motioner\\\/\"},{\"@type\":\"ListItem\",\"position\":4,\"name\":\"Synpunkter p\u00e5 \u00f6versiktsplan\"}]},{\"@type\":\"WebSite\",\"@id\":\"https:\\\/\\\/wp.kristdemokraterna.se\\\/leksand\\\/#website\",\"url\":\"https:\\\/\\\/wp.kristdemokraterna.se\\\/leksand\\\/\",\"name\":\"Kristdemokraterna Leksand\",\"description\":\"Kristdemokratiska lokalavdelningen i Leksand\",\"inLanguage\":\"sv-SE\"}]}<\/script>\n<!-- \/ Yoast SEO plugin. -->","yoast_head_json":{"title":"Synpunkter p\u00e5 \u00f6versiktsplan - Kristdemokraterna Leksand","robots":{"index":"index","follow":"follow","max-snippet":"max-snippet:-1","max-image-preview":"max-image-preview:large","max-video-preview":"max-video-preview:-1"},"canonical":"https:\/\/wp.kristdemokraterna.se\/leksand\/var-politik\/motioner\/synpunkter-pa-forslaget-till-oversiktsplan\/","og_locale":"sv_SE","og_type":"article","og_title":"Synpunkter p\u00e5 \u00f6versiktsplan - Kristdemokraterna Leksand","og_description":"Mycket \u00e4r positivt med f\u00f6rvaltningens f\u00f6rslag till \u00f6versiktsplan, och vi \u00e4r tacksamma \u00f6ver det arbete som har lagts ner, bland annat p\u00e5 digitaliseringen. Planen ger m\u00f6jlighet till bostadsutveckling i kommunens alla delar. Vision 2030 s\u00e4gs ligga till grund \u2013 med \u201cgoda livs- och boendemilj\u00f6er\u201d som m\u00e5lbild. Och en av strategierna \u00e4r att \u201cv\u00e4rna, utveckla och Read More","og_url":"https:\/\/wp.kristdemokraterna.se\/leksand\/var-politik\/motioner\/synpunkter-pa-forslaget-till-oversiktsplan\/","og_site_name":"Kristdemokraterna Leksand","article_modified_time":"2025-02-07T10:52:40+00:00","og_image":[{"width":1080,"height":1680,"url":"https:\/\/wp.kristdemokraterna.se\/leksand\/files\/2024\/06\/unknown.jpg","type":"image\/jpeg"}],"twitter_card":"summary_large_image","twitter_misc":{"Ber\u00e4knad l\u00e4stid":"5 minuter"},"schema":{"@context":"https:\/\/schema.org","@graph":[{"@type":"WebPage","@id":"https:\/\/wp.kristdemokraterna.se\/leksand\/var-politik\/motioner\/synpunkter-pa-forslaget-till-oversiktsplan\/","url":"https:\/\/wp.kristdemokraterna.se\/leksand\/var-politik\/motioner\/synpunkter-pa-forslaget-till-oversiktsplan\/","name":"Synpunkter p\u00e5 \u00f6versiktsplan - Kristdemokraterna Leksand","isPartOf":{"@id":"https:\/\/wp.kristdemokraterna.se\/leksand\/#website"},"primaryImageOfPage":{"@id":"https:\/\/wp.kristdemokraterna.se\/leksand\/var-politik\/motioner\/synpunkter-pa-forslaget-till-oversiktsplan\/#primaryimage"},"image":{"@id":"https:\/\/wp.kristdemokraterna.se\/leksand\/var-politik\/motioner\/synpunkter-pa-forslaget-till-oversiktsplan\/#primaryimage"},"thumbnailUrl":"http:\/\/wp.kristdemokraterna.se\/leksand\/files\/2024\/06\/unknown-193x300.jpg","datePublished":"2024-06-26T06:19:58+00:00","dateModified":"2025-02-07T10:52:40+00:00","breadcrumb":{"@id":"https:\/\/wp.kristdemokraterna.se\/leksand\/var-politik\/motioner\/synpunkter-pa-forslaget-till-oversiktsplan\/#breadcrumb"},"inLanguage":"sv-SE","potentialAction":[{"@type":"ReadAction","target":["https:\/\/wp.kristdemokraterna.se\/leksand\/var-politik\/motioner\/synpunkter-pa-forslaget-till-oversiktsplan\/"]}]},{"@type":"ImageObject","inLanguage":"sv-SE","@id":"https:\/\/wp.kristdemokraterna.se\/leksand\/var-politik\/motioner\/synpunkter-pa-forslaget-till-oversiktsplan\/#primaryimage","url":"http:\/\/wp.kristdemokraterna.se\/leksand\/files\/2024\/06\/unknown-193x300.jpg","contentUrl":"http:\/\/wp.kristdemokraterna.se\/leksand\/files\/2024\/06\/unknown-193x300.jpg"},{"@type":"BreadcrumbList","@id":"https:\/\/wp.kristdemokraterna.se\/leksand\/var-politik\/motioner\/synpunkter-pa-forslaget-till-oversiktsplan\/#breadcrumb","itemListElement":[{"@type":"ListItem","position":1,"name":"Hem","item":"https:\/\/wp.kristdemokraterna.se\/leksand\/"},{"@type":"ListItem","position":2,"name":"V\u00e5r politik","item":"https:\/\/wp.kristdemokraterna.se\/leksand\/var-politik\/"},{"@type":"ListItem","position":3,"name":"Motioner och \u00f6vrigt","item":"https:\/\/wp.kristdemokraterna.se\/leksand\/var-politik\/motioner\/"},{"@type":"ListItem","position":4,"name":"Synpunkter p\u00e5 \u00f6versiktsplan"}]},{"@type":"WebSite","@id":"https:\/\/wp.kristdemokraterna.se\/leksand\/#website","url":"https:\/\/wp.kristdemokraterna.se\/leksand\/","name":"Kristdemokraterna Leksand","description":"Kristdemokratiska lokalavdelningen i Leksand","inLanguage":"sv-SE"}]}},"_links":{"self":[{"href":"https:\/\/wp.kristdemokraterna.se\/leksand\/wp-json\/wp\/v2\/pages\/1280","targetHints":{"allow":["GET"]}}],"collection":[{"href":"https:\/\/wp.kristdemokraterna.se\/leksand\/wp-json\/wp\/v2\/pages"}],"about":[{"href":"https:\/\/wp.kristdemokraterna.se\/leksand\/wp-json\/wp\/v2\/types\/page"}],"author":[{"embeddable":true,"href":"https:\/\/wp.kristdemokraterna.se\/leksand\/wp-json\/wp\/v2\/users\/958"}],"replies":[{"embeddable":true,"href":"https:\/\/wp.kristdemokraterna.se\/leksand\/wp-json\/wp\/v2\/comments?post=1280"}],"version-history":[{"count":3,"href":"https:\/\/wp.kristdemokraterna.se\/leksand\/wp-json\/wp\/v2\/pages\/1280\/revisions"}],"predecessor-version":[{"id":1355,"href":"https:\/\/wp.kristdemokraterna.se\/leksand\/wp-json\/wp\/v2\/pages\/1280\/revisions\/1355"}],"up":[{"embeddable":true,"href":"https:\/\/wp.kristdemokraterna.se\/leksand\/wp-json\/wp\/v2\/pages\/1144"}],"wp:attachment":[{"href":"https:\/\/wp.kristdemokraterna.se\/leksand\/wp-json\/wp\/v2\/media?parent=1280"}],"curies":[{"name":"wp","href":"https:\/\/api.w.org\/{rel}","templated":true}]}}