{"id":1307,"date":"2025-01-14T11:23:39","date_gmt":"2025-01-14T10:23:39","guid":{"rendered":"https:\/\/wp.kristdemokraterna.se\/leksand\/?page_id=1307"},"modified":"2025-02-07T11:41:31","modified_gmt":"2025-02-07T10:41:31","slug":"aldreboendegaranti-for-personer-over-85-ar","status":"publish","type":"page","link":"https:\/\/wp.kristdemokraterna.se\/leksand\/var-politik\/motioner\/aldreboendegaranti-for-personer-over-85-ar\/","title":{"rendered":"Motion om \u00e4ldreboendegaranti"},"content":{"rendered":"<table>\n<tbody>\n<tr>\n<td><b>F\u00f6rslag till beslut<\/b><\/p>\n<p><span style=\"font-weight: 400\">Vi f\u00f6resl\u00e5r kommunfullm\u00e4ktige besluta att uppdra till kommunstyrelsen:\u00a0<\/span><\/p>\n<p><b>Att <\/b><span style=\"font-weight: 400\">inf\u00f6ra en \u00e4ldreboendegaranti som inneb\u00e4r att personer som \u00e4r 85 \u00e5r eller \u00e4ldre och folkbokf\u00f6rda i kommunen erbjuds plats p\u00e5 s\u00e4rskilt boende eller annat anpassat boende, enligt den ans\u00f6kan som g\u00f6rs.<\/span><\/td>\n<\/tr>\n<\/tbody>\n<\/table>\n<p>&nbsp;<\/p>\n<p><b>Bakgrund<\/b><\/p>\n<p><span style=\"font-weight: 400\">I v\u00e5r kommun finns \u00e4ldre som upplever otrygghet, ofrivillig ensamhet och oro f\u00f6r framtiden. Det \u00e4r f\u00f6rst\u00e5eligt. De flesta \u00f6nskar bo kvar hemma s\u00e5 l\u00e5ngt det \u00e4r m\u00f6jligt, men n\u00e4r det inte g\u00e5r l\u00e4ngre \u00e4r det inte de sj\u00e4lva som best\u00e4mmer om de ska f\u00e5 flytta till ett anpassat boende. Det g\u00f6r kommunen, och vi vet att den bed\u00f6mningen exempelvis kan skilja sig mellan olika kommuner. Det leder naturligt till en bristande trygghet och f\u00f6ruts\u00e4gbarhet. S\u00e5 h\u00e4r ser det ut trots att sj\u00e4lvbest\u00e4mmande \u00e4r ett centralt begrepp i socialtj\u00e4nstlagen och ett h\u00f6gt uppsatt m\u00e5l f\u00f6r \u00e4ldreomsorgen.<\/span><\/p>\n<p><span style=\"font-weight: 400\">\u00c4ldre som \u00f6nskar ett anpassat boende men nekas det av kommunen och d\u00e4rmed bor kvar i sina hem har en \u00f6kad risk att bli socialt isolerade, r\u00e5ka ut f\u00f6r fallolyckor eller ha en d\u00e5lig kosth\u00e5llning. Fler hemtj\u00e4nsttimmar \u00e4r inte alltid tillr\u00e4ckligt, och ett ut\u00f6kat st\u00f6d kan dr\u00f6ja tills det allm\u00e4nna h\u00e4lsotillst\u00e5ndet har f\u00f6rs\u00e4mrats kraftigt, vilket f\u00f6rsv\u00e5rar anpassningen till ett nytt boende och f\u00f6rst\u00e5s p\u00e5verkar livskvaliteten.<\/span><\/p>\n<p><span style=\"font-weight: 400\">Att inte f\u00e5 den omsorg som man sj\u00e4lv anser sig beh\u00f6va inneb\u00e4r \u00e4ven en belastning p\u00e5 anh\u00f6riga, som kan k\u00e4nna sig \u00f6verv\u00e4ldigade av att beh\u00f6va st\u00f6tta sina n\u00e4ra i vardagen. Exempelvis kan deras arbetsliv och psykiska h\u00e4lsa p\u00e5verkas negativt.<\/span><\/p>\n<p><span style=\"font-weight: 400\">Nuvarande regler, utan en garanti, kan dessutom leda till att \u00e4ldre tvingas l\u00e4mna ett \u00e4ldreboende. Ett exempel \u00e4r Uno, 98 \u00e5r, som nyligen uppm\u00e4rksammades i Falu-Kuriren och som \u00e4r medboende med sin hustru p\u00e5 \u00e4ldreboendet Bj\u00f6rkbacken. Trots sin \u00e5lder, fallhistorik och dagligt omsorgsbehov har han nekats plats p\u00e5 s\u00e4rskilt boende och m\u00e5ste d\u00e4rmed flytta d\u00e4rifr\u00e5n om hans hustru avlider. S\u00e5dana fall \u00e4r osk\u00e4liga och visar behovet av f\u00f6r\u00e4ndring.<\/span><\/p>\n<p><span style=\"font-weight: 400\">Under de kommande tio \u00e5ren v\u00e4ntas antalet personer 80 \u00e5r och \u00e4ldre \u00f6ka med drygt 60 procent i Leksands kommun, enligt vad som anges i kommunplanen f\u00f6r 2025. Vi kan dock inte backa in i framtiden. Vi beh\u00f6ver t\u00e4nka fram\u00e5t och agera f\u00f6rutseende. Kommunen m\u00e5ste kunna hantera den h\u00e4r utmaningen, men det f\u00e5r inte ske genom allt h\u00e5rdare bist\u00e5ndsbed\u00f6mningar, vilket \u00e4r en farh\u00e5ga.<\/span><\/p>\n<p><span style=\"font-weight: 400\">H\u00e4r kan vara l\u00e4gligt att p\u00e5minna om Vision 2030 f\u00f6r kommunen: \u201dVi \u00e4r ledande inom omsorgen av \u00e4ldre och personer med funktionsneds\u00e4ttningar.\u201d<\/span><\/p>\n<p><span style=\"font-weight: 400\">I flera andra kommuner, och av partier fr\u00e5n hela den politiska skalan, har olika slags \u00e4ldreboendegarantier inf\u00f6rts. En s\u00e5dan garanti inneb\u00e4r att personer \u00f6ver en viss \u00e5lder, ofta 85 \u00e5r, har r\u00e4tt till plats i ett \u00e4ldreboende utan att beh\u00f6va genomg\u00e5 en individuell behovspr\u00f6vning. Det \u00e4r en trygghetsgaranti som s\u00e4kerst\u00e4ller att \u00e4ldre f\u00e5r tillg\u00e5ng till ett boende om de sj\u00e4lva \u00f6nskar det, oavsett deras specifika v\u00e5rd- eller omsorgsbehov. F\u00f6r att verkligen leva upp till Vision 2030 och bli ledande inom \u00e4ldreomsorgen m\u00e5ste vi ocks\u00e5 ta konkreta steg, som att inf\u00f6ra en s\u00e5dan garanti.<\/span><\/p>\n<p><span style=\"font-weight: 400\">Till exempel har en boendegaranti inf\u00f6rts i Tingsryds kommun. D\u00e4r ska din ans\u00f6kan om att f\u00e5 bo p\u00e5 ett \u00e4ldreboende automatiskt godk\u00e4nnas, om du \u00e4r \u00f6ver 85 \u00e5r och stadigvarande bosatt i kommunen. Det betyder inte att man f\u00e5r g\u00e5 f\u00f6re i en eventuell k\u00f6. Yngre personer med ett st\u00f6rre behov har f\u00f6retr\u00e4de. Man har inte kunnat se att garantin har medf\u00f6rt n\u00e5gra problem. D\u00e4remot har det skapat en betydande trygghet f\u00f6r de \u00e4ldre.<\/span><\/p>\n<p><span style=\"font-weight: 400\">I V\u00e4xj\u00f6 kommun har en liknande garanti inf\u00f6rts till en anpassad bostad. Denna g\u00e4ller f\u00f6r personer \u00f6ver 85 \u00e5r med minst tio beviljade hemtj\u00e4nsttimmar men ocks\u00e5 f\u00f6r personer som exempelvis har ans\u00f6kt om bostadsanpassning eller som bor ihop med sin make\/maka p\u00e5 ett s\u00e4rskilt boende. Totalkostnaden f\u00f6r detta ber\u00e4knades kunna hanteras inom befintlig ram n\u00e4r beslutet fattades.<\/span><\/p>\n<p>&nbsp;<\/p>\n<p><b>F\u00f6rslag<\/b><\/p>\n<p><span style=\"font-weight: 400\">I f\u00f6rra valet gick Kristdemokraterna till val p\u00e5 att inf\u00f6ra en \u00e4ldreboendegaranti f\u00f6r personer \u00f6ver 85 \u00e5r, b\u00e5de nationellt och lokalt. Vi vill att den som \u00e4r 85 \u00e5r eller \u00e4ldre ska ha r\u00e4tt att flytta till ett anpassat boende, n\u00e4r personen sj\u00e4lv bed\u00f6mer att behovet finns. Garantin ska omfatta s\u00e4rskilt boende men \u00e4ven andra typer av anpassade boenden s\u00e5som trygghetsboenden.<\/span><\/p>\n<p><span style=\"font-weight: 400\">Om fler som sj\u00e4lva upplever sig ha behov av ett anpassat boende erbjuds detta kan det f\u00e5 en rad positiva konsekvenser. \u00c4ldres otrygghet, os\u00e4kerhet och oro kan minska. Likas\u00e5 kan ofrivillig ensamhet och social isolering minska d\u00e5 \u00e4ldre erbjuds m\u00f6jlighet till den gemenskap som ett boende inneb\u00e4r. Fallolyckor, undern\u00e4ring och andra h\u00e4lsoproblem kan ocks\u00e5 f\u00f6rebyggas, f\u00f6r dem med otillr\u00e4ckligt st\u00f6d eller opraktiska bost\u00e4der, vilket kan minska belastningen p\u00e5 sjukv\u00e5rden. Dessutom skulle det underl\u00e4tta f\u00f6r anh\u00f6riga, vilket kan f\u00e5 samh\u00e4llsekonomiskt positiva konsekvenser.<\/span><\/p>\n<p><span style=\"font-weight: 400\">En garanti kan inneb\u00e4ra h\u00f6gre kostnader f\u00f6r kommunen om fler \u00e4ldre erbjuds boende, men den kan ocks\u00e5 f\u00f6renkla de administrativa processerna. Behovspr\u00f6vningar tar mycket tid och resurser i anspr\u00e5k b\u00e5de f\u00f6r kommunen, de \u00e4ldre och deras anh\u00f6riga. Med en garanti skulle behovet av omfattande individuella pr\u00f6vningar antagligen minska, vilket skulle kunna avlasta handl\u00e4ggarna och s\u00e4nka de administrativa kostnaderna.<\/span><\/p>\n<p><span style=\"font-weight: 400\">Dessutom skulle en boendegaranti f\u00f6rmodligen nyttjas av relativt f\u00e5. Detta eftersom de flesta vill bo kvar hemma s\u00e5 l\u00e4nge det \u00e4r m\u00f6jligt. Det visade exempelvis en enk\u00e4tunders\u00f6kning som genomf\u00f6rdes bland kommunens \u00e4ldre under 2024. Endast cirka 8 procent \u00f6nskar bo p\u00e5 ett s\u00e4rskilt boende vid f\u00f6r\u00e4ndrade behov. Hellre flyttar man till ett trygghetsboende, vilket 59 procent uppgav, eller bor kvar i ordin\u00e4rt boende med st\u00f6d av hemtj\u00e4nst, vilket 39 procent svarade. \u00c4ven om garantin skulle anv\u00e4ndas av f\u00e5, och d\u00e4rmed inte automatiskt inneb\u00e4ra ett kraftigt \u00f6kat behov av boendeplatser, skulle den skapa en viktig k\u00e4nsla av trygghet och valfrihet f\u00f6r alla \u00e4ldre.<\/span><\/p>\n<p><span style=\"font-weight: 400\">F\u00f6r att s\u00e4kerst\u00e4lla garantin beh\u00f6ver emellertid fler anpassade boenden byggas, vilket b\u00f6r till\u00e4ggas. Arbetet p\u00e5g\u00e5r redan men m\u00e5ste intensifieras med tanke p\u00e5 den demografiska utvecklingen vi st\u00e5r inf\u00f6r, oavsett garanti. Boenden av olika slag beh\u00f6vs i centrala l\u00e4gen, i hela kommunen, med n\u00e4rhet till servicetj\u00e4nster men \u00e4ven naturen. Kommunen m\u00e5ste ocks\u00e5 arbeta f\u00f6r att f\u00f6rb\u00e4ttra arbetsmilj\u00f6n, effektivisera arbetss\u00e4tten och \u00f6ka anv\u00e4ndningen av smart v\u00e4lf\u00e4rdsteknik.<\/span><\/p>\n<p><span style=\"font-weight: 400\">Det finns inga lagliga hinder f\u00f6r kommunen att inf\u00f6ra en \u00e4ldreboendegaranti. Best\u00e4mmelserna i 2 kap. 10 \u00a7 lagen (2009:47) om vissa kommunala befogenheter kan till\u00e4mpas, s\u00e5som i flera andra svenska kommuner.<\/span><\/p>\n<p><span style=\"font-weight: 400\">Alla ska f\u00e5 \u00e5ldras med v\u00e4rdighet. Vi m\u00e5ste prioritera de \u00e4ldre och ta ansvar f\u00f6r att de f\u00e5r en omsorg som pr\u00e4glas av trygghet och sj\u00e4lvbest\u00e4mmande. Man ska sj\u00e4lv kunna v\u00e4lja att bo kvar hemma eller f\u00e5 plats p\u00e5 ett anpassat boende, n\u00e4r man v\u00e4l tar det stora och ofta sv\u00e5ra beslutet. F\u00f6r att bli \u201cledande inom omsorgen av \u00e4ldre\u201d \u00e4r en \u00e4ldreboendegaranti ett m\u00e5ste. Det anser vi inom Kristdemokraterna \u2013 med hj\u00e4rta f\u00f6r de \u00e4ldre.<\/span><\/p>\n<p>&nbsp;<\/p>\n<p><b>Underskrift<\/b><\/p>\n<p><span style=\"font-weight: 400\">Carin Malm (KD), gruppledare och ledamot i kommunfullm\u00e4ktige<\/span><\/p>\n<p>&nbsp;<\/p>\n<p><a href=\"http:\/\/wp.kristdemokraterna.se\/leksand\/files\/2025\/02\/motion-om-aldreboendegaranti-kd-leksand.pdf\">Motion om a\u0308ldreboendegaranti, KD Leksand<\/a><\/p>\n","protected":false},"excerpt":{"rendered":"<p>F\u00f6rslag till beslut Vi f\u00f6resl\u00e5r kommunfullm\u00e4ktige besluta att uppdra till kommunstyrelsen:\u00a0 Att inf\u00f6ra en \u00e4ldreboendegaranti som inneb\u00e4r att personer som \u00e4r 85 \u00e5r eller \u00e4ldre och folkbokf\u00f6rda i kommunen erbjuds plats p\u00e5 s\u00e4rskilt boende eller annat anpassat boende, enligt den ans\u00f6kan som g\u00f6rs. &nbsp; Bakgrund I v\u00e5r kommun finns \u00e4ldre som upplever otrygghet, ofrivillig ensamhet <a class=\"read-more-link\" href=\"https:\/\/wp.kristdemokraterna.se\/leksand\/var-politik\/motioner\/aldreboendegaranti-for-personer-over-85-ar\/\">Read More<\/a><\/p>\n","protected":false},"author":958,"featured_media":0,"parent":1144,"menu_order":0,"comment_status":"closed","ping_status":"closed","template":"","meta":{"_acf_changed":false,"footnotes":""},"class_list":["post-1307","page","type-page","status-publish","hentry"],"acf":[],"yoast_head":"<!-- This site is optimized with the Yoast SEO plugin v27.4 - https:\/\/yoast.com\/product\/yoast-seo-wordpress\/ -->\n<title>Motion om \u00e4ldreboendegaranti - Kristdemokraterna Leksand<\/title>\n<meta name=\"robots\" content=\"index, follow, max-snippet:-1, max-image-preview:large, max-video-preview:-1\" \/>\n<link rel=\"canonical\" href=\"https:\/\/wp.kristdemokraterna.se\/leksand\/var-politik\/motioner\/aldreboendegaranti-for-personer-over-85-ar\/\" \/>\n<meta property=\"og:locale\" content=\"sv_SE\" \/>\n<meta property=\"og:type\" content=\"article\" \/>\n<meta property=\"og:title\" content=\"Motion om \u00e4ldreboendegaranti - Kristdemokraterna Leksand\" \/>\n<meta property=\"og:description\" content=\"F\u00f6rslag till beslut Vi f\u00f6resl\u00e5r kommunfullm\u00e4ktige besluta att uppdra till kommunstyrelsen:\u00a0 Att inf\u00f6ra en \u00e4ldreboendegaranti som inneb\u00e4r att personer som \u00e4r 85 \u00e5r eller \u00e4ldre och folkbokf\u00f6rda i kommunen erbjuds plats p\u00e5 s\u00e4rskilt boende eller annat anpassat boende, enligt den ans\u00f6kan som g\u00f6rs. &nbsp; Bakgrund I v\u00e5r kommun finns \u00e4ldre som upplever otrygghet, ofrivillig ensamhet Read More\" \/>\n<meta property=\"og:url\" content=\"https:\/\/wp.kristdemokraterna.se\/leksand\/var-politik\/motioner\/aldreboendegaranti-for-personer-over-85-ar\/\" \/>\n<meta property=\"og:site_name\" content=\"Kristdemokraterna Leksand\" \/>\n<meta property=\"article:modified_time\" content=\"2025-02-07T10:41:31+00:00\" \/>\n<meta name=\"twitter:card\" content=\"summary_large_image\" \/>\n<meta name=\"twitter:label1\" content=\"Ber\u00e4knad l\u00e4stid\" \/>\n\t<meta name=\"twitter:data1\" content=\"6 minuter\" \/>\n<script type=\"application\/ld+json\" class=\"yoast-schema-graph\">{\"@context\":\"https:\\\/\\\/schema.org\",\"@graph\":[{\"@type\":\"WebPage\",\"@id\":\"https:\\\/\\\/wp.kristdemokraterna.se\\\/leksand\\\/var-politik\\\/motioner\\\/aldreboendegaranti-for-personer-over-85-ar\\\/\",\"url\":\"https:\\\/\\\/wp.kristdemokraterna.se\\\/leksand\\\/var-politik\\\/motioner\\\/aldreboendegaranti-for-personer-over-85-ar\\\/\",\"name\":\"Motion om \u00e4ldreboendegaranti - Kristdemokraterna Leksand\",\"isPartOf\":{\"@id\":\"https:\\\/\\\/wp.kristdemokraterna.se\\\/leksand\\\/#website\"},\"datePublished\":\"2025-01-14T10:23:39+00:00\",\"dateModified\":\"2025-02-07T10:41:31+00:00\",\"breadcrumb\":{\"@id\":\"https:\\\/\\\/wp.kristdemokraterna.se\\\/leksand\\\/var-politik\\\/motioner\\\/aldreboendegaranti-for-personer-over-85-ar\\\/#breadcrumb\"},\"inLanguage\":\"sv-SE\",\"potentialAction\":[{\"@type\":\"ReadAction\",\"target\":[\"https:\\\/\\\/wp.kristdemokraterna.se\\\/leksand\\\/var-politik\\\/motioner\\\/aldreboendegaranti-for-personer-over-85-ar\\\/\"]}]},{\"@type\":\"BreadcrumbList\",\"@id\":\"https:\\\/\\\/wp.kristdemokraterna.se\\\/leksand\\\/var-politik\\\/motioner\\\/aldreboendegaranti-for-personer-over-85-ar\\\/#breadcrumb\",\"itemListElement\":[{\"@type\":\"ListItem\",\"position\":1,\"name\":\"Hem\",\"item\":\"https:\\\/\\\/wp.kristdemokraterna.se\\\/leksand\\\/\"},{\"@type\":\"ListItem\",\"position\":2,\"name\":\"V\u00e5r politik\",\"item\":\"https:\\\/\\\/wp.kristdemokraterna.se\\\/leksand\\\/var-politik\\\/\"},{\"@type\":\"ListItem\",\"position\":3,\"name\":\"Motioner och \u00f6vrigt\",\"item\":\"https:\\\/\\\/wp.kristdemokraterna.se\\\/leksand\\\/var-politik\\\/motioner\\\/\"},{\"@type\":\"ListItem\",\"position\":4,\"name\":\"Motion om \u00e4ldreboendegaranti\"}]},{\"@type\":\"WebSite\",\"@id\":\"https:\\\/\\\/wp.kristdemokraterna.se\\\/leksand\\\/#website\",\"url\":\"https:\\\/\\\/wp.kristdemokraterna.se\\\/leksand\\\/\",\"name\":\"Kristdemokraterna Leksand\",\"description\":\"Kristdemokratiska lokalavdelningen i Leksand\",\"inLanguage\":\"sv-SE\"}]}<\/script>\n<!-- \/ Yoast SEO plugin. -->","yoast_head_json":{"title":"Motion om \u00e4ldreboendegaranti - Kristdemokraterna Leksand","robots":{"index":"index","follow":"follow","max-snippet":"max-snippet:-1","max-image-preview":"max-image-preview:large","max-video-preview":"max-video-preview:-1"},"canonical":"https:\/\/wp.kristdemokraterna.se\/leksand\/var-politik\/motioner\/aldreboendegaranti-for-personer-over-85-ar\/","og_locale":"sv_SE","og_type":"article","og_title":"Motion om \u00e4ldreboendegaranti - Kristdemokraterna Leksand","og_description":"F\u00f6rslag till beslut Vi f\u00f6resl\u00e5r kommunfullm\u00e4ktige besluta att uppdra till kommunstyrelsen:\u00a0 Att inf\u00f6ra en \u00e4ldreboendegaranti som inneb\u00e4r att personer som \u00e4r 85 \u00e5r eller \u00e4ldre och folkbokf\u00f6rda i kommunen erbjuds plats p\u00e5 s\u00e4rskilt boende eller annat anpassat boende, enligt den ans\u00f6kan som g\u00f6rs. &nbsp; Bakgrund I v\u00e5r kommun finns \u00e4ldre som upplever otrygghet, ofrivillig ensamhet Read More","og_url":"https:\/\/wp.kristdemokraterna.se\/leksand\/var-politik\/motioner\/aldreboendegaranti-for-personer-over-85-ar\/","og_site_name":"Kristdemokraterna Leksand","article_modified_time":"2025-02-07T10:41:31+00:00","twitter_card":"summary_large_image","twitter_misc":{"Ber\u00e4knad l\u00e4stid":"6 minuter"},"schema":{"@context":"https:\/\/schema.org","@graph":[{"@type":"WebPage","@id":"https:\/\/wp.kristdemokraterna.se\/leksand\/var-politik\/motioner\/aldreboendegaranti-for-personer-over-85-ar\/","url":"https:\/\/wp.kristdemokraterna.se\/leksand\/var-politik\/motioner\/aldreboendegaranti-for-personer-over-85-ar\/","name":"Motion om \u00e4ldreboendegaranti - Kristdemokraterna Leksand","isPartOf":{"@id":"https:\/\/wp.kristdemokraterna.se\/leksand\/#website"},"datePublished":"2025-01-14T10:23:39+00:00","dateModified":"2025-02-07T10:41:31+00:00","breadcrumb":{"@id":"https:\/\/wp.kristdemokraterna.se\/leksand\/var-politik\/motioner\/aldreboendegaranti-for-personer-over-85-ar\/#breadcrumb"},"inLanguage":"sv-SE","potentialAction":[{"@type":"ReadAction","target":["https:\/\/wp.kristdemokraterna.se\/leksand\/var-politik\/motioner\/aldreboendegaranti-for-personer-over-85-ar\/"]}]},{"@type":"BreadcrumbList","@id":"https:\/\/wp.kristdemokraterna.se\/leksand\/var-politik\/motioner\/aldreboendegaranti-for-personer-over-85-ar\/#breadcrumb","itemListElement":[{"@type":"ListItem","position":1,"name":"Hem","item":"https:\/\/wp.kristdemokraterna.se\/leksand\/"},{"@type":"ListItem","position":2,"name":"V\u00e5r politik","item":"https:\/\/wp.kristdemokraterna.se\/leksand\/var-politik\/"},{"@type":"ListItem","position":3,"name":"Motioner och \u00f6vrigt","item":"https:\/\/wp.kristdemokraterna.se\/leksand\/var-politik\/motioner\/"},{"@type":"ListItem","position":4,"name":"Motion om \u00e4ldreboendegaranti"}]},{"@type":"WebSite","@id":"https:\/\/wp.kristdemokraterna.se\/leksand\/#website","url":"https:\/\/wp.kristdemokraterna.se\/leksand\/","name":"Kristdemokraterna Leksand","description":"Kristdemokratiska lokalavdelningen i Leksand","inLanguage":"sv-SE"}]}},"_links":{"self":[{"href":"https:\/\/wp.kristdemokraterna.se\/leksand\/wp-json\/wp\/v2\/pages\/1307","targetHints":{"allow":["GET"]}}],"collection":[{"href":"https:\/\/wp.kristdemokraterna.se\/leksand\/wp-json\/wp\/v2\/pages"}],"about":[{"href":"https:\/\/wp.kristdemokraterna.se\/leksand\/wp-json\/wp\/v2\/types\/page"}],"author":[{"embeddable":true,"href":"https:\/\/wp.kristdemokraterna.se\/leksand\/wp-json\/wp\/v2\/users\/958"}],"replies":[{"embeddable":true,"href":"https:\/\/wp.kristdemokraterna.se\/leksand\/wp-json\/wp\/v2\/comments?post=1307"}],"version-history":[{"count":3,"href":"https:\/\/wp.kristdemokraterna.se\/leksand\/wp-json\/wp\/v2\/pages\/1307\/revisions"}],"predecessor-version":[{"id":1338,"href":"https:\/\/wp.kristdemokraterna.se\/leksand\/wp-json\/wp\/v2\/pages\/1307\/revisions\/1338"}],"up":[{"embeddable":true,"href":"https:\/\/wp.kristdemokraterna.se\/leksand\/wp-json\/wp\/v2\/pages\/1144"}],"wp:attachment":[{"href":"https:\/\/wp.kristdemokraterna.se\/leksand\/wp-json\/wp\/v2\/media?parent=1307"}],"curies":[{"name":"wp","href":"https:\/\/api.w.org\/{rel}","templated":true}]}}